{"id":30354,"date":"2023-02-09T13:45:21","date_gmt":"2023-02-09T06:45:21","guid":{"rendered":"https:\/\/havamall.vn\/?post_type=product&#038;p=30354"},"modified":"2023-02-09T14:27:15","modified_gmt":"2023-02-09T07:27:15","slug":"30354","status":"publish","type":"product","link":"https:\/\/havamall.vn\/en\/shop\/30354\/","title":{"rendered":"S\u1ed1t Gia V\u1ecb X\u00e0o Cua C\u00e0 Ri LOBO &#8211; Stir-Fry Curry Sauce 50g"},"content":{"rendered":"<h2><strong>TH\u00d4NG TIN CHUNG<\/strong><\/h2>\n<table border=\"2\" width=\"476\">\n<tbody>\n<tr>\n<td><strong>Th\u01b0\u01a1ng hi\u1ec7u<\/strong><\/td>\n<td>LOBO<\/td>\n<\/tr>\n<tr>\n<td><strong>Xu\u1ea5t x\u1ee9<\/strong><\/td>\n<td>Th\u00e1i Lan<\/td>\n<\/tr>\n<tr>\n<td><strong>Th\u00e0nh ph\u1ea7n<\/strong><\/td>\n<td>D\u1ea7u c\u1ecd, h\u00e0nh c\u1ee7, gia v\u1ecb, b\u1ed9t khoai t\u00e2y, gi\u1ea5m,&#8230;<\/td>\n<\/tr>\n<tr>\n<td><strong>Quy c\u00e1ch<\/strong><\/td>\n<td>50g<\/td>\n<\/tr>\n<tr>\n<td><strong>B\u1ea3o qu\u1ea3n<\/strong><\/td>\n<td>B\u1ea3o qu\u1ea3n n\u1edbi kh\u00f4 r\u00e1o, tho\u00e1ng m\u00e1t.<\/td>\n<\/tr>\n<tr>\n<td><strong>H\u1ea1n s\u1eed d\u1ee5ng<\/strong><\/td>\n<td>Xem tr\u1ef1c ti\u1ebfp tr\u00ean bao b\u00ec s\u1ea3n ph\u1ea9m.<\/td>\n<\/tr>\n<\/tbody>\n<\/table>\n<h2><strong>S\u1ed0T GIA V\u1eca CUA C\u00c0 RI LOBO<\/strong><\/h2>\n<p>S\u1ea3n ph\u1ea9m \u0111\u1ebfn t\u1eeb th\u01b0\u01a1ng hi\u1ec7u Lobo. \u0110\u00e2y l\u00e0 m\u1ed9t th\u01b0\u01a1ng hi\u1ec7u n\u1ed5i ti\u1ebfng c\u1ee7a Th\u00e1i Lan, chuy\u00ean cung c\u1ea5p c\u00e1c lo\u1ea1i gia v\u1ecb cho m\u00f3n \u0103n th\u00eam ph\u1ea7n th\u01a1m ngon. Hi\u1ec7n nay, c\u00e1c s\u1ea3n ph\u1ea9m c\u1ee7a Lobo r\u1ea5t \u0111\u01b0\u1ee3c \u01b0u chu\u1ed9ng t\u1ea1i Vi\u1ec7t Nam b\u1edfi ng\u01b0\u1eddi n\u1ea5u s\u1ebd ti\u1ebft ki\u1ec7m nhi\u1ec1u th\u1eddi gian v\u00e0 c\u00f4ng s\u1ee9c \u0111\u1ec3 t\u1ea1o ra m\u1ed9t b\u1eefa c\u01a1m ho\u00e0n ch\u1ec9nh. V\u1edbi th\u00e0nh ph\u1ea7n g\u1ed3m nh\u1eefng nguy\u00ean li\u1ec7u an to\u00e0n, gia v\u1ecb Lobo \u0111\u1ea3m b\u1ea3o v\u1ec7 sinh th\u1ef1c ph\u1ea9m tuy\u1ec7t \u0111\u1ed1i.<\/p>\n<p><img fetchpriority=\"high\" decoding=\"async\" class=\"wp-image-30355 aligncenter\" src=\"https:\/\/havamall.vn\/wp-content\/uploads\/2023\/02\/240677990_397109848639716_3435872866841575515_n-300x300.png\" alt=\"\" width=\"610\" height=\"610\" srcset=\"https:\/\/havamall.vn\/wp-content\/uploads\/2023\/02\/240677990_397109848639716_3435872866841575515_n-300x300.png 300w, https:\/\/havamall.vn\/wp-content\/uploads\/2023\/02\/240677990_397109848639716_3435872866841575515_n-430x430.png 430w, https:\/\/havamall.vn\/wp-content\/uploads\/2023\/02\/240677990_397109848639716_3435872866841575515_n-150x150.png 150w, https:\/\/havamall.vn\/wp-content\/uploads\/2023\/02\/240677990_397109848639716_3435872866841575515_n-700x700.png 700w, https:\/\/havamall.vn\/wp-content\/uploads\/2023\/02\/240677990_397109848639716_3435872866841575515_n-768x768.png 768w, https:\/\/havamall.vn\/wp-content\/uploads\/2023\/02\/240677990_397109848639716_3435872866841575515_n-1024x1024.png 1024w, https:\/\/havamall.vn\/wp-content\/uploads\/2023\/02\/240677990_397109848639716_3435872866841575515_n-1200x1200.png 1200w, https:\/\/havamall.vn\/wp-content\/uploads\/2023\/02\/240677990_397109848639716_3435872866841575515_n-600x600.png 600w, https:\/\/havamall.vn\/wp-content\/uploads\/2023\/02\/240677990_397109848639716_3435872866841575515_n-100x100.png 100w, https:\/\/havamall.vn\/wp-content\/uploads\/2023\/02\/240677990_397109848639716_3435872866841575515_n.png 1280w\" sizes=\"(max-width: 610px) 100vw, 610px\" \/><\/p>\n<h3><strong>\u0110\u1eb6C \u0110I\u1ec2M N\u1ed4I B\u1eacT C\u1ee6A S\u1ea2N PH\u1ea8M<\/strong><\/h3>\n<p>\u2013 Gia v\u1ecb Lobo Th\u00e1i Lan l\u00e0 gia v\u1ecb chuy\u00ean d\u1ee5ng t\u1ea1o n\u00ean h\u01b0\u01a1ng v\u1ecb tuy\u1ec7t ngon \u0111\u01b0\u1ee3c nhi\u1ec1u ng\u01b0\u1eddi y\u00eau th\u00edch tr\u00ean kh\u1eafp th\u1ebf gi\u1edbi, \u0111\u1eb7c bi\u1ec7t l\u00e0 h\u1ee3p v\u1edbi kh\u1ea9u v\u1ecb c\u1ee7a ng\u01b0\u1eddi Vi\u1ec7t Nam.<\/p>\n<p>\u2013 Gia v\u1ecb Lobo \u0111\u01b0\u1ee3c s\u1ea3n xu\u1ea5t tr\u00ean d\u00e2y chuy\u1ec1n c\u00f4ng ngh\u1ec7 hi\u1ec7n \u0111\u1ea1i, kh\u00e9p k\u00edn, \u0111\u1ea3m b\u1ea3o an to\u00e0n v\u1ec7 sinh th\u1ef1c ph\u1ea9m.<\/p>\n<p>\u2013 Ch\u1ecdn l\u1ecdc t\u1eeb ngu\u1ed3n nguy\u00ean li\u1ec7u thi\u00ean nhi\u00ean \u0111\u1eb7c tr\u01b0ng c\u1ee7a x\u1ee9 s\u1edf Ch\u00f9a V\u00e0ng, mang \u0111\u1ebfn h\u01b0\u01a1ng v\u1ecb th\u01a1m ngon \u0111\u1eadm \u0111\u00e0 \u0111\u00fang chu\u1ea9n.<\/p>\n<p><img decoding=\"async\" class=\"wp-image-30356 aligncenter\" src=\"https:\/\/havamall.vn\/wp-content\/uploads\/2023\/02\/Screen-Shot-2023-02-09-at-1.31.19-PM-copy-300x198.png\" alt=\"\" width=\"616\" height=\"407\" srcset=\"https:\/\/havamall.vn\/wp-content\/uploads\/2023\/02\/Screen-Shot-2023-02-09-at-1.31.19-PM-copy-300x198.png 300w, https:\/\/havamall.vn\/wp-content\/uploads\/2023\/02\/Screen-Shot-2023-02-09-at-1.31.19-PM-copy-430x283.png 430w, https:\/\/havamall.vn\/wp-content\/uploads\/2023\/02\/Screen-Shot-2023-02-09-at-1.31.19-PM-copy-150x99.png 150w, https:\/\/havamall.vn\/wp-content\/uploads\/2023\/02\/Screen-Shot-2023-02-09-at-1.31.19-PM-copy-700x461.png 700w, https:\/\/havamall.vn\/wp-content\/uploads\/2023\/02\/Screen-Shot-2023-02-09-at-1.31.19-PM-copy-768x506.png 768w, https:\/\/havamall.vn\/wp-content\/uploads\/2023\/02\/Screen-Shot-2023-02-09-at-1.31.19-PM-copy-1024x675.png 1024w, https:\/\/havamall.vn\/wp-content\/uploads\/2023\/02\/Screen-Shot-2023-02-09-at-1.31.19-PM-copy-1200x791.png 1200w, https:\/\/havamall.vn\/wp-content\/uploads\/2023\/02\/Screen-Shot-2023-02-09-at-1.31.19-PM-copy-600x395.png 600w\" sizes=\"(max-width: 616px) 100vw, 616px\" \/><\/p>\n<h2><strong>H\u01af\u1edaNG D\u1eaaN C\u00c1CH N\u1ea4U<\/strong><\/h2>\n<p>1. Chu\u1ea9n b\u1ecb 150g th\u1ecbt cua ho\u1eb7c 200-300g cua s\u1ed1ng r\u1eeda s\u1ea1ch, n\u1eeda c\u1ee7 h\u00e0nh t\u00e2y c\u1eaft s\u1ee3i, h\u00e0nh l\u00e1 c\u1eaft kh\u00fac<\/p>\n<p>2. \u0110\u1eadp 1 c\u00e1i tr\u1ee9ng g\u00e0 h\u00f2a tan v\u1edbi 4 mu\u1ed7ng canh n\u01b0\u1edbc c\u00f9ng v\u1edbi g\u00f3i gia v\u1ecb &#8220;S\u1ed1t X\u00e0o C\u00e0 Ri Lobo&#8221;<\/p>\n<p>3. \u0110un s\u00f4i 2 mu\u1ed7ng canh d\u1ea7u \u0103n, \u0111\u1ec3 h\u00e0nh t\u00e2y v\u00e0o x\u00e0o cho th\u01a1m, sau \u0111\u00f3 cho ti\u1ebfp cua v\u00e0o x\u00e0o ch\u00edn<\/p>\n<p>4. Cho h\u1ed7n h\u1ee3p s\u1ed1t \u0111\u00e3 pha ch\u1ebf s\u1eb5n v\u00e0o \u0111\u1ea3o \u0111\u00ea\u0300u \u0111\u00ea\u0301n khi s\u00f4i th\u00ec t\u0103\u0301t b\u1ebfp. Cho h\u00e0nh l\u00e1 c\u1eaft kh\u00fac v\u00e0o.<\/p>","protected":false},"excerpt":{"rendered":"<p>TH\u00d4NG TIN CHUNG Th\u01b0\u01a1ng hi\u1ec7u LOBO Xu\u1ea5t x\u1ee9 Th\u00e1i Lan Th\u00e0nh ph\u1ea7n D\u1ea7u c\u1ecd, h\u00e0nh c\u1ee7, gia v\u1ecb, b\u1ed9t khoai<\/p>","protected":false},"featured_media":30357,"comment_status":"open","ping_status":"closed","template":"","meta":[],"product_brand":[],"product_cat":[36],"product_tag":[],"class_list":{"0":"post-30354","1":"product","2":"type-product","3":"status-publish","4":"has-post-thumbnail","6":"product_cat-thuc-pham-tieu-dung","7":"pa_brand-lobo","9":"first","10":"instock","11":"sale","12":"shipping-taxable","13":"purchasable","14":"product-type-simple"},"_links":{"self":[{"href":"https:\/\/havamall.vn\/en\/wp-json\/wp\/v2\/product\/30354"}],"collection":[{"href":"https:\/\/havamall.vn\/en\/wp-json\/wp\/v2\/product"}],"about":[{"href":"https:\/\/havamall.vn\/en\/wp-json\/wp\/v2\/types\/product"}],"replies":[{"embeddable":true,"href":"https:\/\/havamall.vn\/en\/wp-json\/wp\/v2\/comments?post=30354"}],"version-history":[{"count":0,"href":"https:\/\/havamall.vn\/en\/wp-json\/wp\/v2\/product\/30354\/revisions"}],"wp:featuredmedia":[{"embeddable":true,"href":"https:\/\/havamall.vn\/en\/wp-json\/wp\/v2\/media\/30357"}],"wp:attachment":[{"href":"https:\/\/havamall.vn\/en\/wp-json\/wp\/v2\/media?parent=30354"}],"wp:term":[{"taxonomy":"product_brand","embeddable":true,"href":"https:\/\/havamall.vn\/en\/wp-json\/wp\/v2\/product_brand?post=30354"},{"taxonomy":"product_cat","embeddable":true,"href":"https:\/\/havamall.vn\/en\/wp-json\/wp\/v2\/product_cat?post=30354"},{"taxonomy":"product_tag","embeddable":true,"href":"https:\/\/havamall.vn\/en\/wp-json\/wp\/v2\/product_tag?post=30354"}],"curies":[{"name":"wp","href":"https:\/\/api.w.org\/{rel}","templated":true}]}}