{"id":30349,"date":"2023-02-09T11:43:40","date_gmt":"2023-02-09T04:43:40","guid":{"rendered":"https:\/\/havamall.vn\/?post_type=product&#038;p=30349"},"modified":"2023-02-09T11:43:40","modified_gmt":"2023-02-09T04:43:40","slug":"bot-gia-vi-sot-nau-gravy-lobo-beef-gravy-mix-25g","status":"publish","type":"product","link":"https:\/\/havamall.vn\/en\/shop\/bot-gia-vi-sot-nau-gravy-lobo-beef-gravy-mix-25g\/","title":{"rendered":"B\u1ed9t Gia V\u1ecb S\u1ed1t N\u00e2u Gravy Lobo &#8211; Beef Gravy Mix 25g"},"content":{"rendered":"<h2><strong>TH\u00d4NG TIN CHUNG<\/strong><\/h2>\n<table border=\"2\" width=\"476\">\n<tbody>\n<tr>\n<td><strong>Th\u01b0\u01a1ng hi\u1ec7u<\/strong><\/td>\n<td>LOBO<\/td>\n<\/tr>\n<tr>\n<td><strong>Xu\u1ea5t x\u1ee9<\/strong><\/td>\n<td>Th\u00e1i Lan<\/td>\n<\/tr>\n<tr>\n<td><strong>Th\u00e0nh ph\u1ea7n<\/strong><\/td>\n<td>Tinh b\u1ed9t ng\u00f4, b\u1ed9t s\u1eefa, b\u1ed9t n\u01b0\u1edbc t\u01b0\u01a1ng, \u0111\u01b0\u1eddng s\u1eefa, b\u1ed9t cacao,&#8230;<\/td>\n<\/tr>\n<tr>\n<td><strong>Quy c\u00e1ch<\/strong><\/td>\n<td>25g<\/td>\n<\/tr>\n<tr>\n<td><strong>B\u1ea3o qu\u1ea3n<\/strong><\/td>\n<td>B\u1ea3o qu\u1ea3n n\u1edbi kh\u00f4 r\u00e1o, tho\u00e1ng m\u00e1t.<\/td>\n<\/tr>\n<tr>\n<td><strong>H\u1ea1n s\u1eed d\u1ee5ng<\/strong><\/td>\n<td>Xem tr\u1ef1c ti\u1ebfp tr\u00ean bao b\u00ec s\u1ea3n ph\u1ea9m.<\/td>\n<\/tr>\n<\/tbody>\n<\/table>\n<h2><strong>B\u1ed8T GIA V\u1eca S\u1ed0T B\u00d2 LOBO<\/strong><\/h2>\n<p>S\u1ea3n ph\u1ea9m \u0111\u1ebfn t\u1eeb th\u01b0\u01a1ng hi\u1ec7u Lobo. \u0110\u00e2y l\u00e0 m\u1ed9t th\u01b0\u01a1ng hi\u1ec7u n\u1ed5i ti\u1ebfng c\u1ee7a Th\u00e1i Lan, chuy\u00ean cung c\u1ea5p c\u00e1c lo\u1ea1i gia v\u1ecb cho m\u00f3n \u0103n th\u00eam ph\u1ea7n th\u01a1m ngon. Hi\u1ec7n nay, c\u00e1c s\u1ea3n ph\u1ea9m c\u1ee7a Lobo r\u1ea5t \u0111\u01b0\u1ee3c \u01b0u chu\u1ed9ng t\u1ea1i Vi\u1ec7t Nam b\u1edfi ng\u01b0\u1eddi n\u1ea5u s\u1ebd ti\u1ebft ki\u1ec7m nhi\u1ec1u th\u1eddi gian v\u00e0 c\u00f4ng s\u1ee9c \u0111\u1ec3 t\u1ea1o ra m\u1ed9t b\u1eefa c\u01a1m ho\u00e0n ch\u1ec9nh. V\u1edbi th\u00e0nh ph\u1ea7n g\u1ed3m nh\u1eefng nguy\u00ean li\u1ec7u an to\u00e0n, gia v\u1ecb Lobo \u0111\u1ea3m b\u1ea3o v\u1ec7 sinh th\u1ef1c ph\u1ea9m tuy\u1ec7t \u0111\u1ed1i.<\/p>\n<p>G\u00f3i Gia V\u1ecb B\u00f2 Gravy (25g) l\u00e0 g\u00f3i s\u1ed1t ho\u00e0n ch\u1ec9nh gi\u00fap b\u1ea1n ch\u1ebf bi\u1ebfn m\u00f3n Beefsteak ho\u1eb7c g\u00e0 n\u01b0\u1edbng s\u1ed1t Gravy 1 c\u00e1ch v\u00f4 c\u00f9ng \u0111\u01a1n gi\u1ea3n v\u00e0 nhanh ch\u00f3ng.<\/p>\n<p><img fetchpriority=\"high\" decoding=\"async\" class=\"wp-image-30350 aligncenter\" src=\"https:\/\/havamall.vn\/wp-content\/uploads\/2023\/02\/Screen-Shot-2023-02-09-at-11.31.23-AM-copy-300x294.png\" alt=\"\" width=\"611\" height=\"599\" srcset=\"https:\/\/havamall.vn\/wp-content\/uploads\/2023\/02\/Screen-Shot-2023-02-09-at-11.31.23-AM-copy-300x294.png 300w, https:\/\/havamall.vn\/wp-content\/uploads\/2023\/02\/Screen-Shot-2023-02-09-at-11.31.23-AM-copy-430x422.png 430w, https:\/\/havamall.vn\/wp-content\/uploads\/2023\/02\/Screen-Shot-2023-02-09-at-11.31.23-AM-copy-150x147.png 150w, https:\/\/havamall.vn\/wp-content\/uploads\/2023\/02\/Screen-Shot-2023-02-09-at-11.31.23-AM-copy-700x687.png 700w, https:\/\/havamall.vn\/wp-content\/uploads\/2023\/02\/Screen-Shot-2023-02-09-at-11.31.23-AM-copy-768x753.png 768w, https:\/\/havamall.vn\/wp-content\/uploads\/2023\/02\/Screen-Shot-2023-02-09-at-11.31.23-AM-copy-1024x1005.png 1024w, https:\/\/havamall.vn\/wp-content\/uploads\/2023\/02\/Screen-Shot-2023-02-09-at-11.31.23-AM-copy-1200x1177.png 1200w, https:\/\/havamall.vn\/wp-content\/uploads\/2023\/02\/Screen-Shot-2023-02-09-at-11.31.23-AM-copy-600x589.png 600w, https:\/\/havamall.vn\/wp-content\/uploads\/2023\/02\/Screen-Shot-2023-02-09-at-11.31.23-AM-copy.png 1586w\" sizes=\"(max-width: 611px) 100vw, 611px\" \/><\/p>\n<h2><strong>\u0110\u1eb6C \u0110I\u1ec2M N\u1ed4I B\u1eacT C\u1ee6A S\u1ea2N PH\u1ea8M<\/strong><\/h2>\n<p>&#8211; Gia v\u1ecb Lobo Th\u00e1i Lan l\u00e0 gia v\u1ecb chuy\u00ean d\u1ee5ng t\u1ea1o n\u00ean h\u01b0\u01a1ng v\u1ecb tuy\u1ec7t ngon \u0111\u01b0\u1ee3c nhi\u1ec1u ng\u01b0\u1eddi y\u00eau th\u00edch tr\u00ean kh\u1eafp th\u1ebf gi\u1edbi, \u0111\u1eb7c bi\u1ec7t l\u00e0 h\u1ee3p v\u1edbi kh\u1ea9u v\u1ecb c\u1ee7a ng\u01b0\u1eddi Vi\u1ec7t Nam.<\/p>\n<p>&#8211; Gia v\u1ecb Lobo \u0111\u01b0\u1ee3c s\u1ea3n xu\u1ea5t tr\u00ean d\u00e2y chuy\u1ec1n c\u00f4ng ngh\u1ec7 hi\u1ec7n \u0111\u1ea1i, kh\u00e9p k\u00edn, \u0111\u1ea3m b\u1ea3o an to\u00e0n v\u1ec7 sinh th\u1ef1c ph\u1ea9m.<\/p>\n<p>&#8211; Ch\u1ecdn l\u1ecdc t\u1eeb ngu\u1ed3n nguy\u00ean li\u1ec7u thi\u00ean nhi\u00ean \u0111\u1eb7c tr\u01b0ng c\u1ee7a x\u1ee9 s\u1edf Ch\u00f9a V\u00e0ng, mang \u0111\u1ebfn h\u01b0\u01a1ng v\u1ecb th\u01a1m ngon \u0111\u1eadm \u0111\u00e0 \u0111\u00fang chu\u1ea9n.<\/p>\n<p>&#8211; G\u00f3i Gia V\u1ecb B\u00f2 Gravy (25g) l\u00e0 g\u00f3i s\u1ed1t ho\u00e0n ch\u1ec9nh gi\u00fap b\u1ea1n ch\u1ebf bi\u1ebfn m\u00f3n Beefsteak ho\u1eb7c g\u00e0 n\u01b0\u1edbng s\u1ed1t Gravy 1 c\u00e1ch v\u00f4 c\u00f9ng \u0111\u01a1n gi\u1ea3n v\u00e0 nhanh ch\u00f3ng.<\/p>\n<p><img decoding=\"async\" class=\"wp-image-30351 aligncenter\" src=\"https:\/\/havamall.vn\/wp-content\/uploads\/2023\/02\/Screen-Shot-2023-02-09-at-11.31.50-AM-copy-300x194.png\" alt=\"\" width=\"617\" height=\"399\" srcset=\"https:\/\/havamall.vn\/wp-content\/uploads\/2023\/02\/Screen-Shot-2023-02-09-at-11.31.50-AM-copy-300x194.png 300w, https:\/\/havamall.vn\/wp-content\/uploads\/2023\/02\/Screen-Shot-2023-02-09-at-11.31.50-AM-copy-430x278.png 430w, https:\/\/havamall.vn\/wp-content\/uploads\/2023\/02\/Screen-Shot-2023-02-09-at-11.31.50-AM-copy-150x97.png 150w, https:\/\/havamall.vn\/wp-content\/uploads\/2023\/02\/Screen-Shot-2023-02-09-at-11.31.50-AM-copy-700x452.png 700w, https:\/\/havamall.vn\/wp-content\/uploads\/2023\/02\/Screen-Shot-2023-02-09-at-11.31.50-AM-copy-768x496.png 768w, https:\/\/havamall.vn\/wp-content\/uploads\/2023\/02\/Screen-Shot-2023-02-09-at-11.31.50-AM-copy-1024x661.png 1024w, https:\/\/havamall.vn\/wp-content\/uploads\/2023\/02\/Screen-Shot-2023-02-09-at-11.31.50-AM-copy-1200x775.png 1200w, https:\/\/havamall.vn\/wp-content\/uploads\/2023\/02\/Screen-Shot-2023-02-09-at-11.31.50-AM-copy-600x387.png 600w, https:\/\/havamall.vn\/wp-content\/uploads\/2023\/02\/Screen-Shot-2023-02-09-at-11.31.50-AM-copy.png 2042w\" sizes=\"(max-width: 617px) 100vw, 617px\" \/><\/p>\n<h2><strong>H\u01af\u1edaNG D\u1eaaN S\u1eec D\u1ee4NG<\/strong><\/h2>\n<p>&#8211; H\u00f2a tan g\u00f3i Gia V\u1ecb S\u1ed1t Gravy n\u00e0y v\u1edbi 240ml n\u01b0\u1edbc, sau \u0111\u00f3 \u0111un s\u00f4i cho \u0111\u1ebfn khi s\u1ec7t l\u1ea1i. M\u1edf l\u1eeda nh\u1ecf l\u1ea1i trong kho\u1ea3ng 1 ph\u00fat ho\u1eb7c d\u00f9ng l\u00f2 vi s\u00f3ng.<\/p>\n<p>&#8211; S\u1ed1t Gravy c\u00f3 th\u1ec3 b\u00e0y v\u00e0o b\u00e1t nh\u1ecf ho\u1eb7c r\u01b0\u1edbi tr\u1ef1c ti\u1ebfp l\u00ean mi\u1ebfng th\u1ecbt b\u00f2 r\u1ed3i b\u00e0y th\u1ecbt b\u00f2 ho\u1eb7c g\u00e0 c\u00f9ng v\u1edbi khoai t\u00e2y nghi\u1ec1n, c\u00e0 chua n\u01b0\u1edbng, l\u01a1 xanh, c\u00e0 r\u1ed1t tr\u1ea7n, m\u0103ng t\u00e2y tr\u1ea7n l\u00ean tr\u00ean sao cho b\u1eaft m\u1eaft.<\/p>\n<p><img decoding=\"async\" class=\"wp-image-30352 aligncenter\" src=\"https:\/\/havamall.vn\/wp-content\/uploads\/2023\/02\/Screen-Shot-2023-02-09-at-11.32.04-AM-copy-300x215.png\" alt=\"\" width=\"619\" height=\"444\" srcset=\"https:\/\/havamall.vn\/wp-content\/uploads\/2023\/02\/Screen-Shot-2023-02-09-at-11.32.04-AM-copy-300x215.png 300w, https:\/\/havamall.vn\/wp-content\/uploads\/2023\/02\/Screen-Shot-2023-02-09-at-11.32.04-AM-copy-430x308.png 430w, https:\/\/havamall.vn\/wp-content\/uploads\/2023\/02\/Screen-Shot-2023-02-09-at-11.32.04-AM-copy-150x107.png 150w, https:\/\/havamall.vn\/wp-content\/uploads\/2023\/02\/Screen-Shot-2023-02-09-at-11.32.04-AM-copy-700x501.png 700w, https:\/\/havamall.vn\/wp-content\/uploads\/2023\/02\/Screen-Shot-2023-02-09-at-11.32.04-AM-copy-768x550.png 768w, https:\/\/havamall.vn\/wp-content\/uploads\/2023\/02\/Screen-Shot-2023-02-09-at-11.32.04-AM-copy-1024x733.png 1024w, https:\/\/havamall.vn\/wp-content\/uploads\/2023\/02\/Screen-Shot-2023-02-09-at-11.32.04-AM-copy-1200x859.png 1200w, https:\/\/havamall.vn\/wp-content\/uploads\/2023\/02\/Screen-Shot-2023-02-09-at-11.32.04-AM-copy-600x430.png 600w\" sizes=\"(max-width: 619px) 100vw, 619px\" \/><\/p>","protected":false},"excerpt":{"rendered":"<p>TH\u00d4NG TIN CHUNG Th\u01b0\u01a1ng hi\u1ec7u LOBO Xu\u1ea5t x\u1ee9 Th\u00e1i Lan Th\u00e0nh ph\u1ea7n Tinh b\u1ed9t ng\u00f4, b\u1ed9t s\u1eefa, b\u1ed9t n\u01b0\u1edbc t\u01b0\u01a1ng,<\/p>","protected":false},"featured_media":30353,"comment_status":"open","ping_status":"closed","template":"","meta":[],"product_brand":[],"product_cat":[36],"product_tag":[],"class_list":{"0":"post-30349","1":"product","2":"type-product","3":"status-publish","4":"has-post-thumbnail","6":"product_cat-thuc-pham-tieu-dung","7":"pa_brand-lobo","9":"first","10":"instock","11":"sale","12":"shipping-taxable","13":"purchasable","14":"product-type-simple"},"_links":{"self":[{"href":"https:\/\/havamall.vn\/en\/wp-json\/wp\/v2\/product\/30349"}],"collection":[{"href":"https:\/\/havamall.vn\/en\/wp-json\/wp\/v2\/product"}],"about":[{"href":"https:\/\/havamall.vn\/en\/wp-json\/wp\/v2\/types\/product"}],"replies":[{"embeddable":true,"href":"https:\/\/havamall.vn\/en\/wp-json\/wp\/v2\/comments?post=30349"}],"version-history":[{"count":0,"href":"https:\/\/havamall.vn\/en\/wp-json\/wp\/v2\/product\/30349\/revisions"}],"wp:featuredmedia":[{"embeddable":true,"href":"https:\/\/havamall.vn\/en\/wp-json\/wp\/v2\/media\/30353"}],"wp:attachment":[{"href":"https:\/\/havamall.vn\/en\/wp-json\/wp\/v2\/media?parent=30349"}],"wp:term":[{"taxonomy":"product_brand","embeddable":true,"href":"https:\/\/havamall.vn\/en\/wp-json\/wp\/v2\/product_brand?post=30349"},{"taxonomy":"product_cat","embeddable":true,"href":"https:\/\/havamall.vn\/en\/wp-json\/wp\/v2\/product_cat?post=30349"},{"taxonomy":"product_tag","embeddable":true,"href":"https:\/\/havamall.vn\/en\/wp-json\/wp\/v2\/product_tag?post=30349"}],"curies":[{"name":"wp","href":"https:\/\/api.w.org\/{rel}","templated":true}]}}