{"id":30329,"date":"2023-02-09T09:37:31","date_gmt":"2023-02-09T02:37:31","guid":{"rendered":"https:\/\/havamall.vn\/?post_type=product&#038;p=30329"},"modified":"2023-02-09T10:02:43","modified_gmt":"2023-02-09T03:02:43","slug":"bot-gia-vi-ga-nuong-lobo-seasoning-mix-for-chicken","status":"publish","type":"product","link":"https:\/\/havamall.vn\/en\/shop\/bot-gia-vi-ga-nuong-lobo-seasoning-mix-for-chicken\/","title":{"rendered":"B\u1ed9t Gia V\u1ecb G\u00e0 N\u01b0\u1edbng Lobo &#8211; Seasoning Mix For Chicken"},"content":{"rendered":"<h2><strong>TH\u00d4NG TIN CHUNG<\/strong><\/h2>\n<table border=\"2\" width=\"476\">\n<tbody>\n<tr>\n<td><strong>Th\u01b0\u01a1ng hi\u1ec7u<\/strong><\/td>\n<td>LOBO<\/td>\n<\/tr>\n<tr>\n<td><strong>Xu\u1ea5t x\u1ee9<\/strong><\/td>\n<td>Th\u00e1i Lan<\/td>\n<\/tr>\n<tr>\n<td><strong>Th\u00e0nh ph\u1ea7n<\/strong><\/td>\n<td>\u0110\u01b0\u1eddng, mu\u1ed1i, gia v\u1ecb, d\u1ea7u \u0111\u1eadu n\u00e0nh,&#8230;<\/td>\n<\/tr>\n<tr>\n<td><strong>Quy c\u00e1ch<\/strong><\/td>\n<td>2 g\u00f3i x 50g<\/td>\n<\/tr>\n<tr>\n<td><strong>B\u1ea3o qu\u1ea3n<\/strong><\/td>\n<td>B\u1ea3o qu\u1ea3n n\u1edbi kh\u00f4 r\u00e1o, tho\u00e1ng m\u00e1t.<\/td>\n<\/tr>\n<tr>\n<td><strong>H\u1ea1n s\u1eed d\u1ee5ng<\/strong><\/td>\n<td>Xem tr\u1ef1c ti\u1ebfp tr\u00ean bao b\u00ec s\u1ea3n ph\u1ea9m.<\/td>\n<\/tr>\n<\/tbody>\n<\/table>\n<h2><strong>B\u1ed8T GIA V\u1eca G\u00c0 N\u01af\u1edaNG LOBO<\/strong><\/h2>\n<p>S\u1ea3n ph\u1ea9m \u0111\u1ebfn t\u1eeb th\u01b0\u01a1ng hi\u1ec7u Lobo. \u0110\u00e2y l\u00e0 m\u1ed9t th\u01b0\u01a1ng hi\u1ec7u n\u1ed5i ti\u1ebfng c\u1ee7a Th\u00e1i Lan, chuy\u00ean cung c\u1ea5p c\u00e1c lo\u1ea1i gia v\u1ecb cho m\u00f3n \u0103n th\u00eam ph\u1ea7n th\u01a1m ngon. Hi\u1ec7n nay, c\u00e1c s\u1ea3n ph\u1ea9m c\u1ee7a Lobo r\u1ea5t \u0111\u01b0\u1ee3c \u01b0u chu\u1ed9ng t\u1ea1i Vi\u1ec7t Nam b\u1edfi ng\u01b0\u1eddi n\u1ea5u s\u1ebd ti\u1ebft ki\u1ec7m nhi\u1ec1u th\u1eddi gian v\u00e0 c\u00f4ng s\u1ee9c \u0111\u1ec3 t\u1ea1o ra m\u1ed9t b\u1eefa c\u01a1m ho\u00e0n ch\u1ec9nh. V\u1edbi th\u00e0nh ph\u1ea7n g\u1ed3m nh\u1eefng nguy\u00ean li\u1ec7u an to\u00e0n, gia v\u1ecb Lobo \u0111\u1ea3m b\u1ea3o v\u1ec7 sinh th\u1ef1c ph\u1ea9m tuy\u1ec7t \u0111\u1ed1i.<\/p>\n<p>Gia v\u1ecb G\u00e0 N\u01b0\u1edbng Th\u00e1i Lan l\u00e0 lo\u1ea1i b\u1ed9t gia v\u1ecb \u0111\u01b0\u1ee3c pha s\u1eb5n v\u1eeba \u0103n d\u00f9ng \u0111\u1ec3 \u01b0\u1edbp g\u00e0 n\u01b0\u1edbng m\u00e0 kh\u00f4ng c\u1ea7n cho th\u00eam m\u1ed9t lo\u1ea1i gia v\u1ecb n\u00e0o, th\u00e0nh ph\u1ea9m l\u00e0 m\u00f3n g\u00e0 n\u01b0\u1edbng v\u00e0ng, th\u01a1m ngon h\u1ea5p d\u1eabn v\u1edbi h\u01b0\u01a1ng v\u1ecb \u0111\u1eb7c tr\u01b0ng ki\u1ec3u th\u00e1i.<\/p>\n<p><img fetchpriority=\"high\" decoding=\"async\" class=\"wp-image-30330 aligncenter\" src=\"https:\/\/havamall.vn\/wp-content\/uploads\/2023\/02\/bb-300x225.png\" alt=\"\" width=\"653\" height=\"490\" srcset=\"https:\/\/havamall.vn\/wp-content\/uploads\/2023\/02\/bb-300x225.png 300w, https:\/\/havamall.vn\/wp-content\/uploads\/2023\/02\/bb-430x323.png 430w, https:\/\/havamall.vn\/wp-content\/uploads\/2023\/02\/bb-150x113.png 150w, https:\/\/havamall.vn\/wp-content\/uploads\/2023\/02\/bb-700x525.png 700w, https:\/\/havamall.vn\/wp-content\/uploads\/2023\/02\/bb-768x576.png 768w, https:\/\/havamall.vn\/wp-content\/uploads\/2023\/02\/bb-1024x768.png 1024w, https:\/\/havamall.vn\/wp-content\/uploads\/2023\/02\/bb-1200x900.png 1200w, https:\/\/havamall.vn\/wp-content\/uploads\/2023\/02\/bb-600x450.png 600w, https:\/\/havamall.vn\/wp-content\/uploads\/2023\/02\/bb.png 1500w\" sizes=\"(max-width: 653px) 100vw, 653px\" \/><\/p>\n<h2><strong>\u0110\u1eb6C \u0110I\u1ec2M N\u1ed4I B\u1eacT C\u1ee6A S\u1ea2N PH\u1ea8M<\/strong><\/h2>\n<p>&gt; Gia v\u1ecb Lobo Th\u00e1i Lan l\u00e0 gia v\u1ecb chuy\u00ean d\u1ee5ng t\u1ea1o n\u00ean h\u01b0\u01a1ng v\u1ecb tuy\u1ec7t ngon \u0111\u01b0\u1ee3c nhi\u1ec1u ng\u01b0\u1eddi y\u00eau th\u00edch tr\u00ean kh\u1eafp th\u1ebf gi\u1edbi, \u0111\u1eb7c bi\u1ec7t l\u00e0 h\u1ee3p v\u1edbi kh\u1ea9u v\u1ecb c\u1ee7a ng\u01b0\u1eddi Vi\u1ec7t Nam.<\/p>\n<p>&gt; Gia v\u1ecb Lobo \u0111\u01b0\u1ee3c s\u1ea3n xu\u1ea5t tr\u00ean d\u00e2y chuy\u1ec1n c\u00f4ng ngh\u1ec7 hi\u1ec7n \u0111\u1ea1i, kh\u00e9p k\u00edn, \u0111\u1ea3m b\u1ea3o an to\u00e0n v\u1ec7 sinh th\u1ef1c ph\u1ea9m.<\/p>\n<p>&gt; Ch\u1ecdn l\u1ecdc t\u1eeb ngu\u1ed3n nguy\u00ean li\u1ec7u thi\u00ean nhi\u00ean \u0111\u1eb7c tr\u01b0ng c\u1ee7a x\u1ee9 s\u1edf Ch\u00f9a V\u00e0ng, mang \u0111\u1ebfn h\u01b0\u01a1ng v\u1ecb th\u01a1m ngon \u0111\u1eadm \u0111\u00e0 \u0111\u00fang chu\u1ea9n.<img decoding=\"async\" class=\"wp-image-30331 aligncenter\" src=\"https:\/\/havamall.vn\/wp-content\/uploads\/2023\/02\/bbb-300x286.png\" alt=\"\" width=\"664\" height=\"633\" srcset=\"https:\/\/havamall.vn\/wp-content\/uploads\/2023\/02\/bbb-300x286.png 300w, https:\/\/havamall.vn\/wp-content\/uploads\/2023\/02\/bbb-430x410.png 430w, https:\/\/havamall.vn\/wp-content\/uploads\/2023\/02\/bbb-150x143.png 150w, https:\/\/havamall.vn\/wp-content\/uploads\/2023\/02\/bbb-700x667.png 700w, https:\/\/havamall.vn\/wp-content\/uploads\/2023\/02\/bbb-768x732.png 768w, https:\/\/havamall.vn\/wp-content\/uploads\/2023\/02\/bbb-1024x976.png 1024w, https:\/\/havamall.vn\/wp-content\/uploads\/2023\/02\/bbb-1200x1144.png 1200w, https:\/\/havamall.vn\/wp-content\/uploads\/2023\/02\/bbb-600x572.png 600w, https:\/\/havamall.vn\/wp-content\/uploads\/2023\/02\/bbb.png 1704w\" sizes=\"(max-width: 664px) 100vw, 664px\" \/><\/p>\n<h2><strong>H\u01af\u1edaNG D\u1eaaN S\u1eec D\u1ee4NG<\/strong><\/h2>\n<p>Trong g\u00f3i gia v\u1ecb g\u00e0 n\u01b0\u1edbng 100g n\u00e0y c\u00f3 2 g\u00f3i nh\u1ecf (50g x 2) khi l\u00e0m b\u1ea1n ch\u00fa \u00fd: N\u1ebfu mu\u1ed1n l\u00e0m 2 kg g\u00e0 ph\u1ea3i d\u00f9ng h\u1ebft 2 g\u00f3i nh\u1ecf. B\u1ea1n c\u00f3 th\u1ec3 chi\u00ean ho\u1eb7c n\u01b0\u1edbng t\u00f9y th\u00edch.<\/p>\n<h5><em><strong>C\u00e1ch l\u00e0m:\u00a0<\/strong><\/em><\/h5>\n<p>1. H\u00f2a tan 1 g\u00f3i gia v\u1ecb 50g v\u1edbi 60ml n\u01b0\u1edbc, khu\u1ea5y \u0111\u1ec1u<\/p>\n<p>2. Thoa \u0111\u1ec1u b\u00ean trong l\u1eabn b\u00ean ngo\u00e0i con g\u00e0, \u0111\u1ec3 60 ph\u00fat<\/p>\n<p>3. Cho v\u00e0o l\u00f2 n\u01b0\u1edbng, nhi\u1ec7t \u0111\u1ed9 190 \u0111\u1ed9, n\u01b0\u1edbng trong v\u00f2ng 30 \u0111\u1ebfn 45 ph\u00fat.<\/p>\n<p>4. L\u1ea5y ra ph\u1ebft th\u00eam d\u1ea7u v\u00e0 n\u01b0\u1edbng l\u1ea1i cho ch\u00edn v\u00e0ng.<\/p>\n<p><img decoding=\"async\" class=\"wp-image-30332 aligncenter\" src=\"https:\/\/havamall.vn\/wp-content\/uploads\/2023\/02\/Screen-Shot-2023-02-09-at-9.29.19-AM-230x300.png\" alt=\"\" width=\"637\" height=\"831\" srcset=\"https:\/\/havamall.vn\/wp-content\/uploads\/2023\/02\/Screen-Shot-2023-02-09-at-9.29.19-AM-230x300.png 230w, https:\/\/havamall.vn\/wp-content\/uploads\/2023\/02\/Screen-Shot-2023-02-09-at-9.29.19-AM-430x560.png 430w, https:\/\/havamall.vn\/wp-content\/uploads\/2023\/02\/Screen-Shot-2023-02-09-at-9.29.19-AM-150x196.png 150w, https:\/\/havamall.vn\/wp-content\/uploads\/2023\/02\/Screen-Shot-2023-02-09-at-9.29.19-AM-700x912.png 700w, https:\/\/havamall.vn\/wp-content\/uploads\/2023\/02\/Screen-Shot-2023-02-09-at-9.29.19-AM-768x1001.png 768w, https:\/\/havamall.vn\/wp-content\/uploads\/2023\/02\/Screen-Shot-2023-02-09-at-9.29.19-AM-786x1024.png 786w, https:\/\/havamall.vn\/wp-content\/uploads\/2023\/02\/Screen-Shot-2023-02-09-at-9.29.19-AM-600x782.png 600w, https:\/\/havamall.vn\/wp-content\/uploads\/2023\/02\/Screen-Shot-2023-02-09-at-9.29.19-AM.png 1134w\" sizes=\"(max-width: 637px) 100vw, 637px\" \/><\/p>","protected":false},"excerpt":{"rendered":"<p>TH\u00d4NG TIN CHUNG Th\u01b0\u01a1ng hi\u1ec7u LOBO Xu\u1ea5t x\u1ee9 Th\u00e1i Lan Th\u00e0nh ph\u1ea7n \u0110\u01b0\u1eddng, mu\u1ed1i, gia v\u1ecb, d\u1ea7u \u0111\u1eadu n\u00e0nh,&#8230; Quy<\/p>","protected":false},"featured_media":30333,"comment_status":"open","ping_status":"closed","template":"","meta":[],"product_brand":[],"product_cat":[36],"product_tag":[],"class_list":{"0":"post-30329","1":"product","2":"type-product","3":"status-publish","4":"has-post-thumbnail","6":"product_cat-thuc-pham-tieu-dung","7":"pa_brand-lobo","9":"first","10":"instock","11":"sale","12":"shipping-taxable","13":"purchasable","14":"product-type-simple"},"_links":{"self":[{"href":"https:\/\/havamall.vn\/en\/wp-json\/wp\/v2\/product\/30329"}],"collection":[{"href":"https:\/\/havamall.vn\/en\/wp-json\/wp\/v2\/product"}],"about":[{"href":"https:\/\/havamall.vn\/en\/wp-json\/wp\/v2\/types\/product"}],"replies":[{"embeddable":true,"href":"https:\/\/havamall.vn\/en\/wp-json\/wp\/v2\/comments?post=30329"}],"version-history":[{"count":0,"href":"https:\/\/havamall.vn\/en\/wp-json\/wp\/v2\/product\/30329\/revisions"}],"wp:featuredmedia":[{"embeddable":true,"href":"https:\/\/havamall.vn\/en\/wp-json\/wp\/v2\/media\/30333"}],"wp:attachment":[{"href":"https:\/\/havamall.vn\/en\/wp-json\/wp\/v2\/media?parent=30329"}],"wp:term":[{"taxonomy":"product_brand","embeddable":true,"href":"https:\/\/havamall.vn\/en\/wp-json\/wp\/v2\/product_brand?post=30329"},{"taxonomy":"product_cat","embeddable":true,"href":"https:\/\/havamall.vn\/en\/wp-json\/wp\/v2\/product_cat?post=30329"},{"taxonomy":"product_tag","embeddable":true,"href":"https:\/\/havamall.vn\/en\/wp-json\/wp\/v2\/product_tag?post=30329"}],"curies":[{"name":"wp","href":"https:\/\/api.w.org\/{rel}","templated":true}]}}