{"id":30321,"date":"2023-02-08T17:20:17","date_gmt":"2023-02-08T10:20:17","guid":{"rendered":"https:\/\/havamall.vn\/?post_type=product&#038;p=30321"},"modified":"2023-02-09T10:02:13","modified_gmt":"2023-02-09T03:02:13","slug":"30321","status":"publish","type":"product","link":"https:\/\/havamall.vn\/en\/shop\/30321\/","title":{"rendered":"B\u1ed9t Gia V\u1ecb C\u00e1nh G\u00e0 Cay Lobo &#8211; Spicy Big Wings Marinade Mix 50g"},"content":{"rendered":"<h2><strong>TH\u00d4NG TIN CHUNG<\/strong><\/h2>\n<table border=\"2\" width=\"476\">\n<tbody>\n<tr>\n<td><strong>Th\u01b0\u01a1ng hi\u1ec7u<\/strong><\/td>\n<td>LOBO<\/td>\n<\/tr>\n<tr>\n<td><strong>Xu\u1ea5t x\u1ee9<\/strong><\/td>\n<td>Th\u00e1i Lan<\/td>\n<\/tr>\n<tr>\n<td><strong>Th\u00e0nh ph\u1ea7n<\/strong><\/td>\n<td>\u0110\u01b0\u1eddng, gia v\u1ecb, b\u1ed9t b\u1eafp,&#8230;<\/td>\n<\/tr>\n<tr>\n<td><strong>Quy c\u00e1ch<\/strong><\/td>\n<td>50g<\/td>\n<\/tr>\n<tr>\n<td><strong>B\u1ea3o qu\u1ea3n<\/strong><\/td>\n<td>B\u1ea3o qu\u1ea3n n\u1edbi kh\u00f4 r\u00e1o, tho\u00e1ng m\u00e1t.<\/td>\n<\/tr>\n<tr>\n<td><strong>H\u1ea1n s\u1eed d\u1ee5ng<\/strong><\/td>\n<td>Xem tr\u1ef1c ti\u1ebfp tr\u00ean bao b\u00ec s\u1ea3n ph\u1ea9m.<\/td>\n<\/tr>\n<\/tbody>\n<\/table>\n<p>S\u1ea3n ph\u1ea9m \u0111\u1ebfn t\u1eeb th\u01b0\u01a1ng hi\u1ec7u Lobo. \u0110\u00e2y l\u00e0 m\u1ed9t th\u01b0\u01a1ng hi\u1ec7u n\u1ed5i ti\u1ebfng c\u1ee7a Th\u00e1i Lan, chuy\u00ean cung c\u1ea5p c\u00e1c lo\u1ea1i gia v\u1ecb cho m\u00f3n \u0103n th\u00eam ph\u1ea7n th\u01a1m ngon. Hi\u1ec7n nay, c\u00e1c s\u1ea3n ph\u1ea9m c\u1ee7a Lobo r\u1ea5t \u0111\u01b0\u1ee3c \u01b0u chu\u1ed9ng t\u1ea1i Vi\u1ec7t Nam b\u1edfi ng\u01b0\u1eddi n\u1ea5u s\u1ebd ti\u1ebft ki\u1ec7m nhi\u1ec1u th\u1eddi gian v\u00e0 c\u00f4ng s\u1ee9c \u0111\u1ec3 t\u1ea1o ra m\u1ed9t b\u1eefa c\u01a1m ho\u00e0n ch\u1ec9nh. V\u1edbi th\u00e0nh ph\u1ea7n g\u1ed3m nh\u1eefng nguy\u00ean li\u1ec7u an to\u00e0n, gia v\u1ecb Lobo \u0111\u1ea3m b\u1ea3o v\u1ec7 sinh th\u1ef1c ph\u1ea9m tuy\u1ec7t \u0111\u1ed1i.<\/p>\n<p><strong>Gia v\u1ecb c\u00e1nh g\u00e0 chi\u00ean v\u1ecb cay LOBO<\/strong>\u00a0l\u00e0 s\u1ea3n ph\u1ea9m b\u1ed9t\u00a0gia v\u1ecb\u00a0tr\u1ed9n s\u1eb5n, gi\u00fap b\u1ea1n t\u1ea1o n\u00ean h\u01b0\u01a1ng v\u1ecb th\u01a1m ngon \u0111\u00fang chu\u1ea9n cho m\u00f3n c\u00e1nh g\u00e0 chi\u00ean H\u00e0n Qu\u1ed1c mang h\u01b0\u01a1ng v\u1ecb \u0111\u1eb7c tr\u01b0ng c\u1ee7a \u1ea9m th\u1ef1c Th\u00e1i Lan.<\/p>\n<p>S\u1eed d\u1ee5ng g\u00f3i gia v\u1ecb tr\u1ed9n s\u1eb5n, b\u00e0 n\u1ed9i tr\u1ee3 s\u1ebd ti\u1ebft ki\u1ec7m \u0111\u01b0\u1ee3c kh\u00e1 nhi\u1ec1u th\u1eddi gian v\u00e0 c\u00f4ng s\u1ee9c chu\u1ea9n b\u1ecb v\u00e0 s\u01a1 ch\u1ebf nguy\u00ean li\u1ec7u.<\/p>\n<p><img fetchpriority=\"high\" decoding=\"async\" class=\"wp-image-30322 aligncenter\" src=\"https:\/\/havamall.vn\/wp-content\/uploads\/2023\/02\/aaaa-300x199.png\" alt=\"\" width=\"581\" height=\"385\" srcset=\"https:\/\/havamall.vn\/wp-content\/uploads\/2023\/02\/aaaa-300x199.png 300w, https:\/\/havamall.vn\/wp-content\/uploads\/2023\/02\/aaaa-430x285.png 430w, https:\/\/havamall.vn\/wp-content\/uploads\/2023\/02\/aaaa-150x99.png 150w, https:\/\/havamall.vn\/wp-content\/uploads\/2023\/02\/aaaa-700x464.png 700w, https:\/\/havamall.vn\/wp-content\/uploads\/2023\/02\/aaaa-768x509.png 768w, https:\/\/havamall.vn\/wp-content\/uploads\/2023\/02\/aaaa-600x397.png 600w, https:\/\/havamall.vn\/wp-content\/uploads\/2023\/02\/aaaa.png 900w\" sizes=\"(max-width: 581px) 100vw, 581px\" \/><\/p>\n<h2><strong>\u0110\u1eb6C \u0110I\u1ec2M N\u1ed4I B\u1eacT C\u1ee6A S\u1ea2N PH\u1ea8M<\/strong><\/h2>\n<p>&gt; Gia v\u1ecb Lobo Th\u00e1i Lan l\u00e0 gia v\u1ecb chuy\u00ean d\u1ee5ng t\u1ea1o n\u00ean h\u01b0\u01a1ng v\u1ecb tuy\u1ec7t ngon \u0111\u01b0\u1ee3c nhi\u1ec1u ng\u01b0\u1eddi y\u00eau th\u00edch tr\u00ean kh\u1eafp th\u1ebf gi\u1edbi, \u0111\u1eb7c bi\u1ec7t l\u00e0 h\u1ee3p v\u1edbi kh\u1ea9u v\u1ecb c\u1ee7a ng\u01b0\u1eddi Vi\u1ec7t Nam.<\/p>\n<p>&gt; Gia v\u1ecb Lobo \u0111\u01b0\u1ee3c s\u1ea3n xu\u1ea5t tr\u00ean d\u00e2y chuy\u1ec1n c\u00f4ng ngh\u1ec7 hi\u1ec7n \u0111\u1ea1i, kh\u00e9p k\u00edn, \u0111\u1ea3m b\u1ea3o an to\u00e0n v\u1ec7 sinh th\u1ef1c ph\u1ea9m.<\/p>\n<p>&gt; Ch\u1ecdn l\u1ecdc t\u1eeb ngu\u1ed3n nguy\u00ean li\u1ec7u thi\u00ean nhi\u00ean \u0111\u1eb7c tr\u01b0ng c\u1ee7a x\u1ee9 s\u1edf Ch\u00f9a V\u00e0ng, mang \u0111\u1ebfn h\u01b0\u01a1ng v\u1ecb th\u01a1m ngon \u0111\u1eadm \u0111\u00e0 \u0111\u00fang chu\u1ea9n.<img decoding=\"async\" class=\"wp-image-30323 aligncenter\" src=\"https:\/\/havamall.vn\/wp-content\/uploads\/2023\/02\/aaa-300x200.png\" alt=\"\" width=\"584\" height=\"389\" srcset=\"https:\/\/havamall.vn\/wp-content\/uploads\/2023\/02\/aaa-300x200.png 300w, https:\/\/havamall.vn\/wp-content\/uploads\/2023\/02\/aaa-430x287.png 430w, https:\/\/havamall.vn\/wp-content\/uploads\/2023\/02\/aaa-150x100.png 150w, https:\/\/havamall.vn\/wp-content\/uploads\/2023\/02\/aaa-700x467.png 700w, https:\/\/havamall.vn\/wp-content\/uploads\/2023\/02\/aaa-768x512.png 768w, https:\/\/havamall.vn\/wp-content\/uploads\/2023\/02\/aaa-1024x683.png 1024w, https:\/\/havamall.vn\/wp-content\/uploads\/2023\/02\/aaa-1200x800.png 1200w, https:\/\/havamall.vn\/wp-content\/uploads\/2023\/02\/aaa-600x400.png 600w, https:\/\/havamall.vn\/wp-content\/uploads\/2023\/02\/aaa.png 1900w\" sizes=\"(max-width: 584px) 100vw, 584px\" \/><\/p>\n<h2><strong>H\u01af\u1edaNG D\u1eaaN S\u1eec D\u1ee4NG<\/strong><\/h2>\n<p>&#8211; Chu\u1ea9n b\u1ecb 700g-1kg c\u00e1nh g\u00e0 \u01b0\u1edbp v\u1edbi g\u00f3i gia v\u1ecb trong v\u00f2ng 2h sau \u0111\u00f3 \u0111em chi\u00ean ho\u1eb7c n\u01b0\u1edbng tu\u1ef3 th\u00edch<\/p>\n<p>&#8211; N\u1ebfu mu\u1ed1n chi\u00ean b\u1ea1n ph\u1ea3i l\u0103n qua b\u1ed9t chi\u00ean gi\u00f2n kh\u00f4<\/p>","protected":false},"excerpt":{"rendered":"<p>TH\u00d4NG TIN CHUNG Th\u01b0\u01a1ng hi\u1ec7u LOBO Xu\u1ea5t x\u1ee9 Th\u00e1i Lan Th\u00e0nh ph\u1ea7n \u0110\u01b0\u1eddng, gia v\u1ecb, b\u1ed9t b\u1eafp,&#8230; Quy c\u00e1ch 50g<\/p>","protected":false},"featured_media":30324,"comment_status":"open","ping_status":"closed","template":"","meta":[],"product_brand":[],"product_cat":[36],"product_tag":[],"class_list":{"0":"post-30321","1":"product","2":"type-product","3":"status-publish","4":"has-post-thumbnail","6":"product_cat-thuc-pham-tieu-dung","7":"pa_brand-lobo","9":"first","10":"instock","11":"sale","12":"shipping-taxable","13":"purchasable","14":"product-type-simple"},"_links":{"self":[{"href":"https:\/\/havamall.vn\/en\/wp-json\/wp\/v2\/product\/30321"}],"collection":[{"href":"https:\/\/havamall.vn\/en\/wp-json\/wp\/v2\/product"}],"about":[{"href":"https:\/\/havamall.vn\/en\/wp-json\/wp\/v2\/types\/product"}],"replies":[{"embeddable":true,"href":"https:\/\/havamall.vn\/en\/wp-json\/wp\/v2\/comments?post=30321"}],"version-history":[{"count":0,"href":"https:\/\/havamall.vn\/en\/wp-json\/wp\/v2\/product\/30321\/revisions"}],"wp:featuredmedia":[{"embeddable":true,"href":"https:\/\/havamall.vn\/en\/wp-json\/wp\/v2\/media\/30324"}],"wp:attachment":[{"href":"https:\/\/havamall.vn\/en\/wp-json\/wp\/v2\/media?parent=30321"}],"wp:term":[{"taxonomy":"product_brand","embeddable":true,"href":"https:\/\/havamall.vn\/en\/wp-json\/wp\/v2\/product_brand?post=30321"},{"taxonomy":"product_cat","embeddable":true,"href":"https:\/\/havamall.vn\/en\/wp-json\/wp\/v2\/product_cat?post=30321"},{"taxonomy":"product_tag","embeddable":true,"href":"https:\/\/havamall.vn\/en\/wp-json\/wp\/v2\/product_tag?post=30321"}],"curies":[{"name":"wp","href":"https:\/\/api.w.org\/{rel}","templated":true}]}}