{"id":30311,"date":"2023-02-08T16:08:06","date_gmt":"2023-02-08T09:08:06","guid":{"rendered":"https:\/\/havamall.vn\/?post_type=product&#038;p=30311"},"modified":"2023-02-08T17:24:54","modified_gmt":"2023-02-08T10:24:54","slug":"sup-gia-vi-nuong-thit-bulgogi-kieu-han-quoc-lobo-spicy-bulgogi-sauce-200g","status":"publish","type":"product","link":"https:\/\/havamall.vn\/en\/shop\/sup-gia-vi-nuong-thit-bulgogi-kieu-han-quoc-lobo-spicy-bulgogi-sauce-200g\/","title":{"rendered":"Sup Gia V\u1ecb N\u01b0\u1edbng Th\u1ecbt Bulgogi Ki\u1ec3u H\u00e0n Qu\u1ed1c Lobo &#8211; Spicy Bulgogi Sauce 200g"},"content":{"rendered":"<h2><strong>TH\u00d4NG TIN CHUNG<\/strong><\/h2>\n<table border=\"2\" width=\"476\">\n<tbody>\n<tr>\n<td><strong>Th\u01b0\u01a1ng hi\u1ec7u<\/strong><\/td>\n<td>LOBO<\/td>\n<\/tr>\n<tr>\n<td><strong>Xu\u1ea5t x\u1ee9<\/strong><\/td>\n<td>Th\u00e1i Lan<\/td>\n<\/tr>\n<tr>\n<td><strong>Th\u00e0nh ph\u1ea7n<\/strong><\/td>\n<td>\u0110\u01b0\u1eddng, gia v\u1ecb gochujang, n\u01b0\u1edbc, n\u01b0\u1edbc t\u00e1o, gi\u1ea5m, d\u1ea7u \u0111\u1eadu n\u00e0nh,&#8230;<\/td>\n<\/tr>\n<tr>\n<td><strong>Quy c\u00e1ch<\/strong><\/td>\n<td>200g<\/td>\n<\/tr>\n<tr>\n<td><strong>B\u1ea3o qu\u1ea3n<\/strong><\/td>\n<td>B\u1ea3o qu\u1ea3n n\u01a1i kh\u00f4 r\u00e1o, tho\u00e1ng m\u00e1t, tr\u00e1nh \u00e1nh n\u1eafng tr\u1ef1c ti\u1ebfp<\/td>\n<\/tr>\n<tr>\n<td><strong>H\u1ea1n s\u1eed d\u1ee5ng<\/strong><\/td>\n<td>Xem tr\u1ef1c ti\u1ebfp tr\u00ean bao b\u00ec s\u1ea3n ph\u1ea9m.<\/td>\n<\/tr>\n<\/tbody>\n<\/table>\n<h2><strong>S\u1ed0T GIA V\u1eca N\u01af\u1edaNG TH\u1ecaT BULGOGI KI\u1ec2U H\u00c0N QU\u1ed0C LOBO<\/strong><\/h2>\n<p>S\u1ea3n ph\u1ea9m \u0111\u1ebfn t\u1eeb th\u01b0\u01a1ng hi\u1ec7u Lobo. \u0110\u00e2y l\u00e0 m\u1ed9t th\u01b0\u01a1ng hi\u1ec7u n\u1ed5i ti\u1ebfng c\u1ee7a Th\u00e1i Lan, chuy\u00ean cung c\u1ea5p c\u00e1c lo\u1ea1i gia v\u1ecb cho m\u00f3n \u0103n th\u00eam ph\u1ea7n th\u01a1m ngon. Hi\u1ec7n nay, c\u00e1c s\u1ea3n ph\u1ea9m c\u1ee7a Lobo r\u1ea5t \u0111\u01b0\u1ee3c \u01b0u chu\u1ed9ng t\u1ea1i Vi\u1ec7t Nam b\u1edfi ng\u01b0\u1eddi n\u1ea5u s\u1ebd ti\u1ebft ki\u1ec7m nhi\u1ec1u th\u1eddi gian v\u00e0 c\u00f4ng s\u1ee9c \u0111\u1ec3 t\u1ea1o ra m\u1ed9t b\u1eefa c\u01a1m ho\u00e0n ch\u1ec9nh. V\u1edbi th\u00e0nh ph\u1ea7n g\u1ed3m nh\u1eefng nguy\u00ean li\u1ec7u an to\u00e0n, gia v\u1ecb Lobo \u0111\u1ea3m b\u1ea3o v\u1ec7 sinh th\u1ef1c ph\u1ea9m tuy\u1ec7t \u0111\u1ed1i.<\/p>\n<p><img fetchpriority=\"high\" decoding=\"async\" class=\"wp-image-30312 aligncenter\" src=\"https:\/\/havamall.vn\/wp-content\/uploads\/2023\/02\/22-300x173.png\" alt=\"\" width=\"669\" height=\"386\" srcset=\"https:\/\/havamall.vn\/wp-content\/uploads\/2023\/02\/22-300x173.png 300w, https:\/\/havamall.vn\/wp-content\/uploads\/2023\/02\/22-430x247.png 430w, https:\/\/havamall.vn\/wp-content\/uploads\/2023\/02\/22-150x86.png 150w, https:\/\/havamall.vn\/wp-content\/uploads\/2023\/02\/22-700x403.png 700w, https:\/\/havamall.vn\/wp-content\/uploads\/2023\/02\/22-768x442.png 768w, https:\/\/havamall.vn\/wp-content\/uploads\/2023\/02\/22-1024x589.png 1024w, https:\/\/havamall.vn\/wp-content\/uploads\/2023\/02\/22-1200x690.png 1200w, https:\/\/havamall.vn\/wp-content\/uploads\/2023\/02\/22-600x345.png 600w\" sizes=\"(max-width: 669px) 100vw, 669px\" \/><\/p>\n<p>Gia v\u1ecb Lobo Th\u00e1i Lan l\u00e0 gia v\u1ecb chuy\u00ean d\u1ee5ng t\u1ea1o n\u00ean h\u01b0\u01a1ng v\u1ecb tuy\u1ec7t ngon \u0111\u01b0\u1ee3c nhi\u1ec1u ng\u01b0\u1eddi y\u00eau th\u00edch tr\u00ean kh\u1eafp th\u1ebf gi\u1edbi, \u0111\u1eb7c bi\u1ec7t l\u00e0 h\u1ee3p v\u1edbi kh\u1ea9u v\u1ecb c\u1ee7a ng\u01b0\u1eddi Vi\u1ec7t Nam.<\/p>\n<p>L\u00e0m m\u00f3n th\u1ecbt n\u01b0\u1edbng BBQ th\u01a1m ngon \u0111\u01a1n gi\u1ea3n v\u00e0 d\u1ec5 d\u00e0ng t\u1ea1i nh\u00e0 v\u1edbi s\u1ed1t \u01b0\u1edbp th\u1ecbt n\u01b0\u1edbng bulgogi ki\u1ec3u H\u00e0n Qu\u1ed1c Lobo. Ch\u1ec9 c\u1ea7n \u01b0\u1edbp th\u1ee9c \u0103n tr\u01b0\u1edbc 15 ph\u00fat sau \u0111\u00f3 ch\u1ebf bi\u1ebfn c\u00e1c m\u00f3n \u0103n theo \u00fd th\u00edch l\u00e0 \u0111\u00e3 c\u00f3 ngay m\u1ed9t b\u1eefa c\u01a1m h\u1ea5p d\u1eabn cho c\u00e1c th\u00e0nh vi\u00ean trong gia \u0111\u00ecnh ho\u1eb7c \u01b0\u1edbp 1-2 ti\u1ebfng cho b\u1eefa ti\u1ec7c BBQ.<\/p>\n<p><img decoding=\"async\" class=\"wp-image-30313 aligncenter\" src=\"https:\/\/havamall.vn\/wp-content\/uploads\/2023\/02\/23-300x165.png\" alt=\"\" width=\"661\" height=\"364\" srcset=\"https:\/\/havamall.vn\/wp-content\/uploads\/2023\/02\/23-300x165.png 300w, https:\/\/havamall.vn\/wp-content\/uploads\/2023\/02\/23-430x237.png 430w, https:\/\/havamall.vn\/wp-content\/uploads\/2023\/02\/23-150x83.png 150w, https:\/\/havamall.vn\/wp-content\/uploads\/2023\/02\/23-700x386.png 700w, https:\/\/havamall.vn\/wp-content\/uploads\/2023\/02\/23-768x424.png 768w, https:\/\/havamall.vn\/wp-content\/uploads\/2023\/02\/23-1024x565.png 1024w, https:\/\/havamall.vn\/wp-content\/uploads\/2023\/02\/23-1200x662.png 1200w, https:\/\/havamall.vn\/wp-content\/uploads\/2023\/02\/23-600x331.png 600w\" sizes=\"(max-width: 661px) 100vw, 661px\" \/><\/p>\n<h2><strong>\u0110\u1eb6C \u0110I\u1ec2M N\u1ed4I B\u1eacT C\u1ee6A S\u1ea2N PH\u1ea8M<\/strong><\/h2>\n<p>&#8211; Gia v\u1ecb Lobo Th\u00e1i Lan l\u00e0 gia v\u1ecb chuy\u00ean d\u1ee5ng t\u1ea1o n\u00ean h\u01b0\u01a1ng v\u1ecb tuy\u1ec7t ngon \u0111\u01b0\u1ee3c nhi\u1ec1u ng\u01b0\u1eddi y\u00eau th\u00edch tr\u00ean kh\u1eafp th\u1ebf gi\u1edbi, \u0111\u1eb7c bi\u1ec7t l\u00e0 h\u1ee3p v\u1edbi kh\u1ea9u v\u1ecb c\u1ee7a ng\u01b0\u1eddi Vi\u1ec7t Nam.<\/p>\n<p>&#8211; Gia v\u1ecb Lobo \u0111\u01b0\u1ee3c s\u1ea3n xu\u1ea5t tr\u00ean d\u00e2y chuy\u1ec1n c\u00f4ng ngh\u1ec7 hi\u1ec7n \u0111\u1ea1i, kh\u00e9p k\u00edn, \u0111\u1ea3m b\u1ea3o an to\u00e0n v\u1ec7 sinh th\u1ef1c ph\u1ea9m.<\/p>\n<p>&#8211; Ch\u1ecdn l\u1ecdc t\u1eeb ngu\u1ed3n nguy\u00ean li\u1ec7u thi\u00ean nhi\u00ean \u0111\u1eb7c tr\u01b0ng c\u1ee7a x\u1ee9 s\u1edf Ch\u00f9a V\u00e0ng, mang \u0111\u1ebfn h\u01b0\u01a1ng v\u1ecb th\u01a1m ngon \u0111\u1eadm \u0111\u00e0 \u0111\u00fang chu\u1ea9n.<\/p>\n<h2><strong>H\u01af\u1edaNG D\u1eaaN S\u1eec D\u1ee4NG<\/strong><\/h2>\n<p>&#8211; G\u00f3i gia v\u1ecb n\u01b0\u1edbng th\u1ecbt Lobo<\/p>\n<p>&#8211; 1kg th\u1ecbt n\u1ea1c d\u0103m ho\u1eb7c th\u1ecbt n\u1ea1t tu\u1ef3 th\u00edch<\/p>\n<p>&#8211; \u01af\u1edbp g\u00f3i gi\u1ea1i v\u1edbi th\u1ecbt trong v\u00f2ng 30 ph\u00fat<\/p>\n<p>&#8211; Sau \u0111\u00f3 n\u01b0\u1edbng ho\u1eb7c chi\u00ean<\/p>","protected":false},"excerpt":{"rendered":"<p>TH\u00d4NG TIN CHUNG Th\u01b0\u01a1ng hi\u1ec7u LOBO Xu\u1ea5t x\u1ee9 Th\u00e1i Lan Th\u00e0nh ph\u1ea7n \u0110\u01b0\u1eddng, gia v\u1ecb gochujang, n\u01b0\u1edbc, n\u01b0\u1edbc t\u00e1o, gi\u1ea5m,<\/p>","protected":false},"featured_media":30314,"comment_status":"open","ping_status":"closed","template":"","meta":[],"product_brand":[],"product_cat":[36],"product_tag":[],"class_list":{"0":"post-30311","1":"product","2":"type-product","3":"status-publish","4":"has-post-thumbnail","6":"product_cat-thuc-pham-tieu-dung","7":"pa_brand-lobo","9":"first","10":"instock","11":"sale","12":"shipping-taxable","13":"purchasable","14":"product-type-simple"},"_links":{"self":[{"href":"https:\/\/havamall.vn\/en\/wp-json\/wp\/v2\/product\/30311"}],"collection":[{"href":"https:\/\/havamall.vn\/en\/wp-json\/wp\/v2\/product"}],"about":[{"href":"https:\/\/havamall.vn\/en\/wp-json\/wp\/v2\/types\/product"}],"replies":[{"embeddable":true,"href":"https:\/\/havamall.vn\/en\/wp-json\/wp\/v2\/comments?post=30311"}],"version-history":[{"count":0,"href":"https:\/\/havamall.vn\/en\/wp-json\/wp\/v2\/product\/30311\/revisions"}],"wp:featuredmedia":[{"embeddable":true,"href":"https:\/\/havamall.vn\/en\/wp-json\/wp\/v2\/media\/30314"}],"wp:attachment":[{"href":"https:\/\/havamall.vn\/en\/wp-json\/wp\/v2\/media?parent=30311"}],"wp:term":[{"taxonomy":"product_brand","embeddable":true,"href":"https:\/\/havamall.vn\/en\/wp-json\/wp\/v2\/product_brand?post=30311"},{"taxonomy":"product_cat","embeddable":true,"href":"https:\/\/havamall.vn\/en\/wp-json\/wp\/v2\/product_cat?post=30311"},{"taxonomy":"product_tag","embeddable":true,"href":"https:\/\/havamall.vn\/en\/wp-json\/wp\/v2\/product_tag?post=30311"}],"curies":[{"name":"wp","href":"https:\/\/api.w.org\/{rel}","templated":true}]}}