{"id":30306,"date":"2023-02-08T15:39:39","date_gmt":"2023-02-08T08:39:39","guid":{"rendered":"https:\/\/havamall.vn\/?post_type=product&#038;p=30306"},"modified":"2023-02-08T17:25:27","modified_gmt":"2023-02-08T10:25:27","slug":"bot-gia-vi-tom-rang-muoi-tieu-lobo-pepper-salt-prawn-stir-fry-mix","status":"publish","type":"product","link":"https:\/\/havamall.vn\/en\/shop\/bot-gia-vi-tom-rang-muoi-tieu-lobo-pepper-salt-prawn-stir-fry-mix\/","title":{"rendered":"B\u1ed9t Gia V\u1ecb T\u00f4m Rang Mu\u1ed1i Ti\u00eau Lobo &#8211; Pepper Salt Prawn Stir-Fry Mix"},"content":{"rendered":"<h2><strong>TH\u00d4NG TIN CHUNG<\/strong><\/h2>\n<table border=\"2\" width=\"476\">\n<tbody>\n<tr>\n<td><strong>Th\u01b0\u01a1ng hi\u1ec7u<\/strong><\/td>\n<td>LOBO<\/td>\n<\/tr>\n<tr>\n<td><strong>Xu\u1ea5t x\u1ee9<\/strong><\/td>\n<td>Th\u00e1i Lan<\/td>\n<\/tr>\n<tr>\n<td><strong>Th\u00e0nh ph\u1ea7n<\/strong><\/td>\n<td>B\u1ed9t t\u1ecfi, b\u1ed9t h\u00e0nh, b\u1ed9t ti\u00eau, mu\u1ed1i, \u0111\u01b0\u1eddng, \u0111\u1ea1m th\u1ef1c v\u1eadt, b\u1ed9t ti\u00eau \u0111en,&#8230;<\/td>\n<\/tr>\n<tr>\n<td><strong>Quy c\u00e1ch<\/strong><\/td>\n<td>50g<\/td>\n<\/tr>\n<tr>\n<td><strong>B\u1ea3o qu\u1ea3n<\/strong><\/td>\n<td>B\u1ea3o qu\u1ea3n n\u01a1i kh\u00f4 r\u00e1o, tho\u00e1ng m\u00e1t, tr\u00e1nh \u00e1nh n\u1eafng tr\u1ef1c ti\u1ebfp<\/td>\n<\/tr>\n<tr>\n<td><strong>H\u1ea1n s\u1eed d\u1ee5ng<\/strong><\/td>\n<td>Xem tr\u1ef1c ti\u1ebfp tr\u00ean bao b\u00ec s\u1ea3n ph\u1ea9m.<\/td>\n<\/tr>\n<\/tbody>\n<\/table>\n<h2><strong>GIA V\u1eca T\u00d4M RANG MU\u1ed0I T\u00d4M LOBO<\/strong><\/h2>\n<p>S\u1ea3n ph\u1ea9m \u0111\u1ebfn t\u1eeb th\u01b0\u01a1ng hi\u1ec7u Lobo. \u0110\u00e2y l\u00e0 m\u1ed9t th\u01b0\u01a1ng hi\u1ec7u n\u1ed5i ti\u1ebfng c\u1ee7a Th\u00e1i Lan, chuy\u00ean cung c\u1ea5p c\u00e1c lo\u1ea1i gia v\u1ecb cho m\u00f3n \u0103n th\u00eam ph\u1ea7n th\u01a1m ngon. Hi\u1ec7n nay, c\u00e1c s\u1ea3n ph\u1ea9m c\u1ee7a Lobo r\u1ea5t \u0111\u01b0\u1ee3c \u01b0u chu\u1ed9ng t\u1ea1i Vi\u1ec7t Nam b\u1edfi ng\u01b0\u1eddi n\u1ea5u s\u1ebd ti\u1ebft ki\u1ec7m nhi\u1ec1u th\u1eddi gian v\u00e0 c\u00f4ng s\u1ee9c \u0111\u1ec3 t\u1ea1o ra m\u1ed9t b\u1eefa c\u01a1m ho\u00e0n ch\u1ec9nh. V\u1edbi th\u00e0nh ph\u1ea7n g\u1ed3m nh\u1eefng nguy\u00ean li\u1ec7u an to\u00e0n, gia v\u1ecb Lobo \u0111\u1ea3m b\u1ea3o v\u1ec7 sinh th\u1ef1c ph\u1ea9m tuy\u1ec7t \u0111\u1ed1i.<\/p>\n<p>Gia v\u1ecb Lobo Th\u00e1i Lan l\u00e0 gia v\u1ecb chuy\u00ean d\u1ee5ng t\u1ea1o n\u00ean h\u01b0\u01a1ng v\u1ecb tuy\u1ec7t ngon \u0111\u01b0\u1ee3c nhi\u1ec1u ng\u01b0\u1eddi y\u00eau th\u00edch tr\u00ean kh\u1eafp th\u1ebf gi\u1edbi, \u0111\u1eb7c bi\u1ec7t l\u00e0 h\u1ee3p v\u1edbi kh\u1ea9u v\u1ecb c\u1ee7a ng\u01b0\u1eddi Vi\u1ec7t Nam.<\/p>\n<p><img fetchpriority=\"high\" decoding=\"async\" class=\"wp-image-30307 aligncenter\" src=\"https:\/\/havamall.vn\/wp-content\/uploads\/2023\/02\/2.2-300x200.png\" alt=\"\" width=\"629\" height=\"419\" srcset=\"https:\/\/havamall.vn\/wp-content\/uploads\/2023\/02\/2.2-300x200.png 300w, https:\/\/havamall.vn\/wp-content\/uploads\/2023\/02\/2.2-430x287.png 430w, https:\/\/havamall.vn\/wp-content\/uploads\/2023\/02\/2.2-150x100.png 150w, https:\/\/havamall.vn\/wp-content\/uploads\/2023\/02\/2.2-700x467.png 700w, https:\/\/havamall.vn\/wp-content\/uploads\/2023\/02\/2.2-768x512.png 768w, https:\/\/havamall.vn\/wp-content\/uploads\/2023\/02\/2.2-1024x683.png 1024w, https:\/\/havamall.vn\/wp-content\/uploads\/2023\/02\/2.2.png 1200w, https:\/\/havamall.vn\/wp-content\/uploads\/2023\/02\/2.2-600x400.png 600w\" sizes=\"(max-width: 629px) 100vw, 629px\" \/><\/p>\n<h2><strong>\u0110\u1eb6C \u0110I\u1ec2M N\u1ed4I B\u1eacT C\u1ee6A S\u1ea2N PH\u1ea8M<\/strong><\/h2>\n<p>&gt; Gia v\u1ecb Lobo Th\u00e1i Lan l\u00e0 gia v\u1ecb chuy\u00ean d\u1ee5ng t\u1ea1o n\u00ean h\u01b0\u01a1ng v\u1ecb tuy\u1ec7t ngon \u0111\u01b0\u1ee3c nhi\u1ec1u ng\u01b0\u1eddi y\u00eau th\u00edch tr\u00ean kh\u1eafp th\u1ebf gi\u1edbi, \u0111\u1eb7c bi\u1ec7t l\u00e0 h\u1ee3p v\u1edbi kh\u1ea9u v\u1ecb c\u1ee7a ng\u01b0\u1eddi Vi\u1ec7t Nam.<\/p>\n<p>&gt; Gia v\u1ecb Lobo \u0111\u01b0\u1ee3c s\u1ea3n xu\u1ea5t tr\u00ean d\u00e2y chuy\u1ec1n c\u00f4ng ngh\u1ec7 hi\u1ec7n \u0111\u1ea1i, kh\u00e9p k\u00edn, \u0111\u1ea3m b\u1ea3o an to\u00e0n v\u1ec7 sinh th\u1ef1c ph\u1ea9m.<\/p>\n<p>&gt; Ch\u1ecdn l\u1ecdc t\u1eeb ngu\u1ed3n nguy\u00ean li\u1ec7u thi\u00ean nhi\u00ean \u0111\u1eb7c tr\u01b0ng c\u1ee7a x\u1ee9 s\u1edf Ch\u00f9a V\u00e0ng, mang \u0111\u1ebfn h\u01b0\u01a1ng v\u1ecb th\u01a1m ngon \u0111\u1eadm \u0111\u00e0 \u0111\u00fang chu\u1ea9n.<\/p>\n<p>&gt; G\u00f3i gia v\u1ecb T\u00f4m Rang hi\u1ec7u Lobo l\u00e0 g\u00f3i gia v\u1ecb ho\u00e0n ch\u1ec9nh, gi\u00fap b\u1ea1n ch\u1ebf bi\u1ebfn m\u00f3n \u0103n ngon nhanh ch\u00f3ng ti\u1ec7n l\u1ee3i m\u00e0 l\u1ea1i th\u01a1m ngon nh\u01b0 nh\u00e0 h\u00e0ng.<\/p>\n<h2><img decoding=\"async\" class=\"wp-image-30308 aligncenter\" src=\"https:\/\/havamall.vn\/wp-content\/uploads\/2023\/02\/2.1-300x300.png\" alt=\"\" width=\"615\" height=\"615\" srcset=\"https:\/\/havamall.vn\/wp-content\/uploads\/2023\/02\/2.1-300x300.png 300w, https:\/\/havamall.vn\/wp-content\/uploads\/2023\/02\/2.1-430x430.png 430w, https:\/\/havamall.vn\/wp-content\/uploads\/2023\/02\/2.1-150x150.png 150w, https:\/\/havamall.vn\/wp-content\/uploads\/2023\/02\/2.1-700x700.png 700w, https:\/\/havamall.vn\/wp-content\/uploads\/2023\/02\/2.1-768x768.png 768w, https:\/\/havamall.vn\/wp-content\/uploads\/2023\/02\/2.1-1024x1024.png 1024w, https:\/\/havamall.vn\/wp-content\/uploads\/2023\/02\/2.1.png 1200w, https:\/\/havamall.vn\/wp-content\/uploads\/2023\/02\/2.1-600x600.png 600w, https:\/\/havamall.vn\/wp-content\/uploads\/2023\/02\/2.1-100x100.png 100w\" sizes=\"(max-width: 615px) 100vw, 615px\" \/><\/h2>\n<h2><strong>H\u01af\u1edaNG D\u1eaaN S\u1eec D\u1ee4NG<\/strong><\/h2>\n<h5><em><strong>Nguy\u00ean li\u1ec7u (Kh\u1ea9u ph\u1ea7n:\u00a02\u00a0ng\u01b0\u1eddi) <\/strong><\/em><\/h5>\n<p>&#8211; T\u00f4m t\u01b0\u01a1i 450\u00a0Gr<\/p>\n<p>&#8211; G\u00f3i gia v\u1ecb T\u00f4m rang mu\u1ed1i ti\u00eau Lobo<\/p>\n<p>&#8211; B\u1ed9t b\u1eafp 45\u00a0Gr H\u00e0nh l\u00e1 1\u00a0C\u00e2y \u1edat 1<\/p>\n<p>&#8211; Tr\u00e1i T\u1ecfi b\u0103m 1\u00a0Mu\u1ed7ng c\u00e0 ph\u00ea<\/p>\n<p>&#8211; D\u1ea7u \u0103n n\u1eeda ch\u00e9n<\/p>\n<p><img decoding=\"async\" class=\"wp-image-30309 aligncenter\" src=\"https:\/\/havamall.vn\/wp-content\/uploads\/2023\/02\/2.3-279x300.png\" alt=\"\" width=\"617\" height=\"663\" srcset=\"https:\/\/havamall.vn\/wp-content\/uploads\/2023\/02\/2.3-279x300.png 279w, https:\/\/havamall.vn\/wp-content\/uploads\/2023\/02\/2.3-430x462.png 430w, https:\/\/havamall.vn\/wp-content\/uploads\/2023\/02\/2.3-150x161.png 150w, https:\/\/havamall.vn\/wp-content\/uploads\/2023\/02\/2.3-700x752.png 700w, https:\/\/havamall.vn\/wp-content\/uploads\/2023\/02\/2.3-768x825.png 768w, https:\/\/havamall.vn\/wp-content\/uploads\/2023\/02\/2.3-954x1024.png 954w, https:\/\/havamall.vn\/wp-content\/uploads\/2023\/02\/2.3-1200x1289.png 1200w, https:\/\/havamall.vn\/wp-content\/uploads\/2023\/02\/2.3-600x644.png 600w\" sizes=\"(max-width: 617px) 100vw, 617px\" \/><\/p>\n<h5><em><strong>H\u01b0\u1edbng d\u1eabn th\u1ef1c hi\u1ec7n<\/strong><\/em><\/h5>\n<p>1. T\u00f4m s\u00fa mua v\u1ec1, d\u00f9ng k\u00e9o c\u1eaft r\u00e2u, b\u1ecf ch\u1ec9 \u0111en.<\/p>\n<p>2. \u0110un s\u00f4i d\u1ea7u \u0103n trong ch\u1ea3o. Sau \u0111\u00f3 nhanh ch\u00f3ng cho t\u00f4m v\u00e0o chi\u00ean m\u1ed7i b\u00ean 30 gi\u00e2y.<\/p>\n<p>3. R\u1eeda s\u1ea1ch t\u00f4m, th\u1ea5m kh\u00f4 b\u1eb1ng kh\u0103n gi\u1ea5y r\u1ed3i l\u0103n v\u00e0o ch\u00e9n b\u1ed9t b\u1eafp.<\/p>\n<p>4. Sau \u0111\u00f3 r\u1eafc G\u00d3I GIA V\u1eca T\u00d4M RANG MU\u1ed0I TI\u00caU LOBO sao cho v\u1eeba mi\u1ec7ng.<\/p>\n<p>5. Cho 2 mu\u1ed7ng canh d\u1ea7u \u0103n v\u00e0o ch\u1ea3o, th\u00eam t\u1ecfi chi\u00ean cho \u0111\u1ebfn khi c\u00f3 m\u00e0u v\u00e0ng n\u00e2u. Cho t\u1ecfi ra kh\u0103n gi\u1ea5y cho th\u1ea5m b\u1edbt d\u1ea7u.<\/p>\n<p>6. Cho 1 mu\u1ed7ng c\u00e0 ph\u00ea d\u1ea7u \u0103n v\u00e0o ch\u1ea3o, th\u00eam \u1edbt v\u00e0o. T\u1eaft b\u1ebfp, th\u00eam t\u1ecfi chi\u00ean v\u00e0o ch\u1ea3o, \u0111\u1ea3o t\u1ea5t c\u1ea3 m\u1ecdi th\u1ee9 v\u1edbi nhau trong m\u1ed9t ph\u00fat. Th\u00eam t\u00f4m v\u00e0o ch\u1ea3o v\u00e0 nh\u1eb9 nh\u00e0ng \u0111\u1ea3o trong 10 gi\u00e2y. Th\u00eam h\u00e0nh l\u00e1 v\u00e0 \u1edbt tr\u00e1i c\u1eaft nh\u1ecf v\u00e0o.<\/p>\n<p>7. Cho t\u00f4m rang mu\u1ed1i ti\u00eau ra \u0111\u0129a r\u1ed3i th\u01b0\u1edfng th\u1ee9c nh\u00e9<\/p>","protected":false},"excerpt":{"rendered":"<p>TH\u00d4NG TIN CHUNG Th\u01b0\u01a1ng hi\u1ec7u LOBO Xu\u1ea5t x\u1ee9 Th\u00e1i Lan Th\u00e0nh ph\u1ea7n B\u1ed9t t\u1ecfi, b\u1ed9t h\u00e0nh, b\u1ed9t ti\u00eau, mu\u1ed1i, \u0111\u01b0\u1eddng,<\/p>","protected":false},"featured_media":30310,"comment_status":"open","ping_status":"closed","template":"","meta":[],"product_brand":[],"product_cat":[36],"product_tag":[],"class_list":{"0":"post-30306","1":"product","2":"type-product","3":"status-publish","4":"has-post-thumbnail","6":"product_cat-thuc-pham-tieu-dung","7":"pa_brand-lobo","9":"first","10":"instock","11":"sale","12":"shipping-taxable","13":"purchasable","14":"product-type-simple"},"_links":{"self":[{"href":"https:\/\/havamall.vn\/en\/wp-json\/wp\/v2\/product\/30306"}],"collection":[{"href":"https:\/\/havamall.vn\/en\/wp-json\/wp\/v2\/product"}],"about":[{"href":"https:\/\/havamall.vn\/en\/wp-json\/wp\/v2\/types\/product"}],"replies":[{"embeddable":true,"href":"https:\/\/havamall.vn\/en\/wp-json\/wp\/v2\/comments?post=30306"}],"version-history":[{"count":0,"href":"https:\/\/havamall.vn\/en\/wp-json\/wp\/v2\/product\/30306\/revisions"}],"wp:featuredmedia":[{"embeddable":true,"href":"https:\/\/havamall.vn\/en\/wp-json\/wp\/v2\/media\/30310"}],"wp:attachment":[{"href":"https:\/\/havamall.vn\/en\/wp-json\/wp\/v2\/media?parent=30306"}],"wp:term":[{"taxonomy":"product_brand","embeddable":true,"href":"https:\/\/havamall.vn\/en\/wp-json\/wp\/v2\/product_brand?post=30306"},{"taxonomy":"product_cat","embeddable":true,"href":"https:\/\/havamall.vn\/en\/wp-json\/wp\/v2\/product_cat?post=30306"},{"taxonomy":"product_tag","embeddable":true,"href":"https:\/\/havamall.vn\/en\/wp-json\/wp\/v2\/product_tag?post=30306"}],"curies":[{"name":"wp","href":"https:\/\/api.w.org\/{rel}","templated":true}]}}