{"id":30277,"date":"2023-02-08T10:48:52","date_gmt":"2023-02-08T03:48:52","guid":{"rendered":"https:\/\/havamall.vn\/?post_type=product&#038;p=30277"},"modified":"2023-02-08T17:31:25","modified_gmt":"2023-02-08T10:31:25","slug":"bot-gia-vi-vit-quay-lobo-roast-duck-seasoning-mix-50g","status":"publish","type":"product","link":"https:\/\/havamall.vn\/en\/shop\/bot-gia-vi-vit-quay-lobo-roast-duck-seasoning-mix-50g\/","title":{"rendered":"B\u1ed9t Gia V\u1ecb V\u1ecbt Quay LOBO &#8211; Roast Duck Seasoning Mix 50g"},"content":{"rendered":"<h2><strong>TH\u00d4NG TIN CHUNG<\/strong><\/h2>\n<table border=\"2\" width=\"476\">\n<tbody>\n<tr>\n<td><strong>Th\u01b0\u01a1ng hi\u1ec7u<\/strong><\/td>\n<td>LOBO<\/td>\n<\/tr>\n<tr>\n<td><strong>Xu\u1ea5t x\u1ee9<\/strong><\/td>\n<td>Th\u00e1i Lan<\/td>\n<\/tr>\n<tr>\n<td><strong>Th\u00e0nh ph\u1ea7n<\/strong><\/td>\n<td>\u0110\u01b0\u1eddng, mu\u1ed1i, gia v\u1ecb, h\u00e0nh, l\u00e1 chanh, m\u00f9i t\u00e2y, ri\u1ec1ng, c\u00e2y ti\u00eau h\u1ed3i, \u0111inh h\u01b0\u01a1ng,&#8230;<\/td>\n<\/tr>\n<tr>\n<td><strong>Quy c\u00e1ch<\/strong><\/td>\n<td>50g<\/td>\n<\/tr>\n<tr>\n<td><strong>B\u1ea3o qu\u1ea3n<\/strong><\/td>\n<td>B\u1ea3o qu\u1ea3n n\u01a1i kh\u00f4 r\u00e1o, tho\u00e1ng m\u00e1t, tr\u00e1nh \u00e1nh n\u1eafng tr\u1ef1c ti\u1ebfp<\/td>\n<\/tr>\n<tr>\n<td><strong>H\u1ea1n s\u1eed d\u1ee5ng<\/strong><\/td>\n<td>Xem tr\u1ef1c ti\u1ebfp tr\u00ean bao b\u00ec s\u1ea3n ph\u1ea9m.<\/td>\n<\/tr>\n<\/tbody>\n<\/table>\n<h2><strong>B\u1ed8T GIA V\u1eca V\u1ecaT QUAY LOBO<\/strong><\/h2>\n<p>S\u1ea3n ph\u1ea9m \u0111\u1ebfn t\u1eeb th\u01b0\u01a1ng hi\u1ec7u Lobo. \u0110\u00e2y l\u00e0 m\u1ed9t th\u01b0\u01a1ng hi\u1ec7u n\u1ed5i ti\u1ebfng c\u1ee7a Th\u00e1i Lan, chuy\u00ean cung c\u1ea5p c\u00e1c lo\u1ea1i gia v\u1ecb cho m\u00f3n \u0103n th\u00eam ph\u1ea7n th\u01a1m ngon. Hi\u1ec7n nay, c\u00e1c s\u1ea3n ph\u1ea9m c\u1ee7a Lobo r\u1ea5t \u0111\u01b0\u1ee3c \u01b0u chu\u1ed9ng t\u1ea1i Vi\u1ec7t Nam b\u1edfi ng\u01b0\u1eddi n\u1ea5u s\u1ebd ti\u1ebft ki\u1ec7m nhi\u1ec1u th\u1eddi gian v\u00e0 c\u00f4ng s\u1ee9c \u0111\u1ec3 t\u1ea1o ra m\u1ed9t b\u1eefa c\u01a1m ho\u00e0n ch\u1ec9nh. V\u1edbi th\u00e0nh ph\u1ea7n g\u1ed3m nh\u1eefng nguy\u00ean li\u1ec7u an to\u00e0n, gia v\u1ecb Lobo \u0111\u1ea3m b\u1ea3o v\u1ec7 sinh th\u1ef1c ph\u1ea9m tuy\u1ec7t \u0111\u1ed1i.<\/p>\n<p>V\u1ecbt quay l\u00e0 \u0111\u1eb7c s\u1ea3n c\u1ee7a Trung Qu\u1ed1c kh\u00f4ng ch\u1ec9 n\u1ed5i ti\u1ebfng \u1edf Ch\u00e2u \u00c1. C\u00f9ng v\u1edbi h\u1ed7n h\u1ee3p Gia v\u1ecb V\u1ecbt Quay Lobo, b\u1ea1n c\u00f3 th\u1ec3 \u01b0\u1edbp th\u1ecbt v\u1ecbt v\u1edbi x\u00ec d\u1ea7u v\u00e0 m\u1eadt ong. Th\u1ecbt s\u1ebd tr\u1edf n\u00ean r\u1ea5t m\u1ec1m v\u00e0 ngon. M\u00f3n v\u1ecbt c\u1ee7a b\u1ea1n \u0111\u01b0\u1ee3c t\u1ea9m gia v\u1ecb r\u1ea5t ngon v\u00e0 c\u00f3 th\u1ec3 d\u00f9ng k\u00e8m v\u1edbi n\u01b0\u1edbc s\u1ed1t tr\u00e1i c\u00e2y ng\u1ecdt (cam v\u00e0 g\u1eebng) v\u00e0 c\u01a1m. N\u00f3 s\u1ebd \u0111\u1ec3 l\u1ea1i cho b\u1ea1n s\u1ef1 ng\u1ea1c nhi\u00ean th\u00fa v\u1ecb.<\/p>\n<p>G\u00f3i gia v\u1ecb V\u1ecbt quay Lobo l\u00e0 g\u00f3i gia v\u1ecb ho\u00e0n ch\u1ec9nh gi\u00fap b\u1ea1n th\u1ef1c hi\u1ec7n c\u00e1c m\u00f3n V\u1ecbt quay, g\u00e0 quay, b\u1ed3 c\u00e2u quay, chim c\u00fat quay,&#8230; m\u1ed9t c\u00e1ch nhanh ch\u00f3ng.<\/p>\n<p><img fetchpriority=\"high\" decoding=\"async\" class=\"wp-image-30279 aligncenter\" src=\"https:\/\/havamall.vn\/wp-content\/uploads\/2023\/02\/9-300x300.png\" alt=\"\" width=\"582\" height=\"582\" srcset=\"https:\/\/havamall.vn\/wp-content\/uploads\/2023\/02\/9-300x300.png 300w, https:\/\/havamall.vn\/wp-content\/uploads\/2023\/02\/9-430x430.png 430w, https:\/\/havamall.vn\/wp-content\/uploads\/2023\/02\/9-150x150.png 150w, https:\/\/havamall.vn\/wp-content\/uploads\/2023\/02\/9-700x700.png 700w, https:\/\/havamall.vn\/wp-content\/uploads\/2023\/02\/9-768x768.png 768w, https:\/\/havamall.vn\/wp-content\/uploads\/2023\/02\/9-1024x1024.png 1024w, https:\/\/havamall.vn\/wp-content\/uploads\/2023\/02\/9-1200x1200.png 1200w, https:\/\/havamall.vn\/wp-content\/uploads\/2023\/02\/9-600x600.png 600w, https:\/\/havamall.vn\/wp-content\/uploads\/2023\/02\/9-100x100.png 100w, https:\/\/havamall.vn\/wp-content\/uploads\/2023\/02\/9.png 1600w\" sizes=\"(max-width: 582px) 100vw, 582px\" \/><\/p>\n<h2><strong>\u0110\u1eb6C \u0110I\u1ec2M N\u1ed4I B\u1eacT C\u1ee6A S\u1ea2N PH\u1ea8M<\/strong><\/h2>\n<p>&#8211; Gia v\u1ecb Lobo Th\u00e1i Lan l\u00e0 gia v\u1ecb chuy\u00ean d\u1ee5ng t\u1ea1o n\u00ean h\u01b0\u01a1ng v\u1ecb tuy\u1ec7t ngon \u0111\u01b0\u1ee3c nhi\u1ec1u ng\u01b0\u1eddi y\u00eau th\u00edch tr\u00ean kh\u1eafp th\u1ebf gi\u1edbi, \u0111\u1eb7c bi\u1ec7t l\u00e0 h\u1ee3p v\u1edbi kh\u1ea9u v\u1ecb c\u1ee7a ng\u01b0\u1eddi Vi\u1ec7t Nam.<\/p>\n<p>&#8211; Gia v\u1ecb Lobo \u0111\u01b0\u1ee3c s\u1ea3n xu\u1ea5t tr\u00ean d\u00e2y chuy\u1ec1n c\u00f4ng ngh\u1ec7 hi\u1ec7n \u0111\u1ea1i, kh\u00e9p k\u00edn, \u0111\u1ea3m b\u1ea3o an to\u00e0n v\u1ec7 sinh th\u1ef1c ph\u1ea9m.<\/p>\n<p>&#8211; Ch\u1ecdn l\u1ecdc t\u1eeb ngu\u1ed3n nguy\u00ean li\u1ec7u thi\u00ean nhi\u00ean \u0111\u1eb7c tr\u01b0ng c\u1ee7a x\u1ee9 s\u1edf Ch\u00f9a V\u00e0ng, mang \u0111\u1ebfn h\u01b0\u01a1ng v\u1ecb th\u01a1m ngon \u0111\u1eadm \u0111\u00e0 \u0111\u00fang chu\u1ea9n.<\/p>\n<p>&#8211; G\u00f3i gia v\u1ecb V\u1ecbt Quay Lobo l\u00e0 g\u00f3i gia v\u1ecb ho\u00e0n ch\u1ec9nh, \u201db\u00ed k\u00edp\u201d l\u00e0m m\u00f3n v\u1ecbt quay, g\u00e0 quay, b\u1ed3 c\u00e2u quay, &#8230; c\u1ee7a nhi\u1ec1u \u0111\u1ea7u b\u1ebfp<\/p>\n<p><img decoding=\"async\" class=\"wp-image-30280 aligncenter\" src=\"https:\/\/havamall.vn\/wp-content\/uploads\/2023\/02\/8-300x200.png\" alt=\"\" width=\"565\" height=\"376\" srcset=\"https:\/\/havamall.vn\/wp-content\/uploads\/2023\/02\/8-300x200.png 300w, https:\/\/havamall.vn\/wp-content\/uploads\/2023\/02\/8-430x286.png 430w, https:\/\/havamall.vn\/wp-content\/uploads\/2023\/02\/8-150x100.png 150w, https:\/\/havamall.vn\/wp-content\/uploads\/2023\/02\/8-700x466.png 700w, https:\/\/havamall.vn\/wp-content\/uploads\/2023\/02\/8-768x511.png 768w, https:\/\/havamall.vn\/wp-content\/uploads\/2023\/02\/8-600x400.png 600w, https:\/\/havamall.vn\/wp-content\/uploads\/2023\/02\/8.png 901w\" sizes=\"(max-width: 565px) 100vw, 565px\" \/><\/p>\n<h2><strong>H\u01af\u1edaNG D\u1eaaN S\u1eec D\u1ee4NG<\/strong><\/h2>\n<p>1. D\u00f9ng 1 g\u00f3i gia v\u1ecb cho 1 con v\u1ecbt<\/p>\n<p>2. R\u1eafc g\u00f3i gia v\u1ecb v\u00e0 thoa \u0111\u1ec1u l\u00ean to\u00e0n b\u1ed9 con v\u1ecbt, \u01b0\u1edbp v\u1ecbt 1 ti\u1ebfng.<\/p>\n<p>3. \u0110\u1eb7t con v\u1ecbt \u0111\u00e3 \u01b0\u1edbp gia v\u1ecb v\u00e0o l\u00f2 quay 190\u2070C trong 30 ph\u00fat. Tr\u1edf \u0111\u1ec1u v\u1ecbt khi quay \u0111\u1ebfn khi th\u1ea5y da v\u1ecbt gi\u00f2n l\u00e0 \u0111\u01b0\u1ee3c.<\/p>\n<p><img decoding=\"async\" class=\"wp-image-30283 aligncenter\" src=\"https:\/\/havamall.vn\/wp-content\/uploads\/2023\/02\/11png-1-240x300.png\" alt=\"\" width=\"561\" height=\"701\" srcset=\"https:\/\/havamall.vn\/wp-content\/uploads\/2023\/02\/11png-1-240x300.png 240w, https:\/\/havamall.vn\/wp-content\/uploads\/2023\/02\/11png-1-430x537.png 430w, https:\/\/havamall.vn\/wp-content\/uploads\/2023\/02\/11png-1-150x187.png 150w, https:\/\/havamall.vn\/wp-content\/uploads\/2023\/02\/11png-1.png 600w\" sizes=\"(max-width: 561px) 100vw, 561px\" \/><\/p>","protected":false},"excerpt":{"rendered":"<p>TH\u00d4NG TIN CHUNG Th\u01b0\u01a1ng hi\u1ec7u LOBO Xu\u1ea5t x\u1ee9 Th\u00e1i Lan Th\u00e0nh ph\u1ea7n \u0110\u01b0\u1eddng, mu\u1ed1i, gia v\u1ecb, h\u00e0nh, l\u00e1 chanh, m\u00f9i<\/p>","protected":false},"featured_media":30282,"comment_status":"open","ping_status":"closed","template":"","meta":[],"product_brand":[],"product_cat":[36],"product_tag":[],"class_list":{"0":"post-30277","1":"product","2":"type-product","3":"status-publish","4":"has-post-thumbnail","6":"product_cat-thuc-pham-tieu-dung","7":"pa_brand-lobo","9":"first","10":"instock","11":"sale","12":"shipping-taxable","13":"purchasable","14":"product-type-simple"},"_links":{"self":[{"href":"https:\/\/havamall.vn\/en\/wp-json\/wp\/v2\/product\/30277"}],"collection":[{"href":"https:\/\/havamall.vn\/en\/wp-json\/wp\/v2\/product"}],"about":[{"href":"https:\/\/havamall.vn\/en\/wp-json\/wp\/v2\/types\/product"}],"replies":[{"embeddable":true,"href":"https:\/\/havamall.vn\/en\/wp-json\/wp\/v2\/comments?post=30277"}],"version-history":[{"count":0,"href":"https:\/\/havamall.vn\/en\/wp-json\/wp\/v2\/product\/30277\/revisions"}],"wp:featuredmedia":[{"embeddable":true,"href":"https:\/\/havamall.vn\/en\/wp-json\/wp\/v2\/media\/30282"}],"wp:attachment":[{"href":"https:\/\/havamall.vn\/en\/wp-json\/wp\/v2\/media?parent=30277"}],"wp:term":[{"taxonomy":"product_brand","embeddable":true,"href":"https:\/\/havamall.vn\/en\/wp-json\/wp\/v2\/product_brand?post=30277"},{"taxonomy":"product_cat","embeddable":true,"href":"https:\/\/havamall.vn\/en\/wp-json\/wp\/v2\/product_cat?post=30277"},{"taxonomy":"product_tag","embeddable":true,"href":"https:\/\/havamall.vn\/en\/wp-json\/wp\/v2\/product_tag?post=30277"}],"curies":[{"name":"wp","href":"https:\/\/api.w.org\/{rel}","templated":true}]}}