{"id":30252,"date":"2023-02-07T16:26:32","date_gmt":"2023-02-07T09:26:32","guid":{"rendered":"https:\/\/havamall.vn\/?post_type=product&#038;p=30252"},"modified":"2023-02-08T17:33:35","modified_gmt":"2023-02-08T10:33:35","slug":"sot-gia-vi-tay-cam-hai-san-hieu-lobo-potted-seafood-seasoning-paste","status":"publish","type":"product","link":"https:\/\/havamall.vn\/en\/shop\/sot-gia-vi-tay-cam-hai-san-hieu-lobo-potted-seafood-seasoning-paste\/","title":{"rendered":"S\u1ed1t Gia V\u1ecb Tay C\u1ea7m H\u1ea3i S\u1ea3n Hi\u1ec7u LOBO &#8211; Potted Seafood Seasoning Paste"},"content":{"rendered":"<h2><strong>TH\u00d4NG TIN CHUNG<\/strong><\/h2>\n<table border=\"2\" width=\"476\">\n<tbody>\n<tr>\n<td><strong>Th\u01b0\u01a1ng hi\u1ec7u<\/strong><\/td>\n<td>LOBO<\/td>\n<\/tr>\n<tr>\n<td><strong>Xu\u1ea5t x\u1ee9<\/strong><\/td>\n<td>Th\u00e1i Lan<\/td>\n<\/tr>\n<tr>\n<td><strong>Th\u00e0nh ph\u1ea7n<\/strong><\/td>\n<td>G\u1eebng, b\u1ed9t \u0111\u1eadu n\u00e0nh, mu\u1ed1i, \u0111\u01b0\u1eddng, t\u1ecfi, r\u1ec5 rau m\u00f9i, gia v\u1ecb,&#8230;<\/td>\n<\/tr>\n<tr>\n<td><strong>Quy c\u00e1ch<\/strong><\/td>\n<td>60g<\/td>\n<\/tr>\n<tr>\n<td><strong>B\u1ea3o qu\u1ea3n<\/strong><\/td>\n<td>B\u1ea3o qu\u1ea3n n\u01a1i kh\u00f4 r\u00e1o, tho\u00e1ng m\u00e1t.<\/td>\n<\/tr>\n<tr>\n<td><strong>H\u1ea1n s\u1eed d\u1ee5ng<\/strong><\/td>\n<td>Xem tr\u1ef1c ti\u1ebfp tr\u00ean bao b\u00ec s\u1ea3n ph\u1ea9m.<\/td>\n<\/tr>\n<\/tbody>\n<\/table>\n<h2><strong>GIA V\u1eca TAY C\u1ea6M H\u1ea2I S\u1ea2N LOBO<\/strong><\/h2>\n<p><strong>Gia v\u1ecb tay c\u1ea7m h\u1ea3i s\u1ea3n Lobo Th\u00e1i Lan<\/strong>\u00a0l\u00e0 s\u1ea3n ph\u1ea9m b\u1ed9t\u00a0gia v\u1ecb\u00a0tr\u1ed9n s\u1eb5n, gi\u00fap b\u1ea1n t\u1ea1o n\u00ean h\u01b0\u01a1ng v\u1ecb th\u01a1m ngon \u0111\u00fang chu\u1ea9n cho m\u00f3n mi\u1ebfn x\u00e0o h\u1ea3i s\u1ea3n tay c\u1ea7m mang h\u01b0\u01a1ng v\u1ecb \u0111\u1eb7c tr\u01b0ng c\u1ee7a \u1ea9m th\u1ef1c Th\u00e1i Lan.<\/p>\n<p>S\u1eed d\u1ee5ng g\u00f3i gia v\u1ecb tr\u1ed9n s\u1eb5n, b\u00e0 n\u1ed9i tr\u1ee3 s\u1ebd ti\u1ebft ki\u1ec7m \u0111\u01b0\u1ee3c kh\u00e1 nhi\u1ec1u th\u1eddi gian v\u00e0 c\u00f4ng s\u1ee9c chu\u1ea9n b\u1ecb v\u00e0 s\u01a1 ch\u1ebf nguy\u00ean li\u1ec7u.<\/p>\n<p><img fetchpriority=\"high\" decoding=\"async\" class=\"wp-image-30253 aligncenter\" src=\"https:\/\/havamall.vn\/wp-content\/uploads\/2023\/02\/fbv-300x300.png\" alt=\"\" width=\"634\" height=\"634\" srcset=\"https:\/\/havamall.vn\/wp-content\/uploads\/2023\/02\/fbv-300x300.png 300w, https:\/\/havamall.vn\/wp-content\/uploads\/2023\/02\/fbv-430x430.png 430w, https:\/\/havamall.vn\/wp-content\/uploads\/2023\/02\/fbv-150x150.png 150w, https:\/\/havamall.vn\/wp-content\/uploads\/2023\/02\/fbv-700x700.png 700w, https:\/\/havamall.vn\/wp-content\/uploads\/2023\/02\/fbv-768x768.png 768w, https:\/\/havamall.vn\/wp-content\/uploads\/2023\/02\/fbv-600x600.png 600w, https:\/\/havamall.vn\/wp-content\/uploads\/2023\/02\/fbv-100x100.png 100w, https:\/\/havamall.vn\/wp-content\/uploads\/2023\/02\/fbv.png 797w\" sizes=\"(max-width: 634px) 100vw, 634px\" \/><\/p>\n<h2><strong>\u0110\u1eb6C \u0110I\u1ec2M S\u1ed0T GIA V\u1eca TAY C\u1ea6M H\u1ea2I S\u1ea2N LOBO<\/strong><\/h2>\n<p>Gia v\u1ecb Lobo Th\u00e1i Lan l\u00e0 gia v\u1ecb chuy\u00ean d\u1ee5ng t\u1ea1o n\u00ean h\u01b0\u01a1ng v\u1ecb tuy\u1ec7t ngon \u0111\u01b0\u1ee3c nhi\u1ec1u ng\u01b0\u1eddi y\u00eau th\u00edch tr\u00ean kh\u1eafp th\u1ebf gi\u1edbi, \u0111\u1eb7c bi\u1ec7t l\u00e0 h\u1ee3p v\u1edbi kh\u1ea9u v\u1ecb c\u1ee7a ng\u01b0\u1eddi Vi\u1ec7t Nam.<\/p>\n<p>Gia v\u1ecb Lobo \u0111\u01b0\u1ee3c s\u1ea3n xu\u1ea5t tr\u00ean d\u00e2y chuy\u1ec1n c\u00f4ng ngh\u1ec7 hi\u1ec7n \u0111\u1ea1i, kh\u00e9p k\u00edn, \u0111\u1ea3m b\u1ea3o an to\u00e0n v\u1ec7 sinh th\u1ef1c ph\u1ea9m.<\/p>\n<p>Ch\u1ecdn l\u1ecdc t\u1eeb ngu\u1ed3n nguy\u00ean li\u1ec7u thi\u00ean nhi\u00ean \u0111\u1eb7c tr\u01b0ng c\u1ee7a x\u1ee9 s\u1edf Ch\u00f9a V\u00e0ng, mang \u0111\u1ebfn h\u01b0\u01a1ng v\u1ecb th\u01a1m ngon \u0111\u1eadm \u0111\u00e0 \u0111\u00fang chu\u1ea9n.<\/p>\n<p>G\u00f3i Gia V\u1ecb H\u1ea3i S\u1ea3n Tay C\u1ea7m (60g) l\u00e0 g\u00f3i s\u1ed1t ho\u00e0n ch\u1ec9nh gi\u00fap b\u1ea1n ch\u1ebf bi\u1ebfn m\u00f3n H\u1ea3i s\u1ea3n tay c\u1ea7m \u0111\u1eadm ch\u1ea5t Trung Hoa 1 c\u00e1ch v\u00f4 c\u00f9ng \u0111\u01a1n gi\u1ea3n v\u00e0 nhanh ch\u00f3ng.<\/p>\n<p><img decoding=\"async\" class=\"wp-image-30257 aligncenter\" src=\"https:\/\/havamall.vn\/wp-content\/uploads\/2023\/02\/vbv-1-1-300x300.png\" alt=\"\" width=\"653\" height=\"653\" srcset=\"https:\/\/havamall.vn\/wp-content\/uploads\/2023\/02\/vbv-1-1-300x300.png 300w, https:\/\/havamall.vn\/wp-content\/uploads\/2023\/02\/vbv-1-1-430x430.png 430w, https:\/\/havamall.vn\/wp-content\/uploads\/2023\/02\/vbv-1-1-150x150.png 150w, https:\/\/havamall.vn\/wp-content\/uploads\/2023\/02\/vbv-1-1-700x700.png 700w, https:\/\/havamall.vn\/wp-content\/uploads\/2023\/02\/vbv-1-1-768x768.png 768w, https:\/\/havamall.vn\/wp-content\/uploads\/2023\/02\/vbv-1-1-1024x1024.png 1024w, https:\/\/havamall.vn\/wp-content\/uploads\/2023\/02\/vbv-1-1-600x600.png 600w, https:\/\/havamall.vn\/wp-content\/uploads\/2023\/02\/vbv-1-1-100x100.png 100w, https:\/\/havamall.vn\/wp-content\/uploads\/2023\/02\/vbv-1-1.png 1080w\" sizes=\"(max-width: 653px) 100vw, 653px\" \/><\/p>\n<h2><strong>H\u01af\u1edaNG D\u1eaaN S\u1eec D\u1ee4NG<\/strong><\/h2>\n<p>&#8211; Tr\u1ed9n g\u00f3i Gia v\u1ecb n\u00e0y v\u1edbi 100g b\u00fan t\u00e0u.<\/p>\n<p>&#8211; C\u1eaft 100g th\u1ecbt g\u00e0 (ho\u1eb7c heo) d\u1ec3 v\u00e0o n\u1ed3i \u0111\u1ea5t c\u00f9ng v\u1edbi ch\u00fat d\u1ea7u \u0103n v\u00e0o, \u0111\u1ec3 b\u00fan t\u00e0u l\u00ean tr\u00ean. Sau c\u00f9ng \u0111\u1ec3 300g h\u1ea3i s\u1ea3n (T\u00f4m\/ Cua\/ M\u1ef1c ho\u1eb7c C\u00e1 t\u00f9y th\u00edch) v\u00e0o.<\/p>\n<p>&#8211; \u0110\u1eady n\u1eafp v\u00e0 n\u1ea5u tr\u00ean l\u1eeda nh\u1ecf trong 15 &#8211; 20 ph\u00fat.<\/p>\n<p>&#8211; Nh\u01b0 v\u1eady l\u00e0 b\u1ea1n \u0111\u00e3 n\u1ea5u xong m\u00f3n H\u1ea3i S\u1ea3n Tay C\u1ea7m.<\/p>","protected":false},"excerpt":{"rendered":"<p>TH\u00d4NG TIN CHUNG Th\u01b0\u01a1ng hi\u1ec7u LOBO Xu\u1ea5t x\u1ee9 Th\u00e1i Lan Th\u00e0nh ph\u1ea7n G\u1eebng, b\u1ed9t \u0111\u1eadu n\u00e0nh, mu\u1ed1i, \u0111\u01b0\u1eddng, t\u1ecfi, r\u1ec5<\/p>","protected":false},"featured_media":30258,"comment_status":"open","ping_status":"closed","template":"","meta":[],"product_brand":[],"product_cat":[36],"product_tag":[],"class_list":{"0":"post-30252","1":"product","2":"type-product","3":"status-publish","4":"has-post-thumbnail","6":"product_cat-thuc-pham-tieu-dung","7":"pa_brand-lobo","9":"first","10":"instock","11":"sale","12":"shipping-taxable","13":"purchasable","14":"product-type-simple"},"_links":{"self":[{"href":"https:\/\/havamall.vn\/en\/wp-json\/wp\/v2\/product\/30252"}],"collection":[{"href":"https:\/\/havamall.vn\/en\/wp-json\/wp\/v2\/product"}],"about":[{"href":"https:\/\/havamall.vn\/en\/wp-json\/wp\/v2\/types\/product"}],"replies":[{"embeddable":true,"href":"https:\/\/havamall.vn\/en\/wp-json\/wp\/v2\/comments?post=30252"}],"version-history":[{"count":0,"href":"https:\/\/havamall.vn\/en\/wp-json\/wp\/v2\/product\/30252\/revisions"}],"wp:featuredmedia":[{"embeddable":true,"href":"https:\/\/havamall.vn\/en\/wp-json\/wp\/v2\/media\/30258"}],"wp:attachment":[{"href":"https:\/\/havamall.vn\/en\/wp-json\/wp\/v2\/media?parent=30252"}],"wp:term":[{"taxonomy":"product_brand","embeddable":true,"href":"https:\/\/havamall.vn\/en\/wp-json\/wp\/v2\/product_brand?post=30252"},{"taxonomy":"product_cat","embeddable":true,"href":"https:\/\/havamall.vn\/en\/wp-json\/wp\/v2\/product_cat?post=30252"},{"taxonomy":"product_tag","embeddable":true,"href":"https:\/\/havamall.vn\/en\/wp-json\/wp\/v2\/product_tag?post=30252"}],"curies":[{"name":"wp","href":"https:\/\/api.w.org\/{rel}","templated":true}]}}