{"id":30149,"date":"2023-01-06T16:21:31","date_gmt":"2023-01-06T09:21:31","guid":{"rendered":"https:\/\/havamall.vn\/?post_type=product&#038;p=30149"},"modified":"2023-06-14T09:42:40","modified_gmt":"2023-06-14T02:42:40","slug":"keo-socola-brownie-vobro-ba-lan-200g","status":"publish","type":"product","link":"https:\/\/havamall.vn\/en\/shop\/keo-socola-brownie-vobro-ba-lan-200g\/","title":{"rendered":"K\u1eb9o socola Brownie Vobro Ba Lan 200g"},"content":{"rendered":"<table id=\"product-attribute-specs-table\" class=\"data table additional-attributes\">\n<tbody>\n<tr>\n<th class=\"label\" scope=\"row\">Xu\u1ea5t x\u1ee9<\/th>\n<td class=\"data\">Ba Lan<\/td>\n<\/tr>\n<tr>\n<th class=\"label\" scope=\"row\">Th\u01b0\u01a1ng hi\u1ec7u<\/th>\n<td class=\"data\">Vobro Jamajka<\/td>\n<\/tr>\n<tr>\n<th class=\"label\" scope=\"row\">H\u1ea1n s\u1eed d\u1ee5ng<\/th>\n<td class=\"data\">12 Th\u00e1ng<\/td>\n<\/tr>\n<tr>\n<th class=\"label\" scope=\"row\">H\u01b0\u1edbng d\u1eabn s\u1eed d\u1ee5ng<\/th>\n<td class=\"data\">D\u00f9ng tr\u1ef1c ti\u1ebfp sau khi m\u1edf bao b\u00ec<\/td>\n<\/tr>\n<tr>\n<th class=\"label\" scope=\"row\">Th\u00e0nh ph\u1ea7n<\/th>\n<td class=\"data\">Vui l\u00f2ng xem tr\u00ean bao b\u00ec s\u1ea3n ph\u1ea9m<\/td>\n<\/tr>\n<tr>\n<th class=\"label\" scope=\"row\">\u0110i\u1ec1u ki\u1ec7n b\u1ea3o qu\u1ea3n<\/th>\n<td class=\"data\">N\u01a1i kh\u00f4 ra\u0301o thoa\u0301ng ma\u0301t tra\u0301nh a\u0301nh n\u0103\u0301ng tr\u01b0\u0323c ti\u00ea\u0301p.<\/td>\n<\/tr>\n<\/tbody>\n<\/table>\n<p>&nbsp;<\/p>\n<p>S\u1ea3n ph\u1ea9m l\u00e0 s\u1ef1 k\u1ebft h\u1ee3p gi\u1eefa socola v\u00e0 nh\u00e2n brownie ngon ng\u1ecdt, m\u1ed9t trong nh\u1eefng s\u1ea3n ph\u1ea9m best- seller \u0111\u1ee9ng \u0111\u1ea7u c\u1ee7a t\u1eadp \u0111o\u00e0n Mars n\u1ed5i ti\u1ebfng kh\u1eafp ch\u00e2u \u00c2u.H\u01b0\u01a1ng v\u1ecb th\u01a1m ngon c\u1ef1c \u0111\u1ec9nh v\u1edbi l\u1edbp socola m\u1ec1m m\u1ecbn, tan ch\u1ea3y bao b\u1ecdc m\u1ed9t c\u00e1ch c\u1ea9n th\u1eadn l\u1edbp nh\u00e2n brownie ng\u1ecdt thanh b\u00ean trong \u0111\u00e3 chinh ph\u1ee5c kh\u00f4ng bi\u1ebft bao ng\u01b0\u1eddi y\u00eau socola.<\/p>\n<p><img fetchpriority=\"high\" decoding=\"async\" class=\"aligncenter\" src=\"https:\/\/scontent.fsgn8-4.fna.fbcdn.net\/v\/t1.6435-9\/68399603_2038583646246174_444394364832055296_n.jpg?_nc_cat=108&amp;ccb=1-7&amp;_nc_sid=730e14&amp;_nc_ohc=-ROp8NnWwj4AX9gncB9&amp;_nc_ht=scontent.fsgn8-4.fna&amp;oh=00_AfBIb4Bj3KyW3hjclcbr3y35NTGbdyx1_bNlKcqnVXDCdA&amp;oe=63DF6A37\" alt=\"Kh\u00f4ng c\u00f3 m\u00f4 t\u1ea3 \u1ea3nh.\" width=\"760\" height=\"760\" \/><\/p>\n<p>B\u00ean trong mang \u0111\u1ea7y \u0111\u1ee7 h\u01b0\u01a1ng v\u1ecb tuy\u1ec7t h\u1ea3o cho b\u1ea1n. N\u1ebfu b\u1ea1n l\u00e0 m\u1ed9t t\u00edn \u0111\u1ed3 c\u1ee7a s\u00f4 c\u00f4 la, nh\u1ea5t \u0111\u1ecbnh b\u1ea1n kh\u00f4ng n\u00ean b\u1ecf qua s\u1ea3n ph\u1ea9m n\u00e0y. Ch\u1ec9 v\u1edbi 1 c\u1ee5c k\u1eb9o nh\u1ecf s\u1ebd gi\u00fap b\u1ea1n th\u01b0 gi\u00e3n gi\u1eefa nh\u1eefng l\u00fac l\u00e0m vi\u1ec7c h\u1ecdc t\u1eadp c\u0103ng th\u1eb3ng hay nh\u1eefng l\u00fac b\u1ea1n \u0111ang t\u00ecm m\u1ed9t th\u1ee9 g\u00ec \u0111\u00f3 \u0111\u1ec3 nh\u1ea5m nh\u00e1p. S\u1ea3n ph\u1ea9m n\u00e0y s\u1ebd l\u00e0 m\u1ed9t tr\u1ea3i nghi\u1ec7m tuy\u1ec7t v\u1eddi d\u00e0nh cho b\u1ea1n.S\u1eed d\u1ee5ng k\u1eb9o s\u00f4 c\u00f4 la nh\u00e2n brownie nh\u01b0 m\u1ed9t m\u00f3n qu\u00e0 cho nh\u00e2n vi\u00ean, b\u1ea1n b\u00e8 ho\u1eb7c gia \u0111\u00ecnh.<\/p>\n<p><img decoding=\"async\" class=\"aligncenter\" src=\"https:\/\/scontent.fsgn8-3.fna.fbcdn.net\/v\/t1.6435-9\/83515974_2344196205684915_543232935386415104_n.jpg?_nc_cat=110&amp;ccb=1-7&amp;_nc_sid=730e14&amp;_nc_ohc=5RZb3WSsJS4AX8_X5aK&amp;_nc_ht=scontent.fsgn8-3.fna&amp;oh=00_AfD1Yxif_-etBIAuZYpIIzJY8DJWYN1m1YglCRH-bQVaQA&amp;oe=63DF5F01\" alt=\"Kh\u00f4ng c\u00f3 m\u00f4 t\u1ea3 \u1ea3nh.\" width=\"742\" height=\"742\" \/><\/p>\n<p>Ho\u00e0n to\u00e0n \u0111\u01b0\u1ee3c tuy\u1ec3n ch\u1ecdn b\u1eb1ng t\u00ecnh y\u00eau th\u01b0\u01a1ng, g\u00f3i qu\u00e0 t\u1eb7ng s\u00f4 c\u00f4 la th\u01a1m ngon \u0111\u1eadm \u0111\u00e0 s\u00f4 c\u00f4 la v\u1ecb brownie l\u00e0 l\u1ef1a ch\u1ecdn ho\u00e0n h\u1ea3o cho m\u1ecdi d\u1ecbp, l\u00e0 m\u1ed9t m\u00f3n qu\u00e0 ho\u00e0n h\u1ea3o.V\u1ecb brownie l\u00f4i cu\u1ed1n c\u00e1c gi\u00e1c quan c\u1ee7a b\u1ea1n. M\u00f3n tr\u00e1ng mi\u1ec7ng k\u1ebft h\u1ee3p s\u00f4 c\u00f4 la v\u1edbi brownie ngon ng\u1ecdt trong c\u00e1c thanh nh\u1ecf, k\u00edch th\u01b0\u1edbc nh\u1ecf v\u1eeba t\u00fai n\u00ean d\u1ec5 d\u00e0ng mang theo.<\/p>\n<p>S\u1ef1 h\u00f2a quy\u1ec7n tuy\u1ec7t h\u1ea3o gi\u1eefa s\u00f4 c\u00f4 la s\u1eefa th\u01a1m n\u1ee9c c\u00f9ng l\u1edbp brownie c\u1ef1c k\u00ec ngon.\u00a0 \u2013 V\u1ecb ng\u1ecdt v\u1eeba,\u00a0 t\u1eebng vi\u00ean k\u1eb9o \u0111\u01b0\u1ee3c g\u00f3i trong 1 t\u00fai gi\u1ea5y gi\u00fap b\u1ea3o qu\u1ea3n s\u1ea3n ph\u1ea9m t\u1ed1t h\u01a1n.<\/p>","protected":false},"excerpt":{"rendered":"<p>Xu\u1ea5t x\u1ee9 Ba Lan Th\u01b0\u01a1ng hi\u1ec7u Vobro Jamajka H\u1ea1n s\u1eed d\u1ee5ng 12 Th\u00e1ng H\u01b0\u1edbng d\u1eabn s\u1eed d\u1ee5ng D\u00f9ng tr\u1ef1c ti\u1ebfp<\/p>","protected":false},"featured_media":30150,"comment_status":"open","ping_status":"closed","template":"","meta":[],"product_brand":[],"product_cat":[36,133],"product_tag":[],"class_list":{"0":"post-30149","1":"product","2":"type-product","3":"status-publish","4":"has-post-thumbnail","6":"product_cat-thuc-pham-tieu-dung","7":"product_cat-banh-keo-chocolate","9":"first","10":"outofstock","11":"sale","12":"shipping-taxable","13":"purchasable","14":"product-type-simple"},"_links":{"self":[{"href":"https:\/\/havamall.vn\/en\/wp-json\/wp\/v2\/product\/30149"}],"collection":[{"href":"https:\/\/havamall.vn\/en\/wp-json\/wp\/v2\/product"}],"about":[{"href":"https:\/\/havamall.vn\/en\/wp-json\/wp\/v2\/types\/product"}],"replies":[{"embeddable":true,"href":"https:\/\/havamall.vn\/en\/wp-json\/wp\/v2\/comments?post=30149"}],"version-history":[{"count":0,"href":"https:\/\/havamall.vn\/en\/wp-json\/wp\/v2\/product\/30149\/revisions"}],"wp:featuredmedia":[{"embeddable":true,"href":"https:\/\/havamall.vn\/en\/wp-json\/wp\/v2\/media\/30150"}],"wp:attachment":[{"href":"https:\/\/havamall.vn\/en\/wp-json\/wp\/v2\/media?parent=30149"}],"wp:term":[{"taxonomy":"product_brand","embeddable":true,"href":"https:\/\/havamall.vn\/en\/wp-json\/wp\/v2\/product_brand?post=30149"},{"taxonomy":"product_cat","embeddable":true,"href":"https:\/\/havamall.vn\/en\/wp-json\/wp\/v2\/product_cat?post=30149"},{"taxonomy":"product_tag","embeddable":true,"href":"https:\/\/havamall.vn\/en\/wp-json\/wp\/v2\/product_tag?post=30149"}],"curies":[{"name":"wp","href":"https:\/\/api.w.org\/{rel}","templated":true}]}}