{"id":30100,"date":"2023-01-05T17:12:36","date_gmt":"2023-01-05T10:12:36","guid":{"rendered":"https:\/\/havamall.vn\/?post_type=product&#038;p=30100"},"modified":"2023-01-05T17:12:37","modified_gmt":"2023-01-05T10:12:37","slug":"mut-dau-tam-cao-cap-golden-farm-mulberry-jam","status":"publish","type":"product","link":"https:\/\/havamall.vn\/en\/shop\/mut-dau-tam-cao-cap-golden-farm-mulberry-jam\/","title":{"rendered":"M\u1ee9t D\u00e2u T\u1eb1m Cao C\u1ea5p Golden Farm &#8211; Mulberry Jam"},"content":{"rendered":"<p><strong>Golden Farm<\/strong>\u00a0l\u00e0 th\u01b0\u01a1ng hi\u1ec7u r\u1ea5t n\u1ed5i ti\u1ebfng tr\u00ean th\u1ecb tr\u01b0\u1eddng v\u1edbi c\u00e1c d\u00f2ng s\u1ea3n ph\u1ea9m: M\u1ee9t tr\u00e1i c\u00e2y, b\u01a1 \u0111\u1eadu ph\u1ed9ng, c\u00e1c lo\u1ea1i x\u1ed1t mayonnaise, salad,&#8230; \u0110\u01b0\u1ee3c th\u00e0nh l\u1eadp t\u1eeb n\u0103m 2000, cho \u0111\u1ebfn hi\u1ec7n nay sau h\u01a1n 20 n\u0103m h\u00ecnh th\u00e0nh v\u00e0 ph\u00e1t tri\u1ec3n, c\u00e1c s\u1ea3n ph\u1ea9m c\u1ee7a Golden Farm \u0111\u00e3 \u0111\u01b0\u1ee3c ph\u00e2n ph\u1ed1i r\u1ed9ng kh\u1eafp c\u00e1c t\u1ec9nh th\u00e0nh c\u1ee7a Vi\u1ec7t Nam v\u00e0\u00a0\u0111\u1ea1t c\u00e1c ti\u00eau chu\u1ea9n \u0111\u1ec3 xu\u1ea5t kh\u1ea9u\u00a0sang c\u00e1c n\u01b0\u1edbc: Nh\u1eadt, Th\u00e1i Lan, Singapore, Nga,&#8230; c\u00f9ng v\u1edbi ti\u00eau ch\u00ed \u201cB\u1ed5 d\u01b0\u1ee1ng &#8211; An to\u00e0n &#8211; Ti\u1ec7n l\u1ee3i\u201d, Golden Farm cam k\u1ebft mang \u0111\u1ebfn nh\u1eefng s\u1ea3n ph\u1ea9m t\u1ed1t nh\u1ea5t, \u0111\u1ea3m b\u1ea3o s\u1ee9c kh\u1ecfe v\u1edbi gi\u00e1 th\u00e0nh h\u1ee3p l\u00fd.<\/p>\n<p>M\u1ee9t Golden Farm\u00a0l\u00e0 m\u1ed9t trong nh\u1eefng th\u01b0\u01a1ng hi\u1ec7u\u00a0m\u1ee9t\u00a0\u0111ang \u0111\u01b0\u1ee3c \u01b0a chu\u1ed9ng h\u00e0ng \u0111\u1ea7u tr\u00ean th\u1ecb tr\u01b0\u1eddng hi\u1ec7n nay. N\u1ed5i ti\u1ebfng v\u1ec1\u00a0h\u01b0\u01a1ng v\u1ecb th\u01a1m ngon, c\u00f9ng m\u1ee9c gi\u00e1 th\u00e0nh h\u1ee3p l\u00fd, ngo\u00e0i ra c\u00e1c s\u1ea3n ph\u1ea9m m\u1ee9t c\u1ee7a Golden Farm c\u00f2n \u0111\u1ea1t \u0111\u01b0\u1ee3c nhi\u1ec1u c\u00e1c ch\u1ee9ng nh\u1eadn ti\u00eau chu\u1ea9n ch\u1ea5t l\u01b0\u1ee3ng nh\u01b0\u00a0ISO 22000:2007, ISO 22000: 2018, th\u00e0nh ph\u1ea7n kh\u00f4ng ch\u1ee9a \u0111\u01b0\u1eddng h\u00f3a h\u1ecdc, v\u00e0 c\u00e1c ch\u1ea5t g\u00e2y h\u1ea1i n\u00ean r\u1ea5t\u00a0an to\u00e0n cho s\u1ee9c kh\u1ecfe ng\u01b0\u1eddi ti\u00eau d\u00f9ng.<\/p>\n<p><img decoding=\"async\" class=\"aligncenter\" src=\"https:\/\/havamall.vn\/wp-content\/uploads\/-000\/\/1\/38528be2dd17e178312ba3276f690461.jpg\" alt=\"M\u1ee9t Golden Farm 210g | Lazada.vn\" \/>Hi\u1ec7n t\u1ea1i th\u01b0\u01a1ng hi\u1ec7u Golden Farm \u0111ang s\u1ea3n xu\u1ea5t v\u00e0 cho ra th\u1ecb tr\u01b0\u1eddng nh\u1eefng lo\u1ea1i m\u1ee9t nh\u01b0: M\u1ee9t d\u00e2u, m\u1ee9t cam, m\u1ee9t ph\u00fac b\u1ed3n t\u1eed, m\u1ee9t vi\u1ec7t qu\u1ea5t, m\u1ee9t nho,&#8230; Trong \u0111\u00f3, m\u1ee9t d\u00e2u t\u1eb1m \u0111\u01b0\u1ee3c r\u1ea5t nhi\u1ec1u ng\u01b0\u1eddi \u01b0a th\u00edch v\u00ec h\u01b0\u01a1ng v\u1ecb th\u01a1m ngon, kh\u00f4ng qu\u00e1 ng\u1ecdt v\u00e0 m\u00f9i v\u1ecb \u0111\u1eb7c tr\u01b0ng.<\/p>\n<p>M\u1ee9t\u00a0d\u00e2u t\u1eb1m ng\u1ecdt, th\u01a1m th\u01a1m \u0111\u01b0\u1ee3c s\u00e1nh \u0111\u1eb7c r\u1ea5t h\u1ea5p d\u1eabn.\u00a0M\u1ee9t d\u00e2u t\u1eb1m Golden Farm\u00a0th\u00edch h\u1ee3p cho \u0103n k\u00e8m v\u1edbi b\u00e1nh m\u00ec, sandwich,&#8230;M\u1ee9t\u00a0Golden Farm\u00a0ti\u1ec7n l\u1ee3i, d\u1ec5 mang theo nh\u1ea5t l\u00e0 trong nh\u1eefng bu\u1ed5i c\u1eafm tr\u1ea1i, picnic.<\/p>\n<p>M\u1ee9t D\u00e2u T\u1eb1m Golden Farmn\u1ed5i b\u1eadt v\u1edbi h\u01b0\u01a1ng v\u1ecb t\u1ef1 nhi\u00ean, h\u1eadu chua ng\u1ecdt thanh m\u00e1t, gi\u00fap b\u1ea1n d\u1ec5 d\u00e0ng ch\u1ebf bi\u1ebfn c\u00e1c m\u00f3n ngon, nhanh g\u1ecdn cho b\u1eefa s\u00e1ng, b\u1eefa x\u1ebf ho\u1eb7c m\u00f3n \u0103n v\u1eb7t cho b\u00e9 y\u00eau v\u00e0 gia \u0111\u00ecnh.<\/p>\n<p><img fetchpriority=\"high\" decoding=\"async\" class=\"size-full wp-image-30101 aligncenter\" src=\"https:\/\/havamall.vn\/wp-content\/uploads\/2023\/01\/nho.jpg\" alt=\"\" width=\"900\" height=\"900\" srcset=\"https:\/\/havamall.vn\/wp-content\/uploads\/2023\/01\/nho.jpg 900w, https:\/\/havamall.vn\/wp-content\/uploads\/2023\/01\/nho-430x430.jpg 430w, https:\/\/havamall.vn\/wp-content\/uploads\/2023\/01\/nho-150x150.jpg 150w, https:\/\/havamall.vn\/wp-content\/uploads\/2023\/01\/nho-700x700.jpg 700w, https:\/\/havamall.vn\/wp-content\/uploads\/2023\/01\/nho-300x300.jpg 300w, https:\/\/havamall.vn\/wp-content\/uploads\/2023\/01\/nho-768x768.jpg 768w, https:\/\/havamall.vn\/wp-content\/uploads\/2023\/01\/nho-600x600.jpg 600w, https:\/\/havamall.vn\/wp-content\/uploads\/2023\/01\/nho-100x100.jpg 100w\" sizes=\"(max-width: 900px) 100vw, 900px\" \/><br \/>\nV\u1edbi th\u00e0nh ph\u1ea7n ch\u1ee7 y\u1ebfu l\u00e0 tr\u00e1i c\u00e2y t\u01b0\u01a1i \u0111\u01b0\u1ee3c ch\u1ecdn l\u1ecdc k\u1ef9 l\u01b0\u1ee1ng, nguy\u00ean li\u1ec7u t\u1ef1 nhi\u00ean, kh\u00f4ng \u0111\u01b0\u1eddng h\u00f3a h\u1ecdc, gi\u00fap gi\u1eef l\u1ea1i tr\u1ecdn v\u1eb9n v\u1ecb ngon v\u00e0 tinh ch\u1ea5t b\u1ed5 d\u01b0\u1ee1ng t\u1eeb thi\u00ean nhi\u00ean. V\u00e0o m\u00f9a kh\u00f4 n\u00f3ng,\u00a0M\u1ee9t D\u00e2u T\u1eb1m Golden Farm\u00a0l\u00e0 l\u1ef1a ch\u1ecdn l\u00fd t\u01b0\u1edfng \u0111\u1ec3 b\u1ea1n b\u1ed5 sung n\u0103ng l\u01b0\u1ee3ng v\u00e0 vitamin C thi\u1ebft y\u1ebfu cho c\u01a1 th\u1ec3.<\/p>\n<p>S\u1ea3n ph\u1ea9m \u0111\u01b0\u1ee3c s\u1ea3n xu\u1ea5t tr\u00ean d\u00e2y chuy\u1ec1n kh\u00e9p k\u00edn v\u1edbi c\u00f4ng ngh\u1ec7 hi\u1ec7n \u0111\u1ea1i t\u1eeb Ch\u00e2u \u00c2u, nh\u00e0 m\u00e1y \u0111\u1ea1t ch\u1ee9ng nh\u1eadn Qu\u1ed1c T\u1ebf ISO 22000:2018, \u0111\u1ea3m b\u1ea3o mang \u0111\u1ebfn cho ng\u01b0\u1eddi ti\u00eau d\u00f9ng s\u1ea3n ph\u1ea9m ch\u1ea5t l\u01b0\u1ee3ng t\u1ed1t nh\u1ea5t.<\/p>\n<p><img decoding=\"async\" class=\"size-large wp-image-30102 aligncenter\" src=\"https:\/\/havamall.vn\/wp-content\/uploads\/2023\/01\/easy-mulberry-jam-1327843-hero-01-ef860d4b6fb941edad03476fb814b661-1024x683.jpg\" alt=\"\" width=\"1024\" height=\"683\" srcset=\"https:\/\/havamall.vn\/wp-content\/uploads\/2023\/01\/easy-mulberry-jam-1327843-hero-01-ef860d4b6fb941edad03476fb814b661-1024x683.jpg 1024w, https:\/\/havamall.vn\/wp-content\/uploads\/2023\/01\/easy-mulberry-jam-1327843-hero-01-ef860d4b6fb941edad03476fb814b661-430x287.jpg 430w, https:\/\/havamall.vn\/wp-content\/uploads\/2023\/01\/easy-mulberry-jam-1327843-hero-01-ef860d4b6fb941edad03476fb814b661-150x100.jpg 150w, https:\/\/havamall.vn\/wp-content\/uploads\/2023\/01\/easy-mulberry-jam-1327843-hero-01-ef860d4b6fb941edad03476fb814b661-700x467.jpg 700w, https:\/\/havamall.vn\/wp-content\/uploads\/2023\/01\/easy-mulberry-jam-1327843-hero-01-ef860d4b6fb941edad03476fb814b661-300x200.jpg 300w, https:\/\/havamall.vn\/wp-content\/uploads\/2023\/01\/easy-mulberry-jam-1327843-hero-01-ef860d4b6fb941edad03476fb814b661-768x513.jpg 768w, https:\/\/havamall.vn\/wp-content\/uploads\/2023\/01\/easy-mulberry-jam-1327843-hero-01-ef860d4b6fb941edad03476fb814b661-1200x801.jpg 1200w, https:\/\/havamall.vn\/wp-content\/uploads\/2023\/01\/easy-mulberry-jam-1327843-hero-01-ef860d4b6fb941edad03476fb814b661-600x400.jpg 600w, https:\/\/havamall.vn\/wp-content\/uploads\/2023\/01\/easy-mulberry-jam-1327843-hero-01-ef860d4b6fb941edad03476fb814b661.jpg 1500w\" sizes=\"(max-width: 1024px) 100vw, 1024px\" \/><\/p>\n<h4><strong>H\u01af\u1edaNG D\u1eaaN S\u1eec D\u1ee4NG<\/strong><\/h4>\n<ul>\n<li>Ph\u1ebft b\u00e1nh m\u00ec, b\u00e1nh Crepe: Ph\u1ebft \u0111\u1ec1u 2 mu\u1ed7ng caf\u00e9 m\u1ee9t v\u1edbi 1 l\u00e1t b\u00e1nh m\u00ec ho\u1eb7c b\u00e1nh Crepe v\u00e0 th\u01b0\u1edfng th\u1ee9c.<\/li>\n<li>\u0102n k\u00e8m s\u1eefa chua: Cho 2 mu\u1ed7ng caf\u00e9 m\u1ee9t v\u00e0o 1 h\u0169 s\u1eefa chua, tr\u1ed9n \u0111\u1ec1u v\u00e0 th\u01b0\u1edfng th\u1ee9c.<\/li>\n<li>\u0102n v\u1edbi kem: Cho 3 vi\u00ean kem l\u1ea1nh ra d\u0129a, ph\u1ebft \u0111\u1ec1u 2 mu\u1ed7ng cafe m\u1ee9t l\u00ean kem r\u1ed3i th\u01b0\u1edfng th\u1ee9c.<\/li>\n<li>L\u00e0m s\u1ed1t ch\u1ea5m: Cho 5 mu\u1ed7ng caf\u00e9 m\u1ee9t v\u00e0 5 mu\u1ed7ng caf\u00e9 s\u1ed1t Mayonnaise ra ch\u00e9n nh\u1ecf, khu\u1ea5y \u0111\u1ec1u v\u00e0 th\u01b0\u1edfng th\u1ee9c.<\/li>\n<\/ul>\n<p><img decoding=\"async\" class=\"size-large wp-image-30103 aligncenter\" src=\"https:\/\/havamall.vn\/wp-content\/uploads\/2023\/01\/cach-lam-mut-dau-tam-ngot-ngao-thom-ngon-cuc-don-gian-tai-nha-avt-1200x676-1024x577.jpg\" alt=\"\" width=\"1024\" height=\"577\" srcset=\"https:\/\/havamall.vn\/wp-content\/uploads\/2023\/01\/cach-lam-mut-dau-tam-ngot-ngao-thom-ngon-cuc-don-gian-tai-nha-avt-1200x676-1024x577.jpg 1024w, https:\/\/havamall.vn\/wp-content\/uploads\/2023\/01\/cach-lam-mut-dau-tam-ngot-ngao-thom-ngon-cuc-don-gian-tai-nha-avt-1200x676-430x242.jpg 430w, https:\/\/havamall.vn\/wp-content\/uploads\/2023\/01\/cach-lam-mut-dau-tam-ngot-ngao-thom-ngon-cuc-don-gian-tai-nha-avt-1200x676-150x85.jpg 150w, https:\/\/havamall.vn\/wp-content\/uploads\/2023\/01\/cach-lam-mut-dau-tam-ngot-ngao-thom-ngon-cuc-don-gian-tai-nha-avt-1200x676-700x394.jpg 700w, https:\/\/havamall.vn\/wp-content\/uploads\/2023\/01\/cach-lam-mut-dau-tam-ngot-ngao-thom-ngon-cuc-don-gian-tai-nha-avt-1200x676-300x169.jpg 300w, https:\/\/havamall.vn\/wp-content\/uploads\/2023\/01\/cach-lam-mut-dau-tam-ngot-ngao-thom-ngon-cuc-don-gian-tai-nha-avt-1200x676-768x433.jpg 768w, https:\/\/havamall.vn\/wp-content\/uploads\/2023\/01\/cach-lam-mut-dau-tam-ngot-ngao-thom-ngon-cuc-don-gian-tai-nha-avt-1200x676.jpg 1200w, https:\/\/havamall.vn\/wp-content\/uploads\/2023\/01\/cach-lam-mut-dau-tam-ngot-ngao-thom-ngon-cuc-don-gian-tai-nha-avt-1200x676-600x338.jpg 600w\" sizes=\"(max-width: 1024px) 100vw, 1024px\" \/><\/p>\n<p><strong>B\u1ea2O QU\u1ea2N<\/strong><\/p>\n<p>B\u1ea3o qu\u1ea3n\u00a0c\u00e1c s\u1ea3n ph\u1ea9m m\u1ee9t r\u1ea5t d\u1ec5 d\u00e0ng, b\u1ea1n n\u00ean \u0111\u1ec3 s\u1ea3n ph\u1ea9m \u1edf nh\u1eefng n\u01a1i kh\u00f4 tho\u00e1ng, s\u1ea1ch s\u1ebd, tr\u00e1nh \u00e1nh n\u1eafng m\u1eb7t tr\u1eddi.<\/p>\n<p>*L\u01b0u \u00fd, sau khi m\u1edf n\u1eafp s\u1eed d\u1ee5ng, b\u1ea1n n\u00ean b\u1ea3o qu\u1ea3n trong ng\u0103n m\u00e1t t\u1ee7 l\u1ea1nh, m\u00e0u s\u1eafc c\u1ee7a s\u1ea3n ph\u1ea9m c\u00f3 th\u1ec3 thay \u0111\u1ed5i trong qu\u00e1 tr\u00ecnh s\u1eed d\u1ee5ng, \u0111\u00e2y l\u00e0 hi\u1ec7n t\u01b0\u1ee3ng b\u00ecnh th\u01b0\u1eddng, v\u00ec th\u00e0nh ph\u1ea7n l\u00e0m t\u1eeb tr\u00e1i c\u00e2y t\u01b0\u01a1i, n\u00ean ho\u00e0n to\u00e0n kh\u00f4ng \u1ea3nh h\u01b0\u1edfng \u0111\u1ebfn ch\u1ea5t l\u01b0\u1ee3ng c\u1ee7a s\u1ea3n ph\u1ea9m.<\/p>","protected":false},"excerpt":{"rendered":"<p>Golden Farm\u00a0l\u00e0 th\u01b0\u01a1ng hi\u1ec7u r\u1ea5t n\u1ed5i ti\u1ebfng tr\u00ean th\u1ecb tr\u01b0\u1eddng v\u1edbi c\u00e1c d\u00f2ng s\u1ea3n ph\u1ea9m: M\u1ee9t tr\u00e1i c\u00e2y, b\u01a1 \u0111\u1eadu<\/p>","protected":false},"featured_media":30107,"comment_status":"open","ping_status":"closed","template":"","meta":[],"product_brand":[],"product_cat":[36,133],"product_tag":[],"class_list":{"0":"post-30100","1":"product","2":"type-product","3":"status-publish","4":"has-post-thumbnail","6":"product_cat-thuc-pham-tieu-dung","7":"product_cat-banh-keo-chocolate","9":"first","10":"instock","11":"sale","12":"shipping-taxable","13":"purchasable","14":"product-type-variable"},"_links":{"self":[{"href":"https:\/\/havamall.vn\/en\/wp-json\/wp\/v2\/product\/30100"}],"collection":[{"href":"https:\/\/havamall.vn\/en\/wp-json\/wp\/v2\/product"}],"about":[{"href":"https:\/\/havamall.vn\/en\/wp-json\/wp\/v2\/types\/product"}],"replies":[{"embeddable":true,"href":"https:\/\/havamall.vn\/en\/wp-json\/wp\/v2\/comments?post=30100"}],"version-history":[{"count":0,"href":"https:\/\/havamall.vn\/en\/wp-json\/wp\/v2\/product\/30100\/revisions"}],"wp:featuredmedia":[{"embeddable":true,"href":"https:\/\/havamall.vn\/en\/wp-json\/wp\/v2\/media\/30107"}],"wp:attachment":[{"href":"https:\/\/havamall.vn\/en\/wp-json\/wp\/v2\/media?parent=30100"}],"wp:term":[{"taxonomy":"product_brand","embeddable":true,"href":"https:\/\/havamall.vn\/en\/wp-json\/wp\/v2\/product_brand?post=30100"},{"taxonomy":"product_cat","embeddable":true,"href":"https:\/\/havamall.vn\/en\/wp-json\/wp\/v2\/product_cat?post=30100"},{"taxonomy":"product_tag","embeddable":true,"href":"https:\/\/havamall.vn\/en\/wp-json\/wp\/v2\/product_tag?post=30100"}],"curies":[{"name":"wp","href":"https:\/\/api.w.org\/{rel}","templated":true}]}}