{"id":30025,"date":"2022-12-22T14:05:54","date_gmt":"2022-12-22T07:05:54","guid":{"rendered":"https:\/\/havamall.vn\/?post_type=product&#038;p=30025"},"modified":"2026-01-14T14:32:59","modified_gmt":"2026-01-14T07:32:59","slug":"ly-dong-espresso-bang-thuy-tinh-can-go-dinh-luong-co-vach-dong-75ml","status":"publish","type":"product","link":"https:\/\/havamall.vn\/en\/shop\/ly-dong-espresso-bang-thuy-tinh-can-go-dinh-luong-co-vach-dong-75ml\/","title":{"rendered":"Ly \u0110ong Espresso B\u1eb1ng Thu\u1ef7 Tinh C\u00e1n G\u1ed7 \u0110\u1ecbnh L\u01b0\u1ee3ng C\u00f3 V\u1ea1ch \u0110ong 75ml"},"content":{"rendered":"<p>B\u1ea1n m\u1ec7t m\u1ecfi v\u00ec ph\u1ea3i \u01b0\u1edbc ch\u1eebng m\u1ed7i khi pha ch\u1ebf? Chi\u1ebfc ly \u0111ong n\u00e0y s\u1ebd gi\u00fap b\u1ea1n h\u1ea1n ch\u1ebf t\u1ed1i \u0111a nh\u1eefng sai l\u1ec7ch v\u00e0 ti\u1ebft ki\u1ec7m th\u1eddi gian \u0111\u00e1ng k\u1ec3.\u00a0Cho d\u00f9 b\u1ea1n l\u00e0 m\u1ed9t bartender, barista chuy\u00ean nghi\u1ec7p hay ch\u1ec9 l\u00e0 ng\u01b0\u1eddi th\u00edch pha ch\u1ebf c\u00e1c th\u1ee9c u\u1ed1ng \u0111\u1ec3 t\u1ef1 th\u01b0\u1edfng th\u1ee9c t\u1ea1i nh\u00e0, chi\u1ebfc ly \u0111ong n\u00e0y s\u1ebd r\u1ea5t h\u01b0u \u00edch cho b\u1ea1n.<\/p>\n<p>V\u1edbi ch\u1ea5t li\u1ec7u th\u1ee7y tinh trong su\u1ed1t\u00a0v\u00e0 nh\u1eefng m\u1ee9c v\u1ea1ch \u0111o l\u01b0\u1eddng \u0111\u1eadm, d\u00f9 \u201cc\u1eadn th\u1ecb\u201d th\u00ec b\u1ea1n c\u0169ng kh\u00f4ng c\u1ea7n lo l\u1eafng.<\/p>\n<p><img decoding=\"async\" class=\"aligncenter\" src=\"https:\/\/havamall.com\/wp-content\/uploads\/2026\/01\/1b8f054fc9318ffe63d415db0d4d8351.jpg\" alt=\"C\u1ed1c \u0110ong C\u00e0 Ph\u00ea 70 \/ 75ml C\u00f3 Tay C\u1ea7m B\u1eb1ng G\u1ed7 TI\u1ec7n D\u1ee5ng | Shopee Vi\u1ec7t Nam\" \/><\/p>\n<p>Ph\u00f9 h\u1ee3p s\u1eed d\u1ee5ng cho qu\u1ea7y pha ch\u1ebf c\u00e0 ph\u00ea, qu\u1ea7y bar chuy\u00ean nghi\u1ec7p l\u1ea7n \u1edf nh\u00e0,\u00a0<strong>ly espresso th\u1ee7y tinh 1 shot<\/strong>\u00a0n\u00e0y l\u00e0 m\u1ed9t d\u1ee5ng c\u1ee5 kh\u00f4ng th\u1ec3 kh\u00f4ng c\u00f3 trong b\u1ed9 s\u01b0u t\u1eadp \u0111\u1ed3 d\u00f9ng pha ch\u1ebf c\u1ee7a b\u1ea1n !<\/p>\n<h3>Chi ti\u1ebft<\/h3>\n<ul>\n<li>Lo\u1ea1i s\u1ea3n ph\u1ea9m: Ly espresso, ly \u0111ong espresso, ly \u0111ong 1 shot, ly \u0111ong pha ch\u1ebf<\/li>\n<\/ul>\n<ul>\n<li>Ch\u1ea5t li\u1ec7u: Th\u1ee7y tinh trong su\u1ed1t<\/li>\n<\/ul>\n<ul>\n<li>K\u00edch th\u01b0\u1edbc : Cao 6cm x \u0110\u01b0\u1eddng k\u00ednh 6 cm<\/li>\n<\/ul>\n<ul>\n<li>\u0110o l\u01b0\u1eddng ho\u00e0n h\u1ea3o espresso \u00a0ho\u1eb7c syrup, r\u01b0\u1ee3u v\u00e0 m\u1ecdi nguy\u00ean li\u1ec7u th\u1ee9c u\u1ed1ng<\/li>\n<\/ul>\n<p><img decoding=\"async\" class=\"aligncenter\" src=\"https:\/\/havamall.com\/wp-content\/uploads\/2026\/01\/72cae0c1cee9e9b09e23896ce9a3c4cf.jpg\" alt=\"C\u1ed1c \u0110o C\u00e2n B\u1eb1ng Th\u1ee7y Tinh C\u1ed1c \u0110o Th\u1ee7y Tinh Ch\u1ecbu Nhi\u1ec7t C\u00f3 Tay C\u1ea7m B\u1eb1ng G\u1ed7 | Lazada.vn\" \/><\/p>","protected":false},"excerpt":{"rendered":"<p>B\u1ea1n m\u1ec7t m\u1ecfi v\u00ec ph\u1ea3i \u01b0\u1edbc ch\u1eebng m\u1ed7i khi pha ch\u1ebf? Chi\u1ebfc ly \u0111ong n\u00e0y s\u1ebd gi\u00fap b\u1ea1n h\u1ea1n ch\u1ebf<\/p>","protected":false},"featured_media":30031,"comment_status":"open","ping_status":"closed","template":"","meta":[],"product_brand":[],"product_cat":[393,35],"product_tag":[],"class_list":{"0":"post-30025","1":"product","2":"type-product","3":"status-publish","4":"has-post-thumbnail","6":"product_cat-bep-phong-an","7":"product_cat-nha-cua-doi-song","9":"first","10":"outofstock","11":"sale","12":"shipping-taxable","13":"purchasable","14":"product-type-simple"},"_links":{"self":[{"href":"https:\/\/havamall.vn\/en\/wp-json\/wp\/v2\/product\/30025"}],"collection":[{"href":"https:\/\/havamall.vn\/en\/wp-json\/wp\/v2\/product"}],"about":[{"href":"https:\/\/havamall.vn\/en\/wp-json\/wp\/v2\/types\/product"}],"replies":[{"embeddable":true,"href":"https:\/\/havamall.vn\/en\/wp-json\/wp\/v2\/comments?post=30025"}],"version-history":[{"count":0,"href":"https:\/\/havamall.vn\/en\/wp-json\/wp\/v2\/product\/30025\/revisions"}],"wp:featuredmedia":[{"embeddable":true,"href":"https:\/\/havamall.vn\/en\/wp-json\/wp\/v2\/media\/30031"}],"wp:attachment":[{"href":"https:\/\/havamall.vn\/en\/wp-json\/wp\/v2\/media?parent=30025"}],"wp:term":[{"taxonomy":"product_brand","embeddable":true,"href":"https:\/\/havamall.vn\/en\/wp-json\/wp\/v2\/product_brand?post=30025"},{"taxonomy":"product_cat","embeddable":true,"href":"https:\/\/havamall.vn\/en\/wp-json\/wp\/v2\/product_cat?post=30025"},{"taxonomy":"product_tag","embeddable":true,"href":"https:\/\/havamall.vn\/en\/wp-json\/wp\/v2\/product_tag?post=30025"}],"curies":[{"name":"wp","href":"https:\/\/api.w.org\/{rel}","templated":true}]}}