{"id":30004,"date":"2022-12-22T10:43:19","date_gmt":"2022-12-22T03:43:19","guid":{"rendered":"https:\/\/havamall.vn\/?post_type=product&#038;p=30004"},"modified":"2024-03-28T10:43:19","modified_gmt":"2024-03-28T03:43:19","slug":"salami-cat-lat-xong-khoi-120g","status":"publish","type":"product","link":"https:\/\/havamall.vn\/en\/shop\/salami-cat-lat-xong-khoi-120g\/","title":{"rendered":"Salami C\u1eaft L\u00e1t X\u00f4ng Kh\u00f3i 120g"},"content":{"rendered":"<p><strong>Salami c\u1eaft l\u00e1t<\/strong>\u00a0l\u00e0 m\u1ed9t lo\u1ea1i x\u00fac x\u00edch d\u1ea1ng kh\u1ed1i \u0111\u01b0\u1ee3c l\u00e0m t\u1eeb th\u1ecbt \u0111\u1ed9ng v\u1eadt l\u00ean men v\u00e0 s\u1ea5y kh\u00f4. C\u00f3 th\u1ec3 l\u00e0m t\u1eeb m\u1ed9t lo\u1ea1i th\u1ecbt ho\u1eb7c nhi\u1ec1u lo\u1ea1i tr\u1ed9n l\u1eabn v\u00e0o nhau (th\u01b0\u1eddng l\u00e0 th\u1ecbt heo, b\u00f2). T\u1eeb x\u01b0a \u0111\u1ebfn nay, X\u00fac X\u00edch Salami c\u1eaft l\u00e1t \u0111\u00e3 l\u00e0 m\u00f3n \u0103n truy\u1ec1n th\u1ed1ng, ph\u1ed5 bi\u1ebfn c\u1ee7a ng\u01b0\u1eddi d\u00e2n mi\u1ec1n Nam Ch\u00e2u \u00c2u v\u00ec c\u00f3 th\u1ec3 \u0111\u01b0\u1ee3c b\u1ea3o qu\u1ea3n t\u1ed1t \u1edf nhi\u1ec7t \u0111\u1ed9 ph\u00f2ng t\u1eeb 30-40 ng\u00e0y, b\u1ed5 sung c\u00e1c ch\u1ea5t dinh d\u01b0\u1ee1ng t\u01b0\u01a1ng \u0111\u01b0\u01a1ng th\u1ecbt t\u01b0\u01a1i.<\/p>\n<p><img fetchpriority=\"high\" decoding=\"async\" class=\"aligncenter\" src=\"http:\/\/cdn.shopify.com\/s\/files\/1\/0556\/7057\/1172\/products\/174_DSB4799.jpg?v=1619965042\" alt=\"One of the original recipes from the Venice region this free range pork salami has delicate flavours that makes it a hit with the kids, or those new to Artisan salami. Pink\" width=\"739\" height=\"492\" \/><\/p>\n<p>X\u00fac x\u00edch kh\u00f4 Salami c\u1eaft l\u00e1t \u0111\u01b0\u1ee3c s\u1ea3n xu\u1ea5t kh\u1eafp c\u00e1c n\u01b0\u1edbc Ch\u00e2u \u00c2u v\u1edbi nhi\u1ec1u ch\u1ee7ng lo\u1ea1i v\u00e0 m\u1ed7i n\u01a1i c\u00f3 m\u1ed9t h\u01b0\u01a1ng v\u1ecb ri\u00eang, nh\u01b0ng n\u1ed5i ti\u1ebfng nh\u1ea5t l\u00e0 salami c\u1ee7a Nga v\u1edbi h\u01b0\u01a1ng v\u1ecb h\u1ea3o h\u1ea1ng v\u00e0 c\u00e1c c\u00f4ng \u0111o\u1ea1n ch\u1ebf bi\u1ebfn c\u00f4ng phu.<\/p>\n<p>X\u00fac X\u00edch Kh\u00f4 Salami c\u1eaft l\u00e1t l\u00e0 m\u1ed9t lo\u1ea1i X\u00fac X\u00edch \u0111\u01b0\u1ee3c l\u00e0m ch\u00edn b\u1eb1ng ph\u01b0\u01a1ng ph\u00e1p l\u00ean men t\u1ef1 nhi\u00ean m\u00e0 kh\u00f4ng qua qu\u00e1 tr\u00ecnh gia nhi\u1ec7t.<\/p>\n<p><img decoding=\"async\" class=\"aligncenter\" src=\"https:\/\/havamall.vn\/wp-content\/uploads\/2022\/12\/mp_blog_cure-9.jpg\" alt=\"Quick Cured Salami Cotto\" width=\"725\" height=\"408\" \/><\/p>\n<p>S\u1ea3n ph\u1ea9m n\u00e0y \u0111\u01b0\u1ee3c Havamall nh\u1eadp kh\u1ea9u t\u1eeb Nga,\u00a0\u0111\u01b0\u1ee3c ch\u1ebf bi\u1ebfn t\u1eeb ngu\u1ed3n nguy\u00ean li\u1ec7u s\u1ea1ch, ngu\u1ed3n g\u1ed1c r\u00f5 r\u00e0ng v\u1edbi d\u00e2y chuy\u1ec1n s\u1ea3n xu\u1ea5t kh\u00e9p k\u00edn hi\u1ec7n \u0111\u1ea1i. S\u1ea3n ph\u1ea9m \u0111\u1ea1t ch\u1ee9ng nh\u1eadn ti\u00eau chu\u1ea9n HACCP.<\/p>\n<p><u>N\u01b0\u1edbc s\u1ea3n xu\u1ea5t:<\/u>\u00a0<strong>Nga<\/strong><\/p>\n<p><u>Qui c\u00e1ch<\/u>: 120gr\/g\u00f3i<\/p>\n<p><u>C\u00e1ch s\u1eed d\u1ee5ng:<\/u><\/p>\n<p>+L\u00e0 s\u1ea3n ph\u1ea9m ti\u1ec7n l\u1ee3i,b\u1ea1n mua v\u1ec1 c\u00f3 th\u1ec3 d\u00f9ng ngay v\u1edbi v\u1edbi salad v\u00e0 b\u00e1nh m\u00ec.<\/p>\n<p>+C\u00f3 th\u1ec3 d\u1ee5ng l\u00e0m topping cho c\u00e1c lo\u1ea1i b\u00e1nh Pizza<\/p>\n<p>+Th\u00edch h\u1ee3p \u0111\u1ec3 d\u00f9ng l\u00e0m \u0111\u1ed3 nh\u1eafm v\u1edbi bia!<\/p>\n<p><u>H\u1ea1n s\u1eed d\u1ee5ng:<\/u>\u00a03 th\u00e1ng k\u1ec3 t\u1eeb ng\u00e0y s\u1ea3n xu\u1ea5t.<\/p>\n<p><u>B\u1ea3o qu\u1ea3n:<\/u>\u00a0B\u1ea3o qu\u1ea3n trong t\u1ee7 l\u1ea1nh \u1edf ng\u0103n m\u00e1t 0-7 \u0111\u1ed9 C.<\/p>","protected":false},"excerpt":{"rendered":"<p>Salami c\u1eaft l\u00e1t\u00a0l\u00e0 m\u1ed9t lo\u1ea1i x\u00fac x\u00edch d\u1ea1ng kh\u1ed1i \u0111\u01b0\u1ee3c l\u00e0m t\u1eeb th\u1ecbt \u0111\u1ed9ng v\u1eadt l\u00ean men v\u00e0 s\u1ea5y kh\u00f4.<\/p>","protected":false},"featured_media":30006,"comment_status":"open","ping_status":"closed","template":"","meta":[],"product_brand":[],"product_cat":[275,36],"product_tag":[],"class_list":{"0":"post-30004","1":"product","2":"type-product","3":"status-publish","4":"has-post-thumbnail","6":"product_cat-thuc-pham-dong-lanh","7":"product_cat-thuc-pham-tieu-dung","9":"first","10":"instock","11":"sale","12":"shipping-taxable","13":"purchasable","14":"product-type-simple"},"_links":{"self":[{"href":"https:\/\/havamall.vn\/en\/wp-json\/wp\/v2\/product\/30004"}],"collection":[{"href":"https:\/\/havamall.vn\/en\/wp-json\/wp\/v2\/product"}],"about":[{"href":"https:\/\/havamall.vn\/en\/wp-json\/wp\/v2\/types\/product"}],"replies":[{"embeddable":true,"href":"https:\/\/havamall.vn\/en\/wp-json\/wp\/v2\/comments?post=30004"}],"version-history":[{"count":0,"href":"https:\/\/havamall.vn\/en\/wp-json\/wp\/v2\/product\/30004\/revisions"}],"wp:featuredmedia":[{"embeddable":true,"href":"https:\/\/havamall.vn\/en\/wp-json\/wp\/v2\/media\/30006"}],"wp:attachment":[{"href":"https:\/\/havamall.vn\/en\/wp-json\/wp\/v2\/media?parent=30004"}],"wp:term":[{"taxonomy":"product_brand","embeddable":true,"href":"https:\/\/havamall.vn\/en\/wp-json\/wp\/v2\/product_brand?post=30004"},{"taxonomy":"product_cat","embeddable":true,"href":"https:\/\/havamall.vn\/en\/wp-json\/wp\/v2\/product_cat?post=30004"},{"taxonomy":"product_tag","embeddable":true,"href":"https:\/\/havamall.vn\/en\/wp-json\/wp\/v2\/product_tag?post=30004"}],"curies":[{"name":"wp","href":"https:\/\/api.w.org\/{rel}","templated":true}]}}