{"id":29999,"date":"2022-12-21T17:31:27","date_gmt":"2022-12-21T10:31:27","guid":{"rendered":"https:\/\/havamall.vn\/?post_type=product&#038;p=29999"},"modified":"2022-12-22T11:36:08","modified_gmt":"2022-12-22T04:36:08","slug":"tam-luoi-loc-chan-nguoc-ca-phe-tai-su-dung-loc-backflush-puck-coffee-filter","status":"publish","type":"product","link":"https:\/\/havamall.vn\/en\/shop\/tam-luoi-loc-chan-nguoc-ca-phe-tai-su-dung-loc-backflush-puck-coffee-filter\/","title":{"rendered":"T\u1ea5m L\u01b0\u1edbi L\u1ecdc Ch\u1eb7n Ng\u01b0\u1ee3c C\u00e0 Ph\u00ea B\u1eb1ng Th\u00e9p Kh\u00f4ng G\u1ec9 T\u00e1i S\u1eed D\u1ee5ng L\u1ecdc Backflush Puck Coffee Filter"},"content":{"rendered":"<p>T\u1ea5m l\u1ecdc ch\u1eb7n cho c\u00e0 ph\u00ea espresso, hay c\u00f2n g\u1ecdi l\u00e0 t\u1ea5m l\u1ecdc puck, ng\u00e0y c\u00e0ng \u0111\u01b0\u1ee3c nh\u1eefng ng\u01b0\u1eddi h\u00e2m m\u1ed9 c\u00e0 ph\u00ea espresso, nh\u1eefng ng\u01b0\u1eddi theo \u0111u\u1ed5i t\u00e1ch c\u00e0 ph\u00ea espresso t\u00ecm ki\u1ebfm. T\u1ea5m l\u1ecdc n\u00e0y l\u00e0 m\u1ed9t ph\u1ee5 ki\u1ec7n t\u00f9y ch\u1ecdn v\u00e0 n\u00f3 \u0111\u01b0\u1ee3c d\u00e0nh ri\u00eang cho nh\u1eefng ng\u01b0\u1eddi t\u00ecm ki\u1ebfm s\u1ef1 ho\u00e0n h\u1ea3o tuy\u1ec7t \u0111\u1ed1i trong qu\u00e1 tr\u00ecnh pha c\u00e0 ph\u00ea espresso.<\/p>\n<p>Trong b\u00e0i vi\u1ebft n\u00e0y, Havamall s\u1ebd gi\u00fap b\u1ea1n xem x\u00e9t m\u00e0n h\u00ecnh puck h\u1ed7 tr\u1ee3 vi\u1ec7c khai th\u00e1c nh\u01b0 th\u1ebf n\u00e0o, hi\u1ec7u qu\u1ea3 c\u1ee7a n\u00f3 v\u00e0 n\u00f3 c\u00f3 th\u1ef1c s\u1ef1 c\u1ea7n thi\u1ebft kh\u00f4ng<\/p>\n<h2><img fetchpriority=\"high\" decoding=\"async\" class=\"wp-image-30010 aligncenter\" src=\"https:\/\/havamall.vn\/wp-content\/uploads\/2022\/12\/hjktguy-300x300.png\" alt=\"\" width=\"651\" height=\"651\" srcset=\"https:\/\/havamall.vn\/wp-content\/uploads\/2022\/12\/hjktguy-300x300.png 300w, https:\/\/havamall.vn\/wp-content\/uploads\/2022\/12\/hjktguy-430x430.png 430w, https:\/\/havamall.vn\/wp-content\/uploads\/2022\/12\/hjktguy-150x150.png 150w, https:\/\/havamall.vn\/wp-content\/uploads\/2022\/12\/hjktguy-700x700.png 700w, https:\/\/havamall.vn\/wp-content\/uploads\/2022\/12\/hjktguy-600x600.png 600w, https:\/\/havamall.vn\/wp-content\/uploads\/2022\/12\/hjktguy-100x100.png 100w, https:\/\/havamall.vn\/wp-content\/uploads\/2022\/12\/hjktguy.png 750w\" sizes=\"(max-width: 651px) 100vw, 651px\" \/><\/h2>\n<h2>T\u1ea5m L\u00f3t Ch\u1eb7n Espresso l\u00e0 g\u00ec?<\/h2>\n<p>T\u1ea5m l\u00f3t ch\u1eb7n l\u00e0 m\u1ed9t ph\u1ee5 ki\u1ec7n gi\u00fap \u0111\u1ea3m b\u1ea3o qu\u00e1 tr\u00ecnh chi\u1ebft xu\u1ea5t c\u00e0 ph\u00ea m\u1ed9t c\u00e1ch \u0111\u1ed3ng \u0111\u1ec1u nh\u1ea5t b\u1eb1ng c\u00e1ch c\u1ea3i thi\u1ec7n d\u00f2ng n\u01b0\u1edbc khi \u0111i qua t\u1ea5m l\u1ecdc. T\u1ea5m l\u1ecdc l\u00e0 mi\u1ebfng l\u00f3t n\u1eb1m tr\u00ean c\u00e0 ph\u00ea, ng\u0103n gi\u1eefa d\u00f2ng n\u01b0\u1edbc v\u00e0 c\u00e0 ph\u00ea ph\u00eda d\u01b0\u1edbi, t\u1ea5m ch\u1eafn c\u00f3 th\u1ec3 l\u00e0 b\u1eb1ng thi\u1ebfc ho\u1eb7c gi\u1ea5y, m\u1ed7i lo\u1ea1i cho m\u1ed9t hi\u1ec7u qu\u1ea3 kh\u00e1c nhau.<\/p>\n<figure class=\"wp-block-embed-youtube wp-block-embed is-type-video is-provider-youtube\">\n<div class=\"lyte-wrapper fourthree\">\n<div id=\"WYL_fEXLftYYV8o\" class=\"lyte hidef lP\">\n<div id=\"lyte_fEXLftYYV8o\" class=\"pL\" data-src=\"https:\/\/brewespressocoffee.com\/wp-content\/plugins\/wp-youtube-lyte\/lyteCache.php?origThumbUrl=%2F%2Fi.ytimg.com%2Fvi%2FfEXLftYYV8o%2Fhqdefault.jpg\">\n<div class=\"tC\"><\/div>\n<\/div>\n<\/div>\n<\/div>\n<\/figure>\n<h2>T\u1ea5m L\u00f3t Ch\u1eb7n Espresso ho\u1ea1t \u0111\u1ed9ng th\u1ebf n\u00e0o?<\/h2>\n<p>Khi n\u01b0\u1edbc ch\u1ea3y qua t\u1ea5m l\u1ecdc, n\u00f3 ch\u1ea1m v\u00e0o c\u00e0 ph\u00ea. L\u1ef1c c\u1ee7a n\u01b0\u1edbc l\u00e0m x\u00e1o tr\u1ed9n c\u00e0 ph\u00ea, t\u1ea1o ra nh\u1eefng l\u1ed7 nh\u1ecf n\u00ean chi\u1ebft xu\u1ea5t c\u00e0 ph\u00ea ra kh\u00f4ng \u0111\u1ec1u. T\u1ea5m l\u1ecdc s\u1ebd gi\u00fap ph\u00e2n b\u1ed1 v\u00e0 ng\u0103n ch\u1eb7n \u0111i\u1ec1u n\u00e0y.<\/p>\n<p><img decoding=\"async\" class=\"aligncenter\" src=\"https:\/\/havamall.vn\/wp-content\/uploads\/2022\/12\/71rS5qXIIYL._AC_SL1500_.jpg\" alt=\"Buy MIGOOZI 49mm Espresso Puck Screen, 1.7mm Thickness 100\u03bcm Stainless Steel Professional Barista Coffee Filter Mesh Plate for Espresso Portafilter Filter Basket (49mm), Silver Online at Lowest Price in Singapore. B09KC61BSM\" width=\"685\" height=\"856\" \/><\/p>\n<p>M\u1ed9t nghi\u00ean c\u1ee9u do c\u00e1c nh\u00e2n vi\u00ean pha c\u00e0 ph\u00ea chuy\u00ean nghi\u1ec7p \u0111\u00e3 ch\u1ec9 ra khi s\u1eed d\u1ee5ng t\u1ea5m ch\u1eafn b\u1eb1ng th\u00e9p th\u00ec c\u1ed1c c\u00e0 ph\u00ea \u0111\u01b0\u1ee3c chi\u1ebft xu\u1ea5t v\u1edbi n\u1ed3ng \u0111\u1ed9 \u0111\u1eadm \u0111\u1eb7c h\u01a1n \u0111\u1ebfn 15%.<\/p>\n<p><img decoding=\"async\" class=\"wp-image-30011 aligncenter\" src=\"https:\/\/havamall.vn\/wp-content\/uploads\/2022\/12\/90-9-300x300.png\" alt=\"\" width=\"572\" height=\"572\" srcset=\"https:\/\/havamall.vn\/wp-content\/uploads\/2022\/12\/90-9-300x300.png 300w, https:\/\/havamall.vn\/wp-content\/uploads\/2022\/12\/90-9-430x430.png 430w, https:\/\/havamall.vn\/wp-content\/uploads\/2022\/12\/90-9-150x150.png 150w, https:\/\/havamall.vn\/wp-content\/uploads\/2022\/12\/90-9-700x700.png 700w, https:\/\/havamall.vn\/wp-content\/uploads\/2022\/12\/90-9-600x600.png 600w, https:\/\/havamall.vn\/wp-content\/uploads\/2022\/12\/90-9-100x100.png 100w, https:\/\/havamall.vn\/wp-content\/uploads\/2022\/12\/90-9.png 750w\" sizes=\"(max-width: 572px) 100vw, 572px\" \/><\/p>\n<p>C\u00f3 m\u1ed9t l\u1ee3i th\u1ebf kh\u00e1c c\u1ee7a vi\u1ec7c s\u1eed d\u1ee5ng m\u00e0n h\u00ecnh puck v\u00e0 \u0111\u00f4i khi ch\u00fang ta qu\u00ean m\u1ea5t n\u00f3. T\u1ea5m l\u1ecdcl\u00e0m gi\u1ea3m s\u1ef1 ti\u1ebfp x\u00fac c\u1ee7a c\u00e0 ph\u00ea v\u1edbi \u0111\u1ea7u pha v\u00e0 \u0111i\u1ec1u n\u00e0y c\u00f3 ngh\u0129a l\u00e0 ch\u00fang ta \u00edt ph\u1ea3i v\u1ec7 sinh n\u00f3 h\u01a1n.<\/p>\n<figure class=\"wp-block-embed-youtube wp-block-embed is-type-video is-provider-youtube\"><figcaption><\/figcaption><\/figure>\n<h3>S\u1ef1 kh\u00e1c bi\u1ec7t gi\u1eefa Gi\u1ea5y, L\u01b0\u1edbi v\u00e0 M\u00e0n h\u00ecnh<\/h3>\n<p>T\u1ea5m l\u1ecdc gi\u1ea5y s\u1ebd ch\u1ec9 ho\u1ea1t \u0111\u1ed9ng nh\u01b0 m\u1ed9t c\u00f4ng c\u1ee5 ph\u00e2n t\u00e1n n\u01b0\u1edbc. V\u00e0i ng\u01b0\u1eddi kh\u00f4ng th\u00edch cho gi\u1ea5y v\u00e0o c\u00e0 ph\u00ea v\u00e0 v\u00ec l\u00fd do v\u1ec7 sinh c\u00e1 nh\u00e2n, nh\u01b0ng v\u1eabn c\u00f3 kh\u1ea3 n\u0103ng b\u1ea1n s\u1ebd n\u1ebfm th\u1eed gi\u1ea5y trong c\u1ed1c c\u00e0 ph\u00ea c\u1ee7a m\u00ecnh. T\u1ea5m l\u1ecdc gi\u1ea5y ph\u00f9 h\u1ee3p v\u1edbi nh\u1eefng chuy\u1ebfn \u0111i c\u00f4ng t\u00e1c, ho\u1eb7c khi d\u00f9ng chung m\u00e1y pha v\u1edbi nhi\u1ec1u ng\u01b0\u1eddi.<\/p>\n<div class=\"wp-block-image\">\n<figure class=\"aligncenter size-full\"><figcaption><img loading=\"lazy\" decoding=\"async\" class=\"aligncenter\" src=\"https:\/\/havamall.vn\/wp-content\/uploads\/2022\/12\/il_1080xN.3541598972_l1ce.jpg\" alt=\"Puck Screen Paper Filter Round Paper Espresso 58MM \/ 53MM \/ - Etsy Australia\" width=\"770\" height=\"513\" \/><\/figcaption><\/figure>\n<\/div>\n<p>Tuy nhi\u00ean t\u1ea5m l\u1ecdc b\u1eb1ng kim lo\u1ea1i l\u00e0 t\u1ed1t nh\u1ea5t. Ngo\u00e0i c\u00f4ng d\u1ee5ng t\u00e1i s\u1eed d\u1ee5ng ch\u00fang ch\u1eafn ch\u1ea3i c\u1ea3i thi\u1ec7n chi\u1ebft xu\u1ea5t kh\u1ea3 n\u0103ng ph\u00e2n ph\u1ed1i n\u01b0\u1edbc t\u1ed1t h\u01a1n gi\u1ea5y r\u1ea5t nhi\u1ec1u.<\/p>\n<p>Tuy nhi\u00ean t\u1ea5m l\u1ecdc kim lo\u1ea1i l\u00e0m gi\u1ea3m nhi\u1ec7t \u0111\u1ed9 c\u1ee7a m\u00e1y khi pha. M\u1ed7i t\u1ea5m l\u1ecdc n\u1eb7ng c\u1ee1 20g, ch\u00fang s\u1ebd h\u1ea5p th\u1ee5 m\u1ed9t ph\u1ea7n nhi\u1ec7t khi n\u01b0\u1edbc n\u00f3ng \u0111i qua, v\u00e0 l\u00e0m gi\u1ea3m nhi\u1ec7t \u0111\u1ed9 khi chi\u1ebft xu\u1ea5t c\u00e0 ph\u00ea, tuy nhi\u00ean m\u1ee9c \u0111\u1ed9 kh\u00f4ng qua l\u1edbn.\u00a0\u0110\u1ec3 b\u00f9 \u0111\u1eafp cho \u0111i\u1ec1u n\u00e0y, b\u1ea1n c\u00f3 th\u1ec3 l\u00e0m \u1ea5m tr\u01b0\u1edbc m\u00e0n h\u00ecnh ho\u1eb7c ch\u1ec9 t\u0103ng nhi\u1ec7t \u0111\u1ed9 n\u01b0\u1edbc th\u00eam 2 \u0111\u1ed9 n\u1ebfu m\u00e1y c\u1ee7a b\u1ea1n c\u00f3 ch\u1ee9c n\u0103ng n\u00e0y.<\/p>\n<h2>Ch\u00fang ta c\u00f3 th\u1ef1c s\u1ef1 c\u1ea7n m\u1ed9t t\u1ea5m l\u1ecdc \u0111\u1ec3 pha c\u00e0 ph\u00ea Espresso kh\u00f4ng?<\/h2>\n<p>T\u00f4i bi\u1ebft r\u1eb1ng c\u00f3 m\u1ed9t ch\u00fat ph\u1ea3n c\u1ea3m khi n\u00f3i v\u1ec1 s\u1ef1 c\u1ea7n thi\u1ebft c\u1ee7a m\u00e0n h\u00ecnh ch\u1ee5p sau khi ch\u00fang t\u00f4i \u0111\u00e3 n\u00f3i chuy\u1ec7n r\u1ea5t l\u00e2u v\u1ec1 c\u00e1ch n\u00f3 c\u00f3 th\u1ec3 c\u1ea3i thi\u1ec7n c\u00e0 ph\u00ea espresso c\u1ee7a ch\u00fang t\u00f4i.\u00a0Nh\u01b0ng t\u00f4i mu\u1ed1n b\u1ea1n hi\u1ec3u r\u00f5 v\u1ec1 nh\u1eefng g\u00ec n\u00f3 l\u00e0m, tr\u01b0\u1edbc khi k\u1ebft lu\u1eadn li\u1ec7u ch\u00fang ta c\u00f3 th\u1ef1c s\u1ef1 c\u1ea7n ch\u00fang hay kh\u00f4ng.<\/p>\n<p>\u0110\u1ec3 bi\u1ebft b\u1ea1n th\u1ef1c s\u1ef1 c\u00f3 c\u1ea7n ph\u1ea3i c\u00f3 n\u00f3 kh\u00f4ng, th\u00ec b\u1ea1n n\u00ean hi\u1ec3u r\u00f5 v\u1ec1 c\u00f4ng d\u1ee5ng c\u1ee7a n\u00f3 tr\u01b0\u1edbc khi k\u1ebft lu\u1eadn c\u00f3 th\u1ef1c s\u1ef1 c\u1ea7n n\u00f3 hay kh\u00f4ng.<\/p>\n<p>Trong m\u1ed9t v\u00e0i t\u1eeb, n\u00f3 ph\u1ee5 thu\u1ed9c v\u00e0o nhu c\u1ea7u c\u1ee7a b\u1ea1n.\u00a0N\u00f3i \u0111\u00fang h\u01a1n, n\u1ebfu b\u1ea1n l\u00e0 m\u1ed9t ng\u01b0\u1eddi c\u1ea7u to\u00e0n, ho\u1eb7c b\u1ea1n \u0111ang mu\u1ed1n tr\u00edch xu\u1ea5t c\u00e0 ph\u00ea m\u1ed9t c\u00e1ch ho\u00e0n h\u1ea3o nh\u1ea5t, v\u00ed d\u1ee5 nh\u01b0 m\u1ed9t ly c\u00e0 ph\u00ea h\u1ea3o h\u1ea1ng nh\u01b0 c\u00e0 ph\u00ea Ch\u1ed3n, th\u00ec b\u1ea1n n\u00ean s\u1eed d\u1ee5ng n\u00f3.\u00a0M\u1eb7t kh\u00e1c, n\u1ebfu b\u1ea1n ch\u1ec9 c\u1ea7n m\u1ed9t ly c\u00e0 ph\u00ea espresso t\u01b0\u01a1m t\u1ea5t h\u00e0ng ng\u00e0y, v\u1edbi c\u00f4ng vi\u1ec7c t\u1ed1i thi\u1ec3u, th\u00ec c\u00f3 l\u1ebd b\u1ea1n kh\u00f4ng c\u1ea7n n\u00f3.<\/p>\n<p>C\u1ea7n ph\u1ea3i v\u1ec7 sinh sau m\u1ed7i l\u1ea7n s\u1eed d\u1ee5ng v\u00ec l\u1ed7 r\u1ea5t nh\u1ecf v\u00e0 ch\u00fang c\u00f3 th\u1ec3 b\u1ecb t\u1eafc.\u00a0C\u0169ng c\u1ea7n c\u00f3 \u0111\u1ed9 ch\u00ednh x\u00e1c cao h\u01a1n khi \u0111\u1ecbnh l\u01b0\u1ee3ng, b\u1edfi v\u00ec nh\u1eefng th\u1ee9 n\u00e0y s\u1ebd \u0111\u00e8 l\u00ean c\u00e0 ph\u00ea c\u1ee7a b\u1ea1n.<\/p>\n<div class=\"is-layout-flow wp-block-group\">\n<div class=\"wp-block-group__inner-container\">\n<h2>T\u1ea5m l\u1ecdc b\u1eb1ng gi\u1ea5y KaR\u00ed<\/h2>\n<p>B\u1ed9 l\u1ecdc gi\u1ea5y AeroPress l\u00e0 gi\u1ea3i ph\u00e1p m\u00e0n h\u00ecnh puck \u0111\u1ea7u ti\u00ean.\u00a0Ch\u00fang v\u1eabn l\u00e0 l\u1ef1a ch\u1ecdn c\u1ee7a nhi\u1ec1u qu\u00e1n pha c\u00e0 ph\u00ea v\u00e0 b\u1ea1n ho\u00e0n to\u00e0n c\u00f3 th\u1ec3 th\u1eed s\u1eed d\u1ee5ng khi ph\u00e2n v\u00e2n n\u00ean mua m\u1ed9t t\u1ea5m l\u1ecdc kim lo\u1ea1i hay kh\u00f4ng. S\u1eed d\u1ee5ng t\u1ea5m l\u1ecdc b\u1eb1ng gi\u1ea5y s\u1ebd gi\u00fap\u00a0 l\u00e0m gi\u1ea3m \u0111\u00e1ng k\u1ec3 l\u01b0\u1ee3ng terpen trong c\u00e0 ph\u00ea c\u1ee7a b\u1ea1n (d\u1ea7u c\u00e0 ph\u00ea) v\u00e0 \u0111\u00f3 l\u00e0 m\u1ed9t c\u00e1ch tuy\u1ec7t v\u1eddi \u0111\u1ec3 th\u01b0\u1edfng th\u1ee9c c\u00e0 ph\u00ea espresso m\u00e0 kh\u00f4ng s\u1ee3 t\u0103ng cholesterol.<\/p>\n<\/div>\n<\/div>\n<div class=\"is-layout-flow wp-block-group\">\n<div class=\"wp-block-group__inner-container\">\n<h2><img loading=\"lazy\" decoding=\"async\" class=\"wp-image-30016 aligncenter\" src=\"https:\/\/havamall.vn\/wp-content\/uploads\/2022\/12\/uuu-300x300.png\" alt=\"\" width=\"698\" height=\"698\" srcset=\"https:\/\/havamall.vn\/wp-content\/uploads\/2022\/12\/uuu-300x300.png 300w, https:\/\/havamall.vn\/wp-content\/uploads\/2022\/12\/uuu-430x430.png 430w, https:\/\/havamall.vn\/wp-content\/uploads\/2022\/12\/uuu-150x150.png 150w, https:\/\/havamall.vn\/wp-content\/uploads\/2022\/12\/uuu-700x700.png 700w, https:\/\/havamall.vn\/wp-content\/uploads\/2022\/12\/uuu-600x600.png 600w, https:\/\/havamall.vn\/wp-content\/uploads\/2022\/12\/uuu-100x100.png 100w, https:\/\/havamall.vn\/wp-content\/uploads\/2022\/12\/uuu.png 750w\" sizes=\"(max-width: 698px) 100vw, 698px\" \/>T\u1ea5m l\u1ecdc b\u1eb1ng kim lo\u1ea1i KaR\u00ed<\/h2>\n<p>T\u00f4i y\u00eau c\u00e1c s\u1ea3n ph\u1ea9m c\u1ee7a Normcore.\u00a0Ch\u00fang c\u00f3 gi\u00e1 h\u1ee3p l\u00fd v\u00e0 ch\u1ea5t l\u01b0\u1ee3ng g\u1ea7n nh\u01b0 t\u1ed1t nh\u01b0 c\u00e1c s\u1ea3n ph\u1ea9m \u0111\u1eaft ti\u1ec1n h\u01a1n nhi\u1ec1u.<\/p>\n<p>M\u00e0n h\u00ecnh puck Normcore n\u00e0y \u0111\u01b0\u1ee3c l\u00e0m b\u1eb1ng th\u00e9p kh\u00f4ng g\u1ec9 ch\u1ea5t l\u01b0\u1ee3ng d\u00e0nh cho th\u1ef1c ph\u1ea9m v\u00e0 d\u00e0y 1,7mm.\u00a0M\u00e0n h\u00ecnh c\u00f3 b\u1ed1n k\u00edch c\u1ee1 49, 51, 53,5 v\u00e0 58,5 mm cho c\u00e1c b\u1ed9 l\u1ecdc c\u1ed5ng kh\u00e1c nhau.<\/p>\n<p>H\u1ecd c\u0169ng c\u00f3 m\u1ed9t gi\u00e1 \u0111\u1ee1 m\u00e0n h\u00ecnh puck, d\u00e0nh cho nh\u1eefng ng\u01b0\u1eddi th\u00edch s\u1eafp x\u1ebfp tr\u1ea1m pha c\u00e0 ph\u00ea espresso c\u1ee7a m\u00ecnh g\u1ecdn g\u00e0ng v\u00e0 ng\u0103n n\u1eafp.<\/p>\n<div class=\"wp-block-image\"><\/div>\n<div id=\"ub-button-4ea65568-d538-4899-8a03-f26eab4bd62a\" class=\"ub-buttons align-button-center\">\n<div class=\"ub-button-container\">\n<div class=\"ub-button-content-holder\"><span class=\"ub-button-block-btn\"><img loading=\"lazy\" decoding=\"async\" class=\"wp-image-30015 aligncenter\" src=\"https:\/\/havamall.vn\/wp-content\/uploads\/2022\/12\/89789-300x300.png\" alt=\"\" width=\"569\" height=\"569\" srcset=\"https:\/\/havamall.vn\/wp-content\/uploads\/2022\/12\/89789-300x300.png 300w, https:\/\/havamall.vn\/wp-content\/uploads\/2022\/12\/89789-430x430.png 430w, https:\/\/havamall.vn\/wp-content\/uploads\/2022\/12\/89789-150x150.png 150w, https:\/\/havamall.vn\/wp-content\/uploads\/2022\/12\/89789-700x700.png 700w, https:\/\/havamall.vn\/wp-content\/uploads\/2022\/12\/89789-600x600.png 600w, https:\/\/havamall.vn\/wp-content\/uploads\/2022\/12\/89789-100x100.png 100w, https:\/\/havamall.vn\/wp-content\/uploads\/2022\/12\/89789.png 750w\" sizes=\"(max-width: 569px) 100vw, 569px\" \/><\/span><\/div>\n<\/div>\n<\/div>\n<\/div>\n<\/div>\n<div class=\"is-layout-flow wp-block-group\">\n<div class=\"wp-block-group__inner-container\">\n<div id=\"ub-button-e5ecdc60-d329-4a9b-a061-ce613607f7b4\" class=\"ub-buttons align-button-center\">\n<div class=\"ub-button-container\">\n<div class=\"ub-button-content-holder\"><\/div>\n<\/div>\n<\/div>\n<\/div>\n<\/div>\n<p>Hy v\u1ecdng r\u1eb1ng, b\u00e2y gi\u1edd b\u1ea1n \u0111\u00e3 c\u00f3 s\u1ef1 l\u1ef1a ch\u1ecdn ri\u00eang c\u1ee7a m\u00ecnh b\u1ea1n c\u00f3 c\u1ea7n t\u1ea5m l\u1ecdc hay kh\u00f4ng.\u00a0T\u00f4i hy v\u1ecdng r\u1eb1ng \u00edt nh\u1ea5t B\u1ea1n \u0111\u00e3 h\u1ecdc \u0111\u01b0\u1ee3c \u0111i\u1ec1u g\u00ec \u0111\u00f3 t\u1eeb b\u00e0i vi\u1ebft n\u00e0y v\u00e0 \u0111i\u1ec1u n\u00e0y s\u1ebd gi\u00fap b\u1ea1n c\u1ea3i thi\u1ec7n nh\u1eefng t\u00e1ch c\u00e0 ph\u00ea espresso c\u1ee7a m\u00ecnh.<\/p>\n<p><img decoding=\"async\" class=\"aligncenter\" src=\"https:\/\/havamall.vn\/wp-content\/uploads\/2022\/12\/profil2.jpg\" alt=\"Profitec Puck Screen | iDrinkCoffee.com\" \/><\/p>","protected":false},"excerpt":{"rendered":"<p>T\u1ea5m l\u1ecdc ch\u1eb7n cho c\u00e0 ph\u00ea espresso, hay c\u00f2n g\u1ecdi l\u00e0 t\u1ea5m l\u1ecdc puck, ng\u00e0y c\u00e0ng \u0111\u01b0\u1ee3c nh\u1eefng ng\u01b0\u1eddi h\u00e2m<\/p>","protected":false},"featured_media":30000,"comment_status":"open","ping_status":"closed","template":"","meta":[],"product_brand":[],"product_cat":[393,35],"product_tag":[],"class_list":{"0":"post-29999","1":"product","2":"type-product","3":"status-publish","4":"has-post-thumbnail","6":"product_cat-bep-phong-an","7":"product_cat-nha-cua-doi-song","9":"first","10":"instock","11":"sale","12":"shipping-taxable","13":"purchasable","14":"product-type-variable"},"_links":{"self":[{"href":"https:\/\/havamall.vn\/en\/wp-json\/wp\/v2\/product\/29999"}],"collection":[{"href":"https:\/\/havamall.vn\/en\/wp-json\/wp\/v2\/product"}],"about":[{"href":"https:\/\/havamall.vn\/en\/wp-json\/wp\/v2\/types\/product"}],"replies":[{"embeddable":true,"href":"https:\/\/havamall.vn\/en\/wp-json\/wp\/v2\/comments?post=29999"}],"version-history":[{"count":0,"href":"https:\/\/havamall.vn\/en\/wp-json\/wp\/v2\/product\/29999\/revisions"}],"wp:featuredmedia":[{"embeddable":true,"href":"https:\/\/havamall.vn\/en\/wp-json\/wp\/v2\/media\/30000"}],"wp:attachment":[{"href":"https:\/\/havamall.vn\/en\/wp-json\/wp\/v2\/media?parent=29999"}],"wp:term":[{"taxonomy":"product_brand","embeddable":true,"href":"https:\/\/havamall.vn\/en\/wp-json\/wp\/v2\/product_brand?post=29999"},{"taxonomy":"product_cat","embeddable":true,"href":"https:\/\/havamall.vn\/en\/wp-json\/wp\/v2\/product_cat?post=29999"},{"taxonomy":"product_tag","embeddable":true,"href":"https:\/\/havamall.vn\/en\/wp-json\/wp\/v2\/product_tag?post=29999"}],"curies":[{"name":"wp","href":"https:\/\/api.w.org\/{rel}","templated":true}]}}