{"id":29996,"date":"2022-12-21T17:15:35","date_gmt":"2022-12-21T10:15:35","guid":{"rendered":"https:\/\/havamall.vn\/?post_type=product&#038;p=29996"},"modified":"2022-12-21T17:15:36","modified_gmt":"2022-12-21T10:15:36","slug":"nhiet-ke-dien-tu-dang-que-da-nang-do-nhiet-do-nuoc-sua-thuc-pham-digital-thermometer","status":"publish","type":"product","link":"https:\/\/havamall.vn\/en\/shop\/nhiet-ke-dien-tu-dang-que-da-nang-do-nhiet-do-nuoc-sua-thuc-pham-digital-thermometer\/","title":{"rendered":"Nhi\u1ec7t K\u1ebf \u0110i\u1ec7n T\u1eed D\u1ea1ng Que \u0110a N\u0103ng \u0110o Nhi\u1ec7t \u0110\u1ed9 N\u01b0\u1edbc, S\u1eefa, Th\u1ef1c Ph\u1ea9m &#8211; Digital Thermometer"},"content":{"rendered":"<h2 class=\"mt-3\">1.\u00a0M\u00f4 t\u1ea3 s\u1ea3n ph\u1ea9m Digital Thermometer<\/h2>\n<div class=\"html-in-cms\">\n<div>\u0110\u1eb7c \u0111i\u1ec3m n\u1ed5i b\u1eadt c\u1ee7a nhi\u1ec7t k\u1ebf \u0111i\u1ec7n t\u1eed Digital Thermometer:<br \/>\n&#8211; Thi\u1ebft k\u1ebf \u0111\u1ed9c \u0111\u00e1o nh\u1ecf g\u1ecdn, ch\u1ed1ng n\u01b0\u1edbc, th\u00edch h\u1ee3p d\u00f9ng cho tr\u1ebb nh\u1ecf, tr\u1ebb c\u00f3 th\u1ec3 ng\u1eadm, c\u1eafn m\u00e0 kh\u00f4ng lo b\u1ecb h\u1ecfng, an to\u00e0n cho tr\u1ebb.<br \/>\n&#8211; \u0110\u1ea7u nhi\u1ec7t k\u1ebf m\u1ec1m gi\u00fap vi\u1ec7c \u0111o nhi\u1ec7t \u0111\u1ed9 c\u01a1 th\u1ec3 d\u1ec5 d\u00e0ng h\u01a1n.( c\u00f3 th\u1ec3 \u0111o trong mi\u1ec7ng, d\u01b0\u1edbi c\u00e1nh tay, l\u01b0ng\u2026)<br \/>\n&#8211; \u0110\u01a1n gi\u1ea3n, d\u1ec5 s\u1eed d\u1ee5ng, c\u00f3 k\u1ebft qu\u1ea3 nhanh v\u00e0 ch\u00ednh x\u00e1c ch\u1ec9 60 gi\u00e2y ngay khi ti\u1ebfn h\u00e0nh \u0111o<br \/>\n&#8211; M\u00e0n h\u00ecnh LCD r\u1ed9ng, d\u1ec5 \u0111\u1ecdc k\u1ebft qu\u1ea3, tr\u00e1nh vi\u1ec7c \u0111\u1ecdc nh\u1ea7m.<br \/>\n&#8211; Ch\u1ee9c n\u0103ng t\u1ef1 \u0111\u1ed9ng t\u1eaft ngu\u1ed3n khi ng\u1eebng s\u1eed d\u1ee5ng.<\/div>\n<div><img fetchpriority=\"high\" decoding=\"async\" class=\"aligncenter\" src=\"https:\/\/havamall.vn\/wp-content\/uploads\/2022\/12\/186be3864142083a9c084f4f487690b5.jpg\" alt='Que Nhi\u1ec7t K\u1ebf \u0110i\u1ec7n T\u1eed \u0110o Nhi\u1ec7t \u0110\u1ed9 N\u1ea5u \u0102n Pha S\u1eefa Th\u1ee9c \u0102n, Th\u1ee9c U\u1ed1ng, Th\u1ecbt,  C\u00e1 TP300 | Tiki' width=\"741\" height=\"741\" \/><\/div>\n<\/div>\n<h2 class=\"mt-3\">2.\u00a0Th\u00e0nh ph\u1ea7n c\u1ee7a Digital Thermometer<\/h2>\n<div class=\"html-in-cms\">\n<div>Ch\u1ea5t li\u1ec7u: Nh\u1ef1a<br \/>\nNhi\u1ec7t \u0111\u1ed9 ho\u1ea1t \u0111\u1ed9ng: 0 &#8211; 55\u00b0C<br \/>\n\u0110\u1ed9 ch\u00ednh x\u00e1c \u0111\u1ebfn \u00b1 0.5 \u00b0C<br \/>\nK\u00edch th\u01b0\u1edbc : 5 x 0.7 x 0.35 cm<br \/>\nM\u00e0u s\u1eafc: Tr\u1eafng<\/div>\n<\/div>\n<h2 class=\"mt-3\">3.\u00a0C\u00f4ng d\u1ee5ng c\u1ee7a Digital Thermometer<\/h2>\n<div class=\"html-in-cms\">\n<div>Nhi\u1ec7t k\u1ebf \u0111i\u1ec7n t\u1eed Digital Thermometer c\u00f3 th\u1ec3 gi\u00fap b\u1ea1n vi\u1ec7c theo d\u00f5i nhi\u1ec7t \u0111\u1ed9 c\u01a1 th\u1ec3 \u0111\u1ec3 x\u00e1c \u0111\u1ecbnh t\u00ecnh tr\u1ea1ng s\u1ee9c kh\u1ecfe c\u1ee7a c\u00e1c th\u00e0nh vi\u00ean trong gia \u0111\u00ecnh, \u0111\u1eb7c bi\u1ec7t l\u00e0 v\u1edbi c\u00e1c em nh\u1ecf khi c\u00f3 nh\u1eefng bi\u1ec3u hi\u1ec7n \u0111\u00e1ng ng\u1edd.<br \/>\nNhi\u1ec7t k\u1ebf \u0111i\u1ec7n t\u1eed Digital Thermometer v\u1edbi c\u00e1ch s\u1eed d\u1ee5ng \u0111\u01a1n gi\u1ea3n v\u00e0 d\u1ec5 d\u00e0ng c\u00f3 k\u1ebft qu\u1ea3 nhanh v\u00e0 ch\u00ednh x\u00e1c ch\u1ec9 60 gi\u00e2y ngay khi ti\u1ebfn h\u00e0nh \u0111o.<br \/>\nH\u01a1n th\u1ebf n\u1eefa \u0110\u1ea7u nhi\u1ec7t k\u1ebf m\u1ec1m gi\u00fap vi\u1ec7c \u0111o nhi\u1ec7t \u0111\u1ed9 c\u01a1 th\u1ec3 d\u1ec5 d\u00e0ng h\u01a1n.( c\u00f3 th\u1ec3 \u0111o trong mi\u1ec7ng, d\u01b0\u1edbi c\u00e1nh tay, l\u01b0ng\u2026)<\/div>\n<div><img decoding=\"async\" class=\"aligncenter\" src=\"https:\/\/image.voso.vn\/users\/vosoimage\/images\/e6cddfbf73e2ed1799beda4852acc1a9?t%5B0%5D=compress%3Alevel%3D100&amp;accessToken=10aeeaa614defe9fa50fdb343bbef1a1cf498fef317d59fecc4e5fa02f274c55\" alt=\"Que Nhi\u1ec7t K\u1ebf \u0110i\u1ec7n T\u1eed \u0110o Nhi\u1ec7t \u0110\u1ed9 N\u1ea5u \u0102n Pha S\u1eefa Th\u1ee9c \u0102n, Th\u1ee9c U\u1ed1ng, Th\u1ecbt,  C\u00e1 TP300 - P256708 | S\u00e0n th\u01b0\u01a1ng m\u1ea1i \u0111i\u1ec7n t\u1eed c\u1ee7a kh\u00e1ch h\u00e0ng Viettelpost\" width=\"732\" height=\"732\" \/><\/div>\n<\/div>\n<h2 class=\"mt-3\">4.\u00a0Li\u1ec1u l\u01b0\u1ee3ng v\u00e0 c\u00e1ch d\u00f9ng c\u1ee7a Digital Thermometer<\/h2>\n<div class=\"html-in-cms\">\n<div>1: Tr\u01b0\u1edbc khi s\u1eed d\u1ee5ng, b\u1ea1n n\u00ean s\u1eed d\u1ee5ng c\u1ed3n \u0111\u1ec3 kh\u1eed tr\u00f9ng nhi\u1ec7t k\u1ebf c\u1ea3m bi\u1ebfn \u0111\u1ea7u<br \/>\n2: Nh\u1ea5n n\u00fat ngu\u1ed3n, chu\u00f4ng s\u1ebd b\u00edp, hi\u1ec3n th\u1ecb d\u1ea5u nh\u1eafc<br \/>\n3: Sau \u0111\u00f3, m\u00e0n h\u00ecnh hi\u1ec3n th\u1ecb nhi\u1ec7t \u0111\u1ed9 \u0111o cu\u1ed1i c\u00f9ng, v\u00e0 tuy\u1ec7t v\u1eddi trong 2 ph\u00fat, sau \u0111\u00f3 hi\u1ec3n th\u1ecb nh\u1ea5p nh\u00e1y bi\u1ec3u t\u01b0\u1ee3ng \u00b0 C \u0111\u1ec3 ch\u1ec9 ra r\u1eb1ng c\u00e1c th\u1eed nghi\u1ec7m \u0111\u00e3 \u0111\u01b0\u1ee3c trong t\u00ecnh tr\u1ea1ng<br \/>\n4: \u0110\u1ea7u c\u1ea3m bi\u1ebfn nhi\u1ec7t k\u1ebf v\u00e0o v\u1ecb tr\u00ed \u0111o, m\u00e0n h\u00ecnh hi\u1ec3n th\u1ecb nhi\u1ec7t \u0111\u1ed9 d\u1ea7n d\u1ea7n t\u0103ng l\u00ean. Trong khi \u0111\u00f3 nh\u1ea5p nh\u00e1y bi\u1ec3u t\u01b0\u1ee3ng \u00b0 C\u0111\u1ec3 ch\u1ec9 \u0111o l\u01b0\u1eddng \u0111\u01b0\u1ee3c ti\u1ebfn h\u00e0nh. \u0110o nh\u01b0 li\u00ean t\u1ee5c nhi\u1ec7t \u0111\u1ed9 16, bi\u1ec3u t\u01b0\u1ee3ng \u00b0 C tuy\u1ec7t v\u1eddi ng\u1eebng nh\u1ea5p nh\u00e1y, ch\u1ec9 ra r\u1eb1ng c\u00e1c ph\u00e9p \u0111o nhi\u1ec7t \u0111\u1ed9 \u0111\u01b0\u1ee3c ho\u00e0n th\u00e0nh v\u00e0 c\u00f3 \u0111o b\u1ed9 nh\u1edb, b\u1ea1n c\u00f3 th\u1ec3 \u0111\u1ecdc c\u00e1c gi\u00e1 tr\u1ecb nhi\u1ec7t \u0111\u1ed9 hi\u1ec3n th\u1ecb<br \/>\n5: Sau khi \u0111o, n\u1ebfu kh\u00f4ng nh\u1ea5n n\u00fat ngu\u1ed3n \u0111\u1ec3 t\u1eaft ngu\u1ed3n \u0111i\u1ec7n, t\u1ef1 \u0111\u1ed9ng t\u1eaft sau 8 ph\u00fat<\/div>\n<\/div>\n<h2 class=\"mt-3\">5.\u00a0L\u01b0u \u00fd<\/h2>\n<div class=\"html-in-cms\">\n<div>Khi s\u1eed d\u1ee5ng nhi\u1ec7t k\u1ebf, sau khi \u0111i\u1ec7n \u0111\u01b0\u1ee3c b\u1eadt, ch\u00fang ta h\u00e3y ch\u1edd kho\u1ea3ng 20 gi\u00e2y v\u00e0 sau \u0111\u00f3 \u0111o ch\u00ednh x\u00e1c h\u01a1n.<\/div>\n<\/div>","protected":false},"excerpt":{"rendered":"<p>1.\u00a0M\u00f4 t\u1ea3 s\u1ea3n ph\u1ea9m Digital Thermometer \u0110\u1eb7c \u0111i\u1ec3m n\u1ed5i b\u1eadt c\u1ee7a nhi\u1ec7t k\u1ebf \u0111i\u1ec7n t\u1eed Digital Thermometer: &#8211; Thi\u1ebft k\u1ebf<\/p>","protected":false},"featured_media":29997,"comment_status":"open","ping_status":"closed","template":"","meta":[],"product_brand":[],"product_cat":[393,397,35],"product_tag":[],"class_list":{"0":"post-29996","1":"product","2":"type-product","3":"status-publish","4":"has-post-thumbnail","6":"product_cat-bep-phong-an","7":"product_cat-hang-me-be-do-choi","8":"product_cat-nha-cua-doi-song","10":"first","11":"instock","12":"sale","13":"shipping-taxable","14":"purchasable","15":"product-type-simple"},"_links":{"self":[{"href":"https:\/\/havamall.vn\/en\/wp-json\/wp\/v2\/product\/29996"}],"collection":[{"href":"https:\/\/havamall.vn\/en\/wp-json\/wp\/v2\/product"}],"about":[{"href":"https:\/\/havamall.vn\/en\/wp-json\/wp\/v2\/types\/product"}],"replies":[{"embeddable":true,"href":"https:\/\/havamall.vn\/en\/wp-json\/wp\/v2\/comments?post=29996"}],"version-history":[{"count":0,"href":"https:\/\/havamall.vn\/en\/wp-json\/wp\/v2\/product\/29996\/revisions"}],"wp:featuredmedia":[{"embeddable":true,"href":"https:\/\/havamall.vn\/en\/wp-json\/wp\/v2\/media\/29997"}],"wp:attachment":[{"href":"https:\/\/havamall.vn\/en\/wp-json\/wp\/v2\/media?parent=29996"}],"wp:term":[{"taxonomy":"product_brand","embeddable":true,"href":"https:\/\/havamall.vn\/en\/wp-json\/wp\/v2\/product_brand?post=29996"},{"taxonomy":"product_cat","embeddable":true,"href":"https:\/\/havamall.vn\/en\/wp-json\/wp\/v2\/product_cat?post=29996"},{"taxonomy":"product_tag","embeddable":true,"href":"https:\/\/havamall.vn\/en\/wp-json\/wp\/v2\/product_tag?post=29996"}],"curies":[{"name":"wp","href":"https:\/\/api.w.org\/{rel}","templated":true}]}}