{"id":29933,"date":"2022-12-16T10:50:00","date_gmt":"2022-12-16T03:50:00","guid":{"rendered":"https:\/\/havamall.vn\/?post_type=product&#038;p=29933"},"modified":"2022-12-16T10:52:22","modified_gmt":"2022-12-16T03:52:22","slug":"can-tieu-ly-dien-tu-dang-thia-muong-dss-500g-0-1g-do-chinh-xac-cao-man-hinh-lcd","status":"publish","type":"product","link":"https:\/\/havamall.vn\/en\/shop\/can-tieu-ly-dien-tu-dang-thia-muong-dss-500g-0-1g-do-chinh-xac-cao-man-hinh-lcd\/","title":{"rendered":"C\u00e2n Ti\u1ec3u Ly \u0110i\u1ec7n T\u1eed D\u1ea1ng Th\u00eca Mu\u1ed7ng DSS 500g 0.1g \u0110\u1ed9 ch\u00ednh x\u00e1c cao M\u00e0n H\u00ecnh LCD"},"content":{"rendered":"<p>Trong r\u1ea5t nhi\u1ec1u linh v\u1ef1c t\u1eeb s\u1ea3n xu\u1ea5t, th\u01b0\u01a1ng m\u1ea1i \u0111\u1ebfn \u0111\u1eddi s\u1ed1ng c\u1ee7a con ng\u01b0\u1eddi \u0111\u1ec1u c\u1ea7n c\u00e2n tr\u1ecdng l\u01b0\u1ee3ng h\u00e0ng h\u00f3a, s\u1ea3n ph\u1ea9m,\u2026 B\u00ean c\u1ea1nh lo\u1ea1i c\u00e2n c\u01a1 h\u1ecdc \u0111\u00e3 qu\u00e1 quen thu\u1ed9c, d\u00f2ng\u00a0c\u00e2n \u0111i\u1ec7n t\u1eed\u00a0\u0111ang l\u00e0 thi\u1ebft b\u1ecb c\u00e2n kh\u1ed1i l\u01b0\u1ee3ng \u0111\u01b0\u1ee3c \u0111\u00e1nh gi\u00e1 cao khi mang l\u1ea1i nhi\u1ec1u l\u1ee3i \u00edch cho cho ng\u01b0\u1eddi s\u1eed d\u1ee5ng.<\/p>\n<p>L\u00e0 m\u1ed9t t\u00edn \u0111\u1ed3 l\u00e0m b\u00e1nh, vi\u1ec7c c\u00e2n \u0111o \u0111ong \u0111\u1ebfm l\u01b0\u1ee3ng b\u1ed9t, s\u1eefa, tr\u1ee9ng, b\u01a1, \u2026 l\u00e0 r\u1ea5t quan tr\u1ecdng b\u1edfi n\u00f3 \u1ea3nh h\u01b0\u1edfng l\u1edbn \u0111\u1ebfn th\u00e0nh ph\u1ea9m m\u00e0 b\u1ea1n t\u1ea1o ra. Do \u0111\u00f3, c\u00e1c d\u1ee5ng c\u1ee5 c\u00e2n \u0111ong \u0111\u01b0\u1ee3c s\u1ea3n xu\u1ea5t ng\u00e0y c\u00e0ng nhi\u1ec1u v\u00e0 c\u00f3 m\u1eb7t tr\u00ean th\u1ecb tr\u01b0\u1eddng v\u1edbi \u0111a d\u1ea1ng m\u1eabu m\u00e3, ki\u1ec3u lo\u1ea1i kh\u00e1c nhau.vi\u1ec7c c\u00f3 1 chi\u1ebfc c\u00e2n \u0111i\u1ec7n t\u1eed trong b\u1ebfp l\u00e0 \u0111i\u1ec1u v\u00f4 c\u00f9ng c\u1ea7n thi\u1ebft.<\/p>\n<p>Thi\u1ebft k\u1ebf hi\u1ec7n \u0111\u1ea1i, v\u00f4 c\u00f9ng ti\u1ec7n l\u1ee3i cho ng\u01b0\u1eddi s\u1eed d\u1ee5ng, \u0111\u1eb7c bi\u1ec7t v\u1edbi c\u00e1c c\u00f4ng vi\u1ec7c nh\u00e0 b\u1ebfp, ph\u00f2ng th\u00ed nghi\u1ec7m, c\u00e2n b\u1ed9t, m\u1ef9 ph\u1ea9m v\u1edbi \u0111\u1ed9 ch\u00ednh x\u00e1c cao.<\/p>\n<p>Ti\u1ec7n d\u1ee5ng trong n\u1ea5u \u0103n, l\u00e0m b\u00e1nh, l\u00e0 d\u1ee5ng c\u1ee5 kh\u00f4ng th\u1ec3 thi\u1ebfu c\u1ee7a nh\u00e0 b\u1ebfp<\/p>\n<p>S\u1ea3n ph\u1ea9m th\u00edch h\u1ee3p s\u1eed d\u1ee5ng \u0111\u1ec3 c\u00e2n tr\u1ecdng l\u01b0\u1ee3ng th\u1ef1c ph\u1ea9m, \u0111ong nguy\u00ean li\u1ec7u trong n\u1ea5u \u0103n v\u00e0 l\u00e0m b\u00e1nh<\/p>\n<p><img fetchpriority=\"high\" decoding=\"async\" class=\"wp-image-29934 aligncenter\" src=\"https:\/\/havamall.vn\/wp-content\/uploads\/2022\/12\/\u0111-300x300.png\" alt=\"\" width=\"631\" height=\"631\" srcset=\"https:\/\/havamall.vn\/wp-content\/uploads\/2022\/12\/\u0111-300x300.png 300w, https:\/\/havamall.vn\/wp-content\/uploads\/2022\/12\/\u0111-430x430.png 430w, https:\/\/havamall.vn\/wp-content\/uploads\/2022\/12\/\u0111-150x150.png 150w, https:\/\/havamall.vn\/wp-content\/uploads\/2022\/12\/\u0111-700x700.png 700w, https:\/\/havamall.vn\/wp-content\/uploads\/2022\/12\/\u0111-768x768.png 768w, https:\/\/havamall.vn\/wp-content\/uploads\/2022\/12\/\u0111-600x600.png 600w, https:\/\/havamall.vn\/wp-content\/uploads\/2022\/12\/\u0111-100x100.png 100w, https:\/\/havamall.vn\/wp-content\/uploads\/2022\/12\/\u0111.png 1000w\" sizes=\"(max-width: 631px) 100vw, 631px\" \/>C\u00e1c t\u00ednh n\u0103ng ti\u00eau chu\u1ea9n cu\u0309a Mu\u00f4\u0303ng \u0111o l\u01b0\u01a1\u0300ng \u0111i\u00ea\u0323n t\u01b0\u0309 bao g\u1ed3m :<\/p>\n<ul>\n<li>T\u1ef1 \u0111\u1ed9ng t\u1eaft ngu\u1ed3n k\u00e9o d\u00e0i tu\u1ed5i th\u1ecd pin<\/li>\n<li>Hi\u1ec3n th\u1ecb c\u1ea3nh b\u00e1o pin y\u1ebfu (T\u00f9y theo lo\u1ea1i, c\u00f3 lo\u1ea1i c\u00f3 c\u00f3 lo\u1ea1i nh\u1ea5p nh\u00e1)<\/li>\n<li>Ph\u00edm \u0111i\u1ec1u khi\u1ec3n, \u0111\u01a1n gi\u1ea3n trong qu\u00e1 tr\u00ecnh s\u1eed d\u1ee5ng. Chuy\u1ec3n \u0111\u1ed5i gi\u1eefa c\u00e1c \u0111\u01a1n v\u1ecb \u0111o d\u1ec5 d\u00e0ng<\/li>\n<li>T\u00ednh n\u0103ng tr\u1eeb b\u00ec, lo\u1ea1i tr\u1eeb kh\u1ed1i l\u01b0\u1ee3ng c\u1ee7a \u0111\u1ebf l\u00f3t.<\/li>\n<li>S\u1eed d\u1ee5ng pin c\u00f3 \u0111i k\u00e8m trong s\u1ea3n ph\u1ea9m.<\/li>\n<li>Thi\u1ebft k\u1ebf v\u1edbi m\u1ea1ch ch\u1ed1ng nhi\u1ec5u s\u00f3ng \u0111i\u1ec7n t\u1eeb gi\u00fap c\u00e2n lu\u00f4n \u1ed5n \u0111\u1ecbnh v\u00e0 ch\u00ednh x\u00e1c k\u1ec3 c\u1ea3 khi \u0111\u1ec3 g\u1ea7n nh\u1eefng n\u01a1i s\u1ea3n xu\u1ea5t, tivi, \u0111i\u1ec7n tho\u1ea1i,<\/li>\n<\/ul>\n<p><img decoding=\"async\" class=\"wp-image-29935 aligncenter\" src=\"https:\/\/havamall.vn\/wp-content\/uploads\/2022\/12\/fgh-300x300.png\" alt=\"\" width=\"611\" height=\"611\" srcset=\"https:\/\/havamall.vn\/wp-content\/uploads\/2022\/12\/fgh-300x300.png 300w, https:\/\/havamall.vn\/wp-content\/uploads\/2022\/12\/fgh-430x430.png 430w, https:\/\/havamall.vn\/wp-content\/uploads\/2022\/12\/fgh-150x150.png 150w, https:\/\/havamall.vn\/wp-content\/uploads\/2022\/12\/fgh-700x700.png 700w, https:\/\/havamall.vn\/wp-content\/uploads\/2022\/12\/fgh-768x768.png 768w, https:\/\/havamall.vn\/wp-content\/uploads\/2022\/12\/fgh-600x600.png 600w, https:\/\/havamall.vn\/wp-content\/uploads\/2022\/12\/fgh-100x100.png 100w, https:\/\/havamall.vn\/wp-content\/uploads\/2022\/12\/fgh.png 1000w\" sizes=\"(max-width: 611px) 100vw, 611px\" \/><\/p>\n<p>X\u00e9t ri\u00eang v\u1ec1 c\u00f4ng d\u1ee5ng \u0111\u01b0\u1ee3c d\u00f9ng trong nh\u00e0 b\u1ebfp th\u00ec s\u1ebd c\u00f3 c\u00e2n \u0111\u1ed3ng h\u1ed3 v\u00e0 c\u00e2n \u0111i\u1ec7n t\u1eed. Tuy nhi\u00ean, v\u1edbi thi\u1ebft k\u1ebf nh\u1ecf g\u1ecdn, \u0111\u1ed9 ch\u00ednh x\u00e1c cao, gi\u00e1 c\u1ea3 ph\u1ea3i ch\u0103ng, c\u00e2n \u0111i\u1ec7n t\u1eed \u0111\u01b0\u1ee3c ng\u01b0\u1eddi ti\u00eau d\u00f9ng l\u1ef1a ch\u1ecdn nhi\u1ec1u h\u01a1n so v\u1edbi c\u00e2n \u0111\u1ed3ng h\u1ed3.<\/p>\n<p>C\u00e2n \u0111i\u1ec7n t\u1eed mini n\u00e0y c\u00f3 l\u1edbp v\u1ecf ngo\u00e0i \u0111\u01b0\u1ee3c l\u00e0m b\u1eb1ng nh\u1ef1a cao c\u1ea5p v\u00f4 c\u00f9ng c\u1ee9ng v\u00e0 c\u0169ng si\u00eau b\u1ec1n, n\u00f3 ch\u1ecbu \u0111\u01b0\u1ee3c nh\u1eefng \u00e1p l\u1ef1c l\u1edbn t\u1eeb m\u00f4i tr\u01b0\u1eddng b\u00ean ngo\u00e0i. H\u01a1n n\u1eefa, n\u00f3 c\u00f2n c\u00e1ch \u0111i\u1ec7n, c\u00e1ch nhi\u1ec7t, v\u00e0 c\u00f3 kh\u1ea3 n\u0103ng ch\u1ed1ng th\u1ea5m n\u01b0\u1edbc 100%.<\/p>\n<p><img decoding=\"async\" class=\"aligncenter\" src=\"https:\/\/cf.shopee.vn\/file\/09562e0e586d52995f54423e3f4cd26f\" alt=\"Mu\u1ed7ng \u0110o L\u01b0\u1eddng \u0110i\u1ec7n T\u1eed 500g\/0.1g C\u00f3 Th\u1ec3 S\u1ea1c L\u1ea1i \u0110\u01b0\u1ee3c | Shopee Vi\u1ec7t Nam\" width=\"592\" height=\"592\" \/><\/p>\n<p>M\u00e1y c\u00f3 3 n\u00fat \u1ea5n r\u1ea5t d\u1ec5 s\u1eed d\u1ee5ng l\u00e0 N\u00fat ON\/ OFF d\u00f9ng \u0111\u1ec3 t\u1eaft v\u00e0 b\u1eadt c\u00e2n, hi\u1ec3n th\u1ecb tr\u1ecdng l\u01b0\u1ee3ng c\u1ee7a th\u1ee9 c\u1ea7n c\u00e2n, N\u00fat MODE \u0111\u1ec3 \u0111i\u1ec1u ch\u1ec9nh ch\u1ebf \u0111\u1ed9 c\u00e2n. N\u00fat HOLD d\u00f9ng \u0111\u1ec3 m\u1edf ch\u1ee9c n\u0103ng ch\u1ed1t gi\u00e1 tr\u1ecb c\u00e2n khi \u0111\u00e3 \u1ed5n \u0111\u1ecbnh, n\u00f3 tr\u00e1nh cho vi\u1ec7c s\u1ed1 nh\u1ea3y lung tung kh\u00f3 \u0111\u1ecdc c\u00e2n.<\/p>\n<p>C\u00e2n nh\u00e0 b\u1ebfp \u0111\u01b0\u1ee3c t\u1eb7ng k\u00e8m 1 vi\u00ean pin n\u00fat \u00e1o, v\u00e0 b\u1ea1n c\u00f3 th\u1ec3 d\u1ec5 d\u00e0ng thay th\u1ebf v\u00e0 mua pin d\u1ef1 ph\u00f2ng r\u1ea5t \u0111\u01a1n gi\u1ea3n b\u1edfi lo\u1ea1i pin n\u00e0y v\u00f4 c\u00f9ng ph\u1ed5 bi\u1ebfn.<\/p>\n<p>Chi\u1ebfc c\u00e2n mini n\u00e0y c\u0169ng d\u1ec5 d\u00e0ng \u0111\u1ec3 v\u1ec7 sinh, b\u1ea1n c\u00f3 th\u1ec3 lau ch\u00f9i n\u00f3 v\u00f4 c\u00f9ng thu\u1eadn ti\u1ec7n b\u1eb1ng gi\u1ebb kh\u00f4 ho\u1eb7c gi\u1ebb \u1ea9m pha m\u1ed9t ch\u00fat n\u01b0\u1edbc r\u1eeda b\u00e1t. B\u1ea1n s\u1ebd kh\u00f4ng g\u1eb7p kh\u00f3 kh\u0103n g\u00ec v\u00e0 d\u1ec5 d\u00e0ng \u0111\u00e1nh bay m\u1ecdi v\u1ebft b\u1ea9n b\u00e1m tr\u00ean b\u1ec1 m\u1eb7t c\u1ee7a c\u00e2n m\u00e0 kh\u00f4ng h\u1ec1 l\u00e0m h\u01b0 h\u1ea1i g\u00ec \u0111\u1ebfn s\u1ea3n ph\u1ea9m.<\/p>\n<p><img decoding=\"async\" class=\"aligncenter\" src=\"https:\/\/havamall.vn\/wp-content\/uploads\/2022\/12\/can-dien-tu-hinh-muong.jpg\" alt=\"C\u00e2n Ti\u1ec3u Ly \u0111i\u1ec7n t\u1eed D\u1ea1ng Th\u00eca Mu\u1ed7ng 500g 0.1g ch\u00ednh x\u00e1c cao\u2764\ufe0f \u2013 TBESHOP.VN\" \/><\/p>\n<h3><strong>Th\u00f4ng s\u1ed1 k\u1ef9 thu\u1eadt:<\/strong><\/h3>\n<ul>\n<li>Ch\u1ea5t li\u1ec7u: ABS + kim lo\u1ea1i<\/li>\n<li>Kho\u1ea3ng c\u00e2n: 0,1-500g<\/li>\n<li>Hi\u1ec3n th\u1ecb \u0111\u01b0\u1ee3c 4 \u0110\u01a1n v\u1ecb \u0111o: g=grams, oz=ounces, ct=carats, gn=grains<\/li>\n<li>K\u00edch th\u01b0\u1edbc: 228 * 56,3 * 20 mm<\/li>\n<li>Pin: 1 vi\u00ean pin c\u00fac CR2032 ( k\u00e8m theo s\u1ea3n ph\u1ea9m )<\/li>\n<li>M\u00e0n h\u00ecnh hi\u1ec3n th\u1ecb LCD<\/li>\n<li>T\u1ef1 \u0111\u1ed9ng t\u1eaft m\u00e1y sau 1 ph\u00fat kh\u00f4ng ho\u1ea1t \u0111\u1ed9ng<\/li>\n<li>Ti\u00eau th\u1ee5 \u0111i\u1ec7n n\u0103ng th\u1ea5p, gi\u00fap m\u00e1y s\u1eed d\u1ee5ng pin \u0111\u01b0\u1ee3c l\u00e2u. Mu\u1ed7ng c\u00f3 th\u1ec3 th\u00e1o r\u1eddi \u0111\u1ec3 l\u00e0m s\u1ea1ch<\/li>\n<\/ul>\n<p>S\u1ea3n ph\u1ea9m hi\u1ec7n \u0111\u00e3 c\u00f3 m\u1eb7t t\u1ea1i Havamall.<\/p>","protected":false},"excerpt":{"rendered":"<p>Trong r\u1ea5t nhi\u1ec1u linh v\u1ef1c t\u1eeb s\u1ea3n xu\u1ea5t, th\u01b0\u01a1ng m\u1ea1i \u0111\u1ebfn \u0111\u1eddi s\u1ed1ng c\u1ee7a con ng\u01b0\u1eddi \u0111\u1ec1u c\u1ea7n c\u00e2n tr\u1ecdng<\/p>","protected":false},"featured_media":29936,"comment_status":"open","ping_status":"closed","template":"","meta":[],"product_brand":[],"product_cat":[393,35],"product_tag":[],"class_list":{"0":"post-29933","1":"product","2":"type-product","3":"status-publish","4":"has-post-thumbnail","6":"product_cat-bep-phong-an","7":"product_cat-nha-cua-doi-song","9":"first","10":"instock","11":"sale","12":"shipping-taxable","13":"purchasable","14":"product-type-simple"},"_links":{"self":[{"href":"https:\/\/havamall.vn\/en\/wp-json\/wp\/v2\/product\/29933"}],"collection":[{"href":"https:\/\/havamall.vn\/en\/wp-json\/wp\/v2\/product"}],"about":[{"href":"https:\/\/havamall.vn\/en\/wp-json\/wp\/v2\/types\/product"}],"replies":[{"embeddable":true,"href":"https:\/\/havamall.vn\/en\/wp-json\/wp\/v2\/comments?post=29933"}],"version-history":[{"count":0,"href":"https:\/\/havamall.vn\/en\/wp-json\/wp\/v2\/product\/29933\/revisions"}],"wp:featuredmedia":[{"embeddable":true,"href":"https:\/\/havamall.vn\/en\/wp-json\/wp\/v2\/media\/29936"}],"wp:attachment":[{"href":"https:\/\/havamall.vn\/en\/wp-json\/wp\/v2\/media?parent=29933"}],"wp:term":[{"taxonomy":"product_brand","embeddable":true,"href":"https:\/\/havamall.vn\/en\/wp-json\/wp\/v2\/product_brand?post=29933"},{"taxonomy":"product_cat","embeddable":true,"href":"https:\/\/havamall.vn\/en\/wp-json\/wp\/v2\/product_cat?post=29933"},{"taxonomy":"product_tag","embeddable":true,"href":"https:\/\/havamall.vn\/en\/wp-json\/wp\/v2\/product_tag?post=29933"}],"curies":[{"name":"wp","href":"https:\/\/api.w.org\/{rel}","templated":true}]}}