{"id":29927,"date":"2022-12-15T17:51:21","date_gmt":"2022-12-15T10:51:21","guid":{"rendered":"https:\/\/havamall.vn\/?post_type=product&#038;p=29927"},"modified":"2023-02-08T17:35:07","modified_gmt":"2023-02-08T10:35:07","slug":"gia-vi-lau-thai-lobo-tom-yum-paste-lobo-30gr","status":"publish","type":"product","link":"https:\/\/havamall.vn\/en\/shop\/gia-vi-lau-thai-lobo-tom-yum-paste-lobo-30gr\/","title":{"rendered":"Gia V\u1ecb L\u1ea9u Th\u00e1i LoBo Tom Yum Paste Lobo 30gr"},"content":{"rendered":"<p><span style=\"font-family: Arial\">C\u00e1i t\u00ean Tom Yum \u0111\u01b0\u1ee3c h\u00ecnh th\u00e0nh v\u00e0 b\u1eaft ngu\u1ed3n b\u1edfi 2 ch\u1eef \u201cTom\u201d v\u00e0 \u201cYum\u201d.\u00a0 \u201cTom\u201d c\u00f3 ngh\u0129a l\u00e0 qu\u00e1 tr\u00ecnh n\u1ea5u s\u00f4i, hay c\u00f3 th\u1ec3 hi\u1ec3u \u0111\u01a1n gi\u1ea3n l\u00e0 n\u1ea5u canh, c\u00f2n \u201cYum\u201d l\u00e0 t\u00ean c\u1ee7a m\u1ed9t nh\u00f3m th\u1ea3o m\u1ed9c truy\u1ec1n th\u1ed1ng c\u1ee7a Th\u00e1i, c\u00f3 v\u1ecb chua v\u00e0 cay xu\u1ea5t ph\u00e1t t\u1eeb v\u00f9ng r\u1eebng n\u00fai c\u00e1c n\u01b0\u1edbc L\u00e0o, Th\u00e1i Lan. V\u00ec v\u1eady, Tom yum c\u00f3 \u00fd ngh\u0129a l\u00e0 m\u1ed9t m\u00f3n canh v\u1edbi v\u1ecb chua cay, c\u1ea7n \u0111\u01b0\u1ee3c \u0111un n\u00f3ng trong qu\u00e1 tr\u00ecnh th\u01b0\u1edfng th\u1ee9c. Theo th\u1eddi gian v\u00e0 s\u1ef1 ph\u00e1t tri\u1ec3n c\u1ee7a x\u00e3 h\u1ed9i, c\u00e1c nguy\u00ean li\u1ec7u tr\u1edf n\u00ean \u0111a d\u1ea1ng h\u01a1n, ng\u01b0\u1eddi ta c\u1ea3i ti\u1ebfn m\u00f3n \u0103n b\u1eb1ng c\u00e1ch cho th\u00eam c\u00e1c lo\u1ea1i gia v\u1ecb v\u00e0 h\u1ea3i s\u1ea3n \u0111\u1ec3 \u0111\u00e1p \u1ee9ng nhu c\u1ea7u th\u01b0\u1edfng th\u1ee9c c\u1ee7a th\u1ef1c kh\u00e1ch.<\/span><\/p>\n<p><img fetchpriority=\"high\" decoding=\"async\" class=\"aligncenter\" src=\"https:\/\/havamall.vn\/wp-content\/uploads\/2022\/12\/f450b88d143a4740152bd886ec414145.jpg\" alt=\"Gia v\u1ecb l\u1ea9u th\u00e1i Lobo Tom Yum Paste h\u0169 1kg Tomyum Paste | Lazada.vn\" width=\"576\" height=\"576\" \/><\/p>\n<p><span style=\"font-family: Arial\">\u0110\u1ec3 c\u00f3 m\u1ed9t m\u00f3n Tom Yum chu\u1ea9n v\u1ecb, \u0111\u1ea7u ti\u00ean ph\u1ea3i ch\u1ebf \u0111\u01b0\u1ee3c n\u01b0\u1edbc d\u00f9ng \u01b0ng \u00fd. N\u01b0\u1edbc canh Tom Yum l\u00e0 s\u1ef1 k\u1ebft h\u1ee3p h\u00e0i ho\u00e0 c\u1ee7a nhi\u1ec1u h\u01b0\u01a1ng v\u1ecb: c\u00e1i chua \u0111\u1eb7c tr\u01b0ng ho\u00e0 quy\u1ec7n c\u00f9ng v\u1ecb cay n\u1ed3ng v\u00e0 \u0111\u1ed9 ng\u1ecdt t\u1eeb th\u1ecbt. C\u00e1c gia v\u1ecb kh\u00f4ng th\u1ec3 thi\u1ebfu trong canh bao g\u1ed3m l\u00e1 chanh Th\u00e1i (kaffir lime), c\u1ee7 s\u1ea3, c\u1ee7 ri\u1ec1ng non, h\u00e0nh kh\u00f4, \u1edbt t\u01b0\u01a1i ho\u1eb7c sa t\u1ebf, n\u01b0\u1edbc c\u1ed1t chanh ho\u1eb7c n\u01b0\u1edbc me, rau th\u01a1m, c\u00e0 chua ho\u1eb7c d\u1ea7u \u0111i\u1ec1u, n\u01b0\u1edbc c\u1ed1t d\u1eeba, x\u01b0\u01a1ng g\u00e0 ho\u1eb7c l\u1ee3n, m\u1eafm Th\u00e1i Lan. Nhi\u1ec1u ng\u01b0\u1eddi hay nh\u1ea7m l\u1eabn chanh Th\u00e1i v\u00e0 chanh Vi\u1ec7t, nh\u01b0ng th\u1ef1c ch\u1ea5t ch\u00fang ho\u00e0n to\u00e0n kh\u00e1c nhau, l\u00e1 chanh Th\u00e1i Lan c\u00f3 m\u1ed9t \u0111i\u1ec3m \u0111\u1eb7c bi\u1ec7t l\u00e0 d\u00f9 cho c\u00f3 \u0111un r\u1ea5t l\u00e2u trong n\u1ed3i n\u01b0\u1edbc \u0111ang s\u00f4i th\u00ec c\u0169ng kh\u00f4ng l\u00e0m \u0111\u1eafng n\u01b0\u1edbc l\u1ea9u m\u00e0 ng\u01b0\u1ee3c l\u1ea1i, n\u00f3 c\u00f2n mang \u0111\u1ebfn m\u1ed9t m\u00f9i th\u01a1m \u0111\u1eb7c tr\u01b0ng v\u00e0 kh\u00f4ng th\u1ec3 nh\u1ea7m l\u1eabn.<\/span><\/p>\n<p><span style=\"font-family: Arial\"><img decoding=\"async\" class=\"aligncenter\" src=\"https:\/\/havamall.vn\/wp-content\/uploads\/2022\/12\/tom-yum-1932.jpg\" alt=\"M\u00e1ch b\u1ea1n 5 \u0111\u1ecba ch\u1ec9 \u0103n tom yum si\u00eau ngon t\u1ea1i Th\u00e1i Lan\" \/><\/span><\/p>\n<h2><span style=\"font-family: Arial\"><b>H\u01b0\u1edbng d\u1eabn s\u1eed d\u1ee5ng:\u00a0<\/b><\/span><\/h2>\n<ul>\n<li><span style=\"font-family: Arial\">Nh\u00fang g\u00f3i v\u00e0o n\u01b0\u1edbc n\u00f3ng trong 1 ph\u00fat. C\u1eaft m\u1edf ra, h\u1ed7n h\u1ee3p s\u1ebd ch\u1ea3y ra d\u1ec5 d\u00e0ng.<\/span><\/li>\n<li><span style=\"font-family: Arial\">\u0110un s\u00f4i 2 c\u1ed1c n\u01b0\u1edbc (480ml).<\/span><\/li>\n<li><span style=\"font-family: Arial\">Th\u00eam n\u01b0\u1edbc s\u00f4i v\u00e0o b\u00ean trong g\u00f3i n\u00e0y.<\/span><\/li>\n<li><span style=\"font-family: Arial\">Th\u00eam 200g t\u00f4m kh\u00f4 v\u00e0 100g n\u1ea5m h\u01b0\u01a1ng.<\/span><\/li>\n<li><span style=\"font-family: Arial\">Th\u00eam n\u01b0\u1edbc m\u1eafm ho\u1eb7c mu\u1ed1i v\u00e0 n\u01b0\u1edbc c\u1ed1t chanh cho v\u1eeba \u0103n.<\/span><\/li>\n<\/ul>","protected":false},"excerpt":{"rendered":"<p>C\u00e1i t\u00ean Tom Yum \u0111\u01b0\u1ee3c h\u00ecnh th\u00e0nh v\u00e0 b\u1eaft ngu\u1ed3n b\u1edfi 2 ch\u1eef \u201cTom\u201d v\u00e0 \u201cYum\u201d.\u00a0 \u201cTom\u201d c\u00f3 ngh\u0129a l\u00e0<\/p>","protected":false},"featured_media":29928,"comment_status":"open","ping_status":"closed","template":"","meta":[],"product_brand":[],"product_cat":[154,36,134],"product_tag":[],"class_list":{"0":"post-29927","1":"product","2":"type-product","3":"status-publish","4":"has-post-thumbnail","6":"product_cat-gia-vi","7":"product_cat-thuc-pham-tieu-dung","8":"product_cat-thucpham-saykho","9":"pa_brand-lobo","11":"first","12":"instock","13":"sale","14":"shipping-taxable","15":"purchasable","16":"product-type-simple"},"_links":{"self":[{"href":"https:\/\/havamall.vn\/en\/wp-json\/wp\/v2\/product\/29927"}],"collection":[{"href":"https:\/\/havamall.vn\/en\/wp-json\/wp\/v2\/product"}],"about":[{"href":"https:\/\/havamall.vn\/en\/wp-json\/wp\/v2\/types\/product"}],"replies":[{"embeddable":true,"href":"https:\/\/havamall.vn\/en\/wp-json\/wp\/v2\/comments?post=29927"}],"version-history":[{"count":0,"href":"https:\/\/havamall.vn\/en\/wp-json\/wp\/v2\/product\/29927\/revisions"}],"wp:featuredmedia":[{"embeddable":true,"href":"https:\/\/havamall.vn\/en\/wp-json\/wp\/v2\/media\/29928"}],"wp:attachment":[{"href":"https:\/\/havamall.vn\/en\/wp-json\/wp\/v2\/media?parent=29927"}],"wp:term":[{"taxonomy":"product_brand","embeddable":true,"href":"https:\/\/havamall.vn\/en\/wp-json\/wp\/v2\/product_brand?post=29927"},{"taxonomy":"product_cat","embeddable":true,"href":"https:\/\/havamall.vn\/en\/wp-json\/wp\/v2\/product_cat?post=29927"},{"taxonomy":"product_tag","embeddable":true,"href":"https:\/\/havamall.vn\/en\/wp-json\/wp\/v2\/product_tag?post=29927"}],"curies":[{"name":"wp","href":"https:\/\/api.w.org\/{rel}","templated":true}]}}