{"id":29919,"date":"2022-12-15T17:32:16","date_gmt":"2022-12-15T10:32:16","guid":{"rendered":"https:\/\/havamall.vn\/?post_type=product&#038;p=29919"},"modified":"2022-12-15T17:32:17","modified_gmt":"2022-12-15T10:32:17","slug":"vong-thuan-sac-bang-huong-dan-cach-phoi-mau-cho-nguoi-moi-mont-marte-mini-colour-dial","status":"publish","type":"product","link":"https:\/\/havamall.vn\/en\/shop\/vong-thuan-sac-bang-huong-dan-cach-phoi-mau-cho-nguoi-moi-mont-marte-mini-colour-dial\/","title":{"rendered":"V\u00f2ng thu\u1ea7n s\u1eafc &#8211; B\u1ea3ng h\u01b0\u1edbng d\u1eabn c\u00e1ch ph\u1ed1i m\u00e0u cho ng\u01b0\u1eddi m\u1edbi Mont Marte Mini Colour Dial"},"content":{"rendered":"<p dir=\"auto\">Mont Marte l\u00e0 h\u00e3ng h\u1ecda c\u1ee5 \u0111\u00e3 c\u00f3 m\u1eb7t t\u1ea1i h\u1ec7 th\u1ed1ng c\u1eeda h\u00e0ng c\u1ee7a h\u01a1n 300 t\u1ec9nh th\u00e0nh thu\u1ed9c 75 qu\u1ed1c gia tr\u00ean to\u00e0n th\u1ebf gi\u1edbi. \u0110i\u1ec1u n\u00e0y n\u00f3i l\u00ean s\u1ef1 ph\u00e1t tri\u1ec3n b\u1ec1n v\u1eefng c\u1ee7a nh\u00e3n h\u00e0ng Mont Marte tr\u00ean th\u1ecb tr\u01b0\u1eddng th\u1ebf gi\u1edbi.<\/p>\n<p>Trong v\u00f2ng 15 n\u0103m, Mont Marte \u0111\u00e3 tr\u1edf th\u00e0nh th\u01b0\u01a1ng h\u1ec7u d\u1eabn \u0111\u1ea7u th\u1ecb tr\u01b0\u1eddng \u00dac v\u1ec1 c\u00e1c s\u1ea3n ph\u1ea9m ngh\u1ec7 thu\u1eadt v\u00e0 l\u00e0 th\u01b0\u01a1ng hi\u1ec7u \u0111\u01b0\u1ee3c tin d\u00f9ng \u1edf h\u01a1n 75 qu\u1ed1c gia: Trung Qu\u1ed1c, Canada, Ph\u00e1p, Ph\u1ea7n Lan,\u2026<\/p>\n<p>S\u1ea3n ph\u1ea9m Mont Marte kh\u00e1 \u0111a d\u1ea1ng, \u0111\u00e1p \u1ee9ng h\u1ea7u h\u1ebft c\u00e1c nhu c\u1ea7u v\u1ec1 h\u1ecda c\u1ee5 truy\u1ec1n th\u1ed1ng, t\u1eeb s\u01a1n m\u00e0u \u0111\u1ebfn c\u00e1c ph\u1ee5 ki\u1ec7n, s\u1ed5 k\u00ed h\u1ecda, gi\u1ea5y craft,\u2026<\/p>\n<p><img decoding=\"async\" class=\"aligncenter\" src=\"https:\/\/havamall.vn\/wp-content\/uploads\/2022\/12\/dac-tinh-cua-mau-acrylic.-e1648185114640.jpg\" alt='M\u00e0u Acrylic v\u1ebd tr\u00ean gi\u1ea5y g\u00ec? V\u1ebd tr\u00ean v\u1eadt li\u1ec7u g\u00ec th\u00ec ph\u00f9 h\u1ee3p? IVY ART' \/><\/p>\n<p>&#8211; Mont Marte Colour Dial- D\u1ee5ng c\u1ee5 mini nh\u01b0ng l\u1ea1i c\u1ef1c k\u00ec h\u1eefu d\u1ee5ng v\u1edbi c\u00e1c b\u1ea1n m\u1edbi t\u1eadp v\u1ebd &#8211; B\u1ea3ng h\u01b0\u1edbng d\u1eabn pha m\u00e0u mini c\u1ee7a Mont Marte nh\u1ecf g\u1ecdn nh\u01b0ng l\u1ea1i ch\u1ee9a \u0111\u1ee7 nh\u1eefng tips c\u1ea7n thi\u1ebft \u0111\u1ec3 b\u1ea1n b\u1eaft \u0111\u1ea7u pha m\u00e0u. &#8211; B\u1ea3ng l\u00e0m b\u1eb1ng gi\u1ea5y v\u00e0 c\u00f3 \u0111\u01b0\u1eddng k\u00ednh nh\u1ecf n\u00ean d\u1ec5 d\u00e0ng b\u1ecf t\u00fai \u0111\u1ec3 mang theo &#8211; Ngo\u00e0i ra m\u1eb7t sau c\u0169ng c\u00f3 s\u1eb5n c\u00e1c \u0111\u1ecbnh ngh\u0129a ti\u1ebfng Anh c\u01a1 b\u1ea3n c\u1ee7a c\u00e1c m\u00e0u s\u1eafc \u0111\u1ec3 b\u1ea1n d\u1ec5 d\u00e0ng s\u1eed d\u1ee5ng<\/p>\n<p><img fetchpriority=\"high\" decoding=\"async\" class=\"aligncenter\" src=\"http:\/\/cdn.shopify.com\/s\/files\/1\/0362\/5395\/8276\/products\/MMarteColourDial_1200x1200.jpg?v=1586518130\" alt=\"Mont Marte Colour Dial \u2013 A Taste of Nannup and Beyond\" width=\"703\" height=\"527\" \/><\/p>\n<p>&nbsp;<\/p>","protected":false},"excerpt":{"rendered":"<p>Mont Marte l\u00e0 h\u00e3ng h\u1ecda c\u1ee5 \u0111\u00e3 c\u00f3 m\u1eb7t t\u1ea1i h\u1ec7 th\u1ed1ng c\u1eeda h\u00e0ng c\u1ee7a h\u01a1n 300 t\u1ec9nh th\u00e0nh thu\u1ed9c<\/p>","protected":false},"featured_media":29920,"comment_status":"open","ping_status":"closed","template":"","meta":[],"product_brand":[],"product_cat":[395,35],"product_tag":[],"class_list":{"0":"post-29919","1":"product","2":"type-product","3":"status-publish","4":"has-post-thumbnail","6":"product_cat-van-phong-pham","7":"product_cat-nha-cua-doi-song","8":"pa_brand-mont-marte","10":"first","11":"instock","12":"sale","13":"shipping-taxable","14":"purchasable","15":"product-type-simple"},"_links":{"self":[{"href":"https:\/\/havamall.vn\/en\/wp-json\/wp\/v2\/product\/29919"}],"collection":[{"href":"https:\/\/havamall.vn\/en\/wp-json\/wp\/v2\/product"}],"about":[{"href":"https:\/\/havamall.vn\/en\/wp-json\/wp\/v2\/types\/product"}],"replies":[{"embeddable":true,"href":"https:\/\/havamall.vn\/en\/wp-json\/wp\/v2\/comments?post=29919"}],"version-history":[{"count":0,"href":"https:\/\/havamall.vn\/en\/wp-json\/wp\/v2\/product\/29919\/revisions"}],"wp:featuredmedia":[{"embeddable":true,"href":"https:\/\/havamall.vn\/en\/wp-json\/wp\/v2\/media\/29920"}],"wp:attachment":[{"href":"https:\/\/havamall.vn\/en\/wp-json\/wp\/v2\/media?parent=29919"}],"wp:term":[{"taxonomy":"product_brand","embeddable":true,"href":"https:\/\/havamall.vn\/en\/wp-json\/wp\/v2\/product_brand?post=29919"},{"taxonomy":"product_cat","embeddable":true,"href":"https:\/\/havamall.vn\/en\/wp-json\/wp\/v2\/product_cat?post=29919"},{"taxonomy":"product_tag","embeddable":true,"href":"https:\/\/havamall.vn\/en\/wp-json\/wp\/v2\/product_tag?post=29919"}],"curies":[{"name":"wp","href":"https:\/\/api.w.org\/{rel}","templated":true}]}}