{"id":29911,"date":"2022-12-15T17:19:06","date_gmt":"2022-12-15T10:19:06","guid":{"rendered":"https:\/\/havamall.vn\/?post_type=product&#038;p=29911"},"modified":"2023-09-25T14:22:15","modified_gmt":"2023-09-25T07:22:15","slug":"bo-co-ve-can-ban-acrylic-mont-marte-gallery-series-brush-set-acrylic-4pce-bmhs009","status":"publish","type":"product","link":"https:\/\/havamall.vn\/en\/shop\/bo-co-ve-can-ban-acrylic-mont-marte-gallery-series-brush-set-acrylic-4pce-bmhs009\/","title":{"rendered":"B\u1ed9 C\u1ecd V\u1ebd C\u0103n B\u1ea3n Acrylic Mont Marte \u2013 Gallery Series Brush Set Acrylic"},"content":{"rendered":"<p dir=\"auto\">Mont Marte l\u00e0 h\u00e3ng h\u1ecda c\u1ee5 \u0111\u00e3 c\u00f3 m\u1eb7t t\u1ea1i h\u1ec7 th\u1ed1ng c\u1eeda h\u00e0ng c\u1ee7a h\u01a1n 300 t\u1ec9nh th\u00e0nh thu\u1ed9c 75 qu\u1ed1c gia tr\u00ean to\u00e0n th\u1ebf gi\u1edbi. \u0110i\u1ec1u n\u00e0y n\u00f3i l\u00ean s\u1ef1 ph\u00e1t tri\u1ec3n b\u1ec1n v\u1eefng c\u1ee7a nh\u00e3n h\u00e0ng Mont Marte tr\u00ean th\u1ecb tr\u01b0\u1eddng th\u1ebf gi\u1edbi.<\/p>\n<p>Trong v\u00f2ng 15 n\u0103m, Mont Marte \u0111\u00e3 tr\u1edf th\u00e0nh th\u01b0\u01a1ng h\u1ec7u d\u1eabn \u0111\u1ea7u th\u1ecb tr\u01b0\u1eddng \u00dac v\u1ec1 c\u00e1c s\u1ea3n ph\u1ea9m ngh\u1ec7 thu\u1eadt v\u00e0 l\u00e0 th\u01b0\u01a1ng hi\u1ec7u \u0111\u01b0\u1ee3c tin d\u00f9ng \u1edf h\u01a1n 75 qu\u1ed1c gia: Trung Qu\u1ed1c, Canada, Ph\u00e1p, Ph\u1ea7n Lan,\u2026<\/p>\n<p>S\u1ea3n ph\u1ea9m Mont Marte kh\u00e1 \u0111a d\u1ea1ng, \u0111\u00e1p \u1ee9ng h\u1ea7u h\u1ebft c\u00e1c nhu c\u1ea7u v\u1ec1 h\u1ecda c\u1ee5 truy\u1ec1n th\u1ed1ng, t\u1eeb s\u01a1n m\u00e0u \u0111\u1ebfn c\u00e1c ph\u1ee5 ki\u1ec7n, s\u1ed5 k\u00ed h\u1ecda, gi\u1ea5y craft,\u2026<\/p>\n<p><img fetchpriority=\"high\" decoding=\"async\" class=\"aligncenter\" src=\"https:\/\/havamall.vn\/wp-content\/uploads\/2022\/12\/BMHS0014.jpg\" alt=\"Mont Marte Gallery Series Paint Brush Set - Acrylic 4pc\" width=\"703\" height=\"703\" \/><\/p>\n<p>\u2714\ufe0f G\u1ed3m 4 c\u1ecd v\u1edbi 3 c\u1ecd l\u00f4ng nh\u00e2n t\u1ea1o v\u00e0 1 c\u1ecd l\u00f4ng \u0111\u1ed9ng v\u1eadt<br \/>\n\u2714\ufe0f C\u1ecd c\u01a1 b\u1ea3n v\u00e0 d\u1ec5 s\u1eed d\u1ee5ng v\u1edbi nh\u1eefng b\u1ea1n m\u1edbi h\u1ecdc v\u1ebd<br \/>\n\u2714\ufe0f Th\u00edch h\u1ee3p s\u1eed d\u1ee5ng v\u1edbi m\u00e0u Acrylic, m\u00e0u Gouache, S\u01a1n d\u1ea7u (c\u1ecd l\u00f4ng l\u1ee3n), c\u1ecd l\u00f4ng nh\u00e2n t\u1ea1o c\u00f3 th\u1ec3 s\u1eed d\u1ee5ng v\u1edbi M\u00e0u n\u01b0\u1edbc<\/p>\n<p>\ud83d\udccc B\u1ed9 4 C\u1ecd BMHS0042 g\u1ed3m:<br \/>\n&#8211; 1 C\u1ecd Round 4 &#8211; L\u00f4ng nh\u00e2n t\u1ea1o<br \/>\n&#8211; 1 C\u1ecd Round 8 &#8211; L\u00f4ng nh\u00e2n t\u1ea1o<br \/>\n&#8211; 1 C\u1ecd Flat 6 &#8211; L\u00f4ng nh\u00e2n t\u1ea1o<br \/>\n&#8211; 1 C\u1ecd Flat 12 &#8211; L\u00f4ng t\u1ef1 nhi\u00ean<\/p>\n<p><img decoding=\"async\" class=\"aligncenter\" src=\"https:\/\/havamall.vn\/wp-content\/uploads\/2022\/12\/BMHS0018.jpg\" alt=\"Mont Marte Gallery Series Paint Brush Set - Acrylic 4pc\" width=\"722\" height=\"722\" \/><\/p>\n<p>B\u1ed9 4 c\u00e2y c\u1ecd v\u1ebd \u0111\u00e1p \u1ee9ng nhu c\u1ea7u v\u1ebd chuy\u00ean d\u1ee5ng c\u1ee7a ng\u01b0\u1eddi d\u00f9ng v\u1edbi ch\u1ea5t l\u01b0\u1ee3ng \u0111\u1ea3m b\u1ea3o \u0111\u1ec3 t\u1ea1o n\u00ean \u0111\u01b0\u1eddng n\u00e9t v\u1ebd tinh t\u1ebf, nh\u1eb9 nh\u00e0ng hay s\u1eafc s\u1ea3o.<\/p>\n<p><img decoding=\"async\" class=\"wp-image-23608 aligncenter\" src=\"https:\/\/havamall.vn\/wp-content\/uploads\/2021\/11\/136358314-300x200.png\" alt=\"\" width=\"656\" height=\"437\" srcset=\"https:\/\/havamall.vn\/wp-content\/uploads\/2021\/11\/136358314-300x200.png 300w, https:\/\/havamall.vn\/wp-content\/uploads\/2021\/11\/136358314-430x287.png 430w, https:\/\/havamall.vn\/wp-content\/uploads\/2021\/11\/136358314-150x100.png 150w, https:\/\/havamall.vn\/wp-content\/uploads\/2021\/11\/136358314-700x467.png 700w, https:\/\/havamall.vn\/wp-content\/uploads\/2021\/11\/136358314-768x512.png 768w, https:\/\/havamall.vn\/wp-content\/uploads\/2021\/11\/136358314-1024x683.png 1024w, https:\/\/havamall.vn\/wp-content\/uploads\/2021\/11\/136358314-600x400.png 600w, https:\/\/havamall.vn\/wp-content\/uploads\/2021\/11\/136358314.png 1080w\" sizes=\"(max-width: 656px) 100vw, 656px\" \/><\/p>\n<p>Th\u00e2n c\u1ecd \u0111\u01b0\u1ee3c l\u00e0m b\u1eb1ng g\u1ed7 nh\u1eb9, kh\u00f4ng khi\u1ebfn ng\u01b0\u1eddi c\u1ea7m c\u1ecd c\u1ea3m th\u1ea5y n\u1eb7ng tay v\u00e0 d\u1ec5 d\u00e0ng \u0111i\u1ec1u khi\u1ec3n \u0111\u01b0\u1ee3c thao t\u00e1c c\u1ecd theo \u00fd m\u00ecnh. B\u00ean c\u1ea1nh \u0111\u00f3, \u0111\u1ea7u c\u1ecd v\u1ebd \u0111\u01b0\u1ee3c l\u00e0m b\u1eb1ng l\u00f4ng nh\u00e2n t\u1ea1o, r\u1ea5t m\u1ec1m m\u1ea1i v\u00e0 d\u1ec5 d\u00e0ng linh ho\u1ea1t trong n\u00e9t v\u1ebd.<\/p>\n<p>B\u1ed9 c\u1ecd v\u1ebd m\u00e0u n\u01b0\u1edbc MONT MARTE \u0111\u01b0\u1ee3c l\u00e0m t\u1eeb l\u00f4ng h\u1ed7n h\u1ee3p, l\u00e0 m\u1ed9t l\u1ef1a ch\u1ecdn ho\u00e0n h\u1ea3o cho nh\u1eefng b\u1ee9c tranh m\u00e0u n\u01b0\u1edbc m\u00e0 b\u1ea1n \u0111ang t\u00ecm ki\u1ebfm d\u1ee5ng c\u1ee5 \u0111\u1ec3 v\u1ebd. S\u1ea3n ph\u1ea9m \u0111i k\u00e8m t\u00fai \u0111\u1ef1ng nh\u1ecf g\u1ecdn, c\u00f3 kh\u00f3a k\u00e9o\u00a0ti\u1ec7n d\u1ee5ng, th\u00edch h\u1ee3p\u00a0\u0111\u1ec3 \u0111i\u00a0du l\u1ecbch v\u00e0 gi\u00fap k\u00e9o d\u00e0i tu\u1ed5i th\u1ecd cho\u00a0c\u1ecd.<\/p>\n<p>S\u1ea3n ph\u1ea9m th\u00edch h\u1ee3p s\u1eed d\u1ee5ng cho m\u00e0u Acrylic ho\u1eb7c M\u00e0u n\u01b0\u1edbc, Gouache,\u2026.<\/p>\n<p><img loading=\"lazy\" decoding=\"async\" class=\"wp-image-23638 aligncenter\" src=\"https:\/\/havamall.vn\/wp-content\/uploads\/2021\/11\/n60dNfuTRa-300x186.png\" alt=\"\" width=\"667\" height=\"414\" srcset=\"https:\/\/havamall.vn\/wp-content\/uploads\/2021\/11\/n60dNfuTRa-300x186.png 300w, https:\/\/havamall.vn\/wp-content\/uploads\/2021\/11\/n60dNfuTRa-430x266.png 430w, https:\/\/havamall.vn\/wp-content\/uploads\/2021\/11\/n60dNfuTRa-150x93.png 150w, https:\/\/havamall.vn\/wp-content\/uploads\/2021\/11\/n60dNfuTRa-700x433.png 700w, https:\/\/havamall.vn\/wp-content\/uploads\/2021\/11\/n60dNfuTRa-768x475.png 768w, https:\/\/havamall.vn\/wp-content\/uploads\/2021\/11\/n60dNfuTRa-600x371.png 600w, https:\/\/havamall.vn\/wp-content\/uploads\/2021\/11\/n60dNfuTRa.png 970w\" sizes=\"(max-width: 667px) 100vw, 667px\" \/><\/p>\n<h3><strong>B\u1ea3o qu\u1ea3n:<\/strong><\/h3>\n<p>\u2013 C\u00e1c c\u1ecd v\u1ebd m\u1edbi n\u00ean ng\u00e2m trong n\u01b0\u1edbc l\u1ea1nh v\u00e0i ph\u00fat \u0111\u1ec3 t\u1ea9y r\u1eeda ch\u1ea5t keo.<\/p>\n<p>\u2013 Khi c\u1ecd v\u1ebd kh\u00f4ng d\u00f9ng t\u1edbi n\u00ean \u0111\u1eb7t tr\u00ean gi\u00e1 \u0111\u1ef1ng ph\u1eb3ng ho\u1eb7c m\u00f3c tr\u00ean gi\u00e1 treo .<\/p>\n<p>\u2013 D\u00f9ng c\u1ecd xong, khi r\u1eeda c\u1ecd th\u00ec nh\u00fang c\u1ecd v\u00e0o m\u1ed9t ly n\u01b0\u1edbc, khu\u1ea5y m\u1ea1nh tay \u0111\u1ec3 tan m\u00e0u v\u1ebd. Ch\u00fa \u00fd kh\u00f4ng \u0111\u00e8 \u0111\u1ea7u c\u1ecd xu\u1ed1ng \u0111\u00e1y, ch\u1ec9 ch\u1ea1m nh\u1eb9 \u0111\u1ea7u c\u1ecd v\u00e0o \u0111\u00e1y ly.<\/p>\n<p>&nbsp;<\/p>\n<p><img loading=\"lazy\" decoding=\"async\" class=\"aligncenter\" src=\"https:\/\/havamall.vn\/wp-content\/uploads\/2022\/12\/11062b_b4870e1c9c814774b8261fb3ee9eb907~mv2.jpg\" alt=\"Paint Brrushes | Sip \" width=\"728\" height=\"803\" \/><\/p>\n<p>&nbsp;<\/p>\n<p>&nbsp;<\/p>","protected":false},"excerpt":{"rendered":"<p>Mont Marte l\u00e0 h\u00e3ng h\u1ecda c\u1ee5 \u0111\u00e3 c\u00f3 m\u1eb7t t\u1ea1i h\u1ec7 th\u1ed1ng c\u1eeda h\u00e0ng c\u1ee7a h\u01a1n 300 t\u1ec9nh th\u00e0nh thu\u1ed9c<\/p>","protected":false},"featured_media":29912,"comment_status":"open","ping_status":"closed","template":"","meta":[],"product_brand":[],"product_cat":[395,35],"product_tag":[],"class_list":{"0":"post-29911","1":"product","2":"type-product","3":"status-publish","4":"has-post-thumbnail","6":"product_cat-van-phong-pham","7":"product_cat-nha-cua-doi-song","8":"pa_brand-mont-marte","10":"first","11":"instock","12":"sale","13":"shipping-taxable","14":"purchasable","15":"product-type-variable"},"_links":{"self":[{"href":"https:\/\/havamall.vn\/en\/wp-json\/wp\/v2\/product\/29911"}],"collection":[{"href":"https:\/\/havamall.vn\/en\/wp-json\/wp\/v2\/product"}],"about":[{"href":"https:\/\/havamall.vn\/en\/wp-json\/wp\/v2\/types\/product"}],"replies":[{"embeddable":true,"href":"https:\/\/havamall.vn\/en\/wp-json\/wp\/v2\/comments?post=29911"}],"version-history":[{"count":0,"href":"https:\/\/havamall.vn\/en\/wp-json\/wp\/v2\/product\/29911\/revisions"}],"wp:featuredmedia":[{"embeddable":true,"href":"https:\/\/havamall.vn\/en\/wp-json\/wp\/v2\/media\/29912"}],"wp:attachment":[{"href":"https:\/\/havamall.vn\/en\/wp-json\/wp\/v2\/media?parent=29911"}],"wp:term":[{"taxonomy":"product_brand","embeddable":true,"href":"https:\/\/havamall.vn\/en\/wp-json\/wp\/v2\/product_brand?post=29911"},{"taxonomy":"product_cat","embeddable":true,"href":"https:\/\/havamall.vn\/en\/wp-json\/wp\/v2\/product_cat?post=29911"},{"taxonomy":"product_tag","embeddable":true,"href":"https:\/\/havamall.vn\/en\/wp-json\/wp\/v2\/product_tag?post=29911"}],"curies":[{"name":"wp","href":"https:\/\/api.w.org\/{rel}","templated":true}]}}