{"id":29903,"date":"2022-12-15T16:30:40","date_gmt":"2022-12-15T09:30:40","guid":{"rendered":"https:\/\/havamall.vn\/?post_type=product&#038;p=29903"},"modified":"2023-02-21T11:51:58","modified_gmt":"2023-02-21T04:51:58","slug":"la-bac-mont-marte-leaf-14x14cm-25-to","status":"publish","type":"product","link":"https:\/\/havamall.vn\/en\/shop\/la-bac-mont-marte-leaf-14x14cm-25-to\/","title":{"rendered":"L\u00e1 B\u1ea1c Mont Marte Leaf 14x14cm 25 t\u1edd"},"content":{"rendered":"<p dir=\"auto\">Mont Marte l\u00e0 h\u00e3ng h\u1ecda c\u1ee5 \u0111\u00e3 c\u00f3 m\u1eb7t t\u1ea1i h\u1ec7 th\u1ed1ng c\u1eeda h\u00e0ng c\u1ee7a h\u01a1n 300 t\u1ec9nh th\u00e0nh thu\u1ed9c 75 qu\u1ed1c gia tr\u00ean to\u00e0n th\u1ebf gi\u1edbi. \u0110i\u1ec1u n\u00e0y n\u00f3i l\u00ean s\u1ef1 ph\u00e1t tri\u1ec3n b\u1ec1n v\u1eefng c\u1ee7a nh\u00e3n h\u00e0ng Mont Marte tr\u00ean th\u1ecb tr\u01b0\u1eddng th\u1ebf gi\u1edbi.<\/p>\n<p>Trong v\u00f2ng 15 n\u0103m, Mont Marte \u0111\u00e3 tr\u1edf th\u00e0nh th\u01b0\u01a1ng h\u1ec7u d\u1eabn \u0111\u1ea7u th\u1ecb tr\u01b0\u1eddng \u00dac v\u1ec1 c\u00e1c s\u1ea3n ph\u1ea9m ngh\u1ec7 thu\u1eadt v\u00e0 l\u00e0 th\u01b0\u01a1ng hi\u1ec7u \u0111\u01b0\u1ee3c tin d\u00f9ng \u1edf h\u01a1n 75 qu\u1ed1c gia: Trung Qu\u1ed1c, Canada, Ph\u00e1p, Ph\u1ea7n Lan,\u2026<\/p>\n<p>S\u1ea3n ph\u1ea9m Mont Marte kh\u00e1 \u0111a d\u1ea1ng, \u0111\u00e1p \u1ee9ng h\u1ea7u h\u1ebft c\u00e1c nhu c\u1ea7u v\u1ec1 h\u1ecda c\u1ee5 truy\u1ec1n th\u1ed1ng, t\u1eeb s\u01a1n m\u00e0u \u0111\u1ebfn c\u00e1c ph\u1ee5 ki\u1ec7n, s\u1ed5 k\u00ed h\u1ecda, gi\u1ea5y craft,\u2026<\/p>\n<p>&nbsp;<\/p>\n<p><img decoding=\"async\" class=\"aligncenter\" src=\"https:\/\/havamall.vn\/wp-content\/uploads\/2022\/12\/0cffdcd48225f32a32049d7299ab4648.jpg_720x720q80.jpg\" alt=\"L\u00e1 kim lo\u1ea1i ( L\u00e1 v\u00e0ng b\u1ea1c \u0111\u1ed3ng ) - Mont Marte Leaf | Lazada.vn\" \/><\/p>\n<p>L\u00e1 kim lo\u1ea1i t\u1eeb nh\u00e0 Mont Marte l\u00e0 phi\u00ean b\u1ea3n m\u00f4 ph\u1ecfng r\u1ea5t kinh t\u1ebf c\u1ee7a nh\u1eefng l\u00e1 v\u00e0ng l\u00e1 b\u1ea1c \u0111\u01b0\u1ee3c d\u00f9ng trong ngh\u1ec7 thu\u1eadt v\u00e0 trang tr\u00ed th\u1eddi x\u01b0a. L\u00e1 c\u00f3 \u1ee9ng d\u1ee5ng m\u1ea1 khung tranh hay t\u1ea1o hi\u1ec7u \u1ee9ng r\u1ea5t \u1ea5n t\u01b0\u1ee3ng cho tranh v\u1ebd, \u0111\u01b0\u1ee3c nhi\u1ec1u h\u1ecda s\u0129 qu\u1ed1c t\u1ebf \u01b0a th\u00edch v\u00e0 gi\u00e1 l\u1ea1i c\u1ef1c k\u1ef3 ph\u1ea3i ch\u0103ng! Ngo\u00e0i m\u00e0u v\u00e0ng, b\u1ea1c v\u00e0 \u0111\u1ed3ng truy\u1ec1n th\u1ed1ng h\u00e3ng c\u00f2n c\u00f3 th\u00eam 2 lo\u1ea1i l\u00e1 hoa v\u0103n Designer Leaf Gold river v\u00e0 Designer Copper Starburst c\u1ef1c k\u1ef3 b\u1eaft m\u1eaft<\/p>\n<p><img decoding=\"async\" class=\"aligncenter\" src=\"https:\/\/havamall.vn\/wp-content\/uploads\/2022\/12\/LBAR49928_2_620x.jpg\" alt=\"Imitation Leaf 14x14cm - Silver \u2013 Itsy Bitsy\" \/><\/p>\n<p>K\u00edch th\u01b0\u1edbc 14x14cm 1 set g\u1ed3m 25 l\u00e1.<\/p>\n<p>Ph\u00f9 h\u1ee3p khi s\u1eed d\u1ee5ng v\u1edbi dung d\u1ecbch k\u1ebft d\u00ednh Leafing Size k\u00e8m theo c\u1ee7a M.M: kh\u00f4ng \u0111\u1ed9c h\u1ea1i, water-based, khi kh\u00f4 chuy\u1ec3n sang trong su\u1ed1t v\u00e0 d\u1ec5 d\u00e0ng l\u00e0m s\u1ea1ch v\u1edbi n\u01b0\u1edbc.<\/p>\n<p><img decoding=\"async\" class=\"aligncenter\" src=\"https:\/\/havamall.vn\/wp-content\/uploads\/2022\/12\/123270488-1049863208850995-3173973744639404670-o.jpg\" alt=\"L\u00e1 m\u1ef9 thu\u1eadt \u00e1nh kim (V\u00e0ng, B\u1ea1c, \u0110\u1ed3ng ) - Mont Marte Gold\/Silver\/Copper Leaf \u2013 Hana Art Shop\" \/><\/p>\n<p><img decoding=\"async\" class=\"aligncenter\" src=\"https:\/\/havamall.vn\/wp-content\/uploads\/2022\/12\/Silver_Leaf_480x480.jpg\" alt=\"Mont Marte - Imitation Silver Leaf \u2013 Arts and Crafts Supplies Online Australia\" \/><\/p>","protected":false},"excerpt":{"rendered":"<p>Mont Marte l\u00e0 h\u00e3ng h\u1ecda c\u1ee5 \u0111\u00e3 c\u00f3 m\u1eb7t t\u1ea1i h\u1ec7 th\u1ed1ng c\u1eeda h\u00e0ng c\u1ee7a h\u01a1n 300 t\u1ec9nh th\u00e0nh thu\u1ed9c<\/p>","protected":false},"featured_media":30559,"comment_status":"open","ping_status":"closed","template":"","meta":[],"product_brand":[],"product_cat":[395,35],"product_tag":[],"class_list":{"0":"post-29903","1":"product","2":"type-product","3":"status-publish","4":"has-post-thumbnail","6":"product_cat-van-phong-pham","7":"product_cat-nha-cua-doi-song","8":"pa_brand-mont-marte","10":"first","11":"instock","12":"sale","13":"shipping-taxable","14":"purchasable","15":"product-type-simple"},"_links":{"self":[{"href":"https:\/\/havamall.vn\/en\/wp-json\/wp\/v2\/product\/29903"}],"collection":[{"href":"https:\/\/havamall.vn\/en\/wp-json\/wp\/v2\/product"}],"about":[{"href":"https:\/\/havamall.vn\/en\/wp-json\/wp\/v2\/types\/product"}],"replies":[{"embeddable":true,"href":"https:\/\/havamall.vn\/en\/wp-json\/wp\/v2\/comments?post=29903"}],"version-history":[{"count":0,"href":"https:\/\/havamall.vn\/en\/wp-json\/wp\/v2\/product\/29903\/revisions"}],"wp:featuredmedia":[{"embeddable":true,"href":"https:\/\/havamall.vn\/en\/wp-json\/wp\/v2\/media\/30559"}],"wp:attachment":[{"href":"https:\/\/havamall.vn\/en\/wp-json\/wp\/v2\/media?parent=29903"}],"wp:term":[{"taxonomy":"product_brand","embeddable":true,"href":"https:\/\/havamall.vn\/en\/wp-json\/wp\/v2\/product_brand?post=29903"},{"taxonomy":"product_cat","embeddable":true,"href":"https:\/\/havamall.vn\/en\/wp-json\/wp\/v2\/product_cat?post=29903"},{"taxonomy":"product_tag","embeddable":true,"href":"https:\/\/havamall.vn\/en\/wp-json\/wp\/v2\/product_tag?post=29903"}],"curies":[{"name":"wp","href":"https:\/\/api.w.org\/{rel}","templated":true}]}}