{"id":29885,"date":"2022-12-15T14:11:14","date_gmt":"2022-12-15T07:11:14","guid":{"rendered":"https:\/\/havamall.vn\/?post_type=product&#038;p=29885"},"modified":"2022-12-22T10:47:50","modified_gmt":"2022-12-22T03:47:50","slug":"bo-but-sap-dau-cao-cap-mont-marte-12-mau-oil-pastels-signature","status":"publish","type":"product","link":"https:\/\/havamall.vn\/en\/shop\/bo-but-sap-dau-cao-cap-mont-marte-12-mau-oil-pastels-signature\/","title":{"rendered":"B\u1ed9 B\u00fat S\u00e1p D\u1ea7u Cao C\u1ea5p Mont Marte 12 M\u00e0u \u2013 Oil Pastels Signature"},"content":{"rendered":"<p dir=\"auto\">Mont Marte l\u00e0 h\u00e3ng h\u1ecda c\u1ee5 \u0111\u00e3 c\u00f3 m\u1eb7t t\u1ea1i h\u1ec7 th\u1ed1ng c\u1eeda h\u00e0ng c\u1ee7a h\u01a1n 300 t\u1ec9nh th\u00e0nh thu\u1ed9c 75 qu\u1ed1c gia tr\u00ean to\u00e0n th\u1ebf gi\u1edbi. \u0110i\u1ec1u n\u00e0y n\u00f3i l\u00ean s\u1ef1 ph\u00e1t tri\u1ec3n b\u1ec1n v\u1eefng c\u1ee7a nh\u00e3n h\u00e0ng Mont Marte tr\u00ean th\u1ecb tr\u01b0\u1eddng th\u1ebf gi\u1edbi.<\/p>\n<p>Trong v\u00f2ng 15 n\u0103m, Mont Marte \u0111\u00e3 tr\u1edf th\u00e0nh th\u01b0\u01a1ng h\u1ec7u d\u1eabn \u0111\u1ea7u th\u1ecb tr\u01b0\u1eddng \u00dac v\u1ec1 c\u00e1c s\u1ea3n ph\u1ea9m ngh\u1ec7 thu\u1eadt v\u00e0 l\u00e0 th\u01b0\u01a1ng hi\u1ec7u \u0111\u01b0\u1ee3c tin d\u00f9ng \u1edf h\u01a1n 75 qu\u1ed1c gia: Trung Qu\u1ed1c, Canada, Ph\u00e1p, Ph\u1ea7n Lan,\u2026<\/p>\n<p>S\u1ea3n ph\u1ea9m Mont Marte kh\u00e1 \u0111a d\u1ea1ng, \u0111\u00e1p \u1ee9ng h\u1ea7u h\u1ebft c\u00e1c nhu c\u1ea7u v\u1ec1 h\u1ecda c\u1ee5 truy\u1ec1n th\u1ed1ng, t\u1eeb s\u01a1n m\u00e0u \u0111\u1ebfn c\u00e1c ph\u1ee5 ki\u1ec7n, s\u1ed5 k\u00ed h\u1ecda, gi\u1ea5y craft,\u2026<\/p>\n<p><img fetchpriority=\"high\" decoding=\"async\" class=\"aligncenter\" src=\"https:\/\/cf.shopee.vn\/file\/20f8920455e58b497af3b6f3fbca7a93\" alt=\"M\u00e0u S\u00e1p D\u1ea7u Cao C\u1ea5p MONT MARTE 12\/24 M\u00e0u Oil Pastel Si\u00eau M\u1ec1m M\u1ecbn | Shopee Vi\u1ec7t Nam\" width=\"814\" height=\"814\" \/><\/p>\n<p>B\u1ed9 s\u00e1p d\u1ea7u Mont Marte cao c\u1ea5p c\u1ee7a \u00dac v\u01a1\u0301i ca\u0301c ha\u0323t ma\u0300u r\u1ef1c r\u1ee1, d\u1ec5 d\u00e0ng ch\u00f4\u0300ng l\u01a1\u0301p ma\u0300u t\u01b0\u0300 nha\u0323t \u0111\u00ea\u0301n \u0111\u00e2\u0323m, mang la\u0323i cho tranh s\u1eafc th\u00e1i tinh t\u1ebf, sinh \u0111\u00f4\u0323ng.<br \/>\nCh\u1ea5t li\u1ec7u m\u00e0u cao c\u1ea5p \u0111\u1ea3m b\u1ea3o cho tranh c\u1ee7a b\u1ea1n c\u00f3 \u0111\u1ed9 m\u1ecbn v\u00e0 s\u00e1ng nh\u1ea5t , kh\u00f4ng loang r\u1ed7 m\u00e0u nh\u01b0 h\u00e0ng k\u00e9m ch\u1ea5t l\u01b0\u1ee3ng c\u1ee7a c\u00e1c h\u00e3ng kh\u00e1c, n\u00ean kh\u00e1ch h\u00e0ng c\u00f3 th\u1ec3 ho\u00e0n to\u00e0n y\u00ean t\u00e2m khi s\u1eed d\u1ee5ng m\u00e0u n\u00e0y cho ng\u01b0\u1eddi th\u00e2n<br \/>\nMa\u0300u s\u01b0\u0309 du\u0323ng d\u00ea\u0303 da\u0300ng, phu\u0300 h\u01a1\u0323p v\u01a1\u0301i m\u1ecdi l\u1ee9a tu\u1ed5i.<br \/>\nCh\u1ea5t li\u1ec7u an to\u00e0n: Ch\u00e2\u0301t ma\u0300u kh\u00f4ng ch\u1ee9a axit, thi\u0301ch h\u01a1\u0323p s\u1eed d\u1ee5ng tr\u00ean gi\u1ea5y, b\u00eca c\u01b0\u0301ng.<br \/>\nTh\u00e2\u0323m chi\u0301 ch\u00e2\u0301t ma\u0300u mi\u0323n nh\u01b0 nhung v\u00e0 ch\u1ecbu \u0111\u01b0\u1ee3c t\u00e1c \u0111\u1ed9ng c\u1ee7a \u0111\u1ed9 \u1ea9m giu\u0301p tranh v\u1ebd \u0111\u01b0\u01a1\u0323c ba\u0309o v\u00ea\u0323 t\u00f4\u0301t nh\u00e2\u0301t trong th\u01a1\u0300i gian da\u0300i.<br \/>\nB\u00fat \u0111\u01b0\u1ee3c \u0111\u1ef1ng trong h\u1ed9p c\u00f3 chia ng\u0103n, gi\u00fap ng\u01b0\u1eddi d\u00f9ng c\u1ea5t b\u00fat g\u1ecdn g\u00e0ng sau khi s\u1eed d\u1ee5ng, tr\u00e1nh t\u00ecnh tr\u1ea1ng th\u1ea5t l\u1ea1c.<br \/>\nB\u00fat m\u00e0u d\u1ea1ng s\u00e1p mang l\u1ea1i s\u1ef1 ti\u1ec7n d\u1ee5ng cho ng\u01b0\u1eddi v\u1ebd v\u00ec kh\u00f4ng c\u1ea7n g\u1ecdt, kh\u00f4ng c\u1ea7n pha m\u00e0u nh\u01b0 khi s\u1eed d\u1ee5ng b\u00fat ch\u00ec ho\u1eb7c m\u00e0u n\u01b0\u1edbc. Ru\u1ed9t s\u00e1p m\u1ec1m, \u00edt g\u00e3y v\u1ee5n, \u00edt t\u1ea1o m\u00e0u th\u1eeba, d\u1ec5 d\u00e0ng r\u1eeda s\u1ea1ch khi d\u00ednh l\u00ean tay hay qu\u1ea7n \u00e1o.<br \/>\nSa\u0309n ph\u00e2\u0309m \u0111\u01b0\u01a1\u0323c ch\u01b0\u0301ng nh\u00e2\u0323n an toa\u0300n b\u01a1\u0309i ACMI.<\/p>\n<p><img decoding=\"async\" class=\"aligncenter\" src=\"https:\/\/havamall.vn\/wp-content\/uploads\/2022\/12\/9794c084b18672bcb76aa7921cc160e7.jpeg\" alt=\"M\u00e0u s\u00e1p d\u1ea7u cao c\u1ea5p MONT MARTE c\u1ee7a \u00daC b\u1ed9 12\/24\/36\/48 m\u00e0u-Oil Pastels Lalunavn -B81 | Lazada.vn\" width=\"585\" height=\"609\" \/><\/p>\n<p>S\u00e1p d\u1ea7u Mont Marte l\u00e0 m\u1ed9t lo\u1ea1i m\u00e0u v\u1ebd \u0111a n\u0103ng c\u00f3 th\u1ec3 t\u1ea1o n\u00ean nhi\u1ec1u hi\u1ec7u \u1ee9ng m\u00e0u kh\u00e1c nhau.<\/p>\n<p>M\u00e0u m\u1ecbn \u0111\u1ed3ng nh\u1ea5t, th\u1eddi gian kh\u00f4 nhanh. S\u00e1p d\u1ea7u Mont Marte r\u1ea5t d\u1ec5 d\u00f9ng, t\u01b0\u01a1i t\u1eafn v\u00e0 c\u00f3 \u0111\u1ed9 che ph\u1ee7 cao c\u00f9ng \u0111\u1ed9 \u1ea9m h\u1ee3p l\u00ed. Thi\u1ebft k\u1ebf ti\u1ec7n l\u1ee3i, tr\u00e1nh vi\u1ec7c m\u00e0u b\u1ecb kh\u00f4 do bao b\u00ec kh\u00f4ng k\u00edn.<\/p>\n<p>S\u1ea3n ph\u1ea9m c\u00f3 thi\u1ebft k\u1ebf b\u1eaft m\u1eaft, ti\u1ec7n l\u1ee3i t\u1eeb bao b\u00ec cho t\u1edbi s\u1ea3n ph\u1ea9m, Mont Marte \u0111\u1ea7u t\u01b0 r\u1ea5t k\u1ef9 l\u01b0\u1ee1ng kh\u00f4ng ch\u1ec9 v\u1ec1 ch\u1ea5t l\u01b0\u1ee3ng m\u00e0 c\u00f2n v\u1ec1 thi\u1ebft k\u1ebf m\u1eabu m\u00e3.<\/p>\n<p>M\u00e0u ch\u1ee9a c\u00e1c s\u1eafc t\u1ed1 ch\u1ea5t l\u01b0\u1ee3ng cao v\u1edbi \u0111\u1ed9 m\u1ecbn \u0111\u1ed3ng nh\u1ea5t v\u00e0 \u0111\u1ed9 b\u00f3ng cao. B\u1ed9 m\u00e0u ch\u1ee9a \u0111\u1ea7y \u0111\u1ee7 c\u00e1c tone m\u00e0u s\u1eafc t\u1eeb warm tone cho t\u1edbi cool tone, bao g\u1ed3m c\u00e1c m\u00e0u c\u01a1 b\u1ea3n \u0111\u1ec3 pha tr\u1ed9n d\u1ec5 d\u00e0ng.<\/p>\n<p><img decoding=\"async\" class=\"aligncenter\" src=\"https:\/\/cf.shopee.vn\/file\/4de13db411cfc7ad43312c7df3715ac5\" alt=\"M\u00e0u s\u00e1p d\u1ea7u cao c\u1ea5p MONT MARTE c\u1ee7a \u00daC b\u1ed9 12\/24\/36\/48 m\u00e0u-Oil Pastels Lalunavn -B81 | Shopee Vi\u1ec7t Nam\" width=\"626\" height=\"626\" \/><\/p>\n<p>S\u00e1p d\u1ea7u Mont Marte v\u00f4 c\u00f9ng th\u00edch h\u1ee3p cho c\u00e1c H\u1ecda S\u0129 v\u00e0 Sinh Vi\u00ean M\u1ef9 Thu\u1eadt, Thi\u1ebft K\u1ebf \u0111ang t\u00ecm ki\u1ebfm m\u1ed9t b\u1ed9 m\u00e0u ti\u1ec7n l\u1ee3i cho c\u1ea3 trong l\u1edbp h\u1ecdc v\u00e0 ngo\u00e0i tr\u1eddi. \u0110\u1eb7c bi\u1ec7t m\u00e0u v\u1ebd kh\u00f4ng ch\u1ee9a h\u00f3a ch\u1ea5t \u0111\u1ed9c h\u1ea1i, ch\u1ea5t l\u01b0\u1ee3ng \u0111\u1ea1t ti\u00eau chu\u1ea9n qu\u1ed1c t\u1ebf v\u1ec1 \u0111\u1ed9 b\u1ec1n v\u00e0 an to\u00e0n cho s\u1ee9c kh\u1ecfe ng\u01b0\u1eddi d\u00f9ng.<\/p>\n<h3><strong>\u0110\u1eb7c \u0111i\u1ec3m n\u1ed5i b\u1eadt c\u1ee7a s\u1ea3n ph\u1ea9m:<\/strong><\/h3>\n<p>\u2013 S\u00e1p d\u1ea7u Mont Marte th\u00edch h\u1ee3p v\u1ebd tr\u00ean nhi\u1ec1u ch\u1ea5t li\u1ec7u \u0111a d\u1ea1ng nh\u01b0: T\u01b0\u1eddng, g\u1ed7, Canvas, gi\u1ea5y,\u2026..<\/p>\n<p>\u2013S\u00e1p d\u1ea7u Mont Marte l\u00e0 m\u1ed9t lo\u1ea1i m\u00e0u v\u1ebd \u0111a n\u0103ng t\u1ea1o n\u00ean nhi\u1ec1u hi\u1ec7u \u1ee9ng m\u00e0u kh\u00e1c nhau.<\/p>\n<p>\u2013 Thi\u1ebft k\u1ebf b\u1eaft m\u1eaft, ti\u1ec7n l\u1ee3i t\u1eeb bao b\u00ec cho t\u1edbi s\u1ea3n ph\u1ea9m, Mont Marte \u0111\u1ea7u t\u01b0 r\u1ea5t k\u1ef9 l\u01b0\u1ee1ng kh\u00f4ng ch\u1ec9 v\u1ec1 ch\u1ea5t l\u01b0\u1ee3ng m\u00e0 c\u00f2n v\u1ec1 thi\u1ebft k\u1ebf m\u1eabu m\u00e3.<\/p>\n<p>\u2013 D\u1ec5 v\u1eadn chuy\u1ec3n v\u00e0 b\u1ea3o qu\u1ea3n.<\/p>\n<p>\u2013 S\u1ea3n ph\u1ea9m \u0111\u01b0\u1ee3c c\u00e1c nh\u00e0 h\u1ecda s\u0129 chuy\u00ean nghi\u1ec7p s\u1eed d\u1ee5ng, ph\u00f9 h\u1ee3p cho c\u1ea3 c\u00e1c b\u1ea1n \u0111am m\u00ea h\u1ed9i h\u1ecda v\u00e0 sinh vi\u00ean m\u1ef9 thu\u1eadt ki\u1ebfn tr\u00fac.Thi\u1ebft k\u1ebf d\u1ea1ng tu\u00fdp ti\u1ec7n l\u1ee3i, tr\u00e1nh vi\u1ec7c m\u00e0u b\u1ecb kh\u00f4 do bao b\u00ec kh\u00f4ng k\u00edn.<\/p>","protected":false},"excerpt":{"rendered":"<p>Mont Marte l\u00e0 h\u00e3ng h\u1ecda c\u1ee5 \u0111\u00e3 c\u00f3 m\u1eb7t t\u1ea1i h\u1ec7 th\u1ed1ng c\u1eeda h\u00e0ng c\u1ee7a h\u01a1n 300 t\u1ec9nh th\u00e0nh thu\u1ed9c<\/p>","protected":false},"featured_media":29886,"comment_status":"open","ping_status":"closed","template":"","meta":[],"product_brand":[],"product_cat":[395,35],"product_tag":[],"class_list":{"0":"post-29885","1":"product","2":"type-product","3":"status-publish","4":"has-post-thumbnail","6":"product_cat-van-phong-pham","7":"product_cat-nha-cua-doi-song","8":"pa_brand-mont-marte","10":"first","11":"instock","12":"sale","13":"shipping-taxable","14":"purchasable","15":"product-type-simple"},"_links":{"self":[{"href":"https:\/\/havamall.vn\/en\/wp-json\/wp\/v2\/product\/29885"}],"collection":[{"href":"https:\/\/havamall.vn\/en\/wp-json\/wp\/v2\/product"}],"about":[{"href":"https:\/\/havamall.vn\/en\/wp-json\/wp\/v2\/types\/product"}],"replies":[{"embeddable":true,"href":"https:\/\/havamall.vn\/en\/wp-json\/wp\/v2\/comments?post=29885"}],"version-history":[{"count":0,"href":"https:\/\/havamall.vn\/en\/wp-json\/wp\/v2\/product\/29885\/revisions"}],"wp:featuredmedia":[{"embeddable":true,"href":"https:\/\/havamall.vn\/en\/wp-json\/wp\/v2\/media\/29886"}],"wp:attachment":[{"href":"https:\/\/havamall.vn\/en\/wp-json\/wp\/v2\/media?parent=29885"}],"wp:term":[{"taxonomy":"product_brand","embeddable":true,"href":"https:\/\/havamall.vn\/en\/wp-json\/wp\/v2\/product_brand?post=29885"},{"taxonomy":"product_cat","embeddable":true,"href":"https:\/\/havamall.vn\/en\/wp-json\/wp\/v2\/product_cat?post=29885"},{"taxonomy":"product_tag","embeddable":true,"href":"https:\/\/havamall.vn\/en\/wp-json\/wp\/v2\/product_tag?post=29885"}],"curies":[{"name":"wp","href":"https:\/\/api.w.org\/{rel}","templated":true}]}}