{"id":29874,"date":"2022-12-15T11:19:12","date_gmt":"2022-12-15T04:19:12","guid":{"rendered":"https:\/\/havamall.vn\/?post_type=product&#038;p=29874"},"modified":"2023-02-17T09:07:30","modified_gmt":"2023-02-17T02:07:30","slug":"ba-chi-ba-roi-chay-everbest-500g-malaysia-vegetarian-layer-meat-everbest-500g-nhap-khau-malaysia","status":"publish","type":"product","link":"https:\/\/havamall.vn\/en\/shop\/ba-chi-ba-roi-chay-everbest-500g-malaysia-vegetarian-layer-meat-everbest-500g-nhap-khau-malaysia\/","title":{"rendered":"Ba Ch\u1ec9 &#8211; Ba r\u1ecdi chay Everbest 500g Malaysia &#8211; Vegetarian Layer Meat Everbest 500g &#8211; Nh\u1eadp kh\u1ea9u Malaysia"},"content":{"rendered":"<h3><strong>TH\u00d4NG TIN S\u1ea2N PH\u1ea8M<\/strong><\/h3>\n<table>\n<tbody>\n<tr>\n<td>Th\u01b0\u01a1ng hi\u1ec7u<\/td>\n<td>EB<\/td>\n<\/tr>\n<tr>\n<td>Xu\u1ea5t x\u1ee9<\/td>\n<td>Malaysia<\/td>\n<\/tr>\n<tr>\n<td>Th\u00e0nh ph\u1ea7n<\/td>\n<td>\u0110\u1ea1m \u0111\u1eadu n\u00e0nh c\u00f3 k\u1ebft c\u1ea5u (29%), ch\u1ea5t l\u00e0m d\u00e0y, b\u1ed9t konjac, b\u1ed9t l\u00f2ng tr\u1eafng tr\u1ee9ng, h\u01b0\u01a1ng li\u1ec7u nh\u00e2n t\u1ea1o, ch\u1ea5t \u0111i\u1ec1u v\u1ecb, mu\u1ed1i, ch\u1ea5t t\u1ea1o ng\u1ecdt t\u1ef1 nhi\u00ean.<\/td>\n<\/tr>\n<tr>\n<td>H\u1ea1n s\u1eed d\u1ee5ng<\/td>\n<td>24 th\u00e1ng k\u1ec3 t\u1eeb ng\u00e0y s\u1ea3n xu\u1ea5t.<\/td>\n<\/tr>\n<tr>\n<td>B\u1ea3o qu\u1ea3n<\/td>\n<td>B\u1ea3o qu\u1ea3n \u1edf nhi\u1ec7t \u0111\u1ed9 -18 \u0111\u1ed9 C<\/td>\n<\/tr>\n<tr>\n<td>Kh\u1ed1i l\u01b0\u1ee3ng<\/td>\n<td>500g<\/td>\n<\/tr>\n<\/tbody>\n<\/table>\n<p><strong>Ba r\u1ecdi chay EB 500g<\/strong>\u00a0l\u00e0 m\u1ed9t m\u1eb7t h\u00e0ng l\u00e0m t\u1eeb \u0111\u1eadu n\u00e0nh m\u1edbi nh\u1ea5t tr\u00ean th\u1ecb tr\u01b0\u1eddng. \u0110em l\u1ea1i l\u1ee3i \u00edch s\u1ee9c kho\u1ebb v\u1edbi\u00a0h\u01b0\u01a1ng v\u1ecb v\u00e0 \u0111\u1ed9 \u0111\u00e0n h\u1ed3i nh\u01b0 mi\u1ebfng th\u1ecbt th\u1eadt, s\u1ea3n ph\u1ea9m l\u00e0m t\u1eeb \u0111\u1eadu n\u00e0nh\u00a0kh\u00f4ng bi\u1ebfn \u0111\u1ed5i gen v\u00e0\u00a0kh\u00f4ng ch\u1ee9a\u00a0cholesterol<\/p>\n<p>Th\u1ecbt ba r\u1ecdi chay l\u00e0 m\u00f3n \u0103n thu\u1ea7n chay ph\u1ed5 bi\u1ebfn. M\u00f3n \u0103n g\u1ea7n s\u00e1t v\u1edbi m\u00f3n m\u1eb7n c\u1ea3 v\u1ec1 h\u00ecnh th\u1ee9c v\u00e0 h\u01b0\u01a1ng v\u1ecb. C\u00f3 th\u1ec3 d\u1ec5 d\u00e0ng ch\u1ebf bi\u1ebfn th\u00e0nh nhi\u1ec1u m\u00f3n \u0103n ngon t\u1eeb th\u1ecbt ba r\u1ecdi chay nh\u01b0 m\u00f3n kho, x\u00e0o, n\u1ea5u l\u1ea9u, g\u1ecfi cu\u1ed1n chay, n\u1ea5u canh\u2026<\/p>\n<p>S\u1ea3n ph\u1ea9m th\u1ecbt ba r\u1ecdi chay \u0111\u01b0\u1ee3c s\u1ea3n xu\u1ea5t tr\u00ean d\u00e2y chuy\u1ec1n c\u00f4ng ngh\u1ec7 hi\u1ec7n \u0111\u1ea1i, kh\u00e9p k\u00edn v\u00e0 ngu\u1ed3n nguy\u00ean li\u1ec7u \u0111\u1ea3m b\u1ea3o v\u1ec7 sinh an to\u00e0n th\u1ef1c ph\u1ea9m. Th\u1ecbt ba r\u1ecdi chay \u0111\u01b0\u1ee3c \u0111\u00f3ng g\u00f3i nh\u1ecf ti\u1ec7n l\u1ee3i cho s\u1eed d\u1ee5ng v\u00e0 b\u1ea3o qu\u1ea3n.<\/p>\n<p><img fetchpriority=\"high\" decoding=\"async\" class=\"aligncenter\" src=\"https:\/\/havamall.vn\/wp-content\/uploads\/2022\/12\/ba-chi-chien-chay-malaysia-samyfood.jpg\" alt=\"Ba Ch\u1ec9 Chay EverBest Malaysia 500g - SAMYFOOD\" width=\"677\" height=\"429\" \/><\/p>\n<p>\u0110\u01b0\u1eddng \u0111ua\u00a0vi\u00ean th\u1ea3 l\u1ea9u\u00a0l\u1ea1i c\u00f3 th\u00eam \u0111\u1ed1i th\u1ee7 m\u1edbi kh\u00e1 n\u1eb7ng k\u00ed \u0111\u1ebfn t\u1eeb th\u01b0\u01a1ng\u00a0hi\u1ec7u EB n\u1ed5i ti\u1ebfng t\u1ea1i Malaysia, \u0111\u00f3 ch\u00ednh l\u00e0\u00a0Ba R\u1ecdi Chay EB 500g &#8211;\u00a0m\u1ed9t si\u00eau ph\u1ea9m \u0111ang khi\u1ebfn nhi\u1ec1u ng\u01b0\u1eddi d\u00f9ng \u01b0a th\u00edch b\u1edfi s\u1ef1 s\u1ed1ng \u0111\u1ed9ng \u0111\u1ea7y h\u1ea5p d\u1eabn t\u1eeb h\u00ecnh \u1ea3nh \u0111\u1ebfn m\u00f9i v\u1ecb.<\/p>\n<p>Shishamo\u00a0c\u00f3 d\u1ea1ng h\u00ecnh nh\u01b0 ba r\u1ecdi chay th\u1eadt, ch\u1ee7 y\u1ebfu t\u1eeb \u0111\u1ea1m \u0111\u1eadu n\u00e0nh, ph\u1ed1i tr\u1ed9n v\u1edbi m\u1ed9t s\u1ed1 nguy\u00ean li\u1ec7u v\u00e0 gia v\u1ecb mang \u0111\u1ebfn \u0111\u1ed9 m\u1ec1m dai s\u1ea7n s\u1eadt v\u1eeba \u0103n.<\/p>\n<p><img decoding=\"async\" class=\"aligncenter\" src=\"https:\/\/havamall.vn\/wp-content\/uploads\/2022\/12\/threelayermeatveg.jpg\" alt=\"Everbest Vegetarian \u658b\u6599 \u2013 Tasty Frozen Trading\" width=\"688\" height=\"689\" \/><\/p>\n<p>L\u00e0 m\u1ed9t t\u00edn \u0111\u1ed3 th\u00edch l\u1ea9u th\u00ec kh\u00f4ng n\u00ean b\u1ecf qua lo\u1ea1i topping x\u1ecbn x\u00f2 n\u00e0y nh\u00e9, h\u1ee9a h\u1eb9n s\u1ebd \u0111em l\u1ea1i nhi\u1ec1u \u0111i\u1ec1u th\u00fa v\u1ecb cho b\u1eefa \u0103n c\u1ee7a b\u1ea1n v\u00e0 gia \u0111\u00ecnh.\u00a0S\u1ea3n ph\u1ea9m \u0111\u01b0\u1ee3c \u0111\u00f3ng g\u00f3i b\u1ecbch 500g bao g\u1ed3m kho\u1ea3ng 20 vi\u00ean, ngo\u00e0i n\u1ea5u l\u1ea9u th\u00ec c\u00f3 th\u1ec3 d\u00f9ng \u0111\u1ec3 chi\u00ean \u0103n tr\u1ef1c ti\u1ebfp ho\u1eb7c kho, x\u00e0o \u0103n k\u00e8m v\u1edbi c\u01a1m, m\u00ec,&#8230;\u0111\u1ec1u \u0111\u01b0\u1ee3c.<\/p>\n<p><img decoding=\"async\" class=\"aligncenter\" src=\"https:\/\/havamall.vn\/wp-content\/uploads\/2022\/12\/18-wws-vegetarian-food-factory-delicious-braised-pork-like.jpg\" alt=\"\u7d20\u4e09\u5c64\u8089\u7cfb\u5217\u3009\u98c4\u9999\u9b6f\u8089| \u5473\u5473\u8ed2\u4f01\u696d\u6709\u9650\u516c\u53f8\" width=\"743\" height=\"495\" \/><\/p>\n<h3><strong>H\u01b0\u1edbng d\u1eabn s\u1eed d\u1ee5ng:<\/strong><\/h3>\n<ul>\n<li>R\u00e3 \u0111\u00f4ng kho\u1ea3ng 30-60 ph\u00fat tr\u01b0\u1edbc khi ch\u1ebf bi\u1ebfn<\/li>\n<li>N\u1ea5u l\u1ea9u: \u0110un s\u00f4i s\u00fap n\u00f3ng \u1edf 100 \u0111\u1ed9 C trong 1 ph\u00fat<\/li>\n<li>Chi\u00ean: Chi\u00ean \u1edf nhi\u1ec7t \u0111\u1ed9 170-180 \u0111\u1ed9 C cho \u0111\u1ebfn khi v\u00e0ng n\u00e2u<\/li>\n<li>X\u00e0o v\u1edbi c\u00e1c nguy\u00ean li\u1ec7u kh\u00e1c (rau, h\u1ea3i s\u1ea3n, m\u00ec ho\u1eb7c c\u01a1m)<\/li>\n<\/ul>\n<p><img loading=\"lazy\" decoding=\"async\" class=\"aligncenter\" src=\"https:\/\/havamall.vn\/wp-content\/uploads\/2022\/12\/dsc_5703.jpg\" alt=\"Hot &amp; Sour Vegetarian Layer Meat\u9178\u8fa3\u7d20\u4e09\u5c42\u8089(Dish-to-learn before Chinese New Year) | Hello Sweet Dessert\" width=\"474\" height=\"713\" \/><\/p>","protected":false},"excerpt":{"rendered":"<p>TH\u00d4NG TIN S\u1ea2N PH\u1ea8M Th\u01b0\u01a1ng hi\u1ec7u EB Xu\u1ea5t x\u1ee9 Malaysia Th\u00e0nh ph\u1ea7n \u0110\u1ea1m \u0111\u1eadu n\u00e0nh c\u00f3 k\u1ebft c\u1ea5u (29%), ch\u1ea5t<\/p>","protected":false},"featured_media":29876,"comment_status":"open","ping_status":"closed","template":"","meta":[],"product_brand":[],"product_cat":[275,36],"product_tag":[],"class_list":{"0":"post-29874","1":"product","2":"type-product","3":"status-publish","4":"has-post-thumbnail","6":"product_cat-thuc-pham-dong-lanh","7":"product_cat-thuc-pham-tieu-dung","8":"pa_brand-eb","10":"first","11":"instock","12":"sale","13":"shipping-taxable","14":"purchasable","15":"product-type-simple"},"_links":{"self":[{"href":"https:\/\/havamall.vn\/en\/wp-json\/wp\/v2\/product\/29874"}],"collection":[{"href":"https:\/\/havamall.vn\/en\/wp-json\/wp\/v2\/product"}],"about":[{"href":"https:\/\/havamall.vn\/en\/wp-json\/wp\/v2\/types\/product"}],"replies":[{"embeddable":true,"href":"https:\/\/havamall.vn\/en\/wp-json\/wp\/v2\/comments?post=29874"}],"version-history":[{"count":0,"href":"https:\/\/havamall.vn\/en\/wp-json\/wp\/v2\/product\/29874\/revisions"}],"wp:featuredmedia":[{"embeddable":true,"href":"https:\/\/havamall.vn\/en\/wp-json\/wp\/v2\/media\/29876"}],"wp:attachment":[{"href":"https:\/\/havamall.vn\/en\/wp-json\/wp\/v2\/media?parent=29874"}],"wp:term":[{"taxonomy":"product_brand","embeddable":true,"href":"https:\/\/havamall.vn\/en\/wp-json\/wp\/v2\/product_brand?post=29874"},{"taxonomy":"product_cat","embeddable":true,"href":"https:\/\/havamall.vn\/en\/wp-json\/wp\/v2\/product_cat?post=29874"},{"taxonomy":"product_tag","embeddable":true,"href":"https:\/\/havamall.vn\/en\/wp-json\/wp\/v2\/product_tag?post=29874"}],"curies":[{"name":"wp","href":"https:\/\/api.w.org\/{rel}","templated":true}]}}