{"id":29857,"date":"2022-12-09T15:26:01","date_gmt":"2022-12-09T08:26:01","guid":{"rendered":"https:\/\/havamall.vn\/?post_type=product&#038;p=29857"},"modified":"2024-01-10T10:04:32","modified_gmt":"2024-01-10T03:04:32","slug":"vo-collagen-lam-lap-xuong-xuc-xich-nhieu-size-hang-duc-loai-1-ma-ndx-vo-dai-1524m","status":"publish","type":"product","link":"https:\/\/havamall.vn\/en\/shop\/vo-collagen-lam-lap-xuong-xuc-xich-nhieu-size-hang-duc-loai-1-ma-ndx-vo-dai-1524m\/","title":{"rendered":"V\u1ecf collagen l\u00e0m l\u1ea1p x\u01b0\u1edfng, x\u00fac x\u00edch nhi\u1ec1u size h\u00e0ng \u0110\u1ee9c lo\u1ea1i 1 m\u00e3 NDX (v\u1ecf d\u00e0i 15,24m)"},"content":{"rendered":"<p>Kh\u00f4ng \u00edt ng\u01b0\u1eddi v\u1eabn th\u1eafc m\u1eafc r\u1eb1ng v\u1ecf x\u00fac x\u00edch \u0111\u01b0\u1ee3c l\u00e0m t\u1eeb nguy\u00ean li\u1ec7u g\u00ec m\u00e0 ch\u1ec9 l\u00e0 m\u1ed9t l\u1edbp m\u00e0ng m\u1ecfng nh\u01b0ng l\u1ea1i c\u00f3 \u0111\u1ed9 d\u1ebbo dai cao, kh\u00f4ng c\u1ea7n l\u1ecdc b\u1ecf v\u1ecf khi \u0103n. Tr\u01b0\u1edbc \u0111\u00e2y, l\u1edbp v\u1ecf n\u00e0y ch\u00ednh l\u00e0 l\u00f2ng l\u1ee3n non nh\u01b0ng nh\u1edd s\u1ef1 ph\u00e1t tri\u1ec3n c\u1ee7a c\u00f4ng ngh\u1ec7 \u0111\u00e3 t\u1ea1o ra m\u1ed9t lo\u1ea1i v\u1ecf m\u1edbi m\u1ecfng h\u01a1n, dai h\u01a1n, l\u00e0\u00a0v\u1ecf x\u00fac x\u00edch collagen.<\/p>\n<p>Hi\u1ec7n nay, tr\u00ean th\u1ecb tr\u01b0\u1eddng c\u00f3 nhi\u1ec1u lo\u1ea1i v\u1ecf x\u00fac x\u00edch collagen nh\u01b0ng \u0111\u01b0\u1ee3c chia l\u00e0m hai lo\u1ea1i ch\u00ednh l\u00e0 v\u1ecf t\u1ef1 nhi\u00ean v\u00e0 v\u1ecf nh\u00e2n t\u1ea1o. C\u00e1c lo\u1ea1i v\u1ecf x\u00fac x\u00edch n\u00e0y th\u01b0\u1eddng c\u00f3 nh\u1eefng \u0111\u1eb7c \u0111i\u1ec3m ri\u00eang kh\u00e1c nhau.<\/p>\n<p><img fetchpriority=\"high\" decoding=\"async\" class=\"aligncenter\" src=\"https:\/\/cf.shopee.vn\/file\/dc91b65b039f898364e7db9d84323908\" alt=\"Combo 2 cu\u1ed9n v\u1ecf x\u00fac x\u00edch, l\u1ea1p x\u01b0\u1edfng collagen Viscofan \u0110\u1ee9c | Shopee Vi\u1ec7t Nam\" width=\"726\" height=\"726\" \/><\/p>\n<p><strong>V\u1ecf x\u00fac x\u00edch collagen t\u1ef1 nhi\u00ean<\/strong><\/p>\n<p>V\u1ecf x\u00fac x\u00edch t\u1ef1 nhi\u00ean th\u01b0\u1eddng l\u00e0 c\u00e1c lo\u1ea1i l\u00f2ng non c\u1ee7a \u0111\u1ed9ng v\u1eadt. C\u00e1c lo\u1ea1i v\u1ecf x\u00fac x\u00edch n\u00e0y c\u0169ng c\u00f3 th\u00e0nh ph\u1ea7n ch\u1ee7 y\u1ebfu l\u00e0 collagen t\u1ef1 nhi\u00ean. Trong \u1ea9m th\u1ef1c T\u00e2y \u00c2u, h\u1ea7u h\u1ebft v\u1ecf x\u00fac x\u00edch \u0111\u1ec1u \u0111\u1ebfn t\u1eeb l\u1ee3n, nh\u01b0ng \u1edf nh\u1eefng n\u01a1i kh\u00e1c, v\u1ecf x\u00fac x\u00edch ru\u1ed9t c\u1eebu, d\u00ea, gia s\u00fac \u0111\u00f4i khi c\u0169ng \u0111\u01b0\u1ee3c s\u1eed d\u1ee5ng.<\/p>\n<p>L\u00f2ng non \u0111\u01b0\u1ee3c s\u1eed d\u1ee5ng l\u00e0m v\u1ecf x\u00fac x\u00edch c\u1ea7n \u0111\u01b0\u1ee3c r\u1eeda s\u1ea1ch b\u1eb1ng n\u01b0\u1edbc v\u00e0 mu\u1ed1i, \u0111\u01b0\u1ee3c l\u00e0m s\u1ea1ch th\u1ee7 c\u00f4ng hay c\u0169ng c\u00f3 th\u1ec3 nh\u1edd m\u00e1y m\u00f3c. Trong qu\u00e1 tr\u00ecnh l\u00e0m s\u1ea1ch, ch\u1ea5t b\u00e9o b\u00ean ngo\u00e0i v\u00e0 l\u1edbp ni\u00eam m\u1ea1c b\u00ean trong l\u00f2ng non \u0111\u01b0\u1ee3c lo\u1ea1i b\u1ecf, c\u00f2n mu\u1ed1i s\u1ebd gi\u00fap b\u1ea3o v\u1ec7 l\u1edbp v\u1ecf l\u00e2u h\u01a1n.<\/p>\n<p>L\u1edbp v\u1ecf t\u1ef1 nhi\u00ean \u0111\u00e3 \u0111\u01b0\u1ee3c s\u1eed d\u1ee5ng trong s\u1ea3n xu\u1ea5t c\u00e1c \u0111\u1eb7c s\u1ea3n th\u1ecbt trong nhi\u1ec1u th\u1ebf k\u1ef7 v\u00e0 h\u1ea7u nh\u01b0 kh\u00f4ng l\u00e0m thay \u0111\u1ed5i v\u1ec1 h\u00ecnh d\u1ea1ng c\u0169ng nh\u01b0 th\u00e0nh ph\u1ea7n c\u1ee7a s\u1ea3n ph\u1ea9m.<\/p>\n<p>So v\u1edbi c\u00e1c s\u1ea3n ph\u1ea9m s\u1ea3n xu\u1ea5t h\u00e0ng lo\u1ea1t, nh\u1eefng lo\u1ea1i x\u00fac x\u00edch c\u00f3 v\u1ecf t\u1ef1 nhi\u00ean th\u01b0\u1eddng c\u00f3 k\u00edch th\u01b0\u1edbc kh\u00f4ng \u0111\u1ec1u nhau. \u0110\u00e2y c\u0169ng l\u00e0 m\u1ed9t d\u1ea5u hi\u1ec7u \u0111\u1ec3 nh\u1eadn bi\u1ebft s\u1ea3n ph\u1ea9m.<\/p>\n<p><img decoding=\"async\" class=\"wp-image-29859 aligncenter\" src=\"https:\/\/havamall.vn\/wp-content\/uploads\/2022\/12\/vvv-300x200.png\" alt=\"\" width=\"730\" height=\"486\" srcset=\"https:\/\/havamall.vn\/wp-content\/uploads\/2022\/12\/vvv-300x200.png 300w, https:\/\/havamall.vn\/wp-content\/uploads\/2022\/12\/vvv-430x286.png 430w, https:\/\/havamall.vn\/wp-content\/uploads\/2022\/12\/vvv-150x100.png 150w, https:\/\/havamall.vn\/wp-content\/uploads\/2022\/12\/vvv-700x466.png 700w, https:\/\/havamall.vn\/wp-content\/uploads\/2022\/12\/vvv-768x511.png 768w, https:\/\/havamall.vn\/wp-content\/uploads\/2022\/12\/vvv-600x399.png 600w, https:\/\/havamall.vn\/wp-content\/uploads\/2022\/12\/vvv.png 960w\" sizes=\"(max-width: 730px) 100vw, 730px\" \/><\/p>\n<p><strong>V\u1ecf x\u00fac x\u00edch collagen nh\u00e2n t\u1ea1o<\/strong><\/p>\n<p>V\u1ecf x\u00fac x\u00edch nh\u00e2n t\u1ea1o \u0111\u01b0\u1ee3c l\u00e0m b\u1eb1ng collagen (th\u01b0\u1eddng c\u00f3 ngu\u1ed3n g\u1ed1c t\u1eeb da b\u00f2). V\u1ecf x\u00fac x\u00edch b\u1ecdc nh\u00e2n t\u1ea1o t\u1eeb collagen \u0111\u1ed9ng v\u1eadt th\u01b0\u1eddng l\u00e0 v\u1ecf x\u00fac x\u00edch \u0103n \u0111\u01b0\u1ee3c nh\u01b0ng c\u0169ng c\u00f3 lo\u1ea1i kh\u00f4ng \u0103n \u0111\u01b0\u1ee3c v\u00e0 ph\u1ea3i b\u00f3c v\u1ecf tr\u01b0\u1edbc khi s\u1eed d\u1ee5ng.<\/p>\n<p>V\u1ecf collagen \u0111\u01b0\u1ee3c s\u1ea3n xu\u1ea5t ch\u1ee7 y\u1ebfu t\u1eeb collagen trong th\u1ecbt b\u00f2 ho\u1eb7c da v\u00e0 x\u01b0\u01a1ng v\u00e0 g\u00e2n l\u1ee3n. N\u00f3 c\u0169ng c\u00f3 th\u1ec3 \u0111\u01b0\u1ee3c b\u1eaft ngu\u1ed3n t\u1eeb gia c\u1ea7m hay c\u00e1. Lo\u1ea1i v\u1ecf n\u00e0y \u0111\u00e3 \u0111\u01b0\u1ee3c s\u1eed d\u1ee5ng c\u00e1ch \u0111\u00e2y h\u01a1n 50 n\u0103m v\u00e0 ng\u00e0y m\u1ed9t tr\u1edf n\u00ean ph\u1ed5 bi\u1ebfn. Th\u00f4ng th\u01b0\u1eddng chi ph\u00ed \u0111\u1ec3 s\u1ea3n xu\u1ea5t x\u00fac x\u00edch v\u1edbi v\u1ecf collagen nh\u00e2n t\u1ea1o th\u01b0\u1eddng th\u1ea5p h\u01a1n \u0111\u00e1ng k\u1ec3 so v\u1edbi vi\u1ec7c l\u00e0m v\u1ecf x\u00fac x\u00edch t\u1eeb ru\u1ed9t \u0111\u1ed9ng v\u1eadt b\u1edfi t\u1ed1c \u0111\u1ed9 s\u1ea3n xu\u1ea5t nhanh h\u01a1n v\u00e0 c\u1ea7n \u00edt lao \u0111\u1ed9ng th\u1ea5p h\u01a1n.<\/p>\n<p><img decoding=\"async\" class=\"wp-image-29865 aligncenter\" src=\"https:\/\/havamall.vn\/wp-content\/uploads\/2022\/12\/Screen-Shot-2022-12-09-at-3.27.23-PM-copy-300x173.png\" alt=\"\" width=\"770\" height=\"444\" srcset=\"https:\/\/havamall.vn\/wp-content\/uploads\/2022\/12\/Screen-Shot-2022-12-09-at-3.27.23-PM-copy-300x173.png 300w, https:\/\/havamall.vn\/wp-content\/uploads\/2022\/12\/Screen-Shot-2022-12-09-at-3.27.23-PM-copy-430x248.png 430w, https:\/\/havamall.vn\/wp-content\/uploads\/2022\/12\/Screen-Shot-2022-12-09-at-3.27.23-PM-copy-150x87.png 150w, https:\/\/havamall.vn\/wp-content\/uploads\/2022\/12\/Screen-Shot-2022-12-09-at-3.27.23-PM-copy-700x404.png 700w, https:\/\/havamall.vn\/wp-content\/uploads\/2022\/12\/Screen-Shot-2022-12-09-at-3.27.23-PM-copy-768x443.png 768w, https:\/\/havamall.vn\/wp-content\/uploads\/2022\/12\/Screen-Shot-2022-12-09-at-3.27.23-PM-copy-600x346.png 600w, https:\/\/havamall.vn\/wp-content\/uploads\/2022\/12\/Screen-Shot-2022-12-09-at-3.27.23-PM-copy.png 839w\" sizes=\"(max-width: 770px) 100vw, 770px\" \/>C\u00e1c lo\u1ea1i v\u1ecf x\u00fac x\u00edch collagen nh\u00e2n t\u1ea1o \u00a0th\u01b0\u1eddng m\u1ec1m h\u01a1n v\u1ecf t\u1ef1 nhi\u00ean. H\u1ea7u h\u1ebft v\u1ecf b\u1ecdc collagen \u0111\u1ec1u c\u00f3 th\u1ec3 \u0103n \u0111\u01b0\u1ee3c, nh\u01b0ng m\u1ed9t d\u1ea1ng \u0111\u1eb7c bi\u1ec7t c\u1ee7a v\u1ecf collagen d\u00e0y h\u01a1n \u0111\u01b0\u1ee3c s\u1eed d\u1ee5ng cho salami v\u00e0 x\u00fac x\u00edch c\u1ee1 l\u1edbn. V\u1edbi nh\u1eefng s\u1ea3n ph\u1ea9m n\u00e0y, ng\u01b0\u1eddi s\u1eed d\u1ee5ng c\u1ea7n b\u00f3c v\u1ecf tr\u01b0\u1edbc khi \u0103n.<\/p>\n<p>V\u1ecf collagen nh\u00e2n t\u1ea1o c\u0169ng cho ph\u00e9p ki\u1ec3m so\u00e1t tr\u1ecdng l\u01b0\u1ee3ng v\u00e0 k\u00edch th\u01b0\u1edbc x\u00fac x\u00edch t\u1ed1t h\u01a1n. N\u00f3 c\u0169ng cho ph\u00e9p vi\u1ec7c nh\u1ed3i th\u1ecbt d\u1ec5 d\u00e0ng h\u01a1n. \u0110\u00e2y c\u0169ng l\u00e0 l\u00fd do lo\u1ea1i v\u1ecf n\u00e0y ng\u00e0y c\u00e0ng tr\u1edf n\u00ean ph\u1ed5 bi\u1ebfn tr\u00ean th\u1ecb tr\u01b0\u1eddng hi\u1ec7n nay.<\/p>\n<p><img loading=\"lazy\" decoding=\"async\" class=\"wp-image-29860 aligncenter\" src=\"https:\/\/havamall.vn\/wp-content\/uploads\/2022\/12\/87-300x279.png\" alt=\"\" width=\"553\" height=\"514\" srcset=\"https:\/\/havamall.vn\/wp-content\/uploads\/2022\/12\/87-300x279.png 300w, https:\/\/havamall.vn\/wp-content\/uploads\/2022\/12\/87-430x401.png 430w, https:\/\/havamall.vn\/wp-content\/uploads\/2022\/12\/87-150x140.png 150w, https:\/\/havamall.vn\/wp-content\/uploads\/2022\/12\/87-600x559.png 600w, https:\/\/havamall.vn\/wp-content\/uploads\/2022\/12\/87.png 686w\" sizes=\"(max-width: 553px) 100vw, 553px\" \/><\/p>\n<p><strong>S\u1eed d\u1ee5ng v\u1ecf x\u00fac x\u00edch t\u1ea1i gia c\u1ea7n l\u01b0u \u00fd nh\u1eefng g\u00ec?<\/strong><\/p>\n<p>V\u1edbi nh\u1eefng ng\u01b0\u1eddi mu\u1ed1n t\u1ef1 tay l\u00e0m x\u00fac x\u00edch t\u1ea1i nh\u00e0, khi s\u1eed d\u1ee5ng v\u1ecf collagen nh\u00e2n t\u1ea1o c\u1ea7n ch\u00fa \u00fd nh\u1eefng \u0111i\u1ec3m sau:<\/p>\n<p>\u2013 \u0110o\u1ea1n v\u1ecf c\u00f3 \u0111\u01b0\u1eddng k\u00ednh 24cm, d\u00e0i 15m c\u00f3 th\u1ec3 nh\u1ed3i \u0111\u01b0\u1ee3c kho\u1ea3ng 4 \u0111\u1ebfn 5 kg th\u1ecbt. L\u01b0\u1ee3ng th\u1ecbt n\u00e0y c\u0169ng gi\u00fap th\u00e0nh ph\u1ea7n c\u00f3 k\u00edch th\u01b0\u1edbc c\u0169ng nh\u01b0 ch\u1ea5t l\u01b0\u1ee3ng t\u1ed1t nh\u1ea5t. Tr\u00ean th\u1ecb tr\u01b0\u1eddng hi\u1ec7n nay, m\u1ed9t cu\u1ed9n v\u1ecf l\u00e0m x\u00fac x\u00edch nh\u01b0 v\u1eady c\u00f3 gi\u00e1 dao \u0111\u1ed9ng t\u1eeb 60 \u0111\u1ebfn 80 ngh\u00ecn \u0111\u1ed3ng.<\/p>\n<p>\u2013 So v\u1edbi v\u1ecf x\u00fac x\u00edch t\u1ef1 nhi\u00ean, v\u1ecf nh\u00e2n t\u1ea1o th\u01b0\u1eddng c\u00f3 c\u00e1c k\u00edch c\u1ee1 r\u1ea5t \u0111a d\u1ea1ng b\u1edfi v\u1eady khi mua c\u1ea7n ch\u1ecdn lo\u1ea1i v\u1ecf ph\u00f9 h\u1ee3p, \u0111\u00e1p \u1ee9ng nhu c\u1ea7u ch\u1ebf bi\u1ebfn.<\/p>\n<p>\u2013 Khi ch\u1ecdn mua v\u1ecf x\u00fac x\u00edch c\u1ea7n l\u1ef1a ch\u1ecdn nh\u1eefng \u0111\u1ecba ch\u1ec9 uy t\u00edn, tin c\u1eady, tr\u00e1nh mua ph\u1ea3i h\u00e0ng gi\u1ea3, h\u00e0ng nh\u00e1i, h\u00e0ng k\u00e9m ch\u1ea5t l\u01b0\u1ee3ng.<\/p>\n<p>\u2013 V\u1edbi nh\u1eefng lo\u1ea1i v\u1ecf t\u1ef1 nhi\u00ean, c\u1ea7n l\u00e0m s\u1ea1ch k\u1ef9 l\u01b0\u1ee1ng tr\u01b0\u1edbc khi \u0111em ch\u1ebf bi\u1ebfn nh\u1eb1m lo\u1ea1i b\u1ecf c\u00e1c ch\u1ea5t b\u1ea9n c\u0169ng nh\u01b0 nguy c\u01a1 g\u00e2y h\u1ea1i.<\/p>\n<p>\u2013 \u00a0Nh\u1eefng lo\u1ea1i v\u1ecf \u0111\u1ea1t ti\u00eau chu\u1ea9n c\u00f3 th\u1ec3 \u0111\u01b0\u1ee3c b\u1ea3o qu\u1ea3n trong th\u1eddi gian d\u00e0i nh\u01b0ng v\u1eabn c\u1ea7n \u0111\u01b0\u1ee3c b\u1ea3o qu\u1ea3n n\u01a1i kh\u00f4 r\u00e1o tho\u00e1ng m\u00e1t. Khi kh\u00f4ng s\u1eed d\u1ee5ng h\u1ebft c\u1ea7n \u0111\u01b0\u1ee3c b\u1ea3o qu\u1ea3n trong t\u1ee7 l\u1ea1nh.<\/p>\n<p>\u2013 \u00a0C\u00f3 th\u1ec3 s\u1eed d\u1ee5ng v\u1ecf x\u00fac x\u00edch \u0111\u1ec3 ch\u1ebf bi\u1ebfn c\u00e1c m\u00f3n \u0103n kh\u00e1c nh\u01b0 l\u1ea1p x\u01b0\u1edfng, c\u00e1c lo\u1ea1i d\u1ed3i\u2026<\/p>\n<p><img loading=\"lazy\" decoding=\"async\" class=\"wp-image-29861 aligncenter\" src=\"https:\/\/havamall.vn\/wp-content\/uploads\/2022\/12\/kjhk-300x169.png\" alt=\"\" width=\"588\" height=\"331\" srcset=\"https:\/\/havamall.vn\/wp-content\/uploads\/2022\/12\/kjhk-300x169.png 300w, https:\/\/havamall.vn\/wp-content\/uploads\/2022\/12\/kjhk-430x242.png 430w, https:\/\/havamall.vn\/wp-content\/uploads\/2022\/12\/kjhk-150x84.png 150w, https:\/\/havamall.vn\/wp-content\/uploads\/2022\/12\/kjhk-700x394.png 700w, https:\/\/havamall.vn\/wp-content\/uploads\/2022\/12\/kjhk-768x432.png 768w, https:\/\/havamall.vn\/wp-content\/uploads\/2022\/12\/kjhk-600x338.png 600w, https:\/\/havamall.vn\/wp-content\/uploads\/2022\/12\/kjhk.png 1000w\" sizes=\"(max-width: 588px) 100vw, 588px\" \/><\/p>\n<p><strong>\u00a0C\u00f4ng th\u1ee9c x\u00fac x\u00edch l\u00e0m x\u00fac x\u00edch tham kh\u1ea3o:<\/strong><\/p>\n<p>&#8211; 800g\u00a0th\u1ecbt \u1ee9c g\u00e0 \u0111\u00f4ng l\u1ea1nh<\/p>\n<p>&#8211; 200g th\u1ecbt \u0111\u00f9i heo \u0111\u00f4ng l\u1ea1nh<\/p>\n<p>&#8211; 600g da g\u00e0<\/p>\n<p>&#8211; 100g \u0111\u00e1 vi\u00ean<\/p>\n<p>&#8211; 8g ch\u1ea5t b\u1ea3o qu\u1ea3n\u00a0NATROGEN<\/p>\n<p>&#8211; 4g ch\u1ea5t ph\u1ee5 gia t\u1ea1o k\u1ebft d\u00ednh\u00a0Enzym TG<\/p>\n<p>&#8211; 8g ch\u1ea5t ph\u1ee5 gia t\u1ea1o gi\u00f2n dai\u00a0K100new<\/p>\n<p>&#8211; 3g ch\u1ea5t ph\u1ee5 gia t\u1ea1o gi\u00f2n c\u1ee9ng\u00a0k100<\/p>\n<p>&#8211; 10g ph\u1ee5 gia t\u0103ng th\u00eam \u0111\u1ed9 gi\u00f2n v\u00e0 t\u0103ng th\u00eam \u0111\u1ed9 gi\u1eef n\u01b0\u1edbc\u00a0Carrageenan<\/p>\n<p>&#8211; 10g ch\u1ea5t ph\u1ee5 gia t\u0103ng \u0111\u1ed9 d\u1ebbo ch\u1ea3y v\u00e0 \u0111\u1ed9 dai\u00a0Soy protein<\/p>\n<p>&#8211; 3g\u00a0b\u1ed9t nh\u1ee5c \u0111\u1eadu kh\u1ea5u<\/p>\n<p>&#8211; 4g\u00a0h\u01b0\u01a1ng th\u1ecbt heo d\u1ea1ng b\u1ed9t<\/p>\n<p>&#8211; 10g mu\u1ed1i \u0103n<\/p>\n<p>&#8211; 20g \u0111\u01b0\u1eddng \u0103n<\/p>\n<p>&#8211; 2g\u00a0mu\u1ed1i \u0111\u1ecf 5s<\/p>\n<p><strong>=&gt; Cho v\u00e0o m\u00e1y ti\u1ebfn h\u00e0nh b\u1eadt m\u00e1y l\u00ean xay \u0111\u1ebfn l\u00fac nh\u0169 b\u1eaft \u0111\u1ea7u li\u00ean k\u1ebft, k\u1ebft d\u00ednh l\u1ea1i v\u1edbi nhau. Sau \u0111\u00f3 chu\u1ea9n b\u1ecb th\u00eam<\/strong><\/p>\n<p>&#8211; 120g\u00a0tinh b\u1ed9t bi\u1ebfn t\u00ednh th\u1ed5 nh\u0129 k\u00ec<\/p>\n<p>&#8211; 90g \u0111\u00e1 vi\u00ean<\/p>\n<p>&#8211; 6g h\u01b0\u01a1ng kh\u00f3i l\u1ecfng 24PB<\/p>\n<p>&#8211; 4g\u00a0h\u01b0\u01a1ng t\u1ecfi d\u1ea1ng n\u01b0\u1edbc<\/p>\n<p>&#8211; 2g\u00a0m\u00e0u h\u1ed3ng c\u00e1nh sen (M\u00e0u carmine)<\/p>\n<p><strong>=&gt; Cho ti\u1ebfp c\u00e1c nguy\u00ean li\u1ec7u n\u00e0y v\u00e0o lu\u00f4n m\u00e1y xay \u0111ang ch\u1ea1y. V\u00e0 xay \u0111\u1ebfn l\u00fac nh\u0169 d\u1ebbo ch\u1ea3y t\u1eaft m\u00e1y l\u00e0 \u0111\u1ea1t<\/strong><\/p>\n<p><strong>Ch\u00fa \u00fd:\u00a0<\/strong>\u0110\u1ed1i v\u1edbi h\u1ea7u h\u1ebft c\u00e1c d\u00f2ng m\u00e1y xay hi\u1ec7n nay (L\u00e0 m\u00e1y c\u00f3 l\u01b0\u1ee1i \u0111\u1eb7t n\u1eb1m ngang so v\u1edbi m\u1eb7t \u0111\u1ea5t) th\u00ec<strong>\u00a0l\u00ean xay v\u1edbi t\u1ed5ng th\u1eddi gian m\u00e1y xay v\u1eabn \u0111ang ch\u1ea1y nh\u1ecf h\u01a1n 3 ph\u00fat<\/strong><img decoding=\"async\" class=\"aligncenter\" src=\"https:\/\/havamall.vn\/wp-content\/uploads\/2022\/12\/1-1068.jpg\" alt=\"C\u00e1ch l\u00e0m x\u00fac x\u00edch b\u1eb1ng n\u1ed3i chi\u00ean kh\u00f4ng d\u1ea7u - NOVADIGITAL\" \/><\/p>\n<p>H\u1ea5p x\u00fac x\u00edch b\u1eb1ng n\u1ed3i ( d\u01b0\u1edbi 10kg\/ l\u1ea7n)<\/p>\n<ul>\n<li>N\u01b0\u1edbc s\u00f4i b\u1ea1n cho v\u00e0o h\u1ea5p v\u1eb7n nh\u1ecf l\u1eeda liu riu d\u01b0\u1edbi 80 \u0111\u1ed9 \u0111\u1ec3 tr\u00e1nh b\u1ee5c v\u1ecf collagen khi h\u1ea5p. Tu\u1ef3 theo \u0111\u1ecbnh l\u01b0\u1ee3ng b\u1ea1n h\u1ea5p c\u1ee1 30 ph\u00fat l\u00e0 ch\u00edn.<\/li>\n<\/ul>\n<p><strong>Mua v\u1ecf x\u00fac x\u00edch Collagen \u1edf \u0111\u00e2u?<\/strong><\/p>\n<p>Hi\u1ec7n nay, c\u00e1c lo\u1ea1i l\u00f2ng g\u1ea7n nh\u01b0 ch\u1ec9 c\u00f2n \u0111\u01b0\u1ee3c \u00e1p d\u1ee5ng trong ch\u1ebf bi\u1ebfn t\u1ea1i nh\u00e0 v\u1edbi s\u1ed1 l\u01b0\u1ee3ng \u00edt. C\u00f2n c\u00e1c c\u01a1 s\u1edf s\u1ea3n xu\u1ea5t x\u00fac x\u00edch chuy\u00ean nghi\u1ec7p \u0111\u1ec1u s\u1eed d\u1ee5ng lo\u1ea1i v\u1ecf collagen chuy\u00ean d\u1ee5ng. M\u1ed9t trong s\u1ed1 \u00edt n\u01a1i b\u00e1n v\u1ecf Collagen ch\u1ea5t l\u01b0\u1ee3ng \u0111i k\u00e8m c\u00f4ng th\u1ee9c l\u00e0m x\u00fac x\u00edch l\u00e0 Havamall v\u1edbi d\u00f2ng v\u1ecf Collagen Viscofan \u0110\u1ee9c. D\u00f2ng s\u1ea3n ph\u1ea9m n\u00e0y c\u00f3 l\u1edbp v\u1ecf \u0111\u01b0\u1ee3c l\u00e0m t\u1eeb ru\u1ed9t l\u1ee3n t\u1ef1 nhi\u00ean, tr\u1ea3i qua qu\u00e1 tr\u00ecnh l\u00e0m s\u1ea1ch k\u1ef9 l\u01b0\u1ee1ng m\u1edbi \u0111em v\u00e0o ch\u1ebf bi\u1ebfn th\u00e0nh ph\u1ea9m. So v\u1edbi nh\u1eefng lo\u1ea1i v\u1ecf collagen kh\u00e1c, lo\u1ea1i n\u00e0y c\u00f3 \u0111\u1ed9 \u0111\u00e0n h\u1ed3i t\u1ed1t h\u01a1n, khi chi\u00ean r\u00e1n kh\u00f4ng b\u1ecb v\u1ee1 v\u00e0 \u0111\u1eb7c bi\u1ec7t \u0103n r\u1ea5t gi\u00f2n. \u0110\u00e2y c\u0169ng l\u00e0 m\u1ed9t trong nh\u1eefng s\u1ea3n ph\u1ea9m \u0111ang \u0111\u01b0\u1ee3c \u01b0a chu\u1ed9ng nh\u1ea5t hi\u1ec7n nay. Li\u00ean h\u1ec7 mua s\u1ec9 l\u1ebb b\u1ea1n li\u00ean h\u1ec7 hotline: 0946 229 642 \u0111\u1ec3 \u0111\u01b0\u1ee3c mua gi\u00e1 t\u1ed1t nh\u1ea5t nh\u00e9.<\/p>","protected":false},"excerpt":{"rendered":"<p>Kh\u00f4ng \u00edt ng\u01b0\u1eddi v\u1eabn th\u1eafc m\u1eafc r\u1eb1ng v\u1ecf x\u00fac x\u00edch \u0111\u01b0\u1ee3c l\u00e0m t\u1eeb nguy\u00ean li\u1ec7u g\u00ec m\u00e0 ch\u1ec9 l\u00e0 m\u1ed9t<\/p>","protected":false},"featured_media":29862,"comment_status":"open","ping_status":"closed","template":"","meta":[],"product_brand":[],"product_cat":[36,134],"product_tag":[],"class_list":{"0":"post-29857","1":"product","2":"type-product","3":"status-publish","4":"has-post-thumbnail","6":"product_cat-thuc-pham-tieu-dung","7":"product_cat-thucpham-saykho","9":"first","10":"instock","11":"sale","12":"shipping-taxable","13":"purchasable","14":"product-type-variable"},"_links":{"self":[{"href":"https:\/\/havamall.vn\/en\/wp-json\/wp\/v2\/product\/29857"}],"collection":[{"href":"https:\/\/havamall.vn\/en\/wp-json\/wp\/v2\/product"}],"about":[{"href":"https:\/\/havamall.vn\/en\/wp-json\/wp\/v2\/types\/product"}],"replies":[{"embeddable":true,"href":"https:\/\/havamall.vn\/en\/wp-json\/wp\/v2\/comments?post=29857"}],"version-history":[{"count":0,"href":"https:\/\/havamall.vn\/en\/wp-json\/wp\/v2\/product\/29857\/revisions"}],"wp:featuredmedia":[{"embeddable":true,"href":"https:\/\/havamall.vn\/en\/wp-json\/wp\/v2\/media\/29862"}],"wp:attachment":[{"href":"https:\/\/havamall.vn\/en\/wp-json\/wp\/v2\/media?parent=29857"}],"wp:term":[{"taxonomy":"product_brand","embeddable":true,"href":"https:\/\/havamall.vn\/en\/wp-json\/wp\/v2\/product_brand?post=29857"},{"taxonomy":"product_cat","embeddable":true,"href":"https:\/\/havamall.vn\/en\/wp-json\/wp\/v2\/product_cat?post=29857"},{"taxonomy":"product_tag","embeddable":true,"href":"https:\/\/havamall.vn\/en\/wp-json\/wp\/v2\/product_tag?post=29857"}],"curies":[{"name":"wp","href":"https:\/\/api.w.org\/{rel}","templated":true}]}}