{"id":29851,"date":"2022-12-08T21:25:33","date_gmt":"2022-12-08T14:25:33","guid":{"rendered":"https:\/\/havamall.vn\/?post_type=product&#038;p=29851"},"modified":"2024-11-09T09:30:27","modified_gmt":"2024-11-09T02:30:27","slug":"hang-order-date-moi-banh-trung-thu-ngan-lop-liu-xin-su-premium-meo-than-tai-%e7%95%99%e5%bf%83%e9%85%a5-trung-chay-chinh-ngach-dai-loan-330gr","status":"publish","type":"product","link":"https:\/\/havamall.vn\/en\/shop\/hang-order-date-moi-banh-trung-thu-ngan-lop-liu-xin-su-premium-meo-than-tai-%e7%95%99%e5%bf%83%e9%85%a5-trung-chay-chinh-ngach-dai-loan-330gr\/","title":{"rendered":"[H\u00e0ng Order \u2013 Date M\u1edbi] B\u00e1nh Trung Thu Ng\u00e0n L\u1edbp Liu Xin Su Premium M\u00e8o Th\u1ea7n T\u00e0i ( \u7559\u5fc3\u9165 ) Tr\u1ee9ng Ch\u1ea3y Ch\u00ednh Ng\u1ea1ch \u0110\u00e0i Loan 330gr"},"content":{"rendered":"<p>B\u00e1nh trung thu\u00a0ng\u00e0y tr\u01b0\u1edbc ch\u1ec9 c\u00f3 lo\u1ea1i b\u00e1nh trung thu n\u01b0\u1edbng truy\u1ec1n th\u1ed1ng th\u1ebf nh\u01b0ng \u0111\u1ebfn nay b\u00e1nh trung thu c\u00f3 r\u1ea5t nhi\u1ec1u lo\u1ea1i v\u1edbi nhi\u1ec1u nh\u00e2n kh\u00e1c nhau. Trong kh\u00f4ng kh\u00ed r\u1ed9n r\u00e0ng v\u00e0o nh\u1eefng d\u1ecbp g\u1ea7n \u0111\u1ebfn T\u1ebft Trung Thu th\u00ec c\u00e1c l\u00f2 n\u01b0\u1edbng \u0111\u00e3 r\u1ee5c r\u1ecbch chu\u1ea9n b\u1ecb t\u1eebng kh\u00e2u \u0111\u1ec3 cho ra \u0111\u1eddi m\u00f3n b\u00e1nh trung thu \u0111\u1ec3 c\u1ea3 gia \u0111\u00ecnh c\u00f3 th\u1ec3 qu\u00e2y qu\u1ea7n ng\u1ed3i b\u00ea nhau \u0111\u00f3n c\u00e1i T\u1ebft \u0111o\u00e0n vi\u00ean truy\u1ec1n th\u1ed1ng n\u00e0y.<\/p>\n<p><img fetchpriority=\"high\" decoding=\"async\" class=\"wp-image-29853 aligncenter\" src=\"https:\/\/havamall.vn\/wp-content\/uploads\/2022\/12\/78970-300x225.png\" alt=\"\" width=\"677\" height=\"508\" srcset=\"https:\/\/havamall.vn\/wp-content\/uploads\/2022\/12\/78970-300x225.png 300w, https:\/\/havamall.vn\/wp-content\/uploads\/2022\/12\/78970-430x323.png 430w, https:\/\/havamall.vn\/wp-content\/uploads\/2022\/12\/78970-150x113.png 150w, https:\/\/havamall.vn\/wp-content\/uploads\/2022\/12\/78970-700x525.png 700w, https:\/\/havamall.vn\/wp-content\/uploads\/2022\/12\/78970-768x576.png 768w, https:\/\/havamall.vn\/wp-content\/uploads\/2022\/12\/78970-1024x768.png 1024w, https:\/\/havamall.vn\/wp-content\/uploads\/2022\/12\/78970-1200x900.png 1200w, https:\/\/havamall.vn\/wp-content\/uploads\/2022\/12\/78970-600x450.png 600w, https:\/\/havamall.vn\/wp-content\/uploads\/2022\/12\/78970.png 2048w\" sizes=\"(max-width: 677px) 100vw, 677px\" \/>B\u00e1nh Trung thu\u00a0ng\u00e0y tr\u01b0\u1edbc ch\u1ec9 c\u00f3 lo\u1ea1i b\u00e1nh n\u01b0\u1edbng truy\u1ec1n th\u1ed1ng th\u1ebf n\u00ean hi\u1ec7n nay c\u00f9ng v\u1edbi s\u1ef1 \u0111a d\u1ea1ng c\u1ee7a c\u00e1c nh\u00e2n b\u00e1nh v\u00e0 th\u00eam t\u00e0i ngh\u1ec7 l\u00e0m b\u00e1nh b\u1eadc nh\u1ea5t c\u1ee7a c\u00e1c nh\u00e0 l\u00e0m b\u00e1nh \u0111\u00e3 cho ra \u0111\u1eddi nhi\u1ec1u lo\u1ea1i b\u00e1nh v\u1edbi nhi\u1ec1u lo\u1ea1i nh\u00e2n kh\u00e1c nhau.<\/p>\n<p><img decoding=\"async\" class=\"aligncenter\" src=\"https:\/\/havamall.vn\/wp-content\/uploads\/2020\/08\/SIN_1110_aspect16x9.jpg\" alt=\"Four Seasons Hotel Singapore Unveils Elegant Mooncake Collection ...\" width=\"563\" height=\"317\" \/><\/p>\n<p>B\u00e1nh Trung Thu Ng\u00e0n L\u1edbp Liu Xin Su Tr\u1ee9ng Mu\u1ed1i Ch\u1ea3y\u00a0l\u00e0 lo\u1ea1i b\u00e1nh trung thu b\u00e1n ch\u1ea1y nh\u1ea5t \u1edf \u0110\u00e0i Loan hi\u1ec7n nay \u0111\u00e3 ph\u1ed5 bi\u1ebfn tr\u00ean th\u1ecb tr\u01b0\u1eddng Vi\u1ec7t Nam.<\/p>\n<p><strong><img decoding=\"async\" class=\"wp-image-29854 aligncenter\" src=\"https:\/\/havamall.vn\/wp-content\/uploads\/2022\/12\/678-225x300.png\" alt=\"\" width=\"461\" height=\"615\" srcset=\"https:\/\/havamall.vn\/wp-content\/uploads\/2022\/12\/678-225x300.png 225w, https:\/\/havamall.vn\/wp-content\/uploads\/2022\/12\/678-430x573.png 430w, https:\/\/havamall.vn\/wp-content\/uploads\/2022\/12\/678-150x200.png 150w, https:\/\/havamall.vn\/wp-content\/uploads\/2022\/12\/678-700x933.png 700w, https:\/\/havamall.vn\/wp-content\/uploads\/2022\/12\/678-768x1024.png 768w, https:\/\/havamall.vn\/wp-content\/uploads\/2022\/12\/678-1200x1600.png 1200w, https:\/\/havamall.vn\/wp-content\/uploads\/2022\/12\/678-600x800.png 600w, https:\/\/havamall.vn\/wp-content\/uploads\/2022\/12\/678.png 1536w\" sizes=\"(max-width: 461px) 100vw, 461px\" \/>\u2714<\/strong>\u00a0Chi\u1ebfc b\u00e1nh h\u1ea5p d\u1eabn v\u1edbi ng\u00e0n l\u1edbp m\u1ecfng n\u01b0\u1edbng v\u00e0ng ru\u1ed9m, l\u1edbp mochi m\u1ecfng m\u1ec1m th\u01a1m d\u1ebbo, trong c\u00f9ng l\u00e0 nh\u00e2n\u00a0<em><strong>\u201ckim sa tr\u1ee9ng ch\u1ea3y\u201d<\/strong><\/em>\u00a0\u0111\u1eadm \u0111\u00e0, ngon m\u00e0 kh\u00f4ng h\u1ec1 b\u1ecb ng\u00e1n.\u00a0<strong><em>B\u00e1nh trung thu ng\u00e0n l\u1edbp Liu Xin Su<\/em><\/strong>\u00a0\u0111\u01b0\u1ee3c m\u1ecdi l\u1ee9a tu\u1ed5i y\u00eau th\u00edch.<\/p>\n<p><img loading=\"lazy\" decoding=\"async\" class=\"wp-image-28335 aligncenter\" src=\"https:\/\/havamall.vn\/wp-content\/uploads\/2020\/08\/Flk8MmyG2uyGVTaxPq6BU7DLQ5ci.giflarge-291x300.png\" alt=\"\" width=\"560\" height=\"578\" srcset=\"https:\/\/havamall.vn\/wp-content\/uploads\/2020\/08\/Flk8MmyG2uyGVTaxPq6BU7DLQ5ci.giflarge-291x300.png 291w, https:\/\/havamall.vn\/wp-content\/uploads\/2020\/08\/Flk8MmyG2uyGVTaxPq6BU7DLQ5ci.giflarge-430x444.png 430w, https:\/\/havamall.vn\/wp-content\/uploads\/2020\/08\/Flk8MmyG2uyGVTaxPq6BU7DLQ5ci.giflarge-150x155.png 150w, https:\/\/havamall.vn\/wp-content\/uploads\/2020\/08\/Flk8MmyG2uyGVTaxPq6BU7DLQ5ci.giflarge-700x722.png 700w, https:\/\/havamall.vn\/wp-content\/uploads\/2020\/08\/Flk8MmyG2uyGVTaxPq6BU7DLQ5ci.giflarge-600x619.png 600w, https:\/\/havamall.vn\/wp-content\/uploads\/2020\/08\/Flk8MmyG2uyGVTaxPq6BU7DLQ5ci.giflarge.png 750w\" sizes=\"(max-width: 560px) 100vw, 560px\" \/><\/p>\n<p><strong>\u2714<\/strong>\u00a0\u00a0<strong><em>B\u00e1nh trung thu ng\u00e0n l\u1edbp Liu Xin Su\u00a0<\/em><\/strong>gi\u1ed1ng nh\u01b0 m\u1ed9t phi\u00ean b\u1ea3n kh\u00e1c c\u1ee7a b\u00e1nh trung thu th\u00f4ng th\u01b0\u1eddng, nh\u01b0ng \u0111i\u1ec1u \u0111\u1eb7c bi\u1ec7t \u1edf \u0111\u00e2y \u0111\u00e1ng k\u1ec3 \u0111\u1ebfn l\u00e0 h\u01b0\u01a1ng v\u1ecb c\u1ee7a b\u00e1nh r\u1ea5t \u0111\u1ed9c \u0111\u00e1o, h\u1ea5p d\u1eabn kh\u00f3 ch\u1ed1i t\u1eeb. Nh\u00e2n\u00a0<strong>\u201d tr\u1ee9ng mu\u1ed1i tan ch\u1ea3y \u201c<\/strong>\u00a0m\u1ed9t l\u1ea7n n\u1eefa xu\u1ea5t hi\u1ec7n v\u00e0 chinh ph\u1ee5c h\u00e0ng tri\u1ec7u kh\u00e1ch h\u00e0ng kh\u00f3 t\u00ednh.<\/p>\n<p><img loading=\"lazy\" decoding=\"async\" class=\"wp-image-28336 aligncenter\" src=\"https:\/\/havamall.vn\/wp-content\/uploads\/2020\/08\/FhZYyOkD8rA4rTOnpWg2wUtXr2es.giflarge-300x282.png\" alt=\"\" width=\"553\" height=\"520\" srcset=\"https:\/\/havamall.vn\/wp-content\/uploads\/2020\/08\/FhZYyOkD8rA4rTOnpWg2wUtXr2es.giflarge-300x282.png 300w, https:\/\/havamall.vn\/wp-content\/uploads\/2020\/08\/FhZYyOkD8rA4rTOnpWg2wUtXr2es.giflarge-430x404.png 430w, https:\/\/havamall.vn\/wp-content\/uploads\/2020\/08\/FhZYyOkD8rA4rTOnpWg2wUtXr2es.giflarge-150x141.png 150w, https:\/\/havamall.vn\/wp-content\/uploads\/2020\/08\/FhZYyOkD8rA4rTOnpWg2wUtXr2es.giflarge-700x658.png 700w, https:\/\/havamall.vn\/wp-content\/uploads\/2020\/08\/FhZYyOkD8rA4rTOnpWg2wUtXr2es.giflarge-600x564.png 600w, https:\/\/havamall.vn\/wp-content\/uploads\/2020\/08\/FhZYyOkD8rA4rTOnpWg2wUtXr2es.giflarge.png 750w\" sizes=\"(max-width: 553px) 100vw, 553px\" \/><\/p>\n<h2><strong>\u0110\u1eb7c tr\u01b0ng n\u1ed5i b\u1eadt B\u00e1nh Trung Thu Liu Xin Su:\u00a0<\/strong><\/h2>\n<p>\u27a4\u00a0<strong>B\u00e1nh trung thu ng\u00e0n l\u1edbp Liu Xin Su<\/strong>\u00a0\u0111\u01b0\u1ee3c t\u1ea1o ra b\u1edfi r\u1ea5t nhi\u1ec1u l\u1edbp v\u1ecf b\u00e1nh m\u1ec1m m\u1ecfng, \u0111\u01b0\u1ee3c n\u01b0\u1edbng v\u1edbi \u0111\u1ed9 l\u1eeda v\u1eeba khi\u1ebfn cho l\u1edbp v\u1ecf v\u00e0ng \u01b0\u01a1m. V\u00e0 th\u00eam m\u1ed9t \u00edt v\u1eebng \u0111en \u1edf b\u00ean tr\u00ean b\u00e1nh c\u00e0ng t\u1ea1o \u0111\u01b0\u1ee3c \u0111i\u1ec3m nh\u1ea5n, nh\u01b0ng l\u1ea1i khi\u1ebfn d\u1eady m\u00f9i th\u01a1m h\u01a1n t\u1eeb m\u00e8 v\u1eebng.<\/p>\n<hr \/>\n<p>\u27a4 Ti\u1ebfn v\u00e0o s\u00e2u b\u00ean trong b\u00e1nh l\u00e0 m\u1ed9t l\u1edbp mochi g\u1ea1o m\u1ecfng v\u00e0 d\u1ebbo, dai dai, v\u00e0 h\u01b0\u01a1ng th\u01a1m c\u1ee7a l\u1edbp mochi thoang tho\u1ea3ng gi\u00fap l\u00e0m t\u0103ng th\u00eam h\u01b0\u01a1ng v\u1ecb b\u00e1nh quy\u1ec7n v\u00e0o nhau m\u00e0 kh\u00f4ng h\u1ec1 b\u1ecb ng\u1ea5y ho\u1eb7c ng\u00e1n.<\/p>\n<hr \/>\n<p>\u27a4\u00a0 L\u1edbp trong c\u00f9ng l\u00e0 nh\u00e2n\u00a0<strong>\u201d tr\u1ee9ng mu\u1ed1i tan ch\u1ea3y \u201c<\/strong>\u00a0c\u00f2n \u0111\u01b0\u1ee3c g\u1ecdi l\u00e0\u00a0<strong>\u201d kim sa tr\u1ee9ng ch\u1ea3y \u201c<\/strong>\u00a0th\u01a1m l\u1eebng m\u00f9i tr\u1ee9ng, ng\u1ecdt nh\u1eb9 v\u1ecb b\u01a1, t\u1eebng l\u1edbp tr\u1ee9ng mu\u1ed1i tan ch\u1ea3y nh\u1eb9 h\u00f2a quy\u1ec7n c\u00f9ng l\u1edbp mochi g\u1ea1o dai v\u00e0 d\u1ebbo, \u0111\u1ecdng l\u1ea1i trong v\u00f2m h\u1ecdng l\u00e0 m\u1ed9t m\u00f9i v\u1ecb th\u01a1m n\u1ed5i b\u1eadt.<\/p>\n<hr \/>\n<p>\u27a4 \u0110i\u1ec1u \u0111\u1eb7c b\u1ec7t \u0111\u01b0\u1ee3c n\u00f3i \u0111\u1ebfn ch\u00ednh l\u00e0 l\u1edbp ngo\u00e0i c\u1ee7a b\u00e1nh kh\u00f4ng h\u1ec1 c\u00f3 c\u1ea3m gi\u00e1c b\u1ecb kh\u00f4, ho\u1eb7c khi \u0103n v\u00e0o s\u1ebd kh\u00f4, b\u1edfi l\u1edbp b\u00e1nh \u0111\u00e3 \u0111\u01b0\u1ee3c \u0111i k\u00e8m v\u1edbi l\u1edbp mochi g\u1ea1o d\u1ebbo khi\u1ebfn cho b\u00e1nh s\u1ebd m\u1ec1m h\u01a1n v\u00e0 d\u1ec5 \u0103n h\u01a1n. K\u1ebft h\u1ee3p th\u00eam v\u1ecb tr\u1ee9ng mu\u1ed1i s\u1ebd khi\u1ebfn cho v\u1ecb th\u00eam \u0111\u1eadm \u0111\u00e0.<\/p>\n<h2><img loading=\"lazy\" decoding=\"async\" class=\"wp-image-28339 aligncenter\" src=\"https:\/\/havamall.vn\/wp-content\/uploads\/2020\/08\/FpdZan6tsMDJxOyScQcVvJEyl4tf.giflarge-1-300x239.png\" alt=\"\" width=\"575\" height=\"458\" srcset=\"https:\/\/havamall.vn\/wp-content\/uploads\/2020\/08\/FpdZan6tsMDJxOyScQcVvJEyl4tf.giflarge-1-300x239.png 300w, https:\/\/havamall.vn\/wp-content\/uploads\/2020\/08\/FpdZan6tsMDJxOyScQcVvJEyl4tf.giflarge-1-430x342.png 430w, https:\/\/havamall.vn\/wp-content\/uploads\/2020\/08\/FpdZan6tsMDJxOyScQcVvJEyl4tf.giflarge-1-150x119.png 150w, https:\/\/havamall.vn\/wp-content\/uploads\/2020\/08\/FpdZan6tsMDJxOyScQcVvJEyl4tf.giflarge-1-700x557.png 700w, https:\/\/havamall.vn\/wp-content\/uploads\/2020\/08\/FpdZan6tsMDJxOyScQcVvJEyl4tf.giflarge-1-600x478.png 600w, https:\/\/havamall.vn\/wp-content\/uploads\/2020\/08\/FpdZan6tsMDJxOyScQcVvJEyl4tf.giflarge-1.png 750w\" sizes=\"(max-width: 575px) 100vw, 575px\" \/><\/h2>\n<h2><strong>Th\u00f4ng tin chi ti\u1ebft:<\/strong><\/h2>\n<p>\u21d4 Th\u01b0\u01a1ng hi\u1ec7u: Liu Xin Su<\/p>\n<p>\u21d4 Xu\u1ea5t x\u1ee9 : \u0110\u00e0i Loan<\/p>\n<p>\u21d4 Quy c\u00e1ch \u0111\u00f3ng g\u00f3i: 6 c\u00e1i\/ h\u1ed9p<\/p>\n<p>\u21d4 H\u1ea1n s\u1eed d\u1ee5ng: 60 ng\u00e0y<\/p>\n<p>\u2714 \u0110\u01b0\u1ee3c thi\u1ebft k\u1ebf d\u1ea1ng h\u1ed9p sang tr\u1ecdng, \u0111\u1eb9p m\u1eaft c\u00f3 th\u1ec3 d\u00f9ng l\u00e0m qu\u00e0 t\u1eb7ng ng\u01b0\u1eddi th\u00e2n trong c\u00e1c d\u1ecbp \u0111\u1eb7c bi\u1ec7t.<\/p>\n<p><strong>\u2217 H\u01b0\u1edbng d\u1eabn s\u1eed d\u1ee5ng v\u00e0 b\u1ea3o qu\u1ea3n:\u00a0<\/strong><\/p>\n<blockquote><p>\u2022 \u0102n tr\u1ef1c ti\u1ebfp sau khi m\u1edf. C\u00f3 th\u1ec3 c\u00f9ng th\u01b0\u1edfng th\u1ee9c b\u00e1nh k\u1ebft h\u1ee3p th\u00eam tr\u00e0 \u0111\u1ec3 t\u0103ng th\u00eam v\u1ecb th\u01a1m c\u1ee7a b\u00e1nh.<\/p>\n<p>\u2022 B\u1ea3o qu\u1ea3n n\u01a1i kh\u00f4 r\u00e1o tho\u00e1ng m\u00e1t, tr\u00e1nh \u1ea9m v\u00e0 nhi\u1ec7t \u0111\u1ed9 cao<\/p>\n<p><img loading=\"lazy\" decoding=\"async\" class=\"wp-image-28338 aligncenter\" src=\"https:\/\/havamall.vn\/wp-content\/uploads\/2020\/08\/Fn6mgvfPhtspxiIuoC9E1rGrhqKu.giflarge-1-300x246.png\" alt=\"\" width=\"590\" height=\"484\" srcset=\"https:\/\/havamall.vn\/wp-content\/uploads\/2020\/08\/Fn6mgvfPhtspxiIuoC9E1rGrhqKu.giflarge-1-300x246.png 300w, https:\/\/havamall.vn\/wp-content\/uploads\/2020\/08\/Fn6mgvfPhtspxiIuoC9E1rGrhqKu.giflarge-1-430x352.png 430w, https:\/\/havamall.vn\/wp-content\/uploads\/2020\/08\/Fn6mgvfPhtspxiIuoC9E1rGrhqKu.giflarge-1-150x123.png 150w, https:\/\/havamall.vn\/wp-content\/uploads\/2020\/08\/Fn6mgvfPhtspxiIuoC9E1rGrhqKu.giflarge-1-700x573.png 700w, https:\/\/havamall.vn\/wp-content\/uploads\/2020\/08\/Fn6mgvfPhtspxiIuoC9E1rGrhqKu.giflarge-1-600x491.png 600w, https:\/\/havamall.vn\/wp-content\/uploads\/2020\/08\/Fn6mgvfPhtspxiIuoC9E1rGrhqKu.giflarge-1.png 750w\" sizes=\"(max-width: 590px) 100vw, 590px\" \/><\/p><\/blockquote>","protected":false},"excerpt":{"rendered":"<p>B\u00e1nh trung thu\u00a0ng\u00e0y tr\u01b0\u1edbc ch\u1ec9 c\u00f3 lo\u1ea1i b\u00e1nh trung thu n\u01b0\u1edbng truy\u1ec1n th\u1ed1ng th\u1ebf nh\u01b0ng \u0111\u1ebfn nay b\u00e1nh trung thu<\/p>","protected":false},"featured_media":29852,"comment_status":"open","ping_status":"closed","template":"","meta":[],"product_brand":[],"product_cat":[36,133],"product_tag":[],"class_list":{"0":"post-29851","1":"product","2":"type-product","3":"status-publish","4":"has-post-thumbnail","6":"product_cat-thuc-pham-tieu-dung","7":"product_cat-banh-keo-chocolate","9":"first","10":"outofstock","11":"sale","12":"shipping-taxable","13":"purchasable","14":"product-type-simple"},"_links":{"self":[{"href":"https:\/\/havamall.vn\/en\/wp-json\/wp\/v2\/product\/29851"}],"collection":[{"href":"https:\/\/havamall.vn\/en\/wp-json\/wp\/v2\/product"}],"about":[{"href":"https:\/\/havamall.vn\/en\/wp-json\/wp\/v2\/types\/product"}],"replies":[{"embeddable":true,"href":"https:\/\/havamall.vn\/en\/wp-json\/wp\/v2\/comments?post=29851"}],"version-history":[{"count":0,"href":"https:\/\/havamall.vn\/en\/wp-json\/wp\/v2\/product\/29851\/revisions"}],"wp:featuredmedia":[{"embeddable":true,"href":"https:\/\/havamall.vn\/en\/wp-json\/wp\/v2\/media\/29852"}],"wp:attachment":[{"href":"https:\/\/havamall.vn\/en\/wp-json\/wp\/v2\/media?parent=29851"}],"wp:term":[{"taxonomy":"product_brand","embeddable":true,"href":"https:\/\/havamall.vn\/en\/wp-json\/wp\/v2\/product_brand?post=29851"},{"taxonomy":"product_cat","embeddable":true,"href":"https:\/\/havamall.vn\/en\/wp-json\/wp\/v2\/product_cat?post=29851"},{"taxonomy":"product_tag","embeddable":true,"href":"https:\/\/havamall.vn\/en\/wp-json\/wp\/v2\/product_tag?post=29851"}],"curies":[{"name":"wp","href":"https:\/\/api.w.org\/{rel}","templated":true}]}}