{"id":29813,"date":"2022-12-06T16:53:42","date_gmt":"2022-12-06T09:53:42","guid":{"rendered":"https:\/\/havamall.vn\/?post_type=product&#038;p=29813"},"modified":"2022-12-06T16:53:42","modified_gmt":"2022-12-06T09:53:42","slug":"thung-6-chai-ruou-rum-isc-700ml-nguyen-lieu-lam-banh-pha-che","status":"publish","type":"product","link":"https:\/\/havamall.vn\/en\/shop\/thung-6-chai-ruou-rum-isc-700ml-nguyen-lieu-lam-banh-pha-che\/","title":{"rendered":"Th\u00f9ng 6 Chai R\u01b0\u1ee3u Rum ISC 700ml \u2013 Nguy\u00ean Li\u1ec7u L\u00e0m B\u00e1nh, Pha Ch\u1ebf"},"content":{"rendered":"<p class=\"font_8\"><span class=\"color_15\">R\u01b0\u1ee3u Rum\u00a0l\u00e0 m\u1ed9t \u0111\u1ed3 u\u1ed1ng c\u00f3 c\u1ed3n \u0111\u01b0\u1ee3c ch\u01b0ng c\u1ea5t t\u1eeb\u00a0m\u00eda\u00a0v\u1edbi s\u1ea3n ph\u1ea9m nh\u01b0 m\u1eadt \u0111\u01b0\u1eddng, ho\u1eb7c tr\u1ef1c ti\u1ebfp t\u1eeb n\u01b0\u1edbc m\u00eda, m\u1ed9t qu\u00e1 tr\u00ecnh l\u00ean men v\u00e0 ch\u01b0ng c\u1ea5t. Rum ISC\u00a0mang tr\u00ean m\u00ecnh m\u00f9i h\u01b0\u01a1ng thoang tho\u1ea3ng c\u1ee7a th\u1ea3o m\u1ed9c, m\u00f9i g\u1ed7 l\u00e2u n\u0103m k\u00e8m theo v\u1ecb ng\u1ecdt c\u1ee7a m\u1eadt v\u00e0 v\u1ecb th\u01a1m b\u00e9o c\u1ee7a caramel, v\u00ed nh\u01b0 m\u00f9i v\u1ecb c\u1ee7a \u201cm\u1ed9t ng\u01b0\u1eddi \u0111\u00e0n \u00f4ng t\u1eebng tr\u1ea3i\u201d.\u00a0<\/span><\/p>\n<p><img fetchpriority=\"high\" decoding=\"async\" class=\"wp-image-27473 aligncenter\" src=\"https:\/\/havamall.vn\/wp-content\/uploads\/2022\/06\/60f01c_f196dff944ff40-300x200.png\" sizes=\"(max-width: 608px) 100vw, 608px\" srcset=\"https:\/\/havamall.vn\/wp-content\/uploads\/2022\/06\/60f01c_f196dff944ff40-300x200.png 300w, https:\/\/havamall.vn\/wp-content\/uploads\/2022\/06\/60f01c_f196dff944ff40-768x512.png 768w, https:\/\/havamall.vn\/wp-content\/uploads\/2022\/06\/60f01c_f196dff944ff40-600x400.png 600w, https:\/\/havamall.vn\/wp-content\/uploads\/2022\/06\/60f01c_f196dff944ff40.png 1000w\" alt=\"\" width=\"608\" height=\"405\" \/><\/p>\n<p class=\"font_8\"><span class=\"color_15\">\u00a0R\u01b0\u1ee3u rum \u0111\u00e3 du nh\u1eadp v\u00e0o n\u01b0\u1edbc ta t\u1eeb r\u1ea5t l\u00e2u v\u00e0 tr\u1edf th\u00e0nh m\u00f3n \u0111\u1ed3 u\u1ed1ng \u0111\u01b0\u1ee3c nhi\u1ec1u ng\u01b0\u1eddi y\u00eau th\u00edch, \u0111\u1eb7c bi\u1ec7t\u00a0l\u00e0\u00a0trong pha ch\u1ebf, n\u1ea5u \u0103n,\u00a0l\u00e0m b\u00e1nh.\u00a0R\u01b0\u1ee3u Rum l\u00e0 nguy\u00ean li\u1ec7u kh\u00f4ng th\u1ec3 thi\u1ebfu trong c\u00e1c m\u00f3n b\u00e1nh Tiramisu, b\u00e1nh r\u01b0\u1ee3u Rhum tr\u00e1i c\u00e2y, hay nh\u1eefng vi\u00ean Socola nh\u00e2n r\u01b0\u1ee3u rhum ng\u1ecdt ng\u00e0o, quy\u1ebfn r\u0169 .<\/span><\/p>\n<p>R\u01b0\u1ee3u Rum ISC \u0111\u01b0\u1ee3c ch\u01b0ng c\u1ea5t t\u1eeb n\u01b0\u1edbc c\u1ed1t m\u00eda, siro m\u00eda, m\u1eadt m\u00eda, khi ch\u01b0ng c\u1ea5t ho\u00e0n ch\u1ec9nh s\u1ebd tr\u1ea3i qua th\u1eddi gian \u1ee7 trong th\u00f9ng g\u1ed7 \u0111\u1ebfn khi \u0111\u1ee7 \u0111\u1ed9 ch\u00edn\u2026 Rum \u0111\u01b0\u1ee3c pha ch\u1ebf theo c\u00f4ng th\u1ee9c \u0111\u1eb7c bi\u1ec7t, mang tr\u00ean m\u00ecnh m\u00f9i h\u01b0\u01a1ng thoang tho\u1ea3ng c\u1ee7a th\u1ea3o m\u1ed9c, m\u00f9i g\u1ed7 l\u00e2u n\u0103m k\u00e8m theo v\u1ecb ng\u1ecdt c\u1ee7a m\u1eadt v\u00e0 v\u1ecb th\u01a1m b\u00e9o c\u1ee7a caramel. Rum ISC \u0111\u1eb7c bi\u1ec7t \u0111\u01b0\u1ee3c ng\u01b0\u1eddi n\u01b0\u1edbc ngo\u00e0i y\u00eau th\u00edch b\u1edfi \u201cc\u00e1 t\u00ednh\u201d m\u1ea1nh m\u1ebd c\u1ee7a n\u00f3.<\/p>\n<p><img decoding=\"async\" class=\"wp-image-27474 aligncenter\" src=\"https:\/\/havamall.vn\/wp-content\/uploads\/2022\/06\/file-300x175.png\" sizes=\"(max-width: 620px) 100vw, 620px\" srcset=\"https:\/\/havamall.vn\/wp-content\/uploads\/2022\/06\/file-300x175.png 300w, https:\/\/havamall.vn\/wp-content\/uploads\/2022\/06\/file-768x449.png 768w, https:\/\/havamall.vn\/wp-content\/uploads\/2022\/06\/file-600x350.png 600w, https:\/\/havamall.vn\/wp-content\/uploads\/2022\/06\/file.png 928w\" alt=\"\" width=\"620\" height=\"362\" \/><\/p>\n<h3><strong>C\u00e1ch th\u01b0\u1edfng th\u1ee9c r\u01b0\u1ee3u Rum:<\/strong><\/h3>\n<p>\u2013 D\u00f9ng tr\u1ef1c ti\u1ebfp r\u01b0\u1ee3u, c\u00f3 th\u1ec3 cho th\u00eam v\u00e0i vi\u00ean \u0111\u00e1 \u0111\u1ec3 r\u01b0\u1ee3u \u0111\u01b0\u1ee3c m\u00e1t v\u00e0 ngon h\u01a1n.<\/p>\n<p>\u2013 D\u00f9ng r\u01b0\u1ee3u Rum \u0111\u1ec3 pha ch\u1ebf c\u00e1c lo\u1ea1i cocktail s\u1ebd cho ra m\u00f9i v\u1ecb h\u1ea5p d\u1eabn h\u01a1n c\u00e1c lo\u1ea1i r\u01b0\u1ee3u th\u00f4ng th\u01b0\u1eddng.<\/p>\n<p>\u2013 Ngo\u00e0i ra r\u01b0\u1ee3u Rum c\u0169ng l\u00e0 nguy\u00ean li\u1ec7u \u0111\u1eb7c bi\u1ec7t l\u00e0m nh\u00e2n b\u00e1nh, nh\u00e2n socola, kem, syrup,\u2026l\u00e0 m\u1ed9t lo\u1ea1i r\u01b0\u1ee3u r\u1ea5t \u0111\u01b0\u1ee3c \u01b0a chu\u1ed9ng v\u00e0 \u0111\u01b0\u1ee3c c\u00e1c t\u00edn \u0111\u1ed3 l\u00e0m b\u00e1nh d\u00f9ng ph\u1ed5 bi\u1ebfn trong r\u1ea5t nhi\u1ec1u c\u00e1c lo\u1ea1i b\u00e1nh kh\u00e1c nhau, l\u00e0m t\u0103ng h\u01b0\u01a1ng v\u1ecb c\u00e1c s\u1ea3n ph\u1ea9m nh\u01b0 l\u00e0m b\u00e1nh tiramisu, hay l\u00e0m kem b\u01a1 Th\u1ee5y S\u0129, b\u00e1nh Rum hoa qu\u1ea3, b\u00e1nh b\u00f4ng lan\u2026<\/p>\n<p><img decoding=\"async\" class=\"wp-image-27475 aligncenter\" src=\"https:\/\/havamall.vn\/wp-content\/uploads\/2022\/06\/8805C86E-D1E4-4D49-9-251x300.jpg\" sizes=\"(max-width: 624px) 100vw, 624px\" srcset=\"https:\/\/havamall.vn\/wp-content\/uploads\/2022\/06\/8805C86E-D1E4-4D49-9-251x300.jpg 251w, https:\/\/havamall.vn\/wp-content\/uploads\/2022\/06\/8805C86E-D1E4-4D49-9-768x916.jpg 768w, https:\/\/havamall.vn\/wp-content\/uploads\/2022\/06\/8805C86E-D1E4-4D49-9-858x1024.jpg 858w, https:\/\/havamall.vn\/wp-content\/uploads\/2022\/06\/8805C86E-D1E4-4D49-9-1200x1432.jpg 1200w, https:\/\/havamall.vn\/wp-content\/uploads\/2022\/06\/8805C86E-D1E4-4D49-9-600x716.jpg 600w, https:\/\/havamall.vn\/wp-content\/uploads\/2022\/06\/8805C86E-D1E4-4D49-9.jpg 1472w\" alt=\"\" width=\"624\" height=\"745\" \/><\/p>\n<h3><strong>C\u00e1ch b\u1ea3o qu\u1ea3n r\u01b0\u1ee3u Rum:<\/strong><\/h3>\n<p>\u2013 B\u1ea3o qu\u1ea3n n\u01a1i kh\u00f4 r\u00e1o, tr\u00e1nh \u00e1nh n\u1eafng tr\u1ef1c ti\u1ebfp c\u1ee7a m\u1eb7t tr\u1eddi.<\/p>\n<p>\u2013 Sau khi s\u1eed d\u1ee5ng nh\u1edb \u0111\u1eady k\u00edn n\u1eafp chai \u0111\u1ec3 r\u01b0\u1ee3u kh\u00f4ng b\u1ecb bay m\u00f9i.<\/p>\n<p>\u2013 \u0110\u1ec3 xa t\u1ea7m tay c\u1ee7a tr\u1ebb em, \u0111\u1ec3 n\u01a1i an to\u00e0n kh\u00f3 \u0111\u1ed5 v\u1ee1.<\/p>\n<p><img loading=\"lazy\" decoding=\"async\" class=\"wp-image-27476 aligncenter\" src=\"https:\/\/havamall.vn\/wp-content\/uploads\/2022\/06\/rum-276x300.png\" sizes=\"(max-width: 619px) 100vw, 619px\" srcset=\"https:\/\/havamall.vn\/wp-content\/uploads\/2022\/06\/rum-276x300.png 276w, https:\/\/havamall.vn\/wp-content\/uploads\/2022\/06\/rum-768x834.png 768w, https:\/\/havamall.vn\/wp-content\/uploads\/2022\/06\/rum-943x1024.png 943w, https:\/\/havamall.vn\/wp-content\/uploads\/2022\/06\/rum-600x652.png 600w, https:\/\/havamall.vn\/wp-content\/uploads\/2022\/06\/rum.png 960w\" alt=\"\" width=\"619\" height=\"672\" \/><\/p>\n<h3><strong>\u01afu \u0111i\u1ec3m n\u1ed5i b\u1eadt c\u1ee7a s\u1ea3n ph\u1ea9m:<\/strong><\/h3>\n<p>\u2013 R\u01b0\u1ee3u Rhum ISC\u00a0c\u00f3 m\u00e0u n\u00e2u \u0111\u1ecf\u00a0do quy tr\u00ecnh\u00a0\u1ee7 trong th\u00f9ng g\u1ed7 s\u1ed3i t\u1ea1o n\u00ean.<\/p>\n<p>\u2013 R\u01b0\u1ee3u Rhum ISC c\u00f3 m\u00f9i\u00a0th\u01a1m ng\u1ecdt c\u1ee7a m\u00eda\u00a0k\u1ebft h\u1ee3p c\u1ee7a v\u1edbi m\u00f9i qu\u1ea3 l\u00ea v\u00e0 thu\u1ed1c l\u00e1 , h\u01b0\u01a1ng th\u01a1m cay n\u1ed3ng c\u1ee7a g\u1ed7 s\u1ed3i . V\u1ecb Rhum m\u1ea1nh m\u1ebd, h\u1ee9a h\u1eb9n s\u1ebd t\u1ea1o n\u00ean m\u1ed9t m\u1edf \u0111\u1ea7u tuy\u1ec7t v\u1edbi cho nh\u1eefng b\u1eefa ti\u1ec7c c\u1ee7a gia \u0111\u00ecnh.<\/p>\n<p>\u2013 V\u1edbi th\u1ec3 t\u00edch 700ml, b\u1ea1n ho\u00e0n to\u00e0n c\u00f3 th\u1ec3 s\u1eed d\u1ee5ng v\u1edbi nhi\u1ec1u m\u1ee5c \u0111\u00edch kh\u00e1c nhau: v\u1eeba \u0111\u1ec3 u\u1ed1ng, v\u1eeba \u0111\u1ec3 pha cocktail v\u00e0 v\u1eeba \u0111\u1ec3 l\u00e0m ra nh\u1eefng chi\u1ebfc b\u00e1nh th\u01a1m ngon n\u1eefa. V\u1eeba h\u1eefu d\u1ee5ng l\u1ea1i v\u1eeba ti\u1ebft ki\u1ec7m.<\/p>\n<p>\u2013\u00a0V\u1edbi r\u01b0\u1ee3u rhum th\u00ec l\u1ea1i r\u1ea5t ph\u00f9 h\u1ee3p cho nh\u1eefng b\u1ea1n c\u00f3 s\u1edf th\u00edch t\u1ef1 l\u00e0m b\u00e1nh \u1edf nh\u00e0 ho\u1eb7c ch\u1ec9 d\u00f9ng s\u1ed1 l\u01b0\u1ee3ng \u00edt, c\u00e1c b\u1ea1n\u00a0c\u00f3 th\u1ec3 th\u1ecfa s\u1ee9c l\u00e0m nh\u1eefng chi\u1ebfc tiramisu ngon \u0111\u00fang \u0111i\u1ec7u nh\u01b0 nh\u1eefng c\u1eeda h\u00e0ng cao c\u1ea5p, v\u1eeba ti\u1ebft ki\u1ec7m l\u1ea1i r\u1ea5t ch\u1ea5t l\u01b0\u1ee3ng.<\/p>","protected":false},"excerpt":{"rendered":"<p>R\u01b0\u1ee3u Rum\u00a0l\u00e0 m\u1ed9t \u0111\u1ed3 u\u1ed1ng c\u00f3 c\u1ed3n \u0111\u01b0\u1ee3c ch\u01b0ng c\u1ea5t t\u1eeb\u00a0m\u00eda\u00a0v\u1edbi s\u1ea3n ph\u1ea9m nh\u01b0 m\u1eadt \u0111\u01b0\u1eddng, ho\u1eb7c tr\u1ef1c ti\u1ebfp t\u1eeb<\/p>","protected":false},"featured_media":29814,"comment_status":"open","ping_status":"closed","template":"","meta":[],"product_brand":[],"product_cat":[255,40,154,131],"product_tag":[],"class_list":{"0":"post-29813","1":"product","2":"type-product","3":"status-publish","4":"has-post-thumbnail","6":"product_cat-nguyen-lieu-lam-banh","7":"product_cat-sieuthi-giasi","8":"product_cat-gia-vi","9":"product_cat-nguyen-lieu-lam-bep","11":"first","12":"instock","13":"sale","14":"shipping-taxable","15":"purchasable","16":"product-type-simple"},"_links":{"self":[{"href":"https:\/\/havamall.vn\/en\/wp-json\/wp\/v2\/product\/29813"}],"collection":[{"href":"https:\/\/havamall.vn\/en\/wp-json\/wp\/v2\/product"}],"about":[{"href":"https:\/\/havamall.vn\/en\/wp-json\/wp\/v2\/types\/product"}],"replies":[{"embeddable":true,"href":"https:\/\/havamall.vn\/en\/wp-json\/wp\/v2\/comments?post=29813"}],"version-history":[{"count":0,"href":"https:\/\/havamall.vn\/en\/wp-json\/wp\/v2\/product\/29813\/revisions"}],"wp:featuredmedia":[{"embeddable":true,"href":"https:\/\/havamall.vn\/en\/wp-json\/wp\/v2\/media\/29814"}],"wp:attachment":[{"href":"https:\/\/havamall.vn\/en\/wp-json\/wp\/v2\/media?parent=29813"}],"wp:term":[{"taxonomy":"product_brand","embeddable":true,"href":"https:\/\/havamall.vn\/en\/wp-json\/wp\/v2\/product_brand?post=29813"},{"taxonomy":"product_cat","embeddable":true,"href":"https:\/\/havamall.vn\/en\/wp-json\/wp\/v2\/product_cat?post=29813"},{"taxonomy":"product_tag","embeddable":true,"href":"https:\/\/havamall.vn\/en\/wp-json\/wp\/v2\/product_tag?post=29813"}],"curies":[{"name":"wp","href":"https:\/\/api.w.org\/{rel}","templated":true}]}}