{"id":29808,"date":"2022-12-06T16:38:09","date_gmt":"2022-12-06T09:38:09","guid":{"rendered":"https:\/\/havamall.vn\/?post_type=product&#038;p=29808"},"modified":"2025-03-18T15:08:27","modified_gmt":"2025-03-18T08:08:27","slug":"thung-12-hop-hat-couscous-hop-giay-cao-cap-divella-500g-divella-box-12-packs","status":"publish","type":"product","link":"https:\/\/havamall.vn\/en\/shop\/thung-12-hop-hat-couscous-hop-giay-cao-cap-divella-500g-divella-box-12-packs\/","title":{"rendered":"Th\u00f9ng 12 H\u1ed9p H\u1ea1t Couscous H\u1ed9p Gi\u1ea5y Cao C\u1ea5p Divella 500g Divella \u2013 Box 12 Packs"},"content":{"rendered":"<h3><strong>TH\u00d4NG TIN TH\u01af\u01a0NG HI\u1ec6U<\/strong><\/h3>\n<p>Divella l\u00e0 c\u00f4ng ty c\u00f3 l\u1ecbch s\u1eed h\u01a1n 130 n\u0103m trong ng\u00e0nh ch\u1ebf bi\u1ebfn m\u1ef3 pastase molina t\u1eeb b\u1ed9t m\u00ec durum. N\u0103m 1890, \u00f4ng Francesco Divella \u0111\u00e3 x\u00e2y d\u1ef1ng nh\u00e0 m\u00e1y b\u1ed9t m\u00ec \u0111\u1ea7u ti\u00ean t\u1ea1i Rutigliano \u1edf mi\u1ec1n \u0110\u00f4ng Nam n\u01b0\u1edbc \u00dd, tr\u00e1i tim c\u1ee7a v\u00f9ng \u0111\u1ed3ng b\u1eb1ng Apulian, n\u1ed5i ti\u1ebfng l\u00e0 n\u01a1i c\u00f3 ch\u1ea5t l\u01b0\u1ee3ng b\u1ed9t m\u00ec t\u1ed1t nh\u1ea5t n\u01b0\u1edbc.<\/p>\n<p>Hi\u1ec7n Divella \u0111ang \u0111\u01b0\u1ee3c xu\u1ea5t kh\u1ea9u \u0111i h\u01a1n 100 n\u01b0\u1edbc v\u00e0 \u0111\u00e3 \u0111ang chi\u1ebfm v\u1ecb tr\u00ed s\u1ed1 1 t\u1ea1i th\u1ecb tr\u01b0\u1eddng nhi\u1ec1u n\u01b0\u1edbc tr\u00ean th\u1ebf gi\u1edbi.<\/p>\n<h2><img fetchpriority=\"high\" decoding=\"async\" class=\"wp-image-29272 aligncenter\" src=\"https:\/\/havamall.vn\/wp-content\/uploads\/2025\/03\/61yQ4TinR2L-300x300.png\" alt=\"\" width=\"618\" height=\"618\" \/><\/h2>\n<h2>H\u1ea1t Couscous l\u00e0 g\u00ec?<\/h2>\n<p>Couscous l\u00e0 m\u1ed9t lo\u1ea1i h\u1ea1t, c\u00f3 h\u00ecnh d\u00e1ng tr\u00f4ng gi\u1ed1ng nh\u01b0 h\u1ea1t g\u1ea1o nh\u01b0ng m\u00e0u h\u01a1i v\u00e0ng. Qua nghi\u00ean c\u1ee9u, h\u1ea1t n\u00e0y l\u00e0 m\u1ed9t lo\u1ea1i m\u00ec, \u0111\u01b0\u1ee3c s\u1eed d\u1ee5ng \u0111\u1ec3 h\u1ea5p ho\u1eb7c n\u1ea5u nh\u01b0 c\u01a1m nh\u01b0ng c\u00f3 k\u00e8m theo m\u1ed9t s\u1ed1 lo\u1ea1i gia v\u1ecb kh\u00e1c nhau. B\u1ea1n s\u1ebd th\u01b0\u1eddng t\u00ecm th\u1ea5y Couscous d\u01b0\u1edbi d\u1ea1ng s\u1ea5y kh\u00f4 v\u00e0 \u0111\u00f3ng g\u00f3i.<\/p>\n<p><img decoding=\"async\" class=\"wp-image-29273 aligncenter\" src=\"https:\/\/havamall.vn\/wp-content\/uploads\/2025\/03\/yyyu-300x300.png\" alt=\"\" width=\"621\" height=\"621\" \/><\/p>\n<p>Couscous l\u00e0 lo\u1ea1i th\u1ef1c ph\u1ea9m c\u00f3 ngu\u1ed3n g\u1ed1c t\u1eeb Ch\u00e2u Phi v\u00e0 d\u1ea7n du nh\u1eadp v\u00e0o c\u00e1c n\u01b0\u1edbc Trung \u0110\u00f4ng, Ch\u00e2u \u00c2u\u2026 D\u1ea7n d\u1ea7n qua th\u1eddi gian, h\u1ea1t Couscous \u0111\u1ebfn Vi\u1ec7t Nam v\u00e0 k\u00edch th\u00edch s\u1ef1 t\u00f2 m\u00f2 c\u1ee7a c\u00e1c m\u1eb9 n\u1ed9i tr\u1ee3. Kh\u00f4ng ch\u1ec9 b\u1edfi mang \u0111\u1ebfn s\u1ef1 t\u01b0\u01a1i m\u1edbi trong th\u1ef1c \u0111\u01a1n, h\u1ea1t Couscous c\u00f2n l\u00e0 ngu\u1ed3n dinh d\u01b0\u1ee1ng d\u1ed3i d\u00e0o m\u00e0 c\u00e1c th\u00e0nh vi\u00ean gia \u0111\u00ecnh b\u1ea1n lu\u00f4n c\u1ea7n dung n\u1ea1p v\u00e0o c\u01a1 th\u1ec3 m\u1ed7i ng\u00e0y.<\/p>\n<h3><strong><img decoding=\"async\" class=\"wp-image-29274 aligncenter\" src=\"https:\/\/havamall.vn\/wp-content\/uploads\/2025\/03\/fghhh-300x300.png\" alt=\"\" width=\"625\" height=\"625\" \/><\/strong><\/h3>\n<h3><strong>L\u1ee3i \u00edch tuy\u1ec7t v\u1eddi t\u1eeb h\u1ea1t Couscous:<\/strong><\/h3>\n<p>\u2013 Trong h\u1ea1t Couscous c\u00f3 ch\u1ee9a t\u1edbi 60% Selen. \u0110\u00e2y l\u00e0 kho\u00e1ng ch\u1ea5t thi\u1ebft y\u1ebfu trong c\u01a1 th\u1ec3, c\u00f3 kh\u1ea3 n\u0103ng s\u1eeda ch\u1eefa c\u00e1c t\u1ebf b\u00e0o b\u1ecb h\u01b0 h\u1ea1i, gi\u00fap c\u00e1c v\u1ebft th\u01b0\u01a1ng gi\u1ea3m vi\u00eam. Selen c\u0169ng \u0111\u00f3ng vai tr\u00f2 quan tr\u1ecdng trong s\u1ee9c kh\u1ecfe tuy\u1ebfn gi\u00e1p, b\u1ea3o v\u1ec7 tuy\u1ebfn gi\u00e1p kh\u1ecfi h\u01b0 h\u1ea1i v\u00e0 g\u00f3p ph\u1ea7n s\u1ea3n sinh hormone.<\/p>\n<p>\u2013 Selen l\u00e0 m\u1ed9t ch\u1ea5t ch\u1ed1ng oxy h\u00f3a trong c\u01a1 th\u1ec3, l\u00e0m gi\u1ea3m nguy m\u1eafc c\u00e1c b\u1ec7nh l\u00fd v\u1ec1 tim m\u1ea1ch, gi\u00fap h\u1ea1n ch\u1ebf stress oxy h\u00f3a trong c\u01a1 th\u1ec3.<\/p>\n<p>\u2013 C\u00f3 th\u1ec3 gi\u00fap gi\u1ea3m nguy c\u01a1 ung th\u01b0<\/p>\n<p>\u2013 T\u0103ng c\u01b0\u1eddng h\u1ec7 th\u1ed1ng mi\u1ec5n d\u1ecbch c\u1ee7a b\u1ea1n<\/p>\n<p>\u2013 Ngu\u1ed3n protein th\u1ef1c v\u1eadt t\u1ed1t<\/p>\n<h3><strong><img loading=\"lazy\" decoding=\"async\" class=\"wp-image-29277 aligncenter\" src=\"https:\/\/havamall.vn\/wp-content\/uploads\/2025\/03\/hfhfg-300x300.png\" alt=\"\" width=\"603\" height=\"603\" \/><\/strong><\/h3>\n<h3><strong>H\u01b0\u1edbng d\u1eabn n\u1ea5u h\u1ea1t couscous:<\/strong><\/h3>\n<h5><em><strong>1. \u0110un s\u00f4i n\u01b0\u1edbc<\/strong><\/em><\/h5>\n<p>Th\u00eam n\u01b0\u1edbc theo t\u1ec9 l\u1ec7: V\u1edbi m\u1ed7i c\u1ed1c\u00a0couscous\u00a0kh\u00f4, s\u1eed d\u1ee5ng 1 1\/2 ch\u00e9n n\u01b0\u1edbc . \u0110un s\u00f4i n\u01b0\u1edbc trong n\u1ed3i.<\/p>\n<h5><em><strong>2. Th\u00eam mu\u1ed1i v\u00e0 d\u1ea7u \u00f4 liu ho\u1eb7c b\u01a1<\/strong><\/em><\/h5>\n<p>Th\u00eam 1\/2 mu\u1ed7ng c\u00e0 ph\u00ea\u00a0 mu\u1ed1i v\u00e0o n\u01b0\u1edbc v\u00e0 m\u1ed9t \u00edt d\u1ea7u \u00f4 liu ho\u1eb7c b\u01a1 n\u1ebfu mu\u1ed1n, \u0111\u1ec3 th\u00eam \u0111\u1ed9 \u1ea9m v\u00e0 m\u01b0\u1ee3t cho h\u1ea1t\u00a0couscous.<\/p>\n<h5><em><strong>3. Th\u00eam\u00a0couscous\u00a0v\u00e0 \u0111un nh\u1ecf l\u1eeda cho c\u1ea1n n\u01b0\u1edbc<\/strong><\/em><\/h5>\n<p>\u0110\u1ed5 1 ch\u00e9n\u00a0couscous\u00a0v\u00e0o n\u01b0\u1edbc \u0111ang s\u00f4i, khu\u1ea5y \u0111\u1ec1u m\u1ed9t l\u1ea7n b\u1eb1ng mu\u1ed7ng g\u1ed7. Sau \u0111\u00f3 \u0111\u1eady n\u1eafp ch\u1ea3o (n\u1ed3i), v\u00e0 gi\u1ea3m nh\u1ecf l\u1eeda. H\u00e3y \u0111un l\u1eeda liu riu cho \u0111\u1ebfn khi c\u1ea1n n\u01b0\u1edbc (nh\u01b0 n\u1ea5u c\u01a1m) trong kho\u1ea3ng 5 ph\u00fat.<\/p>\n<h5><em><strong>4. \u0110\u00e1nh t\u01a1i<\/strong><\/em><\/h5>\n<p>H\u1ea1t\u00a0<strong>couscous<\/strong>\u00a0th\u01b0\u1eddng d\u00ednh l\u1ea1i v\u1edbi nhau trong qu\u00e1 tr\u00ecnh n\u1ea5u, v\u00ec v\u1eady c\u1ea7n d\u00f9ng mu\u00f4i x\u1edfi l\u00ean (\u0111\u00e1nh t\u01a1i) c\u00e1c h\u1ea1t\u00a0<em>couscous<\/em>. Tr\u01b0\u1edbc khi \u0103n, c\u00f3 th\u1ec3 th\u00eam v\u1ecf chanh b\u00e0o ho\u1eb7c h\u00e0nh l\u00e1 x\u1eaft nh\u1ecf \u0111\u1ec3 t\u1ea1o th\u00eam h\u01b0\u01a1ng v\u1ecb.<\/p>\n<h3><span id=\"bot-semolina-mua-o-dau-gia-bao-nhieu-tien\"><strong><img loading=\"lazy\" decoding=\"async\" class=\"wp-image-29278 aligncenter\" src=\"https:\/\/havamall.vn\/wp-content\/uploads\/2025\/03\/61yQ4TinR2L-1-300x300.png\" alt=\"\" width=\"562\" height=\"562\" \/><\/strong><\/span><\/h3>\n<h3><span id=\"bot-semolina-mua-o-dau-gia-bao-nhieu-tien\"><strong>H\u1ea1t Couscous\u00a0<a href=\"https:\/\/havamall.vn\/shop\/?filter_brand=divella\">Divella<\/a>\u00a0mua \u1edf \u0111\u00e2u, gi\u00e1 bao nhi\u00eau ti\u1ec1n?<\/strong><\/span><\/h3>\n<p>H\u1ea1t Couscous \u0111\u01b0\u1ee3c d\u00f9ng kh\u00e1 th\u00f4ng d\u1ee5ng v\u00e0 \u0111\u01b0\u1ee3c d\u00f9ng \u0111\u1ec3 ch\u1ebf bi\u1ebfn kh\u00e1 nhi\u1ec1u lo\u1ea1i th\u1ef1c ph\u1ea9m, do v\u1eady b\u1ea1n c\u00f3 th\u1ec3 mua \u0111\u01b0\u1ee3c H\u1ea1t Couscous \u1edf c\u00e1c c\u1eeda h\u00e0ng t\u1ea1p h\u00f3a, si\u00eau th\u1ecb l\u1edbn, c\u00e1c c\u1eeda h\u00e0ng nguy\u00ean v\u1eadt li\u1ec7u ho\u1eb7c t\u1ea1i\u00a0<strong>Havamall<\/strong>\u00a0v\u1edbi gi\u00e1 r\u1ebb nh\u1ea5t. H\u1ea1t Couscous c\u00f3 nhi\u1ec1u lo\u1ea1i kh\u00e1c nhau v\u1edbi nhi\u1ec1u m\u1ee9c gi\u00e1 t\u00f9y theo lo\u1ea1i b\u1ed9t m\u00e0 b\u1ea1n l\u1ef1a ch\u1ecdn. Gi\u00e1 c\u1ee7a H\u1ea1t Couscous th\u01b0\u1eddng dao \u0111\u1ed9ng t\u1eeb kho\u1ea3ng 70 \u2013 100 ng\u00e0n \u0111\u1ed3ng\/t\u00fai 500 gram. Ri\u00eang v\u1edbi k\u00eanh Horeca ho\u1eb7c nh\u00e0 h\u00e0ng kh\u00e1ch s\u1ea1n lu\u00f4n c\u00f3 gi\u00e1 t\u1ed1t nh\u1ea5t v\u1edbi nh\u1eefng s\u1ef1 h\u1ed7 tr\u1ee3 t\u1ed1t nh\u1ea5t.<\/p>\n<p><img loading=\"lazy\" decoding=\"async\" class=\"wp-image-29265 aligncenter\" src=\"https:\/\/havamall.vn\/wp-content\/uploads\/2025\/03\/4-300x300.png\" alt=\"\" width=\"567\" height=\"567\" \/><\/p>","protected":false},"excerpt":{"rendered":"<p>TH\u00d4NG TIN TH\u01af\u01a0NG HI\u1ec6U Divella l\u00e0 c\u00f4ng ty c\u00f3 l\u1ecbch s\u1eed h\u01a1n 130 n\u0103m trong ng\u00e0nh ch\u1ebf bi\u1ebfn m\u1ef3 pastase<\/p>","protected":false},"featured_media":29809,"comment_status":"open","ping_status":"closed","template":"","meta":[],"product_brand":[],"product_cat":[255,672,40,143],"product_tag":[],"class_list":{"0":"post-29808","1":"product","2":"type-product","3":"status-publish","4":"has-post-thumbnail","6":"product_cat-nguyen-lieu-lam-banh","7":"product_cat-nhap-khau-y","8":"product_cat-sieuthi-giasi","9":"product_cat-thuc-pham-dong-hop","10":"pa_brand-divella","12":"first","13":"instock","14":"sale","15":"shipping-taxable","16":"purchasable","17":"product-type-simple"},"_links":{"self":[{"href":"https:\/\/havamall.vn\/en\/wp-json\/wp\/v2\/product\/29808"}],"collection":[{"href":"https:\/\/havamall.vn\/en\/wp-json\/wp\/v2\/product"}],"about":[{"href":"https:\/\/havamall.vn\/en\/wp-json\/wp\/v2\/types\/product"}],"replies":[{"embeddable":true,"href":"https:\/\/havamall.vn\/en\/wp-json\/wp\/v2\/comments?post=29808"}],"version-history":[{"count":0,"href":"https:\/\/havamall.vn\/en\/wp-json\/wp\/v2\/product\/29808\/revisions"}],"wp:featuredmedia":[{"embeddable":true,"href":"https:\/\/havamall.vn\/en\/wp-json\/wp\/v2\/media\/29809"}],"wp:attachment":[{"href":"https:\/\/havamall.vn\/en\/wp-json\/wp\/v2\/media?parent=29808"}],"wp:term":[{"taxonomy":"product_brand","embeddable":true,"href":"https:\/\/havamall.vn\/en\/wp-json\/wp\/v2\/product_brand?post=29808"},{"taxonomy":"product_cat","embeddable":true,"href":"https:\/\/havamall.vn\/en\/wp-json\/wp\/v2\/product_cat?post=29808"},{"taxonomy":"product_tag","embeddable":true,"href":"https:\/\/havamall.vn\/en\/wp-json\/wp\/v2\/product_tag?post=29808"}],"curies":[{"name":"wp","href":"https:\/\/api.w.org\/{rel}","templated":true}]}}