{"id":29806,"date":"2022-12-06T16:27:55","date_gmt":"2022-12-06T09:27:55","guid":{"rendered":"https:\/\/havamall.vn\/?post_type=product&#038;p=29806"},"modified":"2023-02-01T17:12:05","modified_gmt":"2023-02-01T10:12:05","slug":"thung-24-lon-sua-dac-co-duong-antana-1kg-nhap-khau-tu-malaysia-sweetened-condensed-milk","status":"publish","type":"product","link":"https:\/\/havamall.vn\/en\/shop\/thung-24-lon-sua-dac-co-duong-antana-1kg-nhap-khau-tu-malaysia-sweetened-condensed-milk\/","title":{"rendered":"Th\u00f9ng 24 Lon S\u1eefa \u0110\u1eb7c C\u00f3 \u0110\u01b0\u1eddng Antana 1kg Nh\u1eadp Kh\u1ea9u T\u1eeb Malaysia \u2013 Sweetened Condensed Milk"},"content":{"rendered":"<p><em><strong><a href=\"https:\/\/havamall.vn\/?s=s%E1%BB%AFa+%C4%91%E1%BA%B7c+&amp;post_type=product\">S\u1eefa \u0111\u1eb7c<\/a>\u00a0l\u00e0 s\u1ea3n ph\u1ea9m c\u00f3 h\u00e0m l\u01b0\u1ee3ng dinh d\u01b0\u1ee1ng cao v\u1edbi th\u00e0nh ph\u1ea7n gi\u00e0u calo, \u0111\u1ea1m v\u00e0 ch\u1ea5t b\u00e9o. N\u00f3 kh\u00f4ng ch\u1ec9 l\u00e0 ngu\u1ed3n b\u1ed5 sung n\u0103ng l\u01b0\u1ee3ng tuy\u1ec7t v\u1eddi cho c\u01a1 th\u1ec3 m\u00e0 c\u00f2n l\u00e0 nguy\u00ean li\u1ec7u kh\u00f4ng th\u1ec3 thi\u1ebfu trong pha ch\u1ebf, gi\u00fap h\u01b0\u01a1ng v\u1ecb c\u1ee7a c\u00e1c lo\u1ea1i th\u1ee9c u\u1ed1ng th\u00eam ph\u1ea7n phong ph\u00fa v\u00e0 \u0111\u1eb7c s\u1eafc.\u00a0<\/strong><\/em><\/p>\n<h2><strong>T\u00ecm hi\u1ec3u v\u1ec1 s\u1eefa \u0111\u1eb7c<\/strong><\/h2>\n<p><strong>S\u1eefa \u0111\u1eb7c<\/strong>\u00a0c\u00f2n c\u00f3 t\u00ean g\u1ecdi kh\u00e1c l\u00e0 s\u1eefa c\u00f4 \u0111\u1eb7c, \u0111\u00e2y l\u00e0 s\u1eefa b\u00f2 t\u01b0\u01a1i \u0111\u00e3 \u0111\u01b0\u1ee3c r\u00fat h\u1ebft n\u01b0\u1edbc. N\u00f3 \u0111\u01b0\u1ee3c s\u1ea3n xu\u1ea5t b\u1eb1ng c\u00e1ch \u0111em s\u1eefa t\u01b0\u01a1i \u0111i l\u1ecdc v\u00e0 chu\u1ea9n h\u00f3a r\u1ed3i \u0111un n\u00f3ng \u0111\u1ebfn nhi\u1ec7t \u0111\u1ed9 85 \u2013 90 \u0111\u1ed9 C trong v\u00e0i gi\u00e2y. Qu\u00e1 tr\u00ecnh \u0111un n\u00f3ng n\u00e0y nh\u1eb1m m\u1ee5c \u0111\u00edch ti\u00eau di\u1ec7t m\u1ed9t s\u1ed1 vi sinh v\u1eadt, gi\u1ea3m ph\u00e2n t\u00e1ch ch\u1ea5t b\u00e9o v\u00e0 ng\u01b0ng oxy h\u00f3a.<\/p>\n<p>Sau \u0111\u00f3, s\u1eefa \u0111\u01b0\u1ee3c \u0111un \u1edf ch\u1ebf \u0111\u1ed9 h\u00e2m \u1ea5m d\u1ea7n keo l\u1ea1i v\u00e0 \u0111\u01b0\u1ee3c cho th\u00eam \u0111\u01b0\u1eddng \u0111\u1ebfn t\u1ef7 l\u1ec7 ~ 9:11 l\u00e0 \u0111\u1ea1t. \u0110\u01b0\u1eddng gi\u00fap k\u00e9o d\u00e0i h\u1ea1n s\u1eed d\u1ee5ng c\u1ee7a s\u1eefa b\u1eb1ng c\u00e1ch t\u0103ng \u00e1p su\u1ea5t th\u1ea9m th\u1ea5u c\u1ee7a ch\u1ea5t l\u1ecfng, t\u1eeb \u0111\u00f3 gi\u00fap ng\u0103n ch\u1eb7n s\u1ef1 ph\u00e1t tri\u1ec3n c\u1ee7a vi sinh v\u1eadt. Cu\u1ed1i c\u00f9ng, s\u1eefa \u0111\u01b0\u1ee3c \u0111\u1ec3 ngu\u1ed9i v\u00e0 tr\u1ea3i qua ph\u1ea7n k\u1ebft tinh lactose.<\/p>\n<p><img fetchpriority=\"high\" decoding=\"async\" class=\"aligncenter\" src=\"https:\/\/havamall.vn\/wp-content\/uploads\/2022\/11\/what-is-sweetened-condensed-milk-5077695-hero-05-8fd2a201841343ef9b30a6a42c95ca4d.jpg\" alt=\"What Is Sweetened Condensed Milk?\" width=\"973\" height=\"649\" \/><\/p>\n<p>S\u1eefa \u0111\u1eb7c\u00a0Antana l\u00e0 ngu\u1ed3n cung c\u1ea5p thi\u1ebft y\u1ebfu Canxi v\u00e0 Protein, thi\u1ebft k\u1ebf an to\u00e0n, ti\u1ec7n d\u1ee5ng cho vi\u1ec7c s\u1eed d\u1ee5ng v\u00e0 b\u1ea3o qu\u1ea3n s\u1ea3n ph\u1ea9m.<\/p>\n<p>S\u1ea3n ph\u1ea9m v\u00f4 c\u00f9ng ti\u1ec7n d\u1ee5ng. B\u1ea1n ch\u1ec9 c\u1ea7n pha\u00a0s\u1eefa \u0111\u1eb7c theo t\u1ec9 l\u1ec7 1:3 v\u1edbi n\u01b0\u1edbc s\u00f4i \u0111\u1ec3 d\u00f9ng ngay, ho\u1eb7c pha v\u1edbi tr\u00e0, c\u00f3 th\u1ec3 d\u00f9ng k\u00e8m b\u00e1nh m\u00ec, l\u00e0m sinh t\u1ed1, yogurt ho\u1eb7c l\u00e0m b\u00e1nh.<\/p>\n<h3><strong>S\u1eefa \u0111\u1eb7c lo\u1ea1i n\u00e0o chuy\u00ean d\u00f9ng cho pha ch\u1ebf?<\/strong><\/h3>\n<p>Nh\u1eafc \u0111\u1ebfn s\u1eefa c\u00f4 \u0111\u1eb7c, ng\u01b0\u1eddi ti\u00eau d\u00f9ng s\u1ebd ngh\u0129 ngay \u0111\u1ebfn nh\u1eefng s\u1ea3n ph\u1ea9m ph\u1ed5 bi\u1ebfn nh\u01b0 Ng\u00f4i sao Ph\u01b0\u01a1ng Nam, \u00d4ng Th\u1ecd, Ho\u00e0n H\u1ea3o hay Tr\u01b0\u1eddng Sinh\u2026 Tuy nhi\u00ean, c\u00e1c lo\u1ea1i s\u1eefa \u0111\u1eb7c n\u1ed9i \u0111\u1ecba n\u00e0y l\u1ea1i kh\u00f4ng \u0111\u01b0\u1ee3c d\u00f9ng nhi\u1ec1u trong pha ch\u1ebf v\u00ec v\u1ecb ng\u1ecdt h\u01a1i g\u1eaft, m\u00f9i qu\u00e1 m\u1ea1nh. H\u01a1n n\u1eefa, ch\u00fang th\u01b0\u1eddng b\u1ecb qu\u00e1nh l\u1ea1i v\u00e0 b\u00e1m v\u00e0o d\u1ee5ng c\u1ee5 khi\u1ebfn cho c\u00e1c m\u00f3n u\u1ed1ng k\u00e9m th\u01a1m ngon v\u00e0 kh\u00f4ng \u0111\u1ea1t \u0111\u01b0\u1ee3c gi\u00e1 tr\u1ecb th\u1ea9m m\u1ef9 nh\u01b0 mong mu\u1ed1n.<\/p>\n<p>Thay v\u00e0o \u0111\u00f3 trong c\u00e1c qu\u00e1n gi\u1ea3i kh\u00e1t hi\u1ec7n nay, ng\u01b0\u1eddi ta th\u01b0\u1eddng \u01b0u ti\u00ean s\u1eed d\u1ee5ng s\u1eefa c\u00f4 \u0111\u1eb7c nh\u1eadp kh\u1ea9u, \u0111\u1eb7c bi\u1ec7t l\u00e0 s\u1eefa nh\u1eadp t\u1eeb Malaysia b\u1edfi \u01b0u \u0111i\u1ec3m d\u1ec5 h\u00f2a tan, v\u1ecb ng\u1ecdt thanh d\u1ecbu, \u0111\u1eadm \u0111\u1eb7c l\u1ea1i c\u00f2n c\u00f3 v\u1ecb kem b\u00e9o nguy\u00ean ch\u1ea5t. \u0110\u1eb7c bi\u1ec7t, tuy l\u00e0 s\u1eefa nh\u1eadp kh\u1ea9u nh\u01b0ng s\u1ea3n ph\u1ea9m n\u00e0y l\u1ea1i c\u00f3 gi\u00e1 kh\u00e1 m\u1ec1m, th\u00edch h\u1ee3p \u0111\u1ec3 s\u1eed d\u1ee5ng kinh doanh.<\/p>\n<p><img decoding=\"async\" class=\"aligncenter\" src=\"https:\/\/havamall.vn\/wp-content\/uploads\/2022\/11\/54af6546cb075f879af137a158bad423.jpg\" alt=\"sua dac khong duong - Mua sua dac khong duong \u1edf gi\u00e1 t\u1ed1t nh\u1ea5t Vietnam |  www.lazada.vn\" width=\"749\" height=\"999\" \/><\/p>\n<p><strong>S\u1eefa \u0111\u1eb7c nh\u1eadp kh\u1ea9u Malaysia<\/strong>\u00a0c\u0169ng c\u00f3 nhi\u1ec1u lo\u1ea1i \u0111\u1ebfn t\u1eeb nhi\u1ec1u h\u00e3ng kh\u00e1c nhau, trong \u0111\u00f3 c\u00e1c s\u1ea3n ph\u1ea9m \u0111\u01b0\u1ee3c d\u00f9ng nhi\u1ec1u nh\u1ea5t l\u00e0 Antana, So Natural, FaMyl, ES\u2026 Ch\u00fang \u0111\u01b0\u1ee3c s\u1ea3n xu\u1ea5t tr\u00ean d\u00e2y chuy\u1ec1n c\u00f4ng ngh\u1ec7 cao trong \u0111i\u1ec1u ki\u1ec7n ch\u1ea5t l\u01b0\u1ee3ng v\u00e0 v\u1ec7 sinh nghi\u00eam ng\u1eb7t. S\u1eefa c\u00f3 \u0111\u1ed9 ng\u1ecdt v\u1eeba ph\u1ea3i, th\u01a1m b\u00e9o kem s\u1eefa, k\u1ebft c\u1ea5u s\u00e1nh \u0111\u1eb7c d\u1ec5 pha ch\u1ebf gi\u00fap h\u01b0\u01a1ng v\u1ecb c\u1ee7a c\u00e1c lo\u1ea1i th\u1ee9c u\u1ed1ng nh\u01b0 \u0111\u01b0\u1ee3c th\u0103ng hoa.<\/p>\n<p>S\u1eefa \u0111\u1eb7c ch\u1ee9a nhi\u1ec1u Vitamin B1, A, D3 v\u00e0 nhi\u1ec1u ch\u1ea5t \u0111\u1ea1m h\u01a1n s\u1ebd mang \u0111\u1ebfn cho b\u1ea1n v\u00e0 gia \u0111\u00ecnh nh\u1eefng m\u00f3n \u0103n th\u01a1m b\u00e9o, v\u1ecb h\u00e0i h\u00f2a t\u1eeb c\u00e1c m\u00f3n m\u1eb7n \u0111\u1ebfn m\u00f3n ng\u1ecdt.<\/p>\n<p>S\u1eefa \u0111\u01b0\u1ee3c ch\u1ee9ng minh c\u00f3 t\u00e1c d\u1ee5ng t\u0103ng n\u0103ng l\u01b0\u1ee3ng sau m\u1ed9t ng\u00e0y l\u00e0m vi\u1ec7c m\u1ec7t m\u1ecfi. N\u00f3 l\u00e0 m\u1ed9t th\u1ef1c ph\u1ea9m r\u1ea5t t\u1ed1t l\u00e0m th\u01b0 gi\u00e3n c\u01a1 b\u1eafp c\u0169ng nh\u01b0 c\u00e1c ho\u1ea1t \u0111\u1ed9ng tr\u00ean d\u00e2y th\u1ea7n kinh. Ngo\u00e0i ra, m\u1ed9t ly s\u1eefa \u1ea5m v\u00e0o ban \u0111\u00eam c\u00f3 th\u1ec3 mang l\u1ea1i m\u1ed9t gi\u1ea5c ng\u1ee7 ngon.<\/p>\n<p><img decoding=\"async\" class=\"aligncenter\" src=\"https:\/\/cf.shopee.vn\/file\/80fad115c7a5d6a354707a8e845b3e69\" alt=\"S\u1eefa \u0110\u1eb7c C\u00f3 \u0111\u01b0\u1eddng Antana H\u1ed9p 1kg | Shopee Vi\u1ec7t Nam\" \/><\/p>\n<p>S\u1eefa \u0111\u1eb7c pha v\u1edbi n\u01b0\u1edbc \u1ea5m u\u1ed1ng v\u00e0o bu\u1ed5i s\u00e1ng, ch\u1ec9 c\u1ea7n \u0111\u1ed5 1 l\u01b0\u1ee3ng s\u1eefa \u0111\u1eb7c ra 1 c\u1ed1c v\u00e0 th\u00eam n\u01b0\u1edbc \u1ea5m, sau \u0111\u00f3 khu\u1ea5y \u0111\u1ec1u cho \u0111\u1ebfn khi s\u1eefa d\u01b0\u1edbi \u0111\u00e1y tan to\u00e0n b\u1ed9. \u0102n nh\u1eb9 v\u00e0o bu\u1ed5i s\u00e1ng v\u1edbi b\u00e1nh m\u00ec ch\u1ee9a tinh b\u1ed9t cung c\u1ea5p n\u0103ng l\u01b0\u1ee3ng cho ng\u00e0y m\u1edbi, \u0103n c\u00f9ng s\u1eefa \u0111\u1eb7c v\u1eeba d\u1ec5 \u0103n, v\u1eeba c\u00f3 th\u1ec3 gi\u00fap t\u0103ng c\u00e2n nhanh ch\u00f3ng.<\/p>\n<p>S\u1ea3n ph\u1ea9m \u0111\u01b0\u1ee3c s\u1ea3n xu\u1ea5t tr\u00ean d\u00e2y chuy\u1ec1n hi\u1ec7n \u0111\u1ea1i c\u1ee7a Malaysia, kh\u00f4ng ch\u1ee9a ch\u1ea5t b\u1ea3o qu\u1ea3n \u0111\u1ed9c h\u1ea1i cho ng\u01b0\u1eddi s\u1eed d\u1ee5ng. \u0110\u01b0\u1ee3c s\u1eed d\u1ee5ng trong pha ch\u1ebf th\u1ee9c u\u1ed1ng ho\u1eb7c c\u00e1c m\u00f3n \u0103n nhanh, gi\u00fap b\u1ea1n ti\u1ebft ki\u1ec7m th\u1eddi gian.<\/p>\n<h3><strong>C\u00f4ng d\u1ee5ng c\u1ee7a s\u1eefa \u0111\u1eb7c<\/strong><\/h3>\n<p>\u2013 T\u1ed1t cho da: S\u1eefa r\u1ea5t gi\u00e0u c\u00e1c axit amin, gi\u00fap gi\u1eef \u1ea9m da v\u00e0 khi\u1ebfn da tr\u1edf n\u00ean m\u1ec1m m\u1ea1i h\u01a1n.<\/p>\n<p>\u2013 Gi\u1ea3m c\u0103ng th\u1eb3ng: S\u1eefa \u0111\u01b0\u1ee3c ch\u1ee9ng minh c\u00f3 t\u00e1c d\u1ee5ng t\u0103ng n\u0103ng l\u01b0\u1ee3ng sau m\u1ed9t ng\u00e0y l\u00e0m vi\u1ec7c m\u1ec7t m\u1ecfi. N\u00f3 l\u00e0 m\u1ed9t th\u1ef1c ph\u1ea9m r\u1ea5t t\u1ed1t l\u00e0m th\u01b0 gi\u00e3n c\u01a1 b\u1eafp c\u0169ng nh\u01b0 c\u00e1c ho\u1ea1t \u0111\u1ed9ng tr\u00ean c\u00e1c d\u00e2y th\u1ea7n kinh.<\/p>\n<p>\u2013 L\u1ee3i \u00edch ti\u00eau h\u00f3a t\u0103ng c\u00e2n: Th\u00e0nh ph\u1ea7n dinh d\u01b0\u1ee1ng s\u1ea3n ph\u1ea9m ch\u00ednh l\u00e0 s\u1eefa b\u00f2, ch\u1ea5t b\u00e9o, protein, \u0111\u01b0\u1eddng. Nh\u1eefng th\u00e0nh ph\u1ea7n n\u00e0y \u0111\u1ec1u c\u00f3 l\u1ee3i cho qu\u00e1 tr\u00ecnh t\u0103ng c\u00e2n nhanh cho nh\u1eefng ng\u01b0\u1eddi g\u1ea7y. Gi\u00fap ti\u00eau h\u00f3a t\u1ed1t, k\u00edch th\u00edch \u0103n cho nh\u1eefng ng\u01b0\u1eddi k\u00e9n \u0103n, \u0103n kh\u00f4ng ti\u00eau, c\u01a1 th\u1ec3 kh\u00f3 h\u1ea5p th\u1ee5 d\u01b0\u1ee1ng ch\u1ea5t t\u1eeb th\u1ee9c \u0103n.<\/p>\n<p>&nbsp;<\/p>\n<p>\u2013 T\u0103ng c\u01b0\u1eddng m\u1eadt \u0111\u1ed9 x\u01b0\u01a1ng v\u00e0 gi\u00fap r\u0103ng ch\u1eafc kh\u1ecfe: S\u1eefa l\u00e0 m\u1ed9t ngu\u1ed3n gi\u00e0u canxi. Kho\u00e1ng ch\u1ea5t n\u00e0y r\u1ea5t c\u1ea7n thi\u1ebft \u0111\u1ec3 gi\u00fap cho x\u01b0\u01a1ng v\u00e0 r\u0103ng kh\u1ecfe m\u1ea1nh.<\/p>\n<p>\u2013 Gi\u00e0u vitamin D: S\u1eefa l\u00e0 m\u1ed9t th\u1ef1c ph\u1ea9m r\u1ea5t gi\u00e0u vitamin D, n\u00f3 c\u00f3 t\u00e1c d\u1ee5ng l\u00e0m gi\u1ea3m vi\u00eam nhi\u1ec5m v\u00e0 t\u0103ng c\u01b0\u1eddng h\u1ec7 mi\u1ec5n d\u1ecbch.<\/p>\n<p>\u2013 Gi\u00fap gi\u1eef n\u01b0\u1edbc: Sau khi t\u1eadp th\u1ec3 d\u1ee5c, m\u1ed9t ly s\u1eefa c\u00f3 th\u1ec3 gi\u00fap kh\u00f4i ph\u1ee5c n\u0103ng l\u01b0\u1ee3ng c\u1ee7a b\u1ea1n v\u00e0 \u0111\u1ed3ng th\u1eddi gi\u1eef \u1ea9m c\u01a1 th\u1ec3.<\/p>\n<p>\u2013 Ph\u00e1t tri\u1ec3n c\u01a1 b\u1eafp: Protein c\u00f3 trong s\u1eefa, l\u00e0 ch\u1ea5t dinh d\u01b0\u1ee1ng c\u1ea7n thi\u1ebft cho s\u1ef1 t\u0103ng tr\u01b0\u1edfng c\u01a1 b\u1eafp.<\/p>\n<p><strong>S\u1eefa \u0111\u1eb7c\u00a0<\/strong>\u0111\u01b0\u1ee3c chia l\u00e0m 2 lo\u1ea1i ch\u00ednh l\u00e0 kh\u00f4ng \u0111\u01b0\u1eddng v\u00e0 c\u00f3 \u0111\u01b0\u1eddng. Trong \u0111\u00f3:<\/p>\n<p>\u2013 Lo\u1ea1i kh\u00f4ng \u0111\u01b0\u1eddng l\u00e0 s\u1eefa c\u00f4 \u0111\u1eb7c nguy\u00ean ch\u1ea5t hay c\u00f2n g\u1ecdi l\u00e0 s\u1eefa b\u1ed1c h\u01a1i. B\u1edfi trong qu\u00e1 tr\u00ecnh ch\u1ebf bi\u1ebfn, 60% l\u01b0\u1ee3ng n\u01b0\u1edbc trong s\u1eefa s\u1ebd \u0111\u01b0\u1ee3c lo\u1ea1i b\u1ecf n\u00ean s\u1eefa n\u00e0y ch\u1ec9 \u0111\u1eb7c h\u01a1n s\u1eefa nguy\u00ean ch\u1ea5t m\u1ed9t ch\u00fat.<\/p>\n<p>\u2013 Lo\u1ea1i c\u00f3 \u0111\u01b0\u1eddng l\u00e0 s\u1eefa \u0111\u00e3 \u0111\u01b0\u1ee3c th\u00eam \u0111\u01b0\u1eddng trong qu\u00e1 tr\u00ecnh lo\u1ea1i b\u1ecf n\u01b0\u1edbc, t\u1ea1o n\u00ean ph\u1ea3n \u1ee9ng c\u00f4 \u0111\u1eb7c s\u1eefa n\u00ean ch\u00fang s\u1ebd \u0111\u1eb7c h\u01a1n so v\u1edbi lo\u1ea1i kh\u00f4ng \u0111\u01b0\u1eddng<\/p>\n<p><img decoding=\"async\" class=\"aligncenter\" src=\"https:\/\/havamall.vn\/wp-content\/uploads\/2022\/11\/vegan-sweet-condensed-almond-milk-perfect-for-coffee-latte-8.jpg\" alt=\"Sweetened Condensed Almond Milk - Full of Plants\" width=\"551\" height=\"827\" \/><\/p>\n<h2><strong>T\u00ecm hi\u1ec3u v\u1ec1 s\u1eefa \u0111\u1eb7c trong pha ch\u1ebf<\/strong><\/h2>\n<p>S\u1eefa c\u00f4 \u0111\u1eb7c c\u00f3 v\u1ecb r\u1ea5t ng\u1ecdt, \u0111\u1eb7c s\u00e1nh v\u00e0 th\u01b0\u1eddng \u0111\u01b0\u1ee3c \u0111\u00f3ng trong h\u1ed9p ho\u1eb7c lon \u0111\u1ec3 c\u00f3 th\u1ec3 b\u1ea3o qu\u1ea3n l\u00e2u d\u00e0i. Trong pha ch\u1ebf, n\u00f3 l\u00e0 nguy\u00ean li\u1ec7u gi\u00fap c\u00e2n b\u1eb1ng m\u00f9i \u2013 v\u1ecb \u2013 m\u00e0u s\u1eafc c\u1ee7a nhi\u1ec1u lo\u1ea1i \u0111\u1ed3 u\u1ed1ng kh\u00e1c nhau nh\u01b0 tr\u00e0, c\u00e0 ph\u00ea, ca cao, \u0111\u00e1 xay, sinh t\u1ed1\u2026<\/p>\n<p><img loading=\"lazy\" decoding=\"async\" class=\"aligncenter\" src=\"https:\/\/havamall.vn\/wp-content\/uploads\/2022\/11\/vietnamese-coffee-6.jpg\" alt=\"How to Make Vietnamese Coffee - The Woks of Life\" width=\"522\" height=\"740\" \/><\/p>\n<p><em><strong>B\u1ea1c x\u1ec9u, ca cao ph\u1ea3i cho th\u00eam s\u1eefa c\u00f4 \u0111\u1eb7c th\u00ec m\u1edbi c\u00f3 h\u01b0\u01a1ng v\u1ecb \u0111\u00fang \u0111i\u1ec7u<\/strong><\/em><\/p>\n<p>&nbsp;<\/p>\n<p>Ng\u01b0\u1eddi ta th\u01b0\u1eddng cho\u00a0<strong>s\u1eefa \u0111\u1eb7c\u00a0<\/strong>v\u00e0o th\u1ee9c u\u1ed1ng \u0111\u1ec3 l\u00e0m d\u1eady m\u00f9i h\u01b0\u01a1ng t\u1ef1 nhi\u00ean v\u00e0 mang \u0111\u1ebfn cho ng\u01b0\u1eddi th\u01b0\u1eddng th\u1ee9c c\u1ea3m gi\u00e1c d\u1ec5 ch\u1ecbu. N\u00f3 c\u0169ng gi\u00fap h\u01b0\u01a1ng v\u1ecb c\u1ee7a c\u00e1c m\u00f3n u\u1ed1ng th\u01a1m ngon, \u0111\u1eadm \u0111\u00e0 h\u01a1n. Kh\u00f4ng ch\u1ec9 v\u1eady, lo\u1ea1i s\u1eefa n\u00e0y c\u00f2n l\u00e0 y\u1ebfu t\u1ed1 t\u1ea1o n\u00ean \u0111\u1ed9 s\u00e1nh m\u1ecbn cho \u0111\u1ed3 u\u1ed1ng.<\/p>\n<p>Ch\u00fang ta c\u00f3 th\u1ec3 kh\u00e1i qu\u00e1t v\u1ec1 c\u00f4ng d\u1ee5ng c\u1ee7a s\u1eefa c\u00f4 \u0111\u1eb7c trong 3 lo\u1ea1i th\u1ee9c u\u1ed1ng ph\u1ed5 bi\u1ebfn nh\u01b0 sau:<\/p>\n<h3><strong>C\u00e0 ph\u00ea<\/strong><\/h3>\n<p>N\u00f3 gi\u00fap c\u00e0 ph\u00ea ng\u1ecdt h\u01a1n v\u00e0 v\u1eabn gi\u1eef \u0111\u01b0\u1ee3c \u0111\u1ed9 m\u1ea1nh c\u1ee7a c\u00e0 ph\u00ea. Vi\u1ec7c cho s\u1eefa \u0111\u1eb7c v\u00e0o c\u00e0 ph\u00ea gi\u00fap c\u00e0 ph\u00ea s\u00e1nh h\u01a1n, l\u1ea1i c\u00f2n c\u00f3 \u0111\u01b0\u1ee3c m\u00e0u n\u00e2u \u0111\u1eb9p m\u1eaft.<\/p>\n<h3><strong>Sinh t\u1ed1<\/strong><\/h3>\n<p>N\u00f3 gi\u00fap t\u1ea1o \u0111\u1ed9 ng\u1ecdt, \u0111\u1ed9 b\u00e9o v\u00e0 c\u00e2n b\u1eb1ng v\u1ecb c\u1ee7a c\u00e1c lo\u1ea1i qu\u1ea3. Khi mix c\u00e1c lo\u1ea1i qu\u1ea3 c\u00f3 v\u1ecb chua v\u1edbi s\u1eefa c\u00f4 \u0111\u1eb7c s\u1ebd cho ra th\u00e0nh ph\u1ea9m chua ng\u1ecdt h\u1ea5p d\u1eabn v\u1edbi h\u01b0\u01a1ng v\u1ecb h\u00f2a quy\u1ec7n quy\u1ebfn r\u0169.<\/p>\n<h3><strong>Tr\u00e0 s\u1eefa<\/strong><\/h3>\n<p>N\u00f3 gi\u00fap dung h\u00f2a h\u01b0\u01a1ng v\u1ecb nguy\u00ean b\u1ea3n c\u1ee7a tr\u00e0, mang \u0111\u1ebfn v\u1ecb ng\u1ecdt s\u00e2u c\u00f9ng v\u1ecb b\u00e9o cho tr\u00e0 s\u1eefa. \u0110\u1eb7c bi\u1ec7t, khi h\u01b0\u01a1ng s\u1eefa v\u00e0 h\u01b0\u01a1ng tr\u00e0 h\u00f2a quy\u1ec7n v\u1edbi nhau c\u00f2n t\u1ea1o ra m\u00f9i th\u01a1m c\u1ef1c k\u1ef3 cu\u1ed1n h\u00fat.<\/p>\n<h2><strong>S\u1eefa \u0111\u1eb7c Malaysia ch\u00ednh h\u00e3ng, gi\u00e1 t\u1ed1t t\u1ea1i Havamall<\/strong><\/h2>\n<p><img loading=\"lazy\" decoding=\"async\" class=\"aligncenter\" src=\"https:\/\/havamall.vn\/wp-content\/uploads\/2022\/11\/condensed-milk-cz-2x1-220919-8da1ae.jpg\" alt=\"How Leche Condensada (Sweetened Condensed Milk) Became a Latin American  Staple\" width=\"987\" height=\"494\" \/><\/p>\n<p>C\u00f4ng ty Imex\u00a0hi\u1ec7n \u0111ang cung c\u1ea5p s\u1eefa \u0111\u1eb7c 1 l\u00edt c\u1ee7a th\u01b0\u01a1ng hi\u1ec7u Antana v\u00e0\u00a0<strong>So Natural<\/strong>\u00a0v\u1edbi v\u1ecb s\u1eefa b\u00e9o, th\u01a1m, \u0111\u1ed9 \u0111\u1eb7c v\u00e0 ng\u1ecdt d\u1ecbu h\u00e0i h\u00f2a. T\u1ea5t c\u1ea3 \u0111\u1ec1u l\u00e0 h\u00e0ng m\u1edbi, h\u00e0ng ch\u00ednh h\u00e3ng 100%, c\u00f3 \u0111\u1ea7y \u0111\u1ee7 gi\u1ea5y t\u1edd \u2013 h\u00f3a \u0111\u01a1n v\u1ec1 ngu\u1ed3n g\u1ed1c xu\u1ea5t x\u1ee9. S\u1ea3n ph\u1ea9m c\u00f3 m\u00f4 t\u1ea3 th\u00e0nh ph\u1ea7n r\u00f5 r\u00e0ng, kh\u00f4ng ch\u1ee9a ch\u1ea5t ph\u1ee5 gia hay ch\u1ea5t b\u1ea3o qu\u1ea3n \u0111\u1ed9c h\u1ea1i, \u0111\u1ea3m b\u1ea3o an to\u00e0n cho s\u1ee9c kh\u1ecfe c\u1ee7a ng\u01b0\u1eddi ti\u00eau d\u00f9ng.<\/p>\n<p>Kh\u00f4ng ch\u1ec9 mang \u0111\u1ebfn nh\u1eefng h\u1ed9p s\u1eefa \u0111\u1eb7c nh\u1eadp kh\u1ea9u Malaysia ch\u1ea5t l\u01b0\u1ee3ng cao, c\u00f4ng ty c\u00f2n cung c\u1ea5p b\u00e1o gi\u00e1 s\u1eefa nh\u1eadp ph\u1ea3i ch\u0103ng. Nh\u1eefng \u0111\u1ed1i t\u00e1c l\u00e2u d\u00e0i v\u00e0 c\u00e1c kh\u00e1ch nh\u1eadp s\u1ed1 l\u01b0\u1ee3ng l\u1edbn c\u00f2n nh\u1eadn \u0111\u01b0\u1ee3c ch\u00ednh s\u00e1ch \u01b0u \u0111\u00e3i h\u1ea5p d\u1eabn. \u0110\u1ebfn v\u1edbi ch\u00fang t\u00f4i, qu\u00fd kh\u00e1ch s\u1ebd \u0111\u01b0\u1ee3c \u0111\u1ed9i ng\u0169 nh\u00e2n vi\u00ean gi\u1ea3i \u0111\u00e1p chi ti\u1ebft v\u1ec1 s\u1ea3n ph\u1ea9m v\u00e0 t\u01b0 v\u1ea5n lo\u1ea1i s\u1eefa \u0111\u1eb7c ph\u00f9 h\u1ee3p v\u1edbi nhu c\u1ea7u.<\/p>\n<p><strong>Havamall\u00a0<\/strong>h\u1ed7 tr\u1ee3 l\u00ean \u0111\u01a1n nhanh ch\u00f3ng, \u0111\u00f3ng g\u00f3i ch\u1eafc ch\u1eafn v\u00e0 g\u1eedi h\u00e0ng trong ng\u00e0y v\u1edbi nh\u1eefng \u0111\u01a1n h\u00e0ng c\u1ea7n v\u1eadn chuy\u1ec3n xa. H\u01a1n n\u1eefa, ch\u00fang t\u00f4i c\u00f2n c\u00f3 quy \u0111\u1ecbnh c\u1ee5 th\u1ec3 v\u1ec1 ch\u00ednh s\u00e1ch \u0111\u1ed5i tr\u1ea3 ho\u00e0n ti\u1ec1n n\u1ebfu s\u1ea3n ph\u1ea9m kh\u00f4ng \u0111\u1ea1t ch\u1ea5t l\u01b0\u1ee3ng. Li\u00ean h\u1ec7 hotline: 0946229642 \u0111\u1ec3 nh\u1eadn b\u00e1o gi\u00e1 t\u1ed1t nh\u1ea5t.<\/p>","protected":false},"excerpt":{"rendered":"<p>S\u1eefa \u0111\u1eb7c\u00a0l\u00e0 s\u1ea3n ph\u1ea9m c\u00f3 h\u00e0m l\u01b0\u1ee3ng dinh d\u01b0\u1ee1ng cao v\u1edbi th\u00e0nh ph\u1ea7n gi\u00e0u calo, \u0111\u1ea1m v\u00e0 ch\u1ea5t b\u00e9o. N\u00f3<\/p>","protected":false},"featured_media":29807,"comment_status":"open","ping_status":"closed","template":"","meta":[],"product_brand":[],"product_cat":[255,40,131,143],"product_tag":[],"class_list":{"0":"post-29806","1":"product","2":"type-product","3":"status-publish","4":"has-post-thumbnail","6":"product_cat-nguyen-lieu-lam-banh","7":"product_cat-sieuthi-giasi","8":"product_cat-nguyen-lieu-lam-bep","9":"product_cat-thuc-pham-dong-hop","11":"first","12":"outofstock","13":"sale","14":"shipping-taxable","15":"purchasable","16":"product-type-simple"},"_links":{"self":[{"href":"https:\/\/havamall.vn\/en\/wp-json\/wp\/v2\/product\/29806"}],"collection":[{"href":"https:\/\/havamall.vn\/en\/wp-json\/wp\/v2\/product"}],"about":[{"href":"https:\/\/havamall.vn\/en\/wp-json\/wp\/v2\/types\/product"}],"replies":[{"embeddable":true,"href":"https:\/\/havamall.vn\/en\/wp-json\/wp\/v2\/comments?post=29806"}],"version-history":[{"count":0,"href":"https:\/\/havamall.vn\/en\/wp-json\/wp\/v2\/product\/29806\/revisions"}],"wp:featuredmedia":[{"embeddable":true,"href":"https:\/\/havamall.vn\/en\/wp-json\/wp\/v2\/media\/29807"}],"wp:attachment":[{"href":"https:\/\/havamall.vn\/en\/wp-json\/wp\/v2\/media?parent=29806"}],"wp:term":[{"taxonomy":"product_brand","embeddable":true,"href":"https:\/\/havamall.vn\/en\/wp-json\/wp\/v2\/product_brand?post=29806"},{"taxonomy":"product_cat","embeddable":true,"href":"https:\/\/havamall.vn\/en\/wp-json\/wp\/v2\/product_cat?post=29806"},{"taxonomy":"product_tag","embeddable":true,"href":"https:\/\/havamall.vn\/en\/wp-json\/wp\/v2\/product_tag?post=29806"}],"curies":[{"name":"wp","href":"https:\/\/api.w.org\/{rel}","templated":true}]}}