{"id":29804,"date":"2022-12-06T16:04:02","date_gmt":"2022-12-06T09:04:02","guid":{"rendered":"https:\/\/havamall.vn\/?post_type=product&#038;p=29804"},"modified":"2023-06-09T09:29:08","modified_gmt":"2023-06-09T02:29:08","slug":"duong-phen-tho-nau-caramel-pha-le-huu-co-wangkanai-organic-natural-crytal-caramel-sugar-500g","status":"publish","type":"product","link":"https:\/\/havamall.vn\/en\/shop\/duong-phen-tho-nau-caramel-pha-le-huu-co-wangkanai-organic-natural-crytal-caramel-sugar-500g\/","title":{"rendered":"\u0110\u01b0\u1eddng Ph\u00e8n Th\u00f4 N\u00e2u Caramel Pha L\u00ea Wangkanai \u2013 Natural Crytal Caramel Sugar 500g"},"content":{"rendered":"<p>\u0110\u01b0\u1eddng m\u00eda th\u00f4 h\u1eefu c\u01a1 Wangkanai Organic xu\u1ea5t x\u1ee9 t\u1eeb Th\u00e1i Lan, \u0111\u01b0\u1ee3c s\u1ea3n xu\u1ea5t t\u1eeb ngu\u1ed3n nguy\u00ean li\u1ec7u khai th\u00e1c t\u1ea1i c\u00e1c ru\u1ed9ng m\u00eda canh t\u00e1c h\u1eefu c\u01a1 m\u00e0 kh\u00f4ng s\u1eed d\u1ee5ng c\u00e1c ch\u1ea5t h\u00f3a h\u1ecdc. S\u1ea3n ph\u1ea9m n\u00e0y \u0111\u01b0\u1ee3c s\u1ea3n xu\u1ea5t theo d\u00e2y chuy\u1ec1n ch\u1ea5t l\u01b0\u1ee3ng ti\u00eau chu\u1ea9n \u0111\u1ec3 \u0111\u1ea1t \u0111\u01b0\u1ee3c ch\u1ea5t l\u01b0\u1ee3ng t\u1ed1t nh\u1ea5t v\u00e0 v\u1ecb ng\u1ecdt t\u1ef1 nhi\u00ean, \u0111\u1ea1t 3 ti\u00eau chu\u1ea9n qu\u1ed1c t\u1ebf uy t\u00edn: USDA, EU v\u00e0 JAS.<\/p>\n<p>\u0110\u01b0\u01a1\u0300ng mi\u0301a th\u00f4\u00a0co\u0301 ma\u0300u t\u1eeb m\u00e0u v\u00e0ng v\u00e0ng \u0111\u1ebfn n\u00e2u v\u00e0ng, n\u00e2u, n\u00e2u s\u1eabm v\u00e0 gi\u1ed1ng nh\u01b0 m\u00e0u s\u00f4 c\u00f4 la \u0111en, t\u00f9y thu\u1ed9c v\u00e0o m\u01b0\u0301c \u0111\u00f4\u0323 n\u00e2\u0301u , th\u01a1\u0300i ti\u00ea\u0301t lu\u0301c thu hoa\u0323ch va\u0300 tu\u0300y thu\u00f4\u0323c va\u0300o gi\u00f4\u0301ng mi\u0301a. Gi\u00f4\u0301ng mi\u0301a ti\u0301m c\u00f4\u0309 cho ra \u0111\u01b0\u01a1\u0300ng ma\u0300u n\u00e2u s\u00e2\u0303m, gi\u00f4\u0301ng mi\u0301a tr\u0103\u0301ng cho ra \u0111\u01b0\u01a1\u0300ng ma\u0300u va\u0300ng.<\/p>\n<p><img fetchpriority=\"high\" decoding=\"async\" class=\"wp-image-21337 aligncenter\" src=\"https:\/\/havamall.vn\/wp-content\/uploads\/2021\/08\/jk-300x167.png\" alt=\"\" width=\"769\" height=\"428\" srcset=\"https:\/\/havamall.vn\/wp-content\/uploads\/2021\/08\/jk-300x167.png 300w, https:\/\/havamall.vn\/wp-content\/uploads\/2021\/08\/jk-430x240.png 430w, https:\/\/havamall.vn\/wp-content\/uploads\/2021\/08\/jk-150x84.png 150w, https:\/\/havamall.vn\/wp-content\/uploads\/2021\/08\/jk-700x390.png 700w, https:\/\/havamall.vn\/wp-content\/uploads\/2021\/08\/jk-768x428.png 768w, https:\/\/havamall.vn\/wp-content\/uploads\/2021\/08\/jk-1024x571.png 1024w, https:\/\/havamall.vn\/wp-content\/uploads\/2021\/08\/jk-1200x669.png 1200w, https:\/\/havamall.vn\/wp-content\/uploads\/2021\/08\/jk-600x334.png 600w, https:\/\/havamall.vn\/wp-content\/uploads\/2021\/08\/jk.png 1292w\" sizes=\"(max-width: 769px) 100vw, 769px\" \/><\/p>\n<p>\u0110\u01b0\u01a1\u0300ng mi\u0301a th\u00f4 c\u0169ng t\u1eadp h\u1ee3p m\u1ed9t s\u1ed1 l\u01b0\u1ee3ng \u0111\u00e1ng k\u1ec3 c\u1ee7a c\u00e1c mu\u1ed1i s\u1eaft (iron) r\u00e2\u0301t t\u1ed1t cho s\u1ee9c kh\u1ecfe, \u0111\u1eb7c bi\u1ec7t \u0111\u1ed1i v\u1edbi nh\u1eefng ng\u01b0\u1eddi b\u1ecb thi\u1ebfu m\u00e1u ho\u1eb7c thi\u1ebfu s\u1eaft. B\u00ean c\u1ea1nh \u0111\u00f3, \u0111\u01b0\u1eddng mi\u0301a th\u00f4 c\u0169ng ch\u1ee9a ca\u0301c mu\u1ed1i kho\u00e1ng m\u00e0 r\u1ea5t c\u00f3 l\u1ee3i cho c\u01a1 th\u1ec3. B\u1ea1n c\u00f3 th\u00ea\u0309 ca\u0309m nh\u00e2\u0323n khi ng\u1eadm m\u1ed9t cu\u0323c \u0111\u01b0\u01a1\u0300ng mi\u0301a th\u00f4 \u0111\u1ec3 n\u00f3 tan trong mi\u00ea\u0323ng va\u0300 c\u1ea3m nh\u1eadn \u0111\u01b0\u1ee3c m\u1ed9t ch\u00fat mu\u1ed1i tr\u00ean l\u01b0\u1ee1i. Va\u0300 \u0111\u00e2y la\u0300 mu\u00f4\u0301i khoa\u0301ng t\u01b0\u0323 nhi\u00ean \u0111\u01b0\u01a1\u0323c mi\u0301a t\u00f4\u0309ng h\u01a1\u0323p t\u01b0\u0300 \u0111\u00e2\u0301t.<\/p>\n<p><img decoding=\"async\" class=\"aligncenter\" src=\"https:\/\/media.istockphoto.com\/id\/487655901\/photo\/various-types-of-sugar-on-wooden-table.jpg?s=612x612&amp;w=0&amp;k=20&amp;c=3C6fpcU4ta9tO4hjUFhMfLXhi6KxYIaWYKEsI4NC8D4=\" alt=\"Various Types Of Sugar On Wooden Table Stock Photo - Download Image Now - Sugar - Food, Brown Sugar, White Color - iStock\" width=\"760\" height=\"442\" \/><\/p>\n<p>H\u01a1n n\u1eefa, \u0111\u01b0\u1eddng mi\u0301a th\u00f4 l\u00e0 r\u1ea5t t\u1ed1t trong vai tro\u0300 la\u0300 1 ta\u0301c nh\u00e2n l\u00e0m s\u1ea1ch. N\u00f3 l\u00e0m s\u1ea1ch ph\u1ed5i, d\u1ea1 d\u00e0y, ru\u1ed9t, th\u1ef1c qu\u1ea3n v\u00e0 \u0111\u01b0\u1eddng h\u00f4 h\u1ea5p. Nh\u1eefng ng\u01b0\u1eddi la\u0300m vi\u00ea\u0323c trong bu\u0323i b\u0103\u0323m nh\u01b0 ca\u0309nh sa\u0301t giao th\u00f4ng, ki\u0303 s\u01b0 c\u00f4ng tri\u0300nh, \u0111i ngoa\u0300i \u0111\u01b0\u01a1\u0300ng bu\u0323i b\u0103\u0323m \u0111\u01b0\u1ee3c khuy\u1ebfn kh\u00edch d\u00f9ng m\u1ed9t li\u1ec1u \u0111\u01b0\u01a1\u0300ng mi\u0301a th\u00f4 h\u0103\u0300ng nga\u0300y . \u0110\u01b0\u01a1\u0300ng mi\u0301a th\u00f4 co\u0301 th\u00ea\u0309 tr\u01a1\u0323 giu\u0301p cho ca\u0301c b\u1ec7nh nh\u01b0 hen suy\u1ec5n, ho, c\u1ea3m l\u1ea1nh, v\u00e0 t\u1eafc ngh\u1ebdn trong l\u1ed3ng ng\u1ef1c. \u01a0\u0309 \u00c2\u0301n \u0110\u00f4\u0323 ng\u01b0\u01a1\u0300i ta s\u01b0\u0309 du\u0323ng \u0111\u01b0\u01a1\u0300ng mi\u0301a th\u00f4 cho 1 s\u00f4\u0301 mo\u0301n \u0103n nhe\u0323 nh\u0103\u0300m giu\u0301p s\u01b0\u01a1\u0309i \u00e2\u0301m c\u01a1 th\u00ea\u0309 trong mu\u0300a \u0111\u00f4ng.<\/p>\n<h3><strong>\u0110\u01b0\u1eddng m\u00eda th\u00f4 h\u1eefu c\u01a1 Wangkanai \u0111\u1ea1t c\u00e1c ch\u1ee9ng nh\u1eadn:<\/strong><\/h3>\n<p>&gt; Ch\u1ee9ng nh\u1eadn h\u1eefu c\u01a1 c\u1ee7a B\u1ed9 N\u00f4ng Nghi\u1ec7p Hoa K\u1ef3, \u1ee6y ban H\u1eefu c\u01a1 Qu\u1ed1c gia (USDA)\u00a0(M\u0129 \u2013 ban h\u00e0nh n\u0103m 2005): ch\u1ee9ng nh\u1eadn ti\u00eau chu\u1ea9n h\u1eefu c\u01a1 nghi\u00eam ng\u1eb7t nh\u1ea5t b\u1edfi v\u00ec \u0111\u00e2y l\u00e0 ti\u00eau chu\u1ea9n th\u1ef1c ph\u1ea9m th\u1ef1c s\u1ef1. C\u01a1 quan n\u00e0y y\u00eau c\u1ea7u s\u1ea3n ph\u1ea9m ch\u1ee9a 95% th\u00e0nh ph\u1ea7n h\u1eefu c\u01a1 m\u1edbi \u0111\u01b0\u1ee3c s\u1eed d\u1ee5ng logo c\u1ee7a h\u1ecd. Ngo\u00e0i ra, c\u01a1 quan n\u00e0y c\u0169ng kh\u00f4ng cho ph\u00e9p s\u1eed d\u1ee5ng ch\u1ea5t b\u1ea3o qu\u1ea3n t\u1ed5ng h\u1ee3p v\u00e0 h\u1ea7u h\u1ebft c\u00e1c th\u00e0nh ph\u1ea7n h\u00f3a h\u1ecdc khi ch\u1ebf bi\u1ebfn.<\/p>\n<p>&gt;Ch\u1ee9ng nh\u1eadn Ch\u00e2u \u00c2u EU\u00a0v\u1ec1 ti\u00eau chu\u1ea9n li\u00ean quan \u0111\u1ebfn quy tr\u00ecnh s\u1ea3n xu\u1ea5t h\u1eefu c\u01a1 v\u00e0 ph\u01b0\u01a1ng th\u1ee9c in d\u00e1n nh\u00e3n label l\u00ean bao b\u00ec s\u1ea3n ph\u1ea9m \u0111\u01b0\u1ee3c ch\u1ee9ng nh\u1eadn h\u1eefu c\u01a1<\/p>\n<p>&gt; Ch\u1ee9ng nh\u1eadn JAS (Japanese Agricultural Standard)\u00a0l\u00e0 ti\u00eau chu\u1ea9n c\u1ee7a B\u1ed9 N\u00f4ng nghi\u1ec7p Nh\u1eadt B\u1ea3n. b\u1ed9 ti\u00eau chu\u1ea9n JAS quy \u0111\u1ecbnh c\u00e1c ti\u00eau ch\u00ed cho s\u1ea3n ph\u1ea9m v\u00e0 c\u00e1ch d\u00e1n nh\u00e3n \u0111\u1ec3 t\u1ea1o \u0111i\u1ec1u ki\u1ec7n thu\u1eadn l\u1ee3i cho s\u1ef1 l\u1ef1a ch\u1ecdn c\u1ee7a ng\u01b0\u1eddi ti\u00eau d\u00f9ng.<\/p>\n<p>V\u00ec th\u1ebf, \u0111\u01b0\u1eddng m\u00eda th\u00f4 h\u1eefu c\u01a1 Wangkanai Organic x\u1ee9ng \u0111\u00e1ng c\u00f3 m\u1eb7t trong nh\u00e0 b\u1ebfp c\u1ee7a gia \u0111\u00ecnh b\u1ea1n \u0111\u1ec3 th\u1ef1c hi\u1ec7n s\u1ee9 m\u1ea1ng mang \u0111\u1ebfn b\u1eefa \u0103n ngon v\u00e0 th\u1eadt s\u1ef1 an to\u00e0n cho s\u1ee9c kh\u1ecfe c\u1ee7a c\u1ea3 nh\u00e0.<\/p>\n<p><img decoding=\"async\" class=\"aligncenter\" src=\"https:\/\/havamall.vn\/wp-content\/uploads\/2021\/08\/noi-dat-duong-sinh-2.jpg\" alt=\"H\u01b0\u1edbng d\u1eabn l\u00e0m m\u00f3n c\u00e1 kho b\u1eb1ng n\u1ed3i \u0111\u1ea5t kho t\u1ed9 - N\u1ed3i \u0110\u1ea5t Vi\u1ec7t\" width=\"773\" height=\"581\" \/><\/p>\n<h3><strong>C\u00f4ng d\u1ee5ng s\u1ea3n ph\u1ea9m:<\/strong><\/h3>\n<p>\u2013 Cung c\u1ea5p mu\u1ed1i kho\u00e1ng v\u00e0 mu\u1ed1i s\u1eaft (iron) r\u00e2\u0301t t\u1ed1t cho s\u1ee9c kh\u1ecfe. \u0110\u1eb7c bi\u1ec7t \u0111\u1ed1i v\u1edbi nh\u1eefng ng\u01b0\u1eddi b\u1ecb thi\u1ebfu m\u00e1u ho\u1eb7c thi\u1ebfu s\u1eaft.<\/p>\n<p>\u2013 L\u00e0m s\u1ea1ch ph\u1ed5i, d\u1ea1 d\u00e0y, ru\u1ed9t, th\u1ef1c qu\u1ea3n v\u00e0 \u0111\u01b0\u1eddng h\u00f4 h\u1ea5p.<\/p>\n<p>\u2013 H\u1ed7 tr\u1ee3 b\u1ec7nh ca\u0301c b\u1ec7nh nh\u01b0 hen suy\u1ec5n, ho, c\u1ea3m l\u1ea1nh, v\u00e0 t\u1eafc ngh\u1ebdn trong l\u1ed3ng ng\u1ef1c.<\/p>\n<p><img loading=\"lazy\" decoding=\"async\" class=\"aligncenter\" src=\"https:\/\/scontent.fsgn8-3.fna.fbcdn.net\/v\/t39.30808-6\/316554852_444522521186007_2626035003729159162_n.jpg?stp=cp6_dst-jpg&amp;_nc_cat=110&amp;ccb=1-7&amp;_nc_sid=8bfeb9&amp;_nc_ohc=k8geiJtOGZgAX8M8MkU&amp;_nc_ht=scontent.fsgn8-3.fna&amp;oh=00_AfDHrQrvy2x1u-OP1k3jj4YsC14Ar8qJl0ADwnblo7J8aQ&amp;oe=639348DD\" alt=\"C\u00f3 th\u1ec3 l\u00e0 h\u00ecnh \u1ea3nh v\u1ec1 1 ng\u01b0\u1eddi v\u00e0 th\u1ef1c ph\u1ea9m\" width=\"723\" height=\"723\" \/><\/p>\n<h3><strong>\u01afu \u0111i\u1ec3m c\u1ee7a s\u1ea3n ph\u1ea9m<\/strong><\/h3>\n<p>\u2013 S\u1ea3n ph\u1ea9m h\u1eefu c\u01a1, \u0111\u01b0\u1ee3c nu\u00f4i tr\u1ed3ng t\u1eeb h\u1ea1t gi\u1ed1ng thu\u1ea7n ch\u1ee7ng, kh\u00f4ng lai hay bi\u1ebfn \u0111\u1ed5i gen<\/p>\n<p>\u2013 Ch\u1ee9a l\u01b0\u1ee3ng mu\u1ed1i kho\u00e1ng cao v\u00e0 d\u1ec5 s\u1eed d\u1ee5ng, \u0111\u01b0\u1ee3c ch\u1ee9ng nh\u1eadn USDA, EU, JAS<\/p>\n<p>\u2013 T\u1ea5t c\u1ea3 s\u1ea3n ph\u1ea9m t\u1ea1i Nh\u00e0 B\u1ee5t \u0111\u1ec1u mang n\u0103ng l\u01b0\u1ee3ng c\u1ee7a t\u00ecnh y\u00eau th\u01b0\u01a1ng v\u00e0 s\u1ef1 b\u00ecnh y\u00ean. T\u1eeb c\u00e1i T\u00e2m, ch\u00fang t\u00f4i cam k\u1ebft mang \u0111\u1ebfn nh\u1eefng s\u1ea3n ph\u1ea9m t\u1ed1t nh\u1ea5t cho ng\u01b0\u1eddi ti\u00eau d\u00f9ng.<\/p>\n<p>S\u1ea3n ph\u1ea9m hi\u1ec7n \u0111\u00e3 c\u00f3 m\u1eb7t t\u1ea1i Havamall.<\/p>","protected":false},"excerpt":{"rendered":"<p>\u0110\u01b0\u1eddng m\u00eda th\u00f4 h\u1eefu c\u01a1 Wangkanai Organic xu\u1ea5t x\u1ee9 t\u1eeb Th\u00e1i Lan, \u0111\u01b0\u1ee3c s\u1ea3n xu\u1ea5t t\u1eeb ngu\u1ed3n nguy\u00ean li\u1ec7u khai<\/p>","protected":false},"featured_media":29805,"comment_status":"open","ping_status":"closed","template":"","meta":[],"product_brand":[],"product_cat":[595,255,256,154,131,36,134,143],"product_tag":[],"class_list":{"0":"post-29804","1":"product","2":"type-product","3":"status-publish","4":"has-post-thumbnail","6":"product_cat-gia-vi-va-che-bien","7":"product_cat-nguyen-lieu-lam-banh","8":"product_cat-thuc-pham-huu-co","9":"product_cat-gia-vi","10":"product_cat-nguyen-lieu-lam-bep","11":"product_cat-thuc-pham-tieu-dung","12":"product_cat-thucpham-saykho","13":"product_cat-thuc-pham-dong-hop","15":"first","16":"instock","17":"sale","18":"shipping-taxable","19":"purchasable","20":"product-type-simple"},"_links":{"self":[{"href":"https:\/\/havamall.vn\/en\/wp-json\/wp\/v2\/product\/29804"}],"collection":[{"href":"https:\/\/havamall.vn\/en\/wp-json\/wp\/v2\/product"}],"about":[{"href":"https:\/\/havamall.vn\/en\/wp-json\/wp\/v2\/types\/product"}],"replies":[{"embeddable":true,"href":"https:\/\/havamall.vn\/en\/wp-json\/wp\/v2\/comments?post=29804"}],"version-history":[{"count":0,"href":"https:\/\/havamall.vn\/en\/wp-json\/wp\/v2\/product\/29804\/revisions"}],"wp:featuredmedia":[{"embeddable":true,"href":"https:\/\/havamall.vn\/en\/wp-json\/wp\/v2\/media\/29805"}],"wp:attachment":[{"href":"https:\/\/havamall.vn\/en\/wp-json\/wp\/v2\/media?parent=29804"}],"wp:term":[{"taxonomy":"product_brand","embeddable":true,"href":"https:\/\/havamall.vn\/en\/wp-json\/wp\/v2\/product_brand?post=29804"},{"taxonomy":"product_cat","embeddable":true,"href":"https:\/\/havamall.vn\/en\/wp-json\/wp\/v2\/product_cat?post=29804"},{"taxonomy":"product_tag","embeddable":true,"href":"https:\/\/havamall.vn\/en\/wp-json\/wp\/v2\/product_tag?post=29804"}],"curies":[{"name":"wp","href":"https:\/\/api.w.org\/{rel}","templated":true}]}}