{"id":29763,"date":"2022-12-05T15:36:20","date_gmt":"2022-12-05T08:36:20","guid":{"rendered":"https:\/\/havamall.vn\/?post_type=product&#038;p=29763"},"modified":"2025-03-21T10:54:01","modified_gmt":"2025-03-21T03:54:01","slug":"sau-rieng-nguyen-mui-dong-lanh-hat-lep-sieu-beo-1kg-frozen-durian","status":"publish","type":"product","link":"https:\/\/havamall.vn\/en\/shop\/sau-rieng-nguyen-mui-dong-lanh-hat-lep-sieu-beo-1kg-frozen-durian\/","title":{"rendered":"S\u1ea7u Ri\u00eang Nguy\u00ean M\u00fai \u0110\u00f4ng L\u1ea1nh H\u1ea1t L\u00e9p Si\u00eau B\u00e9o 1kg &#8211; Frozen Durian"},"content":{"rendered":"<div class=\"j83agx80\">\n<div class=\"dwo3fsh8 g5ia77u1 rt8b4zig n8ej3o3l agehan2d sk4xxmp2 rq0escxv q9uorilb kvgmc6g5 cxmmr5t8 oygrvhab hcukyx3x jb3vyjys rz4wbd8a qt6c0cv9 a8nywdso l9j0dhe7 i1ao9s8h k4urcfbm\">\n<div class=\"j83agx80 cbu4d94t sj5x9vvc cxgpxx05\">\n<div class=\"rq0escxv l9j0dhe7 du4w35lb j83agx80 pfnyh3mw jifvfom9 ll8tlv6m owycx6da btwxx1t3 hv4rvrfc dati1w0a jb3vyjys b5q2rw42 lq239pai mysgfdmx hddg9phg\">\n<div class=\"rq0escxv l9j0dhe7 du4w35lb j83agx80 cbu4d94t d2edcug0 hpfvmrgz rj1gh0hx buofh1pr g5gj957u o8rfisnq p8fzw8mz pcp91wgn iuny7tx3 ipjc6fyt\">\n<div class=\"j83agx80 cbu4d94t ew0dbk1b irj2b8pg\">\n<div class=\"qzhwtbm6 knvmm38d\">\n<div class=\"j83agx80 cbu4d94t ew0dbk1b irj2b8pg\">\n<div class=\"qzhwtbm6 knvmm38d\">\n<div class=\"kvgmc6g5 cxmmr5t8 oygrvhab hcukyx3x c1et5uql\">\n<table>\n<tbody>\n<tr>\n<td>Xu\u1ea5t x\u1ee9<\/td>\n<td>Vi\u1ec7t Nam<\/td>\n<\/tr>\n<tr>\n<td>Th\u00e0nh ph\u1ea7n<\/td>\n<td>100% S\u1ea7u Ri\u00eang \u0110\u00f4ng L\u1ea1nh<\/td>\n<\/tr>\n<tr>\n<td>H\u1ea1n s\u1eed d\u1ee5ng<\/td>\n<td>36 th\u00e1ng k\u1ec3 t\u1eeb ng\u00e0y s\u1ea3n xu\u1ea5t.<\/td>\n<\/tr>\n<tr>\n<td>B\u1ea3o qu\u1ea3n<\/td>\n<td>B\u1ea3o qu\u1ea3n d\u01b0\u1edbi 18\u0ae6C<\/td>\n<\/tr>\n<tr>\n<td>Kh\u1ed1i l\u01b0\u1ee3ng t\u1ecbnh<\/td>\n<td>1000g<\/td>\n<\/tr>\n<\/tbody>\n<\/table>\n<p>Kh\u00e1c v\u1edbi s\u1ea7u ri\u00eang t\u01b0\u01a1i,\u00a0<strong>s\u1ea7u ri\u00eang \u0111\u00f4ng l\u1ea1nh<\/strong>\u00a0gi\u00fap b\u1ea1n c\u00f3 th\u1ec3 th\u01b0\u1edfng th\u1ee9c s\u1ea7u ri\u00eang \u1edf c\u1ea3 4 m\u00f9a trong n\u0103m m\u00e0 kh\u00f4ng c\u1ea7n ph\u1ea3i ch\u1edd \u0111\u1ee3i \u0111\u1ebfn \u0111\u00fang m\u00f9a v\u1ee5.<\/p>\n<h2><strong>Ph\u00e2n lo\u1ea1i s\u1ea7u ri\u00eang \u0111\u00f4ng l\u1ea1nh\u00a0<\/strong><\/h2>\n<p>Hi\u1ec7n nay,\u00a0<strong>s\u1ea7u ri\u00eang \u0111\u00f4ng l\u1ea1nh<\/strong>\u00a0l\u00e0 m\u1ed9t s\u1ea3n ph\u1ea9m \u0111\u01b0\u1ee3c r\u1ea5t nhi\u1ec1u ng\u01b0\u1eddi ti\u00eau d\u00f9ng tin d\u00f9ng v\u00e0 l\u1ef1a ch\u1ecdn. Ch\u00fang kh\u00f4ng ch\u1ec9 mang \u0111\u1ebfn s\u1ef1 ch\u1ee7 \u0111\u1ed9ng trong vi\u1ec7c th\u01b0\u1edfng th\u1ee9c m\u00e0 c\u00f2n l\u00e0 m\u1ed9t gi\u1ea3i ph\u00e1p c\u1ee9u c\u00e1nh gi\u00fap b\u1ea3o qu\u1ea3n s\u1ea7u ri\u00eang sau th\u1eddi \u0111i\u1ec3m thu ho\u1ea1ch cho ng\u01b0\u1eddi n\u00f4ng d\u00e2n. C\u00f3 2 ph\u01b0\u01a1ng ph\u00e1p \u0111\u00f4ng l\u1ea1nh s\u1ea7u ri\u00eang ph\u1ed5 bi\u1ebfn, c\u1ee5 th\u1ec3 nh\u01b0 sau:<\/p>\n<h3><strong>S\u1ea7u ri\u00eang \u0111\u00f4ng l\u1ea1nh theo t\u1eebng m\u00fai<\/strong><\/h3>\n<p><strong>S\u1ea7u ri\u00eang \u0111\u00f4ng l\u1ea1nh<\/strong>\u00a0theo t\u1eebng m\u00fai \u0111\u01b0\u1ee3c ch\u1ebf bi\u1ebfn sau khi thu ho\u1ea1ch nh\u1eefng tr\u00e1i ch\u00edn tr\u00ean c\u00e2y. \u0110\u1ea7u ti\u00ean, s\u1ea7u ri\u00eang \u0111\u01b0\u1ee3c v\u1ec7 sinh m\u1ed9t c\u00e1ch k\u1ef9 l\u01b0\u1ee1ng th\u00f4ng qua h\u1ec7 th\u1ed1ng r\u1eeda. Ti\u1ebfp \u0111\u00f3, t\u1eebng m\u00fai s\u1ea7u ri\u00eang s\u1ebd \u0111\u01b0\u1ee3c b\u00f3c t\u00e1ch kh\u00e9o l\u00e9o sao cho nguy\u00ean v\u1eb9n. R\u1ed3i ch\u00fang \u0111\u01b0\u1ee3c x\u1ebfp v\u00e0o t\u00fai nilon h\u00fat ch\u00e2n kh\u00f4ng ho\u1eb7c h\u1ed9p nh\u1ef1a.<\/p>\n<p>Ti\u1ebfp theo, nh\u1eefng mi\u1ebfng s\u1ea7u ri\u00eang th\u01a1m ngon n\u00e0y s\u1ebd \u0111\u01b0\u1ee3c \u0111\u01b0a v\u00e0o bu\u1ed3ng \u0111\u00f4ng l\u1ea1nh \u0111\u1ec3 c\u1ea5p \u0111\u00f4ng. T\u1eeb \u0111\u00f3 s\u1ea3n ph\u1ea9m s\u1ea7u ri\u00eang c\u1ea5p \u0111\u00f4ng theo m\u00fai \u0111\u01b0\u1ee3c \u0111\u01b0a ra th\u1ecb tr\u01b0\u1eddng v\u1edbi ch\u1ea5t l\u01b0\u1ee3ng lu\u00f4n \u0111\u01b0\u1ee3c \u0111\u1ea3m b\u1ea3o v\u1ec1 m\u1eb7t \u0111\u1ed9 l\u1ea1nh c\u0169ng nh\u01b0 \u0111\u1ed9 t\u01b0\u01a1i ngon. \u0110\u1ed3ng th\u1eddi, m\u00e0u s\u1eafc v\u00e0 h\u01b0\u01a1ng v\u1ecb c\u1ee7a s\u1ea7u ri\u00eang sau khi r\u00e3 \u0111\u00f4ng v\u1eabn s\u1ebd \u0111\u01b0\u1ee3c b\u1ea3o qu\u1ea3n m\u1ed9t c\u00e1ch nguy\u00ean v\u1eb9n.<\/p>\n<p>M\u00fai s\u1ea7u ri\u00eang sau khi \u0111\u01b0\u1ee3c c\u1ea5p \u0111\u00f4ng c\u00f3 th\u1ec3 b\u1ea3o qu\u1ea3n trong v\u00f2ng 2 n\u0103m \u1edf m\u00f4i tr\u01b0\u1eddng \u0111\u00f4ng l\u1ea1nh. B\u1ea1n c\u00f3 th\u1ec3 mua nhi\u1ec1u \u0111\u1ec3 d\u1ef1 tr\u1eef trong t\u1ee7 l\u1ea1nh. B\u1ea5t c\u1ee9 khi n\u00e0o mu\u1ed1n th\u01b0\u1edfng th\u1ee9c, ch\u1ec9 c\u1ea7n r\u00e3 \u0111\u00f4ng 15 ph\u00fat l\u00e0 c\u00f3 th\u1ec3 d\u00f9ng \u0111\u01b0\u1ee3c ngay.<\/p>\n<p>Do \u0111\u00f3 \u0111\u01b0\u1ee3c \u1ee9ng d\u1ee5ng nhi\u1ec1u trong ch\u1ebf bi\u1ebfn c\u00e1c lo\u1ea1i th\u1ef1c ph\u1ea9m, v\u00e0 th\u1ee9c u\u1ed1ng kh\u00e1c nhau. \u0110\u00e2y l\u00e0 m\u1ed9t trong nh\u1eefng n\u00f4ng s\u1ea3n Vi\u1ec7t Nam xu\u1ea5t kh\u1ea9u ph\u1ed5 bi\u1ebfn nh\u1ea5t hi\u1ec7n nay. S\u1ea7u ri\u00eang c\u1ea5p \u0111\u00f4ng \u0111\u01b0\u1ee3c s\u1ea3n xu\u1ea5t v\u00e0 ch\u1ebf bi\u1ebfn k\u1ef9 l\u01b0\u1ee1ng. Nh\u1edd v\u1eady \u0111\u00e1p \u1ee9ng \u0111\u01b0\u1ee3c ti\u00eau chu\u1ea9n \u0111i c\u00e1c th\u1ecb tr\u01b0\u1eddng l\u1edbn nh\u01b0 Nh\u1eadt B\u1ea3n, H\u00e0n Qu\u1ed1c, H\u1ed3ng K\u00f4ng, Ch\u00e2u \u00c2u.<\/p>\n<p><img fetchpriority=\"high\" decoding=\"async\" class=\"aligncenter\" src=\"https:\/\/havamall.vn\/wp-content\/uploads\/2025\/03\/coverdurian.jpg\" alt=\"How to choose the perfect durian, and other facts about the pungent king of fruits - YP | South China Morning Post\" width=\"793\" height=\"595\" \/><\/p>\n<h3><strong>S\u1ea7u ri\u00eang \u0111\u00f4ng l\u1ea1nh nguy\u00ean qu\u1ea3<\/strong><\/h3>\n<p><strong>S\u1ea7u ri\u00eang \u0111\u00f4ng l\u1ea1nh<\/strong>\u00a0nguy\u00ean qu\u1ea3 th\u01b0\u1eddng \u0111\u01b0\u1ee3c tuy\u1ec3n ch\u1ecdn m\u1ed9t c\u00e1ch c\u1ef1c k\u1ef3 nghi\u00eam ng\u1eb7t. Tr\u00e1i s\u1ea7u ch\u1ec9 \u0111\u01b0\u1ee3c ng\u01b0\u1eddi n\u00f4ng d\u00e2n thu ho\u1ea1ch n\u1ebfu \u0111\u00e3 \u0111\u1ebfn giai \u0111o\u1ea1n ch\u00edn ho\u00e0n to\u00e0n t\u1ef1 nhi\u00ean v\u1edbi h\u01b0\u01a1ng v\u1ecb c\u0169ng nh\u01b0 ch\u1ea5t l\u01b0\u1ee3ng \u1edf m\u1ee9c t\u1ed1t nh\u1ea5t. Theo \u0111\u00f3, to\u00e0n b\u1ed9 qu\u1ea3 s\u1ea7u ri\u00eang t\u01b0\u01a1i c\u00f3 th\u1ec3 \u0111\u01b0\u1ee3c c\u1ea5p \u0111\u00f4ng b\u1eb1ng c\u00e1ch \u0111\u01b0a ch\u00fang ti\u1ebfp x\u00fac v\u1edbi kh\u00ed nit\u01a1 \u1edf d\u1ea1ng l\u1ecfng t\u1ea1i nhi\u1ec7t \u0111\u1ed9 t\u1eeb -80 \u0111\u1ebfn -100 \u0111\u1ed9 C trong v\u00f2ng m\u1ed9t gi\u1edd \u0111\u1ed3ng h\u1ed3.<\/p>\n<p>Kh\u00e1c v\u1edbi ph\u01b0\u01a1ng ph\u00e1p c\u1ea5p \u0111\u00f4ng s\u1ea7u ri\u00eang theo t\u1eebng m\u00fai, s\u1ea7u ri\u00eang \u0111\u00f4ng l\u1ea1nh nguy\u00ean qu\u1ea3 ph\u1ea3i \u0111\u01b0\u1ee3c b\u1ea3o qu\u1ea3n \u1edf m\u1ee9c -18 \u0111\u1ed9 C v\u00e0 t\u1ed1i \u0111a l\u00e0 18 th\u00e1ng \u0111\u1ec3 \u0111\u1ea3m b\u1ea3o r\u1eb1ng ch\u00fang kh\u00f4ng b\u1ecb m\u1ea5t qu\u00e1 nhi\u1ec1u ch\u1ea5t so v\u1edbi ban \u0111\u1ea7u. Tr\u00e1i s\u1ea7u ri\u00eang c\u00f3 th\u1ec3 s\u1eed d\u1ee5ng \u0111\u01b0\u1ee3c sau 6 gi\u1edd r\u00e3 \u0111\u00f4ng \u1edf nhi\u1ec7t \u0111\u1ed9 ph\u00f2ng.<\/p>\n<p><img decoding=\"async\" class=\"aligncenter\" src=\"https:\/\/www.phgeverfresh.com\/images\/01PHG\/aboutus\/About_Us-001_0001_Layer_0.jpg\" alt=\"Nitrogen Frozen Durian Malaysia | Frozen Musang King Malaysia\" width=\"785\" height=\"942\" \/><\/p>\n<p>Ch\u00fang t\u00f4i li\u00ean k\u1ebft v\u1edbi c\u00e1c nh\u00e0 v\u01b0\u1eddn ch\u1ea5t l\u01b0\u1ee3ng cao. Ngo\u00e0i ra c\u00f2n h\u1ed7 tr\u1ee3 canh t\u00e1c, hay k\u1ef9 thu\u1eadt bao qu\u1ea3 theo ti\u00eau chu\u1ea9n Global Gap cho ng\u01b0\u1eddi d\u00e2n. \u0110\u1ec3 \u0111\u1ea3m b\u1ea3o s\u1ea3n ph\u1ea9m tr\u01b0\u1edbc khi \u0111\u01b0a v\u00e0o ch\u1ebf bi\u1ebfn \u0111\u1ec1u \u0111\u00e3 \u0111\u1ea1t ch\u1ea5t l\u01b0\u1ee3ng cao nh\u1ea5t.<\/p>\n<\/div>\n<p><strong>S\u1ea7u ri\u00eang \u0111\u00f4ng l\u1ea1nh<\/strong>\u00a0\u0111\u01b0\u1ee3c b\u1ea3o qu\u1ea3n trong m\u00f4i tr\u01b0\u1eddng \u0111\u00f4ng l\u1ea1nh. V\u00ec th\u1ebf nhi\u1ec1u ng\u01b0\u1eddi ti\u00eau d\u00f9ng hi\u1ec7n nay th\u01b0\u1eddng c\u1ea3m th\u1ea5y lo ng\u1ea1i khi s\u1eed d\u1ee5ng. Kh\u00f4ng bi\u1ebft li\u1ec7u s\u1ea7u c\u1ea5p \u0111\u00f4ng c\u00f3 gi\u1eef \u0111\u01b0\u1ee3c h\u01b0\u01a1ng v\u1ecb t\u01b0\u01a1i ngon t\u1ef1 nhi\u00ean hay kh\u00f4ng. S\u1ea7u ri\u00eang \u00e1p d\u1ee5ng c\u00f4ng ngh\u1ec7 hi\u1ec7n \u0111\u1ea1i c\u00f9ng quy tr\u00ecnh kh\u00e9p k\u00edn ti\u00ean ti\u1ebfn. T\u1eeb \u0111\u00f3 cho ra nh\u1eefng m\u00fai s\u1ea7u c\u1ea5p \u0111\u00f4ng v\u1eabn s\u1ebd gi\u1eef \u0111\u01b0\u1ee3c n\u00e9t \u0111\u1eb7c tr\u01b0ng v\u1ed1n c\u00f3 c\u1ee7a m\u00ecnh.<\/p>\n<p>S\u1ea7u ri\u00eang \u0111\u01b0\u1ee3c mang \u0111i c\u1ea5p \u0111\u00f4ng lu\u00f4n \u0111\u01b0\u1ee3c ki\u1ec3m so\u00e1t 100% ch\u1ea5t l\u01b0\u1ee3ng v\u1ec7 sinh an to\u00e0n th\u1ef1c ph\u1ea9m. Cam k\u1ebft cung c\u1ea5p cho ng\u01b0\u1eddi ti\u00eau d\u00f9ng l\u1ee3i \u00edch c\u0169ng nh\u01b0 quy\u1ec1n l\u1ee3i m\u1ed9t c\u00e1ch t\u1ed1t nh\u1ea5t. Theo \u0111\u00f3, ng\u01b0\u1eddi ti\u00eau d\u00f9ng ho\u00e0n to\u00e0n c\u00f3 th\u1ec3 th\u01b0\u1edfng th\u1ee9c nh\u1eefng m\u00fai s\u1ea7u ri\u00eang th\u01a1m ngon, chu\u1ea9n v\u1ecb. B\u00ean c\u1ea1nh \u0111\u00f3, ng\u01b0\u1eddi d\u00f9ng c\u0169ng kh\u00f4ng c\u1ea7n thi\u1ebft ph\u1ea3i ch\u1edd \u0111\u1ee3i cho \u0111\u1ebfn \u0111\u00fang m\u00f9a v\u1ee5.<\/p>\n<p>Ngo\u00e0i ra, b\u1ea1n c\u0169ng c\u00f3 th\u1ec3 th\u1ef1c hi\u1ec7n c\u1ea5p \u0111\u00f4ng s\u1ea7u ri\u00eang ngay t\u1ea1i nh\u00e0 \u0111\u01a1n gi\u1ea3n. N\u1ebfu kh\u00f4ng d\u00f9ng h\u1ebft s\u1ea7u ri\u00eang, b\u1ea1n h\u00e3y t\u00e1ch th\u1ecbt c\u1ee7a ch\u00fang ra. Sau \u0111\u00f3 cho v\u00e0o m\u1ed9t chi\u1ebfc h\u1ed9p k\u00edn ho\u1eb7c t\u00fai nilon h\u00fat ch\u00e2n kh\u00f4ng. Ti\u1ebfp theo, b\u1ea1n \u0111em b\u1ecf v\u00e0o ng\u0103n \u0111\u00e1 t\u1ee7 l\u1ea1nh. L\u00fac n\u00e0y, s\u1ea7u ri\u00eang \u0111\u00e3 \u0111\u01b0\u1ee3c \u0111\u1ea3m b\u1ea3o. B\u1ea1n ho\u00e0n to\u00e0n c\u00f3 th\u1ec3 l\u1ea5y ch\u00fang ra \u0103n d\u1ea7n b\u1ea5t c\u1ee9 khi n\u00e0o mong mu\u1ed1n.<\/p>\n<div class=\"kvgmc6g5 cxmmr5t8 oygrvhab hcukyx3x c1et5uql\">\n<div class=\"kvgmc6g5 cxmmr5t8 oygrvhab hcukyx3x c1et5uql ii04i59q\">\n<p dir=\"auto\">S\u1ea3n ph\u1ea9m hi\u1ec7n \u0111\u00e3 c\u00f3 m\u1eb7t t\u1ea1i Havamall.<\/p>\n<p dir=\"auto\"><img decoding=\"async\" class=\"aligncenter\" src=\"https:\/\/havamall.vn\/wp-content\/uploads\/2025\/03\/Foods-you-cannot-eat-with-durian-fact-check.jpg\" alt=\"Fact Check : Foods You Should Never Eat With Durian?!\" \/><\/p>\n<\/div>\n<\/div>\n<\/div>\n<\/div>\n<\/div>\n<\/div>\n<\/div>\n<\/div>\n<\/div>\n<\/div>\n<\/div>\n<div>\n<h2><b>Nh\u1eefng l\u00fd do t\u1ea1i sao n\u00ean ch\u1ecdn s\u1ea3n ph\u1ea9m s\u1ea7u ri\u00eang \u0111\u00f4ng l\u1ea1nh<\/b><\/h2>\n<p>S\u1ea3n ph\u1ea9m\u00a0<b>s\u1ea7u ri\u00eang \u0111\u00f4ng l\u1ea1nh<\/b>\u00a0hi\u1ec7n \u0111ang ph\u1ed5 bi\u1ebfn tr\u00ean th\u1ecb tr\u01b0\u1eddng, nh\u1edd nh\u1eefng l\u00fd do sau:<\/p>\n<ul>\n<li>Gi\u00e1 th\u00e0nh c\u1ee7a s\u1ea7u ri\u00eang th\u01b0\u1eddng r\u1ea5t m\u1ec1m khi v\u00e0o v\u1ee5 m\u00f9a. Tuy nhi\u00ean n\u1ebfu \u0111\u00e3 qua v\u1ee5 m\u00e0 v\u1eabn mu\u1ed1n th\u01b0\u1eddng th\u1ee9c th\u00ec gi\u00e1 th\u00e0nh ch\u1eafc ch\u1eafn s\u1ebd r\u1ea5t cao. Ch\u01b0a k\u1ec3 nh\u1eefng m\u01b0u m\u00f4 toan t\u00ednh ti\u00eam thu\u1ed1c b\u1ea3o qu\u1ea3n v\u00e0o s\u1ea7u c\u1ee7a nhi\u1ec1u \u0111\u01a1n v\u1ecb cung c\u1ea5p.\u00a0Do \u0111\u00f3, quy\u1ebft \u0111\u1ecbnh c\u1ea5p \u0111\u00f4ng s\u1ea7u ri\u00eang l\u00e0 ho\u00e0n to\u00e0n ch\u00ednh x\u00e1c, v\u1eeba gi\u00fap b\u1ea3o qu\u1ea3n tr\u00e1i s\u1ea7u, m\u00e0 c\u00f2n l\u00e0 gi\u1ea3i ph\u00e1p an to\u00e0n, n\u00f3i kh\u00f4ng v\u1edbi h\u00f3a ch\u1ea5t \u0111\u1ed9c h\u1ea1i.<\/li>\n<li>S\u1ea3n ph\u1ea9m s\u1ea7u ri\u00eang \u0111\u00f4ng l\u1ea1nh d\u1ec5 d\u00e0ng mang \u0111i xa qu\u00ea m\u00e0 kh\u00f4ng lo b\u1ecb h\u1ecfng. Nhi\u1ec1u \u0111\u01a1n v\u1ecb c\u00f2n xu\u1ea5t kh\u1ea9u s\u1ea7u \u0111\u00f4ng l\u1ea1nh ra n\u01b0\u1edbc ngo\u00e0i.<\/li>\n<li>Kh\u00e1ch h\u00e0ng c\u00f3 th\u1ec3 b\u1ea3o qu\u1ea3n s\u1ea7u \u0111\u00f4ng l\u1ea1nh trong t\u1ee7 m\u00e0 kh\u00f4ng lo g\u00e2y ra m\u00f9i kh\u00f3 ch\u1ecbu, hay \u1ea3nh h\u01b0\u1edfng t\u1edbi c\u00e1c lo\u1ea1i th\u1ef1c ph\u1ea9m kh\u00e1c.<\/li>\n<li>B\u1edfi \u0111\u01a1n v\u1ecb s\u1ea3n xu\u1ea5t \u0111\u00e3 \u0111\u00f3ng g\u00f3i ch\u1eb7t ch\u1ebd v\u00e0 h\u00fat ch\u00e2n kh\u00f4ng c\u1ea9n th\u1eadn tr\u01b0\u1edbc khi \u0111\u01b0a s\u1ea3n ph\u1ea9m v\u00e0o tr\u1eef \u0111\u00f4ng.<\/li>\n<\/ul>\n<p><img decoding=\"async\" class=\"aligncenter\" src=\"https:\/\/havamall.vn\/wp-content\/uploads\/2025\/03\/iqf-durian.jpg\" alt=\"IQF Durian | IQF Frozen Durian\" \/><\/p>\n<\/div>\n<div>\n<h2><b>S\u1ea7u ri\u00eang \u0111\u00f4ng l\u1ea1nh c\u00f3 \u0111\u1ea3m b\u1ea3o \u0111\u01b0\u1ee3c \u0111\u1ed9 ngon?<\/b><\/h2>\n<p>M\u1eb7c d\u00f9 ch\u1ee9a nhi\u1ec1u vitamin, kho\u00e1ng ch\u1ea5t c\u00f3 l\u1ee3i cho s\u1ee9c kh\u1ecfe, nh\u01b0ng c\u00f3 v\u1ebb nh\u01b0 nhi\u1ec1u ng\u01b0\u1eddi v\u1eabn ch\u01b0a th\u00edch \u1ee9ng \u0111\u01b0\u1ee3c m\u00f9i v\u1ecb c\u1ee7a lo\u1ea1i tr\u00e1i c\u00e2y n\u00e0y. \u0110\u00f3 l\u00e0 l\u00fd do duy nh\u1ea5t khi\u1ebfn cho ng\u01b0\u1eddi d\u00f9ng tr\u00ean th\u1ecb tr\u01b0\u1eddng ph\u00e2n chia ra l\u00e0m hai th\u00e1i c\u1ef1c. Nh\u01b0ng xem ra, ch\u01b0a c\u00f3 m\u1ed9t lo\u1ea1i tr\u00e1i c\u00e2y mi\u1ec1n nhi\u1ec7t \u0111\u1edbi n\u00e0o l\u1ea1i d\u1ec5 g\u00e2y th\u01b0\u01a1ng nh\u1edb nh\u01b0 s\u1ea7u ri\u00eang, \u0111\u00e3 \u0103n \u0111\u01b0\u1ee3c l\u00e0 s\u1ebd d\u00e0nh c\u1ea3 t\u00ecnh y\u00eau tr\u1ecdn v\u1eb9n.<\/p>\n<p>Tr\u00ean th\u1ef1c t\u1ebf, ng\u01b0\u1eddi d\u00f9ng th\u01b0\u1eddng th\u00edch \u0103n s\u1ea7u ri\u00eang t\u01b0\u01a1i h\u01a1n l\u00e0\u00a0<b>s\u1ea7u ri\u00eang \u0111\u00f4ng l\u1ea1nh<\/b>. B\u1edfi th\u1ef1c kh\u00e1ch ngh\u0129 tr\u00e1i c\u00e2y v\u1eeba l\u1ea5y t\u1ea1i v\u01b0\u1eddn th\u00ec v\u1eabn ngon v\u00e0 th\u01a1m h\u01a1n. Tuy nhi\u00ean, v\u1edbi \u0111\u1eb7c t\u00ednh d\u1ec5 h\u1ecfng, kh\u00f3 v\u1eadn chuy\u1ec3n \u0111i xa, ng\u01b0\u1eddi ta b\u1eaft bu\u1ed9c ph\u1ea3i s\u1eed d\u1ee5ng ph\u01b0\u01a1ng ph\u00e1p tr\u1eef \u0111\u00f4ng.<\/p>\n<p>B\u00ean c\u1ea1nh \u0111\u00f3, v\u1edbi kh\u00e2u ch\u1ecdn l\u1ef1a v\u00e0o b\u1ea3o qu\u1ea3n nghi\u00eam ng\u1eb7t, qu\u00fd kh\u00e1ch h\u00e0ng ho\u00e0n to\u00e0n c\u00f3 th\u1ec3 an t\u00e2m v\u1ec1 ch\u1ea5t l\u01b0\u1ee3ng s\u1ea3n ph\u1ea9m. Nh\u1eefng m\u00fai s\u1ea7u sau khi r\u00e3 \u0111\u00f4ng t\u1eeb 10 \u0111\u1ebfn 15 ph\u00fat v\u1eabn gi\u1eef \u0111\u01b0\u1ee3c \u0111\u1ed9 b\u00f9i b\u00f9i, th\u01a1m ngon, gi\u1eef nguy\u00ean m\u00e0u s\u1eafc, l\u1ea1i c\u00f3 th\u00eam ph\u1ea7n m\u00e1t l\u1ea1nh, y h\u1ec7t nh\u01b0 c\u1ea3m gi\u00e1c th\u01b0\u1edfng th\u1ee9c tr\u00e1i c\u00e2y t\u1ea1i v\u01b0\u1eddn.<\/p>\n<p><img decoding=\"async\" class=\"aligncenter\" src=\"https:\/\/havamall.vn\/wp-content\/uploads\/2025\/03\/95dc665c4be30400f8d8a651bb18f918.jpg\" alt=\"DurianMan D24 Superior Durian | Lazada Singapore\" width=\"744\" height=\"744\" \/><\/p>\n<p style=\"text-align: center\">H\u00ecnh \u1ea3nh s\u1ea7u ri\u00eang sau khi r\u00e3 \u0111\u00f4ng<\/p>\n<h2><b>T\u1ea1i sao b\u1ea1n n\u00ean ch\u1ecdn s\u1ea7u ri\u00eang \u0111\u00f4ng l\u1ea1nh c\u1ee7a ch\u00fang t\u00f4i?<\/b><\/h2>\n<p>V\u1ed1n l\u00e0 vua c\u1ee7a c\u00e1c lo\u1ea1i tr\u00e1i c\u00e2y mi\u1ec1n nhi\u1ec7t \u0111\u1edbi, c\u00f3 h\u00e0m l\u01b0\u1ee3ng gi\u00e1 tr\u1ecb dinh d\u01b0\u1ee1ng cao l\u1ea1i mang theo h\u01b0\u01a1ng v\u1ecb \u0111\u1eb7c bi\u1ec7t, s\u1ea7u ri\u00eang \u0111\u00f4ng l\u1ea1nh c\u00f3 tr\u1edf th\u00e0nh lo\u1ea1i s\u1ea3n ph\u1ea9m \u0111\u01b0\u1ee3c b\u00e0y b\u00e1n kh\u1eafp n\u01a1i c\u0169ng l\u00e0 \u0111i\u1ec1u d\u1ec5 hi\u1ec3u. Song, c\u00e1i kh\u00f3 hi\u1ec3u \u1edf \u0111\u00e2y ch\u00ednh l\u00e0 \u201cc\u00e1i t\u00e2m\u201d c\u1ee7a \u0111\u01a1n v\u1ecb cung c\u1ea5p. B\u1edfi kh\u00f4ng ph\u1ea3i \u0111\u01a1n v\u1ecb n\u00e0o c\u0169ng th\u1ef1c s\u1ef1 quan t\u00e2m t\u1edbi s\u1ee9c kho\u1ebb ng\u01b0\u1eddi d\u00f9ng.<\/p>\n<ul>\n<li>\n<h3>Ch\u00e2\u0301t l\u01b0\u01a1\u0323ng<\/h3>\n<\/li>\n<\/ul>\n<p>\u0110\u1ee9ng tr\u00ean quan \u0111i\u1ec3m t\u1ea5t c\u1ea3 v\u00ec kh\u00e1ch h\u00e0ng,\u00a0ch\u00fang t\u00f4i lu\u00f4n mong mu\u1ed1n c\u00f3 th\u1ec3 mang l\u1ea1i s\u1ea3n ph\u1ea9m\u00a0<b>s\u1ea7u ri\u00eang \u0111\u00f4ng l\u1ea1nh<\/b>\u00a0th\u01a1m ngon, ch\u1ea5t l\u01b0\u1ee3ng khi t\u1edbi tay ng\u01b0\u1eddi d\u00f9ng. T\u1ea5t c\u1ea3 c\u00e1c c\u00f4ng \u0111o\u1ea1n, bao g\u1ed3m t\u1eeb kh\u00e2u ch\u1ecdn l\u1ecdc t\u1edbi kh\u00e2u b\u1ea3o qu\u1ea3n \u0111\u1ec1 \u0111\u01b0\u1ee3c ki\u1ec3m \u0111\u1ecbnh nghi\u00eam ng\u1eb7t. S\u1ea7u ri\u00eang ch\u00edn t\u1ea1i v\u01b0\u1eddn, r\u1ed3i \u0111em t\u00e1ch v\u1ecf, h\u00fat ch\u00e2n kh\u00f4ng. \u0110\u1ea3m b\u1ea3o 100% an to\u00e0n th\u1ef1c ph\u1ea9m, n\u00f3i kh\u00f4ng v\u1edbi ch\u1ea5t b\u1ea3o qu\u1ea3n, ch\u1ea5t t\u1ea1o m\u00e0u.<\/p>\n<p>\u0110\u1ebfn v\u1edbi ng\u01b0\u1eddi ti\u00eau d\u00f9ng, s\u1ea7u ri\u00eang v\u1eabn \u0111\u1ea3m b\u1ea3o h\u01b0\u01a1ng th\u01a1m, m\u00e0u s\u1eafc v\u00e0 m\u00f9i v\u1ecb sau khi r\u00e3 \u0111\u00f4ng. Nh\u01b0 v\u1eady, ng\u01b0\u1eddi d\u00f9ng v\u1eabn c\u00f3 th\u1ec3 th\u01b0\u1edfng th\u1ee9c tr\u00e1i c\u00e2y th\u01a1m ngon ngay c\u1ea3 khi tr\u00e1i v\u1ee5.<\/p>\n<p>Hy v\u1ecdng v\u1edbi nh\u1eefng chia s\u1ebb v\u1ec1 th\u00f4ng tin s\u1ea3n ph\u1ea9m \u1edf tr\u00ean, qu\u00fd kh\u00e1ch h\u00e0ng c\u00f3 th\u1ec3 n\u1eafm b\u1eaft v\u00e0 c\u00e2n nh\u1eafc mua s\u1ea3n ph\u1ea9m t\u1eeb \u0111\u01a1n v\u1ecb ch\u00fang t\u00f4i. T\u1ef1 tin l\u00e0 \u0111\u01a1n v\u1ecb ch\u1ea5t l\u01b0\u1ee3ng, gi\u00e1 th\u00e0nh ph\u1ea3i ch\u0103ng nh\u1ea5t th\u1ecb tr\u01b0\u1eddng \u2013 qu\u00fd kh\u00e1ch h\u00e0ng c\u00f3 th\u1ec3 ho\u00e0n to\u00e0n y\u00ean t\u00e2m! N\u1ebfu b\u1ea1n c\u00f2n b\u1ea5t c\u1ee9 \u0111i\u1ec1u g\u00ec th\u1eafc m\u1eafc li\u00ean quan t\u1edbi s\u1ea3n ph\u1ea9m<b>\u00a0s\u1ea7u ri\u00eang \u0111\u00f4ng l\u1ea1nh,<\/b>\u00a0\u0111\u1eb7c bi\u1ec7t l\u00e0 kh\u00e2u b\u00e1o gi\u00e1, v\u1eadn chuy\u1ec3n,.. h\u00e3y li\u00ean h\u1ec7 tr\u1ef1c ti\u1ebfp t\u1edbi \u0111\u01b0\u1eddng d\u00e2y n\u00f3ng <strong>0946 229 642<\/strong> \u0111\u1ec3 \u0111\u01b0\u1ee3c t\u01b0 v\u1ea5n v\u00e0 h\u1ed7 tr\u1ee3 s\u1edbm nh\u1ea5t!<\/p>\n<\/div>\n<p>&nbsp;<\/p>\n<p>&nbsp;<\/p>","protected":false},"excerpt":{"rendered":"<p>Xu\u1ea5t x\u1ee9 Vi\u1ec7t Nam Th\u00e0nh ph\u1ea7n 100% S\u1ea7u Ri\u00eang \u0110\u00f4ng L\u1ea1nh H\u1ea1n s\u1eed d\u1ee5ng 36 th\u00e1ng k\u1ec3 t\u1eeb ng\u00e0y s\u1ea3n<\/p>","protected":false},"featured_media":29764,"comment_status":"open","ping_status":"closed","template":"","meta":[],"product_brand":[],"product_cat":[677,678,36],"product_tag":[],"class_list":{"0":"post-29763","1":"product","2":"type-product","3":"status-publish","4":"has-post-thumbnail","6":"product_cat-cac-nuoc-khac","7":"product_cat-trai-cay-dong-lanh","8":"product_cat-thuc-pham-tieu-dung","10":"first","11":"instock","12":"sale","13":"shipping-taxable","14":"purchasable","15":"product-type-simple"},"_links":{"self":[{"href":"https:\/\/havamall.vn\/en\/wp-json\/wp\/v2\/product\/29763"}],"collection":[{"href":"https:\/\/havamall.vn\/en\/wp-json\/wp\/v2\/product"}],"about":[{"href":"https:\/\/havamall.vn\/en\/wp-json\/wp\/v2\/types\/product"}],"replies":[{"embeddable":true,"href":"https:\/\/havamall.vn\/en\/wp-json\/wp\/v2\/comments?post=29763"}],"version-history":[{"count":0,"href":"https:\/\/havamall.vn\/en\/wp-json\/wp\/v2\/product\/29763\/revisions"}],"wp:featuredmedia":[{"embeddable":true,"href":"https:\/\/havamall.vn\/en\/wp-json\/wp\/v2\/media\/29764"}],"wp:attachment":[{"href":"https:\/\/havamall.vn\/en\/wp-json\/wp\/v2\/media?parent=29763"}],"wp:term":[{"taxonomy":"product_brand","embeddable":true,"href":"https:\/\/havamall.vn\/en\/wp-json\/wp\/v2\/product_brand?post=29763"},{"taxonomy":"product_cat","embeddable":true,"href":"https:\/\/havamall.vn\/en\/wp-json\/wp\/v2\/product_cat?post=29763"},{"taxonomy":"product_tag","embeddable":true,"href":"https:\/\/havamall.vn\/en\/wp-json\/wp\/v2\/product_tag?post=29763"}],"curies":[{"name":"wp","href":"https:\/\/api.w.org\/{rel}","templated":true}]}}