{"id":29745,"date":"2022-12-01T18:45:16","date_gmt":"2022-12-01T11:45:16","guid":{"rendered":"https:\/\/havamall.vn\/?post_type=product&#038;p=29745"},"modified":"2022-12-01T18:45:16","modified_gmt":"2022-12-01T11:45:16","slug":"gia-do-tamper-51-53-58mm-pha-ca-phe-bang-mica-chong-truot-tien-dung-cho-quan-bar-quan-ca-phe-thuong-hieu-kari","status":"publish","type":"product","link":"https:\/\/havamall.vn\/en\/shop\/gia-do-tamper-51-53-58mm-pha-ca-phe-bang-mica-chong-truot-tien-dung-cho-quan-bar-quan-ca-phe-thuong-hieu-kari\/","title":{"rendered":"Gi\u00e1 \u0110\u1ee1 Tamper 51\/53\/58mm Pha C\u00e0 Ph\u00ea B\u1eb1ng Mica Ch\u1ed1ng Tr\u01b0\u1ee3t Ti\u1ec7n D\u1ee5ng Cho Qu\u00e1n Bar \/ Qu\u00e1n C\u00e0 Ph\u00ea th\u01b0\u01a1ng hi\u1ec7u KaR\u00ed"},"content":{"rendered":"<p>Trong kh\u00f4ng gian c\u1ee7a qu\u1ea7y pha ch\u1ebf th\u00ec b\u1ea5t c\u1ee9 lo\u1ea1i m\u00e1y m\u00f3c thi\u1ebft b\u1ecb n\u00e0o c\u00f3 m\u1eb7t c\u0169ng c\u1ea7n ph\u1ea3i ti\u1ec7n d\u1ee5ng, chi\u1ebfm \u00edt di\u1ec7n t\u00edch\/kh\u00f4ng gian m\u00e0 v\u1eabn ph\u00e1t huy hi\u1ec7u qu\u1ea3 cao. K\u1ec7 \u0111\u1ec3 d\u1ee5ng c\u1ee5 c\u00e0 ph\u00ea b\u1eb1ng mica ra \u0111\u1eddi \u0111\u00e1p \u1ee9ng \u0111\u1ee7 c\u00e1c y\u00eau c\u1ea7u \u0111\u00f3. C\u1ea5u tr\u00fac c\u1ee7a gi\u00e1 \u0111\u1ee1 cho ph\u00e9p ng\u01b0\u1eddi d\u00f9ng c\u00f3 th\u1ec3 \u0111\u1eb7t l\u00ean b\u1ea5t c\u1ee9 b\u1ec1 m\u1eb7t n\u00e0o m\u00e0 v\u1eabn b\u00e1m d\u00ednh t\u1ed1t, ch\u1eafc ch\u1eafn. S\u1ea3n ph\u1ea9m c\u00f3 thi\u1ebft k\u1ebf hi\u1ec7n \u0111\u1ea1i t\u1ed1i gi\u1ea3n gi\u00fap t\u0103ng \u0111\u1ed9 b\u00e1m m\u1ed9t c\u00e1ch t\u1ed1t nh\u1ea5t, g\u00f3c c\u1ea1nh bo tr\u00f2n gi\u00fap \u0111\u1eb7t v\u1eeba kh\u00edt v\u1edbi c\u1ea1nh b\u00e0n\/qu\u1ea7y gi\u00fap ti\u1ebft ki\u1ec7m kh\u00f4ng gian m\u00e0 v\u1eabn ti\u1ec7n d\u1ee5ng trong su\u1ed1t qu\u00e1 tr\u00ecnh pha.<\/p>\n<p><img decoding=\"async\" class=\"aligncenter\" src=\"https:\/\/havamall.vn\/wp-content\/uploads\/2022\/12\/47922fa71ced957a14945ccf6163f3b1.jpg_720x720q80.jpg_.webp\" alt='Gi\u00e1 \u0110\u1ef1ng C\u00e0 Ph\u00ea, Gi\u00e1 \u0110\u1ee9ng Mica Th\u00edch H\u1ee3p Cho B\u1ed9 L\u1ecdc B\u00ea T\u00f4ng V\u00e0 B\u1ed9 L\u1ecdc B\u00ea  T\u00f4ng 51Mm 53Mm | Lazada.vn' \/><\/p>\n<p>\u1ede d\u01b0\u1edbi \u0111\u01b0\u1ee3c thi\u1ebft k\u1ebf 4 \u0111\u1ebf cao su ch\u1ed1ng tr\u01b0\u1ee3t \u0111\u01b0\u1ee3c l\u00e0m t\u1eeb cao su si\u00eau b\u1ec1n v\u1edbi thi\u1ebft k\u1ebf \u0111\u01b0\u1eddng k\u00ednh v\u00e0 tr\u1ecdng l\u01b0\u1ee3ng ti\u00eau chu\u1ea9n. S\u1ea3n ph\u1ea9m n\u00e0y gi\u00fap b\u1ea1n d\u1ec5 d\u00e0ng d\u00f9ng Tamper n\u00e9n c\u00e0 ph\u00ea th\u00edch h\u1ee3p cho t\u1eebng t\u00e1ch c\u00e0 ph\u00ea ho\u00e0n h\u1ea3o.<\/p>\n<p>Ch\u1ed1ng tr\u01b0\u1ee3t , gi\u1ea3m tr\u1ea7y x\u01b0\u1edbc mi\u1ebfng l\u00f3t Tamper gi\u1eef portafilter kh\u00f4ng b\u1ecb tr\u01b0\u1ee3t kh\u1ecfi m\u1eb7t b\u00e0n khi n\u00e9n c\u00e0 ph\u00ea c\u0169ng nh\u01b0 gi\u00fap m\u1eb7t b\u00e0n kh\u00f4ng b\u1ecb tr\u1ea7y x\u01b0\u1edbc v\u00e0 s\u1ee9t m\u1ebb.<\/p>\n<p><img decoding=\"async\" class=\"aligncenter\" src=\"https:\/\/havamall.vn\/wp-content\/uploads\/2022\/12\/13c7ce7d50b7c84054b376b329db0d8f.jpg\" alt='Gi\u00e1 \u0110\u1ef1ng C\u00e0 Ph\u00ea, Gi\u00e1 \u0110\u1ee9ng Mica Th\u00edch H\u1ee3p Cho B\u1ed9 L\u1ecdc B\u00ea T\u00f4ng V\u00e0 B\u1ed9 L\u1ecdc B\u00ea  T\u00f4ng 51Mm 53Mm | Lazada.vn' \/><\/p>\n<p>Thi\u1ebft k\u1ebf ti\u1ec7n l\u01a1\u0323i, thi\u1ebft k\u1ebf vu\u00f4ng g\u00f3c &amp; nh\u1ecf g\u1ecdn c\u1ee7a mi\u1ebfng l\u00f3t Tamper c\u00f3 th\u1ec3 \u00f4m l\u1ea5y b\u1ea5t c\u1ee9 c\u1ea1nh b\u00e0n n\u00e0o, gi\u00fap barista th\u1ef1c hi\u1ec7n thao t\u00e1c n\u00e9n c\u00e0 ph\u00ea r\u1ea5t thu\u1eadn ti\u1ec7n, chu\u1ea9n x\u00e1c v\u00e0 hi\u1ec7u qu\u1ea3. Thi\u1ebft k\u1ebf c\u00f2n t\u1ea1o ra m\u1ed9t kho\u1ea3ng kh\u00f4ng gian v\u1eeba v\u1eb7n \u0111\u1ec3 \u0111\u1eb7t chi\u1ebfc tamper tr\u00ean m\u1eb7t b\u00e0n pha ch\u1ebf. -B\u1ea3o v\u1ec7 c\u01a1 x\u01b0\u01a1ng c\u1ee7a barista<\/p>\n<p>Ch\u1ea5t li\u1ec7u mica nguy\u00ean kh\u1ed1i t\u1ea1o ra m\u1ed9t \u0111\u1ed9 \u0111\u00e0n h\u1ed3i t\u1ed1t, ch\u00ednh \u0111i\u1ec1u n\u00e0y gi\u00fap b\u1ea3o v\u1ec7 x\u01b0\u01a1ng c\u01a1 vai v\u00e0 c\u1ed5 tay c\u1ee7a barista khi n\u00e9n c\u00e0 ph\u00ea so v\u1edbi vi\u1ec7c n\u00e9n tr\u00ean m\u1ed9t b\u1ec1 m\u1eb7t c\u1ee9ng trong th\u1eddi gian d\u00e0i. V\u00ec l\u00e0m b\u1eb1ng mica d\u00e0y n\u00ean tu\u1ed5i th\u1ecd c\u1ee7a k\u1ec7 r\u1ea5t l\u00e2u. N\u00f3 c\u0169ng d\u1ec5 lau ch\u00f9i, c\u1ecd r\u1eeda, ph\u01a1i kh\u00f4.<\/p>\n<h3><strong><img decoding=\"async\" class=\"aligncenter\" src=\"https:\/\/havamall.vn\/wp-content\/uploads\/2022\/12\/7466be6fb97242640ee3eee3270fcaa9.jpg\" alt='Gi\u00e1 \u0110\u1ee1 N\u00e9n 58Mm 53Mm Gi\u00e1 \u0110\u1ee1 B\u1ed9 L\u1ecdc Cofa Portafilter 51Mm B\u1ed9 L\u1ecdc C\u00e0 Ph\u00ea Gi\u00e1  \u0110\u1ee1 \u0110\u1ebf L\u00f3t D\u1ee5ng C\u1ee5 Pha Ch\u1ebf Ph\u1ee5 Ki\u1ec7n | Lazada.vn' \/><br \/>\n<\/strong><\/h3>\n<p>V\u1edbi thi\u1ebft k\u1ebf khe tr\u00f2n c\u1ed1 \u0111\u1ecbnh tay c\u1ea7m m\u00e1y pha. \u0110\u1ea3m b\u1ea3o qu\u00e1 tr\u00ecnh n\u00e9n b\u1ed9t c\u00e0 ph\u00ea s\u1ebd v\u1eefng ch\u1eafc, gi\u1ea3m rung l\u1eafc. 2 khe tr\u00f2n k\u1ebf b\u00ean l\u00e0 n\u01a1i \u0111\u1eb7t tamper n\u00e9n c\u0169ng nh\u01b0 OCD, gi\u00fap barista d\u1ec5 d\u00e0ng thao t\u00e1c h\u01a1n trong qu\u00e1 tr\u00ecnh pha ch\u1ebf.<\/p>\n<p>Ph\u1ea7n \u0111\u1ebf v\u1edbi b\u1ed1n mi\u1ebfng \u0111\u1ec7m b\u1eb1ng nh\u1ef1a ch\u1ed1ng tr\u01b0\u1ee3t v\u00e0 ch\u1ed1ng tr\u1ea7y x\u01b0\u1edbc cho m\u1eb7t b\u00e0n<\/p>\n<h3><strong><img decoding=\"async\" class=\"aligncenter\" src=\"https:\/\/havamall.vn\/wp-content\/uploads\/2022\/12\/1b76c63b0a2e8a5cf0710119e2cf9f49.jpg_720x720q80.jpg\" alt='Gi\u00e1 \u0110\u1ee1 B\u1ed9 L\u1ecdc Acrylic Trong Su\u1ed1t 51Mm 53Mm 58Mm Cho D\u1ee5ng C\u1ee5 Gi\u1ea3 M\u1ea1o B\u00faa B\u1ed9t  C\u00e0 Ph\u00ea, B\u1ed9 L\u1ecdc Portafilter | Lazada.vn' \/><br \/>\n<\/strong><\/h3>\n<h3><strong>C\u00f4ng d\u1ee5ng c\u1ee7a s\u1ea3n ph\u1ea9m:<\/strong><\/h3>\n<p>-Thi\u1ebft k\u1ebf nh\u00e2n tr\u1eafc h\u1ecdc tuy\u1ec7t v\u1eddi gi\u00fap ph\u00e1t huy t\u1ea5t c\u1ea3 t\u00e1c d\u1ee5ng c\u1ee7a s\u1ea3n ph\u1ea9m.<\/p>\n<p>-Ch\u1ed1ng tr\u01b0\u1ee3t \u2013 Gi\u1ea3m tr\u1ea7y x\u01b0\u1edbc<\/p>\n<p>-Tamping mat gi\u1eef portafilter kh\u00f4ng b\u1ecb tr\u01b0\u1ee3t kh\u1ecfi m\u1eb7t b\u00e0n khi n\u00e9n c\u00e0 ph\u00ea c\u0169ng nh\u01b0 gi\u00fap m\u1eb7t b\u00e0n kh\u00f4ng b\u1ecb tr\u1ea7y x\u01b0\u1edbc v\u00e0 s\u1ee9t m\u1ebb. \u0110\u1ed9 \u0111\u00e0n h\u1ed3i t\u1ed1t<\/p>\n<p>-Tamping mat t\u1ea1o ra m\u1ed9t b\u1ec1 m\u1eb7t \u00eam \u00e1i v\u00e0 \u0111\u00e0n h\u1ed3i gi\u00fap l\u1ef1c n\u00e9n c\u1ee7a b\u1ea1n tr\u1ea3i \u0111\u1ec1u l\u00ean cafe khi gh\u00ec tay xu\u1ed1ng.<\/p>\n<p>-Thi\u1ebft k\u1ebf ti\u1ec7n l\u01a1\u0323i, thi\u1ebft k\u1ebf vu\u00f4ng g\u00f3c &amp; nh\u1ecf g\u1ecdn c\u1ee7a tamping mat c\u00f3 th\u1ec3 \u00f4m l\u1ea5y b\u1ea5t c\u1ee9 c\u1ea1nh b\u00e0n n\u00e0o, gi\u00fap barista th\u1ef1c hi\u1ec7n thao t\u00e1c n\u00e9n c\u00e0 ph\u00ea r\u1ea5t thu\u1eadn ti\u1ec7n, chu\u1ea9n x\u00e1c v\u00e0 hi\u1ec7u qu\u1ea3.<\/p>","protected":false},"excerpt":{"rendered":"<p>Trong kh\u00f4ng gian c\u1ee7a qu\u1ea7y pha ch\u1ebf th\u00ec b\u1ea5t c\u1ee9 lo\u1ea1i m\u00e1y m\u00f3c thi\u1ebft b\u1ecb n\u00e0o c\u00f3 m\u1eb7t c\u0169ng c\u1ea7n<\/p>","protected":false},"featured_media":29746,"comment_status":"open","ping_status":"closed","template":"","meta":[],"product_brand":[],"product_cat":[393,394,35],"product_tag":[],"class_list":{"0":"post-29745","1":"product","2":"type-product","3":"status-publish","4":"has-post-thumbnail","6":"product_cat-bep-phong-an","7":"product_cat-trang-tri-nha-cua","8":"product_cat-nha-cua-doi-song","10":"first","11":"instock","12":"sale","13":"shipping-taxable","14":"purchasable","15":"product-type-simple"},"_links":{"self":[{"href":"https:\/\/havamall.vn\/en\/wp-json\/wp\/v2\/product\/29745"}],"collection":[{"href":"https:\/\/havamall.vn\/en\/wp-json\/wp\/v2\/product"}],"about":[{"href":"https:\/\/havamall.vn\/en\/wp-json\/wp\/v2\/types\/product"}],"replies":[{"embeddable":true,"href":"https:\/\/havamall.vn\/en\/wp-json\/wp\/v2\/comments?post=29745"}],"version-history":[{"count":0,"href":"https:\/\/havamall.vn\/en\/wp-json\/wp\/v2\/product\/29745\/revisions"}],"wp:featuredmedia":[{"embeddable":true,"href":"https:\/\/havamall.vn\/en\/wp-json\/wp\/v2\/media\/29746"}],"wp:attachment":[{"href":"https:\/\/havamall.vn\/en\/wp-json\/wp\/v2\/media?parent=29745"}],"wp:term":[{"taxonomy":"product_brand","embeddable":true,"href":"https:\/\/havamall.vn\/en\/wp-json\/wp\/v2\/product_brand?post=29745"},{"taxonomy":"product_cat","embeddable":true,"href":"https:\/\/havamall.vn\/en\/wp-json\/wp\/v2\/product_cat?post=29745"},{"taxonomy":"product_tag","embeddable":true,"href":"https:\/\/havamall.vn\/en\/wp-json\/wp\/v2\/product_tag?post=29745"}],"curies":[{"name":"wp","href":"https:\/\/api.w.org\/{rel}","templated":true}]}}