{"id":29723,"date":"2022-12-01T18:28:40","date_gmt":"2022-12-01T11:28:40","guid":{"rendered":"https:\/\/havamall.vn\/?post_type=product&#038;p=29723"},"modified":"2022-12-21T16:30:04","modified_gmt":"2022-12-21T09:30:04","slug":"coc-loc-cua-may-pha-ca-phe-espresso-portafilter-baskets","status":"publish","type":"product","link":"https:\/\/havamall.vn\/en\/shop\/coc-loc-cua-may-pha-ca-phe-espresso-portafilter-baskets\/","title":{"rendered":"C\u1ed1c L\u1ecdc C\u1ee7a M\u00e1y Pha C\u00e0 Ph\u00ea Espresso &#8211; Portafilter Baskets"},"content":{"rendered":"<p>C\u1ed1c L\u1ecdc C\u00e0 Ph\u00ea tr\u00ean m\u00e1y espresso c\u1ee7a b\u1ea1n l\u00e0 n\u01a1i \u0111i\u1ec1u k\u1ef3 di\u1ec7u x\u1ea3y ra. \u0110\u00f3 l\u00e0 n\u01a1i c\u00e0 ph\u00ea v\u00e0 n\u01b0\u1edbc h\u00f2a tr\u1ed9n \u0111\u1ec3 t\u1ea1o th\u00e0nh m\u1ed9t ly espresso \u0111\u1eb9p, ngon v\u00e0 chi\u1ebft xu\u1ea5t t\u1eeb nh\u1eefng tinh tu\u00fd nh\u1ea5t. V\u00ec v\u1eady, t\u00ecm hi\u1ec3u v\u1ec1 c\u00e1c lo\u1ea1i portafilter kh\u00e1c nhau c\u00f3 th\u1ec3 l\u00e0 m\u1ed9t c\u01a1 h\u1ed9i tuy\u1ec7t v\u1eddi \u0111\u1ec3 khai ph\u00e1 hi\u1ec7u qu\u1ea3 chi\u1ebft xu\u1ea5t v\u1edbi\u00a0m\u00e1y espresso\u00a0c\u1ee7a b\u1ea1n \u2013 th\u1ef1c t\u1ebf, gi\u00e0u t\u00ednh \u1ee9ng d\u1ee5ng v\u00e0 \u0111\u1eadm t\u00ednh ngh\u1ec7 s\u0129.C\u1ed1c L\u1ecdc C\u00e0 Ph\u00ea\u00a0gi\u1ed1ng nh\u01b0 m\u1ed9t chi\u1ebfc c\u1ecd v\u1ebd c\u1ee7a m\u1ed9t ngh\u1ec7 s\u0129. Ch\u00fang l\u00e0 c\u00f4ng c\u1ee5 quan tr\u1ecdng nh\u1ea5t m\u00e0 m\u1ed9t nh\u00e2n vi\u00ean pha ch\u1ebf c\u00f3 th\u1ec3 s\u1eed d\u1ee5ng \u0111\u1ec3 t\u00ecm ki\u1ebfm s\u1ef1 ho\u00e0n h\u1ea3o c\u1ee7a c\u00e0 ph\u00ea espresso.<\/p>\n<figure class=\"wp-block-image\"><img fetchpriority=\"high\" decoding=\"async\" class=\"aligncenter\" src=\"https:\/\/havamall.vn\/wp-content\/uploads\/2022\/12\/maxresdefault.jpg\" alt=\"Espresso Machine Baskets Explained - YouTube\" width=\"884\" height=\"497\" \/><figcaption><\/figcaption><\/figure>\n<p>V\u1ea5n \u0111\u1ec1 l\u00e0, c\u00f3 nhi\u1ec1u lo\u1ea1i C\u1ed1c L\u1ecdc C\u00e0 Ph\u00ea kh\u00e1c nhau. M\u1ed9t s\u1ed1 th\u00ec kh\u00f3 s\u1eed d\u1ee5ng, m\u1ed9t s\u1ed1 th\u00ec l\u00e3ng ph\u00ed ti\u1ec1n b\u1ea1c v\u00e0 m\u1ed9t s\u1ed1 ch\u1ec9 ph\u00f9 h\u1ee3p v\u1edbi m\u1ed9t d\u00f2ng m\u00e1y c\u1ee5 th\u1ec3. B\u00e0i vi\u1ebft n\u00e0y s\u1ebd gi\u00fap b\u1ea1n c\u00f3 th\u1ec3 bi\u1ebft ch\u00ednh x\u00e1c lo\u1ea1i b\u1ed9 l\u1ecdc n\u00e0o c\u00f3 th\u1ec3 gi\u00fap m\u00ecnh n\u00e2ng cao ch\u1ea5t l\u01b0\u1ee3ng chi\u1ebft xu\u1ea5t espresso v\u00e0 c\u1ea3i thi\u1ec7n phong c\u00e1ch pha ch\u1ebf c\u1ee7a m\u00ecnh.<\/p>\n<h2>C\u1ed1c L\u1ecdc C\u00e0 Ph\u00ea th\u1ef1c ch\u1ea5t l\u00e0 g\u00ec v\u00e0 n\u00f3 ho\u1ea1t \u0111\u1ed9ng nh\u01b0 th\u1ebf n\u00e0o<\/h2>\n<div class=\"wp-container-3 wp-block-columns\">\n<div class=\"wp-container-1 wp-block-column\">\n<p>B\u1ed9 l\u1ecdc\u00a0<em>Portafilter<\/em>\u00a0(\u0111\u00f4i khi c\u00f2n \u0111\u01b0\u1ee3c \u0111\u00e1nh v\u1ea7n l\u00e0\u00a0<em>porta-filter<\/em>) l\u00e0 m\u1ed9t ph\u1ea7n c\u1ee7a m\u00e1y pha c\u00e0 ph\u00ea espresso c\u00f3 t\u00e1c d\u1ee5ng gi\u1eef c\u00e1c h\u1ea1t c\u00e0 ph\u00ea \u0111\u00e3 xay (b\u00e3 c\u00e0 ph\u00ea) tr\u01b0\u1edbc v\u00e0 trong qu\u00e1 tr\u00ecnh pha. B\u1ed9 l\u1ecdc portafilter l\u00e0 n\u01a1i n\u01b0\u1edbc n\u00f3ng \u0111\u01b0\u1ee3c b\u01a1m qua v\u1edbi \u00e1p l\u1ef1c l\u1edbn \u0111\u1ec3 chi\u1ebft xu\u1ea5t ra c\u00e0 ph\u00ea espresso t\u1eeb \u200b\u200bb\u00e3, t\u1ea1i th\u1eddi \u0111i\u1ec3m n\u00e0y chi\u1ebft xu\u1ea5t espresso ti\u1ebfp t\u1ee5c h\u00e0nh tr\u00ecnh xu\u1ed1ng \u0111\u00e1y c\u1ee7a b\u1ed9 l\u1ecdc portafilter, \u0111i qua v\u00f2i d\u1eabn (Spout) ph\u00eda d\u01b0\u1edbi \u0111\u1ec3 v\u00e0o t\u00e1ch espresso.<\/p>\n<blockquote class=\"wp-block-quote\"><p>T\u1eeb\u00a0\u201c<em>Portafilter\u201d trong<\/em>\u00a0ti\u1ebfng \u00dd c\u00f3\u00a0ngh\u0129a l\u00e0 \u201cmang theo\u201d ho\u1eb7c \u201cb\u1ed9 l\u1ecdc di \u0111\u1ed9ng\u201d trong ti\u1ebfng Anh.\u00a0<em>Portafilter<\/em>\u00a0xu\u1ea5t hi\u1ec7n l\u1ea7n \u0111\u1ea7u trong c\u00e1c\u00a0m\u00e1y Espreso\u00a0c\u1ee7a Bezzera, t\u1eeb n\u0103m 1901 \u2013 Theo Baristahustle<\/p><\/blockquote>\n<\/div>\n<div class=\"wp-container-2 wp-block-column\" style=\"text-align: center;\">\n<figure class=\"wp-block-image size-large\"><img decoding=\"async\" class=\"aligncenter\" src=\"https:\/\/havamall.vn\/wp-content\/uploads\/2022\/12\/45978260694_d8058c94df_h.jpg\" alt=\"\" width=\"950\" height=\"950\" \/><figcaption>M\u00f4 t\u1ea3 Portafilter trong b\u1eb1ng s\u00e1ng ch\u1ebf c\u1ee7a Luigi Bezzera, \u0111\u01b0\u1ee3c c\u1ea5p v\u00e0o n\u0103m 1901<\/figcaption><\/figure>\n<\/div>\n<\/div>\n<p>B\u1ea3n th\u00e2n b\u1ed9 l\u1ecdc portafilter l\u1ea1i \u0111\u01b0\u1ee3c c\u1ea5u th\u00e0nh t\u1eeb m\u1ed9t s\u1ed1 b\u1ed9 ph\u1eadn \u2013 v\u00e0 h\u1ea7u h\u1ebft ch\u00fang \u0111\u1ec1u kh\u00f4ng c\u00f3 t\u00ednh ch\u1ea5t c\u01a1 h\u1ecdc. Tay c\u1ea7m v\u00e0 c\u00e1c \u201cng\u00e0m\u201d c\u1ee7a b\u1ed9 l\u1ecdc portafilter cho ph\u00e9p ng\u01b0\u1eddi d\u00f9ng \u201ckh\u00f3a ch\u1eb7t\u201d v\u00e0o \u201cgroup head\u201d c\u1ee7a m\u00e1y \u0111\u1ec3 n\u00f3 kh\u00f4ng r\u01a1i ra trong qu\u00e1 tr\u00ecnh chi\u1ebft xu\u1ea5t. Trong \u0111\u00f3, m\u1ed9t b\u1ed9 ph\u1eadn quan tr\u1ecdng nh\u1ea5t c\u1ee7a portafilter l\u00e0 ph\u1ec5u l\u1ecdc (t\u1ee9c\u00a0<strong>Basket<\/strong>\u00a0hay\u00a0<strong>Filter-basket<\/strong>). N\u00f3 th\u01b0\u1eddng \u0111\u01b0\u1ee3c l\u00e0m b\u1eb1ng kim lo\u1ea1i v\u1edbi c\u00e1c l\u1ed7 nh\u1ecf \u1edf d\u01b0\u1edbi \u0111\u00e1y (t\u01b0\u01a1ng t\u1ef1 nh\u01b0 phin c\u00e0 ph\u00ea \u0111\u1ec3) cho ph\u00e9p chi\u1ebft xu\u1ea5t c\u00e0 ph\u00ea espresso ch\u1ea3y qua, xu\u1ed1ng ph\u00eda d\u01b0\u1edbi v\u00e0 tho\u00e1t ra.<\/p>\n<figure class=\"wp-block-image\"><img decoding=\"async\" class=\"aligncenter\" src=\"https:\/\/www.ivykin.com\/wp-content\/uploads\/2022\/04\/portafilter-basket.jpg\" alt=\"PORTAFILTER BASKET - IVYKIN\" width=\"882\" height=\"882\" \/><\/figure>\n<p>N\u1ebfu nh\u01b0 t\u1ea5t c\u1ea3 c\u00e1c portafilter \u0111\u1ec1u ph\u1ee5c v\u1ee5 c\u00f9ng m\u1ed9t ch\u1ee9c n\u0103ng, th\u00ec s\u1ef1 kh\u00e1c bi\u1ec7t v\u1ec1 hi\u1ec7u qu\u1ea3 chi\u1ebft xu\u1ea5t th\u01b0\u1eddng \u0111\u01b0\u1ee3c t\u1eadp trung v\u00e0o b\u1ed9 l\u1ecdc c\u1ee7a n\u00f3 \u2013\u00a0\u00a0<strong>Basket<\/strong>. M\u1ed7i nh\u00e0 s\u1ea3n xu\u1ea5t c\u00f3 thi\u1ebft k\u1ebf kh\u00e1c nhau v\u1ec1 ph\u1ec5u l\u1ecdc, ch\u1eb3ng h\u1ea1n nh\u01b0 h\u00ecnh d\u00e1ng, k\u00edch th\u01b0\u1edbc l\u1ed7 v\u00e0 \u0111\u01b0\u1eddng k\u00ednh, dung t\u00edch,v.v.. Nh\u1eefng tinh ch\u1ec9nh tuy kh\u00f4ng qu\u00e1 kh\u00e1c bi\u1ec7t nh\u1eefng l\u1ea1i ph\u1ee5c v\u1ee5 nh\u1eefng m\u1ee5c \u0111\u00edch v\u00e0 mang \u0111\u1ebfn hi\u1ec7u qu\u1ea3 chi\u1ebft xu\u1ea5t kh\u00e1c nhau.<\/p>\n<h2>Filter baskets \u2013 M\u1ed9t s\u1ed1 c\u00e1ch ph\u00e2n lo\u1ea1i<\/h2>\n<p>V\u1edbi espresso c\u01a1 b\u1ea3n, b\u1ea1n \u0111\u00e3 bi\u1ebft r\u1eb1ng m\u1ea5u ch\u1ed1t c\u1ee7a c\u00e0 ph\u00ea espresso tuy\u1ec7t v\u1eddi b\u1eaft \u0111\u1ea7u t\u1eeb vi\u1ec7c x\u00e1c \u0111\u1ecbnh\u00a0li\u1ec1u l\u01b0\u1ee3ng c\u00e0 ph\u00ea\u00a0xay ph\u00f9 h\u1ee3p cho m\u1ed7i l\u1ea7n chi\u1ebft xu\u1ea5t, v\u00e0 \u0111i\u1ec1u n\u00e0y ph\u1ee5 thu\u1ed9c ho\u00e0n to\u00e0n v\u00e0o fiter basket \u2013 hay ph\u1ec5u ch\u1ee9a c\u1ee7a b\u1ed9 loc. V\u1ea5n \u0111\u1ec1 c\u1ee7a filter baskets l\u00e0 ch\u00fang kh\u00e1c bi\u1ec7t qu\u00e1 nhi\u1ec1u v\u1ec1 ki\u1ec3u d\u00e1ng, k\u00edch th\u01b0\u1edbc, m\u1eadt \u0111\u1ed9 l\u1ed7 l\u1ecdc,.. \u0110i\u1ec1u n\u00e0y cho ph\u00e9p ch\u00fang c\u00f3 th\u1ec3 chi\u1ebft m\u1ed9t shot Espresso ti\u00eau chu\u1ea9n, nh\u01b0ng \u0111\u00f4i khi l\u00e0 hai v\u00e0 th\u1eadm ch\u00ed g\u1ea5p 3 l\u1ea7n th\u1ec3 t\u00edch trong m\u1ed9t l\u1ea7n chi\u1ebft.<\/p>\n<h3>Ph\u1ec5u l\u1ecdc \u0111\u01a1n, \u0111\u00f4i v\u00e0 ba<\/h3>\n<p><em>Single, double vs triple filter baskets<\/em><\/p>\n<p>Quy \u01b0\u1edbc \u0111\u1eb7t t\u00ean n\u00e0y v\u1ec1 c\u01a1 b\u1ea3n ch\u1ec9 \u0111\u1ec1 c\u1eadp \u0111\u1ebfn kh\u1ed1i l\u01b0\u1ee3ng c\u00e0 ph\u00ea espresso b\u1ea1n c\u00f3 th\u1ec3 ch\u1ee9a trong basket trong m\u1ed7i l\u1ea7n pha; V\u1edbi filter-baskets c\u00e0ng l\u1edbn, b\u1ea1n c\u00e0ng c\u00f3 th\u1ec3 pha nhi\u1ec1u c\u00e0 ph\u00ea espresso.\u00a0<strong>M\u1ed9t ph\u1ec5u l\u1ecdc \u0111\u01a1n (single-basket) th\u01b0\u1eddng c\u00f3 th\u1ec3 ch\u1ee9a 7-12 gam c\u00e0 ph\u00ea xay \u0111\u1ec3 chi\u1ebft m\u1ed9t c\u1ed1c c\u00e0 ph\u00ea espresso<\/strong>. Ch\u00fang c\u00f3 \u0111\u00e1y h\u00ecnh ph\u1ec5u v\u00e0 th\u01b0\u1eddng \u0111\u01b0\u1ee3c gh\u00e9p v\u1edbi m\u1ed9t b\u1ed9 v\u00f2i phun duy nh\u1ea5t (single-spouted).<\/p>\n<figure class=\"wp-block-image size-large\"><img decoding=\"async\" src=\"https:\/\/havamall.vn\/wp-content\/uploads\/2022\/12\/51352494946_2446196ba1_o.jpg\" alt=\"Portafilter Baskets \u2013 T\u1ed5ng quan v\u1ec1 b\u1ed9 l\u1ecdc c\u1ee7a m\u00e1y Espresso\" \/><\/figure>\n<p><strong>M\u1ed9t ph\u1ec5u l\u1ecdc \u0111\u00f4i (double-basket) th\u01b0\u1eddng s\u1ebd c\u00f3 k\u00edch th\u01b0\u1edbc t\u1eeb 14 gam \u0111\u1ebfn 21 gam<\/strong>. C\u00e1c ph\u1ec5u l\u1ecdc double-basket th\u01b0\u1eddng c\u00f3 th\u00e0nh th\u1eb3ng ho\u1eb7c th\u00e0nh h\u01a1i thu\u00f4n v\u00e0o trong. T\u01b0\u01a1ng t\u1ef1 nh\u01b0 v\u1eady, nh\u01b0ng m\u1ed9t\u00a0<strong>ph\u1ec5u l\u1ecdc k\u00e9m ph\u1ed5 bi\u1ebfn nh\u01b0 triple-basket th\u01b0\u1eddng c\u00f3 th\u1ec3 ch\u1ee9a h\u01a1n 21 gam c\u00e0 ph\u00ea<\/strong>.<\/p>\n<h4>V\u1ea5n \u0111\u1ec1 c\u1ee7a Single basket<\/h4>\n<p>M\u1ed9t ph\u1ec5u l\u1ecdc \u0111\u01a1n y\u00eau c\u1ea7u b\u1ea1n s\u1eed d\u1ee5ng li\u1ec1u l\u01b0\u1ee3ng c\u00e0 ph\u00ea l\u1edbn h\u01a1n, ho\u1eb7c xay m\u1ecbn h\u01a1n, ho\u1eb7c c\u1ea3 hai, \u0111\u1ec3 c\u00f3 \u0111\u01b0\u1ee3c h\u01b0\u01a1ng v\u1ecb ch\u1ea5p nh\u1eadn \u0111\u01b0\u1ee3c. Kh\u00f4ng gi\u1ed1ng nh\u01b0 b\u1ea1n ngh\u0129,\u00a0<em>Single-basket<\/em>\u00a0g\u00e2y t\u1ed1n k\u00e9m c\u00e0 ph\u00ea h\u01a1n \u2013 v\u00ed d\u1ee5: m\u1ed9t qu\u00e1n c\u00e0 ph\u00ea c\u00f3 th\u1ec3 s\u1eed d\u1ee5ng 18 gam cho m\u1ed9t\u00a0<em>double-basket<\/em>\u00a0\u0111\u00f4i nh\u01b0ng 11 ho\u1eb7c 12 gam cho m\u1ed9t Single-basket, h\u01a1n n\u1eefa c\u00e1c ph\u1ec5u l\u1ecdc \u0111\u01a1n k\u00edch th\u01b0\u1edbc xay kh\u00e1c, \u0111i\u1ec1u n\u00e0y \u0111\u00f2i h\u1ecfi ph\u1ea3i \u0111\u1ea7u t\u01b0 v\u00e0o m\u1ed9t m\u00e1y xay ri\u00eang. Do v\u1eady, c\u00f4ng b\u1eb1ng m\u00e0 n\u00f3i ph\u1ec5u l\u1ecdc \u0111\u01a1n kh\u00f4ng m\u1ea5y ph\u1ed5 bi\u1ebfn.<\/p>\n<div class=\"wp-container-6 wp-block-columns\">\n<div class=\"wp-container-4 wp-block-column\">\n<p>\u0110\u1ec3 gi\u1ea3i quy\u1ebft v\u1ea5n \u0111\u1ec1 n\u00e0y, lo\u1ea1i ph\u1ec5u \u0111\u01a1n c\u00f3 \u0111\u00e1y h\u1eb9p h\u01a1n \u1edf ph\u00eda tr\u00ean, t\u1ea1o n\u00ean h\u00ecnh n\u00f3n c\u1ee5t \u1edf \u0111\u00e1y ph\u1ec5u.<\/p>\n<\/div>\n<\/div>\n<h3>\u0110\u01b0\u1eddng k\u00ednh ph\u1ec5u l\u1ecdc<\/h3>\n<p>Sau khi \u0111\u00e3 hi\u1ec3u th\u1ef1c t\u1ebf r\u1eb1ng c\u00e1c ph\u1ec5u l\u1ecdc c\u00f3 c\u00e1c phi\u00ean b\u1ea3n c\u00f3 r\u00e3nh v\u00e0 kh\u00f4ng c\u00f3 r\u00e3nh v\u1edbi nhi\u1ec1u dung t\u00edch kh\u00e1c nhau, b\u1ea1n s\u1ebd th\u1ea5y r\u1eb1ng c\u00e1c gi\u1ecf l\u1ecdc c\u0169ng c\u00f3 \u0111\u01b0\u1eddng k\u00ednh kh\u00e1c nhau.<\/p>\n<p><strong>\u0110\u01b0\u1eddng k\u00ednh r\u1ed5 ph\u1ed5 bi\u1ebfn nh\u1ea5t l\u00e0 58 mm v\u00e0 th\u01b0\u1eddng \u0111\u01b0\u1ee3c xem l\u00e0 k\u00edch th\u01b0\u1edbc ti\u00eau chu\u1ea9n<\/strong>\u00a0\u0111\u01b0\u1ee3c s\u1eed d\u1ee5ng trong c\u00e1c m\u00e1y pha c\u00e0 ph\u00ea espresso t\u1ea1i gia, th\u01b0\u01a1ng m\u1ea1i v\u00e0 c\u1ea3 chuy\u00ean nghi\u1ec7p. \u0110\u00f4i khi b\u1ea1n s\u1ebd b\u1eaft g\u1eb7p nh\u1eefng basket c\u00f3 \u0111\u01b0\u1eddng k\u00ednh 53 mm, v\u00e0 hi\u1ebfm h\u01a1n l\u00e0 57 mm. M\u1ed9t s\u1ed1 s\u1ef1 kh\u00e1c nhau v\u1ec1 k\u00edch th\u01b0\u1edbc filter basket gi\u1eefa c\u00e1c d\u00f2ng m\u00e1y espresso c\u00f3 th\u1ec3 b\u1ea1n c\u1ea7n ch\u00fa \u00fd nh\u01b0 sau:<\/p>\n<ul>\n<li>58mm \u2013 k\u00edch th\u01b0\u1edbc ph\u1ed5 bi\u1ebfn nh\u1ea5t \u0111\u01b0\u1ee3c h\u1ea7u h\u1ebft c\u00e1c th\u01b0\u01a1ng hi\u1ec7u s\u1eed d\u1ee5ng, trong \u0111\u00f3 danh ti\u1ebfng nh\u1ea5t c\u00f3 th\u1ec3 k\u1ec3 t\u00ean l\u00e0 La Marzocco Strada, Gaggia Classic,..<\/li>\n<li>57mm \u2013 k\u00edch th\u01b0\u1edbc c\u1ef1c k\u1ef3 hi\u1ebfm \u0111\u01b0\u1ee3c s\u1eed d\u1ee5ng b\u1edfi c\u00e1c th\u01b0\u01a1ng hi\u1ec7u m\u00e1y nh\u01b0 Lelit v\u00e0 Ascaso<\/li>\n<li>53mm \u2013 kh\u00f4ng ph\u1ed5 bi\u1ebfn nh\u01b0ng \u0111\u01b0\u1ee3c s\u1eed d\u1ee5ng b\u1edfi c\u00e1c th\u01b0\u01a1ng hi\u1ec7u nh\u01b0 La Spaziale, Dalla Corte, m\u1ed9t s\u1ed1 m\u00e1y piston \u0111\u00f2n b\u1ea9y v\u00e0 m\u1ed9t s\u1ed1 m\u00e1y n\u1ed9i \u0111\u1ecba<\/li>\n<\/ul>\n<figure class=\"wp-block-image\"><img decoding=\"async\" class=\"aligncenter\" src=\"https:\/\/havamall.vn\/wp-content\/uploads\/2022\/12\/50928499927_bdf7ff85cb_b.jpg\" alt=\"Portafilter Baskets \u2013 T\u1ed5ng quan v\u1ec1 b\u1ed9 l\u1ecdc c\u1ee7a m\u00e1y Espresso\" \/><figcaption>V\u1edbi c\u00f9ng kh\u1ed1i l\u01b0\u1ee3ng, c\u00e1c ph\u1ec5u l\u1ecdc c\u00f3 \u0111\u01b0\u1eddng k\u00ednh c\u00e0ng nh\u1ecf th\u00ec l\u1edbp c\u00e0 ph\u00ea c\u00e0ng d\u00e0y, nguy c\u01a1 x\u1ea3y ra ph\u00e2n lu\u1ed3ng (channelling) c\u00e0ng cao<\/figcaption><\/figure>\n<blockquote class=\"wp-block-quote\"><p>Portafilter th\u01b0\u01a1ng m\u1ea1i 58mm l\u00e0 m\u1ed9t trong nh\u1eefng y\u1ebfu t\u1ed1 truy\u1ec1n th\u1ed1ng nh\u1ea5t v\u00e0 kh\u00f4ng thay \u0111\u1ed5i trong th\u1ebf gi\u1edbi c\u00e0 ph\u00ea espresso. Chi\u1ebfc portafilter 58mm ph\u1ed5 bi\u1ebfn c\u00f3 t\u1eeb n\u0103m 1961 c\u00f9ng v\u1edbi s\u1ef1 ra \u0111\u1eddi c\u1ee7a m\u00e1y Espresso Feama E61 (ph\u00e1t minh b\u1edfi Ernesto Valente), n\u00f3 c\u00f3 \u0111\u01b0\u1ee3c v\u1ecb tr\u00ed k\u1ebf th\u1eeba kh\u00f3 c\u00f3 th\u1ec3 \u0111\u00e1nh b\u1ea1i.<\/p><\/blockquote>\n<p>V\u1edbi portafilter c\u00e0ng nh\u1ecf, b\u1ea1n c\u00e0ng c\u00f3 \u00edt t\u00ednh linh ho\u1ea1t h\u01a1n so v\u1edbi l\u01b0\u1ee3ng c\u00e0 ph\u00ea trong \u0111\u00f3. \u0110\u1ec3 c\u00f3 th\u1ec3 ch\u1ee9a c\u00f9ng m\u1ed9t kh\u1ed1i l\u01b0\u1ee3ng. Nh\u1eefng basket 53mm th\u01b0\u1eddng s\u00e2u h\u01a1n v\u00e0 n\u1ebfu l\u1edbp b\u1ed9t c\u00e0 ph\u00ea d\u00e0y h\u01a1n, th\u00ec s\u1ebd d\u1ec5 b\u1ecb ph\u00e2n lu\u1ed3ng (channelling) h\u01a1n, v\u00e0 m\u1eb7c d\u00f9 b\u1ea1n c\u00f3 th\u1ec3 thay \u0111\u1ed5i ph\u1ec5u l\u1ecdc nh\u01b0ng th\u01b0\u1eddng kh\u00f4ng mang \u0111\u1ebfn hi\u1ec7u qu\u00e1 chi\u1ebft xu\u1ea5t t\u1ed1t.<\/p>\n<h1 class=\"product-name\">BLIND FILTER (PHIN M\u00d9)<\/h1>\n<p>Ph\u1ec5u l\u1ecdc m\u00f9 cho tay c\u1ea7m m\u00e1y pha c\u00e0 ph\u00ea l\u00e0\u00a0ph\u1ee5 ki\u1ec7n cho m\u00e1y pha c\u00e0 ph\u00ea\u00a0Espresso. \u0110\u01b0\u1eddng k\u00ednh 58mm. Ph\u1ee5 ki\u1ec7n l\u00e0m t\u1eeb th\u00e9p kh\u00f4ng g\u1ec9 v\u00e0 c\u00f3 th\u1ec3 thay th\u1ebf \u0111\u01b0\u1ee3c.<\/p>\n<p>Ph\u1ec5u l\u1ecdc m\u00f9 ch\u1ea5t li\u1ec7u inox \u0111\u1ea3m b\u1ea3o \u0111\u1ed9 s\u1ea1ch, an to\u00e0n khi ti\u1ebfp x\u00fac th\u1ef1c ph\u1ea9m v\u00e0 b\u1ec1n, ch\u1ed1ng va \u0111\u1eadp t\u1ed1t. Ph\u1ec5u l\u1ecdc m\u00f9 (filter \u0111i\u1ebfc) d\u00f9ng \u0111\u1ec3 thay th\u1ebf filter c\u1ee7a tay c\u1ea7m m\u00e1y pha c\u00e0 ph\u00ea\u00a0\u00a0Espresso\u00a0trong qu\u00e1 tr\u00ecnh v\u1ec7 sinh m\u00e1y.<\/p>\n<p>Thao t\u00e1c v\u1ec7 sinh m\u00e1y pha c\u00e0 ph\u00ea v\u1edbi l\u1ecdc m\u00f9 r\u1ea5t \u0111\u01a1n gi\u1ea3n, nhanh g\u1ecdn v\u00e0 an to\u00e0n. B\u01b0\u1edbc \u0111\u1ea7u ti\u00ean l\u00e0 b\u1ea1n th\u00e1o filter c\u1ee7a m\u00e1y ra kh\u1ecfi tay pha, thay th\u1ebf b\u1eb1ng l\u1ecdc m\u00f9. S\u1eed d\u1ee5ng b\u1ed9t v\u1ec7 sinh m\u00e1y pha c\u00e0 ph\u00ea v\u1edbi \u0111\u1ecbnh l\u01b0\u1ee3ng\u00a0ph\u00f9 h\u1ee3p\u00a0cho v\u00e0o trong tay pha; h\u00f2a tan\u00a0h\u00f3a ch\u1ea5t\u00a0v\u1ec7 sinh m\u00e1y pha c\u00e0 ph\u00ea v\u1edbi kho\u1ea3ng 5ml n\u01b0\u1edbc s\u1ea1ch.<\/p>\n<p>Khi \u0111\u00e3 pha b\u1ed9t v\u1ec7 sinh xong, b\u1ea1n l\u1eafp tay pha v\u00e0o h\u1ecdng chi\u1ebft xu\u1ea5t\u00a0c\u1ee7a\u00a0m\u00e1y, kh\u1edfi \u0111\u1ed9ng quay tr\u00ecnh chi\u1ebft xu\u1ea5t c\u00e0 ph\u00ea trong kho\u1ea3ng 10-15 gi\u00e2y; ng\u00e2m l\u1ecdc m\u00f9 trong kho\u1ea3ng 30 gi\u00e2y. H\u00e3y l\u1eb7p l\u1ea1i c\u00e1c thao t\u00e1c n\u00e0y kho\u1ea3ng 3 l\u1ea7n. Sau khi ho\u00e0n th\u00e0nh, b\u1ea1n th\u00e1o tay pha ra kh\u1ecfi h\u1ecdng chi\u1ebft xu\u1ea5t\u00a0\u0111\u1ec3 v\u1ec7 sinh tay pha v\u00e0 v\u1ec7 sinh \u0111\u1ea7u group.<\/p>","protected":false},"excerpt":{"rendered":"<p>C\u1ed1c L\u1ecdc C\u00e0 Ph\u00ea tr\u00ean m\u00e1y espresso c\u1ee7a b\u1ea1n l\u00e0 n\u01a1i \u0111i\u1ec1u k\u1ef3 di\u1ec7u x\u1ea3y ra. \u0110\u00f3 l\u00e0 n\u01a1i c\u00e0<\/p>","protected":false},"featured_media":29740,"comment_status":"open","ping_status":"closed","template":"","meta":[],"product_brand":[],"product_cat":[394,35],"product_tag":[],"class_list":{"0":"post-29723","1":"product","2":"type-product","3":"status-publish","4":"has-post-thumbnail","6":"product_cat-trang-tri-nha-cua","7":"product_cat-nha-cua-doi-song","9":"first","10":"instock","11":"sale","12":"shipping-taxable","13":"purchasable","14":"product-type-variable"},"_links":{"self":[{"href":"https:\/\/havamall.vn\/en\/wp-json\/wp\/v2\/product\/29723"}],"collection":[{"href":"https:\/\/havamall.vn\/en\/wp-json\/wp\/v2\/product"}],"about":[{"href":"https:\/\/havamall.vn\/en\/wp-json\/wp\/v2\/types\/product"}],"replies":[{"embeddable":true,"href":"https:\/\/havamall.vn\/en\/wp-json\/wp\/v2\/comments?post=29723"}],"version-history":[{"count":0,"href":"https:\/\/havamall.vn\/en\/wp-json\/wp\/v2\/product\/29723\/revisions"}],"wp:featuredmedia":[{"embeddable":true,"href":"https:\/\/havamall.vn\/en\/wp-json\/wp\/v2\/media\/29740"}],"wp:attachment":[{"href":"https:\/\/havamall.vn\/en\/wp-json\/wp\/v2\/media?parent=29723"}],"wp:term":[{"taxonomy":"product_brand","embeddable":true,"href":"https:\/\/havamall.vn\/en\/wp-json\/wp\/v2\/product_brand?post=29723"},{"taxonomy":"product_cat","embeddable":true,"href":"https:\/\/havamall.vn\/en\/wp-json\/wp\/v2\/product_cat?post=29723"},{"taxonomy":"product_tag","embeddable":true,"href":"https:\/\/havamall.vn\/en\/wp-json\/wp\/v2\/product_tag?post=29723"}],"curies":[{"name":"wp","href":"https:\/\/api.w.org\/{rel}","templated":true}]}}