{"id":29711,"date":"2022-12-01T17:29:10","date_gmt":"2022-12-01T10:29:10","guid":{"rendered":"https:\/\/havamall.vn\/?post_type=product&#038;p=29711"},"modified":"2022-12-01T17:31:17","modified_gmt":"2022-12-01T10:31:17","slug":"vong-dong-mo-rong-bang-nhom-khong-gi-cho-tay-cam-espresso-51-53-58mm-dosing-ring","status":"publish","type":"product","link":"https:\/\/havamall.vn\/en\/shop\/vong-dong-mo-rong-bang-nhom-khong-gi-cho-tay-cam-espresso-51-53-58mm-dosing-ring\/","title":{"rendered":"V\u00f2ng \u0110ong M\u1edf R\u1ed9ng B\u1eb1ng Nh\u00f4m Kh\u00f4ng G\u1ec9 Cho Tay C\u1ea7m Espresso 51\/53\/58mm &#8211; Dosing Ring"},"content":{"rendered":"<p>V\u00f2ng \u0110ong M\u1edf R\u1ed9ng B\u1eb1ng Nh\u00f4m Kh\u00f4ng G\u1ec9 Cho Tay C\u1ea7m Espresso 51\/53\/58mm \u0111\u01b0\u1ee3c l\u1eafp tr\u00ean phin l\u1ecdc tay c\u1ea7m Espresso. V\u00f2ng \u0111\u01b0\u1ee3c thi\u1ebft k\u1ebf t\u00e1c d\u1ee5ng ng\u0103n b\u1ed9t c\u00e0 ph\u00ea xay kh\u00f4ng b\u1ecb \u0111\u1ed5 ra ngo\u00e0i trong qu\u00e1 tr\u00ecnh cho c\u00e0 ph\u00ea v\u00e0 ph\u1ec5u l\u1ecdc trong l\u00fac pha c\u00e0 ph\u00ea.<\/p>\n<p><img fetchpriority=\"high\" decoding=\"async\" class=\"aligncenter\" src=\"https:\/\/havamall.vn\/wp-content\/uploads\/2022\/12\/Vong-dong-ca-phe-51mm-2.jpg\" alt=\"V\u00f2ng \u0111ong c\u00e0 ph\u00ea pha Espresso 51mm (Dosing funnel) | The Nob Coffee\" width=\"814\" height=\"814\" \/><\/p>\n<p>S\u1ea3n ph\u1ea9m b\u1eb1ng nh\u00f4m an to\u00e0n. D\u1ec5 d\u00e0ng v\u1ec7 sinh b\u1eb1ng n\u01b0\u1edbc ho\u1eb7c ch\u1ed5i. V\u00f2ng \u0111ong c\u00f3 3 k\u00edch th\u01b0\u1edbc 51\/53\/58 ph\u00f9 h\u1ee3p cho c\u00e1c \u0111\u01b0\u1eddng k\u00ednh b\u1ed9 l\u1ecdc t\u01b0\u01a1ng x\u1ee9ng. Thi\u1ebft k\u1ebf 2 ph\u1ea7n, ph\u1ea7n th\u00e2n tr\u00ean b\u00e8 ra \u0111\u1ec3 ng\u0103n c\u00e0 ph\u00ea b\u1ecb tr\u00e0n ra ngo\u00e0i, ph\u1ea7n th\u00e2n d\u01b0\u1edbi v\u1eeba kh\u00edt v\u1edbi l\u00f5i l\u1ecdc.<\/p>\n<p><img decoding=\"async\" class=\"aligncenter\" src=\"https:\/\/havamall.vn\/wp-content\/uploads\/2022\/12\/61eC23V1MOL.jpg\" alt=\"Mua 51mm Espresso Dosing Funnel, MATOW Stainless Steel Coffee Dosing Ring Compatible with 51mm Portafilter (51mm) tr\u00ean Amazon M\u1ef9 ch\u00ednh h\u00e3ng 2022 | Fado\" width=\"818\" height=\"818\" \/><\/p>\n<p>L\u01b0u \u00fd: V\u00f2ng \u0111ong gi\u00fap gi\u1eef ph\u1ea7n b\u1ed9t c\u00e0 ph\u00ea kh\u00f4ng b\u1ecb v\u01b0\u01a1ng v\u00e3i, n\u00ean kh\u00f4ng \u0111\u01b0\u1ee3c thi\u1ebft k\u1ebf \u0111\u1ec3 d\u00f9ng song song v\u1edbi b\u01b0\u1edbc stamper. B\u1ea1n n\u00ean th\u00e1o v\u00f2ng \u0111ong khi s\u1eed d\u1ee5ng b\u01b0\u1edbc k\u1ebf ti\u1ebfp.<\/p>\n<p><img decoding=\"async\" class=\"aligncenter\" src=\"https:\/\/cf.shopee.vn\/file\/371f900dd8c24ac08fe686c65c371b89\" alt=\"V\u00f2ng Inox 304 G\u1eafn Tay Pha Ch\u1ed1ng Tr\u00e0n C\u00e0 Ph\u00ea - Dosing Ring | Shopee Vi\u1ec7t Nam\" width=\"827\" height=\"620\" \/><\/p>\n<p>L\u00e0m b\u1eb1ng ch\u1ea5t li\u1ec7u nh\u00f4m kh\u00f4ng g\u1ec9, b\u1ec1n v\u00e0 d\u1ec5 v\u1ec7 sinh. Kh\u00f4ng \u0111\u1ed9c h\u1ea1i v\u00e0 an to\u00e0n \u0111\u1ec3 s\u1eed d\u1ee5ng. V\u00f2ng nh\u00f4m ch\u1ed1ng d\u00ednh, s\u1eefa ho\u1eb7c c\u00e0 ph\u00ea s\u1ebd kh\u00f4ng d\u00ednh tr\u00ean khi b\u1ea1n \u0111\u1ed5 c\u00e0 ph\u00ea v\u00e0o. V\u1edbi k\u00edch th\u01b0\u1edbc ch\u00ednh x\u00e1c, ti\u1ec7n l\u1ee3i khi s\u1eed d\u1ee5ng. \u0110\u00e2y l\u00e0 m\u00f3n qu\u00e0 tuy\u1ec7t v\u1eddi nh\u1ea5t cho c\u00e1c nh\u00e2n vi\u00ean pha ch\u1ebf t\u1ea1i nh\u00e0, nh\u1eefng ng\u01b0\u1eddi \u0111am m\u00ea c\u00e0 ph\u00ea v\u00e0 tr\u00e0. Ph\u00f9 h\u1ee3p cho b\u1ea5t k\u1ef3 nh\u00e0 b\u1ebfp ho\u1eb7c qu\u1ea7y bar n\u00e0o.<\/p>\n<p><img loading=\"lazy\" decoding=\"async\" class=\"aligncenter\" src=\"https:\/\/havamall.vn\/wp-content\/uploads\/2022\/12\/Espresso-Dosing-Funnel-Magnetic-Espresso-Coffee-Dosing-Ring-Compatible-with-anti-flying-Powder-Aluminum-Alloy-Coffee.jpeg_Q90.jpeg_.webp\" alt=\"Espresso Dosing Funnel Magnetic Espresso Coffee Dosing Ring Compatible with anti flying Powder Aluminum Alloy Coffee Powder Tool| | - AliExpress\" width=\"771\" height=\"771\" \/><\/p>\n<p><img loading=\"lazy\" decoding=\"async\" class=\"aligncenter\" src=\"https:\/\/havamall.vn\/wp-content\/uploads\/2022\/12\/61NQmnBNawL.jpg\" alt=\"Buy KYSA 51mm\/54mm Espresso Dosing Funnel, Stainless Steel Coffee Dosing Ring Fits 51mm\/54mm Portafilter Funnel for Brewing Bowl Coffee Powder Espresso Koffie Machine Accessoires Online at desertcart Botswana\" width=\"765\" height=\"765\" \/><\/p>\n<p>&nbsp;<\/p>","protected":false},"excerpt":{"rendered":"<p>V\u00f2ng \u0110ong M\u1edf R\u1ed9ng B\u1eb1ng Nh\u00f4m Kh\u00f4ng G\u1ec9 Cho Tay C\u1ea7m Espresso 51\/53\/58mm \u0111\u01b0\u1ee3c l\u1eafp tr\u00ean phin l\u1ecdc tay c\u1ea7m<\/p>","protected":false},"featured_media":29715,"comment_status":"open","ping_status":"closed","template":"","meta":[],"product_brand":[],"product_cat":[393,394,35],"product_tag":[],"class_list":{"0":"post-29711","1":"product","2":"type-product","3":"status-publish","4":"has-post-thumbnail","6":"product_cat-bep-phong-an","7":"product_cat-trang-tri-nha-cua","8":"product_cat-nha-cua-doi-song","10":"first","11":"instock","12":"sale","13":"shipping-taxable","14":"purchasable","15":"product-type-variable"},"_links":{"self":[{"href":"https:\/\/havamall.vn\/en\/wp-json\/wp\/v2\/product\/29711"}],"collection":[{"href":"https:\/\/havamall.vn\/en\/wp-json\/wp\/v2\/product"}],"about":[{"href":"https:\/\/havamall.vn\/en\/wp-json\/wp\/v2\/types\/product"}],"replies":[{"embeddable":true,"href":"https:\/\/havamall.vn\/en\/wp-json\/wp\/v2\/comments?post=29711"}],"version-history":[{"count":0,"href":"https:\/\/havamall.vn\/en\/wp-json\/wp\/v2\/product\/29711\/revisions"}],"wp:featuredmedia":[{"embeddable":true,"href":"https:\/\/havamall.vn\/en\/wp-json\/wp\/v2\/media\/29715"}],"wp:attachment":[{"href":"https:\/\/havamall.vn\/en\/wp-json\/wp\/v2\/media?parent=29711"}],"wp:term":[{"taxonomy":"product_brand","embeddable":true,"href":"https:\/\/havamall.vn\/en\/wp-json\/wp\/v2\/product_brand?post=29711"},{"taxonomy":"product_cat","embeddable":true,"href":"https:\/\/havamall.vn\/en\/wp-json\/wp\/v2\/product_cat?post=29711"},{"taxonomy":"product_tag","embeddable":true,"href":"https:\/\/havamall.vn\/en\/wp-json\/wp\/v2\/product_tag?post=29711"}],"curies":[{"name":"wp","href":"https:\/\/api.w.org\/{rel}","templated":true}]}}