{"id":29704,"date":"2022-12-01T16:17:49","date_gmt":"2022-12-01T09:17:49","guid":{"rendered":"https:\/\/havamall.vn\/?post_type=product&#038;p=29704"},"modified":"2022-12-01T16:17:50","modified_gmt":"2022-12-01T09:17:50","slug":"coc-danh-sua-bang-thep-khong-gi-chong-dinh-150ml-stainless-steel-espresso-cup-milk","status":"publish","type":"product","link":"https:\/\/havamall.vn\/en\/shop\/coc-danh-sua-bang-thep-khong-gi-chong-dinh-150ml-stainless-steel-espresso-cup-milk\/","title":{"rendered":"C\u1ed1c \u0110\u00e1nh S\u1eefa B\u1eb1ng Th\u00e9p Kh\u00f4ng G\u1ec9 Ch\u1ed1ng D\u00ednh 150ml &#8211; Stainless Steel Espresso Cup Milk"},"content":{"rendered":"<p>Trong khi\u00a0Espresso\u00a0l\u00e0 \u2018tr\u00e1i tim\u2019 c\u1ee7a m\u1ed9t c\u1ed1c Cappuccino ho\u1eb7c Latte d\u00f9 kh\u00f4ng chi\u1ebfm qu\u00e1 1\/3 th\u1ec3 t\u00edch, th\u00ec s\u1eefa v\u00e0 b\u1ecdt s\u1eefa l\u1ea1i chi\u1ebfm ph\u1ea7n c\u00f2n l\u1ea1i trong c\u1ed1c. Song, h\u1ea7u h\u1ebft c\u00e1c Barista d\u00e0nh r\u1ea5t nhi\u1ec1u s\u1ef1 hi\u1ec3u bi\u1ebft v\u1ec1 qu\u00e1 tr\u00ecnh chi\u1ebft xu\u1ea5t c\u00e0 ph\u00ea, nh\u01b0ng l\u1ea1i kh\u00f4ng c\u00f3 nhi\u1ec1u th\u00f4ng tin t\u01b0\u01a1ng t\u1ef1 v\u1ec1 vi\u1ec7c l\u00e0m sao \u0111\u00e1nh s\u1eefa (steaming) \u0111\u00fang c\u00e1ch \u2013 Ngo\u00e0i \u0111\u1ee7 th\u1ec3 lo\u1ea1i g\u1ee3i \u00fd, ch\u1ec9 d\u1eabn tr\u00ean internet t\u1eeb nh\u1eefng ng\u01b0\u1eddi th\u1eadm ch\u00ed ch\u01b0a bao gi\u1edd t\u1ef1 tay r\u00f3t m\u1ed9t c\u1ed1c Latte th\u1ef1c th\u1ee5. Th\u00ec d\u1ee5ng c\u1ee5 \u0111\u1ec3 \u0111\u00e1nh s\u1eefa nh\u01b0 c\u1ed1c \u0111\u00e1nh s\u1eefa l\u00e0 d\u1ee5ng c\u1ee5 r\u1ea5t c\u1ea7n thi\u1ebft trong vi\u1ec7c pha m\u1ed9t ly c\u00e0 ph\u00ea ho\u1eb7c ly latte ngon.<\/p>\n<figure><iframe src=\"https:\/\/giphy.com\/embed\/3miQ8VPqC1Hf12mvFF\" width=\"800\" height=\"450\" allowfullscreen=\"allowfullscreen\" data-mce-fragment=\"1\"><\/iframe><\/figure>\n<p>L\u00e0m b\u1eb1ng ch\u1ea5t li\u1ec7u th\u00e9p kh\u00f4ng g\u1ec9, b\u1ec1n v\u00e0 d\u1ec5 v\u1ec7 sinh. Kh\u00f4ng \u0111\u1ed9c h\u1ea1i v\u00e0 an to\u00e0n \u0111\u1ec3 s\u1eed d\u1ee5ng. C\u1ed1c ch\u1ed1ng d\u00ednh, s\u1eefa ho\u1eb7c c\u00e0 ph\u00ea s\u1ebd kh\u00f4ng d\u00ednh tr\u00ean c\u1ed1c khi b\u1ea1n \u0111\u00e1nh b\u1ecdt. V\u1edbi quai c\u1ea7m v\u00e0 v\u00f2i r\u00f3t kh\u00f4ng nh\u1ecf gi\u1ecdt s\u1ebd gi\u00fap r\u00f3t ch\u00ednh x\u00e1c, d\u00f9ng \u0111\u1ec3 t\u1ea1o ra ngh\u1ec7 thu\u1eadt pha c\u00e0 ph\u00ea \u0111\u1eb9p m\u1eaft, ti\u1ec7n l\u1ee3i khi s\u1eed d\u1ee5ng. C\u1ed1c dung t\u00edch 150ml \u0111\u1ee7 l\u1edbn \u0111\u1ec3 u\u1ed1ng, \u0111\u1ef1ng c\u00e0 ph\u00ea, v.v. \u0110\u00e2y l\u00e0 m\u00f3n qu\u00e0 tuy\u1ec7t v\u1eddi nh\u1ea5t cho c\u00e1c nh\u00e2n vi\u00ean pha ch\u1ebf t\u1ea1i nh\u00e0, nh\u1eefng ng\u01b0\u1eddi \u0111am m\u00ea c\u00e0 ph\u00ea v\u00e0 tr\u00e0. Ph\u00f9 h\u1ee3p cho b\u1ea5t k\u1ef3 nh\u00e0 b\u1ebfp ho\u1eb7c qu\u1ea7y bar n\u00e0o.<\/p>\n<p><img fetchpriority=\"high\" decoding=\"async\" class=\"aligncenter\" src=\"https:\/\/havamall.vn\/wp-content\/uploads\/2022\/12\/150ml-Stainless-Steel-espresso-cup-Milk-Frother-Coffee-Cup-Cappuccino-Cream-Milk-Foam-Mug-Milk-Frothing.jpg\" alt='150ml Stainless Steel Espresso Cup Milk Frother Coffee Cup Cappuccino Cream  Milk Foam Mug Milk Frothing Jug Thermo Latte Art - Milk Jugs - AliExpress' width=\"650\" height=\"650\" \/><\/p>\n<p><img decoding=\"async\" class=\"aligncenter\" src=\"https:\/\/havamall.vn\/wp-content\/uploads\/2022\/12\/kruve-kruve-imagine-milk-glass-150ml-set-of-two-co.jpg\" alt='Kruve Kruve - Imagine Milk Glass 150ml - Set of two Cortado - Baristasite' width=\"606\" height=\"606\" \/><\/p>\n<p>V\u00ec sao d\u00f9ng c\u1ed1c \u0111\u00e1nh s\u1eefa chuy\u00ean d\u1ee5ng m\u00e0 kh\u00f4ng d\u00f9ng s\u1ea3n ph\u1ea9m c\u1ed1c th\u01b0\u1eddng?<\/p>\n<p>V\u00ec h\u01a1i n\u01b0\u1edbc kh\u00f4ng ch\u1ec9 th\u00eam kh\u00f4ng kh\u00ed v\u00e0 l\u00e0m n\u00f3ng s\u1eefa, m\u00e0 c\u00f2n t\u1ea1o n\u00ean l\u1ef1c \u0111\u1ea9y cho chuy\u1ec3n \u0111\u1ed9ng ly t\u00e2m trong c\u1ed1c. B\u1eb1ng c\u00e1ch \u0111\u1ecbnh v\u1ecb \u0111\u0169a h\u01a1i \u0111\u00fang c\u00e1ch, chuy\u1ec3n \u0111\u1ed9ng c\u1ee7a d\u00f2ng xo\u00e1y s\u1ebd ti\u1ec7t ti\u00eau c\u00e1c b\u1ecdt kh\u00ed l\u1edbn h\u00ecnh th\u00e0nh trong qu\u00e1 tr\u00ecnh \u0111\u00e1nh s\u1eefa. Nguy\u00ean do l\u00e0 v\u00ec Kh\u00f4ng kh\u00ed nh\u1eb9 h\u01a1n s\u1eefa, n\u00ean c\u00e1c b\u1ecdt l\u1edbn s\u1ebd n\u1ed5i l\u00ean b\u1ec1 m\u1eb7t v\u00e0 t\u1ea1o th\u00e0nh m\u1ed9t l\u1edbp d\u00e0y \u0111\u1eb7c. kh\u00f3 c\u00f3 th\u1ec3 r\u00f3t m\u1ed9t c\u00e1ch ngh\u1ec7 thu\u1eadt v\u00e0o Espreso. C\u1ed1c \u0111\u01b0\u1ee3c l\u00e0m t\u1eeb inox kh\u00f4ng r\u1ec9, n\u1eb7ng tay v\u00e0 d\u00e0y n\u00ean ph\u00f9 h\u1ee3p \u0111\u1ec3 \u0111\u00e1nh s\u1eefa. Ngo\u00e0i ra v\u00ec\u00a0kim lo\u1ea1i truy\u1ec1n nhi\u1ec7t t\u1ed1t, gi\u00fap b\u1ea1n d\u1ec5 d\u00e0ng c\u1ea3m nh\u1eadn s\u1ee9c n\u00f3ng tr\u1ef1c ti\u1ebfp c\u1ee7a s\u1eefa.<\/p>\n<p><img decoding=\"async\" class=\"aligncenter\" src=\"https:\/\/havamall.vn\/wp-content\/uploads\/2022\/12\/1000ml-Stainless-Steel-Milk-Frothing-Pitcher-Espresso-Coffee-Barista-Craft-Latte-Cappuccino-Milk-Cream-Cup-Frothing.jpg\" alt='1000ml Stainless Steel Milk Frothing Pitcher Espresso Coffee Barista Craft  Latte Cappuccino Milk Cream Cup Frothing Jug Pitcher| | - AliExpress' width=\"623\" height=\"633\" \/><\/p>","protected":false},"excerpt":{"rendered":"<p>Trong khi\u00a0Espresso\u00a0l\u00e0 \u2018tr\u00e1i tim\u2019 c\u1ee7a m\u1ed9t c\u1ed1c Cappuccino ho\u1eb7c Latte d\u00f9 kh\u00f4ng chi\u1ebfm qu\u00e1 1\/3 th\u1ec3 t\u00edch, th\u00ec s\u1eefa v\u00e0<\/p>","protected":false},"featured_media":29707,"comment_status":"open","ping_status":"closed","template":"","meta":[],"product_brand":[],"product_cat":[393,394,35],"product_tag":[],"class_list":{"0":"post-29704","1":"product","2":"type-product","3":"status-publish","4":"has-post-thumbnail","6":"product_cat-bep-phong-an","7":"product_cat-trang-tri-nha-cua","8":"product_cat-nha-cua-doi-song","10":"first","11":"instock","12":"sale","13":"shipping-taxable","14":"purchasable","15":"product-type-simple"},"_links":{"self":[{"href":"https:\/\/havamall.vn\/en\/wp-json\/wp\/v2\/product\/29704"}],"collection":[{"href":"https:\/\/havamall.vn\/en\/wp-json\/wp\/v2\/product"}],"about":[{"href":"https:\/\/havamall.vn\/en\/wp-json\/wp\/v2\/types\/product"}],"replies":[{"embeddable":true,"href":"https:\/\/havamall.vn\/en\/wp-json\/wp\/v2\/comments?post=29704"}],"version-history":[{"count":0,"href":"https:\/\/havamall.vn\/en\/wp-json\/wp\/v2\/product\/29704\/revisions"}],"wp:featuredmedia":[{"embeddable":true,"href":"https:\/\/havamall.vn\/en\/wp-json\/wp\/v2\/media\/29707"}],"wp:attachment":[{"href":"https:\/\/havamall.vn\/en\/wp-json\/wp\/v2\/media?parent=29704"}],"wp:term":[{"taxonomy":"product_brand","embeddable":true,"href":"https:\/\/havamall.vn\/en\/wp-json\/wp\/v2\/product_brand?post=29704"},{"taxonomy":"product_cat","embeddable":true,"href":"https:\/\/havamall.vn\/en\/wp-json\/wp\/v2\/product_cat?post=29704"},{"taxonomy":"product_tag","embeddable":true,"href":"https:\/\/havamall.vn\/en\/wp-json\/wp\/v2\/product_tag?post=29704"}],"curies":[{"name":"wp","href":"https:\/\/api.w.org\/{rel}","templated":true}]}}