{"id":29695,"date":"2022-12-01T15:14:19","date_gmt":"2022-12-01T08:14:19","guid":{"rendered":"https:\/\/havamall.vn\/?post_type=product&#038;p=29695"},"modified":"2022-12-01T15:16:56","modified_gmt":"2022-12-01T08:16:56","slug":"cay-khuay-tron-bot-ca-phe-phan-tan-dong-deu-can-go-kem-de-giu-thuong-hieu-kari-espresso-coffee-stirrer","status":"publish","type":"product","link":"https:\/\/havamall.vn\/en\/shop\/cay-khuay-tron-bot-ca-phe-phan-tan-dong-deu-can-go-kem-de-giu-thuong-hieu-kari-espresso-coffee-stirrer\/","title":{"rendered":"C\u00e2y Khu\u1ea5y Tr\u1ed9n B\u1ed9t C\u00e0 Ph\u00ea Ph\u00e2n T\u00e1n \u0110\u1ed3ng \u0110\u1ec1u C\u00e1n G\u1ed7 K\u00e8m \u0110\u1ebf Gi\u1eef th\u01b0\u01a1ng hi\u1ec7u KaR\u00ed &#8211; Espresso Coffee Stirrer"},"content":{"rendered":"<p>Trong kh\u00f4ng gian c\u1ee7a qu\u1ea7y pha ch\u1ebf th\u00ec b\u1ea5t c\u1ee9 lo\u1ea1i m\u00e1y m\u00f3c thi\u1ebft b\u1ecb n\u00e0o c\u00f3 m\u1eb7t c\u0169ng c\u1ea7n ph\u1ea3i ti\u1ec7n d\u1ee5ng, chi\u1ebfm \u00edt di\u1ec7n t\u00edch\/kh\u00f4ng gian m\u00e0 v\u1eabn ph\u00e1t huy hi\u1ec7u qu\u1ea3 cao. C\u00e2y khu\u1ea5y tr\u1ed9n b\u1ed9t c\u00e0 ph\u00ea b\u1eb1ng g\u1ed7 ra \u0111\u1eddi \u0111\u00e1p \u1ee9ng \u0111\u1ee7 c\u00e1c y\u00eau c\u1ea7u \u0111\u00f3. C\u1ea5u tr\u00fac c\u1ee7aC\u00e2y khu\u1ea5y tr\u1ed9n b\u1ed9t c\u00e0 ph\u00ea cho ph\u00e9p ng\u01b0\u1eddi d\u00f9ng c\u00f3 th\u1ec3 tr\u00e1nh \u0111\u01b0\u1ee3c t\u00ecnh trang v\u00f3n c\u1ee5c b\u00ean trong b\u00e1nh c\u00e0 ph\u00ea, gi\u00fap h\u01a1i n\u01b0\u1edbc khi \u0111i qua m\u00e1y \u0111\u01b0\u1ee3c ph\u00e2n t\u00e1n \u0111\u1ec1u. Vi\u1ec7c v\u00f3n c\u1ee5c b\u1ed9t c\u00e0 ph\u00ea s\u1ebd l\u00e0m \u1ea3nh h\u01b0\u1edfng r\u1ea5t nhi\u1ec1u \u0111\u1ebfn ch\u1ea5t l\u01b0\u1ee3ng, m\u00f9i v\u1ecb chu\u1ea9n c\u1ee7a Espresso.<\/p>\n<p><img fetchpriority=\"high\" decoding=\"async\" class=\"aligncenter\" src=\"https:\/\/havamall.vn\/wp-content\/uploads\/2022\/12\/Sc00465fe227f4e1696da9a2933f884ce6.jpg\" width=\"800\" height=\"1091\" \/><\/p>\n<p>S\u1ea3n ph\u1ea9m c\u00f3 thi\u1ebft k\u1ebf hi\u1ec7n \u0111\u1ea1i v\u00e2n g\u1ed7 gi\u00fap t\u0103ng \u0111\u1ed9 b\u00e1m m\u1ed9t c\u00e1ch t\u1ed1t nh\u1ea5t, g\u00f3c c\u1ea1nh bo tr\u00f2n gi\u00fap ph\u00f9 h\u1ee3p v\u1edbi b\u1ec1 m\u1eb7t c\u1ea7m n\u1eafm, \u0111\u1eb7t v\u1eeba kh\u00edt v\u1edbi \u0111\u1ebf nh\u1ef1a \u0111i k\u00e8m gi\u00fap ti\u1ebft ki\u1ec7m kh\u00f4ng gian m\u00e0 v\u1eabn ti\u1ec7n d\u1ee5ng trong su\u1ed1t qu\u00e1 tr\u00ecnh pha.<\/p>\n<p><img decoding=\"async\" class=\"wp-image-29696 aligncenter\" src=\"https:\/\/havamall.vn\/wp-content\/uploads\/2022\/12\/71nTRWnXTtL._AC_SY355_-300x272.jpg\" alt='' width=\"619\" height=\"562\" srcset=\"https:\/\/havamall.vn\/wp-content\/uploads\/2022\/12\/71nTRWnXTtL._AC_SY355_-300x272.jpg 300w, https:\/\/havamall.vn\/wp-content\/uploads\/2022\/12\/71nTRWnXTtL._AC_SY355_-150x136.jpg 150w, https:\/\/havamall.vn\/wp-content\/uploads\/2022\/12\/71nTRWnXTtL._AC_SY355_.jpg 392w\" sizes=\"(max-width: 619px) 100vw, 619px\" \/><\/p>\n<p>C\u00e2y khu\u1ea5y tr\u1ed9n b\u1ed9t c\u00e0 ph\u00ea \u0111\u01b0\u1ee3c l\u00e0m b\u1eb1ng g\u1ed7 cao c\u1ea5p nguy\u00ean kh\u1ed1i, bo m\u1ecbn, th\u00e2n b\u1eb1ng th\u00e9p kh\u00f4ng g\u1ec9, 3 thanh th\u00e9p \u0111\u01b0\u1ee3c u\u1ed1n h\u00ecnh tr\u00f2n l\u00e0m t\u0103ng di\u1ec7n t\u00edch ti\u1ebfp x\u00fac, len l\u1ecfi \u0111\u00e1nh t\u01a1i trong b\u1ed9t c\u00e0 ph\u00ea. Khi \u0111\u00e1nh t\u01a1i gi\u00fap b\u1ed9t c\u00e0 ph\u00ea sau \u0111\u00f3 khi \u00e9p \u0111\u01b0\u1ee3c t\u1ed1t h\u01a1n r\u1ea5t nhi\u1ec1u, h\u01a1i n\u01b0\u1edbc qua \u00e1p su\u1ea5t chi\u1ebft xu\u1ea5t \u0111\u1ec1u h\u01a1n, tr\u00e1nh t\u00ecnh tr\u1ea1ng u\u1ed5ng ph\u00ed c\u00e0 ph\u00ea n\u1ebfu b\u1ea1n kh\u00f4ng ph\u1ea3i l\u00e0 ng\u01b0\u1eddi pha chuy\u00ean nghi\u1ec7p.<\/p>\n<p><img decoding=\"async\" class=\"wp-image-29697 aligncenter\" src=\"https:\/\/havamall.vn\/wp-content\/uploads\/2022\/12\/solid-wood-handle-Needle-Coffee-Tamper-58MM-51mm-Coffee-Tamper-Distributor-Leveler-Tool-Needle-Type-Coffee-300x300.jpeg\" alt='' width=\"720\" height=\"720\" srcset=\"https:\/\/havamall.vn\/wp-content\/uploads\/2022\/12\/solid-wood-handle-Needle-Coffee-Tamper-58MM-51mm-Coffee-Tamper-Distributor-Leveler-Tool-Needle-Type-Coffee-300x300.jpeg 300w, https:\/\/havamall.vn\/wp-content\/uploads\/2022\/12\/solid-wood-handle-Needle-Coffee-Tamper-58MM-51mm-Coffee-Tamper-Distributor-Leveler-Tool-Needle-Type-Coffee-430x430.jpeg 430w, https:\/\/havamall.vn\/wp-content\/uploads\/2022\/12\/solid-wood-handle-Needle-Coffee-Tamper-58MM-51mm-Coffee-Tamper-Distributor-Leveler-Tool-Needle-Type-Coffee-150x150.jpeg 150w, https:\/\/havamall.vn\/wp-content\/uploads\/2022\/12\/solid-wood-handle-Needle-Coffee-Tamper-58MM-51mm-Coffee-Tamper-Distributor-Leveler-Tool-Needle-Type-Coffee-700x700.jpeg 700w, https:\/\/havamall.vn\/wp-content\/uploads\/2022\/12\/solid-wood-handle-Needle-Coffee-Tamper-58MM-51mm-Coffee-Tamper-Distributor-Leveler-Tool-Needle-Type-Coffee-768x768.jpeg 768w, https:\/\/havamall.vn\/wp-content\/uploads\/2022\/12\/solid-wood-handle-Needle-Coffee-Tamper-58MM-51mm-Coffee-Tamper-Distributor-Leveler-Tool-Needle-Type-Coffee-600x600.jpeg 600w, https:\/\/havamall.vn\/wp-content\/uploads\/2022\/12\/solid-wood-handle-Needle-Coffee-Tamper-58MM-51mm-Coffee-Tamper-Distributor-Leveler-Tool-Needle-Type-Coffee-100x100.jpeg 100w, https:\/\/havamall.vn\/wp-content\/uploads\/2022\/12\/solid-wood-handle-Needle-Coffee-Tamper-58MM-51mm-Coffee-Tamper-Distributor-Leveler-Tool-Needle-Type-Coffee.jpeg 800w\" sizes=\"(max-width: 720px) 100vw, 720px\" \/><\/p>\n<p>S\u1ea3n ph\u1ea9m \u0111\u01b0\u1ee3c \u0111i k\u00e8m m\u1ed9t \u0111\u1ebf \u0111\u1ee9ng b\u1eb1ng mica sang tr\u1ecdng, si\u00eau b\u1ec1n v\u1edbi thi\u1ebft k\u1ebf tr\u1ecdng l\u01b0\u1ee3ng ti\u00eau chu\u1ea9n. S\u1ea3n ph\u1ea9m n\u00e0y gi\u00fap b\u1ea1n d\u1ec5 d\u00e0ng d\u00f9ng do m\u1ecdi lo\u1ea1i m\u00e1y pha c\u00e0 ph\u00ea v\u1edbi c\u00e1c m\u1ee9c \u0111\u1ed9 kh\u00e1c nhau g\u00f3p ph\u1ea7n t\u1ea1o n\u00ean t\u1eebng t\u00e1ch c\u00e0 ph\u00ea ho\u00e0n h\u1ea3o.<\/p>\n<p><img loading=\"lazy\" decoding=\"async\" class=\"wp-image-29698 aligncenter\" src=\"https:\/\/havamall.vn\/wp-content\/uploads\/2022\/12\/81Nm-RrrC4L._AC_SL1500_-300x300.jpg\" alt='' width=\"734\" height=\"734\" srcset=\"https:\/\/havamall.vn\/wp-content\/uploads\/2022\/12\/81Nm-RrrC4L._AC_SL1500_-300x300.jpg 300w, https:\/\/havamall.vn\/wp-content\/uploads\/2022\/12\/81Nm-RrrC4L._AC_SL1500_-430x430.jpg 430w, https:\/\/havamall.vn\/wp-content\/uploads\/2022\/12\/81Nm-RrrC4L._AC_SL1500_-150x150.jpg 150w, https:\/\/havamall.vn\/wp-content\/uploads\/2022\/12\/81Nm-RrrC4L._AC_SL1500_-700x700.jpg 700w, https:\/\/havamall.vn\/wp-content\/uploads\/2022\/12\/81Nm-RrrC4L._AC_SL1500_-768x768.jpg 768w, https:\/\/havamall.vn\/wp-content\/uploads\/2022\/12\/81Nm-RrrC4L._AC_SL1500_-1024x1024.jpg 1024w, https:\/\/havamall.vn\/wp-content\/uploads\/2022\/12\/81Nm-RrrC4L._AC_SL1500_-1200x1200.jpg 1200w, https:\/\/havamall.vn\/wp-content\/uploads\/2022\/12\/81Nm-RrrC4L._AC_SL1500_-600x600.jpg 600w, https:\/\/havamall.vn\/wp-content\/uploads\/2022\/12\/81Nm-RrrC4L._AC_SL1500_-100x100.jpg 100w, https:\/\/havamall.vn\/wp-content\/uploads\/2022\/12\/81Nm-RrrC4L._AC_SL1500_.jpg 1500w\" sizes=\"(max-width: 734px) 100vw, 734px\" \/><\/p>\n<p>Thi\u1ebft k\u1ebf ti\u1ec7n l\u01a1\u0323i, thi\u1ebft k\u1ebf vu\u00f4ng g\u00f3c &amp; nh\u1ecf g\u1ecdn c\u1ee7a C\u00e2y Khu\u1ea5y Tr\u1ed9n B\u1ed9t C\u00e0 Ph\u00ea gi\u00fap barista th\u1ef1c hi\u1ec7n thao t\u00e1c khu\u1ea5y c\u00e0 ph\u00ea r\u1ea5t thu\u1eadn ti\u1ec7n, chu\u1ea9n x\u00e1c v\u00e0 hi\u1ec7u qu\u1ea3 b\u1ea3o v\u1ec7 c\u01a1 x\u01b0\u01a1ng c\u1ee7a barista<\/p>\n<p>Ch\u1ea5t li\u1ec7u g\u1ed7 d\u00e0y nguy\u00ean kh\u1ed1i t\u1ea1o ra m\u1ed9t \u0111\u1ed9 \u0111\u00e0n h\u1ed3i t\u1ed1t, ch\u00ednh \u0111i\u1ec1u n\u00e0y gi\u00fap b\u1ea3o v\u1ec7 x\u01b0\u01a1ng c\u01a1 vai v\u00e0 c\u1ed5 tay c\u1ee7a barista khi khu\u1ea5y c\u00e0 ph\u00ea so v\u1edbi vi\u1ec7c d\u00f9ng m\u1ed9t d\u1ee5ng c\u1ee5 kh\u00f4ng chuy\u00ean d\u1ee5ng trong th\u1eddi gian d\u00e0i. V\u00ec l\u00e0m b\u1eb1ng g\u1ed7 d\u00e0y n\u00ean tu\u1ed5i th\u1ecd c\u1ee7a C\u00e2y Khu\u1ea5y Tr\u1ed9n B\u1ed9t C\u00e0 Ph\u00ea r\u1ea5t l\u00e2u. N\u00f3 c\u0169ng d\u1ec5 lau ch\u00f9i, c\u1ecd r\u1eeda, ph\u01a1i kh\u00f4.<\/p>\n<p>Kh\u1ed1i g\u1ed7 \u0111\u01b0\u1ee3c l\u00e0m b\u1eb1ng lo\u1ea1i g\u1ed7: g\u1ed7 \u00f3c ch\u00f3 \u0111en v\u00e0 g\u1ed7 gi\u1ebb gai ch\u00e2u \u00e2u.<\/p>\n<p>Ch\u1ea5t li\u1ec7u g\u1ed7 t\u1ef1 nhi\u00ean, \u0111\u1ea3m b\u1ea3o an to\u00e0n khi s\u1eed d\u1ee5ng. V\u00e2n g\u1ed7 \u0111\u1ed9c \u0111\u00e1o, r\u1ea5t \u0111\u1eb9p m\u1eaft.<\/p>\n<p>Ph\u1ea7n \u0111\u1ebf v\u1edbi b\u1ed1n mi\u1ebfng \u0111\u1ec7m b\u1eb1ng nh\u1ef1a ch\u1ed1ng tr\u01b0\u1ee3t v\u00e0 ch\u1ed1ng tr\u1ea7y x\u01b0\u1edbc cho m\u1eb7t b\u00e0n<\/p>\n<p>Kh\u1ed1i g\u1ed7 bo tr\u00f2n, \u0111\u01b0\u1ee3c x\u1eed l\u00fd vec ni b\u1ec1 m\u1eb7t r\u1ea5t m\u1ecbn, t\u1ea1o c\u1ea3m gi\u00e1c c\u1ea7m n\u1eafm tuy\u1ec7t v\u1eddi.<\/p>\n<h3><strong><img loading=\"lazy\" decoding=\"async\" class=\"wp-image-29699 aligncenter\" src=\"https:\/\/havamall.vn\/wp-content\/uploads\/2022\/12\/Sc198df1e4ef24249a43918215724dd74h-300x300.jpeg\" alt='' width=\"721\" height=\"721\" srcset=\"https:\/\/havamall.vn\/wp-content\/uploads\/2022\/12\/Sc198df1e4ef24249a43918215724dd74h-300x300.jpeg 300w, https:\/\/havamall.vn\/wp-content\/uploads\/2022\/12\/Sc198df1e4ef24249a43918215724dd74h-430x430.jpeg 430w, https:\/\/havamall.vn\/wp-content\/uploads\/2022\/12\/Sc198df1e4ef24249a43918215724dd74h-150x150.jpeg 150w, https:\/\/havamall.vn\/wp-content\/uploads\/2022\/12\/Sc198df1e4ef24249a43918215724dd74h-700x700.jpeg 700w, https:\/\/havamall.vn\/wp-content\/uploads\/2022\/12\/Sc198df1e4ef24249a43918215724dd74h-768x768.jpeg 768w, https:\/\/havamall.vn\/wp-content\/uploads\/2022\/12\/Sc198df1e4ef24249a43918215724dd74h-600x600.jpeg 600w, https:\/\/havamall.vn\/wp-content\/uploads\/2022\/12\/Sc198df1e4ef24249a43918215724dd74h-100x100.jpeg 100w, https:\/\/havamall.vn\/wp-content\/uploads\/2022\/12\/Sc198df1e4ef24249a43918215724dd74h.jpeg 800w\" sizes=\"(max-width: 721px) 100vw, 721px\" \/><br \/>\n<\/strong><\/h3>\n<h3><strong>C\u00f4ng d\u1ee5ng c\u1ee7a s\u1ea3n ph\u1ea9m:<\/strong><\/h3>\n<p>-Thi\u1ebft k\u1ebf nh\u00e2n tr\u1eafc h\u1ecdc tuy\u1ec7t v\u1eddi gi\u00fap ph\u00e1t huy t\u1ea5t c\u1ea3 t\u00e1c d\u1ee5ng c\u1ee7a s\u1ea3n ph\u1ea9m.<\/p>\n<p>-Ch\u1ed1ng tr\u01b0\u1ee3t \u2013 Gi\u1ea3m tr\u1ea7y x\u01b0\u1edbc<\/p>\n<p>-Tamping gi\u00fap c\u00e2y khu\u1ea5y b\u1ed9t kh\u00f4ng b\u1ecb tr\u01b0\u1ee3t kh\u1ecfi m\u1eb7t b\u00e0n khi khu\u1ea5y c\u00e0 ph\u00ea c\u0169ng nh\u01b0 gi\u00fap m\u1eb7t b\u00e0n kh\u00f4ng b\u1ecb tr\u1ea7y x\u01b0\u1edbc v\u00e0 s\u1ee9t m\u1ebb. \u0110\u1ed9 \u0111\u00e0n h\u1ed3i t\u1ed1t<\/p>\n<p>-T\u1ea1o ra m\u1ed9t b\u1ec1 m\u1eb7t \u00eam \u00e1i v\u00e0 \u0111\u00e0n h\u1ed3i gi\u00fap l\u1ef1c n\u00e9n c\u1ee7a b\u1ea1n tr\u1ea3i \u0111\u1ec1u l\u00ean cafe khi gh\u00ec tay xu\u1ed1ng.<\/p>\n<p>-Thi\u1ebft k\u1ebf ti\u1ec7n l\u01a1\u0323i, thi\u1ebft k\u1ebf vu\u00f4ng g\u00f3c &amp; nh\u1ecf g\u1ecdn c\u1ee7a tamping mat c\u00f3 th\u1ec3 \u00f4m l\u1ea5y b\u1ea5t c\u1ee9 c\u1ea1nh b\u00e0n n\u00e0o, gi\u00fap barista th\u1ef1c hi\u1ec7n thao t\u00e1c n\u00e9n c\u00e0 ph\u00ea r\u1ea5t thu\u1eadn ti\u1ec7n, chu\u1ea9n x\u00e1c v\u00e0 hi\u1ec7u qu\u1ea3.<\/p>\n<h3><strong><img loading=\"lazy\" decoding=\"async\" class=\"wp-image-29700 aligncenter\" src=\"https:\/\/havamall.vn\/wp-content\/uploads\/2022\/12\/6280d339501e5128bb8dd157132ef6cd17ee0bb1_original-300x300.jpeg\" alt='' width=\"518\" height=\"518\" srcset=\"https:\/\/havamall.vn\/wp-content\/uploads\/2022\/12\/6280d339501e5128bb8dd157132ef6cd17ee0bb1_original-300x300.jpeg 300w, https:\/\/havamall.vn\/wp-content\/uploads\/2022\/12\/6280d339501e5128bb8dd157132ef6cd17ee0bb1_original-430x430.jpeg 430w, https:\/\/havamall.vn\/wp-content\/uploads\/2022\/12\/6280d339501e5128bb8dd157132ef6cd17ee0bb1_original-150x150.jpeg 150w, https:\/\/havamall.vn\/wp-content\/uploads\/2022\/12\/6280d339501e5128bb8dd157132ef6cd17ee0bb1_original-700x700.jpeg 700w, https:\/\/havamall.vn\/wp-content\/uploads\/2022\/12\/6280d339501e5128bb8dd157132ef6cd17ee0bb1_original-768x768.jpeg 768w, https:\/\/havamall.vn\/wp-content\/uploads\/2022\/12\/6280d339501e5128bb8dd157132ef6cd17ee0bb1_original-600x600.jpeg 600w, https:\/\/havamall.vn\/wp-content\/uploads\/2022\/12\/6280d339501e5128bb8dd157132ef6cd17ee0bb1_original-100x100.jpeg 100w, https:\/\/havamall.vn\/wp-content\/uploads\/2022\/12\/6280d339501e5128bb8dd157132ef6cd17ee0bb1_original.jpeg 800w\" sizes=\"(max-width: 518px) 100vw, 518px\" \/><br \/>\n<\/strong><\/h3>","protected":false},"excerpt":{"rendered":"<p>Trong kh\u00f4ng gian c\u1ee7a qu\u1ea7y pha ch\u1ebf th\u00ec b\u1ea5t c\u1ee9 lo\u1ea1i m\u00e1y m\u00f3c thi\u1ebft b\u1ecb n\u00e0o c\u00f3 m\u1eb7t c\u0169ng c\u1ea7n<\/p>","protected":false},"featured_media":29703,"comment_status":"open","ping_status":"closed","template":"","meta":[],"product_brand":[],"product_cat":[393,394,35],"product_tag":[],"class_list":{"0":"post-29695","1":"product","2":"type-product","3":"status-publish","4":"has-post-thumbnail","6":"product_cat-bep-phong-an","7":"product_cat-trang-tri-nha-cua","8":"product_cat-nha-cua-doi-song","10":"first","11":"instock","12":"sale","13":"shipping-taxable","14":"purchasable","15":"product-type-simple"},"_links":{"self":[{"href":"https:\/\/havamall.vn\/en\/wp-json\/wp\/v2\/product\/29695"}],"collection":[{"href":"https:\/\/havamall.vn\/en\/wp-json\/wp\/v2\/product"}],"about":[{"href":"https:\/\/havamall.vn\/en\/wp-json\/wp\/v2\/types\/product"}],"replies":[{"embeddable":true,"href":"https:\/\/havamall.vn\/en\/wp-json\/wp\/v2\/comments?post=29695"}],"version-history":[{"count":0,"href":"https:\/\/havamall.vn\/en\/wp-json\/wp\/v2\/product\/29695\/revisions"}],"wp:featuredmedia":[{"embeddable":true,"href":"https:\/\/havamall.vn\/en\/wp-json\/wp\/v2\/media\/29703"}],"wp:attachment":[{"href":"https:\/\/havamall.vn\/en\/wp-json\/wp\/v2\/media?parent=29695"}],"wp:term":[{"taxonomy":"product_brand","embeddable":true,"href":"https:\/\/havamall.vn\/en\/wp-json\/wp\/v2\/product_brand?post=29695"},{"taxonomy":"product_cat","embeddable":true,"href":"https:\/\/havamall.vn\/en\/wp-json\/wp\/v2\/product_cat?post=29695"},{"taxonomy":"product_tag","embeddable":true,"href":"https:\/\/havamall.vn\/en\/wp-json\/wp\/v2\/product_tag?post=29695"}],"curies":[{"name":"wp","href":"https:\/\/api.w.org\/{rel}","templated":true}]}}