{"id":29689,"date":"2022-12-01T14:41:22","date_gmt":"2022-12-01T07:41:22","guid":{"rendered":"https:\/\/havamall.vn\/?post_type=product&#038;p=29689"},"modified":"2022-12-01T14:41:22","modified_gmt":"2022-12-01T07:41:22","slug":"gia-do-bang-go-de-tay-cam-ca-phe-51-53-58mm-kari-coffee-holder-base-stand-portafilter-filter","status":"publish","type":"product","link":"https:\/\/havamall.vn\/en\/shop\/gia-do-bang-go-de-tay-cam-ca-phe-51-53-58mm-kari-coffee-holder-base-stand-portafilter-filter\/","title":{"rendered":"Gi\u00e1 \u0110\u1ee1 B\u1eb1ng G\u1ed7 \u0110\u1ec3 Tay C\u1ea7m c\u00e0 Ph\u00ea 51\/53\/58mm KaR\u00ed &#8211; Coffee Holder Base Stand Portafilter Filter"},"content":{"rendered":"<p>Trong kh\u00f4ng gian c\u1ee7a qu\u1ea7y pha ch\u1ebf th\u00ec b\u1ea5t c\u1ee9 lo\u1ea1i m\u00e1y m\u00f3c thi\u1ebft b\u1ecb n\u00e0o c\u00f3 m\u1eb7t c\u0169ng c\u1ea7n ph\u1ea3i ti\u1ec7n d\u1ee5ng, chi\u1ebfm \u00edt di\u1ec7n t\u00edch\/kh\u00f4ng gian m\u00e0 v\u1eabn ph\u00e1t huy hi\u1ec7u qu\u1ea3 cao. \u0110\u1ebf Portafilter b\u1eb1ng g\u1ed7 ra \u0111\u1eddi \u0111\u00e1p \u1ee9ng \u0111\u1ee7 c\u00e1c y\u00eau c\u1ea7u \u0111\u00f3. C\u1ea5u tr\u00fac c\u1ee7a \u0111\u1ebf cho ph\u00e9p ng\u01b0\u1eddi d\u00f9ng c\u00f3 th\u1ec3 \u0111\u1eb7t l\u00ean b\u1ea5t c\u1ee9 b\u1ec1 m\u1eb7t n\u00e0o m\u00e0 v\u1eabn b\u00e1m d\u00ednh t\u1ed1t, ch\u1eafc ch\u1eafn. S\u1ea3n ph\u1ea9m c\u00f3 thi\u1ebft k\u1ebf hi\u1ec7n \u0111\u1ea1i v\u00e2n g\u1ed7 gi\u00fap t\u0103ng \u0111\u1ed9 b\u00e1m m\u1ed9t c\u00e1ch t\u1ed1t nh\u1ea5t, g\u00f3c c\u1ea1nh bo tr\u00f2n gi\u00fap \u0111\u1eb7t v\u1eeba kh\u00edt v\u1edbi c\u1ea1nh b\u00e0n\/qu\u1ea7y gi\u00fap ti\u1ebft ki\u1ec7m kh\u00f4ng gian m\u00e0 v\u1eabn ti\u1ec7n d\u1ee5ng trong su\u1ed1t qu\u00e1 tr\u00ecnh pha.<\/p>\n<p><img fetchpriority=\"high\" decoding=\"async\" class=\"wp-image-29690 aligncenter\" src=\"https:\/\/havamall.vn\/wp-content\/uploads\/2022\/12\/Screen-Shot-2022-12-01-at-2.22.37-PM-300x255.png\" alt=\"\" width=\"851\" height=\"723\" srcset=\"https:\/\/havamall.vn\/wp-content\/uploads\/2022\/12\/Screen-Shot-2022-12-01-at-2.22.37-PM-300x255.png 300w, https:\/\/havamall.vn\/wp-content\/uploads\/2022\/12\/Screen-Shot-2022-12-01-at-2.22.37-PM-430x366.png 430w, https:\/\/havamall.vn\/wp-content\/uploads\/2022\/12\/Screen-Shot-2022-12-01-at-2.22.37-PM-150x128.png 150w, https:\/\/havamall.vn\/wp-content\/uploads\/2022\/12\/Screen-Shot-2022-12-01-at-2.22.37-PM-700x596.png 700w, https:\/\/havamall.vn\/wp-content\/uploads\/2022\/12\/Screen-Shot-2022-12-01-at-2.22.37-PM-600x511.png 600w, https:\/\/havamall.vn\/wp-content\/uploads\/2022\/12\/Screen-Shot-2022-12-01-at-2.22.37-PM.png 981w\" sizes=\"(max-width: 851px) 100vw, 851px\" \/><\/p>\n<p>Thi\u1ebft k\u1ebf \u0111\u1ebf b\u1eb1ng g\u1ed7 nguy\u00ean kh\u1ed1i ch\u1ed1ng tr\u01b0\u1ee3t \u0111\u01b0\u1ee3c l\u00e0m t\u1eeb g\u1ed7 v\u1edbi thi\u1ebft k\u1ebf \u0111\u01b0\u1eddng k\u00ednh v\u00e0 tr\u1ecdng l\u01b0\u1ee3ng ti\u00eau chu\u1ea9n. S\u1ea3n ph\u1ea9m n\u00e0y gi\u00fap b\u1ea1n d\u1ec5 d\u00e0ng d\u00f9ng Tamper n\u00e9n c\u00e0 ph\u00ea th\u00edch h\u1ee3p cho t\u1eebng t\u00e1ch c\u00e0 ph\u00ea ho\u00e0n h\u1ea3o.<\/p>\n<p>Ch\u1ed1ng tr\u01b0\u1ee3t , gi\u1ea3m tr\u1ea7y x\u01b0\u1edbc mi\u1ebfng l\u00f3t Tamper gi\u1eef portafilter kh\u00f4ng b\u1ecb tr\u01b0\u1ee3t kh\u1ecfi m\u1eb7t b\u00e0n khi n\u00e9n c\u00e0 ph\u00ea c\u0169ng nh\u01b0 gi\u00fap m\u1eb7t b\u00e0n kh\u00f4ng b\u1ecb tr\u1ea7y x\u01b0\u1edbc v\u00e0 s\u1ee9t m\u1ebb. \u0110\u1ed9 \u0111\u00e0n h\u1ed3i t\u1ed1t -Tamping mat t\u1ea1o ra m\u1ed9t b\u1ec1 m\u1eb7t \u00eam \u00e1i v\u00e0 \u0111\u00e0n h\u1ed3i gi\u00fap l\u1ef1c n\u00e9n c\u1ee7a b\u1ea1n tr\u1ea3i \u0111\u1ec1u l\u00ean cafe khi gh\u00ec tay xu\u1ed1ng.<\/p>\n<p><img decoding=\"async\" class=\"wp-image-29693 aligncenter\" src=\"https:\/\/havamall.vn\/wp-content\/uploads\/2022\/12\/8-300x300.png\" alt=\"\" width=\"639\" height=\"639\" srcset=\"https:\/\/havamall.vn\/wp-content\/uploads\/2022\/12\/8-300x300.png 300w, https:\/\/havamall.vn\/wp-content\/uploads\/2022\/12\/8-430x431.png 430w, https:\/\/havamall.vn\/wp-content\/uploads\/2022\/12\/8-150x150.png 150w, https:\/\/havamall.vn\/wp-content\/uploads\/2022\/12\/8-100x100.png 100w\" sizes=\"(max-width: 639px) 100vw, 639px\" \/><\/p>\n<p>Thi\u1ebft k\u1ebf ti\u1ec7n l\u01a1\u0323i, thi\u1ebft k\u1ebf vu\u00f4ng g\u00f3c &amp; nh\u1ecf g\u1ecdn c\u1ee7a mi\u1ebfng l\u00f3t Tamper c\u00f3 th\u1ec3 \u00f4m l\u1ea5y b\u1ea5t c\u1ee9 c\u1ea1nh b\u00e0n n\u00e0o, gi\u00fap barista th\u1ef1c hi\u1ec7n thao t\u00e1c n\u00e9n c\u00e0 ph\u00ea r\u1ea5t thu\u1eadn ti\u1ec7n, chu\u1ea9n x\u00e1c v\u00e0 hi\u1ec7u qu\u1ea3. Thi\u1ebft k\u1ebf c\u00f2n t\u1ea1o ra m\u1ed9t kho\u1ea3ng kh\u00f4ng gian v\u1eeba v\u1eb7n \u0111\u1ec3 \u0111\u1eb7t chi\u1ebfc tamper tr\u00ean m\u1eb7t b\u00e0n pha ch\u1ebf. -B\u1ea3o v\u1ec7 c\u01a1 x\u01b0\u01a1ng c\u1ee7a barista<\/p>\n<p>Ch\u1ea5t li\u1ec7u g\u1ed7 d\u00e0y nguy\u00ean kh\u1ed1i t\u1ea1o ra m\u1ed9t \u0111\u1ed9 \u0111\u00e0n h\u1ed3i t\u1ed1t, ch\u00ednh \u0111i\u1ec1u n\u00e0y gi\u00fap b\u1ea3o v\u1ec7 x\u01b0\u01a1ng c\u01a1 vai v\u00e0 c\u1ed5 tay c\u1ee7a barista khi n\u00e9n c\u00e0 ph\u00ea so v\u1edbi vi\u1ec7c n\u00e9n tr\u00ean m\u1ed9t b\u1ec1 m\u1eb7t c\u1ee9ng trong th\u1eddi gian d\u00e0i. V\u00ec l\u00e0m b\u1eb1ng g\u1ed7 d\u00e0y n\u00ean tu\u1ed5i th\u1ecd c\u1ee7a mi\u1ebfng l\u00f3t r\u1ea5t l\u00e2u. N\u00f3 c\u0169ng d\u1ec5 lau ch\u00f9i, c\u1ecd r\u1eeda, ph\u01a1i kh\u00f4.<\/p>\n<p>Ph\u00f9 h\u1ee3p cho tay c\u1ea7m size 51\/53 v\u00e0 58<\/p>\n<p>Kh\u1ed1i g\u1ed7 \u0111\u01b0\u1ee3c l\u00e0m b\u1eb1ng lo\u1ea1i g\u1ed7: g\u1ed7 \u00f3c ch\u00f3 \u0111en v\u00e0 g\u1ed7 gi\u1ebb gai ch\u00e2u \u00e2u.<\/p>\n<p>V\u1edbi thi\u1ebft k\u1ebf khe tr\u00f2n c\u1ed1 \u0111\u1ecbnh tay c\u1ea7m m\u00e1y pha. \u0110\u1ea3m b\u1ea3o qu\u00e1 tr\u00ecnh n\u00e9n b\u1ed9t c\u00e0 ph\u00ea s\u1ebd v\u1eefng ch\u1eafc, gi\u1ea3m rung l\u1eafc. 2 khe tr\u00f2n k\u1ebf b\u00ean l\u00e0 n\u01a1i \u0111\u1eb7t tamper n\u00e9n c\u0169ng nh\u01b0 OCD, gi\u00fap barista d\u1ec5 d\u00e0ng thao t\u00e1c h\u01a1n trong qu\u00e1 tr\u00ecnh pha ch\u1ebf.<\/p>\n<p>Ch\u1ea5t li\u1ec7u g\u1ed7 t\u1ef1 nhi\u00ean, \u0111\u1ea3m b\u1ea3o an to\u00e0n khi s\u1eed d\u1ee5ng. V\u00e2n g\u1ed7 \u0111\u1ed9c \u0111\u00e1o, r\u1ea5t \u0111\u1eb9p m\u1eaft.<\/p>\n<p>Ph\u1ea7n \u0111\u1ebf v\u1edbi b\u1ed1n mi\u1ebfng \u0111\u1ec7m b\u1eb1ng nh\u1ef1a ch\u1ed1ng tr\u01b0\u1ee3t v\u00e0 ch\u1ed1ng tr\u1ea7y x\u01b0\u1edbc cho m\u1eb7t b\u00e0n<\/p>\n<p>Kh\u1ed1i g\u1ed7 bo tr\u00f2n 4 c\u1ea1nh, \u0111\u01b0\u1ee3c x\u1eed l\u00fd vec ni b\u1ec1 m\u1eb7t r\u1ea5t m\u1ecbn, t\u1ea1o c\u1ea3m gi\u00e1c c\u1ea7m n\u1eafm tuy\u1ec7t v\u1eddi.<\/p>\n<h3><strong><img decoding=\"async\" class=\"wp-image-29691 aligncenter\" src=\"https:\/\/havamall.vn\/wp-content\/uploads\/2022\/12\/73-56.-8-300x300.png\" alt=\"\" width=\"549\" height=\"549\" srcset=\"https:\/\/havamall.vn\/wp-content\/uploads\/2022\/12\/73-56.-8-300x300.png 300w, https:\/\/havamall.vn\/wp-content\/uploads\/2022\/12\/73-56.-8-430x431.png 430w, https:\/\/havamall.vn\/wp-content\/uploads\/2022\/12\/73-56.-8-150x150.png 150w, https:\/\/havamall.vn\/wp-content\/uploads\/2022\/12\/73-56.-8-768x770.png 768w, https:\/\/havamall.vn\/wp-content\/uploads\/2022\/12\/73-56.-8-100x100.png 100w\" sizes=\"(max-width: 549px) 100vw, 549px\" \/>C\u00f4ng d\u1ee5ng c\u1ee7a s\u1ea3n ph\u1ea9m:<\/strong><\/h3>\n<p>-Thi\u1ebft k\u1ebf nh\u00e2n tr\u1eafc h\u1ecdc tuy\u1ec7t v\u1eddi gi\u00fap ph\u00e1t huy t\u1ea5t c\u1ea3 t\u00e1c d\u1ee5ng c\u1ee7a s\u1ea3n ph\u1ea9m.<\/p>\n<p>-Ch\u1ed1ng tr\u01b0\u1ee3t \u2013 Gi\u1ea3m tr\u1ea7y x\u01b0\u1edbc<\/p>\n<p>-Tamping mat gi\u1eef portafilter kh\u00f4ng b\u1ecb tr\u01b0\u1ee3t kh\u1ecfi m\u1eb7t b\u00e0n khi n\u00e9n c\u00e0 ph\u00ea c\u0169ng nh\u01b0 gi\u00fap m\u1eb7t b\u00e0n kh\u00f4ng b\u1ecb tr\u1ea7y x\u01b0\u1edbc v\u00e0 s\u1ee9t m\u1ebb. \u0110\u1ed9 \u0111\u00e0n h\u1ed3i t\u1ed1t<\/p>\n<p>-Tamping mat t\u1ea1o ra m\u1ed9t b\u1ec1 m\u1eb7t \u00eam \u00e1i v\u00e0 \u0111\u00e0n h\u1ed3i gi\u00fap l\u1ef1c n\u00e9n c\u1ee7a b\u1ea1n tr\u1ea3i \u0111\u1ec1u l\u00ean cafe khi gh\u00ec tay xu\u1ed1ng.<\/p>\n<p>-Thi\u1ebft k\u1ebf ti\u1ec7n l\u01a1\u0323i, thi\u1ebft k\u1ebf vu\u00f4ng g\u00f3c &amp; nh\u1ecf g\u1ecdn c\u1ee7a tamping mat c\u00f3 th\u1ec3 \u00f4m l\u1ea5y b\u1ea5t c\u1ee9 c\u1ea1nh b\u00e0n n\u00e0o, gi\u00fap barista th\u1ef1c hi\u1ec7n thao t\u00e1c n\u00e9n c\u00e0 ph\u00ea r\u1ea5t thu\u1eadn ti\u1ec7n, chu\u1ea9n x\u00e1c v\u00e0 hi\u1ec7u qu\u1ea3.<\/p>\n<p><img loading=\"lazy\" decoding=\"async\" class=\"wp-image-29694 aligncenter\" src=\"https:\/\/havamall.vn\/wp-content\/uploads\/2022\/12\/fhsfgth-296x300.png\" alt=\"\" width=\"541\" height=\"548\" srcset=\"https:\/\/havamall.vn\/wp-content\/uploads\/2022\/12\/fhsfgth-296x300.png 296w, https:\/\/havamall.vn\/wp-content\/uploads\/2022\/12\/fhsfgth-430x435.png 430w, https:\/\/havamall.vn\/wp-content\/uploads\/2022\/12\/fhsfgth-150x152.png 150w, https:\/\/havamall.vn\/wp-content\/uploads\/2022\/12\/fhsfgth-700x709.png 700w, https:\/\/havamall.vn\/wp-content\/uploads\/2022\/12\/fhsfgth-768x777.png 768w, https:\/\/havamall.vn\/wp-content\/uploads\/2022\/12\/fhsfgth-1012x1024.png 1012w, https:\/\/havamall.vn\/wp-content\/uploads\/2022\/12\/fhsfgth-1200x1215.png 1200w, https:\/\/havamall.vn\/wp-content\/uploads\/2022\/12\/fhsfgth-600x607.png 600w, https:\/\/havamall.vn\/wp-content\/uploads\/2022\/12\/fhsfgth-100x100.png 100w\" sizes=\"(max-width: 541px) 100vw, 541px\" \/><\/p>","protected":false},"excerpt":{"rendered":"<p>Trong kh\u00f4ng gian c\u1ee7a qu\u1ea7y pha ch\u1ebf th\u00ec b\u1ea5t c\u1ee9 lo\u1ea1i m\u00e1y m\u00f3c thi\u1ebft b\u1ecb n\u00e0o c\u00f3 m\u1eb7t c\u0169ng c\u1ea7n<\/p>","protected":false},"featured_media":29692,"comment_status":"open","ping_status":"closed","template":"","meta":[],"product_brand":[],"product_cat":[393,394,35],"product_tag":[],"class_list":{"0":"post-29689","1":"product","2":"type-product","3":"status-publish","4":"has-post-thumbnail","6":"product_cat-bep-phong-an","7":"product_cat-trang-tri-nha-cua","8":"product_cat-nha-cua-doi-song","10":"first","11":"instock","12":"sale","13":"shipping-taxable","14":"purchasable","15":"product-type-simple"},"_links":{"self":[{"href":"https:\/\/havamall.vn\/en\/wp-json\/wp\/v2\/product\/29689"}],"collection":[{"href":"https:\/\/havamall.vn\/en\/wp-json\/wp\/v2\/product"}],"about":[{"href":"https:\/\/havamall.vn\/en\/wp-json\/wp\/v2\/types\/product"}],"replies":[{"embeddable":true,"href":"https:\/\/havamall.vn\/en\/wp-json\/wp\/v2\/comments?post=29689"}],"version-history":[{"count":0,"href":"https:\/\/havamall.vn\/en\/wp-json\/wp\/v2\/product\/29689\/revisions"}],"wp:featuredmedia":[{"embeddable":true,"href":"https:\/\/havamall.vn\/en\/wp-json\/wp\/v2\/media\/29692"}],"wp:attachment":[{"href":"https:\/\/havamall.vn\/en\/wp-json\/wp\/v2\/media?parent=29689"}],"wp:term":[{"taxonomy":"product_brand","embeddable":true,"href":"https:\/\/havamall.vn\/en\/wp-json\/wp\/v2\/product_brand?post=29689"},{"taxonomy":"product_cat","embeddable":true,"href":"https:\/\/havamall.vn\/en\/wp-json\/wp\/v2\/product_cat?post=29689"},{"taxonomy":"product_tag","embeddable":true,"href":"https:\/\/havamall.vn\/en\/wp-json\/wp\/v2\/product_tag?post=29689"}],"curies":[{"name":"wp","href":"https:\/\/api.w.org\/{rel}","templated":true}]}}