{"id":29584,"date":"2022-11-24T14:51:26","date_gmt":"2022-11-24T07:51:26","guid":{"rendered":"https:\/\/havamall.vn\/?post_type=product&#038;p=29584"},"modified":"2023-01-13T10:22:24","modified_gmt":"2023-01-13T03:22:24","slug":"ca-phe-hoa-tan-bac-xiu-3-trong-1-platinum-la-viet","status":"publish","type":"product","link":"https:\/\/havamall.vn\/en\/shop\/ca-phe-hoa-tan-bac-xiu-3-trong-1-platinum-la-viet\/","title":{"rendered":"C\u00e0 Ph\u00ea Ho\u00e0 Tan B\u1ea1c X\u1ec9u 3 Trong 1 Platinum L\u00e0 Vi\u1ec7t"},"content":{"rendered":"<p>L\u00e0 Vi\u1ec7t l\u00e0 m\u1ed9t trong nh\u1eefng th\u01b0\u01a1ng hi\u1ec7u c\u00e0 ph\u00ea n\u1ed5i ti\u1ebfng \u1edf Vi\u1ec7t Nam, c\u00f3 r\u1ea5t nhi\u1ec1u d\u00f2ng kh\u00e1c nhau \u0111\u00e1p \u1ee9ng \u0111\u01b0\u1ee3c \u0111a d\u1ea1ng kh\u1ea9u v\u1ecb ng\u01b0\u1eddi ti\u00eau d\u00f9ng.<\/p>\n<p>Vi\u1ec7t Nam t\u1ef1 h\u00e0o s\u1edf h\u1eefu m\u1ed9t di s\u1ea3n v\u0103n h\u00f3a c\u00e0 ph\u00ea gi\u00e0u c\u00f3, v\u00e0 \u2018C\u00e0 Ph\u00ea Phin\u2019 ch\u00ednh l\u00e0 linh h\u1ed3n, l\u00e0 n\u00e9t v\u0103n h\u00f3a th\u01b0\u1edfng th\u1ee9c c\u00e0 ph\u00ea \u0111\u00e3 \u0103n s\u00e2u v\u00e0o ti\u1ec1m th\u1ee9c bi\u1ebft bao ng\u01b0\u1eddi Vi\u1ec7t.<\/p>\n<div class=\"x11i5rnm xat24cr x1mh8g0r x1vvkbs xtlvy1s x126k92a\">\n<div dir=\"auto\">C\u00e0 ph\u00ea H\u00f2a tan Premium l\u00e0 d\u1ef1 \u00e1n \u0111\u01b0\u1ee3c L\u00e0 Vi\u1ec7t chu\u1ea9n b\u1ecb k\u1ef9 l\u01b0\u1ee1ng trong th\u1eddi gian d\u00e0i, v\u1edbi mong mu\u1ed1n ch\u0103m ch\u00fat, b\u1ea3o to\u00e0n \u0111\u01b0\u1ee3c ch\u1ea5t l\u01b0\u1ee3ng, h\u01b0\u01a1ng v\u1ecb \u0111\u1eb7c tr\u01b0ng c\u1ee7a h\u1ea1t c\u00e0 ph\u00ea Arabica \u0110\u00e0 L\u1ea1t, \u0111\u1ed3ng th\u1eddi t\u1ed1i \u01b0u s\u1ef1 ti\u1ec7n d\u1ee5ng cao nh\u1ea5t khi pha ch\u1ebf v\u00e0 th\u01b0\u1edfng th\u1ee9c.<\/div>\n<\/div>\n<div class=\"x11i5rnm xat24cr x1mh8g0r x1vvkbs xtlvy1s x126k92a\">\n<div dir=\"auto\">Nguy\u00ean li\u1ec7u ch\u00ednh \u0111\u01a1n thu\u1ea7n t\u1eeb: c\u00e0 ph\u00ea b\u1ed9t s\u1ea5y l\u1ea1nh, ph\u1ed1i h\u1ee3p v\u1edbi c\u00e0 ph\u00ea b\u1ed9t xay c\u1ef1c m\u1ecbn gi\u00fap gia t\u0103ng h\u01b0\u01a1ng v\u1ecb \u0111\u1eb7c tr\u01b0ng, b\u1ed9t s\u1eefa, mu\u1ed1i, v\u00e0 \u0111\u01b0\u1eddng n\u00e2u Qu\u1ea3ng Ng\u00e3i gi\u00fap t\u1ea1o v\u1ecb ng\u1ecdt d\u1ecbu, c\u00e2n b\u1eb1ng.<\/div>\n<\/div>\n<div class=\"x11i5rnm xat24cr x1mh8g0r x1vvkbs xtlvy1s x126k92a\">\n<div dir=\"auto\">3 d\u00f2ng C\u00e0 ph\u00ea H\u00f2a tan t\u1eeb L\u00e0 Vi\u1ec7t l\u00e0 3 v\u1ecb c\u00e0 ph\u00ea quen thu\u1ed9c:<\/div>\n<\/div>\n<div class=\"x11i5rnm xat24cr x1mh8g0r x1vvkbs xtlvy1s x126k92a\">\n<div dir=\"auto\">1\/ Gold \u2013 C\u00e0 ph\u00ea S\u1eefa: \u0111\u1eadm v\u1ecb ly c\u00e0 ph\u00ea s\u1eefa Vi\u1ec7t Nam truy\u1ec1n th\u1ed1ng.<\/div>\n<\/div>\n<div class=\"x11i5rnm xat24cr x1mh8g0r x1vvkbs xtlvy1s x126k92a\">\n<div dir=\"auto\">2\/ Platinum \u2013 C\u00e0 ph\u00ea B\u1ea1c X\u1ec9u: c\u00f3 v\u1ecb \u0111\u1eb7c tr\u01b0ng c\u1ee7a t\u00e1ch c\u00e0 ph\u00ea B\u1ea1c x\u1ec9u nhi\u1ec1u s\u1eefa th\u01b0\u1eddng ng\u00e0y.<\/div>\n<\/div>\n<div class=\"x11i5rnm xat24cr x1mh8g0r x1vvkbs xtlvy1s x126k92a\">\n<div dir=\"auto\">3\/ Supremo \u2013 C\u00e0 ph\u00ea Latte: mang h\u01b0\u01a1ng v\u1ecb tinh t\u1ebf c\u1ee7a ly c\u00e0 ph\u00ea Latte Ch\u00e2u \u00c2u c\u1ed5 \u0111i\u1ec3n.<\/div>\n<\/div>\n<div class=\"x11i5rnm xat24cr x1mh8g0r x1vvkbs xtlvy1s x126k92a\">\n<div dir=\"auto\">Kh\u1ed1i l\u01b0\u1ee3ng t\u1ecbnh: 216g (12 g\u00f3i x 18g) \/ H\u1ed9p<\/div>\n<\/div>\n<p><img fetchpriority=\"high\" decoding=\"async\" class=\"wp-image-29646 aligncenter\" src=\"https:\/\/havamall.vn\/wp-content\/uploads\/2022\/11\/Screen-Shot-2022-11-30-at-2.52.01-PM-300x200.png\" alt=\"\" width=\"690\" height=\"460\" srcset=\"https:\/\/havamall.vn\/wp-content\/uploads\/2022\/11\/Screen-Shot-2022-11-30-at-2.52.01-PM-300x200.png 300w, https:\/\/havamall.vn\/wp-content\/uploads\/2022\/11\/Screen-Shot-2022-11-30-at-2.52.01-PM-430x287.png 430w, https:\/\/havamall.vn\/wp-content\/uploads\/2022\/11\/Screen-Shot-2022-11-30-at-2.52.01-PM-150x100.png 150w, https:\/\/havamall.vn\/wp-content\/uploads\/2022\/11\/Screen-Shot-2022-11-30-at-2.52.01-PM-700x468.png 700w, https:\/\/havamall.vn\/wp-content\/uploads\/2022\/11\/Screen-Shot-2022-11-30-at-2.52.01-PM-768x513.png 768w, https:\/\/havamall.vn\/wp-content\/uploads\/2022\/11\/Screen-Shot-2022-11-30-at-2.52.01-PM-600x401.png 600w, https:\/\/havamall.vn\/wp-content\/uploads\/2022\/11\/Screen-Shot-2022-11-30-at-2.52.01-PM.png 916w\" sizes=\"(max-width: 690px) 100vw, 690px\" \/><\/p>\n<p>C\u00e0 ph\u00ea Ho\u00e0 Tan L\u00e0 Vi\u1ec7t mang \u0111\u1ebfn s\u1ef1 ti\u1ec7n d\u1ee5ng t\u1ed1i \u0111a khi s\u1eed d\u1ee5ng. Ch\u1ec9 v\u1edbi ly n\u01b0\u1edbc th\u1eadt n\u00f3ng B\u1ea1n s\u1ebd c\u00f3 cho m\u00ecnh ly c\u00e0 ph\u00ea nguy\u00ean ch\u1ea5t v\u1edbi h\u01b0\u01a1ng v\u1ecb quen thu\u1ed9c. C\u00e0 ph\u00ea \u0111\u01b0\u1ee3c ph\u1ed1i tr\u1ed9n v\u1edbi t\u1ec9 l\u1ec7 ho\u00e0n h\u1ea3o gi\u00fap b\u1ea1n kh\u00f4ng c\u1ea7n th\u00eam b\u1ea5t c\u1ee9 \u0111\u01b0\u1eddng s\u1eefa n\u00e0o c\u0169ng gi\u1eef nguy\u00ean tr\u1ecdn v\u1eb9n h\u01b0\u01a1ng v\u1ecb.<\/p>\n<p>S\u1ea3n ph\u1ea9m \u0111\u01b0\u1ee3c l\u00e0m t\u1eeb c\u00e0 ph\u00ea Aribica tr\u1ed3ng t\u1ea1i \u0110\u00e0 L\u1ea1t, n\u01a1i c\u00f3 \u0111\u1ed9 cao v\u00e0 \u0111i\u1ec1u ki\u1ec7n kh\u00ed h\u1eadu, th\u1ed5 nh\u01b0\u1ee1ng th\u00edch h\u1ee3p \u0111\u1ec3 cho ra lo\u1ea1i c\u00e0 ph\u00ea ch\u1ea5t l\u01b0\u1ee3ng cao v\u00e0 h\u01b0\u01a1ng v\u1ecb t\u1ed1t nh\u1ea5t.<\/p>\n<p><img decoding=\"async\" class=\"wp-image-29645 aligncenter\" src=\"https:\/\/havamall.vn\/wp-content\/uploads\/2022\/11\/Screen-Shot-2022-11-30-at-2.52.10-PM-300x208.png\" alt=\"\" width=\"678\" height=\"470\" srcset=\"https:\/\/havamall.vn\/wp-content\/uploads\/2022\/11\/Screen-Shot-2022-11-30-at-2.52.10-PM-300x208.png 300w, https:\/\/havamall.vn\/wp-content\/uploads\/2022\/11\/Screen-Shot-2022-11-30-at-2.52.10-PM-430x299.png 430w, https:\/\/havamall.vn\/wp-content\/uploads\/2022\/11\/Screen-Shot-2022-11-30-at-2.52.10-PM-150x104.png 150w, https:\/\/havamall.vn\/wp-content\/uploads\/2022\/11\/Screen-Shot-2022-11-30-at-2.52.10-PM-700x486.png 700w, https:\/\/havamall.vn\/wp-content\/uploads\/2022\/11\/Screen-Shot-2022-11-30-at-2.52.10-PM-768x533.png 768w, https:\/\/havamall.vn\/wp-content\/uploads\/2022\/11\/Screen-Shot-2022-11-30-at-2.52.10-PM-220x154.png 220w, https:\/\/havamall.vn\/wp-content\/uploads\/2022\/11\/Screen-Shot-2022-11-30-at-2.52.10-PM-600x417.png 600w, https:\/\/havamall.vn\/wp-content\/uploads\/2022\/11\/Screen-Shot-2022-11-30-at-2.52.10-PM.png 936w\" sizes=\"(max-width: 678px) 100vw, 678px\" \/><\/p>\n<p>Nguy\u00ean li\u1ec7u s\u1ea3n ph\u1ea9m \u0111\u01b0\u1ee3c l\u1ef1a ch\u1ecdn k\u0129 c\u00e0ng t\u1eeb nh\u1eefng h\u1ea1t c\u00e0 ph\u00ea ch\u00ednh \u0111\u1ec1u t\u1ea1i v\u00f9ng \u0111\u1ea5t c\u00e0 ph\u00ea b\u1eadt nh\u1ea5t Vi\u1ec7t Nam. C\u00f4ng \u0111o\u1ea1n rang c\u0169ng r\u1ea5t t\u1ec9 m\u1ec9, \u0111\u00fang \u0111\u1ed9 l\u1eeda v\u00e0 th\u1eddi gian chu\u1ea9n x\u00e1c nh\u1ea5t. H\u1ea1t v\u1eeba ch\u00edn t\u1edbi n\u00ean v\u1eabn gi\u1eef \u0111\u01b0\u1ee3c t\u00ednh axit, mang \u0111\u1ebfn v\u1ecb chua r\u00f5 r\u00e0ng v\u00e0 v\u1ecb ng\u1ecdt, \u0111\u1eafng v\u1eeba nhen nh\u00f3m, r\u1ea5t ho\u00e0n h\u1ea3o.<\/p>\n<p>V\u1edbi nh\u1eefng h\u1ea1t c\u00e0 ph\u00ea c\u00f3 ch\u1ea5t l\u01b0\u1ee3ng v\u00e0 \u0111\u01b0\u1ee3c rang \u0111\u00fang \u0111\u1ed9 s\u1ebd mang m\u1ed9t h\u01b0\u01a1ng v\u1ecb ho\u00e0n h\u1ea3o cho th\u1ef1c kh\u00e1ch. C\u00e1c h\u1ea1t cafe rang chu\u1ea9n s\u1ebd t\u1ea1o ra \u0111\u01b0\u1ee3c h\u01b0\u01a1ng th\u01a1m nh\u1ea5t, \u0111\u1ed3ng th\u1eddi ti\u1ebft ra \u0111\u01b0\u1ee3c c\u00e1c vitamin v\u00e0 mu\u1ed1i kho\u00e1ng, tinh d\u1ea7u c\u00f3 trong c\u00e0 ph\u00ea.<\/p>\n<p>H\u1ed9p \u0111\u1ef1ng b\u00ean ngo\u00e0i \u0111\u01b0\u1ee3c l\u00e0m t\u1eeb nguy\u00ean li\u1ec7u gi\u1ea5y kraft, l\u00e0 lo\u1ea1i gi\u1ea5y th\u00e2n thi\u1ec7n v\u1edbi m\u00f4i tr\u01b0\u1eddng.<\/p>\n<h3><img decoding=\"async\" class=\"wp-image-29644 aligncenter\" src=\"https:\/\/havamall.vn\/wp-content\/uploads\/2022\/11\/Screen-Shot-2022-11-30-at-2.53.01-PM-300x224.png\" alt=\"\" width=\"686\" height=\"512\" srcset=\"https:\/\/havamall.vn\/wp-content\/uploads\/2022\/11\/Screen-Shot-2022-11-30-at-2.53.01-PM-300x224.png 300w, https:\/\/havamall.vn\/wp-content\/uploads\/2022\/11\/Screen-Shot-2022-11-30-at-2.53.01-PM-430x321.png 430w, https:\/\/havamall.vn\/wp-content\/uploads\/2022\/11\/Screen-Shot-2022-11-30-at-2.53.01-PM-150x112.png 150w, https:\/\/havamall.vn\/wp-content\/uploads\/2022\/11\/Screen-Shot-2022-11-30-at-2.53.01-PM-700x523.png 700w, https:\/\/havamall.vn\/wp-content\/uploads\/2022\/11\/Screen-Shot-2022-11-30-at-2.53.01-PM-768x574.png 768w, https:\/\/havamall.vn\/wp-content\/uploads\/2022\/11\/Screen-Shot-2022-11-30-at-2.53.01-PM-600x449.png 600w, https:\/\/havamall.vn\/wp-content\/uploads\/2022\/11\/Screen-Shot-2022-11-30-at-2.53.01-PM.png 824w\" sizes=\"(max-width: 686px) 100vw, 686px\" \/><\/h3>\n<h3>H\u01af\u1edaNG D\u1eaaN S\u1eec D\u1ee4NG:<\/h3>\n<p>\u2013\u00a0\u00a0C\u00e0 ph\u00ea ho\u00e0 tan L\u00e0 Vi\u1ec7t mang \u0111\u1ebfn s\u1ef1 ti\u1ec7n d\u1ee5ng t\u1ed1i \u0111a khi s\u1eed d\u1ee5ng. Ch\u1ec9 v\u1edbi ly n\u01b0\u1edbc th\u1eadt n\u00f3ng B\u1ea1n s\u1ebd c\u00f3 cho m\u00ecnh ly c\u00e0 ph\u00ea nguy\u00ean ch\u1ea5t v\u1edbi h\u01b0\u01a1ng v\u1ecb quen thu\u1ed9c.<\/p>\n<p>\u2013\u00a0\u00a0C\u00e0 ph\u00ea c\u00f3 th\u1ec3 u\u1ed1ng thu\u1ea7n ho\u1eb7c k\u1ebft h\u1ee3p h\u00e0i h\u00f2a v\u1edbi \u0111\u01b0\u1eddng, s\u1eefa \u0111\u1eb7c, s\u1eefa t\u01b0\u01a1i cho h\u01b0\u01a1ng v\u1ecb th\u00eam phong ph\u00fa.<\/p>\n<p>\u2013\u00a0\u00a0Cho c\u00e0 ph\u00ea v\u00e0o ly, r\u00f3t 120ml n\u01b0\u1edbc s\u00f4i.<\/p>\n<p>\u2013\u00a0\u00a0Khu\u1ea5y nh\u1eb9 nh\u00e0ng<\/p>\n<p>\u2013\u00a0\u00a0\u0110\u1ee3i 4 \u2013 5 ph\u00fat, th\u00eam \u0111\u00e1 tu\u1ef3 th\u00edch v\u00e0 th\u01b0\u1edfng th\u1ee9c.<\/p>\n<p><img loading=\"lazy\" decoding=\"async\" class=\"wp-image-29643 aligncenter\" src=\"https:\/\/havamall.vn\/wp-content\/uploads\/2022\/11\/Screen-Shot-2022-11-30-at-2.53.13-PM-300x300.png\" alt=\"\" width=\"578\" height=\"578\" srcset=\"https:\/\/havamall.vn\/wp-content\/uploads\/2022\/11\/Screen-Shot-2022-11-30-at-2.53.13-PM-300x300.png 300w, https:\/\/havamall.vn\/wp-content\/uploads\/2022\/11\/Screen-Shot-2022-11-30-at-2.53.13-PM-430x431.png 430w, https:\/\/havamall.vn\/wp-content\/uploads\/2022\/11\/Screen-Shot-2022-11-30-at-2.53.13-PM-150x150.png 150w, https:\/\/havamall.vn\/wp-content\/uploads\/2022\/11\/Screen-Shot-2022-11-30-at-2.53.13-PM-100x100.png 100w\" sizes=\"(max-width: 578px) 100vw, 578px\" \/><\/p>","protected":false},"excerpt":{"rendered":"<p>L\u00e0 Vi\u1ec7t l\u00e0 m\u1ed9t trong nh\u1eefng th\u01b0\u01a1ng hi\u1ec7u c\u00e0 ph\u00ea n\u1ed5i ti\u1ebfng \u1edf Vi\u1ec7t Nam, c\u00f3 r\u1ea5t nhi\u1ec1u d\u00f2ng kh\u00e1c<\/p>","protected":false},"featured_media":29585,"comment_status":"open","ping_status":"closed","template":"","meta":[],"product_brand":[],"product_cat":[36,135],"product_tag":[],"class_list":{"0":"post-29584","1":"product","2":"type-product","3":"status-publish","4":"has-post-thumbnail","6":"product_cat-thuc-pham-tieu-dung","7":"product_cat-sua-do-uong","8":"pa_brand-la-viet","10":"first","11":"outofstock","12":"sale","13":"shipping-taxable","14":"purchasable","15":"product-type-simple"},"_links":{"self":[{"href":"https:\/\/havamall.vn\/en\/wp-json\/wp\/v2\/product\/29584"}],"collection":[{"href":"https:\/\/havamall.vn\/en\/wp-json\/wp\/v2\/product"}],"about":[{"href":"https:\/\/havamall.vn\/en\/wp-json\/wp\/v2\/types\/product"}],"replies":[{"embeddable":true,"href":"https:\/\/havamall.vn\/en\/wp-json\/wp\/v2\/comments?post=29584"}],"version-history":[{"count":0,"href":"https:\/\/havamall.vn\/en\/wp-json\/wp\/v2\/product\/29584\/revisions"}],"wp:featuredmedia":[{"embeddable":true,"href":"https:\/\/havamall.vn\/en\/wp-json\/wp\/v2\/media\/29585"}],"wp:attachment":[{"href":"https:\/\/havamall.vn\/en\/wp-json\/wp\/v2\/media?parent=29584"}],"wp:term":[{"taxonomy":"product_brand","embeddable":true,"href":"https:\/\/havamall.vn\/en\/wp-json\/wp\/v2\/product_brand?post=29584"},{"taxonomy":"product_cat","embeddable":true,"href":"https:\/\/havamall.vn\/en\/wp-json\/wp\/v2\/product_cat?post=29584"},{"taxonomy":"product_tag","embeddable":true,"href":"https:\/\/havamall.vn\/en\/wp-json\/wp\/v2\/product_tag?post=29584"}],"curies":[{"name":"wp","href":"https:\/\/api.w.org\/{rel}","templated":true}]}}