{"id":29547,"date":"2022-11-22T19:01:08","date_gmt":"2022-11-22T12:01:08","guid":{"rendered":"https:\/\/havamall.vn\/?post_type=product&#038;p=29547"},"modified":"2025-03-21T10:38:32","modified_gmt":"2025-03-21T03:38:32","slug":"mang-cau-xiem-dong-lanh-xay-nhuyen-1kg-frozen-soursop-puree","status":"publish","type":"product","link":"https:\/\/havamall.vn\/en\/shop\/mang-cau-xiem-dong-lanh-xay-nhuyen-1kg-frozen-soursop-puree\/","title":{"rendered":"M\u00e3ng C\u1ea7u Xi\u00eam \u0110\u00f4ng L\u1ea1nh Xay Nhuy\u1ec5n 1kg \u2013 Frozen Soursop Puree"},"content":{"rendered":"<div class=\"j83agx80\">\n<div class=\"dwo3fsh8 g5ia77u1 rt8b4zig n8ej3o3l agehan2d sk4xxmp2 rq0escxv q9uorilb kvgmc6g5 cxmmr5t8 oygrvhab hcukyx3x jb3vyjys rz4wbd8a qt6c0cv9 a8nywdso l9j0dhe7 i1ao9s8h k4urcfbm\">\n<div class=\"j83agx80 cbu4d94t sj5x9vvc cxgpxx05\">\n<div class=\"rq0escxv l9j0dhe7 du4w35lb j83agx80 pfnyh3mw jifvfom9 ll8tlv6m owycx6da btwxx1t3 hv4rvrfc dati1w0a jb3vyjys b5q2rw42 lq239pai mysgfdmx hddg9phg\">\n<div class=\"rq0escxv l9j0dhe7 du4w35lb j83agx80 cbu4d94t d2edcug0 hpfvmrgz rj1gh0hx buofh1pr g5gj957u o8rfisnq p8fzw8mz pcp91wgn iuny7tx3 ipjc6fyt\">\n<div class=\"j83agx80 cbu4d94t ew0dbk1b irj2b8pg\">\n<div class=\"qzhwtbm6 knvmm38d\">\n<div class=\"j83agx80 cbu4d94t ew0dbk1b irj2b8pg\">\n<div class=\"qzhwtbm6 knvmm38d\">\n<div class=\"kvgmc6g5 cxmmr5t8 oygrvhab hcukyx3x c1et5uql\">\n<table>\n<tbody>\n<tr>\n<td>Xu\u1ea5t x\u1ee9<\/td>\n<td>Vi\u1ec7t Nam<\/td>\n<\/tr>\n<tr>\n<td>Th\u00e0nh ph\u1ea7n<\/td>\n<td>100% M\u00e3ng C\u1ea7u C\u1ea5p \u0110\u00f4ng<\/td>\n<\/tr>\n<tr>\n<td>H\u1ea1n s\u1eed d\u1ee5ng<\/td>\n<td>36 th\u00e1ng k\u1ec3 t\u1eeb ng\u00e0y s\u1ea3n xu\u1ea5t.<\/td>\n<\/tr>\n<tr>\n<td>B\u1ea3o qu\u1ea3n<\/td>\n<td>B\u1ea3o qu\u1ea3n d\u01b0\u1edbi 18\u0ae6C<\/td>\n<\/tr>\n<tr>\n<td>Kh\u1ed1i l\u01b0\u1ee3ng t\u1ecbnh<\/td>\n<td>1000g<\/td>\n<\/tr>\n<\/tbody>\n<\/table>\n<p class=\"ce-element ce-element--type-text\"><strong>M\u00e3ng\u00a0c\u1ea7u \u0111\u00f4ng l\u1ea1nh\u00a0<\/strong>kh\u00f4ng ch\u1ec9 xu\u1ea5t hi\u1ec7n trong c\u00e1c gia \u0111\u00ecnh Vi\u1ec7t m\u00e0 c\u00f2n \u0111\u01b0\u1ee3c c\u00e1c c\u1eeda h\u00e0ng kinh doanh th\u1ee9c u\u1ed1ng gi\u1ea3i kh\u00e1t l\u1ef1a ch\u1ecdn. B\u1edfi v\u00ec lo\u1ea1i tr\u00e1i c\u00e2y \u0111\u00f3ng t\u00fai n\u00e0y cho th\u1ea5y r\u1ea5t nhi\u1ec1u nh\u1eefng \u01b0u \u0111i\u1ec3m v\u01b0\u1ee3t tr\u1ed9i so v\u1edbi m\u00e3ng c\u1ea7u t\u01b0\u01a1i. B\u1ea1n h\u00e3y \u0111\u1ebfn ngay Havamall \u0111\u1ec3 \u0111\u01b0\u1ee3c th\u01b0\u1edfng th\u1ee9c lo\u1ea1i m\u00e3ng c\u1ea7u th\u01a1m ngon, gi\u00e1 r\u1ebb ch\u01b0a t\u1eebng c\u00f3.<\/p>\n<p class=\"ce-element ce-element--type-text\"><strong>M\u00e3ng\u00a0c\u1ea7u \u0111\u00f4ng l\u1ea1nh<\/strong> th\u01b0\u1eddng \u0111\u01b0\u1ee3c d\u00f9ng \u0103n tr\u1ef1c ti\u1ebfp khi ch\u00edn m\u00e0 kh\u00f4ng c\u1ea7n ph\u1ea3i qua ch\u1ebf bi\u1ebfn. \u0110\u00e2y l\u00e0 lo\u1ea1i tr\u00e1i c\u00e2y c\u00f3 nhi\u1ec1u t\u00e1c d\u1ee5ng v\u1edbi s\u1ee9c kh\u1ecfe v\u00e0 \u0111ang \u0111\u01b0\u1ee3c \u01b0a chu\u1ed9ng tr\u00ean to\u00e0n c\u1ea7u.<\/p>\n<p>Do \u0111\u00f3 \u0111\u01b0\u1ee3c \u1ee9ng d\u1ee5ng nhi\u1ec1u trong ch\u1ebf bi\u1ebfn c\u00e1c lo\u1ea1i th\u1ef1c ph\u1ea9m, v\u00e0 th\u1ee9c u\u1ed1ng kh\u00e1c nhau. \u0110\u00e2y l\u00e0 m\u1ed9t trong nh\u1eefng n\u00f4ng s\u1ea3n Vi\u1ec7t Nam xu\u1ea5t kh\u1ea9u ph\u1ed5 bi\u1ebfn nh\u1ea5t hi\u1ec7n nay.\u00a0<strong>M\u00e3ng\u00a0c\u1ea7u \u0111\u00f4ng l\u1ea1nh<\/strong> c\u1ea5p \u0111\u00f4ng \u0111\u01b0\u1ee3c s\u1ea3n xu\u1ea5t v\u00e0 ch\u1ebf bi\u1ebfn k\u1ef9 l\u01b0\u1ee1ng. Nh\u1edd v\u1eady \u0111\u00e1p \u1ee9ng \u0111\u01b0\u1ee3c ti\u00eau chu\u1ea9n \u0111i c\u00e1c th\u1ecb tr\u01b0\u1eddng l\u1edbn nh\u01b0 Nh\u1eadt B\u1ea3n, H\u00e0n Qu\u1ed1c, H\u1ed3ng K\u00f4ng, Ch\u00e2u \u00c2u.<\/p>\n<p><img decoding=\"async\" class=\"aligncenter\" src=\"https:\/\/havamall.vn\/wp-content\/uploads\/2025\/03\/loi-ich-hon-ca-tuyet-voi-cua-mang-cau-xiem-doi-voi-suc-khoe-202201071503281685.jpg\" alt=\"L\u1ee3i \u00edch h\u01a1n c\u1ea3 tuy\u1ec7t v\u1eddi c\u1ee7a m\u00e3ng c\u1ea7u xi\u00eam \u0111\u1ed1i v\u1edbi s\u1ee9c kho\u1ebb\" \/><\/p>\n<p dir=\"ltr\">\u0110\u00fang v\u1edbi t\u00ean g\u1ecdi c\u1ee7a m\u00ecnh,\u00a0<strong>m\u00e3ng c\u1ea7u \u0111\u00f4ng l\u1ea1nh<\/strong>\u00a0\u0111\u01b0\u1ee3c l\u00e0m t\u1eeb m\u00e3ng c\u1ea7u t\u01b0\u01a1i. Nh\u01b0ng \u0111i\u1ec1u \u0111\u1eb7c bi\u1ec7t l\u00e0 nguy\u00ean li\u1ec7u \u0111\u01b0\u1ee3c d\u00f9ng \u0111\u1ec3 s\u1ea3n xu\u1ea5t s\u1ea3n ph\u1ea9m kh\u00f4ng ph\u1ea3i h\u00e0ng tr\u00f4i d\u1ea1t lo\u1ea1i 3, lo\u1ea1i 4.<\/p>\n<p dir=\"ltr\">C\u00e1c nh\u00e0 s\u1ea3n xu\u1ea5t m\u00e3ng c\u1ea7u c\u00f3 quy m\u00f4 c\u00f4ng nghi\u1ec7p\u00a0 s\u1ebd \u0111\u1ebfn nh\u1eefng v\u00f9ng nguy\u00ean li\u1ec7u chuy\u00ean canh v\u1ec1 c\u00e2y m\u00e3ng c\u1ea7u. T\u1ea1i \u0111\u00e2y, ng\u01b0\u1eddi ta s\u1ebd ti\u1ebfn h\u00e0nh ch\u1ecdn l\u1ecdc k\u1ef9 l\u01b0\u1ee1ng \u0111\u1ec3 l\u1ef1a ra nh\u1eefng tr\u00e1i m\u00e3ng c\u1ea7u \u0111\u1ea1t ti\u00eau chu\u1ea9n ch\u1ea5t l\u01b0\u1ee3ng cao nh\u01b0:<\/p>\n<ul>\n<li dir=\"ltr\">\n<p dir=\"ltr\">Qu\u1ea3 c\u0103ng b\u00f3ng.<\/p>\n<\/li>\n<li dir=\"ltr\">\n<p dir=\"ltr\">Kh\u00f4ng c\u00f3 s\u00e2u b\u1ec7nh.<\/p>\n<\/li>\n<li dir=\"ltr\">\n<p dir=\"ltr\">K\u00edch th\u01b0\u1edbc to.<\/p>\n<\/li>\n<li dir=\"ltr\">\n<p dir=\"ltr\">M\u00f9i v\u1ecb ng\u1ecdt ng\u00e0o, thanh thanh.<\/p>\n<\/li>\n<\/ul>\n<p dir=\"ltr\">Nh\u1edd s\u1ef1 ch\u1ecdn l\u1ecdc k\u1ef9 l\u01b0\u1ee1ng nh\u01b0 v\u1eady m\u00e0 m\u00e3ng c\u1ea7u \u0111\u00f3ng t\u00fai th\u01b0\u1eddng c\u00f3 v\u1ecb ngon kh\u00f3 c\u01b0\u1ee1ng v\u1edbi ng\u01b0\u1eddi d\u00f9ng.<\/p>\n<figure id=\"attachment_675\" class=\"wp-caption aligncenter\">\n<h2 dir=\"ltr\"><strong>Quy tr\u00ecnh s\u1ea3n xu\u1ea5t m\u00e3ng c\u1ea7u \u0111\u00f4ng l\u1ea1nh<\/strong><\/h2>\n<p><img decoding=\"async\" src=\"https:\/\/havamall.vn\/wp-content\/uploads\/2025\/03\/sinh-to-mang-cau.jpg\" alt=\"C\u00e1ch L\u00e0m Sinh T\u1ed1 M\u00e3ng C\u1ea7u Ngon C\u1ef1c \u0110\u01a1n Gi\u1ea3n\" \/><\/p>\n<p dir=\"ltr\">C\u00f3 m\u1ed9t s\u1ef1 th\u1eadt l\u00e0 so v\u1edbi lo\u1ea1i m\u00e3ng c\u1ea7u \u0111\u01b0\u1ee3c b\u00e0y b\u00e1n ngo\u00e0i ch\u1ee3, m\u00e3ng c\u1ea7u \u0111\u00f4ng l\u1ea1nh v\u1ec7 sinh h\u01a1n r\u1ea5t nhi\u1ec1u nh\u1edd quy tr\u00ecnh s\u1ea3n xu\u1ea5t kh\u00e9p k\u00edn. Th\u01b0\u1eddng th\u00ec m\u1ed9t t\u00fai m\u00e3ng c\u1ea7u s\u1ebd \u0111\u01b0\u1ee3c t\u1ea1o ra nh\u01b0 sau:<\/p>\n<ul>\n<li dir=\"ltr\">\n<p dir=\"ltr\">B\u01b0\u1edbc 1: M\u00e3ng c\u1ea7u t\u01b0\u01a1i v\u1eadn chuy\u1ec3n v\u1ec1 nh\u00e0 m\u00e1y s\u1ea3n xu\u1ea5t s\u1ebd \u0111\u01b0\u1ee3c mang \u0111i s\u01a1 ch\u1ebf v\u00e0 r\u1eeda s\u1ea1ch k\u1ef9 l\u01b0\u1ee1ng. Ch\u00fang s\u1ebd \u0111\u01b0\u1ee3c \u1ee7 ch\u00edn m\u1ed9t c\u00e1ch t\u1ef1 nhi\u00ean m\u00e0 kh\u00f4ng h\u1ec1 s\u1eed d\u1ee5ng \u0111\u1ebfn c\u00e1c lo\u1ea1i h\u00f3a ch\u1ea5t kh\u00e1c.<\/p>\n<\/li>\n<li dir=\"ltr\">\n<p dir=\"ltr\">B\u01b0\u1edbc 2: Sau khi m\u00e3ng c\u1ea7u ch\u00edn \u0111\u01b0\u1ee3c mang ra g\u1ecdt b\u1ecf h\u1ebft ph\u1ea7n v\u1ecf v\u00e0 t\u00e1ch b\u1ecf h\u1ea1t ch\u1ec9 l\u1ea5y th\u1ecbt b\u00ean trong. T\u1eebng th\u1edb th\u1ecbt m\u00e3ng c\u1ea7u \u0111\u01b0\u1ee3c cho v\u00e0o t\u00fai h\u00fat ch\u00e2n kh\u00f4ng v\u1edbi tr\u1ecdng l\u01b0\u1ee3ng t\u1eeb 1kg \u0111\u1ebfn 2kg t\u00f9y lo\u1ea1i.<\/p>\n<\/li>\n<li dir=\"ltr\">\n<p dir=\"ltr\">B\u01b0\u1edbc 3: T\u00fai m\u00e3ng c\u1ea7u \u0111\u01b0\u1ee3c \u0111\u00f4ng l\u1ea1nh b\u00ean trong kho \u0111\u00f4ng c\u1ee7a nh\u00e0 m\u00e1y cho \u0111\u1ebfn khi chuy\u1ec3n \u0111\u1ebfn tay ng\u01b0\u1eddi d\u00f9ng.<\/p>\n<\/li>\n<\/ul>\n<p dir=\"ltr\">M\u1ed7i m\u1ed9t c\u00f4ng d\u00e2n trong d\u00e2y chuy\u1ec1n s\u1ea3n xu\u1ea5t \u0111\u1ec1u ph\u1ea3i mang kh\u1ea9u trang bao tay v\u00e0 d\u1ee5ng c\u1ee5 v\u1ec7 sinh \u0111\u1ea7y \u0111\u1ee7. V\u00ec v\u1eady, m\u00e3ng c\u1ea7u l\u1ea1nh ho\u00e0n to\u00e0n s\u1ea1ch s\u1ebd, v\u00f4 tr\u00f9ng v\u00e0 kh\u00f4ng b\u1ecb t\u1ea5n c\u00f4ng b\u1edfi b\u1ea5t k\u1ef3 con khu\u1ea9n n\u00e0o.<\/p>\n<\/figure>\n<p>Ch\u00fang t\u00f4i li\u00ean k\u1ebft v\u1edbi c\u00e1c nh\u00e0 v\u01b0\u1eddn ch\u1ea5t l\u01b0\u1ee3ng cao. Ngo\u00e0i ra c\u00f2n h\u1ed7 tr\u1ee3 canh t\u00e1c, hay k\u1ef9 thu\u1eadt bao qu\u1ea3 theo ti\u00eau chu\u1ea9n Global Gap cho ng\u01b0\u1eddi d\u00e2n. \u0110\u1ec3 \u0111\u1ea3m b\u1ea3o s\u1ea3n ph\u1ea9m tr\u01b0\u1edbc khi \u0111\u01b0a v\u00e0o ch\u1ebf bi\u1ebfn \u0111\u1ec1u \u0111\u00e3 \u0111\u1ea1t ch\u1ea5t l\u01b0\u1ee3ng cao nh\u1ea5t.<\/p>\n<h2><strong>Quy tr\u00ecnh ch\u1ebf bi\u1ebfn M\u00e3ng C\u1ea7u xu\u1ea5t kh\u1ea9u \u0111\u1ea1t chu\u1ea9n qu\u1ed1c t\u1ebf<\/strong><\/h2>\n<p><img decoding=\"async\" class=\"aligncenter\" src=\"https:\/\/havamall.vn\/wp-content\/uploads\/2025\/03\/soursop-fruit.jpg\" alt=\"Can Dogs Eat Soursop? Is Soursop Good For Dogs? - Barking Royalty\" \/>Quy tr\u00ecnh ch\u1ebf bi\u1ebfn s\u1ebd \u0111\u01b0\u1ee3c ph\u00e2n chia th\u00e0nh c\u00e1c giai \u0111o\u1ea1n sau:<\/p>\n<ul>\n<li>X\u1eed l\u00fd v\u1edbi n\u01b0\u1edbc: \u1ede b\u01b0\u1edbc \u0111\u1ea7u ti\u00ean, M\u00e3ng c\u1ea7u \u0111\u01b0\u1ee3c r\u1eeda qua v\u1edbi n\u01b0\u1edbc s\u1ea1ch \u0111\u1ec3 lo\u1ea1i b\u1ecf nh\u1ef1a hay ch\u1ea5t b\u1ea9n tr\u00ean da. Sau \u0111\u00f3 \u0111\u01b0\u1ee3c ch\u1ea7n qua n\u01b0\u1edbc \u1ea5m \u1edf nhi\u1ec7t \u0111\u1ed9 45 \u0111\u1ed9 C. C\u00f4ng \u0111o\u1ea1n n\u00e0y gi\u00fap lo\u1ea1i b\u1ecf b\u00e0o t\u1eed n\u1ea5m, b\u1ea3o qu\u1ea3n \u0111\u01b0\u1ee3c l\u00e2u h\u01a1n v\u00e0 tr\u00e1nh th\u1ed1i \u0111\u1ea7u.<\/li>\n<li>L\u00e0m r\u00e1o: L\u00e0m r\u00e1o sau khi x\u1eed l\u00fd n\u01b0\u1edbc s\u1ebd gi\u00fap M\u00e3ng C\u1ea7u tr\u00e1nh t\u00ecnh tr\u1ea1ng h\u01b0 h\u1ecfng trong qu\u00e1 tr\u00ecnh v\u1eadn chuy\u1ec3n. Ngo\u00e0i ra da s\u1ebd gi\u1eef \u0111\u01b0\u1ee3c \u0111\u1ed9 s\u00e1ng b\u00f3ng v\u00e0 m\u00e0u s\u1eafc \u0111\u1eb9p t\u1ef1 nhi\u00ean.<\/li>\n<li>C\u1eaft g\u1ecdt v\u00e0 \u0111\u00f3ng g\u00f3i: T\u00f9y theo y\u00eau c\u1ea7u c\u1ee7a kh\u00e1ch h\u00e0ng m\u00e0 m\u00e3ng c\u1ea7u \u0111\u01b0\u1ee3c c\u1eaft l\u00e1t, c\u1eaft m\u00e1,\u2026 Sau \u0111\u00f3 \u0111\u01b0\u1ee3c \u0111\u01b0a v\u00e0o \u0111\u00f3ng g\u00f3i theo quy c\u00e1ch ph\u00f9 h\u1ee3p.<\/li>\n<li>C\u1ea5p \u0111\u00f4ng IQF: \u1ede b\u01b0\u1edbc cu\u1ed1i c\u00f9ng, m\u00e3ng c\u1ea7u sau khi xay nhuy\u1ec5n s\u1ebd \u0111\u01b0\u1ee3c \u0111\u01b0a v\u00e0o c\u1ea5p \u0111\u00f4ng nhanh IQF \u1edf nhi\u1ec7t \u0111\u1ed9 -18 \u0111\u1ed9 C. V\u00e0 \u0111\u01b0\u1ee3c b\u1ea3o qu\u1ea3n l\u1ea1nh ph\u00f9 h\u1ee3p trong qu\u00e1 tr\u00ecnh v\u1eadn chuy\u1ec3n \u0111\u1ebfn n\u01a1i mua h\u00e0ng.<\/li>\n<\/ul>\n<div class=\"kvgmc6g5 cxmmr5t8 oygrvhab hcukyx3x c1et5uql ii04i59q\">\n<p dir=\"auto\">S\u1ea3n ph\u1ea9m hi\u1ec7n \u0111\u00e3 c\u00f3 m\u1eb7t t\u1ea1i Havamall.<\/p>\n<p dir=\"ltr\">M\u00e3ng c\u1ea7u \u0111\u00f4ng l\u1ea1nh \u0111\u00e3 v\u00e0 \u0111ang l\u00e0m h\u00e0i l\u00f2ng m\u1ecdi kh\u00e1ch h\u00e0ng kh\u00f3 t\u00ednh kh\u00f4ng ch\u1ec9 b\u1edfi h\u01b0\u01a1ng v\u1ecb th\u01a1m ngon, m\u00e0 c\u00f2n b\u1edfi nhi\u1ec1u l\u1ee3i \u00edch n\u00f3 mang \u0111\u1ebfn. D\u01b0\u1edbi \u0111\u00e2y l\u00e0 nh\u1eefng l\u00fd do v\u00ec sao s\u1ea3n ph\u1ea9m n\u00e0y ho\u00e0n to\u00e0n thuy\u1ebft ph\u1ee5c m\u1ecdi ng\u01b0\u1eddi:<\/p>\n<h3 dir=\"ltr\"><strong>\u0110\u1ea3m b\u1ea3o \u0111\u01b0\u1ee3c h\u01b0\u01a1ng v\u1ecb v\u00e0 ch\u1ea5t l\u01b0\u1ee3ng<\/strong><\/h3>\n<p dir=\"ltr\">T\u00fai m\u00e3ng c\u1ea7u sau khi \u0111\u00f4ng l\u1ea1nh v\u1eabn gi\u1eef \u0111\u01b0\u1ee3c h\u01b0\u01a1ng v\u1ecb \u0111\u1eb7c tr\u01b0ng c\u1ee7a lo\u1ea1i qu\u1ea3 t\u01b0\u01a1i. \u0110\u00f3 l\u00e0 v\u1ecb ng\u1ecdt chua v\u00e0 c\u00f3 ch\u00fat thanh thanh. \u0110\u01b0a th\u1ecbt m\u00e3ng c\u1ea7u v\u00e0o mi\u1ec7ng, b\u1ea1n s\u1ebd c\u00f3 c\u1ea3m gi\u00e1c l\u1ea1nh l\u1ea1nh n\u01a1i \u0111\u1ea7u l\u01b0\u1ee1i, m\u1ed9t c\u1ea3m gi\u00e1c c\u1ef1c k\u1ef3 s\u1ea3ng kho\u00e1i.<\/p>\n<p dir=\"ltr\">N\u1ebfu b\u1ea1n kh\u00f4ng n\u00f3i ra, r\u1ea5t \u00edt ng\u01b0\u1eddi ph\u00e1t hi\u1ec7n r\u1eb1ng \u0111\u00f3 ch\u1ec9 l\u00e0 lo\u1ea1i m\u00e3ng c\u1ea7u \u0111\u01b0\u1ee3c \u0111\u00f4ng \u0111\u00e1 t\u1ea1i c\u00e1c nh\u00e0 m\u00e1y s\u1ea3n xu\u1ea5t.<\/p>\n<h3 dir=\"ltr\"><strong>M\u00e3ng c\u1ea7u \u0111\u00f4ng l\u1ea1nh c\u00f3 gi\u00e1 th\u00e0nh r\u1ebb<\/strong><\/h3>\n<p dir=\"ltr\">So v\u1edbi lo\u1ea1i m\u00e3ng c\u1ea7u t\u01b0\u01a1i c\u00f2n c\u1ea3 v\u1ecf l\u1eabn h\u1ea1t, nh\u1eefng t\u00fai m\u00e3ng c\u1ea7u \u0111\u01b0\u1ee3c \u0111\u00f4ng \u0111\u1eb7c c\u00f3 gi\u00e1 b\u00e1n r\u1ebb h\u01a1n kh\u00e1 nhi\u1ec1u. V\u00ec v\u1eady, n\u1ebfu b\u1ea1n \u0111ang \u1ea5p \u1ee7 m\u1edf m\u1ed9t c\u1eeda h\u00e0ng kinh doanh n\u01b0\u1edbc gi\u1ea3i kh\u00e1t, \u0111\u00e2y s\u1ebd l\u00e0 l\u1ef1a ch\u1ecdn tuy\u1ec7t v\u1eddi \u0111\u1ec3 b\u1ea1n ti\u1ebft ki\u1ec7m chi ph\u00ed v\u00e0 nhanh ho\u00e0n v\u1ed1n.<\/p>\n<h3 dir=\"ltr\"><strong>D\u1ec5 v\u1eadn chuy\u1ec3n v\u00e0 s\u1eed d\u1ee5ng<\/strong><\/h3>\n<p dir=\"ltr\">Mu\u1ed1n v\u1eadn chuy\u1ec3n m\u00e3ng c\u1ea7u t\u01b0\u01a1i \u0111\u1ebfn \u0111\u01b0\u1ee3c n\u01a1i c\u1ea7n \u0111\u1ebfn kh\u00f4ng ph\u1ea3i l\u00e0 chuy\u1ec7n d\u1ec5 d\u00e0ng. B\u1edfi n\u00f3 r\u1ea5t d\u1ec5 b\u1ecb h\u01b0 h\u1ecfng, d\u1eadp n\u00e1t do nhi\u1ec1u t\u00e1c \u0111\u1ed9ng kh\u00e1c nhau. \u0110\u00e3 th\u1ebf, m\u1ed7i l\u1ea7n mu\u1ed1n th\u01b0\u1edfng th\u1ee9c tr\u00e1i c\u00e2y, b\u1ea1n c\u00f2n ph\u1ea3i m\u1ea5t nhi\u1ec1u c\u00f4ng s\u1ee9c v\u00e0 th\u1eddi gian t\u00e1ch v\u1ecf b\u1ecf h\u1ea1t.<\/p>\n<p dir=\"ltr\">Nh\u01b0ng v\u1edbi lo\u1ea1i m\u00e3ng c\u1ea7u \u0111\u00f3ng t\u00fai, ng\u01b0\u1eddi ta c\u00f3 th\u1ec3 v\u1eadn chuy\u1ec3n s\u1ea3n ph\u1ea9m v\u00f4 t\u01b0 m\u00e0 kh\u00f4ng s\u1ee3 h\u01b0 hao. Khi n\u00e0o c\u1ea7n d\u00f9ng, ch\u1ec9 vi\u1ec7c khui m\u1edf ra l\u00e0 s\u1eed d\u1ee5ng ngay.<\/p>\n<h3 dir=\"ltr\"><strong>M\u00e3ng c\u1ea7u \u0111\u00f3ng t\u00fai d\u00f9ng \u0111\u1ebfn 2 n\u0103m<\/strong><\/h3>\n<p dir=\"ltr\">M\u1ed9t \u0111i\u1ec1u tuy\u1ec7t v\u1eddi n\u1eefa \u1edf lo\u1ea1i m\u00e3ng c\u1ea7u \u0111\u00f3ng t\u00fai m\u00e0 m\u00e3ng c\u1ea7u t\u01b0\u01a1i kh\u00f4ng c\u00f3 l\u00e0 th\u1eddi h\u1ea1n s\u1eed d\u1ee5ng k\u00e9o d\u00e0i. B\u1ea1n c\u00f3 th\u1ec3 y\u00ean t\u00e2m th\u01b0\u1edfng th\u1ee9c t\u00fai m\u00e3ng c\u1ea7u t\u1eeb ng\u00e0y n\u00e0y qua ng\u00e0y kh\u00e1c v\u00e0 th\u1eadm ch\u00ed l\u00e0 k\u00e9o d\u00e0i \u0111\u1ebfn 2 n\u0103m.<\/p>\n<p dir=\"ltr\">B\u1edfi v\u00ec lo\u1ea1i m\u00e3ng c\u1ea7u n\u00e0y \u00edt b\u1ecb th\u1eddi ti\u1ebft, c\u00f4n tr\u00f9ng t\u00e1c \u0111\u1ed9ng n\u1ebfu \u0111\u01b0\u1ee3c b\u1ea3o qu\u1ea3n trong \u0111i\u1ec1u ki\u1ec7n ti\u00eau chu\u1ea9n.<\/p>\n<h3><strong>\u0110\u1eb7c \u0111i\u1ec3m n\u1ed5i b\u1eadt c\u1ee7a s\u1ea3n ph\u1ea9m:<\/strong><\/h3>\n<p>\u2013 C\u00f4ng ngh\u1ec7 l\u00e0m l\u1ea1nh nhanh gi\u00fap gi\u1eef nguy\u00ean v\u1eb9n m\u00f9i v\u1ecb v\u00e0 ch\u1ea5t dinh d\u01b0\u1ee1ng c\u00f3 trong tr\u00e1i c\u00e2y<\/p>\n<p>\u2013 S\u1ea3n ph\u1ea9m \u0111\u01b0\u1ee3c \u0111\u00f3ng g\u00f3i gi\u00fap b\u1ea3o qu\u1ea3n d\u1ec5 d\u00e0ng h\u01a1n<\/p>\n<p>\u2013 C\u00f3 th\u1ec3 s\u1eed d\u1ee5ng v\u00e0 b\u1ea3o qu\u1ea3n trong th\u1eddi gian d\u00e0i<\/p>\n<\/div>\n<\/div>\n<\/div>\n<\/div>\n<\/div>\n<\/div>\n<\/div>\n<\/div>\n<\/div>\n<\/div>\n<\/div>\n<p>\u2013 T\u1eeb tr\u00e1i c\u00e2y ch\u00edn m\u1ecdng \u0111\u01b0\u1ee3c l\u1ef1a ch\u1ecdn k\u0129 l\u01b0\u1ee1ng t\u1eeb h\u1ec7 th\u1ed1ng cung c\u1ea5p c\u1ee7a ch\u00fang t\u00f4i<\/p>\n<p>\u2013 \u0110\u01b0\u1ee3c ph\u00e2n lo\u1ea1i t\u1eadn tay v\u00e0 ch\u1ecdn l\u1ecdc ch\u1eb7t ch\u1ebd tr\u01b0\u1edbc khi \u0111\u00f3ng g\u00f3i<\/p>\n<p>\u2013 Tr\u00e1i c\u00e2y \u0111\u01b0\u1ee3c ch\u1ecdn t\u1eeb nh\u1eefng ngu\u1ed3n v\u00e0 gi\u1ed1ng t\u1ed1t nh\u1ea5t<\/p>\n<p><img fetchpriority=\"high\" decoding=\"async\" class=\"aligncenter\" src=\"https:\/\/havamall.vn\/wp-content\/uploads\/2025\/03\/soursop_annotated-a2f0e02e074f41939aefcf52274d8b92.jpg\" alt=\"Soursop Nutrition Facts and Health Benefits\" width=\"845\" height=\"563\" \/><\/p>\n<h2 dir=\"ltr\"><strong>N\u01a1i b\u00e1n m\u00e3ng c\u1ea7u \u0111\u00f3ng t\u00fai ngon ng\u1ea5t ng\u00e2y<\/strong><\/h2>\n<p dir=\"ltr\">Hi\u1ec7n nay, m\u00e3ng c\u1ea7u \u0111\u00f4ng \u0111\u00e1 \u0111\u01b0\u1ee3c cung c\u1ea5p r\u1ed9ng r\u00e3i t\u1ea1i r\u1ea5t nhi\u1ec1u c\u1eeda h\u00e0ng kinh doanh. Nh\u01b0ng \u0111\u1ec3 t\u00ecm \u0111\u01b0\u1ee3c cho m\u00ecnh s\u1ea3n ph\u1ea9m \u0111\u00f4ng l\u1ea1nh th\u01a1m ngon nh\u1ea5t, b\u1ea1n h\u00e3y li\u00ean h\u1ec7 v\u1edbi Havamall.<\/p>\n<p dir=\"ltr\">Ch\u00fang t\u00f4i chuy\u00ean nh\u1eadp kh\u1ea9u v\u00e0 ph\u00e2n ph\u1ed1i m\u00e3ng c\u1ea7u \u0111\u00f4ng l\u1ea1nh, m\u00edt \u0111\u00f4ng l\u1ea1nh, b\u01a1 \u0111\u00f4ng l\u1ea1nh v\u00e0 t\u1ea5t c\u1ea3 c\u00e1c lo\u1ea1i tr\u00e1i c\u00e2y \u0111\u00f4ng l\u1ea1nh kh\u00e1c tr\u00ean th\u1ecb tr\u01b0\u1eddng<\/p>\n<p dir=\"ltr\">\u0110i\u1ec3m kh\u00e1c bi\u1ec7t c\u1ee7a Havamall so v\u1edbi nh\u1eefng \u0111\u01a1n v\u1ecb kinh doanh kh\u00e1c l\u00e0 ch\u00fang t\u00f4i lu\u00f4n \u00e1p d\u1ee5ng m\u1ee9c gi\u00e1 \u01b0u \u0111\u00e3i v\u00e0 h\u1ed7 tr\u1ee3 v\u1eadn chuy\u1ec3n \u0111\u1ebfn t\u1eadn nh\u00e0. T\u00fai m\u00e3ng c\u1ea7u \u0111\u01b0\u1ee3c b\u1ea3o h\u00e0nh ch\u1ea5t l\u01b0\u1ee3ng trong su\u1ed1t qu\u00e1 tr\u00ecnh chuy\u00ean ch\u1edf v\u00e0 cho \u0111\u1ebfn khi trao v\u00e0o tay kh\u00e1ch h\u00e0ng.<\/p>\n<p dir=\"ltr\">Quy c\u00e1ch \u0111\u00f3ng g\u00f3i s\u1ea3n ph\u1ea9m: 1kg b\u1ecdc t\u00fai PE c\u00e1ch nhi\u1ec7t c\u1ea5p \u0111\u00f4ng \u00e2m s\u00e2u 40 \u0111\u1ed9\u00a0\u0111\u1ea3m b\u1ea3o ti\u1ec3u chu\u1ea9n IQF<\/p>\n<p dir=\"ltr\">Havamall \u0111ang \u00e1p d\u1ee5ng nhi\u1ec1u ch\u01b0\u01a1ng tr\u00ecnh khuy\u1ebfn m\u00e3i h\u1ea5p d\u1eabn d\u00e0nh cho c\u00e1c s\u1ea3n ph\u1ea9m t\u1ea1i c\u1eeda h\u00e0ng. B\u1ea1n h\u00e3y li\u00ean h\u1ec7 ngay \u0111\u1ec3 \u0111\u01b0\u1ee3c b\u00e1o gi\u00e1\u00a0<strong>m\u00e3ng c\u1ea7u \u0111\u00f4ng l\u1ea1nh<\/strong>\u00a0th\u01a1m ngon b\u1ed5 d\u01b0\u1ee1ng. Ch\u1eafc ch\u1eafn, b\u1ea1n s\u1ebd kh\u00f4ng bao gi\u1edd c\u01b0\u1ee1ng l\u1ea1i \u0111\u01b0\u1ee3c h\u01b0\u01a1ng v\u1ecb quy\u1ebfn r\u0169 c\u1ee7a t\u00fai m\u00e3ng c\u1ea7u t\u1ea1i Havamall.<\/p>\n<p><strong>H\u01b0\u1edbng d\u1eabn b\u1ea3o qu\u1ea3n:<\/strong>\u00a0B\u1ea3o qu\u1ea3n t\u1ee7 \u0111\u00f4ng d\u01b0\u1edbi 18 \u0111\u1ed9 C, ch\u1ec9 r\u00e3 \u0111\u00f4ng s\u1ed1 l\u01b0\u1ee3ng v\u1eeba \u0111\u1ee7, kh\u00f4ng r\u00e3 \u0111\u00f4ng h\u1ebft. L\u01b0u \u00fd s\u1ea3n ph\u1ea9m \u0111\u00e3 r\u00e3 \u0111\u00f4ng kh\u00f4ng b\u1ea3o qu\u1ea3n \u0111\u00f4ng l\u1ea1i.<\/p>","protected":false},"excerpt":{"rendered":"<p>Xu\u1ea5t x\u1ee9 Vi\u1ec7t Nam Th\u00e0nh ph\u1ea7n 100% M\u00e3ng C\u1ea7u C\u1ea5p \u0110\u00f4ng H\u1ea1n s\u1eed d\u1ee5ng 36 th\u00e1ng k\u1ec3 t\u1eeb ng\u00e0y s\u1ea3n<\/p>","protected":false},"featured_media":29548,"comment_status":"open","ping_status":"closed","template":"","meta":[],"product_brand":[],"product_cat":[677,678,36],"product_tag":[],"class_list":{"0":"post-29547","1":"product","2":"type-product","3":"status-publish","4":"has-post-thumbnail","6":"product_cat-cac-nuoc-khac","7":"product_cat-trai-cay-dong-lanh","8":"product_cat-thuc-pham-tieu-dung","10":"first","11":"instock","12":"sale","13":"shipping-taxable","14":"purchasable","15":"product-type-simple"},"_links":{"self":[{"href":"https:\/\/havamall.vn\/en\/wp-json\/wp\/v2\/product\/29547"}],"collection":[{"href":"https:\/\/havamall.vn\/en\/wp-json\/wp\/v2\/product"}],"about":[{"href":"https:\/\/havamall.vn\/en\/wp-json\/wp\/v2\/types\/product"}],"replies":[{"embeddable":true,"href":"https:\/\/havamall.vn\/en\/wp-json\/wp\/v2\/comments?post=29547"}],"version-history":[{"count":0,"href":"https:\/\/havamall.vn\/en\/wp-json\/wp\/v2\/product\/29547\/revisions"}],"wp:featuredmedia":[{"embeddable":true,"href":"https:\/\/havamall.vn\/en\/wp-json\/wp\/v2\/media\/29548"}],"wp:attachment":[{"href":"https:\/\/havamall.vn\/en\/wp-json\/wp\/v2\/media?parent=29547"}],"wp:term":[{"taxonomy":"product_brand","embeddable":true,"href":"https:\/\/havamall.vn\/en\/wp-json\/wp\/v2\/product_brand?post=29547"},{"taxonomy":"product_cat","embeddable":true,"href":"https:\/\/havamall.vn\/en\/wp-json\/wp\/v2\/product_cat?post=29547"},{"taxonomy":"product_tag","embeddable":true,"href":"https:\/\/havamall.vn\/en\/wp-json\/wp\/v2\/product_tag?post=29547"}],"curies":[{"name":"wp","href":"https:\/\/api.w.org\/{rel}","templated":true}]}}