{"id":29541,"date":"2022-11-22T16:00:39","date_gmt":"2022-11-22T09:00:39","guid":{"rendered":"https:\/\/havamall.vn\/?post_type=product&#038;p=29541"},"modified":"2023-01-13T10:09:53","modified_gmt":"2023-01-13T03:09:53","slug":"keo-socola-nhan-sua-ailisha-hop-trai-tim-190gr","status":"publish","type":"product","link":"https:\/\/havamall.vn\/en\/shop\/keo-socola-nhan-sua-ailisha-hop-trai-tim-190gr\/","title":{"rendered":"K\u1eb9o Socola Nh\u00e2n S\u1eefa Ailisha H\u1ed9p Tr\u00e1i Tim 190gr"},"content":{"rendered":"<p>Socola Ailisha \u201cxu\u1ea5t th\u00e2n\u201d t\u1eeb m\u1ed9t th\u01b0\u01a1ng hi\u1ec7u tr\u00e1ng mi\u1ec7ng n\u1ed5i ti\u1ebfng th\u1ebf gi\u1edbi. Tuy kh\u00f4ng s\u1edf h\u1eefu qu\u00e1 nhi\u1ec1u h\u01b0\u01a1ng v\u1ecb nh\u01b0ng m\u1ed7i s\u1ea3n ph\u1ea9m m\u00e0 Socola Golden mang \u0111\u1ebfn \u0111\u1ec1u \u0111\u1eb7c bi\u1ec7t v\u00e0 th\u01a1m ngon \u0111\u1ebfn l\u1ea1. Trong s\u1ed1 \u0111\u00f3 ph\u1ea3i k\u1ec3 \u0111\u1ebfn Socola Ailisha \u2013 M\u1ed9t phi\u00ean b\u1ea3n qu\u00e0 t\u1eb7ng ho\u00e0n h\u1ea3o cho d\u1ecbp n\u0103m m\u1edbi v\u00e0 ng\u00e0y l\u1ec5 t\u00ecnh nh\u00e2n \u0111ang \u0111\u1ebfn g\u1ea7n.<\/p>\n<div dir=\"auto\">Chocolate ailisha lo\u1ea1i k\u1eb9o vi\u00ean nhi\u1ec1u l\u1edbp: l\u1edbp ngo\u00e0i c\u00f9ng l\u00e0 s\u00f4-c\u00f4-la nghi\u1ec1n v\u1edbi h\u1ea1t d\u1ebb, ti\u1ebfp theo l\u00e0 m\u1ed9t l\u1edbp b\u00e1nh m\u1ecfng, gi\u00f2n, tan ngay trong mi\u1ec7ng. B\u00ean trong l\u1edbp v\u1ecf b\u00e1nh l\u00e0 s\u00f4-c\u00f4-la nguy\u00ean ch\u1ea5t v\u00e0 cu\u1ed1i c\u00f9ng l\u00e0 h\u1ea1t d\u1ebb th\u01a1m ngon. M\u1ed7i vi\u00ean c\u00f3 m\u00f9i v\u1ecb gi\u1ed1ng nhau, \u0111\u01b0\u1ee3c b\u1ecdc b\u1edfi l\u1edbp v\u1ecf m\u00e0u v\u00e0ng b\u00ean ngo\u00e0i nh\u01b0 m\u1ed9t vi\u00ean ng\u1ecdc qu\u00fd.<\/div>\n<div dir=\"auto\">H\u1ed9p \u0111\u01b0\u1ee3c thi\u1ebft k\u1ebf sanh ch\u1ea3nh, b\u1eaft m\u1eaft. V\u1ecb ngon v\u00f4 \u0111\u1ed1i. Th\u00edch h\u1ee3p c\u1ea3 l\u00e0m qu\u00e0 t\u1eb7ng.<\/div>\n<div dir=\"auto\"><\/div>\n<div dir=\"auto\"><img fetchpriority=\"high\" decoding=\"async\" class=\"alignright\" src=\"https:\/\/havamall.vn\/wp-content\/uploads\/2022\/11\/socola-nhan-sua-ailisha-hop-trai-tim-png-1668478566-15112022091606.png\" alt=\"Socola nh\u00e2n s\u1eefa Ailisha h\u1ed9p tr\u00e1i tim\" width=\"579\" height=\"579\" \/><\/div>\n<div dir=\"auto\"><img decoding=\"async\" class=\"alignleft\" src=\"https:\/\/havamall.vn\/wp-content\/uploads\/2022\/11\/socola-nhan-sua-ailisha-hop-trai-tim-png-1668478570-15112022091610.png\" alt=\"Socola nh\u00e2n s\u1eefa Ailisha h\u1ed9p tr\u00e1i tim\" width=\"583\" height=\"583\" \/><\/div>\n<div dir=\"auto\">\n<p>Ailisha l\u00e0 h\u00e3ng n\u1ed9i \u0111\u1ecba, b\u1ea3n dupe ho\u00e0n h\u1ea3o v\u1edbi Socola Rocher.<\/p>\n<div dir=\"auto\">&#8211; Th\u00e0nh ph\u1ea7n: S\u00f4 c\u00f4 la s\u1eefa, cacao, s\u1eefa b\u1ed9t nguy\u00ean kem, h\u1ea1nh nh\u00e2n, d\u1ea7u th\u1ef1c v\u1eadt&#8230;<\/div>\n<div dir=\"auto\">&#8211; K\u1eb9o Socola S\u1eefa H\u1ea1nh Nh\u00e2n Alisa Nhi\u1ec1u V\u1ecb C\u1ef1c Ngon l\u00e0 m\u00f3n \u0103n \u0111\u01b0\u1ee3c r\u1ea5t nhi\u1ec1u tr\u1ebb nho y\u00eau th\u00edch, v\u1edbi nhi\u1ec1u h\u00ecnh d\u00e1ng b\u1eaft m\u1eaft ch\u1eafc h\u1eb3n b\u00e9 n\u00e0o c\u0169ng th\u00edch kh\u00f4ng ch\u1ec9 \u0111\u1eb9p m\u00e0 \u0103n l\u1ea1i<\/div>\n<div dir=\"auto\">&#8211; \u0110\u1ed9c \u0111\u00e1o h\u01a1n n\u1eefa l\u00e0 chi\u1ebfc h\u1ed9p socola v\u1edbi nhi\u1ec1u h\u00ecnh th\u00f9 b\u1eaft m\u1eaft: tr\u00e1i tim, b\u00f3ng, \u0111\u1ed3ng ti\u1ec1n, Socola th\u00e1i tr\u1edf th\u00e0nh m\u00f3n qu\u00e0 \u0111\u1ea7y \u00fd ngh\u0129a v\u00e0 sang tr\u1ecdng trong c\u00e1c d\u1ecbp l\u1ec5 t\u1ebft<\/div>\n<\/div>\n<div dir=\"auto\"><\/div>\n<div dir=\"auto\"><\/div>\n<div dir=\"auto\">\n<div><\/div>\n<div>\n<p><b><u>C\u00f4ng D\u1ee5ng:<\/u><\/b><\/p>\n<div>&#8211; Socola ch\u1ee9a l\u01b0\u1ee3ng magie d\u1ed3i d\u00e0o, gi\u00fap \u0111i\u1ec1u h\u00f2a c\u01a1 th\u1ec3 v\u00e0 l\u00e0m gi\u1ea3m huy\u1ebft \u00e1p. N\u00f3 c\u0169ng ch\u1ee9a m\u1ed9t ch\u1ea5t h\u00f3a h\u1ecdc \u0111\u01b0\u1ee3c g\u1ecdi l\u00e0 PEA gi\u00fap g\u1eedi th\u00f4ng \u0111i\u1ec7p h\u01b0ng ph\u1ea5n cho n\u00e3o v\u00e0 l\u00e0m to\u00e0n b\u1ed9 c\u01a1 th\u1ec3 tr\u1edf n\u00ean b\u00ecnh t\u0129nh h\u01a1n. \u0110\u00f3 l\u00e0 l\u00fd do t\u1ea1i sao h\u1ea7u h\u1ebft ph\u1ee5 n\u1eef n\u00ean \u0103n socola khi \u0111ang c\u0103ng th\u1eb3ng s\u1ebd r\u1ea5t c\u00f3 l\u1ee3i<br \/>\n&#8211; S\u1ea3n ph\u1ea9m \u0111\u01b0\u1ee3c l\u00e0m t\u1eeb th\u00e0nh ph\u1ea7n cacao nguy\u00ean ch\u1ea5t, \u0111\u01b0\u1ee3c l\u1ef1a ch\u1ecdn k\u1ef9 l\u01b0\u1ee1ng, kh\u00f4ng ch\u1ec9 cung c\u1ea5p n\u0103ng l\u01b0\u1ee3ng v\u00e0 m\u1ed9t s\u1ed1 vitamin c\u1ea7n thi\u1ebft cho c\u01a1 th\u1ec3 m\u00e0 c\u00f2n mang \u0111\u1ebfn nhi\u1ec1u l\u1ee3i \u00edch cho s\u1ee9c kh\u1ecfe nh\u01b0: gi\u1ea3m huy\u1ebft \u00e1p, ch\u1ed1ng vi\u00eam nhi\u1ec5m, \u0111i\u1ec1u h\u00f2a insulin, ph\u00f2ng ng\u1eeba b\u1ec7nh tim, c\u1ea3i thi\u1ec7n t\u00e2m tr\u1ea1ng<\/div>\n<ul>\n<li>Kh\u00f4ng ch\u1ec9 l\u00e0 m\u00f3n \u0103n v\u1eb7t h\u1ea5p d\u1eabn, \u0103n socola c\u00f2n mang l\u1ea1i nhi\u1ec1u l\u1ee3i \u00edch cho s\u1ee9c kh\u1ecfe c\u1ee7a b\u1ea1n \u0111\u1ea5y!<\/li>\n<li>Socola ch\u1ee9a ch\u1ea5t\u00a0<em><strong>ch\u1ed1ng oxy h\u00f3a<\/strong><\/em>\u00a0m\u1ea1nh, gi\u00fap b\u1ea3o v\u1ec7 t\u1ebf b\u00e0o tr\u01b0\u1edbc g\u1ed1c t\u1ef1 do.<\/li>\n<li>Socola cung c\u1ea5p n\u0103ng l\u01b0\u1ee3ng, ch\u1ed1ng \u0111\u00f3i, m\u1ec7t m\u1ecfi.<\/li>\n<li>Th\u00fac \u0111\u1ea9y tinh th\u1ea7n vui v\u1ebb, h\u1ea1nh ph\u00fac, gi\u1ea3m b\u1edbt stress c\u0103ng th\u1eb3ng.<\/li>\n<\/ul>\n<p><img decoding=\"async\" class=\"aligncenter\" src=\"https:\/\/havamall.vn\/wp-content\/uploads\/2022\/11\/socola-nhan-sua-ailisha-hop-trai-tim-6372f64d1da8e-15112022091541.png\" alt=\"Socola Nh\u00e2n S\u1eefa Ailisha H\u1ed9p Tr\u00e1i Tim\" \/><\/p>\n<ul>\n<li>B\u1ed5 sung vi kho\u00e1ng c\u00f3 l\u1ee3i cho s\u1ee9c kh\u1ecfe.<\/li>\n<li>\u0102n socola t\u1ed1t cho m\u1ea1ch m\u00e1u, gi\u1ea3m thi\u1ec3u nguy c\u01a1 \u0111\u1ed9t qu\u1ef5, \u0111au tim, \u0111i\u1ec1u h\u00f2a huy\u1ebft \u00e1p<\/li>\n<li>Ngo\u00e0i ra socola t\u1ed1t cho tr\u1ebb em, b\u00e0 b\u1ea7u<\/li>\n<li>\u0102n<strong>\u00a0Chocolate<\/strong>\u00a0\u0111\u00fang c\u00e1ch h\u1ed7 tr\u1ee3\u00a0<em><strong>\u0103n ki\u00eang<\/strong><\/em>\u00a0c\u1ef1c k\u1ef3 hi\u1ec7u qu\u1ea3.<\/li>\n<\/ul>\n<h3>H\u01b0\u1edbng d\u1eabn s\u1eed d\u1ee5ng<\/h3>\n<p>\u0102n ngay sau khi l\u1ea5y ra kh\u1ecfi h\u1ed9p.<br \/>\nSau khi m\u1edf n\u1eafp, \u0111\u1eady k\u00edn n\u1eafp v\u00e0 b\u1ea3o qu\u1ea3n trong t\u1ee7 l\u1ea1nh.<br \/>\nB\u1ea1n c\u00f3 th\u1ec3 d\u00f9ng chung v\u1edbi tr\u00e0, s\u1ebd r\u1ea5t tuy\u1ec7t v\u1eddi \u0111\u1ea5y.<\/p>\n<p><strong>*Ch\u00fa \u00fd:<\/strong><\/p>\n<p>\u0110\u1ecdc k\u1ef9 th\u00e0nh ph\u1ea7n s\u1ea3n ph\u1ea9m, kh\u00f4ng s\u1eed d\u1ee5ng s\u1ea3n ph\u1ea9m n\u1ebfu b\u1ecb d\u1ecb \u1ee9ng v\u1edbi b\u1ea5t c\u1ee9 th\u00e0nh ph\u1ea7n n\u00e0o.<br \/>\nB\u1ea3o qu\u1ea3n n\u01a1i kh\u00f4 tho\u00e1ng, tr\u00e1nh nhi\u1ec7t \u0111\u1ed9 cao.<\/p>\n<\/div>\n<div><\/div>\n<\/div>","protected":false},"excerpt":{"rendered":"<p>Socola Ailisha \u201cxu\u1ea5t th\u00e2n\u201d t\u1eeb m\u1ed9t th\u01b0\u01a1ng hi\u1ec7u tr\u00e1ng mi\u1ec7ng n\u1ed5i ti\u1ebfng th\u1ebf gi\u1edbi. Tuy kh\u00f4ng s\u1edf h\u1eefu qu\u00e1 nhi\u1ec1u<\/p>","protected":false},"featured_media":29753,"comment_status":"open","ping_status":"closed","template":"","meta":[],"product_brand":[],"product_cat":[36,133],"product_tag":[],"class_list":{"0":"post-29541","1":"product","2":"type-product","3":"status-publish","4":"has-post-thumbnail","6":"product_cat-thuc-pham-tieu-dung","7":"product_cat-banh-keo-chocolate","9":"first","10":"outofstock","11":"sale","12":"shipping-taxable","13":"purchasable","14":"product-type-simple"},"_links":{"self":[{"href":"https:\/\/havamall.vn\/en\/wp-json\/wp\/v2\/product\/29541"}],"collection":[{"href":"https:\/\/havamall.vn\/en\/wp-json\/wp\/v2\/product"}],"about":[{"href":"https:\/\/havamall.vn\/en\/wp-json\/wp\/v2\/types\/product"}],"replies":[{"embeddable":true,"href":"https:\/\/havamall.vn\/en\/wp-json\/wp\/v2\/comments?post=29541"}],"version-history":[{"count":0,"href":"https:\/\/havamall.vn\/en\/wp-json\/wp\/v2\/product\/29541\/revisions"}],"wp:featuredmedia":[{"embeddable":true,"href":"https:\/\/havamall.vn\/en\/wp-json\/wp\/v2\/media\/29753"}],"wp:attachment":[{"href":"https:\/\/havamall.vn\/en\/wp-json\/wp\/v2\/media?parent=29541"}],"wp:term":[{"taxonomy":"product_brand","embeddable":true,"href":"https:\/\/havamall.vn\/en\/wp-json\/wp\/v2\/product_brand?post=29541"},{"taxonomy":"product_cat","embeddable":true,"href":"https:\/\/havamall.vn\/en\/wp-json\/wp\/v2\/product_cat?post=29541"},{"taxonomy":"product_tag","embeddable":true,"href":"https:\/\/havamall.vn\/en\/wp-json\/wp\/v2\/product_tag?post=29541"}],"curies":[{"name":"wp","href":"https:\/\/api.w.org\/{rel}","templated":true}]}}