{"id":29520,"date":"2022-11-22T10:40:57","date_gmt":"2022-11-22T03:40:57","guid":{"rendered":"https:\/\/havamall.vn\/?post_type=product&#038;p=29520"},"modified":"2023-01-13T10:10:12","modified_gmt":"2023-01-13T03:10:12","slug":"bot-socola-hoa-tan-rich-milk-chocolate-classic-nestle-121g","status":"publish","type":"product","link":"https:\/\/havamall.vn\/en\/shop\/bot-socola-hoa-tan-rich-milk-chocolate-classic-nestle-121g\/","title":{"rendered":"B\u1ed9t Socola Ho\u00e0 Tan Rich Milk Chocolate Classic Nestle 121g"},"content":{"rendered":"<p>Nestl\u00e9 Socola Rich Milk l\u00e0 th\u01b0\u01a1ng hi\u1ec7u ca cao s\u1eefa c\u00f3 di s\u1ea3n h\u01a1n 100 n\u0103m t\u1ea1i M\u1ef9. T\u1eeb nh\u1eefng h\u1ea1t cacao nguy\u00ean ch\u1ea5t \u0111\u01b0\u1ee3c tr\u1ed3ng &amp; ch\u1ecdn l\u1ecdc k\u0129 l\u01b0\u1ee1ng theo m\u00f4 h\u00ecnh b\u1ec1n v\u1eefng c\u1ee7a ch\u01b0\u01a1ng tr\u00ecnh Nestl\u00e9 Cocoa Plan, s\u1ea3n ph\u1ea9m \u0111em \u0111\u1ebfn ly ca cao truy\u1ec1n th\u1ed1ng M\u1ef9. H\u01b0\u01a1ng th\u01a1m d\u1ecbu nh\u1eb9, ng\u1ecdt ng\u00e0o h\u00f2a quy\u1ec7n gi\u1eefa v\u1ecb b\u00e9o th\u01a1m c\u1ee7a s\u1eefa c\u00f9ng v\u1ecb ca cao \u0111\u1eadm \u0111\u00e0, l\u00e0 l\u1ef1a ch\u1ecdn ho\u00e0n h\u1ea3o cho bu\u1ed5i t\u1ed1i nh\u1eb9 nh\u00e0ng y\u00ean b\u00ecnh c\u1ee7a ri\u00eang b\u1ea1n.<\/p>\n<p>Nestl\u00e9 l\u00e0 t\u1eadp \u0111o\u00e0n th\u1ef1c ph\u1ea9m, dinh d\u01b0\u1ee1ng v\u00e0 th\u1ee9c u\u1ed1ng l\u1edbn tr\u00ean th\u1ebf gi\u1edbi v\u1edbi b\u1ec1 d\u00e0y l\u1ecbch s\u1eed h\u01a1n 150 n\u0103m kinh nghi\u1ec7m kh\u00f4ng ng\u1eebng c\u1ea3i ti\u1ebfn v\u00e0 ph\u00e1t tri\u1ec3n. V\u1edbi h\u01a1n 2000 nh\u00e3n hi\u1ec7u kh\u00e1c nhau, t\u1eeb c\u00e1c th\u01b0\u01a1ng hi\u1ec7u bi\u1ec3u t\u01b0\u1ee3ng to\u00e0n c\u1ea7u cho \u0111\u1ebfn c\u00e1c th\u01b0\u01a1ng hi\u1ec7u \u0111\u1ecba ph\u01b0\u01a1ng \u0111\u01b0\u1ee3c y\u00eau th\u00edch, m\u1ee5c \u0111\u00edch c\u1ee7a Nestl\u00e9 l\u00e0 n\u00e2ng cao ch\u1ea5t l\u01b0\u1ee3ng cu\u1ed9c s\u1ed1ng v\u00e0 g\u00f3p ph\u1ea7n v\u00e0o m\u1ed9t t\u01b0\u01a1ng lai kh\u1ecfe m\u1ea1nh h\u01a1n<\/p>\n<p><img fetchpriority=\"high\" decoding=\"async\" class=\"wp-image-29522 aligncenter\" src=\"https:\/\/havamall.vn\/wp-content\/uploads\/2022\/11\/878-300x300.png\" alt=\"\" width=\"587\" height=\"587\" srcset=\"https:\/\/havamall.vn\/wp-content\/uploads\/2022\/11\/878-300x300.png 300w, https:\/\/havamall.vn\/wp-content\/uploads\/2022\/11\/878-430x430.png 430w, https:\/\/havamall.vn\/wp-content\/uploads\/2022\/11\/878-150x150.png 150w, https:\/\/havamall.vn\/wp-content\/uploads\/2022\/11\/878-700x700.png 700w, https:\/\/havamall.vn\/wp-content\/uploads\/2022\/11\/878-768x768.png 768w, https:\/\/havamall.vn\/wp-content\/uploads\/2022\/11\/878-600x600.png 600w, https:\/\/havamall.vn\/wp-content\/uploads\/2022\/11\/878-100x100.png 100w, https:\/\/havamall.vn\/wp-content\/uploads\/2022\/11\/878.png 800w\" sizes=\"(max-width: 587px) 100vw, 587px\" \/>\u0110\u1eb6C \u0110I\u1ec2M N\u1ed4I B\u1eacT<\/p>\n<p>&#8211; Nh\u1eadp kh\u1ea9u t\u1eeb M\u1ef9<\/p>\n<p>&#8211; Di s\u1ea3n h\u01b0\u01a1ng v\u1ecb ca cao s\u1eefa truy\u1ec1n th\u1ed1ng h\u01a1n 100 n\u0103m c\u1ee7a ng\u01b0\u1eddi M\u1ef9.<\/p>\n<p>&#8211; S\u1ea3n ph\u1ea9m kh\u00f4ng ch\u1ee9a caffeine.<\/p>\n<p>&#8211; H\u1ea1t cacao nguy\u00ean ch\u1ea5t \u0111\u01b0\u1ee3c ch\u1ecdn l\u1ecdc c\u1ea9n tr\u1ecdng.<\/p>\n<p>&#8211; Bao b\u00ec gi\u1ea5y th\u00e2n thi\u1ec7n v\u1edbi m\u00f4i tr\u01b0\u1eddng.<\/p>\n<p><img decoding=\"async\" class=\"aligncenter\" src=\"https:\/\/havamall.vn\/wp-content\/uploads\/2022\/11\/8e7bd05e6f24eb67a28af58e4a237644.jpg\" alt=\"rich milk chocolate nestle Ch\u1ea5t L\u01b0\u1ee3ng, Gi\u00e1 T\u1ed1t | Lazada.vn\" \/><\/p>\n<p>L\u01afU \u00dd<\/p>\n<p>S\u1ea3n ph\u1ea9m c\u00f3 ch\u1ee9a th\u00e0nh ph\u1ea7n t\u1eeb s\u1eefa. C\u00f3 th\u1ec3 ch\u1ee9a \u0111\u1eadu n\u00e0nh v\u00e0 l\u00faa m\u00ec.<\/p>\n<p>H\u01af\u1edaNG D\u1eaaN S\u1eec D\u1ee4NG<\/p>\n<p><img decoding=\"async\" class=\"aligncenter\" src=\"https:\/\/havamall.vn\/wp-content\/uploads\/2022\/11\/5113nylb7dl.jpg\" alt=\"B\u1ed9t Cacao h\u00f2a tan Nestle Classic Rich Milk Chocolate h\u1ed9p 121.2gr (6 g\u00f3i) | Can.D Confectionery\" \/><br \/>\n+ Pha 2-3 th\u00eca b\u1ed9t cacao v\u00e0o m\u1ed9t c\u1ed1c n\u01b0\u1edbc n\u00f3ng r\u1ed3i khu\u1ea5y \u0111\u1ec1u v\u00e0 u\u1ed1ng li\u1ec1n.<br \/>\n+ C\u00f3 th\u1ec3 pha c\u00f9ng v\u1edbi s\u1eefa t\u01b0\u01a1i, s\u1eefa n\u00f3ng, s\u1eefa \u0111\u1eb7c, s\u1eefa b\u1ed9t, s\u1eefa c\u00f4ng th\u1ee9c&#8230;\u0111\u1ec3 t\u0103ng h\u01b0\u01a1ng v\u1ecb.<br \/>\n+ Ho\u1eb7c c\u00f3 th\u1ec3 l\u00e0m l\u1ea1nh (th\u00eam \u0111\u00e1) \u0111\u1ec3 l\u00e0m d\u1ecbu c\u01a1n kh\u00e1t c\u1ee7a b\u1ea1n m\u1ed9t c\u00e1ch s\u1ea3ng kho\u00e1i nh\u1ea5t.<br \/>\n<strong>B\u1ea3o qu\u1ea3n :\u00a0<\/strong>\u0110\u1ec3 n\u01a1i kh\u00f4 r\u00e1o, tho\u00e1ng m\u00e1t, tr\u00e1nh \u00e1nh n\u1eafng tr\u1ef1c ti\u1ebfp<\/p>\n<p>B\u1ed9t s\u00f4 c\u00f4 la pha s\u1eefa Nestle chocolate kh\u00f4ng c\u00f3 ph\u1ea9m m\u00e0u, ch\u1ea5t t\u1ea1o ng\u1ecdt v\u00e0 h\u01b0\u01a1ng v\u1ecb nh\u00e2n t\u1ea1o. S\u1ea3n ph\u1ea9m b\u1ed5 sung 7 vitamin v\u00e0 kho\u00e1ng ch\u1ea5t c\u1ea7n thi\u1ebft cho c\u01a1 th\u1ec3 (vitamin B1, vitamin C, ch\u1ea5t s\u1eaft, \u0111\u1ed3ng, biotin, niacin v\u00e0 mangan).<\/p>\n<p>C\u00c1CH B\u1ea2O QU\u1ea2N<\/p>\n<p>B\u1ea3o qu\u1ea3n s\u1ea3n ph\u1ea9m n\u01a1i kh\u00f4 r\u00e1o, tho\u00e1ng m\u00e1t, tr\u00e1nh \u00e1nh n\u1eafng tr\u1ef1c ti\u1ebfp.<\/p>","protected":false},"excerpt":{"rendered":"<p>Nestl\u00e9 Socola Rich Milk l\u00e0 th\u01b0\u01a1ng hi\u1ec7u ca cao s\u1eefa c\u00f3 di s\u1ea3n h\u01a1n 100 n\u0103m t\u1ea1i M\u1ef9. T\u1eeb nh\u1eefng<\/p>","protected":false},"featured_media":29523,"comment_status":"open","ping_status":"closed","template":"","meta":[],"product_brand":[],"product_cat":[36,133,135],"product_tag":[],"class_list":{"0":"post-29520","1":"product","2":"type-product","3":"status-publish","4":"has-post-thumbnail","6":"product_cat-thuc-pham-tieu-dung","7":"product_cat-banh-keo-chocolate","8":"product_cat-sua-do-uong","10":"first","11":"outofstock","12":"sale","13":"shipping-taxable","14":"purchasable","15":"product-type-simple"},"_links":{"self":[{"href":"https:\/\/havamall.vn\/en\/wp-json\/wp\/v2\/product\/29520"}],"collection":[{"href":"https:\/\/havamall.vn\/en\/wp-json\/wp\/v2\/product"}],"about":[{"href":"https:\/\/havamall.vn\/en\/wp-json\/wp\/v2\/types\/product"}],"replies":[{"embeddable":true,"href":"https:\/\/havamall.vn\/en\/wp-json\/wp\/v2\/comments?post=29520"}],"version-history":[{"count":0,"href":"https:\/\/havamall.vn\/en\/wp-json\/wp\/v2\/product\/29520\/revisions"}],"wp:featuredmedia":[{"embeddable":true,"href":"https:\/\/havamall.vn\/en\/wp-json\/wp\/v2\/media\/29523"}],"wp:attachment":[{"href":"https:\/\/havamall.vn\/en\/wp-json\/wp\/v2\/media?parent=29520"}],"wp:term":[{"taxonomy":"product_brand","embeddable":true,"href":"https:\/\/havamall.vn\/en\/wp-json\/wp\/v2\/product_brand?post=29520"},{"taxonomy":"product_cat","embeddable":true,"href":"https:\/\/havamall.vn\/en\/wp-json\/wp\/v2\/product_cat?post=29520"},{"taxonomy":"product_tag","embeddable":true,"href":"https:\/\/havamall.vn\/en\/wp-json\/wp\/v2\/product_tag?post=29520"}],"curies":[{"name":"wp","href":"https:\/\/api.w.org\/{rel}","templated":true}]}}