{"id":29515,"date":"2022-11-21T17:29:26","date_gmt":"2022-11-21T10:29:26","guid":{"rendered":"https:\/\/havamall.vn\/?post_type=product&#038;p=29515"},"modified":"2023-01-13T10:10:17","modified_gmt":"2023-01-13T03:10:17","slug":"banh-quy-bo-meo-than-tai-delicious-butter-cookies-hop-thiec-168g","status":"publish","type":"product","link":"https:\/\/havamall.vn\/en\/shop\/banh-quy-bo-meo-than-tai-delicious-butter-cookies-hop-thiec-168g\/","title":{"rendered":"B\u00e1nh Quy B\u01a1 M\u00e8o Th\u1ea7n T\u00e0i Delicious Butter Cookies H\u1ed9p Thi\u1ebfc 168g"},"content":{"rendered":"<p>B\u00e1nh Quy B\u01a1 M\u00e8o Th\u1ea7n T\u00e0i l\u00e0 s\u1ea3n ph\u1ea9m b\u00e1nh quy cao c\u1ea5p, mang th\u01b0\u01a1ng hi\u1ec7u Delicious. B\u00e1nh \u0111\u01b0\u1ee3c s\u1ea3n xu\u1ea5t b\u1edfi m\u1ed9t trong nh\u1eefng t\u1eadp \u0111o\u00e0n h\u00e0ng \u0111\u1ea7u Indonesia, Mayora. B\u00e1nh \u0111\u01b0\u1ee3c l\u00e0m t\u1eeb nh\u1eefng nguy\u00ean li\u1ec7u ch\u1ecdn l\u1ecdc, cao c\u1ea5p theo quy tr\u00ecnh c\u00f4ng ngh\u1ec7 hi\u1ec7n \u0111\u1ea1i, cho ra \u0111\u1eddi s\u1ea3n ph\u1ea9m mang \u0111\u1eadm phong c\u00e1ch, h\u01b0\u01a1ng v\u1ecb \u0110an M\u1ea1ch.<\/p>\n<h3><img decoding=\"async\" class=\"aligncenter\" src=\"https:\/\/media.istockphoto.com\/id\/1035053764\/vi\/anh\/cookie-%C4%91%E1%BA%B9p-c%C3%A1c-lo%E1%BA%A1i-c%E1%BA%ADn-c%E1%BA%A3nh-d%E1%BA%A1ng-xem-tr%C3%AAn-c%C3%B9ng-ngang-n%E1%BB%81n.jpg?s=612x612&amp;w=0&amp;k=20&amp;c=iPdx2yheJ_nTO9vmJP024Dx5sdDD-j4SGWNRw1O6wVU=\" alt=\"B\u00e1nh Quy B\u01a1 B\u00e1nh Quy B\u1ee9c \u1ea3nh, B\u1ee9c h\u00ecnh &amp; H\u00ecnh \u1ea3nh S\u1eb5n c\u00f3, Tr\u1ea3 ph\u00ed B\u1ea3n quy\u1ec1n  M\u1ed9t l\u1ea7n - iStock\" \/><\/h3>\n<h3>Th\u00f4ng tin s\u1ea3n ph\u1ea9m<\/h3>\n<p>B\u00e1nh Quy B\u01a1 M\u00e8o Th\u1ea7n T\u00e0i \u0111\u01b0\u1ee3c s\u1ea3n xu\u1ea5t b\u1edfi nh\u1eefng nguy\u00ean li\u1ec7u cao c\u1ea5p, an to\u00e0n v\u1edbi s\u1ee9c kh\u1ecfe, bao g\u1ed3m B\u1ed9t l\u00faa m\u00ec, \u0111\u01b0\u1eddng, b\u01a1 (18.67%), d\u1ea7u th\u1ef1c v\u1eadt (ch\u1ee9a ch\u1ea5t ch\u1ed1ng oxy h\u00f3a tocopherol), glucose syrup, tr\u1ee9ng, b\u1ed9t s\u1eefa t\u00e1ch b\u00e9o, mu\u1ed1i&#8230;<\/p>\n<p>T\u1eeb s\u1ef1 k\u1ebft h\u1ee3p c\u00e1c nguy\u00ean li\u1ec7u tuy\u1ec7t v\u1eddi n\u00e0y, \u0111\u00e3 t\u1ea1o th\u00e0nh nhi\u1ec1u lo\u1ea1i b\u00e1nh ngon kh\u00f3 c\u01b0\u1ee1ng.<\/p>\n<p>B\u00e1nh Quy B\u01a1 M\u00e8o Th\u1ea7n T\u00e0i \u0111\u01b0\u1ee3c s\u1ea3n xu\u1ea5t tr\u00ean c\u00f4ng ngh\u1ec7 c\u1ee7a \u0110an M\u1ea1ch theo ti\u00eau chu\u1ea9n ch\u00e2u \u00c2u. T\u1eeb kh\u00e2u ch\u1ecdn l\u1ecdc nguy\u00ean li\u1ec7u, ch\u1ebf bi\u1ebfn, \u0111\u1ebfn \u0111\u00f3ng g\u00f3i, t\u1ea5t c\u1ea3 \u0111\u1ec1u \u0111\u01b0\u1ee3c gi\u00e1m s\u00e1t ki\u1ec3m nghi\u1ec7m nghi\u00eam ng\u1eb7t, \u0111\u1ec3 cho ra \u0111\u1eddi s\u1ea3n ph\u1ea9m c\u00f3 ch\u1ea5t l\u01b0\u1ee3ng t\u1ed1t nh\u1ea5t, ph\u1ee5c v\u1ee5 ng\u01b0\u1eddi ti\u00eau d\u00f9ng.<\/p>\n<p><img fetchpriority=\"high\" decoding=\"async\" class=\"aligncenter\" src=\"https:\/\/havamall.vn\/wp-content\/uploads\/2022\/11\/butter-cookies-1-3.jpg\" alt='Homemade Butter Cookies - Easy Recipe for Holiday Baking | Foodelicacy' width=\"571\" height=\"857\" \/><\/p>\n<p>B\u00e1nh quy b\u01a1 c\u00f3 v\u1ecb gi\u00f2n ton, d\u1ec5 \u0103n, \u0111\u01b0\u1ee3c c\u1ea3 ng\u01b0\u1eddi l\u1edbn v\u00e0 tr\u1ebb nh\u1ecf \u01b0a chu\u1ed9ng. M\u1ed7i chi\u1ebfc b\u00e1nh s\u1ebd cung c\u1ea5p \u0111\u1ea7y \u0111\u1ee7 protein, vitamin v\u00e0 n\u0103ng l\u01b0\u1ee3ng cho ng\u01b0\u1eddi d\u00f9ng. \u0110\u00e2y c\u00f3 th\u1ec3 tr\u1edf th\u00e0nh m\u1ed9t b\u1eefa \u0103n nh\u1eb9, b\u1eefa \u0103n ph\u1ee5, \u0111\u1ea7y \u0111\u1ee7 ch\u1ea5t dinh d\u01b0\u1ee1ng cho ng\u01b0\u1eddi b\u1eadn r\u1ed9n. \u0110\u1eb7c bi\u1ec7t, b\u00e1nh s\u1eed d\u1ee5ng c\u00e1c nguy\u00ean li\u1ec7u an to\u00e0n, kh\u00f4ng \u0111\u01b0\u1eddng h\u00f3a h\u1ecdc, kh\u00f4ng h\u00f3a ch\u1ea5t \u0111\u1ed9c h\u1ea1i, \u0111\u1ea3m b\u1ea3o s\u1ee9c kh\u1ecfe cho ng\u01b0\u1eddi s\u1eed d\u1ee5ng.<\/p>\n<p>B\u00e1nh Quy B\u01a1 M\u00e8o Th\u1ea7n T\u00e0i \u0111\u01b0\u1ee3c \u0111\u00f3ng g\u00f3i tr\u1ecdng h\u1ee3p thi\u1ebfc cao c\u1ea5p, v\u1eeba \u0111\u1eb9p m\u1eaft, sang tr\u1ecdng, v\u1eeba gi\u00fap b\u1ea3o qu\u1ea3n b\u00e1nh \u0111\u01b0\u1ee3c ngon, gi\u00f2n. H\u1ed9p b\u00e1nh tr\u1edf th\u00e0nh m\u1ed9t m\u00f3n qu\u00e0 \u00fd ngh\u0129a \u0111\u1ec3 bi\u1ebfu, t\u1eb7ng nh\u1eefng ng\u01b0\u1eddi th\u00e2n y\u00eau.<\/p>","protected":false},"excerpt":{"rendered":"<p>B\u00e1nh Quy B\u01a1 M\u00e8o Th\u1ea7n T\u00e0i l\u00e0 s\u1ea3n ph\u1ea9m b\u00e1nh quy cao c\u1ea5p, mang th\u01b0\u01a1ng hi\u1ec7u Delicious. B\u00e1nh \u0111\u01b0\u1ee3c s\u1ea3n<\/p>","protected":false},"featured_media":29518,"comment_status":"open","ping_status":"closed","template":"","meta":[],"product_brand":[],"product_cat":[36,133],"product_tag":[],"class_list":{"0":"post-29515","1":"product","2":"type-product","3":"status-publish","4":"has-post-thumbnail","6":"product_cat-thuc-pham-tieu-dung","7":"product_cat-banh-keo-chocolate","9":"first","10":"outofstock","11":"sale","12":"shipping-taxable","13":"purchasable","14":"product-type-simple"},"_links":{"self":[{"href":"https:\/\/havamall.vn\/en\/wp-json\/wp\/v2\/product\/29515"}],"collection":[{"href":"https:\/\/havamall.vn\/en\/wp-json\/wp\/v2\/product"}],"about":[{"href":"https:\/\/havamall.vn\/en\/wp-json\/wp\/v2\/types\/product"}],"replies":[{"embeddable":true,"href":"https:\/\/havamall.vn\/en\/wp-json\/wp\/v2\/comments?post=29515"}],"version-history":[{"count":0,"href":"https:\/\/havamall.vn\/en\/wp-json\/wp\/v2\/product\/29515\/revisions"}],"wp:featuredmedia":[{"embeddable":true,"href":"https:\/\/havamall.vn\/en\/wp-json\/wp\/v2\/media\/29518"}],"wp:attachment":[{"href":"https:\/\/havamall.vn\/en\/wp-json\/wp\/v2\/media?parent=29515"}],"wp:term":[{"taxonomy":"product_brand","embeddable":true,"href":"https:\/\/havamall.vn\/en\/wp-json\/wp\/v2\/product_brand?post=29515"},{"taxonomy":"product_cat","embeddable":true,"href":"https:\/\/havamall.vn\/en\/wp-json\/wp\/v2\/product_cat?post=29515"},{"taxonomy":"product_tag","embeddable":true,"href":"https:\/\/havamall.vn\/en\/wp-json\/wp\/v2\/product_tag?post=29515"}],"curies":[{"name":"wp","href":"https:\/\/api.w.org\/{rel}","templated":true}]}}