{"id":29510,"date":"2022-11-21T16:23:14","date_gmt":"2022-11-21T09:23:14","guid":{"rendered":"https:\/\/havamall.vn\/?post_type=product&#038;p=29510"},"modified":"2023-01-13T10:10:25","modified_gmt":"2023-01-13T03:10:25","slug":"nho-raisin-an-do-khong-hot-hop-giay-100g","status":"publish","type":"product","link":"https:\/\/havamall.vn\/en\/shop\/nho-raisin-an-do-khong-hot-hop-giay-100g\/","title":{"rendered":"Nho Raisin \u1ea4n \u0110\u1ed9 Kh\u00f4ng H\u1ed9t H\u1ed9p Gi\u1ea5y 100g"},"content":{"rendered":"<p><strong>Nho kh\u00f4 Queen Raisins<\/strong>\u00a0\u0111\u01b0\u1ee3c l\u1ef1a ch\u1ecdn t\u1eeb nh\u1eefng qu\u1ea3 nho kh\u00f4ng h\u1ea1t t\u01b0\u01a1i ngon, \u1edf nh\u1eefng khu v\u01b0\u1eddn nho h\u1eefu c\u01a1 l\u1edbn nh\u1ea5t t\u1ea1i \u1ea4n \u0110\u1ed9, \u0111\u01b0\u1ee3c ch\u1ee9ng nh\u1eadn l\u00e0 gi\u1ed1ng nho ch\u1ea5t l\u01b0\u1ee3ng, ch\u1ee9a h\u00e0m l\u01b0\u1ee3ng gi\u00e1 tr\u1ecb dinh d\u01b0\u1ee1ng cao.<\/p>\n<p><img fetchpriority=\"high\" decoding=\"async\" class=\"aligncenter\" src=\"https:\/\/havamall.vn\/wp-content\/uploads\/2022\/11\/81xMJ3BxNXS._SL1200_.jpg\" alt='Forest Found Greek Seedless Black Raisins (900 Gm) | Dried Kishmish Without  Seeds, Dry Grapes| Kali Kismis Dry Fruits | Kali Darakh : Amazon.in:  Grocery &amp; Gourmet Foods' width=\"757\" height=\"757\" \/><\/p>\n<p><strong>\u0110i\u1ec3m kh\u00e1c bi\u1ec7t n\u1ed5i b\u1eadt s\u1ea3n ph\u1ea9m<\/strong><\/p>\n<p>&#8211; S\u1ea3n ph\u1ea9m nh\u1eadp kh\u1ea9u<\/p>\n<p>&#8211; H\u01b0\u01a1ng v\u1ecb th\u01a1m ngon<\/p>\n<p>&#8211; Bao b\u00ec sang tr\u1ecdng<\/p>\n<p><strong>C\u00f4ng d\u1ee5ng<\/strong><\/p>\n<p>&#8211;\u00a0<strong>Nho kh\u00f4 \u0111en Queen Raisins h\u1ed9p 100g<\/strong>\u00a0\u0111\u01b0\u1ee3c ch\u1ecdn l\u1ecdc t\u1eeb nh\u1eefng qu\u1ea3 nho t\u01b0\u01a1i ngon th\u01b0\u1ee3ng h\u1ea1ng, kh\u00f4ng qua s\u1ea5y c\u00f4ng nghi\u1ec7p n\u00ean \u0111\u01b0\u1ee3c c\u00e1c v\u1ecb ng\u1ecdt t\u1ef1 nhi\u00ean, v\u1ecb thanh m\u00e1t c\u1ee7a nho<\/p>\n<p>&#8211; Nh\u00e0 s\u1ea3n xu\u1ea5t cam k\u1ebft kh\u00f4ng d\u00f9ng h\u00f3a ch\u1ea5t \u0111\u1ec3 s\u1ea5y, kh\u00f4ng phun \u0111\u01b0\u1eddng n\u00ean kh\u00f4ng g\u1eaft nh\u01b0 nho s\u1ea5y b\u00ecnh th\u01b0\u1eddng<\/p>\n<p>&#8211;\u00a0<strong>Nho kh\u00f4 \u0111en Queen Raisins h\u1ed9p 100g<\/strong>\u00a0gi\u1eef l\u1ea1i h\u1ea7u nh\u01b0 to\u00e0n b\u1ed9 h\u00e0m l\u01b0\u1ee3ng dinh d\u01b0\u1ee1ng, c\u0169ng nh\u01b0 ch\u1ea5t kho\u00e1ng b\u00ean trong qu\u1ea3 nho t\u01b0\u01a1i nguy\u00ean b\u1ea3n<\/p>\n<p>&#8211; V\u1eeba th\u01a1m ngon l\u1ea1i v\u1eeba gi\u00e0u ch\u1ea5t x\u01a1, gi\u00fap h\u1ea1 cholesterol, h\u01a1n th\u1ebf n\u1eefa, nho kh\u00f4 c\u00f2n l\u00e0 m\u00f3n \u0103n v\u1eb7t nh\u01b0 thu\u1ed1c cho ng\u01b0\u1eddi b\u1ecb cao huy\u1ebft \u00e1p, nh\u1edd t\u00e1c d\u1ee5ng v\u1eeba l\u1ee3i ti\u1ec3u v\u1eeba b\u1ed5 sung kho\u00e1ng t\u1ed1 kalium<\/p>\n<p>&#8211;\u00a0<strong>Nho kh\u00f4 \u0111en Queen Raisins h\u1ed9p 100g <\/strong>c\u00f2n l\u00e0 ngu\u1ed3n th\u1ef1c ph\u1ea9m gi\u00e0u ch\u1ea5t s\u1eaft.<\/p>\n<p><img decoding=\"async\" class=\"aligncenter\" src=\"https:\/\/cf.shopee.vn\/file\/b38e0c2feb2820c4b6a94388269fbc5b\" alt=\"Nho Kh\u00f4 M\u1ef9 Black Seedless Sunview Raisins h\u1ed9p 425g - NHO \u0110EN | Shopee Vi\u1ec7t  Nam\" \/><\/p>\n<p><strong>Th\u00e0nh ph\u1ea7n<\/strong><\/p>\n<p>Nho kh\u00f4 nguy\u00ean ch\u1ea5t.<\/p>\n<p><strong>H\u01b0\u1edbng d\u1eabn s\u1eed d\u1ee5ng\u00a0<\/strong><\/p>\n<p>&#8211; B\u1ea3o qu\u1ea3n n\u01a1i kh\u00f4 r\u00e1o tho\u00e1ng m\u00e1t.<\/p>\n<p>&#8211; Ng\u00e0y s\u1ea3n xu\u1ea5t\/ H\u1ea1n s\u1eed d\u1ee5ng: In tr\u00ean bao b\u00ec<\/p>\n<p><strong>Kh\u1ed1i l\u01b0\u1ee3ng<\/strong><\/p>\n<p>Kh\u1ed1i l\u01b0\u1ee3ng: 100g<\/p>\n<p><strong>Xu\u1ea5t x\u1ee9: \u1ea4n \u0110\u1ed9<\/strong><\/p>\n<p>&nbsp;<\/p>","protected":false},"excerpt":{"rendered":"<p>Nho kh\u00f4 Queen Raisins\u00a0\u0111\u01b0\u1ee3c l\u1ef1a ch\u1ecdn t\u1eeb nh\u1eefng qu\u1ea3 nho kh\u00f4ng h\u1ea1t t\u01b0\u01a1i ngon, \u1edf nh\u1eefng khu v\u01b0\u1eddn nho h\u1eefu<\/p>","protected":false},"featured_media":29512,"comment_status":"open","ping_status":"closed","template":"","meta":[],"product_brand":[],"product_cat":[36,133],"product_tag":[],"class_list":{"0":"post-29510","1":"product","2":"type-product","3":"status-publish","4":"has-post-thumbnail","6":"product_cat-thuc-pham-tieu-dung","7":"product_cat-banh-keo-chocolate","9":"first","10":"outofstock","11":"sale","12":"shipping-taxable","13":"purchasable","14":"product-type-simple"},"_links":{"self":[{"href":"https:\/\/havamall.vn\/en\/wp-json\/wp\/v2\/product\/29510"}],"collection":[{"href":"https:\/\/havamall.vn\/en\/wp-json\/wp\/v2\/product"}],"about":[{"href":"https:\/\/havamall.vn\/en\/wp-json\/wp\/v2\/types\/product"}],"replies":[{"embeddable":true,"href":"https:\/\/havamall.vn\/en\/wp-json\/wp\/v2\/comments?post=29510"}],"version-history":[{"count":0,"href":"https:\/\/havamall.vn\/en\/wp-json\/wp\/v2\/product\/29510\/revisions"}],"wp:featuredmedia":[{"embeddable":true,"href":"https:\/\/havamall.vn\/en\/wp-json\/wp\/v2\/media\/29512"}],"wp:attachment":[{"href":"https:\/\/havamall.vn\/en\/wp-json\/wp\/v2\/media?parent=29510"}],"wp:term":[{"taxonomy":"product_brand","embeddable":true,"href":"https:\/\/havamall.vn\/en\/wp-json\/wp\/v2\/product_brand?post=29510"},{"taxonomy":"product_cat","embeddable":true,"href":"https:\/\/havamall.vn\/en\/wp-json\/wp\/v2\/product_cat?post=29510"},{"taxonomy":"product_tag","embeddable":true,"href":"https:\/\/havamall.vn\/en\/wp-json\/wp\/v2\/product_tag?post=29510"}],"curies":[{"name":"wp","href":"https:\/\/api.w.org\/{rel}","templated":true}]}}