{"id":29503,"date":"2022-11-21T15:44:07","date_gmt":"2022-11-21T08:44:07","guid":{"rendered":"https:\/\/havamall.vn\/?post_type=product&#038;p=29503"},"modified":"2024-05-09T14:34:43","modified_gmt":"2024-05-09T07:34:43","slug":"keo-incap-fruttini-vi-trai-cay-tong-hop-hop-thiec-100g","status":"publish","type":"product","link":"https:\/\/havamall.vn\/en\/shop\/keo-incap-fruttini-vi-trai-cay-tong-hop-hop-thiec-100g\/","title":{"rendered":"K\u1eb9o Incap Fruttini V\u1ecb Tr\u00e1i C\u00e2y T\u1ed5ng H\u1ee3p H\u1ed9p Thi\u1ebfc 100g"},"content":{"rendered":"<table class=\"woocommerce-product-attributes shop_attributes\">\n<tbody>\n<tr class=\"woocommerce-product-attributes-item woocommerce-product-attributes-item--attribute_pa_don-vi-tinh\">\n<th class=\"woocommerce-product-attributes-item__label\">\u0110\u01a1n v\u1ecb t\u00ednh<\/th>\n<td class=\"woocommerce-product-attributes-item__value\">H\u1ed9p<\/td>\n<\/tr>\n<tr class=\"woocommerce-product-attributes-item woocommerce-product-attributes-item--attribute_pa_ten-tieng-anh\">\n<th class=\"woocommerce-product-attributes-item__label\">T\u00ean ti\u1ebfng Anh<\/th>\n<td class=\"woocommerce-product-attributes-item__value\">Mixed Fruit Candy<\/td>\n<\/tr>\n<tr class=\"woocommerce-product-attributes-item woocommerce-product-attributes-item--attribute_pa_thuong-hieu\">\n<th class=\"woocommerce-product-attributes-item__label\">Th\u01b0\u01a1ng hi\u1ec7u<\/th>\n<td class=\"woocommerce-product-attributes-item__value\">INCAP<\/td>\n<\/tr>\n<tr class=\"woocommerce-product-attributes-item woocommerce-product-attributes-item--attribute_pa_xuat-xu\">\n<th class=\"woocommerce-product-attributes-item__label\">Xu\u1ea5t x\u1ee9<\/th>\n<td class=\"woocommerce-product-attributes-item__value\">\u00dd<\/td>\n<\/tr>\n<tr class=\"woocommerce-product-attributes-item woocommerce-product-attributes-item--attribute_pa_phuong-thuc-bao-quan\">\n<th class=\"woocommerce-product-attributes-item__label\">H\u1ea1n s\u1eed d\u1ee5ng<\/th>\n<td class=\"woocommerce-product-attributes-item__value\">2 n\u0103m k\u1ec3 t\u1eeb NSX<\/td>\n<\/tr>\n<\/tbody>\n<\/table>\n<p>K\u1eb9o Magic Mix Incap t\u1ed5ng h\u1ee3p th\u01a1m ngon h\u1ea5p d\u1eabn h\u1ed9p thi\u1ebfc ti\u1ec7n l\u1ee3i. K\u1eb9o Mix Incap l\u00e0 m\u1ed9t s\u1ea3n ph\u1ea9m n\u1ed1i ti\u1ebfng \u0111\u01b0\u1ee3c nh\u1eadp kh\u1ea9u ch\u00ednh ng\u1ea1ch t\u1eeb nh\u00e0 m\u00e1y k\u1eb9o \u00dd, v\u1edbi h\u01b0\u01a1ng v\u1ecb \u0111\u1eb7c tr\u01b0ng th\u01a1m ngon, h\u1ea5p d\u1eabn, t\u1ea1o h\u00ecnh \u0111\u1eb9p m\u1eaft, thu h\u00fat tr\u1ebb nh\u1ecf ch\u1eafc ch\u1eafn k\u1eb9o m\u1ec1m tr\u00e1i c\u00e2y s\u1ebd l\u00e0m h\u00e0i l\u00f2ng t\u1ea5t c\u1ea3 kh\u00e1ch h\u00e0ng. Th\u00edch h\u1ee3p l\u00e0m m\u00f3n \u0103n trong c\u00e1c d\u1ecbp l\u1ec5 T\u1ebft. H\u1ed9p xinh x\u1eafn v\u1edbi tr\u1ecdng l\u01b0\u1ee3ng 100g v\u1edbi \u0111\u1ee7 v\u1ecb tr\u00e1i c\u00e2y t\u01b0\u01a1i ngon cho kh\u00e1ch y\u00eau d\u1ec5 d\u00e0ng l\u1ef1a ch\u1ecdn.<\/p>\n<p><img fetchpriority=\"high\" decoding=\"async\" class=\"wp-image-29505 aligncenter\" src=\"https:\/\/havamall.vn\/wp-content\/uploads\/2022\/11\/656566-300x93.png\" alt=\"\" width=\"787\" height=\"244\" srcset=\"https:\/\/havamall.vn\/wp-content\/uploads\/2022\/11\/656566-300x93.png 300w, https:\/\/havamall.vn\/wp-content\/uploads\/2022\/11\/656566-430x133.png 430w, https:\/\/havamall.vn\/wp-content\/uploads\/2022\/11\/656566-150x46.png 150w, https:\/\/havamall.vn\/wp-content\/uploads\/2022\/11\/656566-700x217.png 700w, https:\/\/havamall.vn\/wp-content\/uploads\/2022\/11\/656566-768x238.png 768w, https:\/\/havamall.vn\/wp-content\/uploads\/2022\/11\/656566-600x186.png 600w, https:\/\/havamall.vn\/wp-content\/uploads\/2022\/11\/656566.png 855w\" sizes=\"(max-width: 787px) 100vw, 787px\" \/><\/p>\n<p>Kh\u00f4ng ch\u1ee9a ch\u1ea5t b\u1ea3o qu\u1ea3n, kh\u00f4ng ch\u1ee9a gluten, ch\u1ec9 c\u00f3 h\u01b0\u01a1ng v\u1ecb v\u00e0 m\u00e0u s\u1eafc t\u1ef1 nhi\u00ean. S\u1ef1 k\u1ebft h\u1ee3p c\u1ee7a nh\u1eefng h\u01b0\u01a1ng v\u1ecb tr\u00e1i c\u00e2y cao c\u1ea5p v\u00f9ng nhi\u1ec7t \u0111\u1edbi. V\u1ecb ng\u1ecdt t\u1eeb n\u01b0\u1edbc tr\u00e1i c\u00e2y t\u1ef1 nhi\u00ean, kh\u00f4ng b\u1ecb ng\u1ecdt ki\u1ec3u \u0111\u01b0\u1eddng h\u00f3a h\u1ecdc. H\u1ed9p thi\u1ebft k\u1ebf \u0111\u1eb9p, sang tr\u1ecdng, cao c\u1ea5p, th\u00edch h\u1ee3p l\u00e0m qu\u00e0 bi\u1ebfu T\u1ebft, qu\u00e0 \u0111em t\u1eb7ng. Nh\u1eefng vi\u00ean k\u1eb9o \u0111\u1ea7y m\u00e0u s\u1eafc ch\u1eafc ch\u1eafn s\u1ebd cu\u1ed1n h\u00fat b\u1ea1n t\u1eeb l\u1ea7n \u0111\u1ea7u th\u01b0\u1edfng th\u1ee9c. \u0110\u00e2y l\u00e0 d\u00f2ng s\u1ea3n ph\u1ea9m nh\u00e3n hi\u1ec7u Incap r\u1ea5t \u0111\u01b0\u1ee3c \u01b0a chu\u1ed9ng \u0111\u01b0\u1ee3c nh\u1eadp kh\u1ea9u tr\u1ef1c ti\u1ebfp t\u1eeb Italy.<\/p>\n<p><img decoding=\"async\" class=\"wp-image-29506 aligncenter\" src=\"https:\/\/havamall.vn\/wp-content\/uploads\/2022\/11\/vcbc-290x300.png\" alt=\"\" width=\"511\" height=\"529\" srcset=\"https:\/\/havamall.vn\/wp-content\/uploads\/2022\/11\/vcbc-290x300.png 290w, https:\/\/havamall.vn\/wp-content\/uploads\/2022\/11\/vcbc-430x444.png 430w, https:\/\/havamall.vn\/wp-content\/uploads\/2022\/11\/vcbc-150x155.png 150w, https:\/\/havamall.vn\/wp-content\/uploads\/2022\/11\/vcbc-700x723.png 700w, https:\/\/havamall.vn\/wp-content\/uploads\/2022\/11\/vcbc-768x793.png 768w, https:\/\/havamall.vn\/wp-content\/uploads\/2022\/11\/vcbc-991x1024.png 991w, https:\/\/havamall.vn\/wp-content\/uploads\/2022\/11\/vcbc-1200x1240.png 1200w, https:\/\/havamall.vn\/wp-content\/uploads\/2022\/11\/vcbc-600x620.png 600w\" sizes=\"(max-width: 511px) 100vw, 511px\" \/>C\u00e1c lo\u1ea1i k\u1eb9o h\u01b0\u01a1ng v\u1ecb tr\u00e1i c\u00e2y \u0111\u01b0\u1ee3c r\u1ea5t nhi\u1ec1u ng\u01b0\u1eddi l\u1ef1a ch\u1ecdn b\u1edfi nh\u1eefng nguy\u00ean li\u1ec7u ch\u1ecdn l\u1ecdc t\u1ef1 nhi\u00ean, an to\u00e0n cho s\u1ee9c kh\u1ecfe ng\u01b0\u1eddi s\u1eed d\u1ee5ng. Kh\u00f4ng nh\u1eefng th\u1ebf s\u1ea3n ph\u1ea9m c\u00f3 h\u01b0\u01a1ng v\u1ecb tr\u00e1i c\u00e2y quen thu\u1ed9c nh\u01b0 cam, chanh, t\u00e1o, nho, d\u1ee9a v\u00e0 d\u00e2u t\u00e2y cho b\u1ea1n tho\u1ea3i m\u00e1i l\u1ef1a ch\u1ecdn h\u01b0\u01a1ng v\u1ecb m\u00e0 m\u00ecnh y\u00eau th\u00edch. Ngo\u00e0i ra, v\u1edbi c\u00f4ng ngh\u1ec7 s\u1ea3n xu\u1ea5t hi\u1ec7n \u0111\u1ea1i, s\u1ea3n ph\u1ea9m \u0111\u1ea1t ti\u00eau chu\u1ea9n v\u1ec7 sinh th\u1ef1c ph\u1ea9m, an to\u00e0n cho s\u1ee9c kh\u1ecfe ng\u01b0\u1eddi d\u00f9ng. \u0110\u00e2y ch\u1eafc ch\u1eafn s\u1ebd l\u00e0 m\u00f3n qu\u00e0 h\u1ea5p d\u1eabn trong nh\u1eefng d\u1ecbp l\u1ec5 T\u1ebft. S\u1ea3n ph\u1ea9m \u0111\u01b0\u1ee3c \u0111\u00f3ng h\u1ed9p thi\u1ebft k\u1ebf sang tr\u1ecdng l\u00e0m qu\u00e0 t\u1ebft r\u1ea5t \u0111\u1eb9p&#8230; ti\u1ec7n l\u1ee3i cho vi\u1ec7c s\u1eed d\u1ee5ng v\u00e0 b\u1ea3o qu\u1ea3n. V\u1ecb ng\u1ecdt c\u1ee7a k\u1eb9o c\u00f9ng v\u1ecb tr\u00e1i c\u00e2y ch\u1eafc h\u1eb3n s\u1ebd mang \u0111\u1ebfn cho ng\u01b0\u1eddi d\u00f9ng s\u1ef1 th\u00edch th\u00fa khi th\u01b0\u1edfng th\u1ee9c. L\u01b0\u1ee3ng \u0111\u01b0\u1eddng trong k\u1eb9o s\u1ebd gi\u00fap b\u1ed5 sung n\u0103ng l\u01b0\u1ee3ng cho c\u01a1 th\u1ec3 ngay khi c\u1ea7n thi\u1ebft.<\/p>\n<p><img decoding=\"async\" class=\"aligncenter\" src=\"https:\/\/havamall.vn\/wp-content\/uploads\/2022\/11\/mix-W.png\" alt=\"H\u1ed9p thi\u1ebfc, l\u1ecd nh\u1ef1a - Hopphat Delvel Co., Ltd.\" \/><\/p>\n<p>&nbsp;<\/p>","protected":false},"excerpt":{"rendered":"<p>\u0110\u01a1n v\u1ecb t\u00ednh H\u1ed9p T\u00ean ti\u1ebfng Anh Mixed Fruit Candy Th\u01b0\u01a1ng hi\u1ec7u INCAP Xu\u1ea5t x\u1ee9 \u00dd H\u1ea1n s\u1eed d\u1ee5ng 2<\/p>","protected":false},"featured_media":29507,"comment_status":"open","ping_status":"closed","template":"","meta":[],"product_brand":[],"product_cat":[36,133],"product_tag":[],"class_list":{"0":"post-29503","1":"product","2":"type-product","3":"status-publish","4":"has-post-thumbnail","6":"product_cat-thuc-pham-tieu-dung","7":"product_cat-banh-keo-chocolate","9":"first","10":"instock","11":"sale","12":"shipping-taxable","13":"purchasable","14":"product-type-simple"},"_links":{"self":[{"href":"https:\/\/havamall.vn\/en\/wp-json\/wp\/v2\/product\/29503"}],"collection":[{"href":"https:\/\/havamall.vn\/en\/wp-json\/wp\/v2\/product"}],"about":[{"href":"https:\/\/havamall.vn\/en\/wp-json\/wp\/v2\/types\/product"}],"replies":[{"embeddable":true,"href":"https:\/\/havamall.vn\/en\/wp-json\/wp\/v2\/comments?post=29503"}],"version-history":[{"count":0,"href":"https:\/\/havamall.vn\/en\/wp-json\/wp\/v2\/product\/29503\/revisions"}],"wp:featuredmedia":[{"embeddable":true,"href":"https:\/\/havamall.vn\/en\/wp-json\/wp\/v2\/media\/29507"}],"wp:attachment":[{"href":"https:\/\/havamall.vn\/en\/wp-json\/wp\/v2\/media?parent=29503"}],"wp:term":[{"taxonomy":"product_brand","embeddable":true,"href":"https:\/\/havamall.vn\/en\/wp-json\/wp\/v2\/product_brand?post=29503"},{"taxonomy":"product_cat","embeddable":true,"href":"https:\/\/havamall.vn\/en\/wp-json\/wp\/v2\/product_cat?post=29503"},{"taxonomy":"product_tag","embeddable":true,"href":"https:\/\/havamall.vn\/en\/wp-json\/wp\/v2\/product_tag?post=29503"}],"curies":[{"name":"wp","href":"https:\/\/api.w.org\/{rel}","templated":true}]}}