{"id":29497,"date":"2022-11-21T11:42:19","date_gmt":"2022-11-21T04:42:19","guid":{"rendered":"https:\/\/havamall.vn\/?post_type=product&#038;p=29497"},"modified":"2023-01-13T10:10:31","modified_gmt":"2023-01-13T03:10:31","slug":"richy-merry-banh-kem-que-lon-vi-cam-208g","status":"publish","type":"product","link":"https:\/\/havamall.vn\/en\/shop\/richy-merry-banh-kem-que-lon-vi-cam-208g\/","title":{"rendered":"Richy Merry \u2013 B\u00e1nh kem qu\u1ebf lon v\u1ecb cam 208g"},"content":{"rendered":"<p><strong>Richy Merry \u2013 B\u00e1nh kem qu\u1ebf lon v\u1ecb cam 208g\u00a0<\/strong>v\u1edbi h\u01b0\u01a1ng v\u1ecb cam th\u01a1m ng\u1ecdt, d\u1ecbu m\u00e1t v\u00e0 \u0111\u1ea7y \u1ea5n t\u01b0\u1ee3ng, s\u1ebd mang \u0111\u1ebfn tr\u1ea3i nghi\u1ec7m\u00a0h\u1ea5p d\u1eabn, ph\u00f9 h\u1ee3p v\u1edbi kh\u1ea9u v\u1ecb c\u1ee7a b\u1ea1n v\u00e0 gia \u0111\u00ecnh, l\u00e0 m\u00f3n qu\u00e0 tuy\u1ec7t v\u1eddi cho d\u1ecbp l\u1ec5 T\u1ebft \u0111\u1eb7c bi\u1ec7t. H\u1ed9p b\u00e1nh v\u1edbi thi\u1ebft k\u1ebf d\u1ea1ng lon thi\u1ebfc tinh t\u1ebf, sang tr\u1ecdng v\u00e0 ch\u1ee9a \u0111\u1ea7y nh\u1eefng chi\u1ebfc b\u00e1nh d\u1ea1ng \u1ed1ng qu\u1ebf tr\u00f2n \u0111\u1ed9c l\u1ea1, thay l\u1eddi ch\u00fac t\u1ed1t l\u00e0nh, g\u1eedi trao nh\u1eefng \u0111i\u1ec1u may m\u1eafn khi T\u1ebft \u0111\u1ebfn xu\u00e2n v\u1ec1.<\/p>\n<p><img decoding=\"async\" class=\"aligncenter\" src=\"https:\/\/havamall.vn\/wp-content\/uploads\/2022\/11\/822df650-4206-11ec-891c-93e9b9e9b7e4.jpg\" alt=\"B\u00e1nh Richy Merry kem qu\u1ebf v\u1ecb cam 208 g gi\u00e1 s\u1ec9, gi\u00e1 b\u00e1n bu\u00f4n - Th\u1ecb Tr\u01b0\u1eddng S\u1ec9\" \/><\/p>\n<h3><b>\u01afU \u0110I\u1ec2M N\u1ed4I B\u1eacT<\/b><\/h3>\n<p>\u2013\u00a0<strong>\u00a0Richy Merry \u2013 B\u00e1nh kem qu\u1ebf lon v\u1ecb cam 208g<\/strong><strong>\u00a0<\/strong>c\u00f3 nhi\u1ec1u b\u00e1nh nh\u1ecf, d\u1ea1ng h\u00ecnh \u1ed1ng qu\u1ebf l\u1ea1 m\u1eaft, b\u00ean trong l\u00e0 l\u1edbp kem mang nh\u1eefng h\u01b0\u01a1ng v\u1ecb kh\u00e1c bi\u1ec7t \u0111em \u0111\u1ebfn b\u1ea5t ng\u1edd cho ng\u01b0\u1eddi \u0103n. V\u1edbi v\u1ecb cam thanh ng\u1ecdt, t\u01b0\u01a1i m\u00e1t, khi \u0103n gi\u00f2n x\u1ed1p, b\u00e1nh kem qu\u1ebf lon Richy Merry s\u1ebd chinh ph\u1ee5c c\u1ea3 b\u1ea1n v\u00e0 gia \u0111\u00ecnh.<\/p>\n<p>\u2013\u00a0<b>\u00a0<strong>Richy Merry \u2013 B\u00e1nh kem qu\u1ebf lon v\u1ecb cam 208g\u00a0<\/strong><\/b>c\u00f3 thi\u1ebft k\u1ebf d\u1ea1ng lon, ch\u1ea5t li\u1ec7u h\u1ed9p thi\u1ebfc c\u1ee9ng c\u00e1p, sang tr\u1ecdng, \u0111\u1eb3ng c\u1ea5p v\u00e0 \u0111\u1ea7y thanh l\u1ecbch, h\u1ecda ti\u1ebft thi\u1ebft k\u1ebf \u0111\u1eb9p m\u1eaft v\u00e0 \u1ea5n t\u01b0\u1ee3ng, r\u1ea5t ph\u00f9 h\u1ee3p l\u00e0m m\u00f3n qu\u00e0 t\u1eb7ng ph\u1ea9m ho\u1eb7c trong c\u00e1c set qu\u00e0 bi\u1ebfu t\u1eb7ng d\u1ecbp l\u1ec5 T\u1ebft hay c\u00e1c d\u1ecbp \u0111\u1eb7c bi\u1ec7t.<\/p>\n<p>\u2013 V\u1edbi\u00a0<strong>Richy Merry \u2013 B\u00e1nh kem qu\u1ebf lon v\u1ecb cam 208g<\/strong><strong>\u00a0<\/strong>b\u1ea1n v\u00e0 gia \u0111\u00ecnh c\u00f3 th\u1ec3 s\u1eed d\u1ee5ng l\u00e0m qu\u00e0 t\u1eb7ng, m\u00f3n \u0103n b\u00e0y bi\u1ec7n tr\u00ean b\u00e0n tr\u00e0 th\u1ebft kh\u00e1ch d\u1ecbp T\u1ebft \u0111\u1ebfn xu\u00e2n v\u1ec1. V\u1ecb b\u00e1nh gi\u00f2n x\u1ed1p, kem h\u01b0\u01a1ng v\u1ecb cam ng\u1ecdt d\u1ecbu cho c\u1ea3m gi\u00e1c ngon mi\u1ec7ng d\u1ecbp T\u1ebft, ph\u00f9 h\u1ee3p cho c\u1ea3 ng\u01b0\u1eddi l\u1edbn v\u00e0 tr\u1ebb nh\u1ecf.<\/p>\n<p><img decoding=\"async\" class=\"aligncenter\" src=\"https:\/\/cf.shopee.vn\/file\/0fbe727350834a71f5830b0b324e318b\" alt=\"B\u00e1nh Richy Merry kem qu\u1ebf v\u1ecb vani 208 g - B\u00e1nh | Zalora.vn\" \/><\/p>\n<p>\u2013 S\u1ea3n xu\u1ea5t tr\u00ean \u200bd\u00e2y chuy\u1ec1n hi\u1ec7n \u0111\u1ea1i c\u00f9ng ngu\u1ed3n nguy\u00ean li\u1ec7u \u0111\u1ea3m b\u1ea3o ch\u1ea5t l\u01b0\u1ee3ng,<strong>\u00a0Richy Merry \u2013 B\u00e1nh kem qu\u1ebf lon v\u1ecb cam 208g\u00a0<\/strong><b><strong>\u00a0<\/strong><\/b>\u0111\u1ea3m b\u1ea3o an to\u00e0n v\u1ec7 sinh th\u1ef1c ph\u1ea9m.<\/p>\n<h3><b>TH\u00d4NG TIN S\u1ea2N PH\u1ea8M<\/b><\/h3>\n<p>H\u01b0\u01a1ng v\u1ecb: b\u00e1nh kem qu\u1ebf<\/p>\n<p>Kh\u1ed1i l\u01b0\u1ee3ng t\u1ecbnh: 208g<\/p>\n<p>S\u1eed d\u1ee5ng: \u0103n tr\u1ef1c ti\u1ebfp.<\/p>\n<p>S\u1eed d\u1ee5ng ngay sau khi m\u1edf h\u1ed9p \u0111\u1ec3 \u0111\u1ea3m b\u1ea3o ch\u1ea5t l\u01b0\u1ee3ng t\u1ed1t nh\u1ea5t, tr\u00e1nh \u0111\u1ec3 l\u00e2u kh\u00f4ng kh\u00ed \u1ea3nh h\u01b0\u1edfng \u0111\u1ebfn ch\u1ea5t l\u01b0\u1ee3ng v\u00e0 \u0111\u1ed9 ngon c\u1ee7a b\u00e1nh.<\/p>\n<h3><b>H\u01af\u1edaNG D\u1eaaN B\u1ea2O QU\u1ea2N<\/b><\/h3>\n<p>\u2013 B\u1ea3o qu\u1ea3n n\u01a1i kh\u00f4 r\u00e1o, tho\u00e1ng m\u00e1t, tr\u00e1nh \u00e1nh n\u1eafng m\u1eb7t tr\u1eddi.<\/p>\n<p>\u2013 Ng\u00e0y s\u1ea3n xu\u1ea5t\/ H\u1ea1n s\u1eed d\u1ee5ng: In tr\u00ean bao b\u00ec<\/p>","protected":false},"excerpt":{"rendered":"<p>Richy Merry \u2013 B\u00e1nh kem qu\u1ebf lon v\u1ecb cam 208g\u00a0v\u1edbi h\u01b0\u01a1ng v\u1ecb cam th\u01a1m ng\u1ecdt, d\u1ecbu m\u00e1t v\u00e0 \u0111\u1ea7y \u1ea5n<\/p>","protected":false},"featured_media":29498,"comment_status":"open","ping_status":"closed","template":"","meta":[],"product_brand":[],"product_cat":[36,133],"product_tag":[],"class_list":{"0":"post-29497","1":"product","2":"type-product","3":"status-publish","4":"has-post-thumbnail","6":"product_cat-thuc-pham-tieu-dung","7":"product_cat-banh-keo-chocolate","9":"first","10":"outofstock","11":"sale","12":"shipping-taxable","13":"purchasable","14":"product-type-simple"},"_links":{"self":[{"href":"https:\/\/havamall.vn\/en\/wp-json\/wp\/v2\/product\/29497"}],"collection":[{"href":"https:\/\/havamall.vn\/en\/wp-json\/wp\/v2\/product"}],"about":[{"href":"https:\/\/havamall.vn\/en\/wp-json\/wp\/v2\/types\/product"}],"replies":[{"embeddable":true,"href":"https:\/\/havamall.vn\/en\/wp-json\/wp\/v2\/comments?post=29497"}],"version-history":[{"count":0,"href":"https:\/\/havamall.vn\/en\/wp-json\/wp\/v2\/product\/29497\/revisions"}],"wp:featuredmedia":[{"embeddable":true,"href":"https:\/\/havamall.vn\/en\/wp-json\/wp\/v2\/media\/29498"}],"wp:attachment":[{"href":"https:\/\/havamall.vn\/en\/wp-json\/wp\/v2\/media?parent=29497"}],"wp:term":[{"taxonomy":"product_brand","embeddable":true,"href":"https:\/\/havamall.vn\/en\/wp-json\/wp\/v2\/product_brand?post=29497"},{"taxonomy":"product_cat","embeddable":true,"href":"https:\/\/havamall.vn\/en\/wp-json\/wp\/v2\/product_cat?post=29497"},{"taxonomy":"product_tag","embeddable":true,"href":"https:\/\/havamall.vn\/en\/wp-json\/wp\/v2\/product_tag?post=29497"}],"curies":[{"name":"wp","href":"https:\/\/api.w.org\/{rel}","templated":true}]}}