{"id":29489,"date":"2022-11-18T17:34:31","date_gmt":"2022-11-18T10:34:31","guid":{"rendered":"https:\/\/havamall.vn\/?post_type=product&#038;p=29489"},"modified":"2022-11-24T10:10:46","modified_gmt":"2022-11-24T03:10:46","slug":"tuong-ot-ocv-gold-290g-chilli-sauce","status":"publish","type":"product","link":"https:\/\/havamall.vn\/en\/shop\/tuong-ot-ocv-gold-290g-chilli-sauce\/","title":{"rendered":"T\u01b0\u01a1ng \u1edat OCV Gold 290g &#8211; Chilli Sauce"},"content":{"rendered":"<div>\n<div dir=\"auto\">Th\u01b0\u01a1ng hi\u1ec7u \u00d4ng Ch\u00e0 V\u00e0 \u0111\u00e3 c\u00f3 r\u1ea5t l\u00e2u t\u1eeb nh\u1eefng n\u0103m 1939 trong gi\u1edbi \u0111\u1ea7u b\u1ebfp t\u1ea1i S\u00e0i G\u00f2n v\u00e0 tr\u1edf n\u00ean ch\u00ednh th\u1ed1ng b\u1edfi Nosafood. V\u1edbi \u1ea9m th\u1ef1c Vi\u1ec7t nam, gia v\u1ecb \u00d4ng Ch\u00e0 V\u00e0 l\u00e0 y\u1ebfu t\u1ed1 kh\u00f4ng th\u1ec3 thi\u1ebfu cho c\u00e1c \u0111\u1ea7u b\u1ebfp chuy\u00ean nghi\u1ec7p khi ch\u1ebf bi\u1ebfn c\u00e1c m\u00f3n \u0103n ngon. Theo th\u1eddi gian h\u00ecnh th\u00e0nh v\u00e0 ph\u00e1t tri\u1ec3n, \u00d4ng Ch\u00e0 V\u00e0 lu\u00f4n s\u1eed d\u1ee5ng ngu\u1ed3n nguy\u00ean li\u1ec7u t\u1ed1t nh\u1ea5t \u0111\u1ec3 t\u1ed1i \u01b0u ch\u1ea5t l\u01b0\u1ee3ng v\u00e0 kh\u00f4ng ng\u1eebng \u0111a d\u1ea1ng s\u1ea3n ph\u1ea9m.<\/div>\n<div dir=\"auto\"><\/div>\n<\/div>\n<div class=\"kvgmc6g5 cxmmr5t8 oygrvhab hcukyx3x c1et5uql ii04i59q\">\n<p>T\u01b0\u01a1ng c\u00e0 l\u00e0 m\u1ed9t lo\u1ea1i gia v\u1ecb ch\u1ea5m quen thu\u1ed9c \u0111\u01b0\u1ee3c nhi\u1ec1u ng\u01b0\u1eddi y\u00eau th\u00edch nh\u1ea5t hi\u1ec7n nay. S\u1ea3n ph\u1ea9m mang h\u01b0\u01a1ng v\u1ecb \u1edbt th\u01a1m ngon. \u0110\u01b0\u1ee3c k\u1ebft h\u1ee3p v\u1edbi c\u00e1c gia v\u1ecb kh\u00e1c ph\u00f9 h\u1ee3p v\u1edbi nhi\u1ec1u m\u00f3n \u0103n kh\u00e1c nhau. \u0110\u00f3ng vai tr\u00f2 quan tr\u1ecdng trong vi\u1ec7c gi\u00fap m\u00f3n \u0103n \u0111\u01b0\u1ee3c ngon v\u00e0 h\u1ea5p d\u1eabn th\u1ef1c kh\u00e1ch h\u01a1n. H\u01b0\u01a1ng v\u1ecb t\u01b0\u01a1ng \u1edbt \u00d4ng Ch\u00e0 V\u00e0 l\u00e0 s\u1ef1 h\u00e0i h\u00f2a gi\u1eef chua v\u00e0 cay. Th\u00edch h\u1ee3p \u0111\u1ec3 \u0103n k\u00e8m v\u1edbi g\u00e0 r\u00e1n, khoai t\u00e2y chi\u00ean\u2026\u0110\u1eb7c bi\u1ec7t l\u00e0 s\u1eed d\u1ee5ng \u0111\u1ec3 l\u00e0m n\u01b0\u1edbc s\u1ed1t cho c\u00e1c m\u00f3n nh\u01b0: m\u00ec \u00dd, nui x\u00e0o, m\u00ec x\u00e0o,\u2026<\/p>\n<p><img fetchpriority=\"high\" decoding=\"async\" class=\"aligncenter\" src=\"https:\/\/havamall.vn\/wp-content\/uploads\/2022\/11\/8556a1395a5ace76742ddf5ad6fad47a.jpg\" alt=\"T\u01b0\u01a1ng C\u00e0 \u00d4ng Ch\u00e0 V\u00e0 10gr (120 g\u00f3i\/h\u1ed9p) | Lazada.vn\" width=\"1140\" height=\"734\" \/><\/p>\n<\/div>\n<div class=\"kvgmc6g5 cxmmr5t8 oygrvhab hcukyx3x c1et5uql ii04i59q\">\n<p dir=\"auto\">V\u1edbi T\u01b0\u01a1ng \u1edat b\u1ea1n s\u1ebd ti\u1ebft ki\u1ec7m \u0111\u01b0\u1ee3c th\u1eddi gian v\u00e0 c\u00f4ng s\u1ee9c m\u00e0 v\u1eabn gi\u1eef \u0111\u01b0\u1ee3c v\u1ecb ngon truy\u1ec1n th\u1ed1ng.<\/p>\n<\/div>\n<p>S\u1ea3n ph\u1ea9m l\u00e0 gia v\u1ecb an to\u00e0n cho s\u1ee9c kho\u1ebb con ng\u01b0\u1eddi, ho\u00e0n to\u00e0n kh\u00f4ng ch\u1ee9a ch\u1ea5t t\u1ea1o m\u00e0u, kh\u00f4ng ch\u1ea5t b\u1ea3o qu\u1ea3n. Ngo\u00e0i ra, s\u1ea3n ph\u1ea9m c\u00f2n k\u00edch th\u00edch kh\u1ea9u v\u1ecb c\u1ee7a ng\u01b0\u1eddi d\u00f9ng gi\u00fap cho c\u00e1c b\u1eefa \u0103n th\u00eam ngon mi\u1ec7ng h\u01a1n.<\/p>\n<h3><strong>H\u01b0\u1edbng d\u1eabn s\u1eed d\u1ee5ng:<\/strong><\/h3>\n<p>\u2013 \u0102n tr\u1ef1c ti\u1ebfp, b\u1ea3o qu\u1ea3n t\u1ee7 m\u00e1t sau khi s\u1eed d\u1ee5ng.<\/p>\n<p>\u2013 D\u00f9ng l\u00e0m gia v\u1ecb \u0111\u1ec3 \u01b0\u1edbp th\u1ecbt n\u01b0\u1edbng ho\u1eb7c x\u00e0o.<\/p>\n<p>\u2013 T\u1ea1o m\u00f9i th\u01a1m, h\u01b0\u01a1ng v\u1ecb \u0111\u0103c tr\u01b0ng, m\u00e0u s\u1eafc \u0111\u1eb9p m\u1eaft cho s\u1ea3n ph\u1ea9m.<\/p>\n<p>S\u1ea3n ph\u1ea9m hi\u1ec7n \u0111\u00e3 c\u00f3 m\u1eb7t t\u1ea1i Havamall<\/p>","protected":false},"excerpt":{"rendered":"<p>Th\u01b0\u01a1ng hi\u1ec7u \u00d4ng Ch\u00e0 V\u00e0 \u0111\u00e3 c\u00f3 r\u1ea5t l\u00e2u t\u1eeb nh\u1eefng n\u0103m 1939 trong gi\u1edbi \u0111\u1ea7u b\u1ebfp t\u1ea1i S\u00e0i G\u00f2n<\/p>","protected":false},"featured_media":29576,"comment_status":"open","ping_status":"closed","template":"","meta":[],"product_brand":[],"product_cat":[36,143],"product_tag":[],"class_list":{"0":"post-29489","1":"product","2":"type-product","3":"status-publish","4":"has-post-thumbnail","6":"product_cat-thuc-pham-tieu-dung","7":"product_cat-thuc-pham-dong-hop","9":"first","10":"instock","11":"sale","12":"shipping-taxable","13":"purchasable","14":"product-type-simple"},"_links":{"self":[{"href":"https:\/\/havamall.vn\/en\/wp-json\/wp\/v2\/product\/29489"}],"collection":[{"href":"https:\/\/havamall.vn\/en\/wp-json\/wp\/v2\/product"}],"about":[{"href":"https:\/\/havamall.vn\/en\/wp-json\/wp\/v2\/types\/product"}],"replies":[{"embeddable":true,"href":"https:\/\/havamall.vn\/en\/wp-json\/wp\/v2\/comments?post=29489"}],"version-history":[{"count":0,"href":"https:\/\/havamall.vn\/en\/wp-json\/wp\/v2\/product\/29489\/revisions"}],"wp:featuredmedia":[{"embeddable":true,"href":"https:\/\/havamall.vn\/en\/wp-json\/wp\/v2\/media\/29576"}],"wp:attachment":[{"href":"https:\/\/havamall.vn\/en\/wp-json\/wp\/v2\/media?parent=29489"}],"wp:term":[{"taxonomy":"product_brand","embeddable":true,"href":"https:\/\/havamall.vn\/en\/wp-json\/wp\/v2\/product_brand?post=29489"},{"taxonomy":"product_cat","embeddable":true,"href":"https:\/\/havamall.vn\/en\/wp-json\/wp\/v2\/product_cat?post=29489"},{"taxonomy":"product_tag","embeddable":true,"href":"https:\/\/havamall.vn\/en\/wp-json\/wp\/v2\/product_tag?post=29489"}],"curies":[{"name":"wp","href":"https:\/\/api.w.org\/{rel}","templated":true}]}}