{"id":29451,"date":"2022-11-18T16:16:16","date_gmt":"2022-11-18T09:16:16","guid":{"rendered":"https:\/\/havamall.vn\/?post_type=product&#038;p=29451"},"modified":"2022-11-18T16:37:35","modified_gmt":"2022-11-18T09:37:35","slug":"toi-ot-xay-hu-thuy-tinh-ong-cha-va-nguyen-chat-tu-nhien-ocv-180g","status":"publish","type":"product","link":"https:\/\/havamall.vn\/en\/shop\/toi-ot-xay-hu-thuy-tinh-ong-cha-va-nguyen-chat-tu-nhien-ocv-180g\/","title":{"rendered":"T\u1ecfi \u1edat Xay H\u1ee7 Thu\u1ef7 Tinh Nguy\u00ean Ch\u1ea5t T\u1ef1 Nhi\u00ean OCV 180g"},"content":{"rendered":"<div>\n<div dir=\"auto\">Th\u01b0\u01a1ng hi\u1ec7u \u00d4ng Ch\u00e0 V\u00e0 \u0111\u00e3 c\u00f3 r\u1ea5t l\u00e2u t\u1eeb nh\u1eefng n\u0103m 1939 trong gi\u1edbi \u0111\u1ea7u b\u1ebfp t\u1ea1i S\u00e0i G\u00f2n v\u00e0 tr\u1edf n\u00ean ch\u00ednh th\u1ed1ng b\u1edfi Nosafood. V\u1edbi \u1ea9m th\u1ef1c Vi\u1ec7t nam, gia v\u1ecb \u00d4ng Ch\u00e0 V\u00e0 l\u00e0 y\u1ebfu t\u1ed1 kh\u00f4ng th\u1ec3 thi\u1ebfu cho c\u00e1c \u0111\u1ea7u b\u1ebfp chuy\u00ean nghi\u1ec7p khi ch\u1ebf bi\u1ebfn c\u00e1c m\u00f3n \u0103n ngon. Theo th\u1eddi gian h\u00ecnh th\u00e0nh v\u00e0 ph\u00e1t tri\u1ec3n, \u00d4ng Ch\u00e0 V\u00e0 lu\u00f4n s\u1eed d\u1ee5ng ngu\u1ed3n nguy\u00ean li\u1ec7u t\u1ed1t nh\u1ea5t \u0111\u1ec3 t\u1ed1i \u01b0u ch\u1ea5t l\u01b0\u1ee3ng v\u00e0 kh\u00f4ng ng\u1eebng \u0111a d\u1ea1ng s\u1ea3n ph\u1ea9m.<\/div>\n<div dir=\"auto\"><\/div>\n<\/div>\n<div class=\"kvgmc6g5 cxmmr5t8 oygrvhab hcukyx3x c1et5uql ii04i59q\">\u1edat xay l\u00e0 m\u1ed9t th\u1ee9c gia v\u1ecb kh\u00f4ng th\u1ec3 thi\u1ebfu \u0111\u01b0\u1ee3c trong cu\u1ed9c s\u1ed1ng, \u0111\u1eb7c bi\u1ec7t l\u00e0 khi \u0103n c\u00e1c m\u00f3n nh\u01b0 b\u00fan m\u1ecdc, h\u1ee7 ti\u1ebfu, ph\u1edf, b\u00e1nh canh, \u0111a \u0111a c\u00e1\u2026 M\u1ed9t ch\u00fat \u1edbt xay cay n\u1ed3ng tuy kh\u00f4ng ph\u1ea3i l\u00e0 nguy\u00ean li\u1ec7u ch\u00ednh nh\u01b0ng s\u1ebd l\u00e0m m\u00f3n \u0103n c\u1ee7a b\u1ea1n h\u1ea5p d\u1eabn h\u01a1n r\u1ea5t nhi\u1ec1u t\u1eeb m\u00e0u s\u1eafc cho t\u1edbi h\u01b0\u01a1ng v\u1ecb. Ng\u01b0\u1ee3c l\u1ea1i, n\u1ebfu thi\u1ebfu \u0111i m\u1ed9t ch\u00fat \u1edbt \u1ea5y, m\u00f3n \u0103n c\u1ee7a b\u1ea1n s\u1ebd k\u00e9m ph\u1ea7n th\u01a1m ngon h\u01a1n \u0111\u1ea5y nh\u00e9. C\u00e1ch l\u00e0m \u1edbt xay r\u1ea5t \u0111\u01a1n gi\u1ea3n, ch\u1ec9 v\u1edbi nh\u1eefng nguy\u00ean li\u1ec7u th\u00f4ng d\u1ee5ng c\u00f9ng v\u00e0i b\u01b0\u1edbc l\u00e0m nhanh g\u1ecdn, b\u1ea1n s\u1ebd c\u00f3 ngay m\u1ed9t h\u0169 \u1edbt xay b\u1eaft m\u1eaft v\u00e0 c\u1ef1c th\u01a1m ngon \u0111\u1ea5y.<a title=\"Ngu\u1ed3n tham kh\u1ea3o t\u1eeb b\u00e0i vi\u1ebft C\u00e1ch l\u00e0m \u1edbt xay ng\u00e2m \u0111\u1eadm v\u1ecb, \u0111\u1ec3 l\u00e2u v\u1eabn ngon v\u00e0 kh\u00f4ng h\u1ecfng tr\u00ean trang NGONAZ\" href=\"https:\/\/ngonaz.com\/cach-lam-ot-xay\/\" target=\"_blank\" rel=\"noopener\"><img decoding=\"async\" src=\"https:\/\/havamall.vn\/wp-content\/uploads\/2022\/11\/ngonaz-1.jpg\" \/><\/a><\/div>\n<div class=\"kvgmc6g5 cxmmr5t8 oygrvhab hcukyx3x c1et5uql ii04i59q\">\n<p dir=\"auto\"><img decoding=\"async\" class=\"aligncenter\" src=\"https:\/\/havamall.vn\/wp-content\/uploads\/2022\/11\/thuong-hieu-sa-te-duoc-tin-dung-nhat-hien-nay-255171.jpg\" alt=\"Top 7 Th\u01b0\u01a1ng hi\u1ec7u sa t\u1ebf ngon \u0111\u01b0\u1ee3c tin d\u00f9ng nh\u1ea5t hi\u1ec7n nay - Toplist.vn\" \/><\/p>\n<p dir=\"auto\">V\u1edbi T\u1ecfi \u1edat Xay H\u1ee7 Thu\u1ef7 Tinh b\u1ea1n s\u1ebd ti\u1ebft ki\u1ec7m \u0111\u01b0\u1ee3c th\u1eddi gian v\u00e0 c\u00f4ng s\u1ee9c m\u00e0 v\u1eabn gi\u1eef \u0111\u01b0\u1ee3c v\u1ecb ngon truy\u1ec1n th\u1ed1ng.<\/p>\n<\/div>\n<p>S\u1ea3n ph\u1ea9m l\u00e0 gia v\u1ecb an to\u00e0n cho s\u1ee9c kho\u1ebb con ng\u01b0\u1eddi, ho\u00e0n to\u00e0n kh\u00f4ng ch\u1ee9a ch\u1ea5t t\u1ea1o m\u00e0u, kh\u00f4ng ch\u1ea5t b\u1ea3o qu\u1ea3n. Ngo\u00e0i ra, s\u1ea3n ph\u1ea9m c\u00f2n k\u00edch th\u00edch kh\u1ea9u v\u1ecb c\u1ee7a ng\u01b0\u1eddi d\u00f9ng gi\u00fap cho c\u00e1c b\u1eefa \u0103n th\u00eam ngon mi\u1ec7ng h\u01a1n.<\/p>\n<h3><strong><img fetchpriority=\"high\" decoding=\"async\" class=\"wp-image-29481 aligncenter\" src=\"https:\/\/havamall.vn\/wp-content\/uploads\/2022\/11\/Screen-Shot-2022-11-18-at-3.15.14-PM-300x229.png\" alt=\"\" width=\"707\" height=\"540\" srcset=\"https:\/\/havamall.vn\/wp-content\/uploads\/2022\/11\/Screen-Shot-2022-11-18-at-3.15.14-PM-300x229.png 300w, https:\/\/havamall.vn\/wp-content\/uploads\/2022\/11\/Screen-Shot-2022-11-18-at-3.15.14-PM-430x329.png 430w, https:\/\/havamall.vn\/wp-content\/uploads\/2022\/11\/Screen-Shot-2022-11-18-at-3.15.14-PM-150x115.png 150w, https:\/\/havamall.vn\/wp-content\/uploads\/2022\/11\/Screen-Shot-2022-11-18-at-3.15.14-PM-700x535.png 700w, https:\/\/havamall.vn\/wp-content\/uploads\/2022\/11\/Screen-Shot-2022-11-18-at-3.15.14-PM-768x587.png 768w, https:\/\/havamall.vn\/wp-content\/uploads\/2022\/11\/Screen-Shot-2022-11-18-at-3.15.14-PM-600x459.png 600w, https:\/\/havamall.vn\/wp-content\/uploads\/2022\/11\/Screen-Shot-2022-11-18-at-3.15.14-PM.png 968w\" sizes=\"(max-width: 707px) 100vw, 707px\" \/><\/strong><\/h3>\n<h3><strong>H\u01b0\u1edbng d\u1eabn s\u1eed d\u1ee5ng:<\/strong><\/h3>\n<p>&#8211; \u0102n tr\u1ef1c ti\u1ebfp, b\u1ea3o qu\u1ea3n t\u1ee7 m\u00e1t sau khi s\u1eed d\u1ee5ng.<\/p>\n<p>&#8211; D\u00f9ng l\u00e0m gia v\u1ecb \u0111\u1ec3 \u01b0\u1edbp th\u1ecbt n\u01b0\u1edbng ho\u1eb7c x\u00e0o.<\/p>\n<p>&#8211; T\u1ea1o m\u00f9i th\u01a1m, h\u01b0\u01a1ng v\u1ecb \u0111\u0103c tr\u01b0ng, m\u00e0u s\u1eafc \u0111\u1eb9p m\u1eaft cho s\u1ea3n ph\u1ea9m.<\/p>\n<p>S\u1ea3n ph\u1ea9m hi\u1ec7n \u0111\u00e3 c\u00f3 m\u1eb7t t\u1ea1i Havamall<\/p>\n<p>&nbsp;<\/p>","protected":false},"excerpt":{"rendered":"<p>Th\u01b0\u01a1ng hi\u1ec7u \u00d4ng Ch\u00e0 V\u00e0 \u0111\u00e3 c\u00f3 r\u1ea5t l\u00e2u t\u1eeb nh\u1eefng n\u0103m 1939 trong gi\u1edbi \u0111\u1ea7u b\u1ebfp t\u1ea1i S\u00e0i G\u00f2n<\/p>","protected":false},"featured_media":29476,"comment_status":"open","ping_status":"closed","template":"","meta":[],"product_brand":[],"product_cat":[36,143],"product_tag":[],"class_list":{"0":"post-29451","1":"product","2":"type-product","3":"status-publish","4":"has-post-thumbnail","6":"product_cat-thuc-pham-tieu-dung","7":"product_cat-thuc-pham-dong-hop","8":"pa_brand-ong-cha-va","10":"first","11":"instock","12":"sale","13":"shipping-taxable","14":"purchasable","15":"product-type-simple"},"_links":{"self":[{"href":"https:\/\/havamall.vn\/en\/wp-json\/wp\/v2\/product\/29451"}],"collection":[{"href":"https:\/\/havamall.vn\/en\/wp-json\/wp\/v2\/product"}],"about":[{"href":"https:\/\/havamall.vn\/en\/wp-json\/wp\/v2\/types\/product"}],"replies":[{"embeddable":true,"href":"https:\/\/havamall.vn\/en\/wp-json\/wp\/v2\/comments?post=29451"}],"version-history":[{"count":0,"href":"https:\/\/havamall.vn\/en\/wp-json\/wp\/v2\/product\/29451\/revisions"}],"wp:featuredmedia":[{"embeddable":true,"href":"https:\/\/havamall.vn\/en\/wp-json\/wp\/v2\/media\/29476"}],"wp:attachment":[{"href":"https:\/\/havamall.vn\/en\/wp-json\/wp\/v2\/media?parent=29451"}],"wp:term":[{"taxonomy":"product_brand","embeddable":true,"href":"https:\/\/havamall.vn\/en\/wp-json\/wp\/v2\/product_brand?post=29451"},{"taxonomy":"product_cat","embeddable":true,"href":"https:\/\/havamall.vn\/en\/wp-json\/wp\/v2\/product_cat?post=29451"},{"taxonomy":"product_tag","embeddable":true,"href":"https:\/\/havamall.vn\/en\/wp-json\/wp\/v2\/product_tag?post=29451"}],"curies":[{"name":"wp","href":"https:\/\/api.w.org\/{rel}","templated":true}]}}