{"id":29370,"date":"2022-11-15T17:31:03","date_gmt":"2022-11-15T10:31:03","guid":{"rendered":"https:\/\/havamall.vn\/?post_type=product&#038;p=29370"},"modified":"2022-11-16T15:24:23","modified_gmt":"2022-11-16T08:24:23","slug":"trung-ca-tam-chay-nhap-khau-nga-100g-%d0%b8%d0%bc%d0%b8%d1%82%d0%b8%d1%80%d0%be%d0%b2%d0%b0%d0%bd%d0%bd%d0%b0%d1%8f-%d1%87%d0%b5%d1%80%d0%bd%d0%b0%d1%8f-%d0%b8%d0%ba%d1%80%d0%b0-vegan","status":"publish","type":"product","link":"https:\/\/havamall.vn\/en\/shop\/trung-ca-tam-chay-nhap-khau-nga-100g-%d0%b8%d0%bc%d0%b8%d1%82%d0%b8%d1%80%d0%be%d0%b2%d0%b0%d0%bd%d0%bd%d0%b0%d1%8f-%d1%87%d0%b5%d1%80%d0%bd%d0%b0%d1%8f-%d0%b8%d0%ba%d1%80%d0%b0-vegan\/","title":{"rendered":"Tr\u1ee9ng C\u00e1 T\u1ea7m Chay Nh\u1eadp Kh\u1ea9u Nga 100g &#8211; \u0418\u043c\u0438\u0442\u0438\u0440\u043e\u0432\u0430\u043d\u043d\u0430\u044f \u0447\u0435\u0440\u043d\u0430\u044f \u0438\u043a\u0440\u0430 &#8220;Vegan&#8221;"},"content":{"rendered":"<p>Tr\u1ee9ng c\u00e1 t\u1ea7m l\u00e0 m\u1ed9t lo\u1ea1i th\u1ef1c ph\u1ea9m \u201cho\u00e0ng gia&#8221; th\u01a1m ngon v\u00e0 gi\u00e0u gi\u00e1 tr\u1ecb dinh d\u01b0\u1ee1ng. C\u00e1c m\u00f3n \u0103n k\u1ebft h\u1ee3p c\u00f9ng th\u1ef1c ph\u1ea9m n\u00e0y th\u01b0\u1eddng r\u1ea5t \u0111\u1eaft \u0111\u1ecf, th\u1ec3 hi\u1ec7n \u0111\u1eb3ng c\u1ea5p sang tr\u1ecdng c\u1ee7a ng\u01b0\u1eddi th\u01b0\u1edfng th\u1ee9c. D\u01b0\u1edbi \u0111\u00e2y l\u00e0 m\u1ed9t s\u1ed1 m\u00f3n \u0103n \u0111\u01b0\u1ee3c ch\u1ebf bi\u1ebfn t\u1eeb tr\u1ee9ng c\u00e1 t\u1ea7m Caviar c\u1ef1c h\u1ea5p d\u1eabn l\u1ea1i r\u1ea5t d\u1ec5 l\u00e0m ngay t\u1ea1i nh\u00e0 m\u00e0\u00a0Havamall mu\u1ed1n gi\u1edbi thi\u1ec7u t\u1edbi b\u1ea1n.<\/p>\n<h2 id=\"toctoc-0\">Tr\u1ee9ng c\u00e1 t\u1ea7m Caviar Chay l\u00e0 g\u00ec?<\/h2>\n<p>Caviar l\u00e0 m\u1ed9t lo\u1ea1i\u00a0tr\u1ee9ng c\u00e1 mu\u1ed1i\u00a0t\u1eeb lo\u00e0i c\u00e1 t\u1ea7m xu\u1ea5t hi\u1ec7n \u1edf nhi\u1ec1u v\u00f9ng bi\u1ec3n tr\u00ean th\u1ebf gi\u1edbi. M\u1ed9t s\u1ed1 v\u00f9ng tr\u1ee9ng c\u00e1 t\u1ea7m \u0111\u1eaft \u0111\u1ecf tr\u00ean th\u1ebf gi\u1edbi ph\u1ea3i k\u1ec3 \u0111\u1ebfn tr\u1ee9ng c\u00e1 Beluga \u1edf ph\u00eda nam n\u01b0\u1edbc Nga, tr\u1ee9ng c\u00e1 Sevruga, tr\u1ee9ng c\u00e1 Beluga&#8230; Hi\u1ec7n nay, m\u1ed9t h\u1ed9p\u00a0tr\u1ee9ng c\u00e1 t\u1ea7m Caviar\u00a0100gr s\u1ebd c\u00f3 gi\u00e1 trung b\u00ecnh kho\u1ea3ng 300 euro (h\u01a1n 8 tri\u1ec7u \u0111\u1ed3ng). Do \u0111\u00f3, 1kg tr\u1ee9ng c\u00e1 t\u1ea7m c\u00f3 th\u1ec3 l\u00ean \u0111\u1ebfn 80 tri\u1ec7u. Ngo\u00e0i ra, c\u00f3 khi gi\u00e1 c\u1ee7a tr\u1ee9ng c\u00e1 t\u1ea7m Caviar qu\u00fd c\u00f3 th\u1ec3 l\u00ean 8000 &#8211; 9000 USD (t\u1ea7m 180-200 tri\u1ec7u \u0111\u1ed3ng). Th\u1eadm ch\u00ed, c\u00f3 lo\u1ea1i tr\u1ee9ng c\u00e1 t\u1ea7m Beluga c\u00f3 gi\u00e1 l\u00ean \u0111\u1ebfn 40.000 euro 1 kg (h\u01a1n 1 t\u1ec9 \u0111\u1ed3ng VN).<\/p>\n<p>V\u1edbi gi\u00e1 th\u00e0nh qu\u00e1 \u0111\u1eaft \u0111\u1ecf,\u00a0tr\u1ee9ng c\u00e1 t\u1ea7m Caviar\u00a0lu\u00f4n \u0111\u01b0\u1ee3c x\u1ebfp v\u00e0o danh s\u00e1ch c\u00e1c m\u00f3n \u0103n xa x\u1ec9 ch\u1ec9 d\u00e0nh cho gi\u1edbi th\u01b0\u1ee3ng l\u01b0u. \u0110\u00e2y l\u00e0 lo\u1ea1i th\u1ef1c ph\u1ea9m lu\u00f4n \u0111\u01b0\u1ee3c \u0111\u00e1nh gi\u00e1 cao v\u1ec1 s\u1ef1 thu\u1ea7n khi\u1ebft, c\u00f3 v\u1ecb b\u00e9o v\u00e0 h\u01b0\u01a1ng v\u1ecb r\u1ea5t h\u1ea5p d\u1eabn. Tuy nhi\u00ean do m\u1ed9t s\u1ed1 t\u1ed5 ch\u1ee9c l\u00ean \u00e1n v\u1ec1 c\u00e1ch \u0111\u00e1nh b\u1eaft d\u1eabn \u0111\u1ebfn s\u1ed1 l\u01b0\u1ee3ng khan hi\u1ebfm n\u00ean hi\u1ec7n nay \u0111\u00e3 c\u00f3 lo\u1ea1i <strong>Tr\u1ee9ng C\u00e1 T\u1ea7m Chay<\/strong> v\u1edbi gi\u00e1 th\u00e0nh h\u1ee3p l\u00fd, h\u01b0\u01a1ng v\u1ecb gi\u1ed1ng \u0111\u1ebfn 90% so v\u1edbi tr\u1ee9ng c\u00e1 th\u1eadt.<\/p>\n<h2>C\u00e1ch l\u00e0m<\/h2>\n<h2 id=\"toctoc-0\">Tr\u1ee9ng c\u00e1 t\u1ea7m Caviar Chay nh\u01b0 th\u1ebf n\u00e0o?<\/h2>\n<p>Tr\u1ee9ng c\u00e1 t\u1eb1m chay \u0111\u01b0\u1ee3c l\u00e0m t\u1eeb rong bi\u1ec3n, t\u1ea3o v\u00e0 ch\u1ea5t l\u00e0m c\u00f4 \u0111\u1eb7c nh\u01b0 rau c\u00e2u, mu\u1ed1i&#8230;. N\u00ean th\u00e0nh ph\u1ea7n 100% thu\u1ea7n chay, b\u1ea1n c\u00f3 th\u1ec3 xem th\u00eam \u1edf video \u1edf d\u01b0\u1edbi. Tuy nhi\u00ean v\u1edbi quy m\u00f4 hi\u1ec7n \u0111\u1ea1i v\u00e0 kh\u00e9p k\u00edn.<\/p>\n<div style=\"width: 720px;\" class=\"wp-video\"><!--[if lt IE 9]><script>document.createElement('video');<\/script><![endif]-->\n<video class=\"wp-video-shortcode\" id=\"video-29370-1\" width=\"720\" height=\"720\" preload=\"metadata\" controls=\"controls\"><source type=\"video\/mp4\" src=\"https:\/\/havamall.vn\/wp-content\/uploads\/2022\/11\/76afc6b45bb80ccf646d104e8b197b67.mp4?_=1\" \/><a href=\"https:\/\/havamall.vn\/wp-content\/uploads\/2022\/11\/76afc6b45bb80ccf646d104e8b197b67.mp4\">https:\/\/havamall.vn\/wp-content\/uploads\/2022\/11\/76afc6b45bb80ccf646d104e8b197b67.mp4<\/a><\/video><\/div>\n<h2 id=\"toctoc-1\">C\u00e1ch \u0103n tr\u1ee9ng c\u00e1 chay:<\/h2>\n<p>Khi s\u1eed d\u1ee5ng\u00a0tr\u1ee9ng c\u00e1 t\u1ea7m chay Caviar, \u0111\u1ec3 gi\u1eef \u0111\u01b0\u1ee3c tr\u1ecdn v\u1ecb thu\u1ea7n khi\u1ebft v\u00e0 kh\u00f4ng b\u1ecb l\u1eabn m\u00f9i, gi\u1edbi s\u00e0nh \u0103n th\u01b0\u1eddng h\u1ea1n ch\u1ebf d\u00f9ng v\u1edbi c\u00e1c nguy\u00ean li\u1ec7u kh\u00e1c. V\u00ec th\u1ebf, c\u00e1ch \u0103n ph\u1ed5 bi\u1ebfn nh\u1ea5t c\u1ee7a h\u1ecd cho tr\u1ee9ng c\u00e1 t\u1ea7m l\u00ean l\u00e1t b\u00e1nh m\u00ec, ph\u1ebft l\u00ean m\u1ed9t \u00edt b\u01a1 ho\u1eb7c kem Fraiche v\u00e0 sau \u0111\u00f3 th\u01b0\u1edfng th\u1ee9c. Ng\u01b0\u1eddi ta th\u01b0\u1eddng th\u01b0\u1edfng th\u1ee9c m\u00f3n n\u00e0y \u0111\u1ec3 \u0103n s\u00e1ng hay \u0111\u1ec3 l\u00e0m m\u00f3n khai v\u1ecb.<\/p>\n<p><em><img fetchpriority=\"high\" decoding=\"async\" class=\" wp-image-29378 aligncenter\" src=\"https:\/\/havamall.vn\/wp-content\/uploads\/2022\/11\/Untitled-1-300x192.png\" alt=\"\" width=\"838\" height=\"537\" srcset=\"https:\/\/havamall.vn\/wp-content\/uploads\/2022\/11\/Untitled-1-300x192.png 300w, https:\/\/havamall.vn\/wp-content\/uploads\/2022\/11\/Untitled-1-430x275.png 430w, https:\/\/havamall.vn\/wp-content\/uploads\/2022\/11\/Untitled-1-150x96.png 150w, https:\/\/havamall.vn\/wp-content\/uploads\/2022\/11\/Untitled-1-768x491.png 768w, https:\/\/havamall.vn\/wp-content\/uploads\/2022\/11\/Untitled-1-600x383.png 600w\" sizes=\"(max-width: 838px) 100vw, 838px\" \/><\/em><\/p>\n<p style=\"text-align: center;\"><em>C\u00e1ch \u0103n ph\u1ed5 bi\u1ebfn nh\u1ea5t l\u00e0 \u0103n\u00a0tr\u1ee9ng c\u00e1 t\u1ea7m v\u1edbi b\u00e1nh m\u00ec k\u00e8m\u00a0m\u1ed9t \u00edt b\u01a1 ho\u1eb7c kem Fraiche\u00a0<\/em><\/p>\n<p>Kem Fraiche c\u00f3 h\u00e0m l\u01b0\u1ee3ng ch\u1ea5t b\u00e9o cao, c\u00f3 v\u1ecb chua nh\u1eb9 pha tr\u1ed9n gi\u1eefa kem s\u1eefa b\u00e9o v\u00e0 kem chua v\u00e0 c\u00f3 \u0111\u00f4i\u00a0ch\u00fat v\u1ecb s\u1eefa chua. H\u01b0\u01a1ng v\u1ecb\u00a0tr\u1ee9ng c\u00e1 t\u1ea7m\u00a0kh\u00f4ng h\u1ec1 b\u1ecb tanh, b\u00e9o ng\u1eady, r\u1ea5t \u0111\u1eadm \u0111\u00e0. B\u00e1nh m\u00ec n\u01b0\u1edbng c\u1eaft ki\u1ec3u tam gi\u00e1c, n\u01b0\u1edbng gi\u00f2n mang \u0111\u1ebfn s\u1ef1 k\u1ebft h\u1ee3p v\u00f4 c\u00f9ng th\u00fa v\u1ecb.<\/p>\n<h2 id=\"toctoc-2\">Tr\u1ee9ng g\u00e0 khu\u1ea5y k\u1ebft h\u1ee3p c\u00f9ng tr\u1ee9ng c\u00e1 t\u1ea7m<\/h2>\n<p>Tr\u1ee9ng g\u00e0 khu\u1ea5y l\u00e0 m\u00f3n \u0103n v\u00f4 c\u00f9ng quen thu\u1ed9c, th\u1ebf nh\u01b0ng khi \u0111\u01b0\u1ee3c ph\u1ebft l\u00ean m\u1ed9t \u00edt tr\u1ee9ng c\u00e1 t\u1ea7m Caviar th\u00ec m\u00f3n \u0103n tr\u1edf n\u00ean r\u1ea5t sang ch\u1ea3nh. Khi c\u1eafn m\u1ed9t mi\u1ebfng, nh\u1eefng h\u1ea1t tr\u1ee9ng c\u00e1 li ti n\u1ed5 tan trong mi\u1ec7ng, b\u1ea1n s\u1ebd c\u1ea3m nh\u1eadn v\u1ecb b\u00e9o b\u00f9i c\u1ee7a tr\u1ee9ng g\u00e0 ho\u00e0 quy\u1ec7n c\u00f9ng v\u1ecb m\u1eb1n m\u1eb7n \u0111\u1eb7c tr\u1ee9ng c\u1ee7a tr\u1ee9ng c\u00e1, v\u00f4 c\u00f9ng h\u1ea5p d\u1eabn.<\/p>\n<h2 id=\"toctoc-3\"><img decoding=\"async\" class=\" wp-image-29379 aligncenter\" src=\"https:\/\/havamall.vn\/wp-content\/uploads\/2022\/11\/6786-300x192.png\" alt=\"\" width=\"580\" height=\"371\" srcset=\"https:\/\/havamall.vn\/wp-content\/uploads\/2022\/11\/6786-300x192.png 300w, https:\/\/havamall.vn\/wp-content\/uploads\/2022\/11\/6786-430x275.png 430w, https:\/\/havamall.vn\/wp-content\/uploads\/2022\/11\/6786-150x96.png 150w, https:\/\/havamall.vn\/wp-content\/uploads\/2022\/11\/6786-700x447.png 700w, https:\/\/havamall.vn\/wp-content\/uploads\/2022\/11\/6786-768x491.png 768w, https:\/\/havamall.vn\/wp-content\/uploads\/2022\/11\/6786-600x383.png 600w, https:\/\/havamall.vn\/wp-content\/uploads\/2022\/11\/6786.png 800w\" sizes=\"(max-width: 580px) 100vw, 580px\" \/><\/h2>\n<h2 id=\"toctoc-5\">H\u00e0u\u00a0s\u1ed1t kem v\u00e0 tr\u1ee9ng c\u00e1 t\u1ea7m<\/h2>\n<p>H\u00e0u \u0111\u01b0\u1ee3c lu\u1ed9c s\u01a1, sau \u0111\u00f3 th\u00eam s\u1ed1t kem, gia v\u1ecb, cu\u1ed1i c\u00f9ng ph\u1ee7 l\u00ean tr\u00ean b\u1ec1 m\u1eb7t m\u1ed9t l\u1edbp tr\u1ee9ng c\u00e1 t\u1ea7m Caviar m\u1ecfng. H\u00e0u ch\u1ee9a nhi\u1ec1u ch\u1ea5t dinh d\u01b0\u1ee1ng, k\u1ebft h\u1ee3p c\u00f9ng kem b\u00e9o ng\u1eady, c\u00f9ng mi\u1ebfng tr\u1ee9ng c\u00e1 t\u1ea7m tan ch\u1ea3y trong mi\u1ec7ng h\u1ea5p d\u1eabn th\u01a1m ngon. \u0110\u00e2y qu\u1ea3 l\u00e0 m\u00f3n \u0103n \u0111\u1eb7c s\u1eafc mang \u0111\u1ebfn tr\u1ea3i nghi\u1ec7m v\u00f4 c\u00f9ng th\u00fa v\u1ecb cho ng\u01b0\u1eddi th\u01b0\u1edfng th\u1ee9c. \u0110\u1eb7c bi\u1ec7t, nhi\u1ec1u th\u1ef1c kh\u00e1ch c\u00f2n \u0111\u00e2y gi\u00e1 \u0111\u00e2y l\u00e0 m\u00f3n \u0103n k\u1ebft h\u1ee3p c\u00f9ng tr\u1ee9ng c\u00e1 t\u1ea7m m\u00e0 h\u1ecd th\u1ea5y ngon nh\u1ea5t.<\/p>\n<h2 id=\"toctoc-6\"><img decoding=\"async\" class=\" wp-image-29380 aligncenter\" src=\"https:\/\/havamall.vn\/wp-content\/uploads\/2022\/11\/jk-300x192.png\" alt=\"\" width=\"611\" height=\"391\" srcset=\"https:\/\/havamall.vn\/wp-content\/uploads\/2022\/11\/jk-300x192.png 300w, https:\/\/havamall.vn\/wp-content\/uploads\/2022\/11\/jk-430x275.png 430w, https:\/\/havamall.vn\/wp-content\/uploads\/2022\/11\/jk-150x96.png 150w, https:\/\/havamall.vn\/wp-content\/uploads\/2022\/11\/jk-700x447.png 700w, https:\/\/havamall.vn\/wp-content\/uploads\/2022\/11\/jk-768x491.png 768w, https:\/\/havamall.vn\/wp-content\/uploads\/2022\/11\/jk-600x383.png 600w, https:\/\/havamall.vn\/wp-content\/uploads\/2022\/11\/jk.png 800w\" sizes=\"(max-width: 611px) 100vw, 611px\" \/><\/h2>\n<h2>B\u00e1nh x\u1ebfp Blini k\u1ebft h\u1ee3p v\u1edbi tr\u1ee9ng c\u00e1 t\u1ea7m<\/h2>\n<p>\u0110\u00e2y l\u00e0 m\u1ed9t lo\u1ea1i b\u00e1nh \u0111a v\u1ecb th\u01b0\u1eddng \u0111\u01b0\u1ee3c d\u00f9ng trong l\u1ec5 h\u1ed9i ch\u00e0o m\u1eebng n\u0103m m\u1edbi c\u1ee7a ng\u01b0\u1eddi Nga. B\u00e1nh x\u1ebfp Blini thu h\u00fat ng\u01b0\u1eddi d\u00f9ng b\u1edfi c\u00e1c lo\u1ea1i nh\u00e2n \u0111a d\u1ea1ng nh\u01b0 m\u1ee9t, m\u1eadt ong, b\u01a1, kem chua v\u00e0 \u0111\u1eb7c bi\u1ec7t l\u00e0 h\u01b0\u01a1ng v\u1ecb truy\u1ec1n th\u1ed1ng \u0111\u1eaft \u0111\u1ecf &#8211;\u00a0tr\u1ee9ng c\u00e1 t\u1ea7m mu\u1ed1i.<\/p>\n<p>Ch\u00ednh\u00a0tr\u1ee9ng c\u00e1 t\u1ea7m mu\u1ed1i\u00a0\u0111\u00e3 l\u00e0m t\u0103ng th\u00eam s\u1ef1 sang tr\u1ecdng, tinh t\u1ebf cho m\u00f3n \u0103n \u0111\u1eb7c bi\u1ec7t n\u00e0y c\u1ee7a ng\u01b0\u1eddi Nga. H\u01b0\u01a1ng v\u1ecb \u0111\u1eb7c tr\u01b0ng c\u1ee7a tr\u1ee9ng c\u00e1 t\u1ea7m khi k\u1ebft h\u1ee3p v\u1edbi b\u00e1nh x\u1ebfp Blini gi\u00f2n, c\u00f9ng h\u00e0nh l\u00e1 t\u01b0\u01a1i \u0111\u00e3 khi\u1ebfn m\u00f3n \u0103n tr\u1edf n\u00ean \u0111\u1eb7c bi\u1ec7t h\u01a1n nhi\u1ec1u.<\/p>\n<p><img loading=\"lazy\" decoding=\"async\" class=\" wp-image-29381 aligncenter\" src=\"https:\/\/havamall.vn\/wp-content\/uploads\/2022\/11\/6575-300x192.png\" alt=\"\" width=\"606\" height=\"388\" srcset=\"https:\/\/havamall.vn\/wp-content\/uploads\/2022\/11\/6575-300x192.png 300w, https:\/\/havamall.vn\/wp-content\/uploads\/2022\/11\/6575-430x275.png 430w, https:\/\/havamall.vn\/wp-content\/uploads\/2022\/11\/6575-150x96.png 150w, https:\/\/havamall.vn\/wp-content\/uploads\/2022\/11\/6575-700x447.png 700w, https:\/\/havamall.vn\/wp-content\/uploads\/2022\/11\/6575-768x491.png 768w, https:\/\/havamall.vn\/wp-content\/uploads\/2022\/11\/6575-600x383.png 600w, https:\/\/havamall.vn\/wp-content\/uploads\/2022\/11\/6575.png 800w\" sizes=\"(max-width: 606px) 100vw, 606px\" \/><\/p>\n<h2><\/h2>\n<h3><strong>C\u00e1ch s\u1eed d\u1ee5ng v\u00e0 b\u1ea3o qu\u1ea3n m\u00f3n tr\u1ee9ng c\u00e1 Caviar<\/strong><\/h3>\n<p>\u0110\u1ec3 \u0111\u1ea3m b\u1ea3o m\u00f9i v\u1ecb v\u00e0 kh\u00f4ng l\u00e0m h\u1ecfng\u00a0<strong>m\u00f3n tr\u1ee9ng c\u00e1 Caviar<\/strong>, khi l\u1ea5y tr\u1ee9ng c\u00e1 t\u1ea7m ra kh\u1ecfi h\u1ed9p b\u1ea1n n\u00ean s\u1eed d\u1ee5ng th\u00eca b\u1eb1ng ng\u1ecdc trai, nh\u1ef1a ho\u1eb7c g\u1ed7, tr\u00e1nh s\u1eed d\u1ee5ng th\u00eca b\u1eb1ng nh\u00f4m, inox,\u2026 v\u00ec s\u1ebd l\u00e0m bi\u1ebfn \u0111\u1ed5i m\u00e0u s\u1eafc v\u00e0 m\u00f9i v\u1ecb .<\/p>\n<p>Vi\u1ec7c b\u1ea3o qu\u1ea3n tr\u1ee9ng c\u00e1 Caviar c\u0169ng c\u1ea7n v\u00f4 c\u00f9ng c\u1ea9n th\u1eadn, n\u00ean b\u1ea3o qu\u1ea3n tr\u1ee9ng trong ng\u0103n m\u00e1t t\u1ee7 v\u1edbi nhi\u1ec7t \u0111\u1ed9 t\u1eeb -2 \u0111\u1ebfn +2 \u0111\u1ed9 C. Sau khi m\u1edf n\u1eafp c\u1ea7n s\u1eed d\u1ee5ng h\u1ebft nhanh trong v\u00f2ng 1 th\u00e1ng sau m\u1edf n\u1eafp v\u00e0 lu\u00f4n c\u1ea7n gi\u1eef l\u1ea1nh, khi \u0103n m\u1edbi b\u1eaft \u0111\u1ea7u b\u00e0y ra.<\/p>\n<p><strong>KH\u00d4NG B\u1ea2O QU\u1ea2N \u0110\u00d4NG L\u1ea0NH<\/strong><\/p>\n<p><strong>M\u00f3n tr\u1ee9ng c\u00e1 Caviar\u00a0<\/strong>l\u00e0 th\u1ef1c ph\u1ea9m cao c\u1ea5p v\u00e0 v\u00f4 c\u00f9ng b\u1ed5 d\u01b0\u1ee1ng, b\u1ea1n n\u00ean th\u01b0\u1edfng th\u1ee9c \u0111\u1ec3 c\u00f3 m\u1ed9t c\u01a1 th\u1ec3 kh\u1ecfe m\u1ea1nh, v\u00e0 ph\u00f2ng tr\u00e1nh \u0111\u01b0\u1ee3c nhi\u1ec1u b\u1ec7nh.<\/p>\n<h2 id=\"toctoc-0\">Mua Tr\u1ee9ng c\u00e1 t\u1ea7m Caviar Chay \u1edf \u0111\u00e2u?<\/h2>\n<p>Hi\u1ec7n nay do nhu c\u1ea7u s\u1eed d\u1ee5ng tr\u1ee9ng c\u00e1 chay ng\u00e0y c\u00e0ng t\u0103ng khi\u1ebfn cho c\u00e1c c\u1eeda h\u00e0ng, \u0111\u1ecba ch\u1ec9 cung c\u1ea5p s\u1ea3n ph\u1ea9m n\u00e0y c\u0169ng ng\u00e0y c\u00e0ng nhi\u1ec1u. Kh\u00f4ng \u00edt c\u01a1 s\u1edf kinh doanh c\u00f2n tung ra th\u1ecb tr\u01b0\u1eddng s\u1ea3n ph\u1ea9m kh\u00f4ng \u0111\u1ea3m b\u1ea3o ch\u1ea5t l\u01b0\u1ee3ng, g\u00e2y \u1ea3nh h\u01b0\u1edfng kh\u00f4ng nh\u1ecf t\u1edbi s\u1ee9c kho\u1ebb c\u1ee7a ng\u01b0\u1eddi ti\u00eau d\u00f9ng. B\u1ea1n n\u00ean ch\u1ecdn c\u00e1c s\u1ea3n ph\u1ea9m c\u00f3 ngu\u1ed3n g\u1ed1c, xu\u1ea5t x\u1ee9 r\u00f5 r\u00e0ng, c\u0169ng nh\u01b0 s\u1ea3n ph\u1ea9m ch\u00ednh h\u00e3ng nh\u01b0 s\u1ea3n ph\u1ea9m Tr\u1ee9ng C\u00e1 T\u1ea7m Chay nh\u1eadp kh\u1ea9u t\u1eeb Nga do Havamall ph\u00e2n ph\u1ed1i v\u1edbi gi\u00e1 t\u1ed1t nh\u1ea5t.<\/p>\n<p>N\u1ebfu b\u1ea1n c\u1ea7n mua nh\u01b0ng kh\u00f4ng th\u1ec3 t\u1ef1 m\u00ecnh \u0111i mua \u0111\u01b0\u1ee3c c\u00f3 th\u1ec3 li\u00ean h\u1ec7 Hotline 0946 229 642 &#8211; Havamall s\u1ebd giao nhanh trong v\u00f2ng 2h, giao ngay s\u1ea3n ph\u1ea9m t\u01b0\u01a1i m\u1edbi \u0111\u1ebfn t\u1eadn tay kh\u00e1ch h\u00e0ng. Ngo\u00e0i ra Havamall c\u00f2n freeship cho \u0111\u01a1n t\u1eeb 500k.<\/p>\n<p>Li\u00ean h\u1ec7 ngay n\u1ebfu b\u1ea1n mu\u1ed1n b\u1ed5 sung m\u1ed9t s\u1ea3n ph\u1ea9m ch\u1ea5t l\u01b0\u1ee3ng v\u00e0o kh\u1ea9u ph\u1ea7n \u0103n h\u1eb1ng ng\u00e0y ho\u1eb7c b\u1ea1n mu\u1ed1n nh\u1eadp s\u1ea3n ph\u1ea9m v\u1edbi gi\u00e1 s\u1ec9 t\u1ed1t nh\u1ea5t.<\/p>\n","protected":false},"excerpt":{"rendered":"<p>Tr\u1ee9ng c\u00e1 t\u1ea7m l\u00e0 m\u1ed9t lo\u1ea1i th\u1ef1c ph\u1ea9m \u201cho\u00e0ng gia&#8221; th\u01a1m ngon v\u00e0 gi\u00e0u gi\u00e1 tr\u1ecb dinh d\u01b0\u1ee1ng. C\u00e1c m\u00f3n<\/p>","protected":false},"featured_media":29372,"comment_status":"open","ping_status":"closed","template":"","meta":[],"product_brand":[],"product_cat":[275,496,36],"product_tag":[],"class_list":{"0":"post-29370","1":"product","2":"type-product","3":"status-publish","4":"has-post-thumbnail","6":"product_cat-thuc-pham-dong-lanh","7":"product_cat-thuc-pham-thuan-chay","8":"product_cat-thuc-pham-tieu-dung","10":"first","11":"instock","12":"sale","13":"shipping-taxable","14":"purchasable","15":"product-type-simple"},"_links":{"self":[{"href":"https:\/\/havamall.vn\/en\/wp-json\/wp\/v2\/product\/29370"}],"collection":[{"href":"https:\/\/havamall.vn\/en\/wp-json\/wp\/v2\/product"}],"about":[{"href":"https:\/\/havamall.vn\/en\/wp-json\/wp\/v2\/types\/product"}],"replies":[{"embeddable":true,"href":"https:\/\/havamall.vn\/en\/wp-json\/wp\/v2\/comments?post=29370"}],"version-history":[{"count":0,"href":"https:\/\/havamall.vn\/en\/wp-json\/wp\/v2\/product\/29370\/revisions"}],"wp:featuredmedia":[{"embeddable":true,"href":"https:\/\/havamall.vn\/en\/wp-json\/wp\/v2\/media\/29372"}],"wp:attachment":[{"href":"https:\/\/havamall.vn\/en\/wp-json\/wp\/v2\/media?parent=29370"}],"wp:term":[{"taxonomy":"product_brand","embeddable":true,"href":"https:\/\/havamall.vn\/en\/wp-json\/wp\/v2\/product_brand?post=29370"},{"taxonomy":"product_cat","embeddable":true,"href":"https:\/\/havamall.vn\/en\/wp-json\/wp\/v2\/product_cat?post=29370"},{"taxonomy":"product_tag","embeddable":true,"href":"https:\/\/havamall.vn\/en\/wp-json\/wp\/v2\/product_tag?post=29370"}],"curies":[{"name":"wp","href":"https:\/\/api.w.org\/{rel}","templated":true}]}}