{"id":29360,"date":"2022-11-15T16:34:36","date_gmt":"2022-11-15T09:34:36","guid":{"rendered":"https:\/\/havamall.vn\/?post_type=product&#038;p=29360"},"modified":"2023-06-14T09:47:24","modified_gmt":"2023-06-14T02:47:24","slug":"ngu-coc-khong-duong-granola-younger-farm-200g-sua-chua-dau-tay-va-trai-mong","status":"publish","type":"product","link":"https:\/\/havamall.vn\/en\/shop\/ngu-coc-khong-duong-granola-younger-farm-200g-sua-chua-dau-tay-va-trai-mong\/","title":{"rendered":"T\u1eb7ng B\u00e1t G\u00e1o D\u1eeba &#8211; Ng\u0169 C\u1ed1c Granola Younger Farm 200g &#8211; S\u1eefa Chua D\u00e2u T\u00e2y v\u00e0 Tr\u00e1i M\u1ecdng"},"content":{"rendered":"<p>Th\u01b0\u01a1ng hi\u1ec7u Younger Farm l\u00e0 m\u1ed9t trong nh\u1eefng nh\u00e0 m\u00e1y chuy\u1ec3n s\u1ea3n xu\u1ea5t m\u00f3n \u0103n v\u1eb7t th\u01a1m ngon \u0111\u1ebfn t\u1eeb Th\u00e1i Lan. V\u1edbi c\u00f4ng ngh\u1ec7 ti\u00ean ti\u1ebfn hi\u1ec7n \u0111\u1ea1i, s\u1ea3n ph\u1ea9m \u0111\u01b0\u1ee3c ch\u1ebf bi\u1ebfn \u0111em t\u1edbi h\u01b0\u01a1ng v\u1ecb h\u00e0i h\u00f2a ngon mi\u1ec7ng cho nh\u1eefng ng\u01b0\u1eddi th\u00edch \u0103n \u0111\u1ed3 \u0103n v\u1eb7t m\u00e0 kh\u00f4ng s\u1ee3 b\u1ecb b\u00e9o ph\u00ec. Nay \u0111\u00e3 c\u00f3 s\u1ea3n ph\u1ea9m Ng\u0169 c\u1ed1c Granola v\u1edbi h\u01b0\u01a1ng v\u1ecb tr\u00e1i c\u00e2y k\u1ebft h\u1ee3p c\u00f9ng s\u1eefa chua s\u1ea5y gi\u00f2n tan. S\u1ea3n ph\u1ea9m \u0111\u01b0\u1ee3c \u0111\u00f3ng g\u00f3i r\u1ea5t ti\u1ec7n l\u1ee3i khi s\u1eed d\u1ee5ng v\u00e0o b\u1ea3o qu\u1ea3n, b\u1ea1n c\u00f3 th\u1ec3 mang theo s\u1ea3n ph\u1ea9m trong nh\u1eefng chuy\u1ebfn du l\u1ecbch, d\u00e3 ngo\u1ea1i,\u2026 \u0111\u1ec3 c\u00f9ng chia s\u1ebb v\u1edbi ng\u01b0\u1eddi th\u00e2n v\u00e0 b\u1ea1n b\u00e8.<\/p>\n<p><img fetchpriority=\"high\" decoding=\"async\" class=\"aligncenter\" src=\"https:\/\/scontent.fsgn13-4.fna.fbcdn.net\/v\/t39.30808-6\/173393110_1488141871538705_1162149361088868991_n.jpg?_nc_cat=107&amp;ccb=1-7&amp;_nc_sid=e3f864&amp;_nc_ohc=6HoPf7oqUrUAX-Dzg6O&amp;tn=uI3nkUsaFAvKymmU&amp;_nc_ht=scontent.fsgn13-4.fna&amp;oh=00_AfBBP5uZtJvf8t29du0Ncjj6lCdX6_mJO5KPpN23PbBfdw&amp;oe=63780632\" alt=\"C\u00f3 th\u1ec3 l\u00e0 h\u00ecnh \u1ea3nh v\u1ec1 th\u1ef1c ph\u1ea9m v\u00e0 v\u0103n b\u1ea3n cho bi\u1ebft 'Younger Farm YOUNGER FARM THAILAND OFFICIAL FANPAGE ranola Granol Granola MALA CRACKER WASAB SEAWEED SALTED anana EGG'\" width=\"741\" height=\"284\" \/><\/p>\n<p>S\u1ea3n ph\u1ea9m Granola Tr\u00e1i C\u00e2y c\u00f3 c\u00e1c h\u01b0\u01a1ng v\u1ecb: Matcha, D\u00e2u T\u00e2y, Chocolate, Tr\u00e1i M\u1ecdng v\u00e0 Tr\u00e0 B\u00e1 T\u01b0\u1edbc. M\u1ed7i h\u01b0\u01a1ng v\u1ecb mang l\u1ea1i m\u1ed9t tr\u1ea3i nghi\u1ec7m c\u1ef1c th\u00fa v\u1ecb v\u00e0 gi\u00fap m\u00f3n \u0103n tr\u1edf n\u00ean c\u1ef1c k\u00ec h\u1ea5p d\u1eabn.<\/p>\n<p><img decoding=\"async\" class=\"aligncenter\" src=\"https:\/\/scontent.fsgn4-1.fna.fbcdn.net\/v\/t39.30808-6\/294258575_1760395287646694_7538328776660053718_n.jpg?_nc_cat=103&amp;ccb=1-7&amp;_nc_sid=730e14&amp;_nc_ohc=95jc-iiPcHQAX-QVHca&amp;_nc_ht=scontent.fsgn4-1.fna&amp;oh=00_AfCeUOlZfZoVe2hTQZUTZM2H9XlHwx6KfVj444ZSiUtIOw&amp;oe=6377FE7F\" alt=\"C\u00f3 th\u1ec3 l\u00e0 h\u00ecnh \u1ea3nh v\u1ec1 th\u1ef1c ph\u1ea9m v\u00e0 v\u0103n b\u1ea3n\" width=\"748\" height=\"748\" \/><\/p>\n<div>Ng\u0169 C\u1ed1c S\u1eefa Chua Th\u00e1i Lan YOUNGER FARM &#8211; Granola Yogurt &amp; Berry 200g m\u1ed9t h\u1ed7n h\u1ee3p th\u01a1m ngon c\u1ee7a y\u1ebfn m\u1ea1ch, g\u1ea1o l\u1ee9t, h\u1ea1t quinoa ba m\u00e0u v\u00e0 c\u00e1c lo\u1ea1i ng\u0169 c\u1ed1c kh\u00e1c nhau. C\u1ea3 tr\u00e1i c\u00e2y th\u1eadt \u0111\u01b0\u1ee3c l\u1ef1a ch\u1ecdn v\u00e0 pha tr\u1ed9n m\u1ed9t c\u00e1ch ho\u00e0n h\u1ea3o. Kh\u00f4ng qu\u00e1 ng\u1ecdt cho nh\u1eefng ai mu\u1ed1n t\u1ed1t cho s\u1ee9c kh\u1ecfe.<\/div>\n<div><\/div>\n<div><img decoding=\"async\" class=\"wp-image-29361 aligncenter\" src=\"https:\/\/havamall.vn\/wp-content\/uploads\/2022\/11\/435645-300x300.png\" alt=\"\" width=\"523\" height=\"523\" srcset=\"https:\/\/havamall.vn\/wp-content\/uploads\/2022\/11\/435645-300x300.png 300w, https:\/\/havamall.vn\/wp-content\/uploads\/2022\/11\/435645-430x430.png 430w, https:\/\/havamall.vn\/wp-content\/uploads\/2022\/11\/435645-150x150.png 150w, https:\/\/havamall.vn\/wp-content\/uploads\/2022\/11\/435645-700x700.png 700w, https:\/\/havamall.vn\/wp-content\/uploads\/2022\/11\/435645-768x768.png 768w, https:\/\/havamall.vn\/wp-content\/uploads\/2022\/11\/435645-1024x1024.png 1024w, https:\/\/havamall.vn\/wp-content\/uploads\/2022\/11\/435645-600x600.png 600w, https:\/\/havamall.vn\/wp-content\/uploads\/2022\/11\/435645-100x100.png 100w, https:\/\/havamall.vn\/wp-content\/uploads\/2022\/11\/435645.png 1080w\" sizes=\"(max-width: 523px) 100vw, 523px\" \/><\/div>\n<div>Th\u00e0nh ph\u1ea7n v\u00e0 c\u00f4ng d\u1ee5ng:<\/div>\n<div>&#8211; Nhi\u1ec1u ch\u1ea5t x\u01a1. H\u1ed7 tr\u1ee3 h\u1ec7 ti\u00eau h\u00f3a<\/div>\n<div>&#8211; Kh\u00f4ng M\u00e0u &amp; H\u01b0\u01a1ng v\u1ecb nh\u00e2n t\u1ea1o, kh\u00f4ng m\u00e0u v\u00e0 m\u00f9i nh\u00e2n t\u1ea1o<\/div>\n<div>&#8211; Kh\u00f4ng S\u1eefa &amp; Kh\u00f4ng L\u00faa m\u00ec, kh\u00f4ng s\u1eefa, b\u01a1, tr\u1ee9ng, kh\u00f4ng b\u1ed9t m\u00ec<\/div>\n<div>&#8211; Th\u1ef1c ph\u1ea9m thu\u1ea7n chay<\/div>\n<div><\/div>\n<div>H\u01b0\u1edbng d\u1eabn s\u1eed d\u1ee5ng:<\/div>\n<div>&#8211; \u0102n nh\u01b0 m\u1ed9t b\u1eefa \u0103n nh\u1eb9<\/div>\n<div>&#8211; Th\u00eam s\u1eefa \u0103n k\u00e8m c\u00e0ng ngon. \u0102n thay cho b\u1eefa \u0103n ch\u00ednh<\/div>\n<div>&#8211; R\u1eafc kem, s\u1eefa chua l\u00e0m l\u1edbp ph\u1ee7 b\u1ed5 sung.<\/div>\n<div>&#8211; C\u00f3 th\u1ec3 \u0103n v\u1edbi salad.<\/div>\n<div>&#8211; R\u1eafc kem l\u00e0m topping \u0111\u1ec3 t\u0103ng th\u00eam h\u01b0\u01a1ng v\u1ecb.<\/div>\n<div>\n<h2>\u0102n granola Younger Farm s\u1eefa chua c\u00f3 bao nhi\u00eau calo?<\/h2>\n<p style=\"font-weight: 400\">Granola l\u00e0 m\u00f3n \u0103n \u0111\u01b0\u1ee3c nhi\u1ec1u ng\u01b0\u1eddi y\u00eau th\u00edch nh\u01b0ng nh\u1eefng ng\u01b0\u1eddi mu\u1ed1n gi\u1ea3m c\u00e2n th\u00ec v\u1eabn c\u00f2n lo l\u1eafng, ph\u00e2n v\u00e2n n\u1ebfu \u0103n nhi\u1ec1u c\u00f3 b\u00e9o kh\u00f4ng. B\u1edfi v\u1eady c\u00e2u h\u1ecfi granola bao nhi\u00eau calo nh\u1eadn \u0111\u01b0\u1ee3c s\u1ef1 quan t\u00e2m c\u1ee7a kh\u00f4ng \u00edt kh\u00e1ch h\u00e0ng.<\/p>\n<p>M\u1ed9t t\u00fai 200g \u0111\u01b0\u1ee3c chia th\u00e0nh 2 t\u00fai nh\u1ecf gi\u00fap b\u1ea1n d\u1ec5 b\u1ea3o qu\u1ea3n c\u0169ng nh\u01b0 gi\u1eef nguy\u00ean \u0111\u1ed9 gi\u00f2n c\u1ee7a s\u1ea3n ph\u1ea9m.<\/p>\n<p style=\"font-weight: 400\"><img loading=\"lazy\" decoding=\"async\" class=\"wp-image-29363 aligncenter\" src=\"https:\/\/havamall.vn\/wp-content\/uploads\/2022\/11\/UPORS-Durable-Natural-Coconut-Bowl-Eco-Friendly-Organic-Hand-Made-Vegan-Serving-Coconut-Bowls-Made-from-300x300.png\" alt=\"\" width=\"559\" height=\"559\" srcset=\"https:\/\/havamall.vn\/wp-content\/uploads\/2022\/11\/UPORS-Durable-Natural-Coconut-Bowl-Eco-Friendly-Organic-Hand-Made-Vegan-Serving-Coconut-Bowls-Made-from-300x300.png 300w, https:\/\/havamall.vn\/wp-content\/uploads\/2022\/11\/UPORS-Durable-Natural-Coconut-Bowl-Eco-Friendly-Organic-Hand-Made-Vegan-Serving-Coconut-Bowls-Made-from-430x430.png 430w, https:\/\/havamall.vn\/wp-content\/uploads\/2022\/11\/UPORS-Durable-Natural-Coconut-Bowl-Eco-Friendly-Organic-Hand-Made-Vegan-Serving-Coconut-Bowls-Made-from-150x150.png 150w, https:\/\/havamall.vn\/wp-content\/uploads\/2022\/11\/UPORS-Durable-Natural-Coconut-Bowl-Eco-Friendly-Organic-Hand-Made-Vegan-Serving-Coconut-Bowls-Made-from-700x700.png 700w, https:\/\/havamall.vn\/wp-content\/uploads\/2022\/11\/UPORS-Durable-Natural-Coconut-Bowl-Eco-Friendly-Organic-Hand-Made-Vegan-Serving-Coconut-Bowls-Made-from-768x768.png 768w, https:\/\/havamall.vn\/wp-content\/uploads\/2022\/11\/UPORS-Durable-Natural-Coconut-Bowl-Eco-Friendly-Organic-Hand-Made-Vegan-Serving-Coconut-Bowls-Made-from-1024x1024.png 1024w, https:\/\/havamall.vn\/wp-content\/uploads\/2022\/11\/UPORS-Durable-Natural-Coconut-Bowl-Eco-Friendly-Organic-Hand-Made-Vegan-Serving-Coconut-Bowls-Made-from-600x600.png 600w, https:\/\/havamall.vn\/wp-content\/uploads\/2022\/11\/UPORS-Durable-Natural-Coconut-Bowl-Eco-Friendly-Organic-Hand-Made-Vegan-Serving-Coconut-Bowls-Made-from-100x100.png 100w, https:\/\/havamall.vn\/wp-content\/uploads\/2022\/11\/UPORS-Durable-Natural-Coconut-Bowl-Eco-Friendly-Organic-Hand-Made-Vegan-Serving-Coconut-Bowls-Made-from.png 1080w\" sizes=\"(max-width: 559px) 100vw, 559px\" \/><\/p>\n<p style=\"font-weight: 400\">Theo nghi\u00ean c\u1ee9u khoa h\u1ecdc c\u1ee7a c\u00e1c chuy\u00ean gia dinh d\u01b0\u1ee1ng, trong 100g granola v\u1edbi s\u1eefa s\u1ebd ch\u1ee9a kho\u1ea3ng 471 Kcal. Trong \u0111\u00f3 c\u00f3 kho\u1ea3ng 10g l\u00e0 ch\u1ea5t protein, 20g l\u00e0 ch\u1ea5t b\u00e9o, 64g l\u00e0 c\u00e1c carbohydrate, 5g l\u00e0 ch\u1ea5t x\u01a1, 29g l\u00e0 \u0111\u01b0\u1eddng,\u2026<\/p>\n<p style=\"font-weight: 400\">V\u1edbi s\u1ed1 l\u01b0\u1ee3ng c\u00e1c ch\u1ea5t nh\u01b0 tr\u00ean, ngu\u1ed3n n\u0103ng l\u01b0\u1ee3ng m\u00e0 granola \u0111em l\u1ea1i kh\u00f4ng h\u1ec1 thua k\u00e9m g\u00ec l\u01b0\u1ee3ng calo m\u00e0 m\u1ed9t t\u00f4 ph\u1edf b\u00f2 ho\u1eb7c m\u1ed9t \u1ed5 b\u00e1nh m\u00ec th\u1ecbt t\u1ea1i Vi\u1ec7t Nam cung c\u1ea5p cho ng\u01b0\u1eddi \u0103n.<\/p>\n<p>M\u1ed9t t\u00fai 200g Granola b\u1ea1n c\u00f3 th\u1ec3 s\u1eed d\u1ee5ng t\u01b0\u01a1ng \u0111\u01b0\u01a1ng cho 5 l\u1ea7n \u0103n, r\u1ea5t ti\u1ebft ki\u1ec7m so ti\u1ec7n d\u1ee5ng. B\u1ea1n c\u00f3 th\u1ec3 k\u1ebft h\u1ee3p c\u00f9ng v\u1edbi Tr\u00e1i C\u00e2y T\u01b0\u01a1i, S\u1eefa Chua kh\u00f4ng \u0111\u01b0\u1eddng, H\u1ea1t Chia&#8230; \u0111\u1ec3 m\u00f3n \u0103n th\u00eam ngon h\u01a1n.<\/p>\n<p style=\"font-weight: 400\">Ch\u00ednh b\u1edfi v\u1eady m\u00e0 t\u00f9y theo m\u1ee5c \u0111\u00edch s\u1eed d\u1ee5ng c\u1ee7a m\u1ed7i ng\u01b0\u1eddi, d\u00f9 mu\u1ed1n t\u0103ng c\u00e2n ho\u1eb7c gi\u1ea3m c\u00e2n, c\u00e1c b\u1ea1n \u0111\u1ec1u c\u00f3 th\u1ec3 s\u1eed d\u1ee5ng granola v\u1edbi s\u1eefa chua \u0111\u1ec3 thay th\u1ebf cho nhi\u1ec1u lo\u1ea1i th\u1ef1c ph\u1ea9m kh\u00e1c trong th\u1ef1c \u0111\u01a1n \u0103n u\u1ed1ng h\u00e0ng ng\u00e0y c\u1ee7a m\u00ecnh. \u0110i\u1ec1u quan tr\u1ecdng nh\u1ea5t l\u00e0 c\u00e1c b\u1ea1n c\u1ea7n tu\u00e2n th\u1ee7 \u0111\u00fang theo nh\u1eefng l\u01b0u \u00fd c\u1ee7a PT hay th\u1ef1c hi\u1ec7n nghi\u00eam ng\u1eb7t ch\u1ebf \u0111\u1ed9 \u0103n u\u1ed1ng h\u1ee3p l\u00fd k\u1ebft h\u1ee3p v\u1edbi luy\u1ec7n t\u1eadp th\u1ec3 d\u1ee5c th\u1ec3 thao th\u01b0\u1eddng xuy\u00ean \u0111\u1ec3 kh\u00f4ng b\u1ecb t\u0103ng c\u00e2n, b\u00e9o ph\u00ec hay th\u1eeba ch\u1ea5t.<\/p>\n<p style=\"font-weight: 400\">Ngo\u00e0i ra, m\u00f3n granola v\u1edbi s\u1eefa chua c\u00f3 bao nhi\u00eau calo c\u0169ng c\u00f3 th\u1ec3 t\u0103ng ho\u1eb7c gi\u1ea3m ch\u00fat \u00edt, t\u00f9y thu\u1ed9c v\u00e0o c\u00e1c nguy\u00ean li\u1ec7u trong m\u00f3n granola m\u00e0 b\u1ea1n s\u1eed d\u1ee5ng, ho\u1eb7c ph\u01b0\u01a1ng ph\u00e1p m\u00e0 ch\u00fang ta ch\u1ebf bi\u1ebfn v\u00e0 c\u00e1ch s\u1eed d\u1ee5ng t\u1eebng ng\u01b0\u1eddi d\u00f9ng.<\/p>\n<p style=\"font-weight: 400\">V\u1ec1 \u0111\u1ed1i t\u01b0\u1ee3ng s\u1eed d\u1ee5ng, v\u00ec m\u00f3n granola s\u1eefa chua d\u1ec5 \u0103n, h\u01b0\u01a1ng v\u1ecb th\u01a1m ngon v\u00e0 r\u1ea5t gi\u00e0u dinh d\u01b0\u1ee1ng n\u00ean n\u00f3 ph\u00f9 h\u1ee3p v\u1edbi t\u1ea5t c\u1ea3 m\u1ecdi ng\u01b0\u1eddi \u1edf nhi\u1ec1u \u0111\u1ed9 tu\u1ed5i kh\u00e1c nhau. Ch\u1ec9 c\u00f3 \u0111i\u1ec1u l\u00e0 nh\u1eefng ng\u01b0\u1eddi \u0111ang mu\u1ed1n gi\u1ea3m c\u00e2n, \u0103n ki\u00eang, b\u1ec7nh nh\u00e2n ti\u1ec3u \u0111\u01b0\u1eddng th\u00ec n\u00ean \u0103n \u00edt \u0111i, ho\u1eb7c n\u00ean d\u00f9ng s\u1eefa chua kh\u00f4ng \u0111\u01b0\u1eddng, s\u1eefa chua \u00edt b\u00e9o \u0111\u1ec3 l\u00e0m gi\u1ea3m l\u01b0\u1ee3ng \u0111\u01b0\u1eddng v\u00e0 ch\u1ea5t b\u00e9o trong m\u00f3n granola.<\/p>\n<p style=\"font-weight: 400\">H\u01a1n th\u1ebf n\u1eefa, c\u00e1c lo\u1ea1i tr\u00e1i c\u00e2y khi \u0111i k\u00e8m b\u1ea1n c\u0169ng n\u00ean l\u1ef1a ch\u1ecdn nh\u1eefng hoa qu\u1ea3 kh\u00f4 ch\u1ee9a \u00edt ng\u1ecdt, \u0111\u1ec3 kh\u00f4ng l\u00e0m t\u0103ng l\u01b0\u1ee3ng \u0111\u01b0\u1eddng trong m\u00e1u cho c\u00e1c b\u1ec7nh nh\u00e2n ti\u1ec3u \u0111\u01b0\u1eddng.<\/p>\n<h2><img loading=\"lazy\" decoding=\"async\" class=\"wp-image-29365 aligncenter\" src=\"https:\/\/havamall.vn\/wp-content\/uploads\/2022\/11\/888-300x300.png\" alt=\"\" width=\"518\" height=\"518\" srcset=\"https:\/\/havamall.vn\/wp-content\/uploads\/2022\/11\/888-300x300.png 300w, https:\/\/havamall.vn\/wp-content\/uploads\/2022\/11\/888-430x430.png 430w, https:\/\/havamall.vn\/wp-content\/uploads\/2022\/11\/888-150x150.png 150w, https:\/\/havamall.vn\/wp-content\/uploads\/2022\/11\/888-700x700.png 700w, https:\/\/havamall.vn\/wp-content\/uploads\/2022\/11\/888-768x768.png 768w, https:\/\/havamall.vn\/wp-content\/uploads\/2022\/11\/888-1024x1024.png 1024w, https:\/\/havamall.vn\/wp-content\/uploads\/2022\/11\/888-600x600.png 600w, https:\/\/havamall.vn\/wp-content\/uploads\/2022\/11\/888-100x100.png 100w, https:\/\/havamall.vn\/wp-content\/uploads\/2022\/11\/888.png 1080w\" sizes=\"(max-width: 518px) 100vw, 518px\" \/><\/h2>\n<h2>N\u00ean mua Granola S\u1eefa Chua Tr\u00e1i C\u00e2y \u1edf \u0111\u00e2u uy t\u00edn?<\/h2>\n<p style=\"font-weight: 400\">Hi\u1ec7n nay do nhu c\u1ea7u s\u1eed d\u1ee5ng granola ng\u00e0y c\u00e0ng t\u0103ng khi\u1ebfn cho c\u00e1c c\u1eeda h\u00e0ng, \u0111\u1ecba ch\u1ec9 cung c\u1ea5p s\u1ea3n ph\u1ea9m n\u00e0y c\u0169ng ng\u00e0y c\u00e0ng nhi\u1ec1u. Kh\u00f4ng \u00edt c\u01a1 s\u1edf kinh doanh c\u00f2n tung ra th\u1ecb tr\u01b0\u1eddng granola kh\u00f4ng \u0111\u1ea3m b\u1ea3o ch\u1ea5t l\u01b0\u1ee3ng, g\u00e2y \u1ea3nh h\u01b0\u1edfng kh\u00f4ng nh\u1ecf t\u1edbi s\u1ee9c kho\u1ebb c\u1ee7a ng\u01b0\u1eddi ti\u00eau d\u00f9ng. B\u1ea1n n\u00ean ch\u1ecdn c\u00e1c s\u1ea3n ph\u1ea9m c\u00f3 ngu\u1ed3n g\u1ed1c, xu\u1ea5t x\u1ee9 r\u00f5 r\u00e0ng, c\u0169ng nh\u01b0 s\u1ea3n ph\u1ea9m ch\u00ednh h\u00e3ng nh\u01b0 s\u1ea3n ph\u1ea9m c\u1ee7a th\u01b0\u01a1ng hi\u1ec7u Younger Farm do Havamall ph\u00e2n ph\u1ed1i v\u1edbi gi\u00e1 t\u1ed1t nh\u1ea5t<\/p>\n<p style=\"font-weight: 400\">Ngo\u00e0i ra b\u1ea5t k\u1ef3 t\u00fai Granola \u0111\u01b0\u1ee3c mua \u0111\u1ec1u \u0111\u01b0\u1ee3c t\u1eb7ng k\u00e8m m\u1ed9t b\u00e1t g\u00e1o d\u1eeba ti\u1ec7n d\u1ee5ng. Li\u00ean h\u1ec7 ngay n\u1ebfu b\u1ea1n mu\u1ed1n b\u1ed5 sung m\u1ed9t s\u1ea3n ph\u1ea9m ch\u1ea5t l\u01b0\u1ee3ng v\u00e0o kh\u1ea9u ph\u1ea7n \u0103n h\u1eb1ng ng\u00e0y ho\u1eb7c b\u1ea1n mu\u1ed1n nh\u1eadp s\u1ea3n ph\u1ea9m v\u1edbi gi\u00e1 s\u1ec9 t\u1ed1t nh\u1ea5t.<\/p>\n<\/div>","protected":false},"excerpt":{"rendered":"<p>Th\u01b0\u01a1ng hi\u1ec7u Younger Farm l\u00e0 m\u1ed9t trong nh\u1eefng nh\u00e0 m\u00e1y chuy\u1ec3n s\u1ea3n xu\u1ea5t m\u00f3n \u0103n v\u1eb7t th\u01a1m ngon \u0111\u1ebfn t\u1eeb<\/p>","protected":false},"featured_media":29366,"comment_status":"open","ping_status":"closed","template":"","meta":[],"product_brand":[],"product_cat":[496,36,134,143],"product_tag":[],"class_list":{"0":"post-29360","1":"product","2":"type-product","3":"status-publish","4":"has-post-thumbnail","6":"product_cat-thuc-pham-thuan-chay","7":"product_cat-thuc-pham-tieu-dung","8":"product_cat-thucpham-saykho","9":"product_cat-thuc-pham-dong-hop","11":"first","12":"outofstock","13":"sale","14":"shipping-taxable","15":"purchasable","16":"product-type-simple"},"_links":{"self":[{"href":"https:\/\/havamall.vn\/en\/wp-json\/wp\/v2\/product\/29360"}],"collection":[{"href":"https:\/\/havamall.vn\/en\/wp-json\/wp\/v2\/product"}],"about":[{"href":"https:\/\/havamall.vn\/en\/wp-json\/wp\/v2\/types\/product"}],"replies":[{"embeddable":true,"href":"https:\/\/havamall.vn\/en\/wp-json\/wp\/v2\/comments?post=29360"}],"version-history":[{"count":0,"href":"https:\/\/havamall.vn\/en\/wp-json\/wp\/v2\/product\/29360\/revisions"}],"wp:featuredmedia":[{"embeddable":true,"href":"https:\/\/havamall.vn\/en\/wp-json\/wp\/v2\/media\/29366"}],"wp:attachment":[{"href":"https:\/\/havamall.vn\/en\/wp-json\/wp\/v2\/media?parent=29360"}],"wp:term":[{"taxonomy":"product_brand","embeddable":true,"href":"https:\/\/havamall.vn\/en\/wp-json\/wp\/v2\/product_brand?post=29360"},{"taxonomy":"product_cat","embeddable":true,"href":"https:\/\/havamall.vn\/en\/wp-json\/wp\/v2\/product_cat?post=29360"},{"taxonomy":"product_tag","embeddable":true,"href":"https:\/\/havamall.vn\/en\/wp-json\/wp\/v2\/product_tag?post=29360"}],"curies":[{"name":"wp","href":"https:\/\/api.w.org\/{rel}","templated":true}]}}