{"id":29261,"date":"2022-11-01T14:53:06","date_gmt":"2022-11-01T07:53:06","guid":{"rendered":"https:\/\/havamall.vn\/?post_type=product&#038;p=29261"},"modified":"2025-03-18T14:31:41","modified_gmt":"2025-03-18T07:31:41","slug":"bot-ngo-bap-tho-polenta-istantanea-farina-di-mais-precotta-500g-divella","status":"publish","type":"product","link":"https:\/\/havamall.vn\/en\/shop\/bot-ngo-bap-tho-polenta-istantanea-farina-di-mais-precotta-500g-divella\/","title":{"rendered":"B\u1ed9t Ng\u00f4 B\u1eafp Th\u00f4 Polenta Istantanea Farina Di Mais Precotta 500g DIVELLA (T\u1eb7ng G\u00f3i B\u1ed9t T\u1ecfi 10g)"},"content":{"rendered":"<h3><strong>TH\u00d4NG TIN TH\u01af\u01a0NG HI\u1ec6U<\/strong><\/h3>\n<p>Divella l\u00e0 c\u00f4ng ty c\u00f3 l\u1ecbch s\u1eed h\u01a1n 130 n\u0103m trong ng\u00e0nh ch\u1ebf bi\u1ebfn m\u1ef3 pastase molina t\u1eeb b\u1ed9t m\u00ec durum. N\u0103m 1890, \u00f4ng Francesco Divella \u0111\u00e3 x\u00e2y d\u1ef1ng nh\u00e0 m\u00e1y b\u1ed9t m\u00ec \u0111\u1ea7u ti\u00ean t\u1ea1i Rutigliano \u1edf mi\u1ec1n \u0110\u00f4ng Nam n\u01b0\u1edbc \u00dd, tr\u00e1i tim c\u1ee7a v\u00f9ng \u0111\u1ed3ng b\u1eb1ng Apulian, n\u1ed5i ti\u1ebfng l\u00e0 n\u01a1i c\u00f3 ch\u1ea5t l\u01b0\u1ee3ng b\u1ed9t m\u00ec t\u1ed1t nh\u1ea5t n\u01b0\u1edbc.<\/p>\n<p>Hi\u1ec7n Divella \u0111ang \u0111\u01b0\u1ee3c xu\u1ea5t kh\u1ea9u \u0111i h\u01a1n 100 n\u01b0\u1edbc v\u00e0 \u0111\u00e3 \u0111ang chi\u1ebfm v\u1ecb tr\u00ed s\u1ed1 1 t\u1ea1i th\u1ecb tr\u01b0\u1eddng nhi\u1ec1u n\u01b0\u1edbc tr\u00ean th\u1ebf gi\u1edbi.<\/p>\n<p><img fetchpriority=\"high\" decoding=\"async\" class=\"aligncenter\" src=\"https:\/\/havamall.vn\/wp-content\/uploads\/2025\/03\/ErcV1GKW8AEPDGS.jpg\" alt=\"\u062a\u0648\u064a\u062a\u0631 \\ Divella \u0639\u0644\u0649 \u062a\u0648\u064a\u062a\u0631: &quot;Polenta Divella con rag\u00f9 di salsiccia: una soluzione squisita per le fredde giornate d\" width=\"871\" height=\"871\" \/><\/p>\n<h2>Polenta l\u00e0 g\u00ec?<\/h2>\n<p align=\"justify\"><img decoding=\"async\" class=\"wp-image-29262 aligncenter\" src=\"https:\/\/havamall.vn\/wp-content\/uploads\/2025\/03\/rdewr-300x300.png\" alt=\"\" width=\"683\" height=\"683\" \/><\/p>\n<p align=\"justify\">Theo truy\u1ec1n th\u1ed1ng, polenta \u0111\u01b0\u1ee3c k\u1ebft h\u1ee3p v\u1edbi \u00dd v\u00e0 \u0111\u01b0\u1ee3c s\u1eed d\u1ee5ng trong m\u1ed9t lo\u1ea1t c\u00e1c m\u00f3n \u0103n t\u1eeb qu\u1ed1c gia \u0111\u00f3.<\/p>\n<p align=\"justify\">B\u00e2y gi\u1edd, tuy nhi\u00ean, n\u00f3 c\u0169ng th\u01b0\u1eddng \u0111\u01b0\u1ee3c \u0103n \u1edf nhi\u1ec1u n\u01a1i tr\u00ean th\u1ebf gi\u1edbi, bao g\u1ed3m c\u1ea3 nh\u1eefng n\u01a1i kh\u00e1c \u1edf ch\u00e2u \u00c2u v\u00e0 Hoa K\u1ef3.<\/p>\n<p align=\"justify\">Polenta th\u01b0\u1eddng \u0111\u01b0\u1ee3c l\u00e0m t\u1eeb ng\u00f4 v\u00e0ng. Ng\u00f4 \u0111\u01b0\u1ee3c nghi\u1ec1n th\u00e0nh b\u1ed9t ng\u00f4 \u0111\u1ec3 l\u00e0m th\u00e0nh polenta. B\u1ed9t ng\u00f4 Polenta Divella l\u00e0 s\u1ea3n ph\u1ea9m \u0111\u01b0\u1ee3c ng\u01b0\u1eddi ti\u00eau d\u00f9ng t\u1ea1i Vi\u1ec7t Nam \u01b0a chu\u1ed9ng. Nguy\u00ean li\u1ec7u n\u00e0y \u0111\u01b0\u1ee3c l\u00e0m t\u1eeb ng\u00f4 v\u00e0ng ho\u1eb7c ki\u1ec1u m\u1ea1ch, c\u00f3 th\u1ec3 d\u00f9ng nh\u01b0 m\u1ed9t m\u00f3n \u0103n ph\u1ee5 \u0111i\u1ec3n h\u00ecnh l\u00e0 ch\u00e1o hay chi\u00ean, n\u01b0\u1edbng. S\u1ea3n ph\u1ea9m \u0111\u01b0\u1ee3c t\u1ea1o n\u00ean b\u1edfi c\u00f4ng ty d\u1eabn \u0111\u1ea7u trong ng\u00e0nh th\u1ef1c ph\u1ea9m t\u1ea1i \u00dd l\u00e0 Divella. B\u1ed9t b\u1eafp Polenta l\u00e0 lo\u1ea1i \u0111\u01b0\u1ee3c xay nh\u1ecf nh\u01b0ng kh\u00f4ng m\u1ecbn v\u00e0 nhuy\u1ec5n nh\u01b0 tinh b\u1ed9t b\u1eafp hay b\u1ed9t m\u00ec. Nguy\u00ean li\u1ec7u n\u00e0y c\u00f3 h\u01b0\u01a1ng v\u1ecb b\u1eafp ng\u00f4 nh\u1eb9 v\u00f4 c\u00f9ng d\u1ec5 ch\u1ecbu.<\/p>\n<p align=\"justify\">Sau khi nghi\u1ec1n, b\u1ed9t ng\u00f4 \u0111\u01b0\u1ee3c \u0111un s\u00f4i trong n\u01b0\u1edbc, s\u1eefa ho\u1eb7c n\u01b0\u1edbc d\u00f9ng. Th\u00f4ng th\u01b0\u1eddng, t\u1ef7 l\u1ec7 cho polenta n\u1ea5u l\u00e0 4 ch\u00e9n ch\u1ea5t l\u1ecfng \u0111\u1ebfn 1 ch\u00e9n b\u1ed9t ng\u00f4. Khi n\u1ea5u ch\u00edn, n\u00f3 c\u00f3 s\u1ef1 c\u00f4 \u0111\u1eb7c nh\u01b0 ch\u00e1o, nh\u01b0ng m\u1ec1m m\u1ecbn v\u00e0 b\u00e9o c\u1ee7a ng\u00f4.<\/p>\n<p align=\"justify\">Ph\u01b0\u01a1ng ph\u00e1p l\u00e0m polenta truy\u1ec1n th\u1ed1ng li\u00ean quan \u0111\u1ebfn vi\u1ec7c khu\u1ea5y trong n\u1ed3i trong kho\u1ea3ng 40 \u0111\u1ebfn 50 ph\u00fat, l\u00e0 m\u1ed9t m\u00f3n \u0103n truy\u1ec1n th\u1ed1ng c\u1ee7a \u00dd.<\/p>\n<p><img decoding=\"async\" class=\"wp-image-29263 aligncenter\" src=\"https:\/\/havamall.vn\/wp-content\/uploads\/2025\/03\/ggg-300x300.png\" alt=\"\" width=\"689\" height=\"689\" \/><\/p>\n<p>&nbsp;<\/p>\n<h3><strong>\u0110\u1eb7c \u0111i\u1ec3m n\u1ed5i b\u1eadt c\u1ee7a s\u1ea3n ph\u1ea9m:<\/strong><\/h3>\n<p align=\"justify\">M\u1ed9t mu\u1ed7ng b\u1ed9t polyme 30 gram cung c\u1ea5p:<\/p>\n<ul>\n<li>24 g carbohydrate<\/li>\n<li>2 g protein<\/li>\n<li>1 g ch\u1ea5t x\u01a1<\/li>\n<li>0,6 mg s\u1eaft<\/li>\n<\/ul>\n<p align=\"justify\">N\u00f3i chung, polenta l\u00e0 m\u1ed9t l\u1ef1a ch\u1ecdn th\u1ef1c ph\u1ea9m t\u1ed1t do nh\u1eefng l\u1ee3i \u00edch sau \u0111\u00e2y:<\/p>\n<p>1. Ngu\u1ed3n ch\u1ea5t x\u01a1 v\u00e0 protein<\/p>\n<p>2. Polenta kh\u00f4ng ch\u1ee9a gluten<\/p>\n<p>3. gi\u00e0u carbohydrates ph\u1ee9c t\u1ea1p<\/p>\n<p>4. Ch\u1ee9a vitamin A<\/p>\n<p>5. Ngu\u1ed3n carotenoids<\/p>\n<p>6. \u00edt ch\u1ea5t b\u00e9o<\/p>\n<p>7. Ch\u1ee9a kho\u00e1ng ch\u1ea5t thi\u1ebft y\u1ebfu<\/p>\n<p>8. l\u01b0\u1ee3ng calo th\u1ea5p<\/p>\n<p><img loading=\"lazy\" decoding=\"async\" class=\"wp-image-29264 aligncenter\" src=\"https:\/\/havamall.vn\/wp-content\/uploads\/2025\/03\/tgg-300x300.png\" alt=\"\" width=\"600\" height=\"600\" \/><\/p>\n<h3><span id=\"bot-semolina-mua-o-dau-gia-bao-nhieu-tien\"><strong>B\u1ed9t Polenta <a href=\"https:\/\/havamall.vn\/shop\/?filter_brand=divella\">Divella<\/a> mua \u1edf \u0111\u00e2u, gi\u00e1 bao nhi\u00eau ti\u1ec1n?<\/strong><\/span><\/h3>\n<p>B\u1ed9t Polenta \u0111\u01b0\u1ee3c d\u00f9ng kh\u00e1 th\u00f4ng d\u1ee5ng v\u00e0 \u0111\u01b0\u1ee3c d\u00f9ng \u0111\u1ec3 ch\u1ebf bi\u1ebfn kh\u00e1 nhi\u1ec1u lo\u1ea1i th\u1ef1c ph\u1ea9m, do v\u1eady b\u1ea1n c\u00f3 th\u1ec3 mua \u0111\u01b0\u1ee3c b\u1ed9t Polenta \u1edf c\u00e1c c\u1eeda h\u00e0ng t\u1ea1p h\u00f3a, si\u00eau th\u1ecb l\u1edbn, c\u00e1c c\u1eeda h\u00e0ng nguy\u00ean v\u1eadt li\u1ec7u ho\u1eb7c t\u1ea1i\u00a0<strong>Havamall<\/strong>\u00a0v\u1edbi gi\u00e1 r\u1ebb nh\u1ea5t. Polenta c\u00f3 nhi\u1ec1u lo\u1ea1i kh\u00e1c nhau v\u1edbi nhi\u1ec1u m\u1ee9c gi\u00e1 t\u00f9y theo lo\u1ea1i b\u1ed9t m\u00e0 b\u1ea1n l\u1ef1a ch\u1ecdn. Gi\u00e1 c\u1ee7a Polenta th\u01b0\u1eddng dao \u0111\u1ed9ng t\u1eeb kho\u1ea3ng 70 \u2013 100 ng\u00e0n \u0111\u1ed3ng\/t\u00fai 500 gram. Ri\u00eang v\u1edbi k\u00eanh Horeca ho\u1eb7c nh\u00e0 h\u00e0ng kh\u00e1ch s\u1ea1n lu\u00f4n c\u00f3 gi\u00e1 t\u1ed1t nh\u1ea5t v\u1edbi nh\u1eefng s\u1ef1 h\u1ed7 tr\u1ee3 t\u1ed1t nh\u1ea5t.<\/p>\n<p><img loading=\"lazy\" decoding=\"async\" class=\"wp-image-29265 aligncenter\" src=\"https:\/\/havamall.vn\/wp-content\/uploads\/2025\/03\/4-300x300.png\" alt=\"\" width=\"567\" height=\"567\" \/><\/p>","protected":false},"excerpt":{"rendered":"<p>TH\u00d4NG TIN TH\u01af\u01a0NG HI\u1ec6U Divella l\u00e0 c\u00f4ng ty c\u00f3 l\u1ecbch s\u1eed h\u01a1n 130 n\u0103m trong ng\u00e0nh ch\u1ebf bi\u1ebfn m\u1ef3 pastase<\/p>","protected":false},"featured_media":31657,"comment_status":"open","ping_status":"closed","template":"","meta":[],"product_brand":[],"product_cat":[672,36,134],"product_tag":[],"class_list":{"0":"post-29261","1":"product","2":"type-product","3":"status-publish","4":"has-post-thumbnail","6":"product_cat-nhap-khau-y","7":"product_cat-thuc-pham-tieu-dung","8":"product_cat-thucpham-saykho","9":"pa_brand-divella","11":"first","12":"instock","13":"sale","14":"shipping-taxable","15":"purchasable","16":"product-type-simple"},"_links":{"self":[{"href":"https:\/\/havamall.vn\/en\/wp-json\/wp\/v2\/product\/29261"}],"collection":[{"href":"https:\/\/havamall.vn\/en\/wp-json\/wp\/v2\/product"}],"about":[{"href":"https:\/\/havamall.vn\/en\/wp-json\/wp\/v2\/types\/product"}],"replies":[{"embeddable":true,"href":"https:\/\/havamall.vn\/en\/wp-json\/wp\/v2\/comments?post=29261"}],"version-history":[{"count":0,"href":"https:\/\/havamall.vn\/en\/wp-json\/wp\/v2\/product\/29261\/revisions"}],"wp:featuredmedia":[{"embeddable":true,"href":"https:\/\/havamall.vn\/en\/wp-json\/wp\/v2\/media\/31657"}],"wp:attachment":[{"href":"https:\/\/havamall.vn\/en\/wp-json\/wp\/v2\/media?parent=29261"}],"wp:term":[{"taxonomy":"product_brand","embeddable":true,"href":"https:\/\/havamall.vn\/en\/wp-json\/wp\/v2\/product_brand?post=29261"},{"taxonomy":"product_cat","embeddable":true,"href":"https:\/\/havamall.vn\/en\/wp-json\/wp\/v2\/product_cat?post=29261"},{"taxonomy":"product_tag","embeddable":true,"href":"https:\/\/havamall.vn\/en\/wp-json\/wp\/v2\/product_tag?post=29261"}],"curies":[{"name":"wp","href":"https:\/\/api.w.org\/{rel}","templated":true}]}}