{"id":29166,"date":"2022-10-14T11:40:20","date_gmt":"2022-10-14T04:40:20","guid":{"rendered":"https:\/\/havamall.vn\/?post_type=product&#038;p=29166"},"modified":"2022-10-21T11:28:14","modified_gmt":"2022-10-21T04:28:14","slug":"bo-kep-mieng-tui-10-cai-lap-rap-bao-quan-thuc-pham-bao-quan-do-an-duoc-lam-tu-nhua-pp","status":"publish","type":"product","link":"https:\/\/havamall.vn\/en\/shop\/bo-kep-mieng-tui-10-cai-lap-rap-bao-quan-thuc-pham-bao-quan-do-an-duoc-lam-tu-nhua-pp\/","title":{"rendered":"B\u1ed9 K\u1eb9p Mi\u1ec7ng T\u00fai 10 C\u00e1i L\u1eafp R\u00e1p B\u1ea3o Qu\u1ea3n Th\u1ef1c Ph\u1ea9m, B\u1ea3o Qu\u1ea3n \u0110\u1ed3 \u0102n \u0110\u01b0\u1ee3c L\u00e0m T\u1eeb Nh\u1ef1a PP"},"content":{"rendered":"<p><strong>TH\u01af\u01a0NG HI\u1ec6U INOCHI:<\/strong><\/p>\n<p>Inochi l\u00e0 th\u01b0\u01a1ng hi\u1ec7u gia d\u1ee5ng cao c\u1ea5p Vi\u1ec7t Nam, \u0111\u01b0\u1ee3c thi\u1ebft k\u1ebf v\u00e0 s\u1ea3n xu\u1ea5t theo phong c\u00e1ch v\u00e0 ti\u00eau chu\u1ea9n Nh\u1eadt B\u1ea3n. 100% s\u1ea3n ph\u1ea9m c\u1ee7a Inochi \u0111\u01b0\u1ee3c l\u00e0m t\u1eeb ch\u1ea5t li\u1ec7u nh\u1ef1a nguy\u00ean sinh cao c\u1ea5p theo quy tr\u00ecnh chu\u1ea9n ISO 9001, kh\u00f4ng ch\u1ee9a BPA, \u0111\u1ea1t ch\u1ee9ng nh\u1eadn an to\u00e0n c\u1ee7a b\u1ed9 y t\u1ebf, \u0111\u1ea3m b\u1ea3o \u0111i\u1ec1u ki\u1ec7n xu\u1ea5t kh\u1ea9u sang nh\u1eefng th\u1ecb tr\u01b0\u1eddng kh\u00f3 t\u00ednh nh\u1ea5t nh\u01b0 M\u1ef9, EU, Nh\u1eadt B\u1ea3n\u2026<\/p>\n<p>Th\u01b0\u01a1ng hi\u1ec7u Inochi \u0111\u01b0\u1ee3c ph\u00e1t tri\u1ec3n b\u1edfi C\u00f4ng Ty C\u1ed5 Ph\u1ea7n T\u00e2n Ph\u00fa Vi\u1ec7t Nam v\u1edbi h\u01a1n 40 n\u0103m kinh nghi\u1ec7m trong ng\u00e0nh s\u1ea3n xu\u1ea5t.<\/p>\n<p>C\u00e1c s\u1ea3n ph\u1ea9m c\u1ee7a Inochi r\u1ea5t \u0111a d\u1ea1ng, ph\u1ee5c v\u1ee5 t\u1ed1i \u0111a m\u1ecdi nhu c\u1ea7u trong cu\u1ed9c s\u1ed1ng h\u00e0ng ng\u00e0y nh\u01b0: k\u1ec7 nh\u1ef1a \u2013 gi\u1ecf nh\u1ef1a, th\u00f9ng r\u00e1c, c\u00e1c lo\u1ea1i thau r\u1ed5 \u2013 \u0111\u1ed3 ti\u1ec7n \u00edch, h\u1ed9p \u0111\u1ef1ng th\u1ef1c ph\u1ea9m, m\u00f3c \u00e1o, m\u00e0ng \u2013 t\u00fai, c\u00e1c s\u1ea3n ph\u1ea9m cho m\u1eb9 v\u00e0 b\u00e9, d\u1ee5ng c\u1ee5 v\u1ec7 sinh v\u00e0 c\u00e1c lo\u1ea1i h\u1ed9p c\u01a1m, c\u1ed1c gi\u1eef nhi\u1ec7t nh\u1eadp kh\u1ea9u tr\u1ef1c ti\u1ebfp t\u1eeb th\u01b0\u01a1ng hi\u1ec7u Asvel \u2013 Nh\u1eadt B\u1ea3n.<\/p>\n<p>M\u1ed7i s\u1ea3n ph\u1ea9m Inochi \u0111\u1ec1u \u0111\u01b0\u1ee3c thi\u1ebft k\u1ebf t\u1ec9 m\u1ec9 tr\u00ean c\u00e1c nguy\u00ean t\u1eafc th\u1ea9m m\u1ef9 v\u00e0 c\u00f4ng n\u0103ng s\u1eed d\u1ee5ng c\u1ee7a ng\u01b0\u1eddi Nh\u1eadt, \u0111\u1ea3m b\u1ea3o s\u1ef1 th\u00f4ng minh, ti\u1ec7n \u00edch, th\u00e2n thi\u1ec7n v\u1edbi m\u00f4i tr\u01b0\u1eddng v\u00e0 an to\u00e0n cho c\u1ea3 gia \u0111\u00ecnh.<\/p>\n<p><img decoding=\"async\" class=\"aligncenter\" src=\"https:\/\/havamall.vn\/wp-content\/uploads\/2022\/10\/GY_0686.jpg\" alt=\"K\u1eb9p mi\u1ec7ng t\u00fai Yoko - Inochi\" \/><\/p>\n<p><strong>TH\u00d4NG TIN S\u1ea2N PH\u1ea8M<\/strong><\/p>\n<p><strong>K\u1eb9p mi\u1ec7ng t\u00fai<\/strong>\u00a0l\u00e0 s\u1ea3n ph\u1ea9m \u0111\u01b0\u1ee3c nhi\u1ec1u b\u00e0 n\u1ed9i tr\u1ee3 tin d\u00f9ng, gi\u00fap b\u1ea3o qu\u1ea3n th\u1ef1c ph\u1ea9m lu\u00f4n t\u01b0\u01a1i ngon v\u00e0 gi\u1eef tr\u1ecdn h\u01b0\u01a1ng v\u1ecb.<\/p>\n<p><strong>M\u00d4 T\u1ea2 S\u1ea2N PH\u1ea8M<\/strong><\/p>\n<p><strong>\u01afu \u0111i\u1ec3m:<\/strong><\/p>\n<p>\u2013 L\u00e0m t\u1eeb 100% nh\u1ef1a nguy\u00ean sinh cao c\u1ea5p, \u0111\u1ea3m b\u1ea3o an to\u00e0n cho ng\u01b0\u1eddi s\u1eed d\u1ee5ng<\/p>\n<p>\u2013 Kh\u00f4ng ch\u1ee9a BPA v\u00e0 c\u00e1c h\u00f3a ch\u1ea5t \u0111\u1ed9c h\u1ea1i<\/p>\n<p>\u2013 C\u00f3 nhi\u1ec1u m\u00e0u s\u1eafc \u0111\u1eb9p m\u1eaft\u201d<\/p>\n<p>\u2013 K\u1ebft c\u1ea5u ch\u1eafc ch\u1eafn, \u0111\u1ea3m b\u1ea3o k\u00edn h\u01a1i tuy\u1ec7t \u0111\u1ed1i, gi\u00fap t\u0103ng th\u1eddi h\u1ea1n s\u1eed d\u1ee5ng c\u1ee7a th\u1ef1c ph\u1ea9m<\/p>\n<p>\u2013 Thi\u1ebft k\u1ebf th\u00e2n c\u00e0i v\u00e0o nhau ti\u1ec7n l\u1ee3i, tr\u00e1nh th\u1ea5t l\u1ea1c khi s\u1eed d\u1ee5ng<\/p>\n<p><img decoding=\"async\" class=\"aligncenter\" src=\"https:\/\/havamall.vn\/wp-content\/uploads\/2022\/10\/GY_3813.jpg\" alt=\"K\u1eb9p mi\u1ec7ng t\u00fai Yoko - Inochi\" \/><\/p>\n<p><strong>C\u00f4ng d\u1ee5ng:<\/strong>\u00a0D\u00f9ng \u0111\u1ec3 k\u1eb9p mi\u1ec7ng t\u00fai \u0111ang d\u00f9ng d\u1edf, gi\u00fap b\u1ea3o qu\u1ea3n th\u1ef1c ph\u1ea9m k\u00edn h\u01a1i tuy\u1ec7t \u0111\u1ed1i v\u00e0 gi\u1eef tr\u1ecdn h\u01b0\u01a1ng v\u1ecb t\u01b0\u01a1i ngon<\/p>\n<p><strong>B\u1ea3o qu\u1ea3n:<\/strong>\u00a0N\u01a1i kh\u00f4 r\u00e1o, tho\u00e1ng m\u00e1t<\/p>\n<p><strong>Th\u00f4ng tin c\u1ea3nh b\u00e1o:<\/strong>\u00a0Tr\u00e1nh xa ngu\u1ed3n nhi\u1ec7t<\/p>\n<p>&nbsp;<\/p>","protected":false},"excerpt":{"rendered":"<p>TH\u01af\u01a0NG HI\u1ec6U INOCHI: Inochi l\u00e0 th\u01b0\u01a1ng hi\u1ec7u gia d\u1ee5ng cao c\u1ea5p Vi\u1ec7t Nam, \u0111\u01b0\u1ee3c thi\u1ebft k\u1ebf v\u00e0 s\u1ea3n xu\u1ea5t theo<\/p>","protected":false},"featured_media":29167,"comment_status":"open","ping_status":"closed","template":"","meta":[],"product_brand":[],"product_cat":[393,35],"product_tag":[],"class_list":{"0":"post-29166","1":"product","2":"type-product","3":"status-publish","4":"has-post-thumbnail","6":"product_cat-bep-phong-an","7":"product_cat-nha-cua-doi-song","9":"first","10":"instock","11":"sale","12":"shipping-taxable","13":"purchasable","14":"product-type-simple"},"_links":{"self":[{"href":"https:\/\/havamall.vn\/en\/wp-json\/wp\/v2\/product\/29166"}],"collection":[{"href":"https:\/\/havamall.vn\/en\/wp-json\/wp\/v2\/product"}],"about":[{"href":"https:\/\/havamall.vn\/en\/wp-json\/wp\/v2\/types\/product"}],"replies":[{"embeddable":true,"href":"https:\/\/havamall.vn\/en\/wp-json\/wp\/v2\/comments?post=29166"}],"version-history":[{"count":0,"href":"https:\/\/havamall.vn\/en\/wp-json\/wp\/v2\/product\/29166\/revisions"}],"wp:featuredmedia":[{"embeddable":true,"href":"https:\/\/havamall.vn\/en\/wp-json\/wp\/v2\/media\/29167"}],"wp:attachment":[{"href":"https:\/\/havamall.vn\/en\/wp-json\/wp\/v2\/media?parent=29166"}],"wp:term":[{"taxonomy":"product_brand","embeddable":true,"href":"https:\/\/havamall.vn\/en\/wp-json\/wp\/v2\/product_brand?post=29166"},{"taxonomy":"product_cat","embeddable":true,"href":"https:\/\/havamall.vn\/en\/wp-json\/wp\/v2\/product_cat?post=29166"},{"taxonomy":"product_tag","embeddable":true,"href":"https:\/\/havamall.vn\/en\/wp-json\/wp\/v2\/product_tag?post=29166"}],"curies":[{"name":"wp","href":"https:\/\/api.w.org\/{rel}","templated":true}]}}