{"id":29158,"date":"2022-10-13T13:44:22","date_gmt":"2022-10-13T06:44:22","guid":{"rendered":"https:\/\/havamall.vn\/?post_type=product&#038;p=29158"},"modified":"2023-12-04T10:21:36","modified_gmt":"2023-12-04T03:21:36","slug":"may-cam-tay-mini-danh-trung-tao-bot-ca-phe-khuay-cuc-manh-mau-ngau-nhien","status":"publish","type":"product","link":"https:\/\/havamall.vn\/en\/shop\/may-cam-tay-mini-danh-trung-tao-bot-ca-phe-khuay-cuc-manh-mau-ngau-nhien\/","title":{"rendered":"M\u00e1y C\u1ea7m Tay Mini \u0110\u00e1nh Tr\u1ee9ng T\u1ea1o B\u1ecdt C\u00e0 Ph\u00ea Khu\u1ea5y C\u1ef1c M\u1ea1nh &#8211; M\u00e0u Ng\u1eabu Nhi\u00ean"},"content":{"rendered":"<p>M\u00e1y \u0111\u00e1nh tr\u1ee9ng t\u1ea1o b\u1ecdt c\u00e0 ph\u00ea c\u1ea7m tay mini l\u00e0 m\u1ed9t trong nh\u1eefng d\u1ee5ng c\u1ee5 nh\u00e0 b\u1ebfp v\u00f4 c\u00f9ng th\u00e2n thi\u1ebft v\u1edbi c\u00e1c b\u00e0 n\u1ed9i tr\u1ee3. \u0110\u00e2y \u0111\u01b0\u1ee3c xem l\u00e0 d\u1ee5ng c\u1ee5 h\u1ed7 tr\u1ee3 v\u00f4 c\u00f9ng \u0111\u1eafc l\u1ef1c gi\u00fap ch\u1ecb em c\u00f3 th\u1ec3 ch\u1ebf bi\u1ebfn nhi\u1ec1u c\u00f4ng th\u1ee9c b\u00e1nh, kem hay \u0111\u1ed3 u\u1ed1ng th\u01a1m ngon kh\u00e1c nhau. N\u1ebfu \u0111ang c\u00f3 nhu c\u1ea7u h\u1ecdc l\u00e0m th\u00eam m\u1ed9t s\u1ed1 m\u00f3n m\u1edbi nh\u01b0 b\u00e1nh hay \u0111\u1ed3 u\u1ed1ng m\u1edbi l\u1ea1, b\u1ea1n ch\u1eafc ch\u1eafn kh\u00f4ng th\u1ec3 b\u1ecf qua nh\u1eefng chi\u1ebfc m\u00e1y \u0111\u00e1nh tr\u1ee9ng mini, nay hi\u1ec7n \u0111\u00e3 c\u00f3 t\u1ea1i Havamall.<\/p>\n<p><img decoding=\"async\" class=\"aligncenter\" src=\"https:\/\/havamall.vn\/wp-content\/uploads\/2022\/10\/may-danh-trung-tao-bot-ca-phe-mini-11.jpg\" alt=\"\" \/><\/p>\n<p>M\u00e1y \u0111\u00e1nh tr\u1ee9ng t\u1ea1o b\u1ecdt c\u00e0 ph\u00ea c\u1ea7m tay mini\u00a0c\u00f3 h\u00ecnh d\u00e1ng g\u1ecdn nh\u1eb9 gi\u00fap b\u1ea1n d\u1ec5 d\u00e0ng \u0111\u00e1nh tr\u1ee9ng hay t\u1ea1o b\u1ecdt c\u00e0 ph\u00ea nhanh nh\u1ea5t, kh\u00f4ng c\u1ea7n m\u1ea5t th\u1eddi gian \u0111\u00e1nh th\u1ee7 c\u00f4ng b\u1eb1ng tay. V\u1edbi chi\u1ebfc m\u00e1y \u0111\u00e1nh tr\u1ee9ng t\u1ea1o b\u1ecdt cafe mini n\u00e0y, c\u00e1c nguy\u00ean li\u1ec7u nh\u01b0 s\u1eefa, kem t\u01b0\u01a1i hay c\u00e1c lo\u1ea1i \u0111\u1ed3 \u0103n d\u00e0nh cho b\u00e9 \u0111\u1ec1u c\u00f3 th\u1ec3 \u0111\u01b0\u1ee3c \u0111\u00e1nh \u0111\u1ec1u hi\u1ec7u qu\u1ea3. Chi\u1ebfc m\u00e1y \u0111\u00e1nh tr\u1ee9ng nh\u1ecf nh\u1eb9 n\u00e0y l\u00e0 c\u00f4ng c\u1ee5 c\u1ef1c k\u1ef3 ti\u1ec7n l\u1ee3i cho gia \u0111\u00ecnh c\u1ee7a b\u1ea1n, n\u1ebfu nh\u01b0 \u0111i d\u00e3 ngo\u1ea1i, b\u1ea1n c\u0169ng c\u00f3 th\u1ec3 mang theo c\u00f4ng c\u1ee5 n\u00e0y \u0111\u1ec3 \u0111\u1ea3m b\u1ea3o v\u1eabn c\u00f3 th\u1ec3 th\u01b0\u1edfng th\u1ee9c nh\u1eefng ly c\u00e0 ph\u00ea ngon nh\u1ea5t.<\/p>\n<h2><strong><img fetchpriority=\"high\" decoding=\"async\" class=\"wp-image-29159 aligncenter\" src=\"https:\/\/havamall.vn\/wp-content\/uploads\/2022\/10\/966b4f6acec0239d1e0c714c77727a61-300x300.jpg\" alt=\"\" width=\"599\" height=\"599\" srcset=\"https:\/\/havamall.vn\/wp-content\/uploads\/2022\/10\/966b4f6acec0239d1e0c714c77727a61-300x300.jpg 300w, https:\/\/havamall.vn\/wp-content\/uploads\/2022\/10\/966b4f6acec0239d1e0c714c77727a61-430x430.jpg 430w, https:\/\/havamall.vn\/wp-content\/uploads\/2022\/10\/966b4f6acec0239d1e0c714c77727a61-150x150.jpg 150w, https:\/\/havamall.vn\/wp-content\/uploads\/2022\/10\/966b4f6acec0239d1e0c714c77727a61-700x700.jpg 700w, https:\/\/havamall.vn\/wp-content\/uploads\/2022\/10\/966b4f6acec0239d1e0c714c77727a61-600x600.jpg 600w, https:\/\/havamall.vn\/wp-content\/uploads\/2022\/10\/966b4f6acec0239d1e0c714c77727a61-100x100.jpg 100w, https:\/\/havamall.vn\/wp-content\/uploads\/2022\/10\/966b4f6acec0239d1e0c714c77727a61.jpg 720w\" sizes=\"(max-width: 599px) 100vw, 599px\" \/>\u0110\u1eb7c \u0111i\u1ec3m s\u1ea3n ph\u1ea9m<\/strong><\/h2>\n<p>&#8211; M\u00e1y \u0111\u00e1nh tr\u1ee9ng \u0111a n\u0103ng hi\u1ec7n \u0111ang l\u00e0 d\u1ee5ng c\u1ee5 l\u00e0m b\u1ebfp \u0111\u01b0\u1ee3c nhi\u1ec1u n\u1ed9i tr\u1ee3 \u01b0a chu\u1ed9ng b\u1edfi t\u00ednh ti\u1ec7n d\u1ee5ng v\u00e0 ti\u1ebft ki\u1ec7m th\u1eddi gian n\u1ea5u n\u01b0\u1edbng.<\/p>\n<p>&#8211; C\u01a1 ch\u1ebf ho\u1ea1t \u0111\u1ed9ng nh\u1edd pin th\u00f4ng d\u1ee5ng n\u00ean r\u1ea5t ti\u1ec7n l\u1ee3i, kh\u00f4ng s\u1ee3 b\u1ecb ch\u1eadp \u0111i\u1ec7n c\u0169ng nh\u01b0 r\u00f2 r\u1ec9.<\/p>\n<p>&#8211; M\u00e1y \u0111\u01b0\u1ee3c s\u1ea3n xu\u1ea5t theo c\u00f4ng ngh\u1ec7 \u00dd v\u1edbi nhi\u1ec1u ch\u1ee9c n\u0103ng nh\u01b0 \u0111\u00e1nh tr\u1ee9ng, s\u1eefa, caf\u00e9, l\u00e0m n\u01b0\u1edbc s\u1ed1t.<\/p>\n<p><img decoding=\"async\" class=\"wp-image-29160 aligncenter\" src=\"https:\/\/havamall.vn\/wp-content\/uploads\/2022\/10\/May-danh-sua-cam-tay-danh-sua-bang-may-cam-tay-may-danh-bot-sua-cam-tay-dung-cu-danh-sua-bang-tay-may-danh-sua-tao-bot-cam-tay-may-danh-trung-tao-bot-sua-cam-tay-mini-7-300x300.jpeg\" alt=\"\" width=\"552\" height=\"552\" srcset=\"https:\/\/havamall.vn\/wp-content\/uploads\/2022\/10\/May-danh-sua-cam-tay-danh-sua-bang-may-cam-tay-may-danh-bot-sua-cam-tay-dung-cu-danh-sua-bang-tay-may-danh-sua-tao-bot-cam-tay-may-danh-trung-tao-bot-sua-cam-tay-mini-7-300x300.jpeg 300w, https:\/\/havamall.vn\/wp-content\/uploads\/2022\/10\/May-danh-sua-cam-tay-danh-sua-bang-may-cam-tay-may-danh-bot-sua-cam-tay-dung-cu-danh-sua-bang-tay-may-danh-sua-tao-bot-cam-tay-may-danh-trung-tao-bot-sua-cam-tay-mini-7-430x430.jpeg 430w, https:\/\/havamall.vn\/wp-content\/uploads\/2022\/10\/May-danh-sua-cam-tay-danh-sua-bang-may-cam-tay-may-danh-bot-sua-cam-tay-dung-cu-danh-sua-bang-tay-may-danh-sua-tao-bot-cam-tay-may-danh-trung-tao-bot-sua-cam-tay-mini-7-150x150.jpeg 150w, https:\/\/havamall.vn\/wp-content\/uploads\/2022\/10\/May-danh-sua-cam-tay-danh-sua-bang-may-cam-tay-may-danh-bot-sua-cam-tay-dung-cu-danh-sua-bang-tay-may-danh-sua-tao-bot-cam-tay-may-danh-trung-tao-bot-sua-cam-tay-mini-7-600x600.jpeg 600w, https:\/\/havamall.vn\/wp-content\/uploads\/2022\/10\/May-danh-sua-cam-tay-danh-sua-bang-may-cam-tay-may-danh-bot-sua-cam-tay-dung-cu-danh-sua-bang-tay-may-danh-sua-tao-bot-cam-tay-may-danh-trung-tao-bot-sua-cam-tay-mini-7-100x100.jpeg 100w, https:\/\/havamall.vn\/wp-content\/uploads\/2022\/10\/May-danh-sua-cam-tay-danh-sua-bang-may-cam-tay-may-danh-bot-sua-cam-tay-dung-cu-danh-sua-bang-tay-may-danh-sua-tao-bot-cam-tay-may-danh-trung-tao-bot-sua-cam-tay-mini-7.jpeg 677w\" sizes=\"(max-width: 552px) 100vw, 552px\" \/><\/p>\n<p>&nbsp;<\/p>\n<p>&#8211; \u0110\u1ea7u \u0111\u00e1nh tr\u1ee9ng l\u00f2 xo tr\u00f2n b\u1eb1ng inox b\u1ec1n l\u00e0m nguy\u00ean li\u1ec7u ch\u1ebf bi\u1ebfn t\u01a1i x\u1ed1p, nhuy\u1ec5n v\u00e0 m\u1ec1m m\u1ea1i h\u01a1n.<\/p>\n<p>&#8211; M\u00e1y ho\u1ea1t \u0111\u1ed9ng b\u1eb1ng pin AA n\u00ean c\u00f3 th\u1ec3 s\u1eed d\u1ee5ng ngay c\u1ea3 khi m\u1ea5t \u0111i\u1ec7n.<\/p>\n<p><img decoding=\"async\" class=\"aligncenter\" src=\"https:\/\/havamall.vn\/wp-content\/uploads\/2022\/10\/may-danh-trung-tao-bot-ca-phe-mini-3.jpg\" alt=\"\" \/><\/p>\n<p>&#8211; Tay c\u1ea7m b\u1eb1ng plastic cao c\u1ea5p \u0111\u01b0\u1ee3c thi\u1ebft k\u1ebf v\u1eeba v\u1eb7n.<\/p>\n<p>&#8211; S\u1ea3n ph\u1ea9m \u0111\u01b0\u1ee3c thi\u1ebft k\u1ebf nh\u1ecf g\u1ecdn, m\u1eabu m\u00e3 \u0111\u1eb9p.<\/p>\n<p>&#8211; D\u1ec5 d\u00e0ng lau ch\u00f9i, c\u1ecd r\u1eeda, an to\u00e0n cho ng\u01b0\u1eddi s\u1eed d\u1ee5ng.<\/p>\n<p><img decoding=\"async\" class=\"aligncenter\" src=\"https:\/\/havamall.vn\/wp-content\/uploads\/2022\/10\/2dbcdfa6b3204d2b2dfe726673eb330f.jpg\" alt=\"M\u00e1y \u0111\u00e1nh tr\u1ee9ng, t\u1ea1o b\u1ecdt cafe mini - H\u00c0NG CH\u00cdNH H\u00c3NG H\u00c0 N\u1ed8I\" width=\"629\" height=\"629\" \/><\/p>\n<h2><strong>Th\u00f4ng tin s\u1ea3n ph\u1ea9m:<\/strong><\/h2>\n<p>&#8211; T\u00ean s\u1ea3n ph\u1ea9m: M\u00e1y \u0111\u00e1nh tr\u1ee9ng, cafe Mini<\/p>\n<p>&#8211; Ch\u1ea5t li\u1ec7u: \u0110\u1ea7u l\u00f2 xo tr\u00f2n b\u1eb1ng inox, tay c\u1ea7m b\u1eb1ng nh\u1ef1a.<\/p>\n<p>&#8211; Quy c\u00e1ch s\u1eed d\u1ee5ng: S\u1eed d\u1ee5ng pin 3A, c\u00f3 n\u00fat \u0111i\u1ec1u ch\u1ec9nh t\u1ed1c \u0111\u1ed9.<\/p>\n<p>&#8211; K\u00edch th\u01b0\u1edbc: 4 x 4 x 21 cm.<\/p>\n<p>&#8211; M\u00e1y c\u00f3 ch\u1ee9c n\u0103ng \u0111\u00e1nh tr\u1ee9ng, s\u1eefa, cafe.<\/p>\n<p>&nbsp;<\/p>","protected":false},"excerpt":{"rendered":"<p>M\u00e1y \u0111\u00e1nh tr\u1ee9ng t\u1ea1o b\u1ecdt c\u00e0 ph\u00ea c\u1ea7m tay mini l\u00e0 m\u1ed9t trong nh\u1eefng d\u1ee5ng c\u1ee5 nh\u00e0 b\u1ebfp v\u00f4 c\u00f9ng<\/p>","protected":false},"featured_media":29161,"comment_status":"open","ping_status":"closed","template":"","meta":[],"product_brand":[],"product_cat":[393,35],"product_tag":[],"class_list":{"0":"post-29158","1":"product","2":"type-product","3":"status-publish","4":"has-post-thumbnail","6":"product_cat-bep-phong-an","7":"product_cat-nha-cua-doi-song","9":"first","10":"instock","11":"sale","12":"shipping-taxable","13":"purchasable","14":"product-type-simple"},"_links":{"self":[{"href":"https:\/\/havamall.vn\/en\/wp-json\/wp\/v2\/product\/29158"}],"collection":[{"href":"https:\/\/havamall.vn\/en\/wp-json\/wp\/v2\/product"}],"about":[{"href":"https:\/\/havamall.vn\/en\/wp-json\/wp\/v2\/types\/product"}],"replies":[{"embeddable":true,"href":"https:\/\/havamall.vn\/en\/wp-json\/wp\/v2\/comments?post=29158"}],"version-history":[{"count":0,"href":"https:\/\/havamall.vn\/en\/wp-json\/wp\/v2\/product\/29158\/revisions"}],"wp:featuredmedia":[{"embeddable":true,"href":"https:\/\/havamall.vn\/en\/wp-json\/wp\/v2\/media\/29161"}],"wp:attachment":[{"href":"https:\/\/havamall.vn\/en\/wp-json\/wp\/v2\/media?parent=29158"}],"wp:term":[{"taxonomy":"product_brand","embeddable":true,"href":"https:\/\/havamall.vn\/en\/wp-json\/wp\/v2\/product_brand?post=29158"},{"taxonomy":"product_cat","embeddable":true,"href":"https:\/\/havamall.vn\/en\/wp-json\/wp\/v2\/product_cat?post=29158"},{"taxonomy":"product_tag","embeddable":true,"href":"https:\/\/havamall.vn\/en\/wp-json\/wp\/v2\/product_tag?post=29158"}],"curies":[{"name":"wp","href":"https:\/\/api.w.org\/{rel}","templated":true}]}}