{"id":29130,"date":"2022-10-12T16:22:20","date_gmt":"2022-10-12T09:22:20","guid":{"rendered":"https:\/\/havamall.vn\/?post_type=product&#038;p=29130"},"modified":"2026-03-06T16:19:42","modified_gmt":"2026-03-06T09:19:42","slug":"bo-sap-dong-lanh-1kg-frozen-avocado","status":"publish","type":"product","link":"https:\/\/havamall.vn\/en\/shop\/bo-sap-dong-lanh-1kg-frozen-avocado\/","title":{"rendered":"B\u01a1 S\u00e1p \u0110\u00f4ng L\u1ea1nh 1kg &#8211; Frozen Avocado"},"content":{"rendered":"<div class=\"j83agx80\">\n<div class=\"dwo3fsh8 g5ia77u1 rt8b4zig n8ej3o3l agehan2d sk4xxmp2 rq0escxv q9uorilb kvgmc6g5 cxmmr5t8 oygrvhab hcukyx3x jb3vyjys rz4wbd8a qt6c0cv9 a8nywdso l9j0dhe7 i1ao9s8h k4urcfbm\">\n<div class=\"j83agx80 cbu4d94t sj5x9vvc cxgpxx05\">\n<div class=\"rq0escxv l9j0dhe7 du4w35lb j83agx80 pfnyh3mw jifvfom9 ll8tlv6m owycx6da btwxx1t3 hv4rvrfc dati1w0a jb3vyjys b5q2rw42 lq239pai mysgfdmx hddg9phg\">\n<div class=\"rq0escxv l9j0dhe7 du4w35lb j83agx80 cbu4d94t d2edcug0 hpfvmrgz rj1gh0hx buofh1pr g5gj957u o8rfisnq p8fzw8mz pcp91wgn iuny7tx3 ipjc6fyt\">\n<div class=\"j83agx80 cbu4d94t ew0dbk1b irj2b8pg\">\n<div class=\"qzhwtbm6 knvmm38d\">\n<div class=\"j83agx80 cbu4d94t ew0dbk1b irj2b8pg\">\n<div class=\"qzhwtbm6 knvmm38d\">\n<div class=\"kvgmc6g5 cxmmr5t8 oygrvhab hcukyx3x c1et5uql\">\n<table>\n<tbody>\n<tr>\n<td>Xu\u1ea5t x\u1ee9<\/td>\n<td>Vi\u1ec7t Nam<\/td>\n<\/tr>\n<tr>\n<td>Th\u00e0nh ph\u1ea7n<\/td>\n<td>100% B\u01a1 C\u1ea5p \u0110\u00f4ng<\/td>\n<\/tr>\n<tr>\n<td>H\u1ea1n s\u1eed d\u1ee5ng<\/td>\n<td>36 th\u00e1ng k\u1ec3 t\u1eeb ng\u00e0y s\u1ea3n xu\u1ea5t.<\/td>\n<\/tr>\n<tr>\n<td>B\u1ea3o qu\u1ea3n<\/td>\n<td>B\u1ea3o qu\u1ea3n d\u01b0\u1edbi 18\u0ae6C<\/td>\n<\/tr>\n<tr>\n<td>Kh\u1ed1i l\u01b0\u1ee3ng t\u1ecbnh<\/td>\n<td>1000g<\/td>\n<\/tr>\n<\/tbody>\n<\/table>\n<p class=\"ce-element ce-element--type-text\">Qu\u1ea3 b\u01a1 \u0111\u01b0\u1ee3c \u0111\u00e1nh gi\u00e1 r\u1ea5t cao v\u1ec1 gi\u00e1 tr\u1ecb dinh d\u01b0\u1ee1ng n\u00ean c\u00f3 gi\u00e1 th\u00e0nh cao. Theo B\u1ed9 N\u00f4ng nghi\u1ec7p Hoa K\u1ef3, c\u00e1c th\u00e0nh ph\u1ea7n dinh d\u01b0\u1ee1ng c\u00f3 trong qu\u1ea3 b\u01a1 bao g\u1ed3m:\u00a0Ch\u1ea5t b\u00e9o,\u00a0carbohydrate,\u00a0protein, kali,\u00a0ch\u1ea5t x\u01a1,\u00a0vitamin B,\u00a0vitamin E.<\/p>\n<p class=\"ce-element ce-element--type-text\">M\u1ed9t s\u1ed1 ch\u1ea5t kh\u00e1c:\u00a0Vitamin C,\u00a0vitamin K, gluxit \u2026V\u1eady n\u00ean l\u1ee3i \u00edch t\u1eeb qu\u1ea3 b\u01a1 l\u00e0 r\u1ea5t qu\u00fd gi\u00e1.<\/p>\n<p class=\"ce-element ce-element--type-text\">B\u01a1 th\u01b0\u1eddng \u0111\u01b0\u1ee3c d\u00f9ng \u0103n tr\u1ef1c ti\u1ebfp khi ch\u00edn m\u00e0 kh\u00f4ng c\u1ea7n ph\u1ea3i qua ch\u1ebf bi\u1ebfn. \u0110\u00e2y l\u00e0 lo\u1ea1i tr\u00e1i c\u00e2y c\u00f3 nhi\u1ec1u t\u00e1c d\u1ee5ng v\u1edbi s\u1ee9c kh\u1ecfe v\u00e0 \u0111ang \u0111\u01b0\u1ee3c \u01b0a chu\u1ed9ng tr\u00ean to\u00e0n c\u1ea7u.<\/p>\n<p>Do \u0111\u00f3 \u0111\u01b0\u1ee3c \u1ee9ng d\u1ee5ng nhi\u1ec1u trong ch\u1ebf bi\u1ebfn c\u00e1c lo\u1ea1i th\u1ef1c ph\u1ea9m, v\u00e0 th\u1ee9c u\u1ed1ng kh\u00e1c nhau. \u0110\u00e2y l\u00e0 m\u1ed9t trong nh\u1eefng n\u00f4ng s\u1ea3n Vi\u1ec7t Nam xu\u1ea5t kh\u1ea9u ph\u1ed5 bi\u1ebfn nh\u1ea5t hi\u1ec7n nay. B\u01a1 c\u1ea5p \u0111\u00f4ng \u0111\u01b0\u1ee3c s\u1ea3n xu\u1ea5t v\u00e0 ch\u1ebf bi\u1ebfn k\u1ef9 l\u01b0\u1ee1ng. Nh\u1edd v\u1eady \u0111\u00e1p \u1ee9ng \u0111\u01b0\u1ee3c ti\u00eau chu\u1ea9n \u0111i c\u00e1c th\u1ecb tr\u01b0\u1eddng l\u1edbn nh\u01b0 Nh\u1eadt B\u1ea3n, H\u00e0n Qu\u1ed1c, H\u1ed3ng K\u00f4ng, Ch\u00e2u \u00c2u.<\/p>\n<p><img decoding=\"async\" class=\"aligncenter\" src=\"https:\/\/havamall.com\/wp-content\/uploads\/2026\/03\/shutterstock_789994081.jpg\" alt=\"Nature\" \/><\/p>\n<h2><strong>C\u00e1ch nh\u1eadn bi\u1ebft B\u01a1 ch\u1ea5t l\u01b0\u1ee3ng cao<\/strong><\/h2>\n<h2><strong>V\u1ecf v\u00e0 h\u00ecnh d\u00e1ng b\u00ean ngo\u00e0i<\/strong><\/h2>\n<p>H\u00ecnh \u1ea3nh b\u01a1 s\u00e1p thon d\u00e0i nh\u01b0ng c\u0169ng c\u00f3 v\u00e0i tr\u00e1i c\u00f3 h\u00ecnh tr\u00f2n, v\u1ecf b\u01a1 m\u00e0u xanh, h\u01a1i s\u1ea7n, tr\u00ean v\u1ecf c\u00f3 nh\u1eefng l\u1ed1m \u0111\u1ed1m v\u00e0ng l\u00e0 \u0111\u1eb7c tr\u01b0ng d\u1ec5 nh\u1eadn bi\u1ebft nh\u1ea5t c\u1ee7a b\u01a1 s\u00e1p. Ph\u1ea7n \u0111\u1ea7u b\u01a1 d\u00e0i, h\u1ea1t nh\u1ecf n\u00ean ph\u1ea7n th\u1ecbt b\u01a1 kh\u00e1 nhi\u1ec1u.\u00a0B\u01a1 n\u01b0\u1edbc n\u01b0\u1edbc th\u00ec l\u1ea1i c\u00f3 k\u00edch th\u01b0\u1edbc l\u1edbn h\u01a1n, c\u00f3 v\u1ecf m\u00e0u n\u00e2u \u00e1nh t\u00edm, kh\u00e1c v\u1edbi b\u01a1 s\u00e1p th\u00ec b\u01a1 n\u01b0\u1edbc v\u1ecf tr\u01a1n l\u00e1ng m\u01b0\u1ee3t h\u01a1n v\u00e0 kh\u00f4ng nh\u0103n nh\u01b0 b\u01a1 s\u00e1p. So v\u1edbi v\u1ebb b\u1ec1 ngo\u00e0i th\u00ec tr\u00e1i b\u01a1 n\u01b0\u1edbc to tr\u00f2n v\u00e0 \u0111\u1eb9p h\u01a1n qu\u1ea3 b\u01a1 s\u00e1p<\/p>\n<h2><strong>K\u00edch c\u1ee1 tr\u00e1i b\u01a1<\/strong><\/h2>\n<p>\u0110\u1ec3 ki\u1ec3m tra xem ph\u1ea3i b\u01a1 s\u00e1p hay kh\u00f4ng th\u00ec tr\u01b0\u1edbc ti\u00ean b\u1ea1n h\u00e3y c\u1ea7m qu\u1ea3 b\u01a1 l\u00ean, n\u1ebfu c\u1ea3m th\u1ea5y n\u1eb7ng, ch\u1eafc tay th\u00ec ch\u1eafc ch\u1eafn \u0111\u00f3 l\u00e0 qu\u1ea3 b\u01a1 s\u00e1p. V\u00ec ph\u1ea7n ru\u1ed9t b\u00ean trong s\u1ebd kh\u00e1 ch\u1eafc n\u00ean khi l\u1eafc nh\u1eb9 c\u00f3 th\u1ec3 nghe th\u1ea5y ti\u1ebfng h\u1ea1t \u0111\u1eadp v\u00e0o ph\u1ea7n th\u1ecbt b\u01a1.<\/p>\n<p>C\u1ea3m nh\u1eadn \u0111\u01a1n gi\u1ea3n m\u00e0 b\u1ea1n d\u1ec5 nh\u1eadn bi\u1ebft nh\u1ea5t ch\u00ednh l\u00e0 c\u1ea3m gi\u00e1c n\u1eb7ng tay khi c\u1ea7m qu\u1ea3 b\u01a1. Khi nh\u00ecn qu\u1ea3 b\u01a1 n\u01b0\u1edbc ta th\u1ea5y kh\u00f3 ph\u00e2n bi\u1ec7t h\u01a1n nh\u01b0ng khi c\u1ea7m v\u00e0o b\u1ea1n s\u1ebd th\u1ea5y h\u01a1i nh\u1eb9, c\u1ea3m gi\u00e1c kh\u00f4ng \u0111\u01b0\u1ee3c ch\u1eafc tay l\u1eafm d\u00f9 cho k\u00edch th\u01b0\u1edbc c\u00f3 l\u1edbn h\u01a1n qu\u1ea3 b\u01a1 s\u00e1p c\u00f3 k\u00edch th\u01b0\u1edbc l\u1edbn h\u01a1n<\/p>\n<p>C\u00f2n qu\u1ea3 b\u01a1 s\u00e1p th\u00ec c\u1ea7m n\u1eb7ng tay th\u1ea5y r\u00f5 v\u00ec th\u1ecbt b\u01a1 s\u00e1p d\u1ebbo, \u0111\u1eb7c m\u1ecbn, l\u1eafc nh\u1eb9 tr\u00e1i b\u01a1 c\u00f3 th\u1ec3 nghe \u0111\u01b0\u1ee3c ti\u1ebfng h\u1ea1t b\u01a1 chuy\u1ec3n \u0111\u1ed9ng b\u00ean trong.<\/p>\n<h2><strong>C\u00e1c ti\u00eau chu\u1ea9n B\u01a1 \u0111\u01b0a v\u00e0o s\u1ea3n xu\u1ea5t<\/strong><\/h2>\n<p>T\u1ea5t c\u1ea3 s\u1ea3n ph\u1ea9m \u0111\u01b0\u1ee3c \u0111\u01b0a v\u00e0o ch\u1ebf bi\u1ebfn \u0111\u1ec1u c\u00f3 \u0111\u1ed9 gi\u00e0 nh\u1ea5t \u0111\u1ecbnh. \u0110\u00e2y l\u00e0 m\u1ed9t ti\u00eau ch\u00ed quan tr\u1ecdng \u0111\u1ec3 xem x\u00e9t v\u1ec1 ch\u1ea5t l\u01b0\u1ee3ng c\u1ee7a tr\u00e1i. Th\u00f4ng qua vi\u1ec7c s\u00e0ng l\u1ecdc k\u1ef9 l\u01b0\u1ee1ng, ch\u00fang t\u00f4i ph\u00e2n chia th\u00e0nh c\u00e1c lo\u1ea1i sau:<\/p>\n<ul>\n<li>Lo\u1ea1i 1: H\u00e0ng xu\u1ea5t kh\u1ea9u. H\u00e0ng xu\u1ea5t kh\u1ea9u th\u01b0\u1eddng \u0111\u01b0\u1ee3c mua l\u00fac xanh ho\u1eb7c v\u00e0ng ch\u00edn. \u0110\u1eb7c \u0111i\u1ec3m ch\u00ednh c\u1ee7a ph\u00e2n lo\u1ea1i n\u00e0y l\u00e0 da v\u00e0 m\u00e0u s\u1eafc v\u1ecf r\u1ea5t \u0111\u1eb9p, m\u1ecbn kh\u00f4ng t\u00ec v\u1ebft.<\/li>\n<li>Lo\u1ea1i 2: H\u00e0ng ph\u00e2n ph\u1ed1i ch\u1ee3. H\u00e0ng ph\u00e2n lo\u1ea1i n\u00e0y s\u1ebd \u0111\u01b0\u1ee3c ph\u00e2n ph\u1ed1i v\u00e0o c\u00e1c si\u00eau th\u1ecb v\u00e0 c\u00e1c ch\u1ee3 ti\u00eau d\u00f9ng, h\u00ecnh d\u00e1ng c\u0169ng nh\u01b0 m\u00e0u s\u1eafc s\u1ebd c\u00f3 ch\u1ea5t l\u01b0\u1ee3ng k\u00e9m h\u01a1n so v\u1edbi h\u00e0ng xu\u1ea5t kh\u1ea9u m\u1ed9t b\u1eadc.<\/li>\n<li>Lo\u1ea1i 3: H\u00e0ng lo\u1ea1i ba th\u01b0\u1eddng s\u1ebd \u0111\u01b0\u1ee3c s\u1eed d\u1ee5ng cho nhi\u1ec1u m\u1ee5c \u0111\u00edch kh\u00e1c nhau c\u1ee7a ng\u01b0\u1eddi mua. V\u1ecf s\u1ebd kh\u00f4ng \u0111\u1eb9p, k\u00edch th\u01b0\u1edbc kh\u00f4ng \u0111\u1ec1u nhau. B\u00f9 l\u1ea1i gi\u00e1 th\u00e0nh s\u1ebd kh\u00e1 r\u1ebb. Tr\u00e1i th\u01b0\u1eddng \u0111\u01b0\u1ee3c mua t\u1eeb l\u00fac v\u1ecf xanh, sau \u0111\u00f3 \u1ee7 t\u1eeb 3 \u2013 5 ng\u00e0y cho l\u00ean m\u00e0u v\u00e0 c\u1eaft g\u1ecdt, c\u1ea5p \u0111\u00f4ng.<\/li>\n<\/ul>\n<figure id=\"attachment_675\" class=\"wp-caption aligncenter\"><figcaption id=\"caption-attachment-675\" class=\"wp-caption-text\"><img decoding=\"async\" src=\"https:\/\/havamall.com\/wp-content\/uploads\/2026\/03\/https3A2F2Fcdn.cnn_.com2Fcnnnext2Fdam2Fassets2F210511125639-avocado-stock.jpg\" alt=\"Benefits of avocados: 4 ways they are good for your health | CNN\" \/><\/figcaption><\/figure>\n<p>Ch\u00fang t\u00f4i li\u00ean k\u1ebft v\u1edbi c\u00e1c nh\u00e0 v\u01b0\u1eddn ch\u1ea5t l\u01b0\u1ee3ng cao. Ngo\u00e0i ra c\u00f2n h\u1ed7 tr\u1ee3 canh t\u00e1c, hay k\u1ef9 thu\u1eadt bao qu\u1ea3 theo ti\u00eau chu\u1ea9n Global Gap cho ng\u01b0\u1eddi d\u00e2n. \u0110\u1ec3 \u0111\u1ea3m b\u1ea3o s\u1ea3n ph\u1ea9m tr\u01b0\u1edbc khi \u0111\u01b0a v\u00e0o ch\u1ebf bi\u1ebfn \u0111\u1ec1u \u0111\u00e3 \u0111\u1ea1t ch\u1ea5t l\u01b0\u1ee3ng cao nh\u1ea5t.<\/p>\n<h2><strong>Quy tr\u00ecnh ch\u1ebf bi\u1ebfn b\u01a1 xu\u1ea5t kh\u1ea9u \u0111\u1ea1t chu\u1ea9n qu\u1ed1c t\u1ebf<\/strong><\/h2>\n<p>Quy tr\u00ecnh ch\u1ebf bi\u1ebfn s\u1ebd \u0111\u01b0\u1ee3c ph\u00e2n chia th\u00e0nh c\u00e1c giai \u0111o\u1ea1n sau:<\/p>\n<ul>\n<li>X\u1eed l\u00fd v\u1edbi n\u01b0\u1edbc: \u1ede b\u01b0\u1edbc \u0111\u1ea7u ti\u00ean, B\u01a1 \u0111\u01b0\u1ee3c r\u1eeda qua v\u1edbi n\u01b0\u1edbc s\u1ea1ch \u0111\u1ec3 lo\u1ea1i b\u1ecf nh\u1ef1a hay ch\u1ea5t b\u1ea9n tr\u00ean da. Sau \u0111\u00f3 \u0111\u01b0\u1ee3c ch\u1ea7n qua n\u01b0\u1edbc \u1ea5m \u1edf nhi\u1ec7t \u0111\u1ed9 45 \u0111\u1ed9 C. C\u00f4ng \u0111o\u1ea1n n\u00e0y gi\u00fap lo\u1ea1i b\u1ecf b\u00e0o t\u1eed n\u1ea5m, b\u1ea3o qu\u1ea3n \u0111\u01b0\u1ee3c l\u00e2u h\u01a1n v\u00e0 tr\u00e1nh th\u1ed1i \u0111\u1ea7u.<\/li>\n<li>L\u00e0m r\u00e1o: L\u00e0m r\u00e1o sau khi x\u1eed l\u00fd n\u01b0\u1edbc s\u1ebd gi\u00fap B\u01a1 tr\u00e1nh t\u00ecnh tr\u1ea1ng h\u01b0 h\u1ecfng trong qu\u00e1 tr\u00ecnh v\u1eadn chuy\u1ec3n. Ngo\u00e0i ra da B\u01a1 s\u1ebd gi\u1eef \u0111\u01b0\u1ee3c \u0111\u1ed9 s\u00e1ng b\u00f3ng v\u00e0 m\u00e0u s\u1eafc \u0111\u1eb9p t\u1ef1 nhi\u00ean.<\/li>\n<li>C\u1eaft g\u1ecdt v\u00e0 \u0111\u00f3ng g\u00f3i: T\u00f9y theo y\u00eau c\u1ea7u c\u1ee7a kh\u00e1ch h\u00e0ng m\u00e0 B\u01a1 \u0111\u01b0\u1ee3c c\u1eaft l\u00e1t, c\u1eaft m\u00e1,\u2026 Sau \u0111\u00f3 \u0111\u01b0\u1ee3c \u0111\u01b0a v\u00e0o \u0111\u00f3ng g\u00f3i theo quy c\u00e1ch ph\u00f9 h\u1ee3p.<\/li>\n<li>C\u1ea5p \u0111\u00f4ng IQF: \u1ede b\u01b0\u1edbc cu\u1ed1i c\u00f9ng, B\u01a1 sau khi c\u1eaft \u0111\u00f3ng g\u00f3i s\u1ebd \u0111\u01b0\u1ee3c \u0111\u01b0a v\u00e0o c\u1ea5p \u0111\u00f4ng nhanh IQF \u1edf nhi\u1ec7t \u0111\u1ed9 -18 \u0111\u1ed9 C. V\u00e0 \u0111\u01b0\u1ee3c b\u1ea3o qu\u1ea3n l\u1ea1nh ph\u00f9 h\u1ee3p trong qu\u00e1 tr\u00ecnh v\u1eadn chuy\u1ec3n \u0111\u1ebfn n\u01a1i mua h\u00e0ng.<\/li>\n<\/ul>\n<div class=\"kvgmc6g5 cxmmr5t8 oygrvhab hcukyx3x c1et5uql ii04i59q\">\n<p dir=\"auto\">S\u1ea3n ph\u1ea9m hi\u1ec7n \u0111\u00e3 c\u00f3 m\u1eb7t t\u1ea1i Havamall.<\/p>\n<p dir=\"auto\"><img fetchpriority=\"high\" decoding=\"async\" class=\"size-large wp-image-29185 aligncenter\" src=\"https:\/\/havamall.com\/wp-content\/uploads\/2026\/03\/palta-mitad-congelado-02-1-1024x1024.jpg\" alt=\"\" width=\"1024\" height=\"1024\" \/><\/p>\n<h3><strong>\u0110\u1eb7c \u0111i\u1ec3m n\u1ed5i b\u1eadt c\u1ee7a s\u1ea3n ph\u1ea9m:<\/strong><\/h3>\n<p>\u2013 C\u00f4ng ngh\u1ec7 l\u00e0m l\u1ea1nh nhanh gi\u00fap gi\u1eef nguy\u00ean v\u1eb9n m\u00f9i v\u1ecb v\u00e0 ch\u1ea5t dinh d\u01b0\u1ee1ng c\u00f3 trong tr\u00e1i c\u00e2y<\/p>\n<p>\u2013 S\u1ea3n ph\u1ea9m \u0111\u01b0\u1ee3c \u0111\u00f3ng g\u00f3i gi\u00fap b\u1ea3o qu\u1ea3n d\u1ec5 d\u00e0ng h\u01a1n<\/p>\n<p>\u2013 C\u00f3 th\u1ec3 s\u1eed d\u1ee5ng v\u00e0 b\u1ea3o qu\u1ea3n trong th\u1eddi gian d\u00e0i<\/p>\n<\/div>\n<\/div>\n<\/div>\n<\/div>\n<\/div>\n<\/div>\n<\/div>\n<\/div>\n<\/div>\n<\/div>\n<\/div>\n<p>\u2013 T\u1eeb tr\u00e1i c\u00e2y ch\u00edn m\u1ecdng \u0111\u01b0\u1ee3c l\u1ef1a ch\u1ecdn k\u0129 l\u01b0\u1ee1ng t\u1eeb h\u1ec7 th\u1ed1ng cung c\u1ea5p c\u1ee7a ch\u00fang t\u00f4i<\/p>\n<p>\u2013 \u0110\u01b0\u1ee3c ph\u00e2n lo\u1ea1i t\u1eadn tay v\u00e0 ch\u1ecdn l\u1ecdc ch\u1eb7t ch\u1ebd tr\u01b0\u1edbc khi \u0111\u00f3ng g\u00f3i<\/p>\n<p>\u2013 Tr\u00e1i c\u00e2y \u0111\u01b0\u1ee3c ch\u1ecdn t\u1eeb nh\u1eefng ngu\u1ed3n v\u00e0 gi\u1ed1ng t\u1ed1t nh\u1ea5t<\/p>\n<p><img decoding=\"async\" class=\"size-large wp-image-29186 aligncenter\" src=\"https:\/\/havamall.com\/wp-content\/uploads\/2026\/03\/palta-cubitos-congelado-02-1-1024x1024.jpg\" alt=\"\" width=\"1024\" height=\"1024\" \/><\/p>\n<h3><strong>M\u1ed9t s\u1ed1 l\u1ee3i \u00edch s\u1ee9c kh\u1ecfe c\u1ee7a qu\u1ea3 B\u01a1:<\/strong><\/h3>\n<p><strong>1. Qu\u1ea3 b\u01a1 c\u1ef1c k\u1ef3 b\u1ed5 d\u01b0\u1ee1ng<\/strong><\/p>\n<p>B\u01a1 l\u00e0 lo\u1ea1i qu\u1ea3 r\u1ea5t b\u1ed5 d\u01b0\u1ee1ng cho c\u01a1 th\u1ec3, n\u00f3 ch\u1ee9a nhi\u1ec1u lo\u1ea1i ch\u1ea5t dinh d\u01b0\u1ee1ng, bao g\u1ed3m 20 lo\u1ea1i vitamin c\u00f9ng kho\u00e1ng ch\u1ea5t nh\u01b0: vitamin C, E, K v\u00e0 B6,&#8230; c\u00f3 l\u1ee3i cho s\u1ee9c kh\u1ecfe.<\/p>\n<p>B\u01a1 cung c\u1ea5p d\u1ed3i d\u00e0o c\u00e1c ch\u1ea5t magi\u00ea, kali, beta-carotene v\u00e0 a x\u00edt b\u00e9o omega-3, l\u00e0 t\u00e1c nh\u00e2n tuy\u1ec7t v\u1eddi trong vi\u1ec7c ng\u0103n ng\u1eeba v\u00e0 ki\u1ec3m so\u00e1t b\u1ec7nh tim c\u0169ng nh\u01b0 duy tr\u00ec t\u00f3c, da v\u00e0 m\u00f3ng kh\u1ecfe m\u1ea1nh<\/p>\n<p><strong>2. \u0102n b\u01a1 c\u00f3 th\u1ec3 gi\u00fap b\u1ea1n gi\u1ea3m c\u00e2n<\/strong><\/p>\n<p>B\u01a1 c\u00f3 th\u1ec3 h\u1ed7 tr\u1ee3 gi\u1ea3m c\u00e2n b\u1eb1ng c\u00e1ch gi\u1eef cho b\u1ea1n no l\u00e2u h\u01a1n v\u00e0 khi\u1ebfn b\u1ea1n \u0103n \u00edt calo h\u01a1n. Ch\u00fang c\u0169ng gi\u00e0u ch\u1ea5t x\u01a1 v\u00e0 \u00edt carbs, c\u00f3 th\u1ec3 th\u00fac \u0111\u1ea9y gi\u1ea3m c\u00e2n.<\/p>\n<p><strong>3. B\u01a1 ch\u1ee9a nhi\u1ec1u kali<\/strong><\/p>\n<p>B\u01a1 r\u1ea5t gi\u00e0u kali, l\u00e0 m\u1ed9t ch\u1ea5t dinh d\u01b0\u1ee1ng m\u00e0 h\u1ea7u h\u1ebft m\u1ecdi ng\u01b0\u1eddi kh\u00f4ng c\u00f3 \u0111\u1ee7. Ch\u1ea5t dinh d\u01b0\u1ee1ng n\u00e0y gi\u00fap duy tr\u00ec c\u00e1c gradient \u0111i\u1ec7n trong t\u1ebf b\u00e0o c\u1ee7a c\u01a1 th\u1ec3 v\u00e0 ph\u1ee5c v\u1ee5 c\u00e1c ch\u1ee9c n\u0103ng quan tr\u1ecdng kh\u00e1c nhau.<\/p>\n<p>M\u1ed9t s\u1ed1 nghi\u00ean c\u1ee9u cho th\u1ea5y r\u1eb1ng vi\u1ec7c h\u1ea5p th\u1ee5 nhi\u1ec1u kali c\u00f3 li\u00ean quan \u0111\u1ebfn vi\u1ec7c gi\u1ea3m huy\u1ebft \u00e1p, \u0111\u00e2y l\u00e0 m\u1ed9t y\u1ebfu t\u1ed1 nguy c\u01a1 ch\u00ednh g\u00e2y ra c\u00e1c c\u01a1n \u0111au tim, \u0111\u1ed9t qu\u1ef5 v\u00e0 suy th\u1eadn.<\/p>\n<p><img decoding=\"async\" class=\"size-full wp-image-29188 aligncenter\" src=\"https:\/\/havamall.com\/wp-content\/uploads\/2026\/03\/Untitled-5-1.jpg\" alt=\"\" width=\"736\" height=\"1840\" \/><\/p>\n<p><strong>4. Ch\u1ee9a nhi\u1ec1u axit b\u00e9o kh\u00f4ng b\u00e3o h\u00f2a \u0111\u01a1n, t\u1ed1t cho tim m\u1ea1ch<\/strong><\/p>\n<p>Qu\u1ea3 b\u01a1 l\u00e0 m\u1ed9t lo\u1ea1i th\u1ef1c ph\u1ea9m gi\u00e0u ch\u1ea5t b\u00e9o, c\u00f3 kh\u1ea3 n\u0103ng ch\u1ed1ng l\u1ea1i qu\u00e1 tr\u00ecnh oxy h\u00f3a do nhi\u1ec7t g\u00e2y ra. H\u01a1n th\u1ebf, b\u01a1 ch\u1ee9a nhi\u1ec1u axit oleic kh\u00f4ng b\u00e3o h\u00f2a \u0111\u01a1n, m\u1ed9t lo\u1ea1i axit b\u00e9o c\u00f3 l\u1ee3i cho tim m\u1ea1ch.<\/p>\n<p><strong>5. B\u01a1 ch\u1ee9a nhi\u1ec1u ch\u1ea5t x\u01a1<\/strong><\/p>\n<p>B\u01a1 ch\u1ee9a m\u1ed9t ngu\u1ed3n ch\u1ea5t x\u01a1 d\u1ed3i d\u00e0o c\u00f3 \u00edch cho c\u01a1 th\u1ec3. \u0110\u00f3 l\u00e0 ch\u1ea5t th\u1ef1c v\u1eadt kh\u00f3 ti\u00eau c\u00f3 th\u1ec3 g\u00f3p ph\u1ea7n gi\u1ea3m c\u00e2n, gi\u1ea3m l\u01b0\u1ee3ng \u0111\u01b0\u1eddng trong m\u00e1u v\u00e0 \u0111\u1ed9t bi\u1ebfn v\u00e0 c\u00f3 li\u00ean quan ch\u1eb7t ch\u1ebd \u0111\u1ebfn vi\u1ec7c gi\u1ea3m nguy c\u01a1 m\u1eafc nhi\u1ec1u b\u1ec7nh kh\u00e1c.<\/p>\n<p><strong>6. Qu\u1ea3 b\u01a1 gi\u00fap l\u00e0m gi\u1ea3m cholesterol v\u00e0 ch\u1ea5t b\u00e9o trung t\u00ednh<\/strong><\/p>\n<p>Nhi\u1ec1u nghi\u00ean c\u1ee9u \u0111\u00e3 ch\u1ec9 ra r\u1eb1ng \u0103n b\u01a1 c\u00f3 th\u1ec3 c\u1ea3i thi\u1ec7n c\u00e1c y\u1ebfu t\u1ed1 nguy c\u01a1 b\u1ec7nh tim nh\u01b0: Gi\u1ea3m l\u01b0\u1ee3ng cholesterol to\u00e0n ph\u1ea7n \u0111\u00e1ng k\u1ec3; Gi\u1ea3m ch\u1ea5t b\u00e9o trung t\u00ednh trong m\u00e1u l\u00ean \u0111\u1ebfn 20%; Gi\u1ea3m cholesterol LDL l\u00ean \u0111\u1ebfn 22%; T\u0103ng cholesterol HDL (t\u1ed1t) l\u00ean \u0111\u1ebfn 11%.<\/p>\n<p><img loading=\"lazy\" decoding=\"async\" class=\"size-full wp-image-29190 aligncenter\" src=\"https:\/\/havamall.com\/wp-content\/uploads\/2026\/03\/Untitled-7.jpg\" alt=\"\" width=\"1008\" height=\"672\" \/><\/p>\n<p><strong>7. B\u01a1 ch\u1ee9a nhi\u1ec1u ch\u1ea5t ch\u1ed1ng oxy h\u00f3a m\u1ea1nh m\u1ebd gi\u00fap b\u1ea3o v\u1ec7 m\u1eaft c\u1ee7a b\u1ea1n<\/strong><\/p>\n<p>B\u01a1 c\u00f3 nhi\u1ec1u ch\u1ea5t ch\u1ed1ng oxy h\u00f3a, bao g\u1ed3m lutein v\u00e0 zeaxanthin. Nh\u1eefng ch\u1ea5t dinh d\u01b0\u1ee1ng n\u00e0y r\u1ea5t quan tr\u1ecdng \u0111\u1ed1i v\u1edbi s\u1ee9c kh\u1ecfe c\u1ee7a m\u1eaft v\u00e0 gi\u1ea3m nguy c\u01a1 tho\u00e1i h\u00f3a \u0111i\u1ec3m v\u00e0ng v\u00e0 \u0111\u1ee5c th\u1ee7y tinh th\u1ec3. V\u00ec v\u1eady, \u0103n b\u01a1 s\u1ebd c\u00f3 l\u1ee3i cho s\u1ee9c kh\u1ecfe \u0111\u00f4i m\u1eaft c\u1ee7a b\u1ea1n v\u1ec1 l\u00e2u d\u00e0i.<\/p>\n<p><strong>8. Gi\u00fap ng\u0103n ng\u1eeba ung th\u01b0<\/strong><\/p>\n<p>B\u01a1 ch\u1ee9a c\u00e1c Vitamin A, D, E v\u00e0 K h\u00f2a tan trong ch\u1ea5t b\u00e9o, c\u00f9ng v\u1edbi c\u00e1c ch\u1ea5t ch\u1ed1ng oxy h\u00f3a nh\u01b0 carotenoid. V\u00ec v\u1eady, b\u01a1 kh\u00f4ng ch\u1ec9 c\u00f3 gi\u00e1 tr\u1ecb dinh d\u01b0\u1ee1ng cao m\u00e0 c\u00f2n c\u00f3 th\u1ec3 l\u00e0m t\u0103ng \u0111\u00e1ng k\u1ec3 gi\u00e1 tr\u1ecb dinh d\u01b0\u1ee1ng c\u1ee7a c\u00e1c lo\u1ea1i th\u1ef1c ph\u1ea9m th\u1ef1c v\u1eadt kh\u00e1c m\u00e0 b\u1ea1n \u0111ang \u0103n.<\/p>\n<p><strong>9. Gi\u1ea3m c\u00e1c tri\u1ec7u ch\u1ee9ng c\u1ee7a b\u1ec7nh vi\u00eam kh\u1edbp<\/strong><\/p>\n<p>Nhi\u1ec1u nghi\u00ean c\u1ee9u cho th\u1ea5y r\u1eb1ng chi\u1ebft xu\u1ea5t \u200b\u200bb\u01a1, d\u1ea7u, \u0111\u1eadu n\u00e0nh &#8211; \u0111\u01b0\u1ee3c g\u1ecdi l\u00e0 b\u01a1 v\u00e0 \u0111\u1eadu n\u00e0nh kh\u00f4ng x\u00e0 ph\u00f2ng h\u00f3a &#8211; c\u00f3 th\u1ec3 l\u00e0m gi\u1ea3m vi\u00eam x\u01b0\u01a1ng kh\u1edbp.<\/p>\n<p><strong>H\u01b0\u1edbng d\u1eabn b\u1ea3o qu\u1ea3n:<\/strong> B\u1ea3o qu\u1ea3n t\u1ee7 \u0111\u00f4ng d\u01b0\u1edbi 18 \u0111\u1ed9 C, ch\u1ec9 r\u00e3 \u0111\u00f4ng s\u1ed1 l\u01b0\u1ee3ng v\u1eeba \u0111\u1ee7, kh\u00f4ng r\u00e3 \u0111\u00f4ng h\u1ebft. L\u01b0u \u00fd s\u1ea3n ph\u1ea9m \u0111\u00e3 r\u00e3 \u0111\u00f4ng kh\u00f4ng b\u1ea3o qu\u1ea3n \u0111\u00f4ng l\u1ea1i.<\/p>","protected":false},"excerpt":{"rendered":"<p>Xu\u1ea5t x\u1ee9 Vi\u1ec7t Nam Th\u00e0nh ph\u1ea7n 100% B\u01a1 C\u1ea5p \u0110\u00f4ng H\u1ea1n s\u1eed d\u1ee5ng 36 th\u00e1ng k\u1ec3 t\u1eeb ng\u00e0y s\u1ea3n xu\u1ea5t.<\/p>","protected":false},"featured_media":29132,"comment_status":"open","ping_status":"closed","template":"","meta":[],"product_brand":[],"product_cat":[677,678,36],"product_tag":[],"class_list":{"0":"post-29130","1":"product","2":"type-product","3":"status-publish","4":"has-post-thumbnail","6":"product_cat-cac-nuoc-khac","7":"product_cat-trai-cay-dong-lanh","8":"product_cat-thuc-pham-tieu-dung","10":"first","11":"instock","12":"sale","13":"shipping-taxable","14":"purchasable","15":"product-type-variable"},"_links":{"self":[{"href":"https:\/\/havamall.vn\/en\/wp-json\/wp\/v2\/product\/29130"}],"collection":[{"href":"https:\/\/havamall.vn\/en\/wp-json\/wp\/v2\/product"}],"about":[{"href":"https:\/\/havamall.vn\/en\/wp-json\/wp\/v2\/types\/product"}],"replies":[{"embeddable":true,"href":"https:\/\/havamall.vn\/en\/wp-json\/wp\/v2\/comments?post=29130"}],"version-history":[{"count":0,"href":"https:\/\/havamall.vn\/en\/wp-json\/wp\/v2\/product\/29130\/revisions"}],"wp:featuredmedia":[{"embeddable":true,"href":"https:\/\/havamall.vn\/en\/wp-json\/wp\/v2\/media\/29132"}],"wp:attachment":[{"href":"https:\/\/havamall.vn\/en\/wp-json\/wp\/v2\/media?parent=29130"}],"wp:term":[{"taxonomy":"product_brand","embeddable":true,"href":"https:\/\/havamall.vn\/en\/wp-json\/wp\/v2\/product_brand?post=29130"},{"taxonomy":"product_cat","embeddable":true,"href":"https:\/\/havamall.vn\/en\/wp-json\/wp\/v2\/product_cat?post=29130"},{"taxonomy":"product_tag","embeddable":true,"href":"https:\/\/havamall.vn\/en\/wp-json\/wp\/v2\/product_tag?post=29130"}],"curies":[{"name":"wp","href":"https:\/\/api.w.org\/{rel}","templated":true}]}}